{"id":38075,"date":"2026-02-18T12:01:40","date_gmt":"2026-02-18T11:01:40","guid":{"rendered":"https:\/\/kentis.com\/negozio\/strelitzia-finta-alta-170-cm\/"},"modified":"2026-04-24T11:46:36","modified_gmt":"2026-04-24T09:46:36","slug":"strelitzia-finta-alta-170-cm","status":"publish","type":"product","link":"https:\/\/kentis.com\/fr\/boutique\/strelitzia-finta-alta-170-cm\/","title":{"rendered":"Faux Strelitzia de 170 cm de Haut"},"content":{"rendered":"<div class=\"fusion-fullwidth fullwidth-box fusion-builder-row-1 fusion-flex-container has-pattern-background has-mask-background nonhundred-percent-fullwidth non-hundred-percent-height-scrolling\" style=\"--awb-border-radius-top-left:0px;--awb-border-radius-top-right:0px;--awb-border-radius-bottom-right:0px;--awb-border-radius-bottom-left:0px;--awb-flex-wrap:wrap;\" ><div class=\"fusion-builder-row fusion-row fusion-flex-align-items-flex-start fusion-flex-content-wrap\" style=\"max-width:1248px;margin-left: calc(-4% \/ 2 );margin-right: calc(-4% \/ 2 );\"><div class=\"fusion-layout-column fusion_builder_column fusion-builder-column-0 fusion_builder_column_1_1 1_1 fusion-flex-column\" style=\"--awb-bg-size:cover;--awb-width-large:100%;--awb-margin-top-large:0px;--awb-spacing-right-large:1.92%;--awb-margin-bottom-large:20px;--awb-spacing-left-large:1.92%;--awb-width-medium:100%;--awb-order-medium:0;--awb-spacing-right-medium:1.92%;--awb-spacing-left-medium:1.92%;--awb-width-small:100%;--awb-order-small:0;--awb-spacing-right-small:1.92%;--awb-spacing-left-small:1.92%;\"><div class=\"fusion-column-wrapper fusion-column-has-shadow fusion-flex-justify-content-flex-start fusion-content-layout-column\"><div class=\"fusion-text fusion-text-1\"><p>La Strelitzia artificielle est id\u00e9ale pour ceux qui souhaitent profiter de la beaut\u00e9 de cette plante exotique sans se soucier de son entretien. Son allure embl\u00e9matique et son design r\u00e9aliste apportent une touche naturelle \u00e0 l&#8217;espace, sans n\u00e9cessiter d&#8217;arrosage, de taille ni de pr\u00e9cautions concernant la lumi\u00e8re du soleil.<\/p>\n<\/div><\/div><\/div><\/div><\/div>\n","protected":false},"excerpt":{"rendered":"","protected":false},"featured_media":37021,"template":"","meta":{"_acf_changed":false},"product_cat":[1365],"product_tag":[],"class_list":{"0":"post-38075","1":"product","2":"type-product","3":"status-publish","4":"has-post-thumbnail","6":"product_cat-piante-artificiali-fr","7":"product_shipping_class-evergreen-fr","9":"first","10":"instock","11":"taxable","12":"shipping-taxable","13":"purchasable","14":"product-type-simple"},"acf":[],"yoast_head":"<!-- This site is optimized with the Yoast SEO plugin v23.4 - https:\/\/yoast.com\/wordpress\/plugins\/seo\/ -->\n<title>KENTIS - Strelitzia Finta Alta 170 cm<\/title>\n<meta name=\"description\" content=\"La Strelitzia artificiale \u00e8 l&#039;ideale per chi vuole godere della bellezza di questa pianta esotica senza doversi preoccupare della sua manutenzione.\" \/>\n<meta name=\"robots\" content=\"index, follow, max-snippet:-1, max-image-preview:large, max-video-preview:-1\" \/>\n<link rel=\"canonical\" href=\"https:\/\/kentis.com\/fr\/boutique\/strelitzia-finta-alta-170-cm\/\" \/>\n<meta property=\"og:locale\" content=\"fr_FR\" \/>\n<meta property=\"og:type\" content=\"article\" \/>\n<meta property=\"og:title\" content=\"KENTIS - Strelitzia Finta Alta 170 cm\" \/>\n<meta property=\"og:description\" content=\"La Strelitzia artificiale \u00e8 l&#039;ideale per chi vuole godere della bellezza di questa pianta esotica senza doversi preoccupare della sua manutenzione.\" \/>\n<meta property=\"og:url\" content=\"https:\/\/kentis.com\/fr\/boutique\/strelitzia-finta-alta-170-cm\/\" \/>\n<meta property=\"og:site_name\" content=\"Kentis\" \/>\n<meta property=\"article:publisher\" content=\"https:\/\/www.facebook.com\/kentisgarden\" \/>\n<meta property=\"article:modified_time\" content=\"2026-04-24T09:46:36+00:00\" \/>\n<meta property=\"og:image\" content=\"https:\/\/kentis.com\/wp-content\/uploads\/2026\/02\/IMG_6713-scaled.jpg\" \/>\n\t<meta property=\"og:image:width\" content=\"2560\" \/>\n\t<meta property=\"og:image:height\" content=\"2560\" \/>\n\t<meta property=\"og:image:type\" content=\"image\/jpeg\" \/>\n<meta name=\"twitter:card\" content=\"summary_large_image\" \/>\n<meta name=\"twitter:label1\" content=\"Dur\u00e9e de lecture estim\u00e9e\" \/>\n\t<meta name=\"twitter:data1\" content=\"1 minute\" \/>\n<script type=\"application\/ld+json\" class=\"yoast-schema-graph\">{\"@context\":\"https:\/\/schema.org\",\"@graph\":[{\"@type\":\"WebPage\",\"@id\":\"https:\/\/kentis.com\/fr\/boutique\/strelitzia-finta-alta-170-cm\/\",\"url\":\"https:\/\/kentis.com\/fr\/boutique\/strelitzia-finta-alta-170-cm\/\",\"name\":\"KENTIS - Strelitzia Finta Alta 170 cm\",\"isPartOf\":{\"@id\":\"https:\/\/kentis.com\/fr\/#website\"},\"primaryImageOfPage\":{\"@id\":\"https:\/\/kentis.com\/fr\/boutique\/strelitzia-finta-alta-170-cm\/#primaryimage\"},\"image\":{\"@id\":\"https:\/\/kentis.com\/fr\/boutique\/strelitzia-finta-alta-170-cm\/#primaryimage\"},\"thumbnailUrl\":\"https:\/\/kentis.com\/wp-content\/uploads\/2026\/02\/IMG_6713-scaled.jpg\",\"datePublished\":\"2026-02-18T11:01:40+00:00\",\"dateModified\":\"2026-04-24T09:46:36+00:00\",\"description\":\"La Strelitzia artificiale \u00e8 l'ideale per chi vuole godere della bellezza di questa pianta esotica senza doversi preoccupare della sua manutenzione.\",\"breadcrumb\":{\"@id\":\"https:\/\/kentis.com\/fr\/boutique\/strelitzia-finta-alta-170-cm\/#breadcrumb\"},\"inLanguage\":\"fr-FR\",\"potentialAction\":[{\"@type\":\"ReadAction\",\"target\":[\"https:\/\/kentis.com\/fr\/boutique\/strelitzia-finta-alta-170-cm\/\"]}]},{\"@type\":\"ImageObject\",\"inLanguage\":\"fr-FR\",\"@id\":\"https:\/\/kentis.com\/fr\/boutique\/strelitzia-finta-alta-170-cm\/#primaryimage\",\"url\":\"https:\/\/kentis.com\/wp-content\/uploads\/2026\/02\/IMG_6713-scaled.jpg\",\"contentUrl\":\"https:\/\/kentis.com\/wp-content\/uploads\/2026\/02\/IMG_6713-scaled.jpg\",\"width\":2560,\"height\":2560},{\"@type\":\"BreadcrumbList\",\"@id\":\"https:\/\/kentis.com\/fr\/boutique\/strelitzia-finta-alta-170-cm\/#breadcrumb\",\"itemListElement\":[{\"@type\":\"ListItem\",\"position\":1,\"name\":\"Home\",\"item\":\"https:\/\/kentis.com\/fr\/\"},{\"@type\":\"ListItem\",\"position\":2,\"name\":\"Boutique\",\"item\":\"https:\/\/kentis.com\/fr\/boutique\/\"},{\"@type\":\"ListItem\",\"position\":3,\"name\":\"Accessoires\",\"item\":\"https:\/\/kentis.com\/fr\/categorie-produit\/accessoires\/\"},{\"@type\":\"ListItem\",\"position\":4,\"name\":\"Piante Artificiali\",\"item\":\"https:\/\/kentis.com\/fr\/categorie-produit\/piante-artificiali-fr\/\"},{\"@type\":\"ListItem\",\"position\":5,\"name\":\"Faux Strelitzia de 170 cm de Haut\"}]},{\"@type\":\"WebSite\",\"@id\":\"https:\/\/kentis.com\/fr\/#website\",\"url\":\"https:\/\/kentis.com\/fr\/\",\"name\":\"Kentis\",\"description\":\"Atelier del verde\",\"publisher\":{\"@id\":\"https:\/\/kentis.com\/fr\/#organization\"},\"potentialAction\":[{\"@type\":\"SearchAction\",\"target\":{\"@type\":\"EntryPoint\",\"urlTemplate\":\"https:\/\/kentis.com\/fr\/?s={search_term_string}\"},\"query-input\":{\"@type\":\"PropertyValueSpecification\",\"valueRequired\":true,\"valueName\":\"search_term_string\"}}],\"inLanguage\":\"fr-FR\"},{\"@type\":\"Organization\",\"@id\":\"https:\/\/kentis.com\/fr\/#organization\",\"name\":\"Kentis\",\"url\":\"https:\/\/kentis.com\/fr\/\",\"logo\":{\"@type\":\"ImageObject\",\"inLanguage\":\"fr-FR\",\"@id\":\"https:\/\/kentis.com\/fr\/#\/schema\/logo\/image\/\",\"url\":\"https:\/\/kentis.com\/wp-content\/uploads\/2021\/08\/logo-main.png\",\"contentUrl\":\"https:\/\/kentis.com\/wp-content\/uploads\/2021\/08\/logo-main.png\",\"width\":800,\"height\":204,\"caption\":\"Kentis\"},\"image\":{\"@id\":\"https:\/\/kentis.com\/fr\/#\/schema\/logo\/image\/\"},\"sameAs\":[\"https:\/\/www.facebook.com\/kentisgarden\",\"https:\/\/www.instagram.com\/kentisgarden\/\",\"https:\/\/it.pinterest.com\/kentisgarden\",\"https:\/\/www.tiktok.com\/@kentis.com\"]}]}<\/script>\n<!-- \/ Yoast SEO plugin. -->","yoast_head_json":{"title":"KENTIS - Strelitzia Finta Alta 170 cm","description":"La Strelitzia artificiale \u00e8 l'ideale per chi vuole godere della bellezza di questa pianta esotica senza doversi preoccupare della sua manutenzione.","robots":{"index":"index","follow":"follow","max-snippet":"max-snippet:-1","max-image-preview":"max-image-preview:large","max-video-preview":"max-video-preview:-1"},"canonical":"https:\/\/kentis.com\/fr\/boutique\/strelitzia-finta-alta-170-cm\/","og_locale":"fr_FR","og_type":"article","og_title":"KENTIS - Strelitzia Finta Alta 170 cm","og_description":"La Strelitzia artificiale \u00e8 l'ideale per chi vuole godere della bellezza di questa pianta esotica senza doversi preoccupare della sua manutenzione.","og_url":"https:\/\/kentis.com\/fr\/boutique\/strelitzia-finta-alta-170-cm\/","og_site_name":"Kentis","article_publisher":"https:\/\/www.facebook.com\/kentisgarden","article_modified_time":"2026-04-24T09:46:36+00:00","og_image":[{"width":2560,"height":2560,"url":"https:\/\/kentis.com\/wp-content\/uploads\/2026\/02\/IMG_6713-scaled.jpg","type":"image\/jpeg"}],"twitter_card":"summary_large_image","twitter_misc":{"Dur\u00e9e de lecture estim\u00e9e":"1 minute"},"schema":{"@context":"https:\/\/schema.org","@graph":[{"@type":"WebPage","@id":"https:\/\/kentis.com\/fr\/boutique\/strelitzia-finta-alta-170-cm\/","url":"https:\/\/kentis.com\/fr\/boutique\/strelitzia-finta-alta-170-cm\/","name":"KENTIS - Strelitzia Finta Alta 170 cm","isPartOf":{"@id":"https:\/\/kentis.com\/fr\/#website"},"primaryImageOfPage":{"@id":"https:\/\/kentis.com\/fr\/boutique\/strelitzia-finta-alta-170-cm\/#primaryimage"},"image":{"@id":"https:\/\/kentis.com\/fr\/boutique\/strelitzia-finta-alta-170-cm\/#primaryimage"},"thumbnailUrl":"https:\/\/kentis.com\/wp-content\/uploads\/2026\/02\/IMG_6713-scaled.jpg","datePublished":"2026-02-18T11:01:40+00:00","dateModified":"2026-04-24T09:46:36+00:00","description":"La Strelitzia artificiale \u00e8 l'ideale per chi vuole godere della bellezza di questa pianta esotica senza doversi preoccupare della sua manutenzione.","breadcrumb":{"@id":"https:\/\/kentis.com\/fr\/boutique\/strelitzia-finta-alta-170-cm\/#breadcrumb"},"inLanguage":"fr-FR","potentialAction":[{"@type":"ReadAction","target":["https:\/\/kentis.com\/fr\/boutique\/strelitzia-finta-alta-170-cm\/"]}]},{"@type":"ImageObject","inLanguage":"fr-FR","@id":"https:\/\/kentis.com\/fr\/boutique\/strelitzia-finta-alta-170-cm\/#primaryimage","url":"https:\/\/kentis.com\/wp-content\/uploads\/2026\/02\/IMG_6713-scaled.jpg","contentUrl":"https:\/\/kentis.com\/wp-content\/uploads\/2026\/02\/IMG_6713-scaled.jpg","width":2560,"height":2560},{"@type":"BreadcrumbList","@id":"https:\/\/kentis.com\/fr\/boutique\/strelitzia-finta-alta-170-cm\/#breadcrumb","itemListElement":[{"@type":"ListItem","position":1,"name":"Home","item":"https:\/\/kentis.com\/fr\/"},{"@type":"ListItem","position":2,"name":"Boutique","item":"https:\/\/kentis.com\/fr\/boutique\/"},{"@type":"ListItem","position":3,"name":"Accessoires","item":"https:\/\/kentis.com\/fr\/categorie-produit\/accessoires\/"},{"@type":"ListItem","position":4,"name":"Piante Artificiali","item":"https:\/\/kentis.com\/fr\/categorie-produit\/piante-artificiali-fr\/"},{"@type":"ListItem","position":5,"name":"Faux Strelitzia de 170 cm de Haut"}]},{"@type":"WebSite","@id":"https:\/\/kentis.com\/fr\/#website","url":"https:\/\/kentis.com\/fr\/","name":"Kentis","description":"Atelier del verde","publisher":{"@id":"https:\/\/kentis.com\/fr\/#organization"},"potentialAction":[{"@type":"SearchAction","target":{"@type":"EntryPoint","urlTemplate":"https:\/\/kentis.com\/fr\/?s={search_term_string}"},"query-input":{"@type":"PropertyValueSpecification","valueRequired":true,"valueName":"search_term_string"}}],"inLanguage":"fr-FR"},{"@type":"Organization","@id":"https:\/\/kentis.com\/fr\/#organization","name":"Kentis","url":"https:\/\/kentis.com\/fr\/","logo":{"@type":"ImageObject","inLanguage":"fr-FR","@id":"https:\/\/kentis.com\/fr\/#\/schema\/logo\/image\/","url":"https:\/\/kentis.com\/wp-content\/uploads\/2021\/08\/logo-main.png","contentUrl":"https:\/\/kentis.com\/wp-content\/uploads\/2021\/08\/logo-main.png","width":800,"height":204,"caption":"Kentis"},"image":{"@id":"https:\/\/kentis.com\/fr\/#\/schema\/logo\/image\/"},"sameAs":["https:\/\/www.facebook.com\/kentisgarden","https:\/\/www.instagram.com\/kentisgarden\/","https:\/\/it.pinterest.com\/kentisgarden","https:\/\/www.tiktok.com\/@kentis.com"]}]}},"_links":{"self":[{"href":"https:\/\/kentis.com\/fr\/wp-json\/wp\/v2\/product\/38075","targetHints":{"allow":["GET"]}}],"collection":[{"href":"https:\/\/kentis.com\/fr\/wp-json\/wp\/v2\/product"}],"about":[{"href":"https:\/\/kentis.com\/fr\/wp-json\/wp\/v2\/types\/product"}],"wp:featuredmedia":[{"embeddable":true,"href":"https:\/\/kentis.com\/fr\/wp-json\/wp\/v2\/media\/37021"}],"wp:attachment":[{"href":"https:\/\/kentis.com\/fr\/wp-json\/wp\/v2\/media?parent=38075"}],"wp:term":[{"taxonomy":"product_cat","embeddable":true,"href":"https:\/\/kentis.com\/fr\/wp-json\/wp\/v2\/product_cat?post=38075"},{"taxonomy":"product_tag","embeddable":true,"href":"https:\/\/kentis.com\/fr\/wp-json\/wp\/v2\/product_tag?post=38075"}],"curies":[{"name":"wp","href":"https:\/\/api.w.org\/{rel}","templated":true}]}}