{"id":38030,"date":"2026-02-19T12:52:14","date_gmt":"2026-02-19T11:52:14","guid":{"rendered":"https:\/\/kentis.com\/negozio\/leucospermum-cordifolium-pincushion-protea-pianta-di-puntaspilli\/"},"modified":"2026-04-24T15:32:17","modified_gmt":"2026-04-24T13:32:17","slug":"leucospermum-cordifolium-pincushion-protea-pianta-di-puntaspilli","status":"publish","type":"product","link":"https:\/\/kentis.com\/fr\/boutique\/leucospermum-cordifolium-pincushion-protea-pianta-di-puntaspilli\/","title":{"rendered":"Leucospermum Carneval Coast &#8211; Pincushion Protea &#8211; Pianta di Puntaspilli"},"content":{"rendered":"<div class=\"fusion-fullwidth fullwidth-box fusion-builder-row-1 fusion-flex-container nonhundred-percent-fullwidth non-hundred-percent-height-scrolling\" style=\"--awb-border-radius-top-left:0px;--awb-border-radius-top-right:0px;--awb-border-radius-bottom-right:0px;--awb-border-radius-bottom-left:0px;--awb-flex-wrap:wrap;\" ><div class=\"fusion-builder-row fusion-row fusion-flex-align-items-flex-start fusion-flex-content-wrap\" style=\"max-width:1248px;margin-left: calc(-4% \/ 2 );margin-right: calc(-4% \/ 2 );\"><div class=\"fusion-layout-column fusion_builder_column fusion-builder-column-0 fusion_builder_column_1_1 1_1 fusion-flex-column\" style=\"--awb-bg-size:cover;--awb-width-large:100%;--awb-margin-top-large:0px;--awb-spacing-right-large:1.92%;--awb-margin-bottom-large:0px;--awb-spacing-left-large:1.92%;--awb-width-medium:100%;--awb-spacing-right-medium:1.92%;--awb-spacing-left-medium:1.92%;--awb-width-small:100%;--awb-spacing-right-small:1.92%;--awb-spacing-left-small:1.92%;\"><div class=\"fusion-column-wrapper fusion-flex-justify-content-flex-start fusion-content-layout-column\"><div class=\"fusion-text fusion-text-1\"><p>Leucospermum cordifolium est un arbuste \u00e0 feuillage persistant originaire d&#8217;Afrique du Sud, dont la g\u00e9om\u00e9trie presque extraterrestre fascine. Sa caract\u00e9ristique la plus distinctive est son inflorescence globuleuse compos\u00e9e de centaines de styles longs et rigides qui \u00e9mergent du centre comme des \u00e9pingles color\u00e9es, dans des teintes vibrantes allant du jaune dor\u00e9 \u00e0 l&#8217;orange flamboyant. Ses fleurs coup\u00e9es, d&#8217;une grande long\u00e9vit\u00e9, sont utilis\u00e9es dans les compositions florales.<\/p>\n<\/div><\/div><\/div><\/div><\/div>\n","protected":false},"excerpt":{"rendered":"","protected":false},"featured_media":38134,"template":"","meta":{"_acf_changed":false},"product_cat":[1261,522],"product_tag":[450],"class_list":{"0":"post-38030","1":"product","2":"type-product","3":"status-publish","4":"has-post-thumbnail","6":"product_cat-piante-da-fiore-fr","7":"product_cat-plantes-d-exterieur","8":"product_tag-nouveaute","9":"product_shipping_class-flora-fr","10":"pa_ambienti-jardin","12":"first","13":"instock","14":"taxable","15":"shipping-taxable","16":"purchasable","17":"product-type-variable"},"acf":[],"yoast_head":"<!-- This site is optimized with the Yoast SEO plugin v23.4 - https:\/\/yoast.com\/wordpress\/plugins\/seo\/ -->\n<title>KENTIS - Leucospermum Carneval Coast - Pianta da Esterno<\/title>\n<meta name=\"description\" content=\"Il Leucospermum Carnival Coast \u00e8 una pianta originaria del Sudafrica. Il suo fiore sembra un cuscinetto di spilli di color arancio scuro con punte gialle.\" \/>\n<meta name=\"robots\" content=\"index, follow, max-snippet:-1, max-image-preview:large, max-video-preview:-1\" \/>\n<link rel=\"canonical\" href=\"https:\/\/kentis.com\/fr\/boutique\/leucospermum-cordifolium-pincushion-protea-pianta-di-puntaspilli\/\" \/>\n<meta property=\"og:locale\" content=\"fr_FR\" \/>\n<meta property=\"og:type\" content=\"article\" \/>\n<meta property=\"og:title\" content=\"KENTIS - Leucospermum Carneval Coast - Pianta da Esterno\" \/>\n<meta property=\"og:description\" content=\"Il Leucospermum Carnival Coast \u00e8 una pianta originaria del Sudafrica. Il suo fiore sembra un cuscinetto di spilli di color arancio scuro con punte gialle.\" \/>\n<meta property=\"og:url\" content=\"https:\/\/kentis.com\/fr\/boutique\/leucospermum-cordifolium-pincushion-protea-pianta-di-puntaspilli\/\" \/>\n<meta property=\"og:site_name\" content=\"Kentis\" \/>\n<meta property=\"article:publisher\" content=\"https:\/\/www.facebook.com\/kentisgarden\" \/>\n<meta property=\"article:modified_time\" content=\"2026-04-24T13:32:17+00:00\" \/>\n<meta property=\"og:image\" content=\"https:\/\/kentis.com\/wp-content\/uploads\/2026\/02\/LEUCOSPERMUM-CARNAVAL-COAST-0004-2.jpg\" \/>\n\t<meta property=\"og:image:width\" content=\"1500\" \/>\n\t<meta property=\"og:image:height\" content=\"1500\" \/>\n\t<meta property=\"og:image:type\" content=\"image\/jpeg\" \/>\n<meta name=\"twitter:card\" content=\"summary_large_image\" \/>\n<meta name=\"twitter:label1\" content=\"Dur\u00e9e de lecture estim\u00e9e\" \/>\n\t<meta name=\"twitter:data1\" content=\"1 minute\" \/>\n<script type=\"application\/ld+json\" class=\"yoast-schema-graph\">{\"@context\":\"https:\/\/schema.org\",\"@graph\":[{\"@type\":\"WebPage\",\"@id\":\"https:\/\/kentis.com\/fr\/boutique\/leucospermum-cordifolium-pincushion-protea-pianta-di-puntaspilli\/\",\"url\":\"https:\/\/kentis.com\/fr\/boutique\/leucospermum-cordifolium-pincushion-protea-pianta-di-puntaspilli\/\",\"name\":\"KENTIS - Leucospermum Carneval Coast - Pianta da Esterno\",\"isPartOf\":{\"@id\":\"https:\/\/kentis.com\/fr\/#website\"},\"primaryImageOfPage\":{\"@id\":\"https:\/\/kentis.com\/fr\/boutique\/leucospermum-cordifolium-pincushion-protea-pianta-di-puntaspilli\/#primaryimage\"},\"image\":{\"@id\":\"https:\/\/kentis.com\/fr\/boutique\/leucospermum-cordifolium-pincushion-protea-pianta-di-puntaspilli\/#primaryimage\"},\"thumbnailUrl\":\"https:\/\/kentis.com\/wp-content\/uploads\/2026\/02\/Leucospermum-Succession-0002.jpg\",\"datePublished\":\"2026-02-19T11:52:14+00:00\",\"dateModified\":\"2026-04-24T13:32:17+00:00\",\"description\":\"Il Leucospermum Carnival Coast \u00e8 una pianta originaria del Sudafrica. Il suo fiore sembra un cuscinetto di spilli di color arancio scuro con punte gialle.\",\"breadcrumb\":{\"@id\":\"https:\/\/kentis.com\/fr\/boutique\/leucospermum-cordifolium-pincushion-protea-pianta-di-puntaspilli\/#breadcrumb\"},\"inLanguage\":\"fr-FR\",\"potentialAction\":[{\"@type\":\"ReadAction\",\"target\":[\"https:\/\/kentis.com\/fr\/boutique\/leucospermum-cordifolium-pincushion-protea-pianta-di-puntaspilli\/\"]}]},{\"@type\":\"ImageObject\",\"inLanguage\":\"fr-FR\",\"@id\":\"https:\/\/kentis.com\/fr\/boutique\/leucospermum-cordifolium-pincushion-protea-pianta-di-puntaspilli\/#primaryimage\",\"url\":\"https:\/\/kentis.com\/wp-content\/uploads\/2026\/02\/Leucospermum-Succession-0002.jpg\",\"contentUrl\":\"https:\/\/kentis.com\/wp-content\/uploads\/2026\/02\/Leucospermum-Succession-0002.jpg\",\"width\":2108,\"height\":2108},{\"@type\":\"BreadcrumbList\",\"@id\":\"https:\/\/kentis.com\/fr\/boutique\/leucospermum-cordifolium-pincushion-protea-pianta-di-puntaspilli\/#breadcrumb\",\"itemListElement\":[{\"@type\":\"ListItem\",\"position\":1,\"name\":\"Home\",\"item\":\"https:\/\/kentis.com\/fr\/\"},{\"@type\":\"ListItem\",\"position\":2,\"name\":\"Boutique\",\"item\":\"https:\/\/kentis.com\/fr\/boutique\/\"},{\"@type\":\"ListItem\",\"position\":3,\"name\":\"Plantes\",\"item\":\"https:\/\/kentis.com\/fr\/categorie-produit\/plantes\/\"},{\"@type\":\"ListItem\",\"position\":4,\"name\":\"Plantes d'ext\u00e9rieur\",\"item\":\"https:\/\/kentis.com\/fr\/categorie-produit\/plantes\/plantes-d-exterieur\/\"},{\"@type\":\"ListItem\",\"position\":5,\"name\":\"Leucospermum Carneval Coast &#8211; Pincushion Protea &#8211; Pianta di Puntaspilli\"}]},{\"@type\":\"WebSite\",\"@id\":\"https:\/\/kentis.com\/fr\/#website\",\"url\":\"https:\/\/kentis.com\/fr\/\",\"name\":\"Kentis\",\"description\":\"Atelier del verde\",\"publisher\":{\"@id\":\"https:\/\/kentis.com\/fr\/#organization\"},\"potentialAction\":[{\"@type\":\"SearchAction\",\"target\":{\"@type\":\"EntryPoint\",\"urlTemplate\":\"https:\/\/kentis.com\/fr\/?s={search_term_string}\"},\"query-input\":{\"@type\":\"PropertyValueSpecification\",\"valueRequired\":true,\"valueName\":\"search_term_string\"}}],\"inLanguage\":\"fr-FR\"},{\"@type\":\"Organization\",\"@id\":\"https:\/\/kentis.com\/fr\/#organization\",\"name\":\"Kentis\",\"url\":\"https:\/\/kentis.com\/fr\/\",\"logo\":{\"@type\":\"ImageObject\",\"inLanguage\":\"fr-FR\",\"@id\":\"https:\/\/kentis.com\/fr\/#\/schema\/logo\/image\/\",\"url\":\"https:\/\/kentis.com\/wp-content\/uploads\/2021\/08\/logo-main.png\",\"contentUrl\":\"https:\/\/kentis.com\/wp-content\/uploads\/2021\/08\/logo-main.png\",\"width\":800,\"height\":204,\"caption\":\"Kentis\"},\"image\":{\"@id\":\"https:\/\/kentis.com\/fr\/#\/schema\/logo\/image\/\"},\"sameAs\":[\"https:\/\/www.facebook.com\/kentisgarden\",\"https:\/\/www.instagram.com\/kentisgarden\/\",\"https:\/\/it.pinterest.com\/kentisgarden\",\"https:\/\/www.tiktok.com\/@kentis.com\"]}]}<\/script>\n<!-- \/ Yoast SEO plugin. -->","yoast_head_json":{"title":"KENTIS - Leucospermum Carneval Coast - Pianta da Esterno","description":"Il Leucospermum Carnival Coast \u00e8 una pianta originaria del Sudafrica. Il suo fiore sembra un cuscinetto di spilli di color arancio scuro con punte gialle.","robots":{"index":"index","follow":"follow","max-snippet":"max-snippet:-1","max-image-preview":"max-image-preview:large","max-video-preview":"max-video-preview:-1"},"canonical":"https:\/\/kentis.com\/fr\/boutique\/leucospermum-cordifolium-pincushion-protea-pianta-di-puntaspilli\/","og_locale":"fr_FR","og_type":"article","og_title":"KENTIS - Leucospermum Carneval Coast - Pianta da Esterno","og_description":"Il Leucospermum Carnival Coast \u00e8 una pianta originaria del Sudafrica. Il suo fiore sembra un cuscinetto di spilli di color arancio scuro con punte gialle.","og_url":"https:\/\/kentis.com\/fr\/boutique\/leucospermum-cordifolium-pincushion-protea-pianta-di-puntaspilli\/","og_site_name":"Kentis","article_publisher":"https:\/\/www.facebook.com\/kentisgarden","article_modified_time":"2026-04-24T13:32:17+00:00","og_image":[{"width":1500,"height":1500,"url":"https:\/\/kentis.com\/wp-content\/uploads\/2026\/02\/LEUCOSPERMUM-CARNAVAL-COAST-0004-2.jpg","type":"image\/jpeg"}],"twitter_card":"summary_large_image","twitter_misc":{"Dur\u00e9e de lecture estim\u00e9e":"1 minute"},"schema":{"@context":"https:\/\/schema.org","@graph":[{"@type":"WebPage","@id":"https:\/\/kentis.com\/fr\/boutique\/leucospermum-cordifolium-pincushion-protea-pianta-di-puntaspilli\/","url":"https:\/\/kentis.com\/fr\/boutique\/leucospermum-cordifolium-pincushion-protea-pianta-di-puntaspilli\/","name":"KENTIS - Leucospermum Carneval Coast - Pianta da Esterno","isPartOf":{"@id":"https:\/\/kentis.com\/fr\/#website"},"primaryImageOfPage":{"@id":"https:\/\/kentis.com\/fr\/boutique\/leucospermum-cordifolium-pincushion-protea-pianta-di-puntaspilli\/#primaryimage"},"image":{"@id":"https:\/\/kentis.com\/fr\/boutique\/leucospermum-cordifolium-pincushion-protea-pianta-di-puntaspilli\/#primaryimage"},"thumbnailUrl":"https:\/\/kentis.com\/wp-content\/uploads\/2026\/02\/Leucospermum-Succession-0002.jpg","datePublished":"2026-02-19T11:52:14+00:00","dateModified":"2026-04-24T13:32:17+00:00","description":"Il Leucospermum Carnival Coast \u00e8 una pianta originaria del Sudafrica. Il suo fiore sembra un cuscinetto di spilli di color arancio scuro con punte gialle.","breadcrumb":{"@id":"https:\/\/kentis.com\/fr\/boutique\/leucospermum-cordifolium-pincushion-protea-pianta-di-puntaspilli\/#breadcrumb"},"inLanguage":"fr-FR","potentialAction":[{"@type":"ReadAction","target":["https:\/\/kentis.com\/fr\/boutique\/leucospermum-cordifolium-pincushion-protea-pianta-di-puntaspilli\/"]}]},{"@type":"ImageObject","inLanguage":"fr-FR","@id":"https:\/\/kentis.com\/fr\/boutique\/leucospermum-cordifolium-pincushion-protea-pianta-di-puntaspilli\/#primaryimage","url":"https:\/\/kentis.com\/wp-content\/uploads\/2026\/02\/Leucospermum-Succession-0002.jpg","contentUrl":"https:\/\/kentis.com\/wp-content\/uploads\/2026\/02\/Leucospermum-Succession-0002.jpg","width":2108,"height":2108},{"@type":"BreadcrumbList","@id":"https:\/\/kentis.com\/fr\/boutique\/leucospermum-cordifolium-pincushion-protea-pianta-di-puntaspilli\/#breadcrumb","itemListElement":[{"@type":"ListItem","position":1,"name":"Home","item":"https:\/\/kentis.com\/fr\/"},{"@type":"ListItem","position":2,"name":"Boutique","item":"https:\/\/kentis.com\/fr\/boutique\/"},{"@type":"ListItem","position":3,"name":"Plantes","item":"https:\/\/kentis.com\/fr\/categorie-produit\/plantes\/"},{"@type":"ListItem","position":4,"name":"Plantes d'ext\u00e9rieur","item":"https:\/\/kentis.com\/fr\/categorie-produit\/plantes\/plantes-d-exterieur\/"},{"@type":"ListItem","position":5,"name":"Leucospermum Carneval Coast &#8211; Pincushion Protea &#8211; Pianta di Puntaspilli"}]},{"@type":"WebSite","@id":"https:\/\/kentis.com\/fr\/#website","url":"https:\/\/kentis.com\/fr\/","name":"Kentis","description":"Atelier del verde","publisher":{"@id":"https:\/\/kentis.com\/fr\/#organization"},"potentialAction":[{"@type":"SearchAction","target":{"@type":"EntryPoint","urlTemplate":"https:\/\/kentis.com\/fr\/?s={search_term_string}"},"query-input":{"@type":"PropertyValueSpecification","valueRequired":true,"valueName":"search_term_string"}}],"inLanguage":"fr-FR"},{"@type":"Organization","@id":"https:\/\/kentis.com\/fr\/#organization","name":"Kentis","url":"https:\/\/kentis.com\/fr\/","logo":{"@type":"ImageObject","inLanguage":"fr-FR","@id":"https:\/\/kentis.com\/fr\/#\/schema\/logo\/image\/","url":"https:\/\/kentis.com\/wp-content\/uploads\/2021\/08\/logo-main.png","contentUrl":"https:\/\/kentis.com\/wp-content\/uploads\/2021\/08\/logo-main.png","width":800,"height":204,"caption":"Kentis"},"image":{"@id":"https:\/\/kentis.com\/fr\/#\/schema\/logo\/image\/"},"sameAs":["https:\/\/www.facebook.com\/kentisgarden","https:\/\/www.instagram.com\/kentisgarden\/","https:\/\/it.pinterest.com\/kentisgarden","https:\/\/www.tiktok.com\/@kentis.com"]}]}},"_links":{"self":[{"href":"https:\/\/kentis.com\/fr\/wp-json\/wp\/v2\/product\/38030","targetHints":{"allow":["GET"]}}],"collection":[{"href":"https:\/\/kentis.com\/fr\/wp-json\/wp\/v2\/product"}],"about":[{"href":"https:\/\/kentis.com\/fr\/wp-json\/wp\/v2\/types\/product"}],"wp:featuredmedia":[{"embeddable":true,"href":"https:\/\/kentis.com\/fr\/wp-json\/wp\/v2\/media\/38134"}],"wp:attachment":[{"href":"https:\/\/kentis.com\/fr\/wp-json\/wp\/v2\/media?parent=38030"}],"wp:term":[{"taxonomy":"product_cat","embeddable":true,"href":"https:\/\/kentis.com\/fr\/wp-json\/wp\/v2\/product_cat?post=38030"},{"taxonomy":"product_tag","embeddable":true,"href":"https:\/\/kentis.com\/fr\/wp-json\/wp\/v2\/product_tag?post=38030"}],"curies":[{"name":"wp","href":"https:\/\/api.w.org\/{rel}","templated":true}]}}