{"id":36632,"date":"2025-12-22T12:35:49","date_gmt":"2025-12-22T11:35:49","guid":{"rendered":"https:\/\/kentis.com\/negozio\/junperus-x-media-mint-julep\/"},"modified":"2025-12-22T12:49:20","modified_gmt":"2025-12-22T11:49:20","slug":"junperus-x-media-mint-julep","status":"publish","type":"product","link":"https:\/\/kentis.com\/fr\/boutique\/junperus-x-media-mint-julep\/","title":{"rendered":"Junperus x Media Mint Julep &#8211; Gen\u00e9vrier"},"content":{"rendered":"<div class=\"fusion-fullwidth fullwidth-box fusion-builder-row-1 fusion-flex-container has-pattern-background has-mask-background nonhundred-percent-fullwidth non-hundred-percent-height-scrolling\" style=\"--awb-border-radius-top-left:0px;--awb-border-radius-top-right:0px;--awb-border-radius-bottom-right:0px;--awb-border-radius-bottom-left:0px;--awb-padding-top:0px;--awb-padding-right:0px;--awb-padding-bottom:0px;--awb-padding-left:0px;--awb-flex-wrap:wrap;\" ><div class=\"fusion-builder-row fusion-row fusion-flex-align-items-flex-start fusion-flex-content-wrap\" style=\"max-width:1248px;margin-left: calc(-4% \/ 2 );margin-right: calc(-4% \/ 2 );\"><div class=\"fusion-layout-column fusion_builder_column fusion-builder-column-0 fusion_builder_column_1_1 1_1 fusion-flex-column\" style=\"--awb-bg-size:cover;--awb-width-large:100%;--awb-margin-top-large:0px;--awb-spacing-right-large:1.92%;--awb-margin-bottom-large:0px;--awb-spacing-left-large:1.92%;--awb-width-medium:100%;--awb-spacing-right-medium:1.92%;--awb-spacing-left-medium:1.92%;--awb-width-small:100%;--awb-spacing-right-small:1.92%;--awb-spacing-left-small:1.92%;\"><div class=\"fusion-column-wrapper fusion-flex-justify-content-flex-start fusion-content-layout-column\"><div class=\"fusion-text fusion-text-1\"><p>Le <strong>Juniperus \u00d7 media &#8220;Mint Julep&#8221; \u00bb<\/strong> est une <strong>conif\u00e8re persistante<\/strong> appartenant \u00e0 la famille des <strong>Cupressac\u00e9es<\/strong>, appr\u00e9ci\u00e9e pour sa grande valeur ornementale et sa remarquable polyvalence d\u2019utilisation. Il se pr\u00e9sente sous la forme d\u2019un arbuste au <strong>port compact et arqu\u00e9<\/strong>, dot\u00e9 de rameaux \u00e9l\u00e9gants et bien r\u00e9partis, recouverts de <strong>feuilles \u00e9cailleuses de couleur vert vif<\/strong> qui conservent leur \u00e9clat tout au long de l\u2019ann\u00e9e.<\/p>\n<p>Parfait pour la r\u00e9alisation de <strong>bordures, massifs et couverture du sol<\/strong>, le gen\u00e9vrier Mint Julep est \u00e9galement tr\u00e8s utilis\u00e9 dans les <strong>jardins rocailleux<\/strong>, o\u00f9 il apporte structure et continuit\u00e9 visuelle. Sa composition le rend id\u00e9al aussi bien en sujet isol\u00e9 qu\u2019en plantations group\u00e9es. R\u00e9sistant et d\u00e9coratif, le Juniperus Mint Julep constitue une solution parfaite pour ceux qui souhaitent un jardin soign\u00e9, \u00e9l\u00e9gant et facile \u00e0 entretenir toute l\u2019ann\u00e9e.<\/p>\n<\/div><\/div><\/div><\/div><\/div>\n","protected":false},"excerpt":{"rendered":"","protected":false},"featured_media":36630,"template":"","meta":{"_acf_changed":false},"product_cat":[576,522],"product_tag":[],"class_list":{"0":"post-36632","1":"product","2":"type-product","3":"status-publish","4":"has-post-thumbnail","6":"product_cat-arbustes","7":"product_cat-plantes-d-exterieur","8":"product_shipping_class-evergreen-fr","10":"first","11":"instock","12":"taxable","13":"shipping-taxable","14":"purchasable","15":"product-type-variable","16":"has-default-attributes"},"acf":[],"yoast_head":"<!-- This site is optimized with the Yoast SEO plugin v23.4 - https:\/\/yoast.com\/wordpress\/plugins\/seo\/ -->\n<title>Junperus x Media Mint Julep - Gen\u00e9vrier - Vente en Ligne - Kentis<\/title>\n<meta name=\"description\" content=\"La plante Juniperus \u00d7 media Mint Julep est un gen\u00e9vrier persistant au port compact et arqu\u00e9, avec des feuilles \u00e9cailleuses aromatiques.\" \/>\n<meta name=\"robots\" content=\"index, follow, max-snippet:-1, max-image-preview:large, max-video-preview:-1\" \/>\n<link rel=\"canonical\" href=\"https:\/\/kentis.com\/fr\/boutique\/junperus-x-media-mint-julep\/\" \/>\n<meta property=\"og:locale\" content=\"fr_FR\" \/>\n<meta property=\"og:type\" content=\"article\" \/>\n<meta property=\"og:title\" content=\"Junperus x Media Mint Julep - Gen\u00e9vrier - Vente en Ligne - Kentis\" \/>\n<meta property=\"og:description\" content=\"La plante Juniperus \u00d7 media Mint Julep est un gen\u00e9vrier persistant au port compact et arqu\u00e9, avec des feuilles \u00e9cailleuses aromatiques.\" \/>\n<meta property=\"og:url\" content=\"https:\/\/kentis.com\/fr\/boutique\/junperus-x-media-mint-julep\/\" \/>\n<meta property=\"og:site_name\" content=\"Kentis\" \/>\n<meta property=\"article:publisher\" content=\"https:\/\/www.facebook.com\/kentisgarden\" \/>\n<meta property=\"article:modified_time\" content=\"2025-12-22T11:49:20+00:00\" \/>\n<meta name=\"twitter:card\" content=\"summary_large_image\" \/>\n<meta name=\"twitter:label1\" content=\"Dur\u00e9e de lecture estim\u00e9e\" \/>\n\t<meta name=\"twitter:data1\" content=\"1 minute\" \/>\n<script type=\"application\/ld+json\" class=\"yoast-schema-graph\">{\"@context\":\"https:\/\/schema.org\",\"@graph\":[{\"@type\":\"WebPage\",\"@id\":\"https:\/\/kentis.com\/fr\/boutique\/junperus-x-media-mint-julep\/\",\"url\":\"https:\/\/kentis.com\/fr\/boutique\/junperus-x-media-mint-julep\/\",\"name\":\"Junperus x Media Mint Julep - Gen\u00e9vrier - Vente en Ligne - Kentis\",\"isPartOf\":{\"@id\":\"https:\/\/kentis.com\/fr\/#website\"},\"primaryImageOfPage\":{\"@id\":\"https:\/\/kentis.com\/fr\/boutique\/junperus-x-media-mint-julep\/#primaryimage\"},\"image\":{\"@id\":\"https:\/\/kentis.com\/fr\/boutique\/junperus-x-media-mint-julep\/#primaryimage\"},\"thumbnailUrl\":\"https:\/\/kentis.com\/wp-content\/uploads\/2025\/12\/juniperus-media-mint-julep-vaso-30.png\",\"datePublished\":\"2025-12-22T11:35:49+00:00\",\"dateModified\":\"2025-12-22T11:49:20+00:00\",\"description\":\"La plante Juniperus \u00d7 media Mint Julep est un gen\u00e9vrier persistant au port compact et arqu\u00e9, avec des feuilles \u00e9cailleuses aromatiques.\",\"breadcrumb\":{\"@id\":\"https:\/\/kentis.com\/fr\/boutique\/junperus-x-media-mint-julep\/#breadcrumb\"},\"inLanguage\":\"fr-FR\",\"potentialAction\":[{\"@type\":\"ReadAction\",\"target\":[\"https:\/\/kentis.com\/fr\/boutique\/junperus-x-media-mint-julep\/\"]}]},{\"@type\":\"ImageObject\",\"inLanguage\":\"fr-FR\",\"@id\":\"https:\/\/kentis.com\/fr\/boutique\/junperus-x-media-mint-julep\/#primaryimage\",\"url\":\"https:\/\/kentis.com\/wp-content\/uploads\/2025\/12\/juniperus-media-mint-julep-vaso-30.png\",\"contentUrl\":\"https:\/\/kentis.com\/wp-content\/uploads\/2025\/12\/juniperus-media-mint-julep-vaso-30.png\",\"width\":1500,\"height\":1500},{\"@type\":\"BreadcrumbList\",\"@id\":\"https:\/\/kentis.com\/fr\/boutique\/junperus-x-media-mint-julep\/#breadcrumb\",\"itemListElement\":[{\"@type\":\"ListItem\",\"position\":1,\"name\":\"Home\",\"item\":\"https:\/\/kentis.com\/fr\/\"},{\"@type\":\"ListItem\",\"position\":2,\"name\":\"Boutique\",\"item\":\"https:\/\/kentis.com\/fr\/boutique\/\"},{\"@type\":\"ListItem\",\"position\":3,\"name\":\"Plantes\",\"item\":\"https:\/\/kentis.com\/fr\/categorie-produit\/plantes\/\"},{\"@type\":\"ListItem\",\"position\":4,\"name\":\"Plantes d'ext\u00e9rieur\",\"item\":\"https:\/\/kentis.com\/fr\/categorie-produit\/plantes\/plantes-d-exterieur\/\"},{\"@type\":\"ListItem\",\"position\":5,\"name\":\"Junperus x Media Mint Julep &#8211; Gen\u00e9vrier\"}]},{\"@type\":\"WebSite\",\"@id\":\"https:\/\/kentis.com\/fr\/#website\",\"url\":\"https:\/\/kentis.com\/fr\/\",\"name\":\"Kentis\",\"description\":\"Atelier del verde\",\"publisher\":{\"@id\":\"https:\/\/kentis.com\/fr\/#organization\"},\"potentialAction\":[{\"@type\":\"SearchAction\",\"target\":{\"@type\":\"EntryPoint\",\"urlTemplate\":\"https:\/\/kentis.com\/fr\/?s={search_term_string}\"},\"query-input\":{\"@type\":\"PropertyValueSpecification\",\"valueRequired\":true,\"valueName\":\"search_term_string\"}}],\"inLanguage\":\"fr-FR\"},{\"@type\":\"Organization\",\"@id\":\"https:\/\/kentis.com\/fr\/#organization\",\"name\":\"Kentis\",\"url\":\"https:\/\/kentis.com\/fr\/\",\"logo\":{\"@type\":\"ImageObject\",\"inLanguage\":\"fr-FR\",\"@id\":\"https:\/\/kentis.com\/fr\/#\/schema\/logo\/image\/\",\"url\":\"https:\/\/kentis.com\/wp-content\/uploads\/2021\/08\/logo-main.png\",\"contentUrl\":\"https:\/\/kentis.com\/wp-content\/uploads\/2021\/08\/logo-main.png\",\"width\":800,\"height\":204,\"caption\":\"Kentis\"},\"image\":{\"@id\":\"https:\/\/kentis.com\/fr\/#\/schema\/logo\/image\/\"},\"sameAs\":[\"https:\/\/www.facebook.com\/kentisgarden\",\"https:\/\/www.instagram.com\/kentisgarden\/\",\"https:\/\/it.pinterest.com\/kentisgarden\",\"https:\/\/www.tiktok.com\/@kentis.com\"]}]}<\/script>\n<!-- \/ Yoast SEO plugin. -->","yoast_head_json":{"title":"Junperus x Media Mint Julep - Gen\u00e9vrier - Vente en Ligne - Kentis","description":"La plante Juniperus \u00d7 media Mint Julep est un gen\u00e9vrier persistant au port compact et arqu\u00e9, avec des feuilles \u00e9cailleuses aromatiques.","robots":{"index":"index","follow":"follow","max-snippet":"max-snippet:-1","max-image-preview":"max-image-preview:large","max-video-preview":"max-video-preview:-1"},"canonical":"https:\/\/kentis.com\/fr\/boutique\/junperus-x-media-mint-julep\/","og_locale":"fr_FR","og_type":"article","og_title":"Junperus x Media Mint Julep - Gen\u00e9vrier - Vente en Ligne - Kentis","og_description":"La plante Juniperus \u00d7 media Mint Julep est un gen\u00e9vrier persistant au port compact et arqu\u00e9, avec des feuilles \u00e9cailleuses aromatiques.","og_url":"https:\/\/kentis.com\/fr\/boutique\/junperus-x-media-mint-julep\/","og_site_name":"Kentis","article_publisher":"https:\/\/www.facebook.com\/kentisgarden","article_modified_time":"2025-12-22T11:49:20+00:00","twitter_card":"summary_large_image","twitter_misc":{"Dur\u00e9e de lecture estim\u00e9e":"1 minute"},"schema":{"@context":"https:\/\/schema.org","@graph":[{"@type":"WebPage","@id":"https:\/\/kentis.com\/fr\/boutique\/junperus-x-media-mint-julep\/","url":"https:\/\/kentis.com\/fr\/boutique\/junperus-x-media-mint-julep\/","name":"Junperus x Media Mint Julep - Gen\u00e9vrier - Vente en Ligne - Kentis","isPartOf":{"@id":"https:\/\/kentis.com\/fr\/#website"},"primaryImageOfPage":{"@id":"https:\/\/kentis.com\/fr\/boutique\/junperus-x-media-mint-julep\/#primaryimage"},"image":{"@id":"https:\/\/kentis.com\/fr\/boutique\/junperus-x-media-mint-julep\/#primaryimage"},"thumbnailUrl":"https:\/\/kentis.com\/wp-content\/uploads\/2025\/12\/juniperus-media-mint-julep-vaso-30.png","datePublished":"2025-12-22T11:35:49+00:00","dateModified":"2025-12-22T11:49:20+00:00","description":"La plante Juniperus \u00d7 media Mint Julep est un gen\u00e9vrier persistant au port compact et arqu\u00e9, avec des feuilles \u00e9cailleuses aromatiques.","breadcrumb":{"@id":"https:\/\/kentis.com\/fr\/boutique\/junperus-x-media-mint-julep\/#breadcrumb"},"inLanguage":"fr-FR","potentialAction":[{"@type":"ReadAction","target":["https:\/\/kentis.com\/fr\/boutique\/junperus-x-media-mint-julep\/"]}]},{"@type":"ImageObject","inLanguage":"fr-FR","@id":"https:\/\/kentis.com\/fr\/boutique\/junperus-x-media-mint-julep\/#primaryimage","url":"https:\/\/kentis.com\/wp-content\/uploads\/2025\/12\/juniperus-media-mint-julep-vaso-30.png","contentUrl":"https:\/\/kentis.com\/wp-content\/uploads\/2025\/12\/juniperus-media-mint-julep-vaso-30.png","width":1500,"height":1500},{"@type":"BreadcrumbList","@id":"https:\/\/kentis.com\/fr\/boutique\/junperus-x-media-mint-julep\/#breadcrumb","itemListElement":[{"@type":"ListItem","position":1,"name":"Home","item":"https:\/\/kentis.com\/fr\/"},{"@type":"ListItem","position":2,"name":"Boutique","item":"https:\/\/kentis.com\/fr\/boutique\/"},{"@type":"ListItem","position":3,"name":"Plantes","item":"https:\/\/kentis.com\/fr\/categorie-produit\/plantes\/"},{"@type":"ListItem","position":4,"name":"Plantes d'ext\u00e9rieur","item":"https:\/\/kentis.com\/fr\/categorie-produit\/plantes\/plantes-d-exterieur\/"},{"@type":"ListItem","position":5,"name":"Junperus x Media Mint Julep &#8211; Gen\u00e9vrier"}]},{"@type":"WebSite","@id":"https:\/\/kentis.com\/fr\/#website","url":"https:\/\/kentis.com\/fr\/","name":"Kentis","description":"Atelier del verde","publisher":{"@id":"https:\/\/kentis.com\/fr\/#organization"},"potentialAction":[{"@type":"SearchAction","target":{"@type":"EntryPoint","urlTemplate":"https:\/\/kentis.com\/fr\/?s={search_term_string}"},"query-input":{"@type":"PropertyValueSpecification","valueRequired":true,"valueName":"search_term_string"}}],"inLanguage":"fr-FR"},{"@type":"Organization","@id":"https:\/\/kentis.com\/fr\/#organization","name":"Kentis","url":"https:\/\/kentis.com\/fr\/","logo":{"@type":"ImageObject","inLanguage":"fr-FR","@id":"https:\/\/kentis.com\/fr\/#\/schema\/logo\/image\/","url":"https:\/\/kentis.com\/wp-content\/uploads\/2021\/08\/logo-main.png","contentUrl":"https:\/\/kentis.com\/wp-content\/uploads\/2021\/08\/logo-main.png","width":800,"height":204,"caption":"Kentis"},"image":{"@id":"https:\/\/kentis.com\/fr\/#\/schema\/logo\/image\/"},"sameAs":["https:\/\/www.facebook.com\/kentisgarden","https:\/\/www.instagram.com\/kentisgarden\/","https:\/\/it.pinterest.com\/kentisgarden","https:\/\/www.tiktok.com\/@kentis.com"]}]}},"_links":{"self":[{"href":"https:\/\/kentis.com\/fr\/wp-json\/wp\/v2\/product\/36632","targetHints":{"allow":["GET"]}}],"collection":[{"href":"https:\/\/kentis.com\/fr\/wp-json\/wp\/v2\/product"}],"about":[{"href":"https:\/\/kentis.com\/fr\/wp-json\/wp\/v2\/types\/product"}],"wp:featuredmedia":[{"embeddable":true,"href":"https:\/\/kentis.com\/fr\/wp-json\/wp\/v2\/media\/36630"}],"wp:attachment":[{"href":"https:\/\/kentis.com\/fr\/wp-json\/wp\/v2\/media?parent=36632"}],"wp:term":[{"taxonomy":"product_cat","embeddable":true,"href":"https:\/\/kentis.com\/fr\/wp-json\/wp\/v2\/product_cat?post=36632"},{"taxonomy":"product_tag","embeddable":true,"href":"https:\/\/kentis.com\/fr\/wp-json\/wp\/v2\/product_tag?post=36632"}],"curies":[{"name":"wp","href":"https:\/\/api.w.org\/{rel}","templated":true}]}}