{"id":36058,"date":"2025-10-01T11:34:56","date_gmt":"2025-10-01T09:34:56","guid":{"rendered":"https:\/\/kentis.com\/negozio\/cipresso-azzurro-pompon-cupressus-arizonica-fastigiata-glauca\/"},"modified":"2025-10-01T11:45:52","modified_gmt":"2025-10-01T09:45:52","slug":"cypres-bleu-arizona-pompon","status":"publish","type":"product","link":"https:\/\/kentis.com\/fr\/boutique\/cypres-bleu-arizona-pompon\/","title":{"rendered":"Cypr\u00e8s Bleu de l\u2019Arizona Pompon &#8211; Cupressus Arizonica Fastigiata Glauca"},"content":{"rendered":"<div class=\"fusion-fullwidth fullwidth-box fusion-builder-row-1 fusion-flex-container has-pattern-background has-mask-background nonhundred-percent-fullwidth non-hundred-percent-height-scrolling\" style=\"--awb-border-radius-top-left:0px;--awb-border-radius-top-right:0px;--awb-border-radius-bottom-right:0px;--awb-border-radius-bottom-left:0px;--awb-padding-top:0px;--awb-padding-right:0px;--awb-padding-bottom:0px;--awb-padding-left:0px;--awb-flex-wrap:wrap;\" ><div class=\"fusion-builder-row fusion-row fusion-flex-align-items-flex-start fusion-flex-content-wrap\" style=\"max-width:1248px;margin-left: calc(-4% \/ 2 );margin-right: calc(-4% \/ 2 );\"><div class=\"fusion-layout-column fusion_builder_column fusion-builder-column-0 fusion_builder_column_1_1 1_1 fusion-flex-column\" style=\"--awb-bg-size:cover;--awb-width-large:100%;--awb-margin-top-large:0px;--awb-spacing-right-large:1.92%;--awb-margin-bottom-large:0px;--awb-spacing-left-large:1.92%;--awb-width-medium:100%;--awb-spacing-right-medium:1.92%;--awb-spacing-left-medium:1.92%;--awb-width-small:100%;--awb-spacing-right-small:1.92%;--awb-spacing-left-small:1.92%;\"><div class=\"fusion-column-wrapper fusion-flex-justify-content-flex-start fusion-content-layout-column\"><div class=\"fusion-text fusion-text-1\"><p>La plante de\u00a0<strong>Cupressus arizonica Fastigiata Glauca<\/strong>, \u00e9galement connue sous le nom de\u00a0<strong>cypr\u00e8s bleu de l\u2019Arizona<\/strong>, est une\u00a0<strong>conif\u00e8re persistante<\/strong>\u00a0au port conique dans sa jeunesse qui devient strictement colonnaire \u00e0 maturit\u00e9. Ce cypr\u00e8s bleu de l\u2019Arizona pompon poss\u00e8de des <strong>feuilles en forme d\u2019\u00e9cailles de couleur bleu\/acier<\/strong>, d\u2019o\u00f9 provient son nom commun. Originaire des \u00c9tats-Unis et appartenant \u00e0 la famille des Cupressac\u00e9es, c\u2019est une plante\u00a0<strong>r\u00e9sistante au froid<\/strong>\u00a0qui supporte sans probl\u00e8me des temp\u00e9ratures allant de -10 \u00e0 -20 \u00b0C et\u00a0<strong>tol\u00e8re bien la salinit\u00e9<\/strong>, ce qui la rend adapt\u00e9e aux zones c\u00f4ti\u00e8res.<\/p>\n<p>Gr\u00e2ce \u00e0 sa densit\u00e9 et \u00e0 la facilit\u00e9 avec laquelle il accepte la taille, le cypr\u00e8s arizonica Fastigiata Glauca\u00a0<strong>est souvent utilis\u00e9 pour les haies, les brise-vent et l\u2019art topiaire<\/strong>. Dans ce cas, il a \u00e9t\u00e9 soigneusement fa\u00e7onn\u00e9 en\u00a0<strong>forme de pompon<\/strong>, devenant ainsi une sculpture v\u00e9g\u00e9tale raffin\u00e9e et \u00e9l\u00e9gante, parfaite pour d\u00e9corer jardins, entr\u00e9es et espaces verts avec un style original et percutant.<\/p>\n<p><em>Hauteur \u00e0 partir de la base du pot: 140\/160 cm.<\/em><\/p>\n<\/div><\/div><\/div><\/div><\/div>\n","protected":false},"excerpt":{"rendered":"","protected":false},"featured_media":36056,"template":"","meta":{"_acf_changed":false},"product_cat":[582,1265,522],"product_tag":[],"class_list":{"0":"post-36058","1":"product","2":"type-product","3":"status-publish","4":"has-post-thumbnail","6":"product_cat-arbres","7":"product_cat-forme-fr","8":"product_cat-plantes-d-exterieur","9":"product_shipping_class-evergreen-fr","11":"first","12":"instock","13":"taxable","14":"shipping-taxable","15":"purchasable","16":"product-type-variable","17":"has-default-attributes"},"acf":[],"yoast_head":"<!-- This site is optimized with the Yoast SEO plugin v23.4 - https:\/\/yoast.com\/wordpress\/plugins\/seo\/ -->\n<title>Cypr\u00e8s Bleu de l\u2019Arizona Pompon - Cupressus Arizonica - Kentis<\/title>\n<meta name=\"description\" content=\"Le cypr\u00e8s bleu de l\u2019Arizona pompon (Cupressus arizonica Fastigiata Glauca) est parfait pour d\u00e9corer les entr\u00e9es, les jardins ou les balcons.\" \/>\n<meta name=\"robots\" content=\"index, follow, max-snippet:-1, max-image-preview:large, max-video-preview:-1\" \/>\n<link rel=\"canonical\" href=\"https:\/\/kentis.com\/fr\/boutique\/cypres-bleu-arizona-pompon\/\" \/>\n<meta property=\"og:locale\" content=\"fr_FR\" \/>\n<meta property=\"og:type\" content=\"article\" \/>\n<meta property=\"og:title\" content=\"Cypr\u00e8s Bleu de l\u2019Arizona Pompon - Cupressus Arizonica - Kentis\" \/>\n<meta property=\"og:description\" content=\"Le cypr\u00e8s bleu de l\u2019Arizona pompon (Cupressus arizonica Fastigiata Glauca) est parfait pour d\u00e9corer les entr\u00e9es, les jardins ou les balcons.\" \/>\n<meta property=\"og:url\" content=\"https:\/\/kentis.com\/fr\/boutique\/cypres-bleu-arizona-pompon\/\" \/>\n<meta property=\"og:site_name\" content=\"Kentis\" \/>\n<meta property=\"article:publisher\" content=\"https:\/\/www.facebook.com\/kentisgarden\" \/>\n<meta property=\"article:modified_time\" content=\"2025-10-01T09:45:52+00:00\" \/>\n<meta property=\"og:image\" content=\"https:\/\/kentis.com\/wp-content\/uploads\/2025\/10\/cupressus-arizonica-fastigiata-glauca-pompon.png\" \/>\n\t<meta property=\"og:image:width\" content=\"1500\" \/>\n\t<meta property=\"og:image:height\" content=\"1500\" \/>\n\t<meta property=\"og:image:type\" content=\"image\/png\" \/>\n<meta name=\"twitter:card\" content=\"summary_large_image\" \/>\n<meta name=\"twitter:label1\" content=\"Dur\u00e9e de lecture estim\u00e9e\" \/>\n\t<meta name=\"twitter:data1\" content=\"2 minutes\" \/>\n<script type=\"application\/ld+json\" class=\"yoast-schema-graph\">{\"@context\":\"https:\/\/schema.org\",\"@graph\":[{\"@type\":\"WebPage\",\"@id\":\"https:\/\/kentis.com\/fr\/boutique\/cypres-bleu-arizona-pompon\/\",\"url\":\"https:\/\/kentis.com\/fr\/boutique\/cypres-bleu-arizona-pompon\/\",\"name\":\"Cypr\u00e8s Bleu de l\u2019Arizona Pompon - Cupressus Arizonica - Kentis\",\"isPartOf\":{\"@id\":\"https:\/\/kentis.com\/fr\/#website\"},\"primaryImageOfPage\":{\"@id\":\"https:\/\/kentis.com\/fr\/boutique\/cypres-bleu-arizona-pompon\/#primaryimage\"},\"image\":{\"@id\":\"https:\/\/kentis.com\/fr\/boutique\/cypres-bleu-arizona-pompon\/#primaryimage\"},\"thumbnailUrl\":\"https:\/\/kentis.com\/wp-content\/uploads\/2025\/10\/cupressus-arizonica-fastigiata-glauca-pompon.png\",\"datePublished\":\"2025-10-01T09:34:56+00:00\",\"dateModified\":\"2025-10-01T09:45:52+00:00\",\"description\":\"Le cypr\u00e8s bleu de l\u2019Arizona pompon (Cupressus arizonica Fastigiata Glauca) est parfait pour d\u00e9corer les entr\u00e9es, les jardins ou les balcons.\",\"breadcrumb\":{\"@id\":\"https:\/\/kentis.com\/fr\/boutique\/cypres-bleu-arizona-pompon\/#breadcrumb\"},\"inLanguage\":\"fr-FR\",\"potentialAction\":[{\"@type\":\"ReadAction\",\"target\":[\"https:\/\/kentis.com\/fr\/boutique\/cypres-bleu-arizona-pompon\/\"]}]},{\"@type\":\"ImageObject\",\"inLanguage\":\"fr-FR\",\"@id\":\"https:\/\/kentis.com\/fr\/boutique\/cypres-bleu-arizona-pompon\/#primaryimage\",\"url\":\"https:\/\/kentis.com\/wp-content\/uploads\/2025\/10\/cupressus-arizonica-fastigiata-glauca-pompon.png\",\"contentUrl\":\"https:\/\/kentis.com\/wp-content\/uploads\/2025\/10\/cupressus-arizonica-fastigiata-glauca-pompon.png\",\"width\":1500,\"height\":1500},{\"@type\":\"BreadcrumbList\",\"@id\":\"https:\/\/kentis.com\/fr\/boutique\/cypres-bleu-arizona-pompon\/#breadcrumb\",\"itemListElement\":[{\"@type\":\"ListItem\",\"position\":1,\"name\":\"Home\",\"item\":\"https:\/\/kentis.com\/fr\/\"},{\"@type\":\"ListItem\",\"position\":2,\"name\":\"Boutique\",\"item\":\"https:\/\/kentis.com\/fr\/boutique\/\"},{\"@type\":\"ListItem\",\"position\":3,\"name\":\"Plantes\",\"item\":\"https:\/\/kentis.com\/fr\/categorie-produit\/plantes\/\"},{\"@type\":\"ListItem\",\"position\":4,\"name\":\"Plantes d'ext\u00e9rieur\",\"item\":\"https:\/\/kentis.com\/fr\/categorie-produit\/plantes\/plantes-d-exterieur\/\"},{\"@type\":\"ListItem\",\"position\":5,\"name\":\"Cypr\u00e8s Bleu de l\u2019Arizona Pompon &#8211; Cupressus Arizonica Fastigiata Glauca\"}]},{\"@type\":\"WebSite\",\"@id\":\"https:\/\/kentis.com\/fr\/#website\",\"url\":\"https:\/\/kentis.com\/fr\/\",\"name\":\"Kentis\",\"description\":\"Atelier del verde\",\"publisher\":{\"@id\":\"https:\/\/kentis.com\/fr\/#organization\"},\"potentialAction\":[{\"@type\":\"SearchAction\",\"target\":{\"@type\":\"EntryPoint\",\"urlTemplate\":\"https:\/\/kentis.com\/fr\/?s={search_term_string}\"},\"query-input\":{\"@type\":\"PropertyValueSpecification\",\"valueRequired\":true,\"valueName\":\"search_term_string\"}}],\"inLanguage\":\"fr-FR\"},{\"@type\":\"Organization\",\"@id\":\"https:\/\/kentis.com\/fr\/#organization\",\"name\":\"Kentis\",\"url\":\"https:\/\/kentis.com\/fr\/\",\"logo\":{\"@type\":\"ImageObject\",\"inLanguage\":\"fr-FR\",\"@id\":\"https:\/\/kentis.com\/fr\/#\/schema\/logo\/image\/\",\"url\":\"https:\/\/kentis.com\/wp-content\/uploads\/2021\/08\/logo-main.png\",\"contentUrl\":\"https:\/\/kentis.com\/wp-content\/uploads\/2021\/08\/logo-main.png\",\"width\":800,\"height\":204,\"caption\":\"Kentis\"},\"image\":{\"@id\":\"https:\/\/kentis.com\/fr\/#\/schema\/logo\/image\/\"},\"sameAs\":[\"https:\/\/www.facebook.com\/kentisgarden\",\"https:\/\/www.instagram.com\/kentisgarden\/\",\"https:\/\/it.pinterest.com\/kentisgarden\",\"https:\/\/www.tiktok.com\/@kentis.com\"]}]}<\/script>\n<!-- \/ Yoast SEO plugin. -->","yoast_head_json":{"title":"Cypr\u00e8s Bleu de l\u2019Arizona Pompon - Cupressus Arizonica - Kentis","description":"Le cypr\u00e8s bleu de l\u2019Arizona pompon (Cupressus arizonica Fastigiata Glauca) est parfait pour d\u00e9corer les entr\u00e9es, les jardins ou les balcons.","robots":{"index":"index","follow":"follow","max-snippet":"max-snippet:-1","max-image-preview":"max-image-preview:large","max-video-preview":"max-video-preview:-1"},"canonical":"https:\/\/kentis.com\/fr\/boutique\/cypres-bleu-arizona-pompon\/","og_locale":"fr_FR","og_type":"article","og_title":"Cypr\u00e8s Bleu de l\u2019Arizona Pompon - Cupressus Arizonica - Kentis","og_description":"Le cypr\u00e8s bleu de l\u2019Arizona pompon (Cupressus arizonica Fastigiata Glauca) est parfait pour d\u00e9corer les entr\u00e9es, les jardins ou les balcons.","og_url":"https:\/\/kentis.com\/fr\/boutique\/cypres-bleu-arizona-pompon\/","og_site_name":"Kentis","article_publisher":"https:\/\/www.facebook.com\/kentisgarden","article_modified_time":"2025-10-01T09:45:52+00:00","og_image":[{"width":1500,"height":1500,"url":"https:\/\/kentis.com\/wp-content\/uploads\/2025\/10\/cupressus-arizonica-fastigiata-glauca-pompon.png","type":"image\/png"}],"twitter_card":"summary_large_image","twitter_misc":{"Dur\u00e9e de lecture estim\u00e9e":"2 minutes"},"schema":{"@context":"https:\/\/schema.org","@graph":[{"@type":"WebPage","@id":"https:\/\/kentis.com\/fr\/boutique\/cypres-bleu-arizona-pompon\/","url":"https:\/\/kentis.com\/fr\/boutique\/cypres-bleu-arizona-pompon\/","name":"Cypr\u00e8s Bleu de l\u2019Arizona Pompon - Cupressus Arizonica - Kentis","isPartOf":{"@id":"https:\/\/kentis.com\/fr\/#website"},"primaryImageOfPage":{"@id":"https:\/\/kentis.com\/fr\/boutique\/cypres-bleu-arizona-pompon\/#primaryimage"},"image":{"@id":"https:\/\/kentis.com\/fr\/boutique\/cypres-bleu-arizona-pompon\/#primaryimage"},"thumbnailUrl":"https:\/\/kentis.com\/wp-content\/uploads\/2025\/10\/cupressus-arizonica-fastigiata-glauca-pompon.png","datePublished":"2025-10-01T09:34:56+00:00","dateModified":"2025-10-01T09:45:52+00:00","description":"Le cypr\u00e8s bleu de l\u2019Arizona pompon (Cupressus arizonica Fastigiata Glauca) est parfait pour d\u00e9corer les entr\u00e9es, les jardins ou les balcons.","breadcrumb":{"@id":"https:\/\/kentis.com\/fr\/boutique\/cypres-bleu-arizona-pompon\/#breadcrumb"},"inLanguage":"fr-FR","potentialAction":[{"@type":"ReadAction","target":["https:\/\/kentis.com\/fr\/boutique\/cypres-bleu-arizona-pompon\/"]}]},{"@type":"ImageObject","inLanguage":"fr-FR","@id":"https:\/\/kentis.com\/fr\/boutique\/cypres-bleu-arizona-pompon\/#primaryimage","url":"https:\/\/kentis.com\/wp-content\/uploads\/2025\/10\/cupressus-arizonica-fastigiata-glauca-pompon.png","contentUrl":"https:\/\/kentis.com\/wp-content\/uploads\/2025\/10\/cupressus-arizonica-fastigiata-glauca-pompon.png","width":1500,"height":1500},{"@type":"BreadcrumbList","@id":"https:\/\/kentis.com\/fr\/boutique\/cypres-bleu-arizona-pompon\/#breadcrumb","itemListElement":[{"@type":"ListItem","position":1,"name":"Home","item":"https:\/\/kentis.com\/fr\/"},{"@type":"ListItem","position":2,"name":"Boutique","item":"https:\/\/kentis.com\/fr\/boutique\/"},{"@type":"ListItem","position":3,"name":"Plantes","item":"https:\/\/kentis.com\/fr\/categorie-produit\/plantes\/"},{"@type":"ListItem","position":4,"name":"Plantes d'ext\u00e9rieur","item":"https:\/\/kentis.com\/fr\/categorie-produit\/plantes\/plantes-d-exterieur\/"},{"@type":"ListItem","position":5,"name":"Cypr\u00e8s Bleu de l\u2019Arizona Pompon &#8211; Cupressus Arizonica Fastigiata Glauca"}]},{"@type":"WebSite","@id":"https:\/\/kentis.com\/fr\/#website","url":"https:\/\/kentis.com\/fr\/","name":"Kentis","description":"Atelier del verde","publisher":{"@id":"https:\/\/kentis.com\/fr\/#organization"},"potentialAction":[{"@type":"SearchAction","target":{"@type":"EntryPoint","urlTemplate":"https:\/\/kentis.com\/fr\/?s={search_term_string}"},"query-input":{"@type":"PropertyValueSpecification","valueRequired":true,"valueName":"search_term_string"}}],"inLanguage":"fr-FR"},{"@type":"Organization","@id":"https:\/\/kentis.com\/fr\/#organization","name":"Kentis","url":"https:\/\/kentis.com\/fr\/","logo":{"@type":"ImageObject","inLanguage":"fr-FR","@id":"https:\/\/kentis.com\/fr\/#\/schema\/logo\/image\/","url":"https:\/\/kentis.com\/wp-content\/uploads\/2021\/08\/logo-main.png","contentUrl":"https:\/\/kentis.com\/wp-content\/uploads\/2021\/08\/logo-main.png","width":800,"height":204,"caption":"Kentis"},"image":{"@id":"https:\/\/kentis.com\/fr\/#\/schema\/logo\/image\/"},"sameAs":["https:\/\/www.facebook.com\/kentisgarden","https:\/\/www.instagram.com\/kentisgarden\/","https:\/\/it.pinterest.com\/kentisgarden","https:\/\/www.tiktok.com\/@kentis.com"]}]}},"_links":{"self":[{"href":"https:\/\/kentis.com\/fr\/wp-json\/wp\/v2\/product\/36058","targetHints":{"allow":["GET"]}}],"collection":[{"href":"https:\/\/kentis.com\/fr\/wp-json\/wp\/v2\/product"}],"about":[{"href":"https:\/\/kentis.com\/fr\/wp-json\/wp\/v2\/types\/product"}],"wp:featuredmedia":[{"embeddable":true,"href":"https:\/\/kentis.com\/fr\/wp-json\/wp\/v2\/media\/36056"}],"wp:attachment":[{"href":"https:\/\/kentis.com\/fr\/wp-json\/wp\/v2\/media?parent=36058"}],"wp:term":[{"taxonomy":"product_cat","embeddable":true,"href":"https:\/\/kentis.com\/fr\/wp-json\/wp\/v2\/product_cat?post=36058"},{"taxonomy":"product_tag","embeddable":true,"href":"https:\/\/kentis.com\/fr\/wp-json\/wp\/v2\/product_tag?post=36058"}],"curies":[{"name":"wp","href":"https:\/\/api.w.org\/{rel}","templated":true}]}}