{"id":35994,"date":"2025-09-30T15:32:33","date_gmt":"2025-09-30T13:32:33","guid":{"rendered":"https:\/\/kentis.com\/negozio\/cupressocyparis-leylandii-gold-rider\/"},"modified":"2025-09-30T15:40:45","modified_gmt":"2025-09-30T13:40:45","slug":"cupressocyparis-leylandii-gold-rider","status":"publish","type":"product","link":"https:\/\/kentis.com\/fr\/boutique\/cupressocyparis-leylandii-gold-rider\/","title":{"rendered":"Cupressocyparis Leylandii Gold Rider \u2013 Cypr\u00e8s de Leyland"},"content":{"rendered":"<div class=\"fusion-fullwidth fullwidth-box fusion-builder-row-1 fusion-flex-container nonhundred-percent-fullwidth non-hundred-percent-height-scrolling\" style=\"--awb-border-radius-top-left:0px;--awb-border-radius-top-right:0px;--awb-border-radius-bottom-right:0px;--awb-border-radius-bottom-left:0px;--awb-flex-wrap:wrap;\" ><div class=\"fusion-builder-row fusion-row fusion-flex-align-items-flex-start fusion-flex-content-wrap\" style=\"max-width:1248px;margin-left: calc(-4% \/ 2 );margin-right: calc(-4% \/ 2 );\"><div class=\"fusion-layout-column fusion_builder_column fusion-builder-column-0 fusion_builder_column_1_1 1_1 fusion-flex-column\" style=\"--awb-bg-size:cover;--awb-width-large:100%;--awb-margin-top-large:0px;--awb-spacing-right-large:1.92%;--awb-margin-bottom-large:0px;--awb-spacing-left-large:1.92%;--awb-width-medium:100%;--awb-spacing-right-medium:1.92%;--awb-spacing-left-medium:1.92%;--awb-width-small:100%;--awb-spacing-right-small:1.92%;--awb-spacing-left-small:1.92%;\"><div class=\"fusion-column-wrapper fusion-flex-justify-content-flex-start fusion-content-layout-column\"><div class=\"fusion-text fusion-text-1\"><p>La <strong>plante de Cupressocyparis leylandii Gold Rider<\/strong>, \u00e9galement connue sous le nom de <strong>cypr\u00e8s de Leyland Gold Rider<\/strong>, est une <strong>conif\u00e8re persistante<\/strong> au port dress\u00e9 avec un feuillage compact et d\u00e9coratif. Ce cypr\u00e8s poss\u00e8de des <strong>feuilles en forme d\u2019\u00e9cailles qui, lors de leur pousse, pr\u00e9sentent une couleur jaune dor\u00e9 caract\u00e9ristique<\/strong>, plus intense que celle de la vari\u00e9t\u00e9 &#8220;Castlewellan Gold&#8221;, qui vire progressivement au vert, cr\u00e9ant ainsi un agr\u00e9able jeu de couleurs au fil de l\u2019ann\u00e9e. Originaire d\u2019Angleterre et appartenant \u00e0 la famille des Cupressac\u00e9es, c\u2019est une <strong>plante r\u00e9sistante au froid<\/strong> qui supporte sans difficult\u00e9 des temp\u00e9ratures allant jusqu\u2019\u00e0 -15\/-20 \u00b0C et <strong>tol\u00e8re bien la salinit\u00e9<\/strong>, ce qui la rend adapt\u00e9e aux zones c\u00f4ti\u00e8res.<\/p>\n<p>Gr\u00e2ce \u00e0 sa densit\u00e9 et \u00e0 la facilit\u00e9 avec laquelle il accepte la taille, le cypr\u00e8s Gold Rider est <strong>souvent utilis\u00e9 pour cr\u00e9er des haies, des brise-vent et pour l\u2019art topiaire<\/strong>, mais il se pr\u00eate \u00e9galement tr\u00e8s bien comme sujet isol\u00e9, mis en valeur en arbre d\u2019ornement.<\/p>\n<\/div><\/div><\/div><\/div><\/div>\n","protected":false},"excerpt":{"rendered":"","protected":false},"featured_media":36020,"template":"","meta":{"_acf_changed":false},"product_cat":[582,522,523],"product_tag":[],"class_list":{"0":"post-35994","1":"product","2":"type-product","3":"status-publish","4":"has-post-thumbnail","6":"product_cat-arbres","7":"product_cat-plantes-d-exterieur","8":"product_cat-plantes-de-haie","9":"product_shipping_class-evergreen-fr","11":"first","12":"outofstock","13":"taxable","14":"shipping-taxable","15":"purchasable","16":"product-type-variable","17":"has-default-attributes"},"acf":[],"yoast_head":"<!-- This site is optimized with the Yoast SEO plugin v23.4 - https:\/\/yoast.com\/wordpress\/plugins\/seo\/ -->\n<title>Cupressocyparis Leylandii Gold Rider \u2013 Cypr\u00e8s de Leyland - Kentis<\/title>\n<meta name=\"description\" content=\"Le Cupressocyparis Leylandii Gold Rider, connu sous le nom de cypr\u00e8s de Leyland, est une vari\u00e9t\u00e9 dont le feuillage, une fois d\u00e9velopp\u00e9, est jaune dor\u00e9.\" \/>\n<meta name=\"robots\" content=\"index, follow, max-snippet:-1, max-image-preview:large, max-video-preview:-1\" \/>\n<link rel=\"canonical\" href=\"https:\/\/kentis.com\/fr\/boutique\/cupressocyparis-leylandii-gold-rider\/\" \/>\n<meta property=\"og:locale\" content=\"fr_FR\" \/>\n<meta property=\"og:type\" content=\"article\" \/>\n<meta property=\"og:title\" content=\"Cupressocyparis Leylandii Gold Rider \u2013 Cypr\u00e8s de Leyland - Kentis\" \/>\n<meta property=\"og:description\" content=\"Le Cupressocyparis Leylandii Gold Rider, connu sous le nom de cypr\u00e8s de Leyland, est une vari\u00e9t\u00e9 dont le feuillage, une fois d\u00e9velopp\u00e9, est jaune dor\u00e9.\" \/>\n<meta property=\"og:url\" content=\"https:\/\/kentis.com\/fr\/boutique\/cupressocyparis-leylandii-gold-rider\/\" \/>\n<meta property=\"og:site_name\" content=\"Kentis\" \/>\n<meta property=\"article:publisher\" content=\"https:\/\/www.facebook.com\/kentisgarden\" \/>\n<meta property=\"article:modified_time\" content=\"2025-09-30T13:40:45+00:00\" \/>\n<meta property=\"og:image\" content=\"https:\/\/kentis.com\/wp-content\/uploads\/2025\/09\/cupressocyparis-leylandii-gold-rider-vaso-24.png\" \/>\n\t<meta property=\"og:image:width\" content=\"1500\" \/>\n\t<meta property=\"og:image:height\" content=\"1500\" \/>\n\t<meta property=\"og:image:type\" content=\"image\/png\" \/>\n<meta name=\"twitter:card\" content=\"summary_large_image\" \/>\n<meta name=\"twitter:label1\" content=\"Dur\u00e9e de lecture estim\u00e9e\" \/>\n\t<meta name=\"twitter:data1\" content=\"2 minutes\" \/>\n<script type=\"application\/ld+json\" class=\"yoast-schema-graph\">{\"@context\":\"https:\/\/schema.org\",\"@graph\":[{\"@type\":\"WebPage\",\"@id\":\"https:\/\/kentis.com\/fr\/boutique\/cupressocyparis-leylandii-gold-rider\/\",\"url\":\"https:\/\/kentis.com\/fr\/boutique\/cupressocyparis-leylandii-gold-rider\/\",\"name\":\"Cupressocyparis Leylandii Gold Rider \u2013 Cypr\u00e8s de Leyland - Kentis\",\"isPartOf\":{\"@id\":\"https:\/\/kentis.com\/fr\/#website\"},\"primaryImageOfPage\":{\"@id\":\"https:\/\/kentis.com\/fr\/boutique\/cupressocyparis-leylandii-gold-rider\/#primaryimage\"},\"image\":{\"@id\":\"https:\/\/kentis.com\/fr\/boutique\/cupressocyparis-leylandii-gold-rider\/#primaryimage\"},\"thumbnailUrl\":\"https:\/\/kentis.com\/wp-content\/uploads\/2025\/09\/cupressocyparis-leylandii-gold-rider-vaso-30.png\",\"datePublished\":\"2025-09-30T13:32:33+00:00\",\"dateModified\":\"2025-09-30T13:40:45+00:00\",\"description\":\"Le Cupressocyparis Leylandii Gold Rider, connu sous le nom de cypr\u00e8s de Leyland, est une vari\u00e9t\u00e9 dont le feuillage, une fois d\u00e9velopp\u00e9, est jaune dor\u00e9.\",\"breadcrumb\":{\"@id\":\"https:\/\/kentis.com\/fr\/boutique\/cupressocyparis-leylandii-gold-rider\/#breadcrumb\"},\"inLanguage\":\"fr-FR\",\"potentialAction\":[{\"@type\":\"ReadAction\",\"target\":[\"https:\/\/kentis.com\/fr\/boutique\/cupressocyparis-leylandii-gold-rider\/\"]}]},{\"@type\":\"ImageObject\",\"inLanguage\":\"fr-FR\",\"@id\":\"https:\/\/kentis.com\/fr\/boutique\/cupressocyparis-leylandii-gold-rider\/#primaryimage\",\"url\":\"https:\/\/kentis.com\/wp-content\/uploads\/2025\/09\/cupressocyparis-leylandii-gold-rider-vaso-30.png\",\"contentUrl\":\"https:\/\/kentis.com\/wp-content\/uploads\/2025\/09\/cupressocyparis-leylandii-gold-rider-vaso-30.png\",\"width\":1500,\"height\":1500},{\"@type\":\"BreadcrumbList\",\"@id\":\"https:\/\/kentis.com\/fr\/boutique\/cupressocyparis-leylandii-gold-rider\/#breadcrumb\",\"itemListElement\":[{\"@type\":\"ListItem\",\"position\":1,\"name\":\"Home\",\"item\":\"https:\/\/kentis.com\/fr\/\"},{\"@type\":\"ListItem\",\"position\":2,\"name\":\"Boutique\",\"item\":\"https:\/\/kentis.com\/fr\/boutique\/\"},{\"@type\":\"ListItem\",\"position\":3,\"name\":\"Plantes\",\"item\":\"https:\/\/kentis.com\/fr\/categorie-produit\/plantes\/\"},{\"@type\":\"ListItem\",\"position\":4,\"name\":\"Plantes d'ext\u00e9rieur\",\"item\":\"https:\/\/kentis.com\/fr\/categorie-produit\/plantes\/plantes-d-exterieur\/\"},{\"@type\":\"ListItem\",\"position\":5,\"name\":\"Cupressocyparis Leylandii Gold Rider \u2013 Cypr\u00e8s de Leyland\"}]},{\"@type\":\"WebSite\",\"@id\":\"https:\/\/kentis.com\/fr\/#website\",\"url\":\"https:\/\/kentis.com\/fr\/\",\"name\":\"Kentis\",\"description\":\"Atelier del verde\",\"publisher\":{\"@id\":\"https:\/\/kentis.com\/fr\/#organization\"},\"potentialAction\":[{\"@type\":\"SearchAction\",\"target\":{\"@type\":\"EntryPoint\",\"urlTemplate\":\"https:\/\/kentis.com\/fr\/?s={search_term_string}\"},\"query-input\":{\"@type\":\"PropertyValueSpecification\",\"valueRequired\":true,\"valueName\":\"search_term_string\"}}],\"inLanguage\":\"fr-FR\"},{\"@type\":\"Organization\",\"@id\":\"https:\/\/kentis.com\/fr\/#organization\",\"name\":\"Kentis\",\"url\":\"https:\/\/kentis.com\/fr\/\",\"logo\":{\"@type\":\"ImageObject\",\"inLanguage\":\"fr-FR\",\"@id\":\"https:\/\/kentis.com\/fr\/#\/schema\/logo\/image\/\",\"url\":\"https:\/\/kentis.com\/wp-content\/uploads\/2021\/08\/logo-main.png\",\"contentUrl\":\"https:\/\/kentis.com\/wp-content\/uploads\/2021\/08\/logo-main.png\",\"width\":800,\"height\":204,\"caption\":\"Kentis\"},\"image\":{\"@id\":\"https:\/\/kentis.com\/fr\/#\/schema\/logo\/image\/\"},\"sameAs\":[\"https:\/\/www.facebook.com\/kentisgarden\",\"https:\/\/www.instagram.com\/kentisgarden\/\",\"https:\/\/it.pinterest.com\/kentisgarden\",\"https:\/\/www.tiktok.com\/@kentis.com\"]}]}<\/script>\n<!-- \/ Yoast SEO plugin. -->","yoast_head_json":{"title":"Cupressocyparis Leylandii Gold Rider \u2013 Cypr\u00e8s de Leyland - Kentis","description":"Le Cupressocyparis Leylandii Gold Rider, connu sous le nom de cypr\u00e8s de Leyland, est une vari\u00e9t\u00e9 dont le feuillage, une fois d\u00e9velopp\u00e9, est jaune dor\u00e9.","robots":{"index":"index","follow":"follow","max-snippet":"max-snippet:-1","max-image-preview":"max-image-preview:large","max-video-preview":"max-video-preview:-1"},"canonical":"https:\/\/kentis.com\/fr\/boutique\/cupressocyparis-leylandii-gold-rider\/","og_locale":"fr_FR","og_type":"article","og_title":"Cupressocyparis Leylandii Gold Rider \u2013 Cypr\u00e8s de Leyland - Kentis","og_description":"Le Cupressocyparis Leylandii Gold Rider, connu sous le nom de cypr\u00e8s de Leyland, est une vari\u00e9t\u00e9 dont le feuillage, une fois d\u00e9velopp\u00e9, est jaune dor\u00e9.","og_url":"https:\/\/kentis.com\/fr\/boutique\/cupressocyparis-leylandii-gold-rider\/","og_site_name":"Kentis","article_publisher":"https:\/\/www.facebook.com\/kentisgarden","article_modified_time":"2025-09-30T13:40:45+00:00","og_image":[{"width":1500,"height":1500,"url":"https:\/\/kentis.com\/wp-content\/uploads\/2025\/09\/cupressocyparis-leylandii-gold-rider-vaso-24.png","type":"image\/png"}],"twitter_card":"summary_large_image","twitter_misc":{"Dur\u00e9e de lecture estim\u00e9e":"2 minutes"},"schema":{"@context":"https:\/\/schema.org","@graph":[{"@type":"WebPage","@id":"https:\/\/kentis.com\/fr\/boutique\/cupressocyparis-leylandii-gold-rider\/","url":"https:\/\/kentis.com\/fr\/boutique\/cupressocyparis-leylandii-gold-rider\/","name":"Cupressocyparis Leylandii Gold Rider \u2013 Cypr\u00e8s de Leyland - Kentis","isPartOf":{"@id":"https:\/\/kentis.com\/fr\/#website"},"primaryImageOfPage":{"@id":"https:\/\/kentis.com\/fr\/boutique\/cupressocyparis-leylandii-gold-rider\/#primaryimage"},"image":{"@id":"https:\/\/kentis.com\/fr\/boutique\/cupressocyparis-leylandii-gold-rider\/#primaryimage"},"thumbnailUrl":"https:\/\/kentis.com\/wp-content\/uploads\/2025\/09\/cupressocyparis-leylandii-gold-rider-vaso-30.png","datePublished":"2025-09-30T13:32:33+00:00","dateModified":"2025-09-30T13:40:45+00:00","description":"Le Cupressocyparis Leylandii Gold Rider, connu sous le nom de cypr\u00e8s de Leyland, est une vari\u00e9t\u00e9 dont le feuillage, une fois d\u00e9velopp\u00e9, est jaune dor\u00e9.","breadcrumb":{"@id":"https:\/\/kentis.com\/fr\/boutique\/cupressocyparis-leylandii-gold-rider\/#breadcrumb"},"inLanguage":"fr-FR","potentialAction":[{"@type":"ReadAction","target":["https:\/\/kentis.com\/fr\/boutique\/cupressocyparis-leylandii-gold-rider\/"]}]},{"@type":"ImageObject","inLanguage":"fr-FR","@id":"https:\/\/kentis.com\/fr\/boutique\/cupressocyparis-leylandii-gold-rider\/#primaryimage","url":"https:\/\/kentis.com\/wp-content\/uploads\/2025\/09\/cupressocyparis-leylandii-gold-rider-vaso-30.png","contentUrl":"https:\/\/kentis.com\/wp-content\/uploads\/2025\/09\/cupressocyparis-leylandii-gold-rider-vaso-30.png","width":1500,"height":1500},{"@type":"BreadcrumbList","@id":"https:\/\/kentis.com\/fr\/boutique\/cupressocyparis-leylandii-gold-rider\/#breadcrumb","itemListElement":[{"@type":"ListItem","position":1,"name":"Home","item":"https:\/\/kentis.com\/fr\/"},{"@type":"ListItem","position":2,"name":"Boutique","item":"https:\/\/kentis.com\/fr\/boutique\/"},{"@type":"ListItem","position":3,"name":"Plantes","item":"https:\/\/kentis.com\/fr\/categorie-produit\/plantes\/"},{"@type":"ListItem","position":4,"name":"Plantes d'ext\u00e9rieur","item":"https:\/\/kentis.com\/fr\/categorie-produit\/plantes\/plantes-d-exterieur\/"},{"@type":"ListItem","position":5,"name":"Cupressocyparis Leylandii Gold Rider \u2013 Cypr\u00e8s de Leyland"}]},{"@type":"WebSite","@id":"https:\/\/kentis.com\/fr\/#website","url":"https:\/\/kentis.com\/fr\/","name":"Kentis","description":"Atelier del verde","publisher":{"@id":"https:\/\/kentis.com\/fr\/#organization"},"potentialAction":[{"@type":"SearchAction","target":{"@type":"EntryPoint","urlTemplate":"https:\/\/kentis.com\/fr\/?s={search_term_string}"},"query-input":{"@type":"PropertyValueSpecification","valueRequired":true,"valueName":"search_term_string"}}],"inLanguage":"fr-FR"},{"@type":"Organization","@id":"https:\/\/kentis.com\/fr\/#organization","name":"Kentis","url":"https:\/\/kentis.com\/fr\/","logo":{"@type":"ImageObject","inLanguage":"fr-FR","@id":"https:\/\/kentis.com\/fr\/#\/schema\/logo\/image\/","url":"https:\/\/kentis.com\/wp-content\/uploads\/2021\/08\/logo-main.png","contentUrl":"https:\/\/kentis.com\/wp-content\/uploads\/2021\/08\/logo-main.png","width":800,"height":204,"caption":"Kentis"},"image":{"@id":"https:\/\/kentis.com\/fr\/#\/schema\/logo\/image\/"},"sameAs":["https:\/\/www.facebook.com\/kentisgarden","https:\/\/www.instagram.com\/kentisgarden\/","https:\/\/it.pinterest.com\/kentisgarden","https:\/\/www.tiktok.com\/@kentis.com"]}]}},"_links":{"self":[{"href":"https:\/\/kentis.com\/fr\/wp-json\/wp\/v2\/product\/35994","targetHints":{"allow":["GET"]}}],"collection":[{"href":"https:\/\/kentis.com\/fr\/wp-json\/wp\/v2\/product"}],"about":[{"href":"https:\/\/kentis.com\/fr\/wp-json\/wp\/v2\/types\/product"}],"wp:featuredmedia":[{"embeddable":true,"href":"https:\/\/kentis.com\/fr\/wp-json\/wp\/v2\/media\/36020"}],"wp:attachment":[{"href":"https:\/\/kentis.com\/fr\/wp-json\/wp\/v2\/media?parent=35994"}],"wp:term":[{"taxonomy":"product_cat","embeddable":true,"href":"https:\/\/kentis.com\/fr\/wp-json\/wp\/v2\/product_cat?post=35994"},{"taxonomy":"product_tag","embeddable":true,"href":"https:\/\/kentis.com\/fr\/wp-json\/wp\/v2\/product_tag?post=35994"}],"curies":[{"name":"wp","href":"https:\/\/api.w.org\/{rel}","templated":true}]}}