{"id":35982,"date":"2025-09-30T14:31:46","date_gmt":"2025-09-30T12:31:46","guid":{"rendered":"https:\/\/kentis.com\/negozio\/cupressus-arizonica-fastigiata-glauca-cipresso-azzurro\/"},"modified":"2025-09-30T14:43:37","modified_gmt":"2025-09-30T12:43:37","slug":"cupressus-arizonica-fastigiata-glauca","status":"publish","type":"product","link":"https:\/\/kentis.com\/fr\/boutique\/cupressus-arizonica-fastigiata-glauca\/","title":{"rendered":"Cupressus Arizonica Fastigiata Glauca &#8211; Cypr\u00e8s Bleu de l&#8217;Arizona"},"content":{"rendered":"<div class=\"fusion-fullwidth fullwidth-box fusion-builder-row-1 fusion-flex-container has-pattern-background has-mask-background nonhundred-percent-fullwidth non-hundred-percent-height-scrolling\" style=\"--awb-border-radius-top-left:0px;--awb-border-radius-top-right:0px;--awb-border-radius-bottom-right:0px;--awb-border-radius-bottom-left:0px;--awb-padding-top:0px;--awb-padding-right:0px;--awb-padding-bottom:0px;--awb-padding-left:0px;--awb-flex-wrap:wrap;\" ><div class=\"fusion-builder-row fusion-row fusion-flex-align-items-flex-start fusion-flex-content-wrap\" style=\"max-width:1248px;margin-left: calc(-4% \/ 2 );margin-right: calc(-4% \/ 2 );\"><div class=\"fusion-layout-column fusion_builder_column fusion-builder-column-0 fusion_builder_column_1_1 1_1 fusion-flex-column\" style=\"--awb-bg-size:cover;--awb-width-large:100%;--awb-margin-top-large:0px;--awb-spacing-right-large:1.92%;--awb-margin-bottom-large:20px;--awb-spacing-left-large:1.92%;--awb-width-medium:100%;--awb-order-medium:0;--awb-spacing-right-medium:1.92%;--awb-spacing-left-medium:1.92%;--awb-width-small:100%;--awb-order-small:0;--awb-spacing-right-small:1.92%;--awb-spacing-left-small:1.92%;\"><div class=\"fusion-column-wrapper fusion-column-has-shadow fusion-flex-justify-content-flex-start fusion-content-layout-column\"><div class=\"fusion-text fusion-text-1\"><p data-start=\"35\" data-end=\"595\">La plante de <strong>Cupressus arizonica Fastigiata Glauca<\/strong>, \u00e9galement connue sous le nom de <strong>cypr\u00e8s bleu de l&#8217;Arizona<\/strong>, est une <strong>conif\u00e8re persistante<\/strong> au port conique dans sa jeunesse qui devient strictement colonnaire \u00e0 maturit\u00e9. Ce cypr\u00e8s poss\u00e8de des f<strong>euilles en forme d\u2019\u00e9cailles de couleur bleu\/acier<\/strong>, d\u2019o\u00f9 provient son nom commun. Originaire des \u00c9tats-Unis et appartenant \u00e0 la famille des Cupressac\u00e9es, c\u2019est une plante <strong>r\u00e9sistante au froid<\/strong> qui supporte sans probl\u00e8me des temp\u00e9ratures allant de -10 \u00e0 -20 \u00b0C et <strong>tol\u00e8re bien la salinit\u00e9<\/strong>, ce qui la rend adapt\u00e9e aux zones c\u00f4ti\u00e8res.<\/p>\n<p data-start=\"597\" data-end=\"882\">Gr\u00e2ce \u00e0 sa densit\u00e9 et \u00e0 la facilit\u00e9 avec laquelle il accepte la taille, le cypr\u00e8s arizonica Fastigiata Glauca <strong>est souvent utilis\u00e9 pour cr\u00e9er des haies, des brise-vent et pour l\u2019art topiaire, mais il se pr\u00eate \u00e9galement tr\u00e8s bien comme sujet isol\u00e9<\/strong>, mis en valeur en arbre ornemental.<\/p>\n<\/div><\/div><\/div><\/div><\/div>\n","protected":false},"excerpt":{"rendered":"","protected":false},"featured_media":35980,"template":"","meta":{"_acf_changed":false},"product_cat":[582,1014,522,523],"product_tag":[],"class_list":{"0":"post-35982","1":"product","2":"type-product","3":"status-publish","4":"has-post-thumbnail","6":"product_cat-arbres","7":"product_cat-plantes","8":"product_cat-plantes-d-exterieur","9":"product_cat-plantes-de-haie","10":"product_shipping_class-evergreen-fr","12":"first","13":"instock","14":"taxable","15":"shipping-taxable","16":"purchasable","17":"product-type-variable","18":"has-default-attributes"},"acf":[],"yoast_head":"<!-- This site is optimized with the Yoast SEO plugin v23.4 - https:\/\/yoast.com\/wordpress\/plugins\/seo\/ -->\n<title>Cupressus Arizonica Fastigiata Glauca - Cypr\u00e8s Bleu de l&#039;Arizona - Kentis<\/title>\n<meta name=\"description\" content=\"Le Cupressus arizonica Fastigiata Glauca est \u00e9galement connu sous le nom de cypr\u00e8s bleu de l&#039;Arizona en raison de la coloration de son feuillage.\" \/>\n<meta name=\"robots\" content=\"index, follow, max-snippet:-1, max-image-preview:large, max-video-preview:-1\" \/>\n<link rel=\"canonical\" href=\"https:\/\/kentis.com\/fr\/boutique\/cupressus-arizonica-fastigiata-glauca\/\" \/>\n<meta property=\"og:locale\" content=\"fr_FR\" \/>\n<meta property=\"og:type\" content=\"article\" \/>\n<meta property=\"og:title\" content=\"Cupressus Arizonica Fastigiata Glauca - Cypr\u00e8s Bleu de l&#039;Arizona - Kentis\" \/>\n<meta property=\"og:description\" content=\"Le Cupressus arizonica Fastigiata Glauca est \u00e9galement connu sous le nom de cypr\u00e8s bleu de l&#039;Arizona en raison de la coloration de son feuillage.\" \/>\n<meta property=\"og:url\" content=\"https:\/\/kentis.com\/fr\/boutique\/cupressus-arizonica-fastigiata-glauca\/\" \/>\n<meta property=\"og:site_name\" content=\"Kentis\" \/>\n<meta property=\"article:publisher\" content=\"https:\/\/www.facebook.com\/kentisgarden\" \/>\n<meta property=\"article:modified_time\" content=\"2025-09-30T12:43:37+00:00\" \/>\n<meta name=\"twitter:card\" content=\"summary_large_image\" \/>\n<meta name=\"twitter:label1\" content=\"Dur\u00e9e de lecture estim\u00e9e\" \/>\n\t<meta name=\"twitter:data1\" content=\"1 minute\" \/>\n<script type=\"application\/ld+json\" class=\"yoast-schema-graph\">{\"@context\":\"https:\/\/schema.org\",\"@graph\":[{\"@type\":\"WebPage\",\"@id\":\"https:\/\/kentis.com\/fr\/boutique\/cupressus-arizonica-fastigiata-glauca\/\",\"url\":\"https:\/\/kentis.com\/fr\/boutique\/cupressus-arizonica-fastigiata-glauca\/\",\"name\":\"Cupressus Arizonica Fastigiata Glauca - Cypr\u00e8s Bleu de l'Arizona - Kentis\",\"isPartOf\":{\"@id\":\"https:\/\/kentis.com\/fr\/#website\"},\"primaryImageOfPage\":{\"@id\":\"https:\/\/kentis.com\/fr\/boutique\/cupressus-arizonica-fastigiata-glauca\/#primaryimage\"},\"image\":{\"@id\":\"https:\/\/kentis.com\/fr\/boutique\/cupressus-arizonica-fastigiata-glauca\/#primaryimage\"},\"thumbnailUrl\":\"https:\/\/kentis.com\/wp-content\/uploads\/2025\/09\/cupressus-arizonica-fastigiata-glauca-vaso-30.jpg\",\"datePublished\":\"2025-09-30T12:31:46+00:00\",\"dateModified\":\"2025-09-30T12:43:37+00:00\",\"description\":\"Le Cupressus arizonica Fastigiata Glauca est \u00e9galement connu sous le nom de cypr\u00e8s bleu de l'Arizona en raison de la coloration de son feuillage.\",\"breadcrumb\":{\"@id\":\"https:\/\/kentis.com\/fr\/boutique\/cupressus-arizonica-fastigiata-glauca\/#breadcrumb\"},\"inLanguage\":\"fr-FR\",\"potentialAction\":[{\"@type\":\"ReadAction\",\"target\":[\"https:\/\/kentis.com\/fr\/boutique\/cupressus-arizonica-fastigiata-glauca\/\"]}]},{\"@type\":\"ImageObject\",\"inLanguage\":\"fr-FR\",\"@id\":\"https:\/\/kentis.com\/fr\/boutique\/cupressus-arizonica-fastigiata-glauca\/#primaryimage\",\"url\":\"https:\/\/kentis.com\/wp-content\/uploads\/2025\/09\/cupressus-arizonica-fastigiata-glauca-vaso-30.jpg\",\"contentUrl\":\"https:\/\/kentis.com\/wp-content\/uploads\/2025\/09\/cupressus-arizonica-fastigiata-glauca-vaso-30.jpg\",\"width\":1500,\"height\":1500},{\"@type\":\"BreadcrumbList\",\"@id\":\"https:\/\/kentis.com\/fr\/boutique\/cupressus-arizonica-fastigiata-glauca\/#breadcrumb\",\"itemListElement\":[{\"@type\":\"ListItem\",\"position\":1,\"name\":\"Home\",\"item\":\"https:\/\/kentis.com\/fr\/\"},{\"@type\":\"ListItem\",\"position\":2,\"name\":\"Boutique\",\"item\":\"https:\/\/kentis.com\/fr\/boutique\/\"},{\"@type\":\"ListItem\",\"position\":3,\"name\":\"Plantes\",\"item\":\"https:\/\/kentis.com\/fr\/categorie-produit\/plantes\/\"},{\"@type\":\"ListItem\",\"position\":4,\"name\":\"Cupressus Arizonica Fastigiata Glauca &#8211; Cypr\u00e8s Bleu de l&#8217;Arizona\"}]},{\"@type\":\"WebSite\",\"@id\":\"https:\/\/kentis.com\/fr\/#website\",\"url\":\"https:\/\/kentis.com\/fr\/\",\"name\":\"Kentis\",\"description\":\"Atelier del verde\",\"publisher\":{\"@id\":\"https:\/\/kentis.com\/fr\/#organization\"},\"potentialAction\":[{\"@type\":\"SearchAction\",\"target\":{\"@type\":\"EntryPoint\",\"urlTemplate\":\"https:\/\/kentis.com\/fr\/?s={search_term_string}\"},\"query-input\":{\"@type\":\"PropertyValueSpecification\",\"valueRequired\":true,\"valueName\":\"search_term_string\"}}],\"inLanguage\":\"fr-FR\"},{\"@type\":\"Organization\",\"@id\":\"https:\/\/kentis.com\/fr\/#organization\",\"name\":\"Kentis\",\"url\":\"https:\/\/kentis.com\/fr\/\",\"logo\":{\"@type\":\"ImageObject\",\"inLanguage\":\"fr-FR\",\"@id\":\"https:\/\/kentis.com\/fr\/#\/schema\/logo\/image\/\",\"url\":\"https:\/\/kentis.com\/wp-content\/uploads\/2021\/08\/logo-main.png\",\"contentUrl\":\"https:\/\/kentis.com\/wp-content\/uploads\/2021\/08\/logo-main.png\",\"width\":800,\"height\":204,\"caption\":\"Kentis\"},\"image\":{\"@id\":\"https:\/\/kentis.com\/fr\/#\/schema\/logo\/image\/\"},\"sameAs\":[\"https:\/\/www.facebook.com\/kentisgarden\",\"https:\/\/www.instagram.com\/kentisgarden\/\",\"https:\/\/it.pinterest.com\/kentisgarden\",\"https:\/\/www.tiktok.com\/@kentis.com\"]}]}<\/script>\n<!-- \/ Yoast SEO plugin. -->","yoast_head_json":{"title":"Cupressus Arizonica Fastigiata Glauca - Cypr\u00e8s Bleu de l'Arizona - Kentis","description":"Le Cupressus arizonica Fastigiata Glauca est \u00e9galement connu sous le nom de cypr\u00e8s bleu de l'Arizona en raison de la coloration de son feuillage.","robots":{"index":"index","follow":"follow","max-snippet":"max-snippet:-1","max-image-preview":"max-image-preview:large","max-video-preview":"max-video-preview:-1"},"canonical":"https:\/\/kentis.com\/fr\/boutique\/cupressus-arizonica-fastigiata-glauca\/","og_locale":"fr_FR","og_type":"article","og_title":"Cupressus Arizonica Fastigiata Glauca - Cypr\u00e8s Bleu de l'Arizona - Kentis","og_description":"Le Cupressus arizonica Fastigiata Glauca est \u00e9galement connu sous le nom de cypr\u00e8s bleu de l'Arizona en raison de la coloration de son feuillage.","og_url":"https:\/\/kentis.com\/fr\/boutique\/cupressus-arizonica-fastigiata-glauca\/","og_site_name":"Kentis","article_publisher":"https:\/\/www.facebook.com\/kentisgarden","article_modified_time":"2025-09-30T12:43:37+00:00","twitter_card":"summary_large_image","twitter_misc":{"Dur\u00e9e de lecture estim\u00e9e":"1 minute"},"schema":{"@context":"https:\/\/schema.org","@graph":[{"@type":"WebPage","@id":"https:\/\/kentis.com\/fr\/boutique\/cupressus-arizonica-fastigiata-glauca\/","url":"https:\/\/kentis.com\/fr\/boutique\/cupressus-arizonica-fastigiata-glauca\/","name":"Cupressus Arizonica Fastigiata Glauca - Cypr\u00e8s Bleu de l'Arizona - Kentis","isPartOf":{"@id":"https:\/\/kentis.com\/fr\/#website"},"primaryImageOfPage":{"@id":"https:\/\/kentis.com\/fr\/boutique\/cupressus-arizonica-fastigiata-glauca\/#primaryimage"},"image":{"@id":"https:\/\/kentis.com\/fr\/boutique\/cupressus-arizonica-fastigiata-glauca\/#primaryimage"},"thumbnailUrl":"https:\/\/kentis.com\/wp-content\/uploads\/2025\/09\/cupressus-arizonica-fastigiata-glauca-vaso-30.jpg","datePublished":"2025-09-30T12:31:46+00:00","dateModified":"2025-09-30T12:43:37+00:00","description":"Le Cupressus arizonica Fastigiata Glauca est \u00e9galement connu sous le nom de cypr\u00e8s bleu de l'Arizona en raison de la coloration de son feuillage.","breadcrumb":{"@id":"https:\/\/kentis.com\/fr\/boutique\/cupressus-arizonica-fastigiata-glauca\/#breadcrumb"},"inLanguage":"fr-FR","potentialAction":[{"@type":"ReadAction","target":["https:\/\/kentis.com\/fr\/boutique\/cupressus-arizonica-fastigiata-glauca\/"]}]},{"@type":"ImageObject","inLanguage":"fr-FR","@id":"https:\/\/kentis.com\/fr\/boutique\/cupressus-arizonica-fastigiata-glauca\/#primaryimage","url":"https:\/\/kentis.com\/wp-content\/uploads\/2025\/09\/cupressus-arizonica-fastigiata-glauca-vaso-30.jpg","contentUrl":"https:\/\/kentis.com\/wp-content\/uploads\/2025\/09\/cupressus-arizonica-fastigiata-glauca-vaso-30.jpg","width":1500,"height":1500},{"@type":"BreadcrumbList","@id":"https:\/\/kentis.com\/fr\/boutique\/cupressus-arizonica-fastigiata-glauca\/#breadcrumb","itemListElement":[{"@type":"ListItem","position":1,"name":"Home","item":"https:\/\/kentis.com\/fr\/"},{"@type":"ListItem","position":2,"name":"Boutique","item":"https:\/\/kentis.com\/fr\/boutique\/"},{"@type":"ListItem","position":3,"name":"Plantes","item":"https:\/\/kentis.com\/fr\/categorie-produit\/plantes\/"},{"@type":"ListItem","position":4,"name":"Cupressus Arizonica Fastigiata Glauca &#8211; Cypr\u00e8s Bleu de l&#8217;Arizona"}]},{"@type":"WebSite","@id":"https:\/\/kentis.com\/fr\/#website","url":"https:\/\/kentis.com\/fr\/","name":"Kentis","description":"Atelier del verde","publisher":{"@id":"https:\/\/kentis.com\/fr\/#organization"},"potentialAction":[{"@type":"SearchAction","target":{"@type":"EntryPoint","urlTemplate":"https:\/\/kentis.com\/fr\/?s={search_term_string}"},"query-input":{"@type":"PropertyValueSpecification","valueRequired":true,"valueName":"search_term_string"}}],"inLanguage":"fr-FR"},{"@type":"Organization","@id":"https:\/\/kentis.com\/fr\/#organization","name":"Kentis","url":"https:\/\/kentis.com\/fr\/","logo":{"@type":"ImageObject","inLanguage":"fr-FR","@id":"https:\/\/kentis.com\/fr\/#\/schema\/logo\/image\/","url":"https:\/\/kentis.com\/wp-content\/uploads\/2021\/08\/logo-main.png","contentUrl":"https:\/\/kentis.com\/wp-content\/uploads\/2021\/08\/logo-main.png","width":800,"height":204,"caption":"Kentis"},"image":{"@id":"https:\/\/kentis.com\/fr\/#\/schema\/logo\/image\/"},"sameAs":["https:\/\/www.facebook.com\/kentisgarden","https:\/\/www.instagram.com\/kentisgarden\/","https:\/\/it.pinterest.com\/kentisgarden","https:\/\/www.tiktok.com\/@kentis.com"]}]}},"_links":{"self":[{"href":"https:\/\/kentis.com\/fr\/wp-json\/wp\/v2\/product\/35982","targetHints":{"allow":["GET"]}}],"collection":[{"href":"https:\/\/kentis.com\/fr\/wp-json\/wp\/v2\/product"}],"about":[{"href":"https:\/\/kentis.com\/fr\/wp-json\/wp\/v2\/types\/product"}],"wp:featuredmedia":[{"embeddable":true,"href":"https:\/\/kentis.com\/fr\/wp-json\/wp\/v2\/media\/35980"}],"wp:attachment":[{"href":"https:\/\/kentis.com\/fr\/wp-json\/wp\/v2\/media?parent=35982"}],"wp:term":[{"taxonomy":"product_cat","embeddable":true,"href":"https:\/\/kentis.com\/fr\/wp-json\/wp\/v2\/product_cat?post=35982"},{"taxonomy":"product_tag","embeddable":true,"href":"https:\/\/kentis.com\/fr\/wp-json\/wp\/v2\/product_tag?post=35982"}],"curies":[{"name":"wp","href":"https:\/\/api.w.org\/{rel}","templated":true}]}}