{"id":35938,"date":"2025-09-30T10:35:12","date_gmt":"2025-09-30T08:35:12","guid":{"rendered":"https:\/\/kentis.com\/negozio\/cipresso-giallo-alberello\/"},"modified":"2025-09-30T11:10:02","modified_gmt":"2025-09-30T09:10:02","slug":"cypres-de-leyland-dore-boule-sur-tige","status":"publish","type":"product","link":"https:\/\/kentis.com\/fr\/boutique\/cypres-de-leyland-dore-boule-sur-tige\/","title":{"rendered":"Cypr\u00e8s de Leyland Dor\u00e9 Boule sur Tige \u2013 Cupressocyparis Leylandii Castlewellan Gold"},"content":{"rendered":"<div class=\"fusion-fullwidth fullwidth-box fusion-builder-row-1 fusion-flex-container has-pattern-background has-mask-background nonhundred-percent-fullwidth non-hundred-percent-height-scrolling\" style=\"--awb-border-radius-top-left:0px;--awb-border-radius-top-right:0px;--awb-border-radius-bottom-right:0px;--awb-border-radius-bottom-left:0px;--awb-padding-top:0px;--awb-padding-right:0px;--awb-padding-bottom:0px;--awb-padding-left:0px;--awb-flex-wrap:wrap;\" ><div class=\"fusion-builder-row fusion-row fusion-flex-align-items-flex-start fusion-flex-content-wrap\" style=\"max-width:1248px;margin-left: calc(-4% \/ 2 );margin-right: calc(-4% \/ 2 );\"><div class=\"fusion-layout-column fusion_builder_column fusion-builder-column-0 fusion_builder_column_1_1 1_1 fusion-flex-column\" style=\"--awb-bg-size:cover;--awb-width-large:100%;--awb-margin-top-large:0px;--awb-spacing-right-large:1.92%;--awb-margin-bottom-large:20px;--awb-spacing-left-large:1.92%;--awb-width-medium:100%;--awb-order-medium:0;--awb-spacing-right-medium:1.92%;--awb-spacing-left-medium:1.92%;--awb-width-small:100%;--awb-order-small:0;--awb-spacing-right-small:1.92%;--awb-spacing-left-small:1.92%;\"><div class=\"fusion-column-wrapper fusion-column-has-shadow fusion-flex-justify-content-flex-start fusion-content-layout-column\"><div class=\"fusion-text fusion-text-1\"><p>La\u00a0<strong>plante de Cupressocyparis leylandii Castlewellan Gold<\/strong>, \u00e9galement connue sous le nom de\u00a0<strong>cypr\u00e8s dor\u00e9 de Leyland<\/strong>, est une\u00a0<strong>conif\u00e8re persistante<\/strong> au port dress\u00e9, dot\u00e9e d\u2019un feuillage compact et d\u00e9coratif. Ce cypr\u00e8s de Leyland dor\u00e9 boule sur tige pr\u00e9sente des\u00a0<strong>feuilles en forme d\u2019\u00e9cailles<\/strong>\u00a0qui, lors de leur pousse, affichent une\u00a0<strong>couleur jaune caract\u00e9ristique virant progressivement au vert<\/strong>, cr\u00e9ant ainsi un agr\u00e9able jeu de couleurs au fil de l\u2019ann\u00e9e. Originaire d\u2019Angleterre et appartenant \u00e0 la famille des Cupressac\u00e9es, c\u2019est une\u00a0<strong>plante r\u00e9sistante au froid<\/strong>\u00a0qui supporte sans difficult\u00e9 des temp\u00e9ratures allant jusqu\u2019\u00e0 -15\/-20 \u00b0C et\u00a0<strong>tol\u00e8re bien la salinit\u00e9<\/strong>, ce qui la rend adapt\u00e9e aux zones c\u00f4ti\u00e8res.<\/p>\n<p>Gr\u00e2ce \u00e0 sa densit\u00e9 et \u00e0 la facilit\u00e9 avec laquelle il accepte la taille, le cypr\u00e8s de Leyland Castlewellan Gold est souvent utilis\u00e9 pour les haies, les brise-vent et l\u2019art topiaire. Dans ce cas, il a \u00e9t\u00e9 soigneusement fa\u00e7onn\u00e9 en forme de boule sur tige, se transformant en une sculpture v\u00e9g\u00e9tale raffin\u00e9e et \u00e9l\u00e9gante, parfaite pour d\u00e9corer jardins, entr\u00e9es et espaces verts avec un style original et percutant.<\/p>\n<p><em>Hauteur \u00e0 partir de la base du pot: 80\/100 cm.<\/em><\/p>\n<\/div><\/div><\/div><\/div><\/div>\n","protected":false},"excerpt":{"rendered":"","protected":false},"featured_media":35936,"template":"","meta":{"_acf_changed":false},"product_cat":[582,1265,522],"product_tag":[],"class_list":{"0":"post-35938","1":"product","2":"type-product","3":"status-publish","4":"has-post-thumbnail","6":"product_cat-arbres","7":"product_cat-forme-fr","8":"product_cat-plantes-d-exterieur","9":"product_shipping_class-evergreen-fr","11":"first","12":"instock","13":"taxable","14":"shipping-taxable","15":"purchasable","16":"product-type-variable","17":"has-default-attributes"},"acf":[],"yoast_head":"<!-- This site is optimized with the Yoast SEO plugin v23.4 - https:\/\/yoast.com\/wordpress\/plugins\/seo\/ -->\n<title>Cypr\u00e8s de Leyland Dor\u00e9 Boule sur Tige (C. l. Castlewellan Gold) - Kentis<\/title>\n<meta name=\"description\" content=\"Le cypr\u00e8s de leyland dor\u00e9 boule sur tige (Cupressocyparis leylandii Castlewellan Gold) c\u2019est parfaite pour d\u00e9corer entr\u00e9es, jardins et balcons.\" \/>\n<meta name=\"robots\" content=\"index, follow, max-snippet:-1, max-image-preview:large, max-video-preview:-1\" \/>\n<link rel=\"canonical\" href=\"https:\/\/kentis.com\/fr\/boutique\/cypres-de-leyland-dore-boule-sur-tige\/\" \/>\n<meta property=\"og:locale\" content=\"fr_FR\" \/>\n<meta property=\"og:type\" content=\"article\" \/>\n<meta property=\"og:title\" content=\"Cypr\u00e8s de Leyland Dor\u00e9 Boule sur Tige (C. l. Castlewellan Gold) - Kentis\" \/>\n<meta property=\"og:description\" content=\"Le cypr\u00e8s de leyland dor\u00e9 boule sur tige (Cupressocyparis leylandii Castlewellan Gold) c\u2019est parfaite pour d\u00e9corer entr\u00e9es, jardins et balcons.\" \/>\n<meta property=\"og:url\" content=\"https:\/\/kentis.com\/fr\/boutique\/cypres-de-leyland-dore-boule-sur-tige\/\" \/>\n<meta property=\"og:site_name\" content=\"Kentis\" \/>\n<meta property=\"article:publisher\" content=\"https:\/\/www.facebook.com\/kentisgarden\" \/>\n<meta property=\"article:modified_time\" content=\"2025-09-30T09:10:02+00:00\" \/>\n<meta property=\"og:image\" content=\"https:\/\/kentis.com\/wp-content\/uploads\/2025\/09\/cupressocyparis-leylandii-castlewellan-gold-alberello.png\" \/>\n\t<meta property=\"og:image:width\" content=\"1500\" \/>\n\t<meta property=\"og:image:height\" content=\"1500\" \/>\n\t<meta property=\"og:image:type\" content=\"image\/png\" \/>\n<meta name=\"twitter:card\" content=\"summary_large_image\" \/>\n<meta name=\"twitter:label1\" content=\"Dur\u00e9e de lecture estim\u00e9e\" \/>\n\t<meta name=\"twitter:data1\" content=\"2 minutes\" \/>\n<script type=\"application\/ld+json\" class=\"yoast-schema-graph\">{\"@context\":\"https:\/\/schema.org\",\"@graph\":[{\"@type\":\"WebPage\",\"@id\":\"https:\/\/kentis.com\/fr\/boutique\/cypres-de-leyland-dore-boule-sur-tige\/\",\"url\":\"https:\/\/kentis.com\/fr\/boutique\/cypres-de-leyland-dore-boule-sur-tige\/\",\"name\":\"Cypr\u00e8s de Leyland Dor\u00e9 Boule sur Tige (C. l. Castlewellan Gold) - Kentis\",\"isPartOf\":{\"@id\":\"https:\/\/kentis.com\/fr\/#website\"},\"primaryImageOfPage\":{\"@id\":\"https:\/\/kentis.com\/fr\/boutique\/cypres-de-leyland-dore-boule-sur-tige\/#primaryimage\"},\"image\":{\"@id\":\"https:\/\/kentis.com\/fr\/boutique\/cypres-de-leyland-dore-boule-sur-tige\/#primaryimage\"},\"thumbnailUrl\":\"https:\/\/kentis.com\/wp-content\/uploads\/2025\/09\/cupressocyparis-leylandii-castlewellan-gold-alberello.png\",\"datePublished\":\"2025-09-30T08:35:12+00:00\",\"dateModified\":\"2025-09-30T09:10:02+00:00\",\"description\":\"Le cypr\u00e8s de leyland dor\u00e9 boule sur tige (Cupressocyparis leylandii Castlewellan Gold) c\u2019est parfaite pour d\u00e9corer entr\u00e9es, jardins et balcons.\",\"breadcrumb\":{\"@id\":\"https:\/\/kentis.com\/fr\/boutique\/cypres-de-leyland-dore-boule-sur-tige\/#breadcrumb\"},\"inLanguage\":\"fr-FR\",\"potentialAction\":[{\"@type\":\"ReadAction\",\"target\":[\"https:\/\/kentis.com\/fr\/boutique\/cypres-de-leyland-dore-boule-sur-tige\/\"]}]},{\"@type\":\"ImageObject\",\"inLanguage\":\"fr-FR\",\"@id\":\"https:\/\/kentis.com\/fr\/boutique\/cypres-de-leyland-dore-boule-sur-tige\/#primaryimage\",\"url\":\"https:\/\/kentis.com\/wp-content\/uploads\/2025\/09\/cupressocyparis-leylandii-castlewellan-gold-alberello.png\",\"contentUrl\":\"https:\/\/kentis.com\/wp-content\/uploads\/2025\/09\/cupressocyparis-leylandii-castlewellan-gold-alberello.png\",\"width\":1500,\"height\":1500},{\"@type\":\"BreadcrumbList\",\"@id\":\"https:\/\/kentis.com\/fr\/boutique\/cypres-de-leyland-dore-boule-sur-tige\/#breadcrumb\",\"itemListElement\":[{\"@type\":\"ListItem\",\"position\":1,\"name\":\"Home\",\"item\":\"https:\/\/kentis.com\/fr\/\"},{\"@type\":\"ListItem\",\"position\":2,\"name\":\"Boutique\",\"item\":\"https:\/\/kentis.com\/fr\/boutique\/\"},{\"@type\":\"ListItem\",\"position\":3,\"name\":\"Plantes\",\"item\":\"https:\/\/kentis.com\/fr\/categorie-produit\/plantes\/\"},{\"@type\":\"ListItem\",\"position\":4,\"name\":\"Plantes d'ext\u00e9rieur\",\"item\":\"https:\/\/kentis.com\/fr\/categorie-produit\/plantes\/plantes-d-exterieur\/\"},{\"@type\":\"ListItem\",\"position\":5,\"name\":\"Cypr\u00e8s de Leyland Dor\u00e9 Boule sur Tige \u2013 Cupressocyparis Leylandii Castlewellan Gold\"}]},{\"@type\":\"WebSite\",\"@id\":\"https:\/\/kentis.com\/fr\/#website\",\"url\":\"https:\/\/kentis.com\/fr\/\",\"name\":\"Kentis\",\"description\":\"Atelier del verde\",\"publisher\":{\"@id\":\"https:\/\/kentis.com\/fr\/#organization\"},\"potentialAction\":[{\"@type\":\"SearchAction\",\"target\":{\"@type\":\"EntryPoint\",\"urlTemplate\":\"https:\/\/kentis.com\/fr\/?s={search_term_string}\"},\"query-input\":{\"@type\":\"PropertyValueSpecification\",\"valueRequired\":true,\"valueName\":\"search_term_string\"}}],\"inLanguage\":\"fr-FR\"},{\"@type\":\"Organization\",\"@id\":\"https:\/\/kentis.com\/fr\/#organization\",\"name\":\"Kentis\",\"url\":\"https:\/\/kentis.com\/fr\/\",\"logo\":{\"@type\":\"ImageObject\",\"inLanguage\":\"fr-FR\",\"@id\":\"https:\/\/kentis.com\/fr\/#\/schema\/logo\/image\/\",\"url\":\"https:\/\/kentis.com\/wp-content\/uploads\/2021\/08\/logo-main.png\",\"contentUrl\":\"https:\/\/kentis.com\/wp-content\/uploads\/2021\/08\/logo-main.png\",\"width\":800,\"height\":204,\"caption\":\"Kentis\"},\"image\":{\"@id\":\"https:\/\/kentis.com\/fr\/#\/schema\/logo\/image\/\"},\"sameAs\":[\"https:\/\/www.facebook.com\/kentisgarden\",\"https:\/\/www.instagram.com\/kentisgarden\/\",\"https:\/\/it.pinterest.com\/kentisgarden\",\"https:\/\/www.tiktok.com\/@kentis.com\"]}]}<\/script>\n<!-- \/ Yoast SEO plugin. -->","yoast_head_json":{"title":"Cypr\u00e8s de Leyland Dor\u00e9 Boule sur Tige (C. l. Castlewellan Gold) - Kentis","description":"Le cypr\u00e8s de leyland dor\u00e9 boule sur tige (Cupressocyparis leylandii Castlewellan Gold) c\u2019est parfaite pour d\u00e9corer entr\u00e9es, jardins et balcons.","robots":{"index":"index","follow":"follow","max-snippet":"max-snippet:-1","max-image-preview":"max-image-preview:large","max-video-preview":"max-video-preview:-1"},"canonical":"https:\/\/kentis.com\/fr\/boutique\/cypres-de-leyland-dore-boule-sur-tige\/","og_locale":"fr_FR","og_type":"article","og_title":"Cypr\u00e8s de Leyland Dor\u00e9 Boule sur Tige (C. l. Castlewellan Gold) - Kentis","og_description":"Le cypr\u00e8s de leyland dor\u00e9 boule sur tige (Cupressocyparis leylandii Castlewellan Gold) c\u2019est parfaite pour d\u00e9corer entr\u00e9es, jardins et balcons.","og_url":"https:\/\/kentis.com\/fr\/boutique\/cypres-de-leyland-dore-boule-sur-tige\/","og_site_name":"Kentis","article_publisher":"https:\/\/www.facebook.com\/kentisgarden","article_modified_time":"2025-09-30T09:10:02+00:00","og_image":[{"width":1500,"height":1500,"url":"https:\/\/kentis.com\/wp-content\/uploads\/2025\/09\/cupressocyparis-leylandii-castlewellan-gold-alberello.png","type":"image\/png"}],"twitter_card":"summary_large_image","twitter_misc":{"Dur\u00e9e de lecture estim\u00e9e":"2 minutes"},"schema":{"@context":"https:\/\/schema.org","@graph":[{"@type":"WebPage","@id":"https:\/\/kentis.com\/fr\/boutique\/cypres-de-leyland-dore-boule-sur-tige\/","url":"https:\/\/kentis.com\/fr\/boutique\/cypres-de-leyland-dore-boule-sur-tige\/","name":"Cypr\u00e8s de Leyland Dor\u00e9 Boule sur Tige (C. l. Castlewellan Gold) - Kentis","isPartOf":{"@id":"https:\/\/kentis.com\/fr\/#website"},"primaryImageOfPage":{"@id":"https:\/\/kentis.com\/fr\/boutique\/cypres-de-leyland-dore-boule-sur-tige\/#primaryimage"},"image":{"@id":"https:\/\/kentis.com\/fr\/boutique\/cypres-de-leyland-dore-boule-sur-tige\/#primaryimage"},"thumbnailUrl":"https:\/\/kentis.com\/wp-content\/uploads\/2025\/09\/cupressocyparis-leylandii-castlewellan-gold-alberello.png","datePublished":"2025-09-30T08:35:12+00:00","dateModified":"2025-09-30T09:10:02+00:00","description":"Le cypr\u00e8s de leyland dor\u00e9 boule sur tige (Cupressocyparis leylandii Castlewellan Gold) c\u2019est parfaite pour d\u00e9corer entr\u00e9es, jardins et balcons.","breadcrumb":{"@id":"https:\/\/kentis.com\/fr\/boutique\/cypres-de-leyland-dore-boule-sur-tige\/#breadcrumb"},"inLanguage":"fr-FR","potentialAction":[{"@type":"ReadAction","target":["https:\/\/kentis.com\/fr\/boutique\/cypres-de-leyland-dore-boule-sur-tige\/"]}]},{"@type":"ImageObject","inLanguage":"fr-FR","@id":"https:\/\/kentis.com\/fr\/boutique\/cypres-de-leyland-dore-boule-sur-tige\/#primaryimage","url":"https:\/\/kentis.com\/wp-content\/uploads\/2025\/09\/cupressocyparis-leylandii-castlewellan-gold-alberello.png","contentUrl":"https:\/\/kentis.com\/wp-content\/uploads\/2025\/09\/cupressocyparis-leylandii-castlewellan-gold-alberello.png","width":1500,"height":1500},{"@type":"BreadcrumbList","@id":"https:\/\/kentis.com\/fr\/boutique\/cypres-de-leyland-dore-boule-sur-tige\/#breadcrumb","itemListElement":[{"@type":"ListItem","position":1,"name":"Home","item":"https:\/\/kentis.com\/fr\/"},{"@type":"ListItem","position":2,"name":"Boutique","item":"https:\/\/kentis.com\/fr\/boutique\/"},{"@type":"ListItem","position":3,"name":"Plantes","item":"https:\/\/kentis.com\/fr\/categorie-produit\/plantes\/"},{"@type":"ListItem","position":4,"name":"Plantes d'ext\u00e9rieur","item":"https:\/\/kentis.com\/fr\/categorie-produit\/plantes\/plantes-d-exterieur\/"},{"@type":"ListItem","position":5,"name":"Cypr\u00e8s de Leyland Dor\u00e9 Boule sur Tige \u2013 Cupressocyparis Leylandii Castlewellan Gold"}]},{"@type":"WebSite","@id":"https:\/\/kentis.com\/fr\/#website","url":"https:\/\/kentis.com\/fr\/","name":"Kentis","description":"Atelier del verde","publisher":{"@id":"https:\/\/kentis.com\/fr\/#organization"},"potentialAction":[{"@type":"SearchAction","target":{"@type":"EntryPoint","urlTemplate":"https:\/\/kentis.com\/fr\/?s={search_term_string}"},"query-input":{"@type":"PropertyValueSpecification","valueRequired":true,"valueName":"search_term_string"}}],"inLanguage":"fr-FR"},{"@type":"Organization","@id":"https:\/\/kentis.com\/fr\/#organization","name":"Kentis","url":"https:\/\/kentis.com\/fr\/","logo":{"@type":"ImageObject","inLanguage":"fr-FR","@id":"https:\/\/kentis.com\/fr\/#\/schema\/logo\/image\/","url":"https:\/\/kentis.com\/wp-content\/uploads\/2021\/08\/logo-main.png","contentUrl":"https:\/\/kentis.com\/wp-content\/uploads\/2021\/08\/logo-main.png","width":800,"height":204,"caption":"Kentis"},"image":{"@id":"https:\/\/kentis.com\/fr\/#\/schema\/logo\/image\/"},"sameAs":["https:\/\/www.facebook.com\/kentisgarden","https:\/\/www.instagram.com\/kentisgarden\/","https:\/\/it.pinterest.com\/kentisgarden","https:\/\/www.tiktok.com\/@kentis.com"]}]}},"_links":{"self":[{"href":"https:\/\/kentis.com\/fr\/wp-json\/wp\/v2\/product\/35938","targetHints":{"allow":["GET"]}}],"collection":[{"href":"https:\/\/kentis.com\/fr\/wp-json\/wp\/v2\/product"}],"about":[{"href":"https:\/\/kentis.com\/fr\/wp-json\/wp\/v2\/types\/product"}],"wp:featuredmedia":[{"embeddable":true,"href":"https:\/\/kentis.com\/fr\/wp-json\/wp\/v2\/media\/35936"}],"wp:attachment":[{"href":"https:\/\/kentis.com\/fr\/wp-json\/wp\/v2\/media?parent=35938"}],"wp:term":[{"taxonomy":"product_cat","embeddable":true,"href":"https:\/\/kentis.com\/fr\/wp-json\/wp\/v2\/product_cat?post=35938"},{"taxonomy":"product_tag","embeddable":true,"href":"https:\/\/kentis.com\/fr\/wp-json\/wp\/v2\/product_tag?post=35938"}],"curies":[{"name":"wp","href":"https:\/\/api.w.org\/{rel}","templated":true}]}}