{"id":35841,"date":"2025-09-29T10:30:44","date_gmt":"2025-09-29T08:30:44","guid":{"rendered":"https:\/\/kentis.com\/negozio\/cupressocyparis-leylandii-castlewellan-gold-cipresso-giallo\/"},"modified":"2025-09-30T09:30:53","modified_gmt":"2025-09-30T07:30:53","slug":"cupressocyparis-leylandii-castlewellan-gold","status":"publish","type":"product","link":"https:\/\/kentis.com\/fr\/boutique\/cupressocyparis-leylandii-castlewellan-gold\/","title":{"rendered":"Cupressocyparis Leylandii Castlewellan Gold &#8211; Cypr\u00e8s de Leyland Dor\u00e9"},"content":{"rendered":"<div class=\"fusion-fullwidth fullwidth-box fusion-builder-row-1 fusion-flex-container has-pattern-background has-mask-background nonhundred-percent-fullwidth non-hundred-percent-height-scrolling\" style=\"--awb-border-radius-top-left:0px;--awb-border-radius-top-right:0px;--awb-border-radius-bottom-right:0px;--awb-border-radius-bottom-left:0px;--awb-padding-top:0px;--awb-padding-right:0px;--awb-padding-bottom:0px;--awb-padding-left:0px;--awb-flex-wrap:wrap;\" ><div class=\"fusion-builder-row fusion-row fusion-flex-align-items-flex-start fusion-flex-content-wrap\" style=\"max-width:1248px;margin-left: calc(-4% \/ 2 );margin-right: calc(-4% \/ 2 );\"><div class=\"fusion-layout-column fusion_builder_column fusion-builder-column-0 fusion_builder_column_1_1 1_1 fusion-flex-column\" style=\"--awb-bg-size:cover;--awb-width-large:100%;--awb-margin-top-large:0px;--awb-spacing-right-large:1.92%;--awb-margin-bottom-large:0px;--awb-spacing-left-large:1.92%;--awb-width-medium:100%;--awb-spacing-right-medium:1.92%;--awb-spacing-left-medium:1.92%;--awb-width-small:100%;--awb-spacing-right-small:1.92%;--awb-spacing-left-small:1.92%;\"><div class=\"fusion-column-wrapper fusion-flex-justify-content-flex-start fusion-content-layout-column\"><div class=\"fusion-text fusion-text-1\"><p>La <strong>plante de Cupressocyparis leylandii Castlewellan Gold<\/strong>, \u00e9galement connue sous le nom de <strong>cypr\u00e8s dor\u00e9 de Leyland<\/strong>, est une <strong>conif\u00e8re persistante<\/strong> au port dress\u00e9, dot\u00e9e d\u2019un feuillage compact et d\u00e9coratif. Ce cypr\u00e8s pr\u00e9sente des <strong>feuilles en forme d\u2019\u00e9cailles<\/strong> qui, lors de leur pousse, affichent une <strong>couleur jaune caract\u00e9ristique virant progressivement au vert<\/strong>, cr\u00e9ant ainsi un agr\u00e9able jeu de couleurs au fil de l\u2019ann\u00e9e. Originaire d\u2019Angleterre et appartenant \u00e0 la famille des Cupressac\u00e9es, c\u2019est une <strong>plante r\u00e9sistante au froid<\/strong> qui supporte sans difficult\u00e9 des temp\u00e9ratures allant jusqu\u2019\u00e0 -15\/-20 \u00b0C et <strong>tol\u00e8re bien la salinit\u00e9<\/strong>, ce qui la rend adapt\u00e9e aux zones c\u00f4ti\u00e8res.<\/p>\n<p>Gr\u00e2ce \u00e0 sa densit\u00e9 et \u00e0 la facilit\u00e9 avec laquelle il accepte la taille, le cypr\u00e8s de Leyland Castlewellan Gold est <strong>souvent utilis\u00e9 pour cr\u00e9er des haies, des brise-vent et pour l\u2019art topiaire, mais il se pr\u00eate \u00e9galement tr\u00e8s bien comme sujet isol\u00e9<\/strong>, mis en valeur en arbre d\u2019ornement.<\/p>\n<\/div><\/div><\/div><\/div><\/div>\n","protected":false},"excerpt":{"rendered":"","protected":false},"featured_media":35839,"template":"","meta":{"_acf_changed":false},"product_cat":[582,522,523],"product_tag":[],"class_list":{"0":"post-35841","1":"product","2":"type-product","3":"status-publish","4":"has-post-thumbnail","6":"product_cat-arbres","7":"product_cat-plantes-d-exterieur","8":"product_cat-plantes-de-haie","9":"product_shipping_class-evergreen-fr","11":"first","12":"instock","13":"taxable","14":"shipping-taxable","15":"purchasable","16":"product-type-variable","17":"has-default-attributes"},"acf":[],"yoast_head":"<!-- This site is optimized with the Yoast SEO plugin v23.4 - https:\/\/yoast.com\/wordpress\/plugins\/seo\/ -->\n<title>Cupressocyparis Leylandii Castlewellan Gold - Cypr\u00e8s de Leyland - Kentis<\/title>\n<meta name=\"description\" content=\"La plante de Cupressocyparis leylandii Castlewellan Gold ou cypr\u00e8s dor\u00e9 de Leyland poss\u00e8de des feuilles qui, lors de leur pousse, sont de couleur jaune.\" \/>\n<meta name=\"robots\" content=\"index, follow, max-snippet:-1, max-image-preview:large, max-video-preview:-1\" \/>\n<link rel=\"canonical\" href=\"https:\/\/kentis.com\/fr\/boutique\/cupressocyparis-leylandii-castlewellan-gold\/\" \/>\n<meta property=\"og:locale\" content=\"fr_FR\" \/>\n<meta property=\"og:type\" content=\"article\" \/>\n<meta property=\"og:title\" content=\"Cupressocyparis Leylandii Castlewellan Gold - Cypr\u00e8s de Leyland - Kentis\" \/>\n<meta property=\"og:description\" content=\"La plante de Cupressocyparis leylandii Castlewellan Gold ou cypr\u00e8s dor\u00e9 de Leyland poss\u00e8de des feuilles qui, lors de leur pousse, sont de couleur jaune.\" \/>\n<meta property=\"og:url\" content=\"https:\/\/kentis.com\/fr\/boutique\/cupressocyparis-leylandii-castlewellan-gold\/\" \/>\n<meta property=\"og:site_name\" content=\"Kentis\" \/>\n<meta property=\"article:publisher\" content=\"https:\/\/www.facebook.com\/kentisgarden\" \/>\n<meta property=\"article:modified_time\" content=\"2025-09-30T07:30:53+00:00\" \/>\n<meta property=\"og:image\" content=\"https:\/\/kentis.com\/wp-content\/uploads\/2025\/09\/cupressocyparis-leylandii-castlewellan-gold-vaso-30.png\" \/>\n\t<meta property=\"og:image:width\" content=\"1500\" \/>\n\t<meta property=\"og:image:height\" content=\"1500\" \/>\n\t<meta property=\"og:image:type\" content=\"image\/png\" \/>\n<meta name=\"twitter:card\" content=\"summary_large_image\" \/>\n<meta name=\"twitter:label1\" content=\"Dur\u00e9e de lecture estim\u00e9e\" \/>\n\t<meta name=\"twitter:data1\" content=\"1 minute\" \/>\n<script type=\"application\/ld+json\" class=\"yoast-schema-graph\">{\"@context\":\"https:\/\/schema.org\",\"@graph\":[{\"@type\":\"WebPage\",\"@id\":\"https:\/\/kentis.com\/fr\/boutique\/cupressocyparis-leylandii-castlewellan-gold\/\",\"url\":\"https:\/\/kentis.com\/fr\/boutique\/cupressocyparis-leylandii-castlewellan-gold\/\",\"name\":\"Cupressocyparis Leylandii Castlewellan Gold - Cypr\u00e8s de Leyland - Kentis\",\"isPartOf\":{\"@id\":\"https:\/\/kentis.com\/fr\/#website\"},\"primaryImageOfPage\":{\"@id\":\"https:\/\/kentis.com\/fr\/boutique\/cupressocyparis-leylandii-castlewellan-gold\/#primaryimage\"},\"image\":{\"@id\":\"https:\/\/kentis.com\/fr\/boutique\/cupressocyparis-leylandii-castlewellan-gold\/#primaryimage\"},\"thumbnailUrl\":\"https:\/\/kentis.com\/wp-content\/uploads\/2025\/09\/cupressocyparis-leylandii-castlewellan-gold-vaso-30.png\",\"datePublished\":\"2025-09-29T08:30:44+00:00\",\"dateModified\":\"2025-09-30T07:30:53+00:00\",\"description\":\"La plante de Cupressocyparis leylandii Castlewellan Gold ou cypr\u00e8s dor\u00e9 de Leyland poss\u00e8de des feuilles qui, lors de leur pousse, sont de couleur jaune.\",\"breadcrumb\":{\"@id\":\"https:\/\/kentis.com\/fr\/boutique\/cupressocyparis-leylandii-castlewellan-gold\/#breadcrumb\"},\"inLanguage\":\"fr-FR\",\"potentialAction\":[{\"@type\":\"ReadAction\",\"target\":[\"https:\/\/kentis.com\/fr\/boutique\/cupressocyparis-leylandii-castlewellan-gold\/\"]}]},{\"@type\":\"ImageObject\",\"inLanguage\":\"fr-FR\",\"@id\":\"https:\/\/kentis.com\/fr\/boutique\/cupressocyparis-leylandii-castlewellan-gold\/#primaryimage\",\"url\":\"https:\/\/kentis.com\/wp-content\/uploads\/2025\/09\/cupressocyparis-leylandii-castlewellan-gold-vaso-30.png\",\"contentUrl\":\"https:\/\/kentis.com\/wp-content\/uploads\/2025\/09\/cupressocyparis-leylandii-castlewellan-gold-vaso-30.png\",\"width\":1500,\"height\":1500},{\"@type\":\"BreadcrumbList\",\"@id\":\"https:\/\/kentis.com\/fr\/boutique\/cupressocyparis-leylandii-castlewellan-gold\/#breadcrumb\",\"itemListElement\":[{\"@type\":\"ListItem\",\"position\":1,\"name\":\"Home\",\"item\":\"https:\/\/kentis.com\/fr\/\"},{\"@type\":\"ListItem\",\"position\":2,\"name\":\"Boutique\",\"item\":\"https:\/\/kentis.com\/fr\/boutique\/\"},{\"@type\":\"ListItem\",\"position\":3,\"name\":\"Plantes\",\"item\":\"https:\/\/kentis.com\/fr\/categorie-produit\/plantes\/\"},{\"@type\":\"ListItem\",\"position\":4,\"name\":\"Plantes d'ext\u00e9rieur\",\"item\":\"https:\/\/kentis.com\/fr\/categorie-produit\/plantes\/plantes-d-exterieur\/\"},{\"@type\":\"ListItem\",\"position\":5,\"name\":\"Cupressocyparis Leylandii Castlewellan Gold &#8211; Cypr\u00e8s de Leyland Dor\u00e9\"}]},{\"@type\":\"WebSite\",\"@id\":\"https:\/\/kentis.com\/fr\/#website\",\"url\":\"https:\/\/kentis.com\/fr\/\",\"name\":\"Kentis\",\"description\":\"Atelier del verde\",\"publisher\":{\"@id\":\"https:\/\/kentis.com\/fr\/#organization\"},\"potentialAction\":[{\"@type\":\"SearchAction\",\"target\":{\"@type\":\"EntryPoint\",\"urlTemplate\":\"https:\/\/kentis.com\/fr\/?s={search_term_string}\"},\"query-input\":{\"@type\":\"PropertyValueSpecification\",\"valueRequired\":true,\"valueName\":\"search_term_string\"}}],\"inLanguage\":\"fr-FR\"},{\"@type\":\"Organization\",\"@id\":\"https:\/\/kentis.com\/fr\/#organization\",\"name\":\"Kentis\",\"url\":\"https:\/\/kentis.com\/fr\/\",\"logo\":{\"@type\":\"ImageObject\",\"inLanguage\":\"fr-FR\",\"@id\":\"https:\/\/kentis.com\/fr\/#\/schema\/logo\/image\/\",\"url\":\"https:\/\/kentis.com\/wp-content\/uploads\/2021\/08\/logo-main.png\",\"contentUrl\":\"https:\/\/kentis.com\/wp-content\/uploads\/2021\/08\/logo-main.png\",\"width\":800,\"height\":204,\"caption\":\"Kentis\"},\"image\":{\"@id\":\"https:\/\/kentis.com\/fr\/#\/schema\/logo\/image\/\"},\"sameAs\":[\"https:\/\/www.facebook.com\/kentisgarden\",\"https:\/\/www.instagram.com\/kentisgarden\/\",\"https:\/\/it.pinterest.com\/kentisgarden\",\"https:\/\/www.tiktok.com\/@kentis.com\"]}]}<\/script>\n<!-- \/ Yoast SEO plugin. -->","yoast_head_json":{"title":"Cupressocyparis Leylandii Castlewellan Gold - Cypr\u00e8s de Leyland - Kentis","description":"La plante de Cupressocyparis leylandii Castlewellan Gold ou cypr\u00e8s dor\u00e9 de Leyland poss\u00e8de des feuilles qui, lors de leur pousse, sont de couleur jaune.","robots":{"index":"index","follow":"follow","max-snippet":"max-snippet:-1","max-image-preview":"max-image-preview:large","max-video-preview":"max-video-preview:-1"},"canonical":"https:\/\/kentis.com\/fr\/boutique\/cupressocyparis-leylandii-castlewellan-gold\/","og_locale":"fr_FR","og_type":"article","og_title":"Cupressocyparis Leylandii Castlewellan Gold - Cypr\u00e8s de Leyland - Kentis","og_description":"La plante de Cupressocyparis leylandii Castlewellan Gold ou cypr\u00e8s dor\u00e9 de Leyland poss\u00e8de des feuilles qui, lors de leur pousse, sont de couleur jaune.","og_url":"https:\/\/kentis.com\/fr\/boutique\/cupressocyparis-leylandii-castlewellan-gold\/","og_site_name":"Kentis","article_publisher":"https:\/\/www.facebook.com\/kentisgarden","article_modified_time":"2025-09-30T07:30:53+00:00","og_image":[{"width":1500,"height":1500,"url":"https:\/\/kentis.com\/wp-content\/uploads\/2025\/09\/cupressocyparis-leylandii-castlewellan-gold-vaso-30.png","type":"image\/png"}],"twitter_card":"summary_large_image","twitter_misc":{"Dur\u00e9e de lecture estim\u00e9e":"1 minute"},"schema":{"@context":"https:\/\/schema.org","@graph":[{"@type":"WebPage","@id":"https:\/\/kentis.com\/fr\/boutique\/cupressocyparis-leylandii-castlewellan-gold\/","url":"https:\/\/kentis.com\/fr\/boutique\/cupressocyparis-leylandii-castlewellan-gold\/","name":"Cupressocyparis Leylandii Castlewellan Gold - Cypr\u00e8s de Leyland - Kentis","isPartOf":{"@id":"https:\/\/kentis.com\/fr\/#website"},"primaryImageOfPage":{"@id":"https:\/\/kentis.com\/fr\/boutique\/cupressocyparis-leylandii-castlewellan-gold\/#primaryimage"},"image":{"@id":"https:\/\/kentis.com\/fr\/boutique\/cupressocyparis-leylandii-castlewellan-gold\/#primaryimage"},"thumbnailUrl":"https:\/\/kentis.com\/wp-content\/uploads\/2025\/09\/cupressocyparis-leylandii-castlewellan-gold-vaso-30.png","datePublished":"2025-09-29T08:30:44+00:00","dateModified":"2025-09-30T07:30:53+00:00","description":"La plante de Cupressocyparis leylandii Castlewellan Gold ou cypr\u00e8s dor\u00e9 de Leyland poss\u00e8de des feuilles qui, lors de leur pousse, sont de couleur jaune.","breadcrumb":{"@id":"https:\/\/kentis.com\/fr\/boutique\/cupressocyparis-leylandii-castlewellan-gold\/#breadcrumb"},"inLanguage":"fr-FR","potentialAction":[{"@type":"ReadAction","target":["https:\/\/kentis.com\/fr\/boutique\/cupressocyparis-leylandii-castlewellan-gold\/"]}]},{"@type":"ImageObject","inLanguage":"fr-FR","@id":"https:\/\/kentis.com\/fr\/boutique\/cupressocyparis-leylandii-castlewellan-gold\/#primaryimage","url":"https:\/\/kentis.com\/wp-content\/uploads\/2025\/09\/cupressocyparis-leylandii-castlewellan-gold-vaso-30.png","contentUrl":"https:\/\/kentis.com\/wp-content\/uploads\/2025\/09\/cupressocyparis-leylandii-castlewellan-gold-vaso-30.png","width":1500,"height":1500},{"@type":"BreadcrumbList","@id":"https:\/\/kentis.com\/fr\/boutique\/cupressocyparis-leylandii-castlewellan-gold\/#breadcrumb","itemListElement":[{"@type":"ListItem","position":1,"name":"Home","item":"https:\/\/kentis.com\/fr\/"},{"@type":"ListItem","position":2,"name":"Boutique","item":"https:\/\/kentis.com\/fr\/boutique\/"},{"@type":"ListItem","position":3,"name":"Plantes","item":"https:\/\/kentis.com\/fr\/categorie-produit\/plantes\/"},{"@type":"ListItem","position":4,"name":"Plantes d'ext\u00e9rieur","item":"https:\/\/kentis.com\/fr\/categorie-produit\/plantes\/plantes-d-exterieur\/"},{"@type":"ListItem","position":5,"name":"Cupressocyparis Leylandii Castlewellan Gold &#8211; Cypr\u00e8s de Leyland Dor\u00e9"}]},{"@type":"WebSite","@id":"https:\/\/kentis.com\/fr\/#website","url":"https:\/\/kentis.com\/fr\/","name":"Kentis","description":"Atelier del verde","publisher":{"@id":"https:\/\/kentis.com\/fr\/#organization"},"potentialAction":[{"@type":"SearchAction","target":{"@type":"EntryPoint","urlTemplate":"https:\/\/kentis.com\/fr\/?s={search_term_string}"},"query-input":{"@type":"PropertyValueSpecification","valueRequired":true,"valueName":"search_term_string"}}],"inLanguage":"fr-FR"},{"@type":"Organization","@id":"https:\/\/kentis.com\/fr\/#organization","name":"Kentis","url":"https:\/\/kentis.com\/fr\/","logo":{"@type":"ImageObject","inLanguage":"fr-FR","@id":"https:\/\/kentis.com\/fr\/#\/schema\/logo\/image\/","url":"https:\/\/kentis.com\/wp-content\/uploads\/2021\/08\/logo-main.png","contentUrl":"https:\/\/kentis.com\/wp-content\/uploads\/2021\/08\/logo-main.png","width":800,"height":204,"caption":"Kentis"},"image":{"@id":"https:\/\/kentis.com\/fr\/#\/schema\/logo\/image\/"},"sameAs":["https:\/\/www.facebook.com\/kentisgarden","https:\/\/www.instagram.com\/kentisgarden\/","https:\/\/it.pinterest.com\/kentisgarden","https:\/\/www.tiktok.com\/@kentis.com"]}]}},"_links":{"self":[{"href":"https:\/\/kentis.com\/fr\/wp-json\/wp\/v2\/product\/35841","targetHints":{"allow":["GET"]}}],"collection":[{"href":"https:\/\/kentis.com\/fr\/wp-json\/wp\/v2\/product"}],"about":[{"href":"https:\/\/kentis.com\/fr\/wp-json\/wp\/v2\/types\/product"}],"wp:featuredmedia":[{"embeddable":true,"href":"https:\/\/kentis.com\/fr\/wp-json\/wp\/v2\/media\/35839"}],"wp:attachment":[{"href":"https:\/\/kentis.com\/fr\/wp-json\/wp\/v2\/media?parent=35841"}],"wp:term":[{"taxonomy":"product_cat","embeddable":true,"href":"https:\/\/kentis.com\/fr\/wp-json\/wp\/v2\/product_cat?post=35841"},{"taxonomy":"product_tag","embeddable":true,"href":"https:\/\/kentis.com\/fr\/wp-json\/wp\/v2\/product_tag?post=35841"}],"curies":[{"name":"wp","href":"https:\/\/api.w.org\/{rel}","templated":true}]}}