{"id":34851,"date":"2025-07-22T10:51:17","date_gmt":"2025-07-22T08:51:17","guid":{"rendered":"https:\/\/kentis.com\/negozio\/bonsai-pinus-thunbergii-kotobuki\/"},"modified":"2025-07-22T12:01:16","modified_gmt":"2025-07-22T10:01:16","slug":"bonsai-pinus-thunbergii-kotobuki","status":"publish","type":"product","link":"https:\/\/kentis.com\/fr\/boutique\/bonsai-pinus-thunbergii-kotobuki\/","title":{"rendered":"Bonsa\u00ef Pinus Thunbergii Kotobuki &#8211; Pin Noir du Japon"},"content":{"rendered":"<div class=\"fusion-fullwidth fullwidth-box fusion-builder-row-1 fusion-flex-container has-pattern-background has-mask-background nonhundred-percent-fullwidth non-hundred-percent-height-scrolling\" style=\"--awb-border-radius-top-left:0px;--awb-border-radius-top-right:0px;--awb-border-radius-bottom-right:0px;--awb-border-radius-bottom-left:0px;--awb-padding-top:0px;--awb-padding-right:0px;--awb-padding-bottom:0px;--awb-padding-left:0px;--awb-flex-wrap:wrap;\" ><div class=\"fusion-builder-row fusion-row fusion-flex-align-items-flex-start fusion-flex-content-wrap\" style=\"max-width:1248px;margin-left: calc(-4% \/ 2 );margin-right: calc(-4% \/ 2 );\"><div class=\"fusion-layout-column fusion_builder_column fusion-builder-column-0 fusion_builder_column_1_1 1_1 fusion-flex-column\" style=\"--awb-bg-size:cover;--awb-width-large:100%;--awb-margin-top-large:0px;--awb-spacing-right-large:1.92%;--awb-margin-bottom-large:20px;--awb-spacing-left-large:1.92%;--awb-width-medium:100%;--awb-order-medium:0;--awb-spacing-right-medium:1.92%;--awb-spacing-left-medium:1.92%;--awb-width-small:100%;--awb-order-small:0;--awb-spacing-right-small:1.92%;--awb-spacing-left-small:1.92%;\"><div class=\"fusion-column-wrapper fusion-column-has-shadow fusion-flex-justify-content-flex-start fusion-content-layout-column\"><div class=\"fusion-text fusion-text-1\"><p>Le <strong>bonsa\u00ef de Pinus thunbergii &#8216;Kotobuki&#8217;<\/strong>, \u00e9galement connu sous le nom de <strong>Pin noir du Japon<\/strong>, est une conif\u00e8re persistante au charme unique, appr\u00e9ci\u00e9e pour son port compact et son fort impact visuel. Il se distingue par son <strong>\u00e9corce fonc\u00e9e et profond\u00e9ment creus\u00e9e<\/strong> ainsi que par sa <strong>ramification dress\u00e9e<\/strong>, qui lui conf\u00e8re une allure particuli\u00e8re et reconnaissable. Lorsqu\u2019il produit ses <strong>petits c\u00f4nes de couleur cr\u00e8me claire<\/strong>, un contraste saisissant se forme avec les <strong>aiguilles vert fonc\u00e9<\/strong> de son feuillage.<\/p>\n<p>Les pins sont des plantes <strong>extr\u00eamement r\u00e9sistantes<\/strong>, capables de bien s\u2019adapter m\u00eame \u00e0 des conditions climatiques difficiles, et peuvent vivre plusieurs centaines d\u2019ann\u00e9es en culture bonsa\u00ef. Au Japon, il n\u2019est pas rare que les bonsa\u00efs de pin soient <strong>transmis comme h\u00e9ritage familial<\/strong>, preuve de leur valeur culturelle. Les bonsa\u00efs de Pinus thunbergii &#8216;Kotobuki&#8217; sont moins r\u00e9pandus que d\u2019autres vari\u00e9t\u00e9s de la m\u00eame esp\u00e8ce, mais tr\u00e8s appr\u00e9ci\u00e9s par les collectionneurs \u00e0 la recherche d\u2019un exemplaire plus distinctif.<\/p>\n<p><em>Le pot en c\u00e9ramique est inclus avec la plante ; la forme et la couleur peuvent varier selon la disponibilit\u00e9.<\/em><\/p>\n<p><strong>Ces exemplaires ont \u00e9t\u00e9 cultiv\u00e9s au Japon.<\/strong><\/p>\n<\/div><\/div><\/div><\/div><\/div>\n","protected":false},"excerpt":{"rendered":"","protected":false},"featured_media":34865,"template":"","meta":{"_acf_changed":false},"product_cat":[586,522],"product_tag":[],"class_list":{"0":"post-34851","1":"product","2":"type-product","3":"status-publish","4":"has-post-thumbnail","6":"product_cat-bonsai-et-extras","7":"product_cat-plantes-d-exterieur","9":"first","10":"instock","11":"taxable","12":"shipping-taxable","13":"purchasable","14":"product-type-variable","15":"has-default-attributes"},"acf":[],"yoast_head":"<!-- This site is optimized with the Yoast SEO plugin v23.4 - https:\/\/yoast.com\/wordpress\/plugins\/seo\/ -->\n<title>Bonsa\u00ef Pinus Thunbergii Kotobuki - Pin Noir du Japon | Kentis<\/title>\n<meta name=\"description\" content=\"Achetez le bonsa\u00ef de Pinus thunbergii Kotobuki, connu sous le nom de Pin noir du Japon, pour profiter d\u2019un bonsa\u00ef de pin original et distinctif.\" \/>\n<meta name=\"robots\" content=\"index, follow, max-snippet:-1, max-image-preview:large, max-video-preview:-1\" \/>\n<link rel=\"canonical\" href=\"https:\/\/kentis.com\/fr\/boutique\/bonsai-pinus-thunbergii-kotobuki\/\" \/>\n<meta property=\"og:locale\" content=\"fr_FR\" \/>\n<meta property=\"og:type\" content=\"article\" \/>\n<meta property=\"og:title\" content=\"Bonsa\u00ef Pinus Thunbergii Kotobuki - Pin Noir du Japon | Kentis\" \/>\n<meta property=\"og:description\" content=\"Achetez le bonsa\u00ef de Pinus thunbergii Kotobuki, connu sous le nom de Pin noir du Japon, pour profiter d\u2019un bonsa\u00ef de pin original et distinctif.\" \/>\n<meta property=\"og:url\" content=\"https:\/\/kentis.com\/fr\/boutique\/bonsai-pinus-thunbergii-kotobuki\/\" \/>\n<meta property=\"og:site_name\" content=\"Kentis\" \/>\n<meta property=\"article:publisher\" content=\"https:\/\/www.facebook.com\/kentisgarden\" \/>\n<meta property=\"article:modified_time\" content=\"2025-07-22T10:01:16+00:00\" \/>\n<meta property=\"og:image\" content=\"https:\/\/kentis.com\/wp-content\/uploads\/2025\/07\/bonsai-pinus-thunbergii-kotobuki.png\" \/>\n\t<meta property=\"og:image:width\" content=\"1500\" \/>\n\t<meta property=\"og:image:height\" content=\"1500\" \/>\n\t<meta property=\"og:image:type\" content=\"image\/png\" \/>\n<meta name=\"twitter:card\" content=\"summary_large_image\" \/>\n<meta name=\"twitter:label1\" content=\"Dur\u00e9e de lecture estim\u00e9e\" \/>\n\t<meta name=\"twitter:data1\" content=\"1 minute\" \/>\n<script type=\"application\/ld+json\" class=\"yoast-schema-graph\">{\"@context\":\"https:\/\/schema.org\",\"@graph\":[{\"@type\":\"WebPage\",\"@id\":\"https:\/\/kentis.com\/fr\/boutique\/bonsai-pinus-thunbergii-kotobuki\/\",\"url\":\"https:\/\/kentis.com\/fr\/boutique\/bonsai-pinus-thunbergii-kotobuki\/\",\"name\":\"Bonsa\u00ef Pinus Thunbergii Kotobuki - Pin Noir du Japon | Kentis\",\"isPartOf\":{\"@id\":\"https:\/\/kentis.com\/fr\/#website\"},\"primaryImageOfPage\":{\"@id\":\"https:\/\/kentis.com\/fr\/boutique\/bonsai-pinus-thunbergii-kotobuki\/#primaryimage\"},\"image\":{\"@id\":\"https:\/\/kentis.com\/fr\/boutique\/bonsai-pinus-thunbergii-kotobuki\/#primaryimage\"},\"thumbnailUrl\":\"https:\/\/kentis.com\/wp-content\/uploads\/2025\/07\/bonsai-pinus-thunbergii-kotobuki.png\",\"datePublished\":\"2025-07-22T08:51:17+00:00\",\"dateModified\":\"2025-07-22T10:01:16+00:00\",\"description\":\"Achetez le bonsa\u00ef de Pinus thunbergii Kotobuki, connu sous le nom de Pin noir du Japon, pour profiter d\u2019un bonsa\u00ef de pin original et distinctif.\",\"breadcrumb\":{\"@id\":\"https:\/\/kentis.com\/fr\/boutique\/bonsai-pinus-thunbergii-kotobuki\/#breadcrumb\"},\"inLanguage\":\"fr-FR\",\"potentialAction\":[{\"@type\":\"ReadAction\",\"target\":[\"https:\/\/kentis.com\/fr\/boutique\/bonsai-pinus-thunbergii-kotobuki\/\"]}]},{\"@type\":\"ImageObject\",\"inLanguage\":\"fr-FR\",\"@id\":\"https:\/\/kentis.com\/fr\/boutique\/bonsai-pinus-thunbergii-kotobuki\/#primaryimage\",\"url\":\"https:\/\/kentis.com\/wp-content\/uploads\/2025\/07\/bonsai-pinus-thunbergii-kotobuki.png\",\"contentUrl\":\"https:\/\/kentis.com\/wp-content\/uploads\/2025\/07\/bonsai-pinus-thunbergii-kotobuki.png\",\"width\":1500,\"height\":1500},{\"@type\":\"BreadcrumbList\",\"@id\":\"https:\/\/kentis.com\/fr\/boutique\/bonsai-pinus-thunbergii-kotobuki\/#breadcrumb\",\"itemListElement\":[{\"@type\":\"ListItem\",\"position\":1,\"name\":\"Home\",\"item\":\"https:\/\/kentis.com\/fr\/\"},{\"@type\":\"ListItem\",\"position\":2,\"name\":\"Boutique\",\"item\":\"https:\/\/kentis.com\/fr\/boutique\/\"},{\"@type\":\"ListItem\",\"position\":3,\"name\":\"Bonsa\u00ef et extras\",\"item\":\"https:\/\/kentis.com\/fr\/categorie-produit\/bonsai-et-extras\/\"},{\"@type\":\"ListItem\",\"position\":4,\"name\":\"Bonsa\u00ef Pinus Thunbergii Kotobuki &#8211; Pin Noir du Japon\"}]},{\"@type\":\"WebSite\",\"@id\":\"https:\/\/kentis.com\/fr\/#website\",\"url\":\"https:\/\/kentis.com\/fr\/\",\"name\":\"Kentis\",\"description\":\"Atelier del verde\",\"publisher\":{\"@id\":\"https:\/\/kentis.com\/fr\/#organization\"},\"potentialAction\":[{\"@type\":\"SearchAction\",\"target\":{\"@type\":\"EntryPoint\",\"urlTemplate\":\"https:\/\/kentis.com\/fr\/?s={search_term_string}\"},\"query-input\":{\"@type\":\"PropertyValueSpecification\",\"valueRequired\":true,\"valueName\":\"search_term_string\"}}],\"inLanguage\":\"fr-FR\"},{\"@type\":\"Organization\",\"@id\":\"https:\/\/kentis.com\/fr\/#organization\",\"name\":\"Kentis\",\"url\":\"https:\/\/kentis.com\/fr\/\",\"logo\":{\"@type\":\"ImageObject\",\"inLanguage\":\"fr-FR\",\"@id\":\"https:\/\/kentis.com\/fr\/#\/schema\/logo\/image\/\",\"url\":\"https:\/\/kentis.com\/wp-content\/uploads\/2021\/08\/logo-main.png\",\"contentUrl\":\"https:\/\/kentis.com\/wp-content\/uploads\/2021\/08\/logo-main.png\",\"width\":800,\"height\":204,\"caption\":\"Kentis\"},\"image\":{\"@id\":\"https:\/\/kentis.com\/fr\/#\/schema\/logo\/image\/\"},\"sameAs\":[\"https:\/\/www.facebook.com\/kentisgarden\",\"https:\/\/www.instagram.com\/kentisgarden\/\",\"https:\/\/it.pinterest.com\/kentisgarden\",\"https:\/\/www.tiktok.com\/@kentis.com\"]}]}<\/script>\n<!-- \/ Yoast SEO plugin. -->","yoast_head_json":{"title":"Bonsa\u00ef Pinus Thunbergii Kotobuki - Pin Noir du Japon | Kentis","description":"Achetez le bonsa\u00ef de Pinus thunbergii Kotobuki, connu sous le nom de Pin noir du Japon, pour profiter d\u2019un bonsa\u00ef de pin original et distinctif.","robots":{"index":"index","follow":"follow","max-snippet":"max-snippet:-1","max-image-preview":"max-image-preview:large","max-video-preview":"max-video-preview:-1"},"canonical":"https:\/\/kentis.com\/fr\/boutique\/bonsai-pinus-thunbergii-kotobuki\/","og_locale":"fr_FR","og_type":"article","og_title":"Bonsa\u00ef Pinus Thunbergii Kotobuki - Pin Noir du Japon | Kentis","og_description":"Achetez le bonsa\u00ef de Pinus thunbergii Kotobuki, connu sous le nom de Pin noir du Japon, pour profiter d\u2019un bonsa\u00ef de pin original et distinctif.","og_url":"https:\/\/kentis.com\/fr\/boutique\/bonsai-pinus-thunbergii-kotobuki\/","og_site_name":"Kentis","article_publisher":"https:\/\/www.facebook.com\/kentisgarden","article_modified_time":"2025-07-22T10:01:16+00:00","og_image":[{"width":1500,"height":1500,"url":"https:\/\/kentis.com\/wp-content\/uploads\/2025\/07\/bonsai-pinus-thunbergii-kotobuki.png","type":"image\/png"}],"twitter_card":"summary_large_image","twitter_misc":{"Dur\u00e9e de lecture estim\u00e9e":"1 minute"},"schema":{"@context":"https:\/\/schema.org","@graph":[{"@type":"WebPage","@id":"https:\/\/kentis.com\/fr\/boutique\/bonsai-pinus-thunbergii-kotobuki\/","url":"https:\/\/kentis.com\/fr\/boutique\/bonsai-pinus-thunbergii-kotobuki\/","name":"Bonsa\u00ef Pinus Thunbergii Kotobuki - Pin Noir du Japon | Kentis","isPartOf":{"@id":"https:\/\/kentis.com\/fr\/#website"},"primaryImageOfPage":{"@id":"https:\/\/kentis.com\/fr\/boutique\/bonsai-pinus-thunbergii-kotobuki\/#primaryimage"},"image":{"@id":"https:\/\/kentis.com\/fr\/boutique\/bonsai-pinus-thunbergii-kotobuki\/#primaryimage"},"thumbnailUrl":"https:\/\/kentis.com\/wp-content\/uploads\/2025\/07\/bonsai-pinus-thunbergii-kotobuki.png","datePublished":"2025-07-22T08:51:17+00:00","dateModified":"2025-07-22T10:01:16+00:00","description":"Achetez le bonsa\u00ef de Pinus thunbergii Kotobuki, connu sous le nom de Pin noir du Japon, pour profiter d\u2019un bonsa\u00ef de pin original et distinctif.","breadcrumb":{"@id":"https:\/\/kentis.com\/fr\/boutique\/bonsai-pinus-thunbergii-kotobuki\/#breadcrumb"},"inLanguage":"fr-FR","potentialAction":[{"@type":"ReadAction","target":["https:\/\/kentis.com\/fr\/boutique\/bonsai-pinus-thunbergii-kotobuki\/"]}]},{"@type":"ImageObject","inLanguage":"fr-FR","@id":"https:\/\/kentis.com\/fr\/boutique\/bonsai-pinus-thunbergii-kotobuki\/#primaryimage","url":"https:\/\/kentis.com\/wp-content\/uploads\/2025\/07\/bonsai-pinus-thunbergii-kotobuki.png","contentUrl":"https:\/\/kentis.com\/wp-content\/uploads\/2025\/07\/bonsai-pinus-thunbergii-kotobuki.png","width":1500,"height":1500},{"@type":"BreadcrumbList","@id":"https:\/\/kentis.com\/fr\/boutique\/bonsai-pinus-thunbergii-kotobuki\/#breadcrumb","itemListElement":[{"@type":"ListItem","position":1,"name":"Home","item":"https:\/\/kentis.com\/fr\/"},{"@type":"ListItem","position":2,"name":"Boutique","item":"https:\/\/kentis.com\/fr\/boutique\/"},{"@type":"ListItem","position":3,"name":"Bonsa\u00ef et extras","item":"https:\/\/kentis.com\/fr\/categorie-produit\/bonsai-et-extras\/"},{"@type":"ListItem","position":4,"name":"Bonsa\u00ef Pinus Thunbergii Kotobuki &#8211; Pin Noir du Japon"}]},{"@type":"WebSite","@id":"https:\/\/kentis.com\/fr\/#website","url":"https:\/\/kentis.com\/fr\/","name":"Kentis","description":"Atelier del verde","publisher":{"@id":"https:\/\/kentis.com\/fr\/#organization"},"potentialAction":[{"@type":"SearchAction","target":{"@type":"EntryPoint","urlTemplate":"https:\/\/kentis.com\/fr\/?s={search_term_string}"},"query-input":{"@type":"PropertyValueSpecification","valueRequired":true,"valueName":"search_term_string"}}],"inLanguage":"fr-FR"},{"@type":"Organization","@id":"https:\/\/kentis.com\/fr\/#organization","name":"Kentis","url":"https:\/\/kentis.com\/fr\/","logo":{"@type":"ImageObject","inLanguage":"fr-FR","@id":"https:\/\/kentis.com\/fr\/#\/schema\/logo\/image\/","url":"https:\/\/kentis.com\/wp-content\/uploads\/2021\/08\/logo-main.png","contentUrl":"https:\/\/kentis.com\/wp-content\/uploads\/2021\/08\/logo-main.png","width":800,"height":204,"caption":"Kentis"},"image":{"@id":"https:\/\/kentis.com\/fr\/#\/schema\/logo\/image\/"},"sameAs":["https:\/\/www.facebook.com\/kentisgarden","https:\/\/www.instagram.com\/kentisgarden\/","https:\/\/it.pinterest.com\/kentisgarden","https:\/\/www.tiktok.com\/@kentis.com"]}]}},"_links":{"self":[{"href":"https:\/\/kentis.com\/fr\/wp-json\/wp\/v2\/product\/34851","targetHints":{"allow":["GET"]}}],"collection":[{"href":"https:\/\/kentis.com\/fr\/wp-json\/wp\/v2\/product"}],"about":[{"href":"https:\/\/kentis.com\/fr\/wp-json\/wp\/v2\/types\/product"}],"wp:featuredmedia":[{"embeddable":true,"href":"https:\/\/kentis.com\/fr\/wp-json\/wp\/v2\/media\/34865"}],"wp:attachment":[{"href":"https:\/\/kentis.com\/fr\/wp-json\/wp\/v2\/media?parent=34851"}],"wp:term":[{"taxonomy":"product_cat","embeddable":true,"href":"https:\/\/kentis.com\/fr\/wp-json\/wp\/v2\/product_cat?post=34851"},{"taxonomy":"product_tag","embeddable":true,"href":"https:\/\/kentis.com\/fr\/wp-json\/wp\/v2\/product_tag?post=34851"}],"curies":[{"name":"wp","href":"https:\/\/api.w.org\/{rel}","templated":true}]}}