{"id":34817,"date":"2025-07-21T15:43:49","date_gmt":"2025-07-21T13:43:49","guid":{"rendered":"https:\/\/kentis.com\/negozio\/bonsai-pinus-parviflora-pentaphylla-pino-bianco-giapponese\/"},"modified":"2025-07-22T10:24:36","modified_gmt":"2025-07-22T08:24:36","slug":"bonsai-pinus-parviflora-pentaphylla-4","status":"publish","type":"product","link":"https:\/\/kentis.com\/fr\/boutique\/bonsai-pinus-parviflora-pentaphylla-4\/","title":{"rendered":"Bonsa\u00ef Pinus Parviflora Pentaphylla &#8211; Pin Blanc du Japon"},"content":{"rendered":"<div class=\"fusion-fullwidth fullwidth-box fusion-builder-row-1 fusion-flex-container has-pattern-background has-mask-background nonhundred-percent-fullwidth non-hundred-percent-height-scrolling\" style=\"--awb-border-radius-top-left:0px;--awb-border-radius-top-right:0px;--awb-border-radius-bottom-right:0px;--awb-border-radius-bottom-left:0px;--awb-padding-top:0px;--awb-padding-right:0px;--awb-padding-bottom:0px;--awb-padding-left:0px;--awb-flex-wrap:wrap;\" ><div class=\"fusion-builder-row fusion-row fusion-flex-align-items-flex-start fusion-flex-content-wrap\" style=\"max-width:1248px;margin-left: calc(-4% \/ 2 );margin-right: calc(-4% \/ 2 );\"><div class=\"fusion-layout-column fusion_builder_column fusion-builder-column-0 fusion_builder_column_1_1 1_1 fusion-flex-column\" style=\"--awb-bg-size:cover;--awb-width-large:100%;--awb-margin-top-large:0px;--awb-spacing-right-large:1.92%;--awb-margin-bottom-large:0px;--awb-spacing-left-large:1.92%;--awb-width-medium:100%;--awb-spacing-right-medium:1.92%;--awb-spacing-left-medium:1.92%;--awb-width-small:100%;--awb-spacing-right-small:1.92%;--awb-spacing-left-small:1.92%;\"><div class=\"fusion-column-wrapper fusion-flex-justify-content-flex-start fusion-content-layout-column\"><div class=\"fusion-text fusion-text-1\"><p>Le <strong>bonsa\u00ef de Pinus parviflora pentaphylla<\/strong>, le c\u00e9l\u00e8bre <strong>Pin blanc du Japon<\/strong>, se caract\u00e9rise par des feuilles en forme <strong>d\u2019aiguilles fines vert bleu\u00e2tre<\/strong>, dispos\u00e9es en groupes de cinq. Sa croissance lente et son <strong>\u00e9corce qui se fissure avec l\u2019\u00e2ge<\/strong> font de cette <strong>conif\u00e8re persistante<\/strong> un v\u00e9ritable chef-d\u2019\u0153uvre naturel, destin\u00e9 \u00e0 se bonifier avec le temps.<\/p>\n<p>C\u2019est une plante <strong>extr\u00eamement r\u00e9sistante<\/strong>, capable de bien s\u2019adapter m\u00eame \u00e0 des conditions climatiques difficiles, et qui peut vivre plusieurs centaines d\u2019ann\u00e9es lorsqu\u2019elle est cultiv\u00e9e en bonsa\u00ef. Au Japon, il n\u2019est pas rare que les bonsa\u00efs de pin soient <strong>transmis comme h\u00e9ritage familial<\/strong>, preuve de leur importance culturelle. Le bonsa\u00ef de Pinus parviflora allie beaut\u00e9, r\u00e9sistance et tradition, devenant le choix id\u00e9al pour ceux qui souhaitent cultiver une plante riche d\u2019histoire, de caract\u00e8re et de prestige. Ces exemplaires de bonsa\u00ef de pin ont \u00e9t\u00e9 cultiv\u00e9s selon la forme traditionnelle en plateaux.<\/p>\n<p><em>Le pot en c\u00e9ramique est inclus avec la plante.<\/em><\/p>\n<p><strong>Ces exemplaires ont \u00e9t\u00e9 cultiv\u00e9s au Japon.<\/strong><\/p>\n<\/div><\/div><\/div><\/div><\/div>\n","protected":false},"excerpt":{"rendered":"","protected":false},"featured_media":34782,"template":"","meta":{"_acf_changed":false},"product_cat":[586,522],"product_tag":[],"class_list":{"0":"post-34817","1":"product","2":"type-product","3":"status-publish","4":"has-post-thumbnail","6":"product_cat-bonsai-et-extras","7":"product_cat-plantes-d-exterieur","9":"first","10":"instock","11":"taxable","12":"shipping-taxable","13":"purchasable","14":"product-type-variable","15":"has-default-attributes"},"acf":[],"yoast_head":"<!-- This site is optimized with the Yoast SEO plugin v23.4 - https:\/\/yoast.com\/wordpress\/plugins\/seo\/ -->\n<title>Bonsai Pinus Parviflora Pentaphylla - Pin Blanc du Japon | Kentis<\/title>\n<meta name=\"description\" content=\"Achetez le bonsa\u00ef de Pinus parviflora pentaphylla, connu sous le nom de Pin blanc du Japon, pour profiter d\u2019un bonsa\u00ef \u00e0 la fois r\u00e9sistant et embl\u00e9matique.\" \/>\n<meta name=\"robots\" content=\"index, follow, max-snippet:-1, max-image-preview:large, max-video-preview:-1\" \/>\n<link rel=\"canonical\" href=\"https:\/\/kentis.com\/fr\/boutique\/bonsai-pinus-parviflora-pentaphylla-4\/\" \/>\n<meta property=\"og:locale\" content=\"fr_FR\" \/>\n<meta property=\"og:type\" content=\"article\" \/>\n<meta property=\"og:title\" content=\"Bonsai Pinus Parviflora Pentaphylla - Pin Blanc du Japon | Kentis\" \/>\n<meta property=\"og:description\" content=\"Achetez le bonsa\u00ef de Pinus parviflora pentaphylla, connu sous le nom de Pin blanc du Japon, pour profiter d\u2019un bonsa\u00ef \u00e0 la fois r\u00e9sistant et embl\u00e9matique.\" \/>\n<meta property=\"og:url\" content=\"https:\/\/kentis.com\/fr\/boutique\/bonsai-pinus-parviflora-pentaphylla-4\/\" \/>\n<meta property=\"og:site_name\" content=\"Kentis\" \/>\n<meta property=\"article:publisher\" content=\"https:\/\/www.facebook.com\/kentisgarden\" \/>\n<meta property=\"article:modified_time\" content=\"2025-07-22T08:24:36+00:00\" \/>\n<meta property=\"og:image\" content=\"https:\/\/kentis.com\/wp-content\/uploads\/2025\/07\/bonsai-pinus-parviflora-pentaphylla-v22.png\" \/>\n\t<meta property=\"og:image:width\" content=\"1500\" \/>\n\t<meta property=\"og:image:height\" content=\"1500\" \/>\n\t<meta property=\"og:image:type\" content=\"image\/png\" \/>\n<meta name=\"twitter:card\" content=\"summary_large_image\" \/>\n<meta name=\"twitter:label1\" content=\"Dur\u00e9e de lecture estim\u00e9e\" \/>\n\t<meta name=\"twitter:data1\" content=\"2 minutes\" \/>\n<script type=\"application\/ld+json\" class=\"yoast-schema-graph\">{\"@context\":\"https:\/\/schema.org\",\"@graph\":[{\"@type\":\"WebPage\",\"@id\":\"https:\/\/kentis.com\/fr\/boutique\/bonsai-pinus-parviflora-pentaphylla-4\/\",\"url\":\"https:\/\/kentis.com\/fr\/boutique\/bonsai-pinus-parviflora-pentaphylla-4\/\",\"name\":\"Bonsai Pinus Parviflora Pentaphylla - Pin Blanc du Japon | Kentis\",\"isPartOf\":{\"@id\":\"https:\/\/kentis.com\/fr\/#website\"},\"primaryImageOfPage\":{\"@id\":\"https:\/\/kentis.com\/fr\/boutique\/bonsai-pinus-parviflora-pentaphylla-4\/#primaryimage\"},\"image\":{\"@id\":\"https:\/\/kentis.com\/fr\/boutique\/bonsai-pinus-parviflora-pentaphylla-4\/#primaryimage\"},\"thumbnailUrl\":\"https:\/\/kentis.com\/wp-content\/uploads\/2025\/07\/bonsai-pinus-parviflora-pentaphylla-v22.png\",\"datePublished\":\"2025-07-21T13:43:49+00:00\",\"dateModified\":\"2025-07-22T08:24:36+00:00\",\"description\":\"Achetez le bonsa\u00ef de Pinus parviflora pentaphylla, connu sous le nom de Pin blanc du Japon, pour profiter d\u2019un bonsa\u00ef \u00e0 la fois r\u00e9sistant et embl\u00e9matique.\",\"breadcrumb\":{\"@id\":\"https:\/\/kentis.com\/fr\/boutique\/bonsai-pinus-parviflora-pentaphylla-4\/#breadcrumb\"},\"inLanguage\":\"fr-FR\",\"potentialAction\":[{\"@type\":\"ReadAction\",\"target\":[\"https:\/\/kentis.com\/fr\/boutique\/bonsai-pinus-parviflora-pentaphylla-4\/\"]}]},{\"@type\":\"ImageObject\",\"inLanguage\":\"fr-FR\",\"@id\":\"https:\/\/kentis.com\/fr\/boutique\/bonsai-pinus-parviflora-pentaphylla-4\/#primaryimage\",\"url\":\"https:\/\/kentis.com\/wp-content\/uploads\/2025\/07\/bonsai-pinus-parviflora-pentaphylla-v22.png\",\"contentUrl\":\"https:\/\/kentis.com\/wp-content\/uploads\/2025\/07\/bonsai-pinus-parviflora-pentaphylla-v22.png\",\"width\":1500,\"height\":1500},{\"@type\":\"BreadcrumbList\",\"@id\":\"https:\/\/kentis.com\/fr\/boutique\/bonsai-pinus-parviflora-pentaphylla-4\/#breadcrumb\",\"itemListElement\":[{\"@type\":\"ListItem\",\"position\":1,\"name\":\"Home\",\"item\":\"https:\/\/kentis.com\/fr\/\"},{\"@type\":\"ListItem\",\"position\":2,\"name\":\"Boutique\",\"item\":\"https:\/\/kentis.com\/fr\/boutique\/\"},{\"@type\":\"ListItem\",\"position\":3,\"name\":\"Bonsa\u00ef et extras\",\"item\":\"https:\/\/kentis.com\/fr\/categorie-produit\/bonsai-et-extras\/\"},{\"@type\":\"ListItem\",\"position\":4,\"name\":\"Bonsa\u00ef Pinus Parviflora Pentaphylla &#8211; Pin Blanc du Japon\"}]},{\"@type\":\"WebSite\",\"@id\":\"https:\/\/kentis.com\/fr\/#website\",\"url\":\"https:\/\/kentis.com\/fr\/\",\"name\":\"Kentis\",\"description\":\"Atelier del verde\",\"publisher\":{\"@id\":\"https:\/\/kentis.com\/fr\/#organization\"},\"potentialAction\":[{\"@type\":\"SearchAction\",\"target\":{\"@type\":\"EntryPoint\",\"urlTemplate\":\"https:\/\/kentis.com\/fr\/?s={search_term_string}\"},\"query-input\":{\"@type\":\"PropertyValueSpecification\",\"valueRequired\":true,\"valueName\":\"search_term_string\"}}],\"inLanguage\":\"fr-FR\"},{\"@type\":\"Organization\",\"@id\":\"https:\/\/kentis.com\/fr\/#organization\",\"name\":\"Kentis\",\"url\":\"https:\/\/kentis.com\/fr\/\",\"logo\":{\"@type\":\"ImageObject\",\"inLanguage\":\"fr-FR\",\"@id\":\"https:\/\/kentis.com\/fr\/#\/schema\/logo\/image\/\",\"url\":\"https:\/\/kentis.com\/wp-content\/uploads\/2021\/08\/logo-main.png\",\"contentUrl\":\"https:\/\/kentis.com\/wp-content\/uploads\/2021\/08\/logo-main.png\",\"width\":800,\"height\":204,\"caption\":\"Kentis\"},\"image\":{\"@id\":\"https:\/\/kentis.com\/fr\/#\/schema\/logo\/image\/\"},\"sameAs\":[\"https:\/\/www.facebook.com\/kentisgarden\",\"https:\/\/www.instagram.com\/kentisgarden\/\",\"https:\/\/it.pinterest.com\/kentisgarden\",\"https:\/\/www.tiktok.com\/@kentis.com\"]}]}<\/script>\n<!-- \/ Yoast SEO plugin. -->","yoast_head_json":{"title":"Bonsai Pinus Parviflora Pentaphylla - Pin Blanc du Japon | Kentis","description":"Achetez le bonsa\u00ef de Pinus parviflora pentaphylla, connu sous le nom de Pin blanc du Japon, pour profiter d\u2019un bonsa\u00ef \u00e0 la fois r\u00e9sistant et embl\u00e9matique.","robots":{"index":"index","follow":"follow","max-snippet":"max-snippet:-1","max-image-preview":"max-image-preview:large","max-video-preview":"max-video-preview:-1"},"canonical":"https:\/\/kentis.com\/fr\/boutique\/bonsai-pinus-parviflora-pentaphylla-4\/","og_locale":"fr_FR","og_type":"article","og_title":"Bonsai Pinus Parviflora Pentaphylla - Pin Blanc du Japon | Kentis","og_description":"Achetez le bonsa\u00ef de Pinus parviflora pentaphylla, connu sous le nom de Pin blanc du Japon, pour profiter d\u2019un bonsa\u00ef \u00e0 la fois r\u00e9sistant et embl\u00e9matique.","og_url":"https:\/\/kentis.com\/fr\/boutique\/bonsai-pinus-parviflora-pentaphylla-4\/","og_site_name":"Kentis","article_publisher":"https:\/\/www.facebook.com\/kentisgarden","article_modified_time":"2025-07-22T08:24:36+00:00","og_image":[{"width":1500,"height":1500,"url":"https:\/\/kentis.com\/wp-content\/uploads\/2025\/07\/bonsai-pinus-parviflora-pentaphylla-v22.png","type":"image\/png"}],"twitter_card":"summary_large_image","twitter_misc":{"Dur\u00e9e de lecture estim\u00e9e":"2 minutes"},"schema":{"@context":"https:\/\/schema.org","@graph":[{"@type":"WebPage","@id":"https:\/\/kentis.com\/fr\/boutique\/bonsai-pinus-parviflora-pentaphylla-4\/","url":"https:\/\/kentis.com\/fr\/boutique\/bonsai-pinus-parviflora-pentaphylla-4\/","name":"Bonsai Pinus Parviflora Pentaphylla - Pin Blanc du Japon | Kentis","isPartOf":{"@id":"https:\/\/kentis.com\/fr\/#website"},"primaryImageOfPage":{"@id":"https:\/\/kentis.com\/fr\/boutique\/bonsai-pinus-parviflora-pentaphylla-4\/#primaryimage"},"image":{"@id":"https:\/\/kentis.com\/fr\/boutique\/bonsai-pinus-parviflora-pentaphylla-4\/#primaryimage"},"thumbnailUrl":"https:\/\/kentis.com\/wp-content\/uploads\/2025\/07\/bonsai-pinus-parviflora-pentaphylla-v22.png","datePublished":"2025-07-21T13:43:49+00:00","dateModified":"2025-07-22T08:24:36+00:00","description":"Achetez le bonsa\u00ef de Pinus parviflora pentaphylla, connu sous le nom de Pin blanc du Japon, pour profiter d\u2019un bonsa\u00ef \u00e0 la fois r\u00e9sistant et embl\u00e9matique.","breadcrumb":{"@id":"https:\/\/kentis.com\/fr\/boutique\/bonsai-pinus-parviflora-pentaphylla-4\/#breadcrumb"},"inLanguage":"fr-FR","potentialAction":[{"@type":"ReadAction","target":["https:\/\/kentis.com\/fr\/boutique\/bonsai-pinus-parviflora-pentaphylla-4\/"]}]},{"@type":"ImageObject","inLanguage":"fr-FR","@id":"https:\/\/kentis.com\/fr\/boutique\/bonsai-pinus-parviflora-pentaphylla-4\/#primaryimage","url":"https:\/\/kentis.com\/wp-content\/uploads\/2025\/07\/bonsai-pinus-parviflora-pentaphylla-v22.png","contentUrl":"https:\/\/kentis.com\/wp-content\/uploads\/2025\/07\/bonsai-pinus-parviflora-pentaphylla-v22.png","width":1500,"height":1500},{"@type":"BreadcrumbList","@id":"https:\/\/kentis.com\/fr\/boutique\/bonsai-pinus-parviflora-pentaphylla-4\/#breadcrumb","itemListElement":[{"@type":"ListItem","position":1,"name":"Home","item":"https:\/\/kentis.com\/fr\/"},{"@type":"ListItem","position":2,"name":"Boutique","item":"https:\/\/kentis.com\/fr\/boutique\/"},{"@type":"ListItem","position":3,"name":"Bonsa\u00ef et extras","item":"https:\/\/kentis.com\/fr\/categorie-produit\/bonsai-et-extras\/"},{"@type":"ListItem","position":4,"name":"Bonsa\u00ef Pinus Parviflora Pentaphylla &#8211; Pin Blanc du Japon"}]},{"@type":"WebSite","@id":"https:\/\/kentis.com\/fr\/#website","url":"https:\/\/kentis.com\/fr\/","name":"Kentis","description":"Atelier del verde","publisher":{"@id":"https:\/\/kentis.com\/fr\/#organization"},"potentialAction":[{"@type":"SearchAction","target":{"@type":"EntryPoint","urlTemplate":"https:\/\/kentis.com\/fr\/?s={search_term_string}"},"query-input":{"@type":"PropertyValueSpecification","valueRequired":true,"valueName":"search_term_string"}}],"inLanguage":"fr-FR"},{"@type":"Organization","@id":"https:\/\/kentis.com\/fr\/#organization","name":"Kentis","url":"https:\/\/kentis.com\/fr\/","logo":{"@type":"ImageObject","inLanguage":"fr-FR","@id":"https:\/\/kentis.com\/fr\/#\/schema\/logo\/image\/","url":"https:\/\/kentis.com\/wp-content\/uploads\/2021\/08\/logo-main.png","contentUrl":"https:\/\/kentis.com\/wp-content\/uploads\/2021\/08\/logo-main.png","width":800,"height":204,"caption":"Kentis"},"image":{"@id":"https:\/\/kentis.com\/fr\/#\/schema\/logo\/image\/"},"sameAs":["https:\/\/www.facebook.com\/kentisgarden","https:\/\/www.instagram.com\/kentisgarden\/","https:\/\/it.pinterest.com\/kentisgarden","https:\/\/www.tiktok.com\/@kentis.com"]}]}},"_links":{"self":[{"href":"https:\/\/kentis.com\/fr\/wp-json\/wp\/v2\/product\/34817","targetHints":{"allow":["GET"]}}],"collection":[{"href":"https:\/\/kentis.com\/fr\/wp-json\/wp\/v2\/product"}],"about":[{"href":"https:\/\/kentis.com\/fr\/wp-json\/wp\/v2\/types\/product"}],"wp:featuredmedia":[{"embeddable":true,"href":"https:\/\/kentis.com\/fr\/wp-json\/wp\/v2\/media\/34782"}],"wp:attachment":[{"href":"https:\/\/kentis.com\/fr\/wp-json\/wp\/v2\/media?parent=34817"}],"wp:term":[{"taxonomy":"product_cat","embeddable":true,"href":"https:\/\/kentis.com\/fr\/wp-json\/wp\/v2\/product_cat?post=34817"},{"taxonomy":"product_tag","embeddable":true,"href":"https:\/\/kentis.com\/fr\/wp-json\/wp\/v2\/product_tag?post=34817"}],"curies":[{"name":"wp","href":"https:\/\/api.w.org\/{rel}","templated":true}]}}