{"id":34753,"date":"2025-07-21T11:19:48","date_gmt":"2025-07-21T09:19:48","guid":{"rendered":"https:\/\/kentis.com\/negozio\/bonsai-cedrus-libani-cedro-del-libano\/"},"modified":"2026-04-29T12:55:48","modified_gmt":"2026-04-29T10:55:48","slug":"bonsai-cedrus-libani","status":"publish","type":"product","link":"https:\/\/kentis.com\/fr\/boutique\/bonsai-cedrus-libani\/","title":{"rendered":"Bonsa\u00ef Cedrus Libani &#8211; C\u00e8dre du Liban"},"content":{"rendered":"<div class=\"fusion-fullwidth fullwidth-box fusion-builder-row-1 fusion-flex-container has-pattern-background has-mask-background nonhundred-percent-fullwidth non-hundred-percent-height-scrolling\" style=\"--awb-border-radius-top-left:0px;--awb-border-radius-top-right:0px;--awb-border-radius-bottom-right:0px;--awb-border-radius-bottom-left:0px;--awb-padding-top:0px;--awb-padding-right:0px;--awb-padding-bottom:0px;--awb-padding-left:0px;--awb-flex-wrap:wrap;\" ><div class=\"fusion-builder-row fusion-row fusion-flex-align-items-flex-start fusion-flex-content-wrap\" style=\"max-width:1248px;margin-left: calc(-4% \/ 2 );margin-right: calc(-4% \/ 2 );\"><div class=\"fusion-layout-column fusion_builder_column fusion-builder-column-0 fusion_builder_column_1_1 1_1 fusion-flex-column\" style=\"--awb-bg-size:cover;--awb-width-large:100%;--awb-margin-top-large:0px;--awb-spacing-right-large:1.92%;--awb-margin-bottom-large:20px;--awb-spacing-left-large:1.92%;--awb-width-medium:100%;--awb-order-medium:0;--awb-spacing-right-medium:1.92%;--awb-spacing-left-medium:1.92%;--awb-width-small:100%;--awb-order-small:0;--awb-spacing-right-small:1.92%;--awb-spacing-left-small:1.92%;\"><div class=\"fusion-column-wrapper fusion-column-has-shadow fusion-flex-justify-content-flex-start fusion-content-layout-column\"><div class=\"fusion-text fusion-text-1\"><p>Le <strong>bonsa\u00ef Cedrus libani<\/strong>, commun\u00e9ment appel\u00e9 <strong>C\u00e8dre du Liban<\/strong>, reproduit en miniature la beaut\u00e9 imposante d\u2019une esp\u00e8ce qui, dans la nature, peut atteindre 40 m\u00e8tres de hauteur. Cette <strong>conif\u00e8re persistante<\/strong> de la famille des pinac\u00e9es est reconnue pour sa beaut\u00e9 et sa r\u00e9sistance, avec des <strong>rameaux dispos\u00e9s en cand\u00e9labre<\/strong> et des <strong>aiguilles vert fonc\u00e9<\/strong> regroup\u00e9es en petits faisceaux. Sa croissance lente met en valeur son caract\u00e8re unique. Le C\u00e8dre est si important au Liban, pays dont il est originaire et auquel il doit son nom, qu\u2019il figure sur le drapeau national et fait l\u2019objet de mesures de protection environnementale. En version bonsai, cette plante offre de nombreuses possibilit\u00e9s de mise en forme gr\u00e2ce \u00e0 la flexibilit\u00e9 de ses branches, devenant ainsi une sculpture v\u00e9g\u00e9tale au fort pouvoir ornemental. Parfait aussi bien pour les collectionneurs exp\u00e9riment\u00e9s que pour les d\u00e9butants, le bonsa\u00ef Cedrus libani <strong>allie esth\u00e9tique et facilit\u00e9 d\u2019entretien<\/strong>.<\/p>\n<p><em>Le pot en c\u00e9ramique est inclus avec le C\u00e8dre du Liban ; sa forme et sa couleur peuvent varier selon la disponibilit\u00e9.<\/em><\/p>\n<\/div><\/div><\/div><\/div><\/div>\n","protected":false},"excerpt":{"rendered":"","protected":false},"featured_media":34751,"template":"","meta":{"_acf_changed":false},"product_cat":[586,522],"product_tag":[],"class_list":{"0":"post-34753","1":"product","2":"type-product","3":"status-publish","4":"has-post-thumbnail","6":"product_cat-bonsai-et-extras","7":"product_cat-plantes-d-exterieur","9":"first","10":"instock","11":"taxable","12":"shipping-taxable","13":"purchasable","14":"product-type-variable","15":"has-default-attributes"},"acf":[],"yoast_head":"<!-- This site is optimized with the Yoast SEO plugin v23.4 - https:\/\/yoast.com\/wordpress\/plugins\/seo\/ -->\n<title>Bonsa\u00ef Cedrus Libani - C\u00e8dre du Liban en Vente en Ligne | Kentis<\/title>\n<meta name=\"description\" content=\"Achetez le bonsa\u00ef Cedrus libani et apportez chez vous la beaut\u00e9 majestueuse du C\u00e8dre du Liban, arbre pouvant atteindre 40 m\u00e8tres dans la nature.\" \/>\n<meta name=\"robots\" content=\"index, follow, max-snippet:-1, max-image-preview:large, max-video-preview:-1\" \/>\n<link rel=\"canonical\" href=\"https:\/\/kentis.com\/fr\/boutique\/bonsai-cedrus-libani\/\" \/>\n<meta property=\"og:locale\" content=\"fr_FR\" \/>\n<meta property=\"og:type\" content=\"article\" \/>\n<meta property=\"og:title\" content=\"Bonsa\u00ef Cedrus Libani - C\u00e8dre du Liban en Vente en Ligne | Kentis\" \/>\n<meta property=\"og:description\" content=\"Achetez le bonsa\u00ef Cedrus libani et apportez chez vous la beaut\u00e9 majestueuse du C\u00e8dre du Liban, arbre pouvant atteindre 40 m\u00e8tres dans la nature.\" \/>\n<meta property=\"og:url\" content=\"https:\/\/kentis.com\/fr\/boutique\/bonsai-cedrus-libani\/\" \/>\n<meta property=\"og:site_name\" content=\"Kentis\" \/>\n<meta property=\"article:publisher\" content=\"https:\/\/www.facebook.com\/kentisgarden\" \/>\n<meta property=\"article:modified_time\" content=\"2026-04-29T10:55:48+00:00\" \/>\n<meta property=\"og:image\" content=\"https:\/\/kentis.com\/wp-content\/uploads\/2025\/07\/bonsai-cedrus-libani.png\" \/>\n\t<meta property=\"og:image:width\" content=\"1500\" \/>\n\t<meta property=\"og:image:height\" content=\"1500\" \/>\n\t<meta property=\"og:image:type\" content=\"image\/png\" \/>\n<meta name=\"twitter:card\" content=\"summary_large_image\" \/>\n<meta name=\"twitter:label1\" content=\"Dur\u00e9e de lecture estim\u00e9e\" \/>\n\t<meta name=\"twitter:data1\" content=\"2 minutes\" \/>\n<script type=\"application\/ld+json\" class=\"yoast-schema-graph\">{\"@context\":\"https:\/\/schema.org\",\"@graph\":[{\"@type\":\"WebPage\",\"@id\":\"https:\/\/kentis.com\/fr\/boutique\/bonsai-cedrus-libani\/\",\"url\":\"https:\/\/kentis.com\/fr\/boutique\/bonsai-cedrus-libani\/\",\"name\":\"Bonsa\u00ef Cedrus Libani - C\u00e8dre du Liban en Vente en Ligne | Kentis\",\"isPartOf\":{\"@id\":\"https:\/\/kentis.com\/fr\/#website\"},\"primaryImageOfPage\":{\"@id\":\"https:\/\/kentis.com\/fr\/boutique\/bonsai-cedrus-libani\/#primaryimage\"},\"image\":{\"@id\":\"https:\/\/kentis.com\/fr\/boutique\/bonsai-cedrus-libani\/#primaryimage\"},\"thumbnailUrl\":\"https:\/\/kentis.com\/wp-content\/uploads\/2025\/07\/bonsai-cedrus-libani.png\",\"datePublished\":\"2025-07-21T09:19:48+00:00\",\"dateModified\":\"2026-04-29T10:55:48+00:00\",\"description\":\"Achetez le bonsa\u00ef Cedrus libani et apportez chez vous la beaut\u00e9 majestueuse du C\u00e8dre du Liban, arbre pouvant atteindre 40 m\u00e8tres dans la nature.\",\"breadcrumb\":{\"@id\":\"https:\/\/kentis.com\/fr\/boutique\/bonsai-cedrus-libani\/#breadcrumb\"},\"inLanguage\":\"fr-FR\",\"potentialAction\":[{\"@type\":\"ReadAction\",\"target\":[\"https:\/\/kentis.com\/fr\/boutique\/bonsai-cedrus-libani\/\"]}]},{\"@type\":\"ImageObject\",\"inLanguage\":\"fr-FR\",\"@id\":\"https:\/\/kentis.com\/fr\/boutique\/bonsai-cedrus-libani\/#primaryimage\",\"url\":\"https:\/\/kentis.com\/wp-content\/uploads\/2025\/07\/bonsai-cedrus-libani.png\",\"contentUrl\":\"https:\/\/kentis.com\/wp-content\/uploads\/2025\/07\/bonsai-cedrus-libani.png\",\"width\":1500,\"height\":1500},{\"@type\":\"BreadcrumbList\",\"@id\":\"https:\/\/kentis.com\/fr\/boutique\/bonsai-cedrus-libani\/#breadcrumb\",\"itemListElement\":[{\"@type\":\"ListItem\",\"position\":1,\"name\":\"Home\",\"item\":\"https:\/\/kentis.com\/fr\/\"},{\"@type\":\"ListItem\",\"position\":2,\"name\":\"Boutique\",\"item\":\"https:\/\/kentis.com\/fr\/boutique\/\"},{\"@type\":\"ListItem\",\"position\":3,\"name\":\"Plantes\",\"item\":\"https:\/\/kentis.com\/fr\/categorie-produit\/plantes\/\"},{\"@type\":\"ListItem\",\"position\":4,\"name\":\"Plantes d'ext\u00e9rieur\",\"item\":\"https:\/\/kentis.com\/fr\/categorie-produit\/plantes\/plantes-d-exterieur\/\"},{\"@type\":\"ListItem\",\"position\":5,\"name\":\"Bonsa\u00ef Cedrus Libani &#8211; C\u00e8dre du Liban\"}]},{\"@type\":\"WebSite\",\"@id\":\"https:\/\/kentis.com\/fr\/#website\",\"url\":\"https:\/\/kentis.com\/fr\/\",\"name\":\"Kentis\",\"description\":\"Atelier del verde\",\"publisher\":{\"@id\":\"https:\/\/kentis.com\/fr\/#organization\"},\"potentialAction\":[{\"@type\":\"SearchAction\",\"target\":{\"@type\":\"EntryPoint\",\"urlTemplate\":\"https:\/\/kentis.com\/fr\/?s={search_term_string}\"},\"query-input\":{\"@type\":\"PropertyValueSpecification\",\"valueRequired\":true,\"valueName\":\"search_term_string\"}}],\"inLanguage\":\"fr-FR\"},{\"@type\":\"Organization\",\"@id\":\"https:\/\/kentis.com\/fr\/#organization\",\"name\":\"Kentis\",\"url\":\"https:\/\/kentis.com\/fr\/\",\"logo\":{\"@type\":\"ImageObject\",\"inLanguage\":\"fr-FR\",\"@id\":\"https:\/\/kentis.com\/fr\/#\/schema\/logo\/image\/\",\"url\":\"https:\/\/kentis.com\/wp-content\/uploads\/2021\/08\/logo-main.png\",\"contentUrl\":\"https:\/\/kentis.com\/wp-content\/uploads\/2021\/08\/logo-main.png\",\"width\":800,\"height\":204,\"caption\":\"Kentis\"},\"image\":{\"@id\":\"https:\/\/kentis.com\/fr\/#\/schema\/logo\/image\/\"},\"sameAs\":[\"https:\/\/www.facebook.com\/kentisgarden\",\"https:\/\/www.instagram.com\/kentisgarden\/\",\"https:\/\/it.pinterest.com\/kentisgarden\",\"https:\/\/www.tiktok.com\/@kentis.com\"]}]}<\/script>\n<!-- \/ Yoast SEO plugin. -->","yoast_head_json":{"title":"Bonsa\u00ef Cedrus Libani - C\u00e8dre du Liban en Vente en Ligne | Kentis","description":"Achetez le bonsa\u00ef Cedrus libani et apportez chez vous la beaut\u00e9 majestueuse du C\u00e8dre du Liban, arbre pouvant atteindre 40 m\u00e8tres dans la nature.","robots":{"index":"index","follow":"follow","max-snippet":"max-snippet:-1","max-image-preview":"max-image-preview:large","max-video-preview":"max-video-preview:-1"},"canonical":"https:\/\/kentis.com\/fr\/boutique\/bonsai-cedrus-libani\/","og_locale":"fr_FR","og_type":"article","og_title":"Bonsa\u00ef Cedrus Libani - C\u00e8dre du Liban en Vente en Ligne | Kentis","og_description":"Achetez le bonsa\u00ef Cedrus libani et apportez chez vous la beaut\u00e9 majestueuse du C\u00e8dre du Liban, arbre pouvant atteindre 40 m\u00e8tres dans la nature.","og_url":"https:\/\/kentis.com\/fr\/boutique\/bonsai-cedrus-libani\/","og_site_name":"Kentis","article_publisher":"https:\/\/www.facebook.com\/kentisgarden","article_modified_time":"2026-04-29T10:55:48+00:00","og_image":[{"width":1500,"height":1500,"url":"https:\/\/kentis.com\/wp-content\/uploads\/2025\/07\/bonsai-cedrus-libani.png","type":"image\/png"}],"twitter_card":"summary_large_image","twitter_misc":{"Dur\u00e9e de lecture estim\u00e9e":"2 minutes"},"schema":{"@context":"https:\/\/schema.org","@graph":[{"@type":"WebPage","@id":"https:\/\/kentis.com\/fr\/boutique\/bonsai-cedrus-libani\/","url":"https:\/\/kentis.com\/fr\/boutique\/bonsai-cedrus-libani\/","name":"Bonsa\u00ef Cedrus Libani - C\u00e8dre du Liban en Vente en Ligne | Kentis","isPartOf":{"@id":"https:\/\/kentis.com\/fr\/#website"},"primaryImageOfPage":{"@id":"https:\/\/kentis.com\/fr\/boutique\/bonsai-cedrus-libani\/#primaryimage"},"image":{"@id":"https:\/\/kentis.com\/fr\/boutique\/bonsai-cedrus-libani\/#primaryimage"},"thumbnailUrl":"https:\/\/kentis.com\/wp-content\/uploads\/2025\/07\/bonsai-cedrus-libani.png","datePublished":"2025-07-21T09:19:48+00:00","dateModified":"2026-04-29T10:55:48+00:00","description":"Achetez le bonsa\u00ef Cedrus libani et apportez chez vous la beaut\u00e9 majestueuse du C\u00e8dre du Liban, arbre pouvant atteindre 40 m\u00e8tres dans la nature.","breadcrumb":{"@id":"https:\/\/kentis.com\/fr\/boutique\/bonsai-cedrus-libani\/#breadcrumb"},"inLanguage":"fr-FR","potentialAction":[{"@type":"ReadAction","target":["https:\/\/kentis.com\/fr\/boutique\/bonsai-cedrus-libani\/"]}]},{"@type":"ImageObject","inLanguage":"fr-FR","@id":"https:\/\/kentis.com\/fr\/boutique\/bonsai-cedrus-libani\/#primaryimage","url":"https:\/\/kentis.com\/wp-content\/uploads\/2025\/07\/bonsai-cedrus-libani.png","contentUrl":"https:\/\/kentis.com\/wp-content\/uploads\/2025\/07\/bonsai-cedrus-libani.png","width":1500,"height":1500},{"@type":"BreadcrumbList","@id":"https:\/\/kentis.com\/fr\/boutique\/bonsai-cedrus-libani\/#breadcrumb","itemListElement":[{"@type":"ListItem","position":1,"name":"Home","item":"https:\/\/kentis.com\/fr\/"},{"@type":"ListItem","position":2,"name":"Boutique","item":"https:\/\/kentis.com\/fr\/boutique\/"},{"@type":"ListItem","position":3,"name":"Plantes","item":"https:\/\/kentis.com\/fr\/categorie-produit\/plantes\/"},{"@type":"ListItem","position":4,"name":"Plantes d'ext\u00e9rieur","item":"https:\/\/kentis.com\/fr\/categorie-produit\/plantes\/plantes-d-exterieur\/"},{"@type":"ListItem","position":5,"name":"Bonsa\u00ef Cedrus Libani &#8211; C\u00e8dre du Liban"}]},{"@type":"WebSite","@id":"https:\/\/kentis.com\/fr\/#website","url":"https:\/\/kentis.com\/fr\/","name":"Kentis","description":"Atelier del verde","publisher":{"@id":"https:\/\/kentis.com\/fr\/#organization"},"potentialAction":[{"@type":"SearchAction","target":{"@type":"EntryPoint","urlTemplate":"https:\/\/kentis.com\/fr\/?s={search_term_string}"},"query-input":{"@type":"PropertyValueSpecification","valueRequired":true,"valueName":"search_term_string"}}],"inLanguage":"fr-FR"},{"@type":"Organization","@id":"https:\/\/kentis.com\/fr\/#organization","name":"Kentis","url":"https:\/\/kentis.com\/fr\/","logo":{"@type":"ImageObject","inLanguage":"fr-FR","@id":"https:\/\/kentis.com\/fr\/#\/schema\/logo\/image\/","url":"https:\/\/kentis.com\/wp-content\/uploads\/2021\/08\/logo-main.png","contentUrl":"https:\/\/kentis.com\/wp-content\/uploads\/2021\/08\/logo-main.png","width":800,"height":204,"caption":"Kentis"},"image":{"@id":"https:\/\/kentis.com\/fr\/#\/schema\/logo\/image\/"},"sameAs":["https:\/\/www.facebook.com\/kentisgarden","https:\/\/www.instagram.com\/kentisgarden\/","https:\/\/it.pinterest.com\/kentisgarden","https:\/\/www.tiktok.com\/@kentis.com"]}]}},"_links":{"self":[{"href":"https:\/\/kentis.com\/fr\/wp-json\/wp\/v2\/product\/34753","targetHints":{"allow":["GET"]}}],"collection":[{"href":"https:\/\/kentis.com\/fr\/wp-json\/wp\/v2\/product"}],"about":[{"href":"https:\/\/kentis.com\/fr\/wp-json\/wp\/v2\/types\/product"}],"wp:featuredmedia":[{"embeddable":true,"href":"https:\/\/kentis.com\/fr\/wp-json\/wp\/v2\/media\/34751"}],"wp:attachment":[{"href":"https:\/\/kentis.com\/fr\/wp-json\/wp\/v2\/media?parent=34753"}],"wp:term":[{"taxonomy":"product_cat","embeddable":true,"href":"https:\/\/kentis.com\/fr\/wp-json\/wp\/v2\/product_cat?post=34753"},{"taxonomy":"product_tag","embeddable":true,"href":"https:\/\/kentis.com\/fr\/wp-json\/wp\/v2\/product_tag?post=34753"}],"curies":[{"name":"wp","href":"https:\/\/api.w.org\/{rel}","templated":true}]}}