{"id":34661,"date":"2025-07-18T10:45:33","date_gmt":"2025-07-18T08:45:33","guid":{"rendered":"https:\/\/kentis.com\/negozio\/bonsai-podocarpo-podocarpus-macrophyllus-v29\/"},"modified":"2025-07-18T11:08:39","modified_gmt":"2025-07-18T09:08:39","slug":"bonsai-podocarpus-macrophyllus-v29","status":"publish","type":"product","link":"https:\/\/kentis.com\/fr\/boutique\/bonsai-podocarpus-macrophyllus-v29\/","title":{"rendered":"Bonsa\u00ef Podocarpus Macrophyllus &#8211; Pin des Bouddhistes V29"},"content":{"rendered":"<p>Le <strong>bonsa\u00ef de Podocarpus macrophyllus<\/strong>, \u00e9galement connu sous le nom de <strong>pin des bouddhistes<\/strong>, est l\u2019une des plantes les plus appr\u00e9ci\u00e9es par ceux qui souhaitent s\u2019initier au monde du bonsai avec un choix s\u00fbr, \u00e9l\u00e9gant et \u00e0 fort impact visuel. Son feuillage dense et compact, compos\u00e9 de <strong>feuilles en forme d\u2019aiguille longues et fines<\/strong>, donne \u00e0 la plante une allure rappelant les essences m\u00e9diterran\u00e9ennes, bien que ses origines soient ancr\u00e9es en Extr\u00eame-Orient.<\/p>\n<p>Ce bonsa\u00ef est particuli\u00e8rement appr\u00e9ci\u00e9 pour sa <strong>r\u00e9sistance exceptionnelle<\/strong>, ce qui le rend id\u00e9al m\u00eame pour les d\u00e9butants. Le Podocarpus est capable de supporter de longues p\u00e9riodes sans arrosage, survivant m\u00eame \u00e0 quelques oublis ou erreurs d\u2019entretien. Sa robustesse en fait un excellent choix pour ceux qui recherchent une plante \u00e0 la fois esth\u00e9tique et facile \u00e0 entretenir.<\/p>\n<p>L\u2019une des caract\u00e9ristiques les plus int\u00e9ressantes du bonsa\u00ef de Podocarpus macrophyllus est sa polyvalence : il s\u2019agit de la seule conif\u00e8re pouvant \u00e9galement vivre en int\u00e9rieur, ce qui le rend <strong>parfait comme bonsa\u00ef d\u2019int\u00e9rieur ou d\u2019ext\u00e9rieur<\/strong>. Il peut \u00eatre plac\u00e9 dans un salon, sur un bureau ou sur une terrasse, apportant une touche de nature et d\u2019harmonie \u00e0 n\u2019importe quel espace.<\/p>\n<p><em>Le pot en c\u00e9ramique est inclus avec la plante.<\/em><\/p>\n","protected":false},"excerpt":{"rendered":"<p>Le bonsa\u00ef de Podocarpus macrophyllus, \u00e9galement connu sous le nom [&hellip;]<\/p>\n","protected":false},"featured_media":34659,"template":"","meta":{"_acf_changed":false},"product_cat":[586,522,448],"product_tag":[],"class_list":{"0":"post-34661","1":"product","2":"type-product","3":"status-publish","4":"has-post-thumbnail","6":"product_cat-bonsai-et-extras","7":"product_cat-plantes-d-exterieur","8":"product_cat-plantes-d-interieur","10":"first","11":"outofstock","12":"taxable","13":"shipping-taxable","14":"purchasable","15":"product-type-variable"},"acf":[],"yoast_head":"<!-- This site is optimized with the Yoast SEO plugin v23.4 - https:\/\/yoast.com\/wordpress\/plugins\/seo\/ -->\n<title>Bonsa\u00ef Podocarpus Macrophyllus - Pin des Bouddhistes | Kentis<\/title>\n<meta name=\"description\" content=\"Achetez le bonsa\u00ef de Podocarpus macrophyllus, ou Pin des Bouddhistes, pour avoir un bonsa\u00ef r\u00e9sistant, adapt\u00e9 aussi bien \u00e0 l\u2019int\u00e9rieur qu\u2019\u00e0 l\u2019ext\u00e9rieur.\" \/>\n<meta name=\"robots\" content=\"index, follow, max-snippet:-1, max-image-preview:large, max-video-preview:-1\" \/>\n<link rel=\"canonical\" href=\"https:\/\/kentis.com\/fr\/boutique\/bonsai-podocarpus-macrophyllus-v29\/\" \/>\n<meta property=\"og:locale\" content=\"fr_FR\" \/>\n<meta property=\"og:type\" content=\"article\" \/>\n<meta property=\"og:title\" content=\"Bonsa\u00ef Podocarpus Macrophyllus - Pin des Bouddhistes | Kentis\" \/>\n<meta property=\"og:description\" content=\"Achetez le bonsa\u00ef de Podocarpus macrophyllus, ou Pin des Bouddhistes, pour avoir un bonsa\u00ef r\u00e9sistant, adapt\u00e9 aussi bien \u00e0 l\u2019int\u00e9rieur qu\u2019\u00e0 l\u2019ext\u00e9rieur.\" \/>\n<meta property=\"og:url\" content=\"https:\/\/kentis.com\/fr\/boutique\/bonsai-podocarpus-macrophyllus-v29\/\" \/>\n<meta property=\"og:site_name\" content=\"Kentis\" \/>\n<meta property=\"article:publisher\" content=\"https:\/\/www.facebook.com\/kentisgarden\" \/>\n<meta property=\"article:modified_time\" content=\"2025-07-18T09:08:39+00:00\" \/>\n<meta property=\"og:image\" content=\"https:\/\/kentis.com\/wp-content\/uploads\/2025\/07\/bonsai-pococarpo.png\" \/>\n\t<meta property=\"og:image:width\" content=\"1500\" \/>\n\t<meta property=\"og:image:height\" content=\"1499\" \/>\n\t<meta property=\"og:image:type\" content=\"image\/png\" \/>\n<meta name=\"twitter:card\" content=\"summary_large_image\" \/>\n<meta name=\"twitter:label1\" content=\"Dur\u00e9e de lecture estim\u00e9e\" \/>\n\t<meta name=\"twitter:data1\" content=\"2 minutes\" \/>\n<script type=\"application\/ld+json\" class=\"yoast-schema-graph\">{\"@context\":\"https:\/\/schema.org\",\"@graph\":[{\"@type\":\"WebPage\",\"@id\":\"https:\/\/kentis.com\/fr\/boutique\/bonsai-podocarpus-macrophyllus-v29\/\",\"url\":\"https:\/\/kentis.com\/fr\/boutique\/bonsai-podocarpus-macrophyllus-v29\/\",\"name\":\"Bonsa\u00ef Podocarpus Macrophyllus - Pin des Bouddhistes | Kentis\",\"isPartOf\":{\"@id\":\"https:\/\/kentis.com\/fr\/#website\"},\"primaryImageOfPage\":{\"@id\":\"https:\/\/kentis.com\/fr\/boutique\/bonsai-podocarpus-macrophyllus-v29\/#primaryimage\"},\"image\":{\"@id\":\"https:\/\/kentis.com\/fr\/boutique\/bonsai-podocarpus-macrophyllus-v29\/#primaryimage\"},\"thumbnailUrl\":\"https:\/\/kentis.com\/wp-content\/uploads\/2025\/07\/bonsai-pococarpo.png\",\"datePublished\":\"2025-07-18T08:45:33+00:00\",\"dateModified\":\"2025-07-18T09:08:39+00:00\",\"description\":\"Achetez le bonsa\u00ef de Podocarpus macrophyllus, ou Pin des Bouddhistes, pour avoir un bonsa\u00ef r\u00e9sistant, adapt\u00e9 aussi bien \u00e0 l\u2019int\u00e9rieur qu\u2019\u00e0 l\u2019ext\u00e9rieur.\",\"breadcrumb\":{\"@id\":\"https:\/\/kentis.com\/fr\/boutique\/bonsai-podocarpus-macrophyllus-v29\/#breadcrumb\"},\"inLanguage\":\"fr-FR\",\"potentialAction\":[{\"@type\":\"ReadAction\",\"target\":[\"https:\/\/kentis.com\/fr\/boutique\/bonsai-podocarpus-macrophyllus-v29\/\"]}]},{\"@type\":\"ImageObject\",\"inLanguage\":\"fr-FR\",\"@id\":\"https:\/\/kentis.com\/fr\/boutique\/bonsai-podocarpus-macrophyllus-v29\/#primaryimage\",\"url\":\"https:\/\/kentis.com\/wp-content\/uploads\/2025\/07\/bonsai-pococarpo.png\",\"contentUrl\":\"https:\/\/kentis.com\/wp-content\/uploads\/2025\/07\/bonsai-pococarpo.png\",\"width\":1500,\"height\":1499},{\"@type\":\"BreadcrumbList\",\"@id\":\"https:\/\/kentis.com\/fr\/boutique\/bonsai-podocarpus-macrophyllus-v29\/#breadcrumb\",\"itemListElement\":[{\"@type\":\"ListItem\",\"position\":1,\"name\":\"Home\",\"item\":\"https:\/\/kentis.com\/fr\/\"},{\"@type\":\"ListItem\",\"position\":2,\"name\":\"Boutique\",\"item\":\"https:\/\/kentis.com\/fr\/boutique\/\"},{\"@type\":\"ListItem\",\"position\":3,\"name\":\"Bonsa\u00ef et extras\",\"item\":\"https:\/\/kentis.com\/fr\/categorie-produit\/bonsai-et-extras\/\"},{\"@type\":\"ListItem\",\"position\":4,\"name\":\"Bonsa\u00ef Podocarpus Macrophyllus &#8211; Pin des Bouddhistes V29\"}]},{\"@type\":\"WebSite\",\"@id\":\"https:\/\/kentis.com\/fr\/#website\",\"url\":\"https:\/\/kentis.com\/fr\/\",\"name\":\"Kentis\",\"description\":\"Atelier del verde\",\"publisher\":{\"@id\":\"https:\/\/kentis.com\/fr\/#organization\"},\"potentialAction\":[{\"@type\":\"SearchAction\",\"target\":{\"@type\":\"EntryPoint\",\"urlTemplate\":\"https:\/\/kentis.com\/fr\/?s={search_term_string}\"},\"query-input\":{\"@type\":\"PropertyValueSpecification\",\"valueRequired\":true,\"valueName\":\"search_term_string\"}}],\"inLanguage\":\"fr-FR\"},{\"@type\":\"Organization\",\"@id\":\"https:\/\/kentis.com\/fr\/#organization\",\"name\":\"Kentis\",\"url\":\"https:\/\/kentis.com\/fr\/\",\"logo\":{\"@type\":\"ImageObject\",\"inLanguage\":\"fr-FR\",\"@id\":\"https:\/\/kentis.com\/fr\/#\/schema\/logo\/image\/\",\"url\":\"https:\/\/kentis.com\/wp-content\/uploads\/2021\/08\/logo-main.png\",\"contentUrl\":\"https:\/\/kentis.com\/wp-content\/uploads\/2021\/08\/logo-main.png\",\"width\":800,\"height\":204,\"caption\":\"Kentis\"},\"image\":{\"@id\":\"https:\/\/kentis.com\/fr\/#\/schema\/logo\/image\/\"},\"sameAs\":[\"https:\/\/www.facebook.com\/kentisgarden\",\"https:\/\/www.instagram.com\/kentisgarden\/\",\"https:\/\/it.pinterest.com\/kentisgarden\",\"https:\/\/www.tiktok.com\/@kentis.com\"]}]}<\/script>\n<!-- \/ Yoast SEO plugin. -->","yoast_head_json":{"title":"Bonsa\u00ef Podocarpus Macrophyllus - Pin des Bouddhistes | Kentis","description":"Achetez le bonsa\u00ef de Podocarpus macrophyllus, ou Pin des Bouddhistes, pour avoir un bonsa\u00ef r\u00e9sistant, adapt\u00e9 aussi bien \u00e0 l\u2019int\u00e9rieur qu\u2019\u00e0 l\u2019ext\u00e9rieur.","robots":{"index":"index","follow":"follow","max-snippet":"max-snippet:-1","max-image-preview":"max-image-preview:large","max-video-preview":"max-video-preview:-1"},"canonical":"https:\/\/kentis.com\/fr\/boutique\/bonsai-podocarpus-macrophyllus-v29\/","og_locale":"fr_FR","og_type":"article","og_title":"Bonsa\u00ef Podocarpus Macrophyllus - Pin des Bouddhistes | Kentis","og_description":"Achetez le bonsa\u00ef de Podocarpus macrophyllus, ou Pin des Bouddhistes, pour avoir un bonsa\u00ef r\u00e9sistant, adapt\u00e9 aussi bien \u00e0 l\u2019int\u00e9rieur qu\u2019\u00e0 l\u2019ext\u00e9rieur.","og_url":"https:\/\/kentis.com\/fr\/boutique\/bonsai-podocarpus-macrophyllus-v29\/","og_site_name":"Kentis","article_publisher":"https:\/\/www.facebook.com\/kentisgarden","article_modified_time":"2025-07-18T09:08:39+00:00","og_image":[{"width":1500,"height":1499,"url":"https:\/\/kentis.com\/wp-content\/uploads\/2025\/07\/bonsai-pococarpo.png","type":"image\/png"}],"twitter_card":"summary_large_image","twitter_misc":{"Dur\u00e9e de lecture estim\u00e9e":"2 minutes"},"schema":{"@context":"https:\/\/schema.org","@graph":[{"@type":"WebPage","@id":"https:\/\/kentis.com\/fr\/boutique\/bonsai-podocarpus-macrophyllus-v29\/","url":"https:\/\/kentis.com\/fr\/boutique\/bonsai-podocarpus-macrophyllus-v29\/","name":"Bonsa\u00ef Podocarpus Macrophyllus - Pin des Bouddhistes | Kentis","isPartOf":{"@id":"https:\/\/kentis.com\/fr\/#website"},"primaryImageOfPage":{"@id":"https:\/\/kentis.com\/fr\/boutique\/bonsai-podocarpus-macrophyllus-v29\/#primaryimage"},"image":{"@id":"https:\/\/kentis.com\/fr\/boutique\/bonsai-podocarpus-macrophyllus-v29\/#primaryimage"},"thumbnailUrl":"https:\/\/kentis.com\/wp-content\/uploads\/2025\/07\/bonsai-pococarpo.png","datePublished":"2025-07-18T08:45:33+00:00","dateModified":"2025-07-18T09:08:39+00:00","description":"Achetez le bonsa\u00ef de Podocarpus macrophyllus, ou Pin des Bouddhistes, pour avoir un bonsa\u00ef r\u00e9sistant, adapt\u00e9 aussi bien \u00e0 l\u2019int\u00e9rieur qu\u2019\u00e0 l\u2019ext\u00e9rieur.","breadcrumb":{"@id":"https:\/\/kentis.com\/fr\/boutique\/bonsai-podocarpus-macrophyllus-v29\/#breadcrumb"},"inLanguage":"fr-FR","potentialAction":[{"@type":"ReadAction","target":["https:\/\/kentis.com\/fr\/boutique\/bonsai-podocarpus-macrophyllus-v29\/"]}]},{"@type":"ImageObject","inLanguage":"fr-FR","@id":"https:\/\/kentis.com\/fr\/boutique\/bonsai-podocarpus-macrophyllus-v29\/#primaryimage","url":"https:\/\/kentis.com\/wp-content\/uploads\/2025\/07\/bonsai-pococarpo.png","contentUrl":"https:\/\/kentis.com\/wp-content\/uploads\/2025\/07\/bonsai-pococarpo.png","width":1500,"height":1499},{"@type":"BreadcrumbList","@id":"https:\/\/kentis.com\/fr\/boutique\/bonsai-podocarpus-macrophyllus-v29\/#breadcrumb","itemListElement":[{"@type":"ListItem","position":1,"name":"Home","item":"https:\/\/kentis.com\/fr\/"},{"@type":"ListItem","position":2,"name":"Boutique","item":"https:\/\/kentis.com\/fr\/boutique\/"},{"@type":"ListItem","position":3,"name":"Bonsa\u00ef et extras","item":"https:\/\/kentis.com\/fr\/categorie-produit\/bonsai-et-extras\/"},{"@type":"ListItem","position":4,"name":"Bonsa\u00ef Podocarpus Macrophyllus &#8211; Pin des Bouddhistes V29"}]},{"@type":"WebSite","@id":"https:\/\/kentis.com\/fr\/#website","url":"https:\/\/kentis.com\/fr\/","name":"Kentis","description":"Atelier del verde","publisher":{"@id":"https:\/\/kentis.com\/fr\/#organization"},"potentialAction":[{"@type":"SearchAction","target":{"@type":"EntryPoint","urlTemplate":"https:\/\/kentis.com\/fr\/?s={search_term_string}"},"query-input":{"@type":"PropertyValueSpecification","valueRequired":true,"valueName":"search_term_string"}}],"inLanguage":"fr-FR"},{"@type":"Organization","@id":"https:\/\/kentis.com\/fr\/#organization","name":"Kentis","url":"https:\/\/kentis.com\/fr\/","logo":{"@type":"ImageObject","inLanguage":"fr-FR","@id":"https:\/\/kentis.com\/fr\/#\/schema\/logo\/image\/","url":"https:\/\/kentis.com\/wp-content\/uploads\/2021\/08\/logo-main.png","contentUrl":"https:\/\/kentis.com\/wp-content\/uploads\/2021\/08\/logo-main.png","width":800,"height":204,"caption":"Kentis"},"image":{"@id":"https:\/\/kentis.com\/fr\/#\/schema\/logo\/image\/"},"sameAs":["https:\/\/www.facebook.com\/kentisgarden","https:\/\/www.instagram.com\/kentisgarden\/","https:\/\/it.pinterest.com\/kentisgarden","https:\/\/www.tiktok.com\/@kentis.com"]}]}},"_links":{"self":[{"href":"https:\/\/kentis.com\/fr\/wp-json\/wp\/v2\/product\/34661","targetHints":{"allow":["GET"]}}],"collection":[{"href":"https:\/\/kentis.com\/fr\/wp-json\/wp\/v2\/product"}],"about":[{"href":"https:\/\/kentis.com\/fr\/wp-json\/wp\/v2\/types\/product"}],"wp:featuredmedia":[{"embeddable":true,"href":"https:\/\/kentis.com\/fr\/wp-json\/wp\/v2\/media\/34659"}],"wp:attachment":[{"href":"https:\/\/kentis.com\/fr\/wp-json\/wp\/v2\/media?parent=34661"}],"wp:term":[{"taxonomy":"product_cat","embeddable":true,"href":"https:\/\/kentis.com\/fr\/wp-json\/wp\/v2\/product_cat?post=34661"},{"taxonomy":"product_tag","embeddable":true,"href":"https:\/\/kentis.com\/fr\/wp-json\/wp\/v2\/product_tag?post=34661"}],"curies":[{"name":"wp","href":"https:\/\/api.w.org\/{rel}","templated":true}]}}