{"id":33871,"date":"2025-05-16T17:22:37","date_gmt":"2025-05-16T15:22:37","guid":{"rendered":"https:\/\/kentis.com\/negozio\/bonsai-di-carpino-orientale-carpinus-orientalis-v25\/"},"modified":"2025-05-16T17:34:27","modified_gmt":"2025-05-16T15:34:27","slug":"bonsai-charme-dorient-carpinus-orientalis","status":"publish","type":"product","link":"https:\/\/kentis.com\/fr\/boutique\/bonsai-charme-dorient-carpinus-orientalis\/","title":{"rendered":"Bonsa\u00ef Charme d&#8217;Orient &#8211; Carpinus Orientalis V25"},"content":{"rendered":"<p>Le bonsa\u00ef de Carpinus orientalis, commun\u00e9ment appel\u00e9 Charme d&#8217;Orient, est particuli\u00e8rement appr\u00e9ci\u00e9 pour son feuillage raffin\u00e9. Les feuilles, aux bords finement dentel\u00e9s et \u00e0 la surface ondul\u00e9e, cr\u00e9ent une texture unique et reconnaissable. Au printemps et en \u00e9t\u00e9, elles arborent une teinte verte vive, tandis qu\u2019en automne \u2014 \u00e9tant une plante \u00e0 feuillage caduc \u2014 elles se parent de magnifiques nuances jaune-orang\u00e9 avant de tomber. Le tronc, solide et bien structur\u00e9 avec des reflets gris\u00e2tres, conf\u00e8re \u00e0 ce bonsai d\u2019ext\u00e9rieur une apparence mature et \u00e9l\u00e9gante.<\/p>\n<p>La hauteur, mesur\u00e9e depuis la base du pot, est de 35 \u00e0 45 cm.<\/p>\n<p>Le pot en c\u00e9ramique est inclus avec la plante.<\/p>\n","protected":false},"excerpt":{"rendered":"<p>Le bonsa\u00ef de Carpinus orientalis, commun\u00e9ment appel\u00e9 Charme d&#8217;Orient, est [&hellip;]<\/p>\n","protected":false},"featured_media":33869,"template":"","meta":{"_acf_changed":false},"product_cat":[586,522],"product_tag":[],"class_list":{"0":"post-33871","1":"product","2":"type-product","3":"status-publish","4":"has-post-thumbnail","6":"product_cat-bonsai-et-extras","7":"product_cat-plantes-d-exterieur","9":"first","10":"instock","11":"taxable","12":"shipping-taxable","13":"purchasable","14":"product-type-variable","15":"has-default-attributes"},"acf":[],"yoast_head":"<!-- This site is optimized with the Yoast SEO plugin v23.4 - https:\/\/yoast.com\/wordpress\/plugins\/seo\/ -->\n<title>Bonsa\u00ef Charme d&#039;Orient - Carpinus Orientalis V25 - Kentis<\/title>\n<meta name=\"description\" content=\"Le bonsa\u00ef de Carpinus orientalis, connu sous le nom de charme d&#039;Orient, est tr\u00e8s appr\u00e9ci\u00e9 pour ses feuilles aux bords dentel\u00e9s et \u00e0 la surface ondul\u00e9e.\" \/>\n<meta name=\"robots\" content=\"index, follow, max-snippet:-1, max-image-preview:large, max-video-preview:-1\" \/>\n<link rel=\"canonical\" href=\"https:\/\/kentis.com\/fr\/boutique\/bonsai-charme-dorient-carpinus-orientalis\/\" \/>\n<meta property=\"og:locale\" content=\"fr_FR\" \/>\n<meta property=\"og:type\" content=\"article\" \/>\n<meta property=\"og:title\" content=\"Bonsa\u00ef Charme d&#039;Orient - Carpinus Orientalis V25 - Kentis\" \/>\n<meta property=\"og:description\" content=\"Le bonsa\u00ef de Carpinus orientalis, connu sous le nom de charme d&#039;Orient, est tr\u00e8s appr\u00e9ci\u00e9 pour ses feuilles aux bords dentel\u00e9s et \u00e0 la surface ondul\u00e9e.\" \/>\n<meta property=\"og:url\" content=\"https:\/\/kentis.com\/fr\/boutique\/bonsai-charme-dorient-carpinus-orientalis\/\" \/>\n<meta property=\"og:site_name\" content=\"Kentis\" \/>\n<meta property=\"article:publisher\" content=\"https:\/\/www.facebook.com\/kentisgarden\" \/>\n<meta property=\"article:modified_time\" content=\"2025-05-16T15:34:27+00:00\" \/>\n<meta property=\"og:image\" content=\"https:\/\/kentis.com\/wp-content\/uploads\/2025\/05\/bonsai-carpinus-orientalis.png\" \/>\n\t<meta property=\"og:image:width\" content=\"1500\" \/>\n\t<meta property=\"og:image:height\" content=\"1500\" \/>\n\t<meta property=\"og:image:type\" content=\"image\/png\" \/>\n<meta name=\"twitter:card\" content=\"summary_large_image\" \/>\n<meta name=\"twitter:label1\" content=\"Dur\u00e9e de lecture estim\u00e9e\" \/>\n\t<meta name=\"twitter:data1\" content=\"1 minute\" \/>\n<script type=\"application\/ld+json\" class=\"yoast-schema-graph\">{\"@context\":\"https:\/\/schema.org\",\"@graph\":[{\"@type\":\"WebPage\",\"@id\":\"https:\/\/kentis.com\/fr\/boutique\/bonsai-charme-dorient-carpinus-orientalis\/\",\"url\":\"https:\/\/kentis.com\/fr\/boutique\/bonsai-charme-dorient-carpinus-orientalis\/\",\"name\":\"Bonsa\u00ef Charme d'Orient - Carpinus Orientalis V25 - Kentis\",\"isPartOf\":{\"@id\":\"https:\/\/kentis.com\/fr\/#website\"},\"primaryImageOfPage\":{\"@id\":\"https:\/\/kentis.com\/fr\/boutique\/bonsai-charme-dorient-carpinus-orientalis\/#primaryimage\"},\"image\":{\"@id\":\"https:\/\/kentis.com\/fr\/boutique\/bonsai-charme-dorient-carpinus-orientalis\/#primaryimage\"},\"thumbnailUrl\":\"https:\/\/kentis.com\/wp-content\/uploads\/2025\/05\/bonsai-carpinus-orientalis.png\",\"datePublished\":\"2025-05-16T15:22:37+00:00\",\"dateModified\":\"2025-05-16T15:34:27+00:00\",\"description\":\"Le bonsa\u00ef de Carpinus orientalis, connu sous le nom de charme d'Orient, est tr\u00e8s appr\u00e9ci\u00e9 pour ses feuilles aux bords dentel\u00e9s et \u00e0 la surface ondul\u00e9e.\",\"breadcrumb\":{\"@id\":\"https:\/\/kentis.com\/fr\/boutique\/bonsai-charme-dorient-carpinus-orientalis\/#breadcrumb\"},\"inLanguage\":\"fr-FR\",\"potentialAction\":[{\"@type\":\"ReadAction\",\"target\":[\"https:\/\/kentis.com\/fr\/boutique\/bonsai-charme-dorient-carpinus-orientalis\/\"]}]},{\"@type\":\"ImageObject\",\"inLanguage\":\"fr-FR\",\"@id\":\"https:\/\/kentis.com\/fr\/boutique\/bonsai-charme-dorient-carpinus-orientalis\/#primaryimage\",\"url\":\"https:\/\/kentis.com\/wp-content\/uploads\/2025\/05\/bonsai-carpinus-orientalis.png\",\"contentUrl\":\"https:\/\/kentis.com\/wp-content\/uploads\/2025\/05\/bonsai-carpinus-orientalis.png\",\"width\":1500,\"height\":1500},{\"@type\":\"BreadcrumbList\",\"@id\":\"https:\/\/kentis.com\/fr\/boutique\/bonsai-charme-dorient-carpinus-orientalis\/#breadcrumb\",\"itemListElement\":[{\"@type\":\"ListItem\",\"position\":1,\"name\":\"Home\",\"item\":\"https:\/\/kentis.com\/fr\/\"},{\"@type\":\"ListItem\",\"position\":2,\"name\":\"Boutique\",\"item\":\"https:\/\/kentis.com\/fr\/boutique\/\"},{\"@type\":\"ListItem\",\"position\":3,\"name\":\"Plantes\",\"item\":\"https:\/\/kentis.com\/fr\/categorie-produit\/plantes\/\"},{\"@type\":\"ListItem\",\"position\":4,\"name\":\"Plantes d'ext\u00e9rieur\",\"item\":\"https:\/\/kentis.com\/fr\/categorie-produit\/plantes\/plantes-d-exterieur\/\"},{\"@type\":\"ListItem\",\"position\":5,\"name\":\"Bonsa\u00ef Charme d&#8217;Orient &#8211; Carpinus Orientalis V25\"}]},{\"@type\":\"WebSite\",\"@id\":\"https:\/\/kentis.com\/fr\/#website\",\"url\":\"https:\/\/kentis.com\/fr\/\",\"name\":\"Kentis\",\"description\":\"Atelier del verde\",\"publisher\":{\"@id\":\"https:\/\/kentis.com\/fr\/#organization\"},\"potentialAction\":[{\"@type\":\"SearchAction\",\"target\":{\"@type\":\"EntryPoint\",\"urlTemplate\":\"https:\/\/kentis.com\/fr\/?s={search_term_string}\"},\"query-input\":{\"@type\":\"PropertyValueSpecification\",\"valueRequired\":true,\"valueName\":\"search_term_string\"}}],\"inLanguage\":\"fr-FR\"},{\"@type\":\"Organization\",\"@id\":\"https:\/\/kentis.com\/fr\/#organization\",\"name\":\"Kentis\",\"url\":\"https:\/\/kentis.com\/fr\/\",\"logo\":{\"@type\":\"ImageObject\",\"inLanguage\":\"fr-FR\",\"@id\":\"https:\/\/kentis.com\/fr\/#\/schema\/logo\/image\/\",\"url\":\"https:\/\/kentis.com\/wp-content\/uploads\/2021\/08\/logo-main.png\",\"contentUrl\":\"https:\/\/kentis.com\/wp-content\/uploads\/2021\/08\/logo-main.png\",\"width\":800,\"height\":204,\"caption\":\"Kentis\"},\"image\":{\"@id\":\"https:\/\/kentis.com\/fr\/#\/schema\/logo\/image\/\"},\"sameAs\":[\"https:\/\/www.facebook.com\/kentisgarden\",\"https:\/\/www.instagram.com\/kentisgarden\/\",\"https:\/\/it.pinterest.com\/kentisgarden\",\"https:\/\/www.tiktok.com\/@kentis.com\"]}]}<\/script>\n<!-- \/ Yoast SEO plugin. -->","yoast_head_json":{"title":"Bonsa\u00ef Charme d'Orient - Carpinus Orientalis V25 - Kentis","description":"Le bonsa\u00ef de Carpinus orientalis, connu sous le nom de charme d'Orient, est tr\u00e8s appr\u00e9ci\u00e9 pour ses feuilles aux bords dentel\u00e9s et \u00e0 la surface ondul\u00e9e.","robots":{"index":"index","follow":"follow","max-snippet":"max-snippet:-1","max-image-preview":"max-image-preview:large","max-video-preview":"max-video-preview:-1"},"canonical":"https:\/\/kentis.com\/fr\/boutique\/bonsai-charme-dorient-carpinus-orientalis\/","og_locale":"fr_FR","og_type":"article","og_title":"Bonsa\u00ef Charme d'Orient - Carpinus Orientalis V25 - Kentis","og_description":"Le bonsa\u00ef de Carpinus orientalis, connu sous le nom de charme d'Orient, est tr\u00e8s appr\u00e9ci\u00e9 pour ses feuilles aux bords dentel\u00e9s et \u00e0 la surface ondul\u00e9e.","og_url":"https:\/\/kentis.com\/fr\/boutique\/bonsai-charme-dorient-carpinus-orientalis\/","og_site_name":"Kentis","article_publisher":"https:\/\/www.facebook.com\/kentisgarden","article_modified_time":"2025-05-16T15:34:27+00:00","og_image":[{"width":1500,"height":1500,"url":"https:\/\/kentis.com\/wp-content\/uploads\/2025\/05\/bonsai-carpinus-orientalis.png","type":"image\/png"}],"twitter_card":"summary_large_image","twitter_misc":{"Dur\u00e9e de lecture estim\u00e9e":"1 minute"},"schema":{"@context":"https:\/\/schema.org","@graph":[{"@type":"WebPage","@id":"https:\/\/kentis.com\/fr\/boutique\/bonsai-charme-dorient-carpinus-orientalis\/","url":"https:\/\/kentis.com\/fr\/boutique\/bonsai-charme-dorient-carpinus-orientalis\/","name":"Bonsa\u00ef Charme d'Orient - Carpinus Orientalis V25 - Kentis","isPartOf":{"@id":"https:\/\/kentis.com\/fr\/#website"},"primaryImageOfPage":{"@id":"https:\/\/kentis.com\/fr\/boutique\/bonsai-charme-dorient-carpinus-orientalis\/#primaryimage"},"image":{"@id":"https:\/\/kentis.com\/fr\/boutique\/bonsai-charme-dorient-carpinus-orientalis\/#primaryimage"},"thumbnailUrl":"https:\/\/kentis.com\/wp-content\/uploads\/2025\/05\/bonsai-carpinus-orientalis.png","datePublished":"2025-05-16T15:22:37+00:00","dateModified":"2025-05-16T15:34:27+00:00","description":"Le bonsa\u00ef de Carpinus orientalis, connu sous le nom de charme d'Orient, est tr\u00e8s appr\u00e9ci\u00e9 pour ses feuilles aux bords dentel\u00e9s et \u00e0 la surface ondul\u00e9e.","breadcrumb":{"@id":"https:\/\/kentis.com\/fr\/boutique\/bonsai-charme-dorient-carpinus-orientalis\/#breadcrumb"},"inLanguage":"fr-FR","potentialAction":[{"@type":"ReadAction","target":["https:\/\/kentis.com\/fr\/boutique\/bonsai-charme-dorient-carpinus-orientalis\/"]}]},{"@type":"ImageObject","inLanguage":"fr-FR","@id":"https:\/\/kentis.com\/fr\/boutique\/bonsai-charme-dorient-carpinus-orientalis\/#primaryimage","url":"https:\/\/kentis.com\/wp-content\/uploads\/2025\/05\/bonsai-carpinus-orientalis.png","contentUrl":"https:\/\/kentis.com\/wp-content\/uploads\/2025\/05\/bonsai-carpinus-orientalis.png","width":1500,"height":1500},{"@type":"BreadcrumbList","@id":"https:\/\/kentis.com\/fr\/boutique\/bonsai-charme-dorient-carpinus-orientalis\/#breadcrumb","itemListElement":[{"@type":"ListItem","position":1,"name":"Home","item":"https:\/\/kentis.com\/fr\/"},{"@type":"ListItem","position":2,"name":"Boutique","item":"https:\/\/kentis.com\/fr\/boutique\/"},{"@type":"ListItem","position":3,"name":"Plantes","item":"https:\/\/kentis.com\/fr\/categorie-produit\/plantes\/"},{"@type":"ListItem","position":4,"name":"Plantes d'ext\u00e9rieur","item":"https:\/\/kentis.com\/fr\/categorie-produit\/plantes\/plantes-d-exterieur\/"},{"@type":"ListItem","position":5,"name":"Bonsa\u00ef Charme d&#8217;Orient &#8211; Carpinus Orientalis V25"}]},{"@type":"WebSite","@id":"https:\/\/kentis.com\/fr\/#website","url":"https:\/\/kentis.com\/fr\/","name":"Kentis","description":"Atelier del verde","publisher":{"@id":"https:\/\/kentis.com\/fr\/#organization"},"potentialAction":[{"@type":"SearchAction","target":{"@type":"EntryPoint","urlTemplate":"https:\/\/kentis.com\/fr\/?s={search_term_string}"},"query-input":{"@type":"PropertyValueSpecification","valueRequired":true,"valueName":"search_term_string"}}],"inLanguage":"fr-FR"},{"@type":"Organization","@id":"https:\/\/kentis.com\/fr\/#organization","name":"Kentis","url":"https:\/\/kentis.com\/fr\/","logo":{"@type":"ImageObject","inLanguage":"fr-FR","@id":"https:\/\/kentis.com\/fr\/#\/schema\/logo\/image\/","url":"https:\/\/kentis.com\/wp-content\/uploads\/2021\/08\/logo-main.png","contentUrl":"https:\/\/kentis.com\/wp-content\/uploads\/2021\/08\/logo-main.png","width":800,"height":204,"caption":"Kentis"},"image":{"@id":"https:\/\/kentis.com\/fr\/#\/schema\/logo\/image\/"},"sameAs":["https:\/\/www.facebook.com\/kentisgarden","https:\/\/www.instagram.com\/kentisgarden\/","https:\/\/it.pinterest.com\/kentisgarden","https:\/\/www.tiktok.com\/@kentis.com"]}]}},"_links":{"self":[{"href":"https:\/\/kentis.com\/fr\/wp-json\/wp\/v2\/product\/33871","targetHints":{"allow":["GET"]}}],"collection":[{"href":"https:\/\/kentis.com\/fr\/wp-json\/wp\/v2\/product"}],"about":[{"href":"https:\/\/kentis.com\/fr\/wp-json\/wp\/v2\/types\/product"}],"wp:featuredmedia":[{"embeddable":true,"href":"https:\/\/kentis.com\/fr\/wp-json\/wp\/v2\/media\/33869"}],"wp:attachment":[{"href":"https:\/\/kentis.com\/fr\/wp-json\/wp\/v2\/media?parent=33871"}],"wp:term":[{"taxonomy":"product_cat","embeddable":true,"href":"https:\/\/kentis.com\/fr\/wp-json\/wp\/v2\/product_cat?post=33871"},{"taxonomy":"product_tag","embeddable":true,"href":"https:\/\/kentis.com\/fr\/wp-json\/wp\/v2\/product_tag?post=33871"}],"curies":[{"name":"wp","href":"https:\/\/api.w.org\/{rel}","templated":true}]}}