{"id":33820,"date":"2025-05-08T15:05:07","date_gmt":"2025-05-08T13:05:07","guid":{"rendered":"https:\/\/kentis.com\/negozio\/bonsai-di-azalea-satsuky-rhododendron-v39\/"},"modified":"2025-05-08T17:01:59","modified_gmt":"2025-05-08T15:01:59","slug":"bonsai-dazalee-satsuki-rhododendron-v39","status":"publish","type":"product","link":"https:\/\/kentis.com\/fr\/boutique\/bonsai-dazalee-satsuki-rhododendron-v39\/","title":{"rendered":"Bonsa\u00ef d\u2019Azal\u00e9e Satsuki \u2013 Rhododendron V39"},"content":{"rendered":"<div class=\"fusion-fullwidth fullwidth-box fusion-builder-row-1 fusion-flex-container has-pattern-background has-mask-background nonhundred-percent-fullwidth non-hundred-percent-height-scrolling\" style=\"--awb-border-radius-top-left:0px;--awb-border-radius-top-right:0px;--awb-border-radius-bottom-right:0px;--awb-border-radius-bottom-left:0px;--awb-padding-top:0px;--awb-padding-right:0px;--awb-padding-bottom:0px;--awb-padding-left:0px;--awb-flex-wrap:wrap;\" ><div class=\"fusion-builder-row fusion-row fusion-flex-align-items-flex-start fusion-flex-content-wrap\" style=\"max-width:1248px;margin-left: calc(-4% \/ 2 );margin-right: calc(-4% \/ 2 );\"><div class=\"fusion-layout-column fusion_builder_column fusion-builder-column-0 fusion_builder_column_1_1 1_1 fusion-flex-column\" style=\"--awb-bg-size:cover;--awb-width-large:100%;--awb-margin-top-large:0px;--awb-spacing-right-large:1.92%;--awb-margin-bottom-large:20px;--awb-spacing-left-large:1.92%;--awb-width-medium:100%;--awb-order-medium:0;--awb-spacing-right-medium:1.92%;--awb-spacing-left-medium:1.92%;--awb-width-small:100%;--awb-order-small:0;--awb-spacing-right-small:1.92%;--awb-spacing-left-small:1.92%;\"><div class=\"fusion-column-wrapper fusion-column-has-shadow fusion-flex-justify-content-flex-start fusion-content-layout-column\"><div class=\"fusion-text fusion-text-1\"><p>Le bonsa\u00ef d\u2019Azal\u00e9e Satsuki, appartenant au genre Rhododendron, est l\u2019un des plus r\u00e9pandus au Japon gr\u00e2ce \u00e0 sa beaut\u00e9 et aux caract\u00e9ristiques qui le rendent id\u00e9al pour la culture en bonsai. Ses petites feuilles et, surtout, sa floraison spectaculaire et remarquable ne manqueront pas d\u2019attirer l\u2019attention de quiconque passe \u00e0 proximit\u00e9.<\/p>\n<p>La hauteur depuis la base du pot est de 50\/60 cm.<\/p>\n<p>Cet exemplaire a \u00e9t\u00e9 cultiv\u00e9 au Japon.<\/p>\n<\/div><\/div><\/div><\/div><\/div>\n","protected":false},"excerpt":{"rendered":"","protected":false},"featured_media":33817,"template":"","meta":{"_acf_changed":false},"product_cat":[586,522],"product_tag":[],"class_list":{"0":"post-33820","1":"product","2":"type-product","3":"status-publish","4":"has-post-thumbnail","6":"product_cat-bonsai-et-extras","7":"product_cat-plantes-d-exterieur","9":"first","10":"instock","11":"taxable","12":"shipping-taxable","13":"purchasable","14":"product-type-variable","15":"has-default-attributes"},"acf":[],"yoast_head":"<!-- This site is optimized with the Yoast SEO plugin v23.4 - https:\/\/yoast.com\/wordpress\/plugins\/seo\/ -->\n<title>Bonsa\u00ef d\u2019Azal\u00e9e Satsuki \u2013 Rhododendron V39 - Fleur Rose - Kentis<\/title>\n<meta name=\"description\" content=\"Cet exemplaire de bonsa\u00ef d\u2019Azal\u00e9e Satsuki (Rhododendron) \u00e0 fleurs roses a \u00e9t\u00e9 cultiv\u00e9 par des ma\u00eetres bonsa\u00efstes japonais.\" \/>\n<meta name=\"robots\" content=\"index, follow, max-snippet:-1, max-image-preview:large, max-video-preview:-1\" \/>\n<link rel=\"canonical\" href=\"https:\/\/kentis.com\/fr\/boutique\/bonsai-dazalee-satsuki-rhododendron-v39\/\" \/>\n<meta property=\"og:locale\" content=\"fr_FR\" \/>\n<meta property=\"og:type\" content=\"article\" \/>\n<meta property=\"og:title\" content=\"Bonsa\u00ef d\u2019Azal\u00e9e Satsuki \u2013 Rhododendron V39 - Fleur Rose - Kentis\" \/>\n<meta property=\"og:description\" content=\"Cet exemplaire de bonsa\u00ef d\u2019Azal\u00e9e Satsuki (Rhododendron) \u00e0 fleurs roses a \u00e9t\u00e9 cultiv\u00e9 par des ma\u00eetres bonsa\u00efstes japonais.\" \/>\n<meta property=\"og:url\" content=\"https:\/\/kentis.com\/fr\/boutique\/bonsai-dazalee-satsuki-rhododendron-v39\/\" \/>\n<meta property=\"og:site_name\" content=\"Kentis\" \/>\n<meta property=\"article:publisher\" content=\"https:\/\/www.facebook.com\/kentisgarden\" \/>\n<meta property=\"article:modified_time\" content=\"2025-05-08T15:01:59+00:00\" \/>\n<meta property=\"og:image\" content=\"https:\/\/kentis.com\/wp-content\/uploads\/2025\/05\/bonsai-rhododendron-satsuki-v39.png\" \/>\n\t<meta property=\"og:image:width\" content=\"1500\" \/>\n\t<meta property=\"og:image:height\" content=\"1500\" \/>\n\t<meta property=\"og:image:type\" content=\"image\/png\" \/>\n<meta name=\"twitter:card\" content=\"summary_large_image\" \/>\n<meta name=\"twitter:label1\" content=\"Dur\u00e9e de lecture estim\u00e9e\" \/>\n\t<meta name=\"twitter:data1\" content=\"1 minute\" \/>\n<script type=\"application\/ld+json\" class=\"yoast-schema-graph\">{\"@context\":\"https:\/\/schema.org\",\"@graph\":[{\"@type\":\"WebPage\",\"@id\":\"https:\/\/kentis.com\/fr\/boutique\/bonsai-dazalee-satsuki-rhododendron-v39\/\",\"url\":\"https:\/\/kentis.com\/fr\/boutique\/bonsai-dazalee-satsuki-rhododendron-v39\/\",\"name\":\"Bonsa\u00ef d\u2019Azal\u00e9e Satsuki \u2013 Rhododendron V39 - Fleur Rose - Kentis\",\"isPartOf\":{\"@id\":\"https:\/\/kentis.com\/fr\/#website\"},\"primaryImageOfPage\":{\"@id\":\"https:\/\/kentis.com\/fr\/boutique\/bonsai-dazalee-satsuki-rhododendron-v39\/#primaryimage\"},\"image\":{\"@id\":\"https:\/\/kentis.com\/fr\/boutique\/bonsai-dazalee-satsuki-rhododendron-v39\/#primaryimage\"},\"thumbnailUrl\":\"https:\/\/kentis.com\/wp-content\/uploads\/2025\/05\/bonsai-rhododendron-satsuki-v39.png\",\"datePublished\":\"2025-05-08T13:05:07+00:00\",\"dateModified\":\"2025-05-08T15:01:59+00:00\",\"description\":\"Cet exemplaire de bonsa\u00ef d\u2019Azal\u00e9e Satsuki (Rhododendron) \u00e0 fleurs roses a \u00e9t\u00e9 cultiv\u00e9 par des ma\u00eetres bonsa\u00efstes japonais.\",\"breadcrumb\":{\"@id\":\"https:\/\/kentis.com\/fr\/boutique\/bonsai-dazalee-satsuki-rhododendron-v39\/#breadcrumb\"},\"inLanguage\":\"fr-FR\",\"potentialAction\":[{\"@type\":\"ReadAction\",\"target\":[\"https:\/\/kentis.com\/fr\/boutique\/bonsai-dazalee-satsuki-rhododendron-v39\/\"]}]},{\"@type\":\"ImageObject\",\"inLanguage\":\"fr-FR\",\"@id\":\"https:\/\/kentis.com\/fr\/boutique\/bonsai-dazalee-satsuki-rhododendron-v39\/#primaryimage\",\"url\":\"https:\/\/kentis.com\/wp-content\/uploads\/2025\/05\/bonsai-rhododendron-satsuki-v39.png\",\"contentUrl\":\"https:\/\/kentis.com\/wp-content\/uploads\/2025\/05\/bonsai-rhododendron-satsuki-v39.png\",\"width\":1500,\"height\":1500},{\"@type\":\"BreadcrumbList\",\"@id\":\"https:\/\/kentis.com\/fr\/boutique\/bonsai-dazalee-satsuki-rhododendron-v39\/#breadcrumb\",\"itemListElement\":[{\"@type\":\"ListItem\",\"position\":1,\"name\":\"Home\",\"item\":\"https:\/\/kentis.com\/fr\/\"},{\"@type\":\"ListItem\",\"position\":2,\"name\":\"Boutique\",\"item\":\"https:\/\/kentis.com\/fr\/boutique\/\"},{\"@type\":\"ListItem\",\"position\":3,\"name\":\"Bonsa\u00ef et extras\",\"item\":\"https:\/\/kentis.com\/fr\/categorie-produit\/bonsai-et-extras\/\"},{\"@type\":\"ListItem\",\"position\":4,\"name\":\"Bonsa\u00ef d\u2019Azal\u00e9e Satsuki \u2013 Rhododendron V39\"}]},{\"@type\":\"WebSite\",\"@id\":\"https:\/\/kentis.com\/fr\/#website\",\"url\":\"https:\/\/kentis.com\/fr\/\",\"name\":\"Kentis\",\"description\":\"Atelier del verde\",\"publisher\":{\"@id\":\"https:\/\/kentis.com\/fr\/#organization\"},\"potentialAction\":[{\"@type\":\"SearchAction\",\"target\":{\"@type\":\"EntryPoint\",\"urlTemplate\":\"https:\/\/kentis.com\/fr\/?s={search_term_string}\"},\"query-input\":{\"@type\":\"PropertyValueSpecification\",\"valueRequired\":true,\"valueName\":\"search_term_string\"}}],\"inLanguage\":\"fr-FR\"},{\"@type\":\"Organization\",\"@id\":\"https:\/\/kentis.com\/fr\/#organization\",\"name\":\"Kentis\",\"url\":\"https:\/\/kentis.com\/fr\/\",\"logo\":{\"@type\":\"ImageObject\",\"inLanguage\":\"fr-FR\",\"@id\":\"https:\/\/kentis.com\/fr\/#\/schema\/logo\/image\/\",\"url\":\"https:\/\/kentis.com\/wp-content\/uploads\/2021\/08\/logo-main.png\",\"contentUrl\":\"https:\/\/kentis.com\/wp-content\/uploads\/2021\/08\/logo-main.png\",\"width\":800,\"height\":204,\"caption\":\"Kentis\"},\"image\":{\"@id\":\"https:\/\/kentis.com\/fr\/#\/schema\/logo\/image\/\"},\"sameAs\":[\"https:\/\/www.facebook.com\/kentisgarden\",\"https:\/\/www.instagram.com\/kentisgarden\/\",\"https:\/\/it.pinterest.com\/kentisgarden\",\"https:\/\/www.tiktok.com\/@kentis.com\"]}]}<\/script>\n<!-- \/ Yoast SEO plugin. -->","yoast_head_json":{"title":"Bonsa\u00ef d\u2019Azal\u00e9e Satsuki \u2013 Rhododendron V39 - Fleur Rose - Kentis","description":"Cet exemplaire de bonsa\u00ef d\u2019Azal\u00e9e Satsuki (Rhododendron) \u00e0 fleurs roses a \u00e9t\u00e9 cultiv\u00e9 par des ma\u00eetres bonsa\u00efstes japonais.","robots":{"index":"index","follow":"follow","max-snippet":"max-snippet:-1","max-image-preview":"max-image-preview:large","max-video-preview":"max-video-preview:-1"},"canonical":"https:\/\/kentis.com\/fr\/boutique\/bonsai-dazalee-satsuki-rhododendron-v39\/","og_locale":"fr_FR","og_type":"article","og_title":"Bonsa\u00ef d\u2019Azal\u00e9e Satsuki \u2013 Rhododendron V39 - Fleur Rose - Kentis","og_description":"Cet exemplaire de bonsa\u00ef d\u2019Azal\u00e9e Satsuki (Rhododendron) \u00e0 fleurs roses a \u00e9t\u00e9 cultiv\u00e9 par des ma\u00eetres bonsa\u00efstes japonais.","og_url":"https:\/\/kentis.com\/fr\/boutique\/bonsai-dazalee-satsuki-rhododendron-v39\/","og_site_name":"Kentis","article_publisher":"https:\/\/www.facebook.com\/kentisgarden","article_modified_time":"2025-05-08T15:01:59+00:00","og_image":[{"width":1500,"height":1500,"url":"https:\/\/kentis.com\/wp-content\/uploads\/2025\/05\/bonsai-rhododendron-satsuki-v39.png","type":"image\/png"}],"twitter_card":"summary_large_image","twitter_misc":{"Dur\u00e9e de lecture estim\u00e9e":"1 minute"},"schema":{"@context":"https:\/\/schema.org","@graph":[{"@type":"WebPage","@id":"https:\/\/kentis.com\/fr\/boutique\/bonsai-dazalee-satsuki-rhododendron-v39\/","url":"https:\/\/kentis.com\/fr\/boutique\/bonsai-dazalee-satsuki-rhododendron-v39\/","name":"Bonsa\u00ef d\u2019Azal\u00e9e Satsuki \u2013 Rhododendron V39 - Fleur Rose - Kentis","isPartOf":{"@id":"https:\/\/kentis.com\/fr\/#website"},"primaryImageOfPage":{"@id":"https:\/\/kentis.com\/fr\/boutique\/bonsai-dazalee-satsuki-rhododendron-v39\/#primaryimage"},"image":{"@id":"https:\/\/kentis.com\/fr\/boutique\/bonsai-dazalee-satsuki-rhododendron-v39\/#primaryimage"},"thumbnailUrl":"https:\/\/kentis.com\/wp-content\/uploads\/2025\/05\/bonsai-rhododendron-satsuki-v39.png","datePublished":"2025-05-08T13:05:07+00:00","dateModified":"2025-05-08T15:01:59+00:00","description":"Cet exemplaire de bonsa\u00ef d\u2019Azal\u00e9e Satsuki (Rhododendron) \u00e0 fleurs roses a \u00e9t\u00e9 cultiv\u00e9 par des ma\u00eetres bonsa\u00efstes japonais.","breadcrumb":{"@id":"https:\/\/kentis.com\/fr\/boutique\/bonsai-dazalee-satsuki-rhododendron-v39\/#breadcrumb"},"inLanguage":"fr-FR","potentialAction":[{"@type":"ReadAction","target":["https:\/\/kentis.com\/fr\/boutique\/bonsai-dazalee-satsuki-rhododendron-v39\/"]}]},{"@type":"ImageObject","inLanguage":"fr-FR","@id":"https:\/\/kentis.com\/fr\/boutique\/bonsai-dazalee-satsuki-rhododendron-v39\/#primaryimage","url":"https:\/\/kentis.com\/wp-content\/uploads\/2025\/05\/bonsai-rhododendron-satsuki-v39.png","contentUrl":"https:\/\/kentis.com\/wp-content\/uploads\/2025\/05\/bonsai-rhododendron-satsuki-v39.png","width":1500,"height":1500},{"@type":"BreadcrumbList","@id":"https:\/\/kentis.com\/fr\/boutique\/bonsai-dazalee-satsuki-rhododendron-v39\/#breadcrumb","itemListElement":[{"@type":"ListItem","position":1,"name":"Home","item":"https:\/\/kentis.com\/fr\/"},{"@type":"ListItem","position":2,"name":"Boutique","item":"https:\/\/kentis.com\/fr\/boutique\/"},{"@type":"ListItem","position":3,"name":"Bonsa\u00ef et extras","item":"https:\/\/kentis.com\/fr\/categorie-produit\/bonsai-et-extras\/"},{"@type":"ListItem","position":4,"name":"Bonsa\u00ef d\u2019Azal\u00e9e Satsuki \u2013 Rhododendron V39"}]},{"@type":"WebSite","@id":"https:\/\/kentis.com\/fr\/#website","url":"https:\/\/kentis.com\/fr\/","name":"Kentis","description":"Atelier del verde","publisher":{"@id":"https:\/\/kentis.com\/fr\/#organization"},"potentialAction":[{"@type":"SearchAction","target":{"@type":"EntryPoint","urlTemplate":"https:\/\/kentis.com\/fr\/?s={search_term_string}"},"query-input":{"@type":"PropertyValueSpecification","valueRequired":true,"valueName":"search_term_string"}}],"inLanguage":"fr-FR"},{"@type":"Organization","@id":"https:\/\/kentis.com\/fr\/#organization","name":"Kentis","url":"https:\/\/kentis.com\/fr\/","logo":{"@type":"ImageObject","inLanguage":"fr-FR","@id":"https:\/\/kentis.com\/fr\/#\/schema\/logo\/image\/","url":"https:\/\/kentis.com\/wp-content\/uploads\/2021\/08\/logo-main.png","contentUrl":"https:\/\/kentis.com\/wp-content\/uploads\/2021\/08\/logo-main.png","width":800,"height":204,"caption":"Kentis"},"image":{"@id":"https:\/\/kentis.com\/fr\/#\/schema\/logo\/image\/"},"sameAs":["https:\/\/www.facebook.com\/kentisgarden","https:\/\/www.instagram.com\/kentisgarden\/","https:\/\/it.pinterest.com\/kentisgarden","https:\/\/www.tiktok.com\/@kentis.com"]}]}},"_links":{"self":[{"href":"https:\/\/kentis.com\/fr\/wp-json\/wp\/v2\/product\/33820","targetHints":{"allow":["GET"]}}],"collection":[{"href":"https:\/\/kentis.com\/fr\/wp-json\/wp\/v2\/product"}],"about":[{"href":"https:\/\/kentis.com\/fr\/wp-json\/wp\/v2\/types\/product"}],"wp:featuredmedia":[{"embeddable":true,"href":"https:\/\/kentis.com\/fr\/wp-json\/wp\/v2\/media\/33817"}],"wp:attachment":[{"href":"https:\/\/kentis.com\/fr\/wp-json\/wp\/v2\/media?parent=33820"}],"wp:term":[{"taxonomy":"product_cat","embeddable":true,"href":"https:\/\/kentis.com\/fr\/wp-json\/wp\/v2\/product_cat?post=33820"},{"taxonomy":"product_tag","embeddable":true,"href":"https:\/\/kentis.com\/fr\/wp-json\/wp\/v2\/product_tag?post=33820"}],"curies":[{"name":"wp","href":"https:\/\/api.w.org\/{rel}","templated":true}]}}