{"id":33703,"date":"2025-04-22T17:25:48","date_gmt":"2025-04-22T15:25:48","guid":{"rendered":"https:\/\/kentis.com\/negozio\/bonsai-ginkgo-biloba-v19\/"},"modified":"2025-04-22T17:41:02","modified_gmt":"2025-04-22T15:41:02","slug":"bonsai-ginkgo-biloba-v19","status":"publish","type":"product","link":"https:\/\/kentis.com\/fr\/boutique\/bonsai-ginkgo-biloba-v19\/","title":{"rendered":"Bonsa\u00ef Ginkgo Biloba V19"},"content":{"rendered":"<div class=\"fusion-fullwidth fullwidth-box fusion-builder-row-1 fusion-flex-container has-pattern-background has-mask-background nonhundred-percent-fullwidth non-hundred-percent-height-scrolling\" style=\"--awb-border-radius-top-left:0px;--awb-border-radius-top-right:0px;--awb-border-radius-bottom-right:0px;--awb-border-radius-bottom-left:0px;--awb-padding-top:0px;--awb-padding-right:0px;--awb-padding-bottom:0px;--awb-padding-left:0px;--awb-flex-wrap:wrap;\" ><div class=\"fusion-builder-row fusion-row fusion-flex-align-items-flex-start fusion-flex-content-wrap\" style=\"max-width:1248px;margin-left: calc(-4% \/ 2 );margin-right: calc(-4% \/ 2 );\"><div class=\"fusion-layout-column fusion_builder_column fusion-builder-column-0 fusion_builder_column_1_1 1_1 fusion-flex-column\" style=\"--awb-bg-size:cover;--awb-width-large:100%;--awb-margin-top-large:0px;--awb-spacing-right-large:1.92%;--awb-margin-bottom-large:20px;--awb-spacing-left-large:1.92%;--awb-width-medium:100%;--awb-order-medium:0;--awb-spacing-right-medium:1.92%;--awb-spacing-left-medium:1.92%;--awb-width-small:100%;--awb-order-small:0;--awb-spacing-right-small:1.92%;--awb-spacing-left-small:1.92%;\"><div class=\"fusion-column-wrapper fusion-column-has-shadow fusion-flex-justify-content-flex-start fusion-content-layout-column\"><div class=\"fusion-text fusion-text-1\"><p>En raison de sa facilit\u00e9 de culture, le bonsa\u00ef Ginkgo biloba est \u00e9galement un choix id\u00e9al pour ceux qui d\u00e9couvrent le monde du bonsai pour la premi\u00e8re fois. Le Ginkgo est consid\u00e9r\u00e9 comme une plante pr\u00e9historique, \u00e9tant l&#8217;esp\u00e8ce la plus ancienne encore pr\u00e9sente sur Terre, dont les origines remontent \u00e0 quelque 270 millions d&#8217;ann\u00e9es. Sa beaut\u00e9 est caract\u00e9ris\u00e9e par ses feuilles vertes en forme d&#8217;\u00e9ventail, qui prennent une magnifique couleur jaune d&#8217;or en automne avant de tomber.<\/p>\n<p>Hauteur \u00e0 partir de la base du vase : 28\/42 cm.<\/p>\n<p>Le pot en c\u00e9ramique est inclus avec le bonsa\u00ef.<\/p>\n<\/div><\/div><\/div><\/div><\/div>\n","protected":false},"excerpt":{"rendered":"","protected":false},"featured_media":33700,"template":"","meta":{"_acf_changed":false},"product_cat":[586,522],"product_tag":[],"class_list":{"0":"post-33703","1":"product","2":"type-product","3":"status-publish","4":"has-post-thumbnail","6":"product_cat-bonsai-et-extras","7":"product_cat-plantes-d-exterieur","8":"product_shipping_class-franchi-fr","10":"first","11":"instock","12":"taxable","13":"shipping-taxable","14":"purchasable","15":"product-type-variable","16":"has-default-attributes"},"acf":[],"yoast_head":"<!-- This site is optimized with the Yoast SEO plugin v23.4 - https:\/\/yoast.com\/wordpress\/plugins\/seo\/ -->\n<title>Bonsa\u00ef Ginkgo Biloba V19 - Kentis<\/title>\n<meta name=\"description\" content=\"Le bonsa\u00ef Ginkgo biloba est un bonsa\u00ef d&#039;ext\u00e9rieur tr\u00e8s facile d&#039;entretien, c&#039;est pourquoi il est \u00e9galement parfait pour les d\u00e9butants dans ce monde.\" \/>\n<meta name=\"robots\" content=\"index, follow, max-snippet:-1, max-image-preview:large, max-video-preview:-1\" \/>\n<link rel=\"canonical\" href=\"https:\/\/kentis.com\/fr\/boutique\/bonsai-ginkgo-biloba-v19\/\" \/>\n<meta property=\"og:locale\" content=\"fr_FR\" \/>\n<meta property=\"og:type\" content=\"article\" \/>\n<meta property=\"og:title\" content=\"Bonsa\u00ef Ginkgo Biloba V19 - Kentis\" \/>\n<meta property=\"og:description\" content=\"Le bonsa\u00ef Ginkgo biloba est un bonsa\u00ef d&#039;ext\u00e9rieur tr\u00e8s facile d&#039;entretien, c&#039;est pourquoi il est \u00e9galement parfait pour les d\u00e9butants dans ce monde.\" \/>\n<meta property=\"og:url\" content=\"https:\/\/kentis.com\/fr\/boutique\/bonsai-ginkgo-biloba-v19\/\" \/>\n<meta property=\"og:site_name\" content=\"Kentis\" \/>\n<meta property=\"article:publisher\" content=\"https:\/\/www.facebook.com\/kentisgarden\" \/>\n<meta property=\"article:modified_time\" content=\"2025-04-22T15:41:02+00:00\" \/>\n<meta property=\"og:image\" content=\"https:\/\/kentis.com\/wp-content\/uploads\/2025\/04\/Bonsai-ginkgo-biloba-v19.png\" \/>\n\t<meta property=\"og:image:width\" content=\"1500\" \/>\n\t<meta property=\"og:image:height\" content=\"1500\" \/>\n\t<meta property=\"og:image:type\" content=\"image\/png\" \/>\n<meta name=\"twitter:card\" content=\"summary_large_image\" \/>\n<meta name=\"twitter:label1\" content=\"Dur\u00e9e de lecture estim\u00e9e\" \/>\n\t<meta name=\"twitter:data1\" content=\"1 minute\" \/>\n<script type=\"application\/ld+json\" class=\"yoast-schema-graph\">{\"@context\":\"https:\/\/schema.org\",\"@graph\":[{\"@type\":\"WebPage\",\"@id\":\"https:\/\/kentis.com\/fr\/boutique\/bonsai-ginkgo-biloba-v19\/\",\"url\":\"https:\/\/kentis.com\/fr\/boutique\/bonsai-ginkgo-biloba-v19\/\",\"name\":\"Bonsa\u00ef Ginkgo Biloba V19 - Kentis\",\"isPartOf\":{\"@id\":\"https:\/\/kentis.com\/fr\/#website\"},\"primaryImageOfPage\":{\"@id\":\"https:\/\/kentis.com\/fr\/boutique\/bonsai-ginkgo-biloba-v19\/#primaryimage\"},\"image\":{\"@id\":\"https:\/\/kentis.com\/fr\/boutique\/bonsai-ginkgo-biloba-v19\/#primaryimage\"},\"thumbnailUrl\":\"https:\/\/kentis.com\/wp-content\/uploads\/2025\/04\/Bonsai-ginkgo-biloba-v19.png\",\"datePublished\":\"2025-04-22T15:25:48+00:00\",\"dateModified\":\"2025-04-22T15:41:02+00:00\",\"description\":\"Le bonsa\u00ef Ginkgo biloba est un bonsa\u00ef d'ext\u00e9rieur tr\u00e8s facile d'entretien, c'est pourquoi il est \u00e9galement parfait pour les d\u00e9butants dans ce monde.\",\"breadcrumb\":{\"@id\":\"https:\/\/kentis.com\/fr\/boutique\/bonsai-ginkgo-biloba-v19\/#breadcrumb\"},\"inLanguage\":\"fr-FR\",\"potentialAction\":[{\"@type\":\"ReadAction\",\"target\":[\"https:\/\/kentis.com\/fr\/boutique\/bonsai-ginkgo-biloba-v19\/\"]}]},{\"@type\":\"ImageObject\",\"inLanguage\":\"fr-FR\",\"@id\":\"https:\/\/kentis.com\/fr\/boutique\/bonsai-ginkgo-biloba-v19\/#primaryimage\",\"url\":\"https:\/\/kentis.com\/wp-content\/uploads\/2025\/04\/Bonsai-ginkgo-biloba-v19.png\",\"contentUrl\":\"https:\/\/kentis.com\/wp-content\/uploads\/2025\/04\/Bonsai-ginkgo-biloba-v19.png\",\"width\":1500,\"height\":1500},{\"@type\":\"BreadcrumbList\",\"@id\":\"https:\/\/kentis.com\/fr\/boutique\/bonsai-ginkgo-biloba-v19\/#breadcrumb\",\"itemListElement\":[{\"@type\":\"ListItem\",\"position\":1,\"name\":\"Home\",\"item\":\"https:\/\/kentis.com\/fr\/\"},{\"@type\":\"ListItem\",\"position\":2,\"name\":\"Boutique\",\"item\":\"https:\/\/kentis.com\/fr\/boutique\/\"},{\"@type\":\"ListItem\",\"position\":3,\"name\":\"Bonsa\u00ef et extras\",\"item\":\"https:\/\/kentis.com\/fr\/categorie-produit\/bonsai-et-extras\/\"},{\"@type\":\"ListItem\",\"position\":4,\"name\":\"Bonsa\u00ef Ginkgo Biloba V19\"}]},{\"@type\":\"WebSite\",\"@id\":\"https:\/\/kentis.com\/fr\/#website\",\"url\":\"https:\/\/kentis.com\/fr\/\",\"name\":\"Kentis\",\"description\":\"Atelier del verde\",\"publisher\":{\"@id\":\"https:\/\/kentis.com\/fr\/#organization\"},\"potentialAction\":[{\"@type\":\"SearchAction\",\"target\":{\"@type\":\"EntryPoint\",\"urlTemplate\":\"https:\/\/kentis.com\/fr\/?s={search_term_string}\"},\"query-input\":{\"@type\":\"PropertyValueSpecification\",\"valueRequired\":true,\"valueName\":\"search_term_string\"}}],\"inLanguage\":\"fr-FR\"},{\"@type\":\"Organization\",\"@id\":\"https:\/\/kentis.com\/fr\/#organization\",\"name\":\"Kentis\",\"url\":\"https:\/\/kentis.com\/fr\/\",\"logo\":{\"@type\":\"ImageObject\",\"inLanguage\":\"fr-FR\",\"@id\":\"https:\/\/kentis.com\/fr\/#\/schema\/logo\/image\/\",\"url\":\"https:\/\/kentis.com\/wp-content\/uploads\/2021\/08\/logo-main.png\",\"contentUrl\":\"https:\/\/kentis.com\/wp-content\/uploads\/2021\/08\/logo-main.png\",\"width\":800,\"height\":204,\"caption\":\"Kentis\"},\"image\":{\"@id\":\"https:\/\/kentis.com\/fr\/#\/schema\/logo\/image\/\"},\"sameAs\":[\"https:\/\/www.facebook.com\/kentisgarden\",\"https:\/\/www.instagram.com\/kentisgarden\/\",\"https:\/\/it.pinterest.com\/kentisgarden\",\"https:\/\/www.tiktok.com\/@kentis.com\"]}]}<\/script>\n<!-- \/ Yoast SEO plugin. -->","yoast_head_json":{"title":"Bonsa\u00ef Ginkgo Biloba V19 - Kentis","description":"Le bonsa\u00ef Ginkgo biloba est un bonsa\u00ef d'ext\u00e9rieur tr\u00e8s facile d'entretien, c'est pourquoi il est \u00e9galement parfait pour les d\u00e9butants dans ce monde.","robots":{"index":"index","follow":"follow","max-snippet":"max-snippet:-1","max-image-preview":"max-image-preview:large","max-video-preview":"max-video-preview:-1"},"canonical":"https:\/\/kentis.com\/fr\/boutique\/bonsai-ginkgo-biloba-v19\/","og_locale":"fr_FR","og_type":"article","og_title":"Bonsa\u00ef Ginkgo Biloba V19 - Kentis","og_description":"Le bonsa\u00ef Ginkgo biloba est un bonsa\u00ef d'ext\u00e9rieur tr\u00e8s facile d'entretien, c'est pourquoi il est \u00e9galement parfait pour les d\u00e9butants dans ce monde.","og_url":"https:\/\/kentis.com\/fr\/boutique\/bonsai-ginkgo-biloba-v19\/","og_site_name":"Kentis","article_publisher":"https:\/\/www.facebook.com\/kentisgarden","article_modified_time":"2025-04-22T15:41:02+00:00","og_image":[{"width":1500,"height":1500,"url":"https:\/\/kentis.com\/wp-content\/uploads\/2025\/04\/Bonsai-ginkgo-biloba-v19.png","type":"image\/png"}],"twitter_card":"summary_large_image","twitter_misc":{"Dur\u00e9e de lecture estim\u00e9e":"1 minute"},"schema":{"@context":"https:\/\/schema.org","@graph":[{"@type":"WebPage","@id":"https:\/\/kentis.com\/fr\/boutique\/bonsai-ginkgo-biloba-v19\/","url":"https:\/\/kentis.com\/fr\/boutique\/bonsai-ginkgo-biloba-v19\/","name":"Bonsa\u00ef Ginkgo Biloba V19 - Kentis","isPartOf":{"@id":"https:\/\/kentis.com\/fr\/#website"},"primaryImageOfPage":{"@id":"https:\/\/kentis.com\/fr\/boutique\/bonsai-ginkgo-biloba-v19\/#primaryimage"},"image":{"@id":"https:\/\/kentis.com\/fr\/boutique\/bonsai-ginkgo-biloba-v19\/#primaryimage"},"thumbnailUrl":"https:\/\/kentis.com\/wp-content\/uploads\/2025\/04\/Bonsai-ginkgo-biloba-v19.png","datePublished":"2025-04-22T15:25:48+00:00","dateModified":"2025-04-22T15:41:02+00:00","description":"Le bonsa\u00ef Ginkgo biloba est un bonsa\u00ef d'ext\u00e9rieur tr\u00e8s facile d'entretien, c'est pourquoi il est \u00e9galement parfait pour les d\u00e9butants dans ce monde.","breadcrumb":{"@id":"https:\/\/kentis.com\/fr\/boutique\/bonsai-ginkgo-biloba-v19\/#breadcrumb"},"inLanguage":"fr-FR","potentialAction":[{"@type":"ReadAction","target":["https:\/\/kentis.com\/fr\/boutique\/bonsai-ginkgo-biloba-v19\/"]}]},{"@type":"ImageObject","inLanguage":"fr-FR","@id":"https:\/\/kentis.com\/fr\/boutique\/bonsai-ginkgo-biloba-v19\/#primaryimage","url":"https:\/\/kentis.com\/wp-content\/uploads\/2025\/04\/Bonsai-ginkgo-biloba-v19.png","contentUrl":"https:\/\/kentis.com\/wp-content\/uploads\/2025\/04\/Bonsai-ginkgo-biloba-v19.png","width":1500,"height":1500},{"@type":"BreadcrumbList","@id":"https:\/\/kentis.com\/fr\/boutique\/bonsai-ginkgo-biloba-v19\/#breadcrumb","itemListElement":[{"@type":"ListItem","position":1,"name":"Home","item":"https:\/\/kentis.com\/fr\/"},{"@type":"ListItem","position":2,"name":"Boutique","item":"https:\/\/kentis.com\/fr\/boutique\/"},{"@type":"ListItem","position":3,"name":"Bonsa\u00ef et extras","item":"https:\/\/kentis.com\/fr\/categorie-produit\/bonsai-et-extras\/"},{"@type":"ListItem","position":4,"name":"Bonsa\u00ef Ginkgo Biloba V19"}]},{"@type":"WebSite","@id":"https:\/\/kentis.com\/fr\/#website","url":"https:\/\/kentis.com\/fr\/","name":"Kentis","description":"Atelier del verde","publisher":{"@id":"https:\/\/kentis.com\/fr\/#organization"},"potentialAction":[{"@type":"SearchAction","target":{"@type":"EntryPoint","urlTemplate":"https:\/\/kentis.com\/fr\/?s={search_term_string}"},"query-input":{"@type":"PropertyValueSpecification","valueRequired":true,"valueName":"search_term_string"}}],"inLanguage":"fr-FR"},{"@type":"Organization","@id":"https:\/\/kentis.com\/fr\/#organization","name":"Kentis","url":"https:\/\/kentis.com\/fr\/","logo":{"@type":"ImageObject","inLanguage":"fr-FR","@id":"https:\/\/kentis.com\/fr\/#\/schema\/logo\/image\/","url":"https:\/\/kentis.com\/wp-content\/uploads\/2021\/08\/logo-main.png","contentUrl":"https:\/\/kentis.com\/wp-content\/uploads\/2021\/08\/logo-main.png","width":800,"height":204,"caption":"Kentis"},"image":{"@id":"https:\/\/kentis.com\/fr\/#\/schema\/logo\/image\/"},"sameAs":["https:\/\/www.facebook.com\/kentisgarden","https:\/\/www.instagram.com\/kentisgarden\/","https:\/\/it.pinterest.com\/kentisgarden","https:\/\/www.tiktok.com\/@kentis.com"]}]}},"_links":{"self":[{"href":"https:\/\/kentis.com\/fr\/wp-json\/wp\/v2\/product\/33703","targetHints":{"allow":["GET"]}}],"collection":[{"href":"https:\/\/kentis.com\/fr\/wp-json\/wp\/v2\/product"}],"about":[{"href":"https:\/\/kentis.com\/fr\/wp-json\/wp\/v2\/types\/product"}],"wp:featuredmedia":[{"embeddable":true,"href":"https:\/\/kentis.com\/fr\/wp-json\/wp\/v2\/media\/33700"}],"wp:attachment":[{"href":"https:\/\/kentis.com\/fr\/wp-json\/wp\/v2\/media?parent=33703"}],"wp:term":[{"taxonomy":"product_cat","embeddable":true,"href":"https:\/\/kentis.com\/fr\/wp-json\/wp\/v2\/product_cat?post=33703"},{"taxonomy":"product_tag","embeddable":true,"href":"https:\/\/kentis.com\/fr\/wp-json\/wp\/v2\/product_tag?post=33703"}],"curies":[{"name":"wp","href":"https:\/\/api.w.org\/{rel}","templated":true}]}}