{"id":33006,"date":"2025-03-05T12:53:38","date_gmt":"2025-03-05T11:53:38","guid":{"rendered":"https:\/\/kentis.com\/negozio\/bonsai-zanthoxylum-piperitum-pepe-di-sichuan-v29\/"},"modified":"2025-03-06T10:38:43","modified_gmt":"2025-03-06T09:38:43","slug":"bonsai-zanthoxylum-piperitum-poivrier-v29","status":"publish","type":"product","link":"https:\/\/kentis.com\/fr\/boutique\/bonsai-zanthoxylum-piperitum-poivrier-v29\/","title":{"rendered":"Bonsa\u00ef Zanthoxylum Piperitum \u2013 Faux Poivrier V29"},"content":{"rendered":"<div class=\"fusion-fullwidth fullwidth-box fusion-builder-row-1 fusion-flex-container has-pattern-background has-mask-background nonhundred-percent-fullwidth non-hundred-percent-height-scrolling\" style=\"--awb-border-radius-top-left:0px;--awb-border-radius-top-right:0px;--awb-border-radius-bottom-right:0px;--awb-border-radius-bottom-left:0px;--awb-padding-top:0px;--awb-padding-right:0px;--awb-padding-bottom:0px;--awb-padding-left:0px;--awb-flex-wrap:wrap;\" ><div class=\"fusion-builder-row fusion-row fusion-flex-align-items-flex-start fusion-flex-content-wrap\" style=\"max-width:1248px;margin-left: calc(-4% \/ 2 );margin-right: calc(-4% \/ 2 );\"><div class=\"fusion-layout-column fusion_builder_column fusion-builder-column-0 fusion_builder_column_1_1 1_1 fusion-flex-column\" style=\"--awb-bg-size:cover;--awb-width-large:100%;--awb-margin-top-large:0px;--awb-spacing-right-large:1.92%;--awb-margin-bottom-large:20px;--awb-spacing-left-large:1.92%;--awb-width-medium:100%;--awb-order-medium:0;--awb-spacing-right-medium:1.92%;--awb-spacing-left-medium:1.92%;--awb-width-small:100%;--awb-order-small:0;--awb-spacing-right-small:1.92%;--awb-spacing-left-small:1.92%;\"><div class=\"fusion-column-wrapper fusion-column-has-shadow fusion-flex-justify-content-flex-start fusion-content-layout-column\"><div class=\"fusion-text fusion-text-1\"><p>Le bonsa\u00ef Zanthoxylum piperitum, \u00e9galement connu sous le nom de faux poivrier, est un bonsa\u00ef d\u2019int\u00e9rieur qui peut \u00eatre plac\u00e9 \u00e0 l\u2019ext\u00e9rieur lorsque les temp\u00e9ratures sont en permanence sup\u00e9rieures \u00e0 10 degr\u00e9s. Il est tr\u00e8s appr\u00e9ci\u00e9 pour ses petites feuilles d\u2019un vert vif, qui d\u00e9gagent un parfum frais et \u00e9pic\u00e9 lorsqu\u2019on les frotte. Gr\u00e2ce \u00e0 sa facilit\u00e9 d\u2019entretien, il constitue \u00e9galement un choix id\u00e9al pour les personnes qui d\u00e9couvrent le monde des bonsa\u00efs.<\/p>\n<p>Hauteur \u00e0 partir de la base du pot : 45\/60 cm.<\/p>\n<p>Le pot en c\u00e9ramique est fourni avec le bonsai.<\/p>\n<p><strong>Chaque sp\u00e9cimen est unique, si vous voulez savoir ce que vous recevrez, envoyez-nous un message pour que nous puissions vous envoyer la photo.<\/strong><\/p>\n<\/div><\/div><\/div><\/div><\/div>\n","protected":false},"excerpt":{"rendered":"","protected":false},"featured_media":33004,"template":"","meta":{"_acf_changed":false},"product_cat":[586,522,448],"product_tag":[],"class_list":{"0":"post-33006","1":"product","2":"type-product","3":"status-publish","4":"has-post-thumbnail","6":"product_cat-bonsai-et-extras","7":"product_cat-plantes-d-exterieur","8":"product_cat-plantes-d-interieur","9":"product_shipping_class-franchi-fr","11":"first","12":"instock","13":"taxable","14":"shipping-taxable","15":"purchasable","16":"product-type-variable","17":"has-default-attributes"},"acf":[],"yoast_head":"<!-- This site is optimized with the Yoast SEO plugin v23.4 - https:\/\/yoast.com\/wordpress\/plugins\/seo\/ -->\n<title>Bonsa\u00ef Zanthoxylum Piperitum \u2013 Faux Poivrier V29 - Kentis<\/title>\n<meta name=\"description\" content=\"Le bonsa\u00ef Zanthoxylum piperitum, connu sous le nom de faux poivrier, est un bonsa\u00ef d&#039;int\u00e9rieur dont les petites feuilles d\u00e9gagent un parfum \u00e9pic\u00e9.\" \/>\n<meta name=\"robots\" content=\"index, follow, max-snippet:-1, max-image-preview:large, max-video-preview:-1\" \/>\n<link rel=\"canonical\" href=\"https:\/\/kentis.com\/fr\/boutique\/bonsai-zanthoxylum-piperitum-poivrier-v29\/\" \/>\n<meta property=\"og:locale\" content=\"fr_FR\" \/>\n<meta property=\"og:type\" content=\"article\" \/>\n<meta property=\"og:title\" content=\"Bonsa\u00ef Zanthoxylum Piperitum \u2013 Faux Poivrier V29 - Kentis\" \/>\n<meta property=\"og:description\" content=\"Le bonsa\u00ef Zanthoxylum piperitum, connu sous le nom de faux poivrier, est un bonsa\u00ef d&#039;int\u00e9rieur dont les petites feuilles d\u00e9gagent un parfum \u00e9pic\u00e9.\" \/>\n<meta property=\"og:url\" content=\"https:\/\/kentis.com\/fr\/boutique\/bonsai-zanthoxylum-piperitum-poivrier-v29\/\" \/>\n<meta property=\"og:site_name\" content=\"Kentis\" \/>\n<meta property=\"article:publisher\" content=\"https:\/\/www.facebook.com\/kentisgarden\" \/>\n<meta property=\"article:modified_time\" content=\"2025-03-06T09:38:43+00:00\" \/>\n<meta property=\"og:image\" content=\"https:\/\/kentis.com\/wp-content\/uploads\/2025\/03\/Bonsai-Zanthoxylum-piperitum.png\" \/>\n\t<meta property=\"og:image:width\" content=\"1500\" \/>\n\t<meta property=\"og:image:height\" content=\"1500\" \/>\n\t<meta property=\"og:image:type\" content=\"image\/png\" \/>\n<meta name=\"twitter:card\" content=\"summary_large_image\" \/>\n<meta name=\"twitter:label1\" content=\"Dur\u00e9e de lecture estim\u00e9e\" \/>\n\t<meta name=\"twitter:data1\" content=\"1 minute\" \/>\n<script type=\"application\/ld+json\" class=\"yoast-schema-graph\">{\"@context\":\"https:\/\/schema.org\",\"@graph\":[{\"@type\":\"WebPage\",\"@id\":\"https:\/\/kentis.com\/fr\/boutique\/bonsai-zanthoxylum-piperitum-poivrier-v29\/\",\"url\":\"https:\/\/kentis.com\/fr\/boutique\/bonsai-zanthoxylum-piperitum-poivrier-v29\/\",\"name\":\"Bonsa\u00ef Zanthoxylum Piperitum \u2013 Faux Poivrier V29 - Kentis\",\"isPartOf\":{\"@id\":\"https:\/\/kentis.com\/fr\/#website\"},\"primaryImageOfPage\":{\"@id\":\"https:\/\/kentis.com\/fr\/boutique\/bonsai-zanthoxylum-piperitum-poivrier-v29\/#primaryimage\"},\"image\":{\"@id\":\"https:\/\/kentis.com\/fr\/boutique\/bonsai-zanthoxylum-piperitum-poivrier-v29\/#primaryimage\"},\"thumbnailUrl\":\"https:\/\/kentis.com\/wp-content\/uploads\/2025\/03\/Bonsai-Zanthoxylum-piperitum.png\",\"datePublished\":\"2025-03-05T11:53:38+00:00\",\"dateModified\":\"2025-03-06T09:38:43+00:00\",\"description\":\"Le bonsa\u00ef Zanthoxylum piperitum, connu sous le nom de faux poivrier, est un bonsa\u00ef d'int\u00e9rieur dont les petites feuilles d\u00e9gagent un parfum \u00e9pic\u00e9.\",\"breadcrumb\":{\"@id\":\"https:\/\/kentis.com\/fr\/boutique\/bonsai-zanthoxylum-piperitum-poivrier-v29\/#breadcrumb\"},\"inLanguage\":\"fr-FR\",\"potentialAction\":[{\"@type\":\"ReadAction\",\"target\":[\"https:\/\/kentis.com\/fr\/boutique\/bonsai-zanthoxylum-piperitum-poivrier-v29\/\"]}]},{\"@type\":\"ImageObject\",\"inLanguage\":\"fr-FR\",\"@id\":\"https:\/\/kentis.com\/fr\/boutique\/bonsai-zanthoxylum-piperitum-poivrier-v29\/#primaryimage\",\"url\":\"https:\/\/kentis.com\/wp-content\/uploads\/2025\/03\/Bonsai-Zanthoxylum-piperitum.png\",\"contentUrl\":\"https:\/\/kentis.com\/wp-content\/uploads\/2025\/03\/Bonsai-Zanthoxylum-piperitum.png\",\"width\":1500,\"height\":1500},{\"@type\":\"BreadcrumbList\",\"@id\":\"https:\/\/kentis.com\/fr\/boutique\/bonsai-zanthoxylum-piperitum-poivrier-v29\/#breadcrumb\",\"itemListElement\":[{\"@type\":\"ListItem\",\"position\":1,\"name\":\"Home\",\"item\":\"https:\/\/kentis.com\/fr\/\"},{\"@type\":\"ListItem\",\"position\":2,\"name\":\"Boutique\",\"item\":\"https:\/\/kentis.com\/fr\/boutique\/\"},{\"@type\":\"ListItem\",\"position\":3,\"name\":\"Bonsa\u00ef et extras\",\"item\":\"https:\/\/kentis.com\/fr\/categorie-produit\/bonsai-et-extras\/\"},{\"@type\":\"ListItem\",\"position\":4,\"name\":\"Bonsa\u00ef Zanthoxylum Piperitum \u2013 Faux Poivrier V29\"}]},{\"@type\":\"WebSite\",\"@id\":\"https:\/\/kentis.com\/fr\/#website\",\"url\":\"https:\/\/kentis.com\/fr\/\",\"name\":\"Kentis\",\"description\":\"Atelier del verde\",\"publisher\":{\"@id\":\"https:\/\/kentis.com\/fr\/#organization\"},\"potentialAction\":[{\"@type\":\"SearchAction\",\"target\":{\"@type\":\"EntryPoint\",\"urlTemplate\":\"https:\/\/kentis.com\/fr\/?s={search_term_string}\"},\"query-input\":{\"@type\":\"PropertyValueSpecification\",\"valueRequired\":true,\"valueName\":\"search_term_string\"}}],\"inLanguage\":\"fr-FR\"},{\"@type\":\"Organization\",\"@id\":\"https:\/\/kentis.com\/fr\/#organization\",\"name\":\"Kentis\",\"url\":\"https:\/\/kentis.com\/fr\/\",\"logo\":{\"@type\":\"ImageObject\",\"inLanguage\":\"fr-FR\",\"@id\":\"https:\/\/kentis.com\/fr\/#\/schema\/logo\/image\/\",\"url\":\"https:\/\/kentis.com\/wp-content\/uploads\/2021\/08\/logo-main.png\",\"contentUrl\":\"https:\/\/kentis.com\/wp-content\/uploads\/2021\/08\/logo-main.png\",\"width\":800,\"height\":204,\"caption\":\"Kentis\"},\"image\":{\"@id\":\"https:\/\/kentis.com\/fr\/#\/schema\/logo\/image\/\"},\"sameAs\":[\"https:\/\/www.facebook.com\/kentisgarden\",\"https:\/\/www.instagram.com\/kentisgarden\/\",\"https:\/\/it.pinterest.com\/kentisgarden\",\"https:\/\/www.tiktok.com\/@kentis.com\"]}]}<\/script>\n<!-- \/ Yoast SEO plugin. -->","yoast_head_json":{"title":"Bonsa\u00ef Zanthoxylum Piperitum \u2013 Faux Poivrier V29 - Kentis","description":"Le bonsa\u00ef Zanthoxylum piperitum, connu sous le nom de faux poivrier, est un bonsa\u00ef d'int\u00e9rieur dont les petites feuilles d\u00e9gagent un parfum \u00e9pic\u00e9.","robots":{"index":"index","follow":"follow","max-snippet":"max-snippet:-1","max-image-preview":"max-image-preview:large","max-video-preview":"max-video-preview:-1"},"canonical":"https:\/\/kentis.com\/fr\/boutique\/bonsai-zanthoxylum-piperitum-poivrier-v29\/","og_locale":"fr_FR","og_type":"article","og_title":"Bonsa\u00ef Zanthoxylum Piperitum \u2013 Faux Poivrier V29 - Kentis","og_description":"Le bonsa\u00ef Zanthoxylum piperitum, connu sous le nom de faux poivrier, est un bonsa\u00ef d'int\u00e9rieur dont les petites feuilles d\u00e9gagent un parfum \u00e9pic\u00e9.","og_url":"https:\/\/kentis.com\/fr\/boutique\/bonsai-zanthoxylum-piperitum-poivrier-v29\/","og_site_name":"Kentis","article_publisher":"https:\/\/www.facebook.com\/kentisgarden","article_modified_time":"2025-03-06T09:38:43+00:00","og_image":[{"width":1500,"height":1500,"url":"https:\/\/kentis.com\/wp-content\/uploads\/2025\/03\/Bonsai-Zanthoxylum-piperitum.png","type":"image\/png"}],"twitter_card":"summary_large_image","twitter_misc":{"Dur\u00e9e de lecture estim\u00e9e":"1 minute"},"schema":{"@context":"https:\/\/schema.org","@graph":[{"@type":"WebPage","@id":"https:\/\/kentis.com\/fr\/boutique\/bonsai-zanthoxylum-piperitum-poivrier-v29\/","url":"https:\/\/kentis.com\/fr\/boutique\/bonsai-zanthoxylum-piperitum-poivrier-v29\/","name":"Bonsa\u00ef Zanthoxylum Piperitum \u2013 Faux Poivrier V29 - Kentis","isPartOf":{"@id":"https:\/\/kentis.com\/fr\/#website"},"primaryImageOfPage":{"@id":"https:\/\/kentis.com\/fr\/boutique\/bonsai-zanthoxylum-piperitum-poivrier-v29\/#primaryimage"},"image":{"@id":"https:\/\/kentis.com\/fr\/boutique\/bonsai-zanthoxylum-piperitum-poivrier-v29\/#primaryimage"},"thumbnailUrl":"https:\/\/kentis.com\/wp-content\/uploads\/2025\/03\/Bonsai-Zanthoxylum-piperitum.png","datePublished":"2025-03-05T11:53:38+00:00","dateModified":"2025-03-06T09:38:43+00:00","description":"Le bonsa\u00ef Zanthoxylum piperitum, connu sous le nom de faux poivrier, est un bonsa\u00ef d'int\u00e9rieur dont les petites feuilles d\u00e9gagent un parfum \u00e9pic\u00e9.","breadcrumb":{"@id":"https:\/\/kentis.com\/fr\/boutique\/bonsai-zanthoxylum-piperitum-poivrier-v29\/#breadcrumb"},"inLanguage":"fr-FR","potentialAction":[{"@type":"ReadAction","target":["https:\/\/kentis.com\/fr\/boutique\/bonsai-zanthoxylum-piperitum-poivrier-v29\/"]}]},{"@type":"ImageObject","inLanguage":"fr-FR","@id":"https:\/\/kentis.com\/fr\/boutique\/bonsai-zanthoxylum-piperitum-poivrier-v29\/#primaryimage","url":"https:\/\/kentis.com\/wp-content\/uploads\/2025\/03\/Bonsai-Zanthoxylum-piperitum.png","contentUrl":"https:\/\/kentis.com\/wp-content\/uploads\/2025\/03\/Bonsai-Zanthoxylum-piperitum.png","width":1500,"height":1500},{"@type":"BreadcrumbList","@id":"https:\/\/kentis.com\/fr\/boutique\/bonsai-zanthoxylum-piperitum-poivrier-v29\/#breadcrumb","itemListElement":[{"@type":"ListItem","position":1,"name":"Home","item":"https:\/\/kentis.com\/fr\/"},{"@type":"ListItem","position":2,"name":"Boutique","item":"https:\/\/kentis.com\/fr\/boutique\/"},{"@type":"ListItem","position":3,"name":"Bonsa\u00ef et extras","item":"https:\/\/kentis.com\/fr\/categorie-produit\/bonsai-et-extras\/"},{"@type":"ListItem","position":4,"name":"Bonsa\u00ef Zanthoxylum Piperitum \u2013 Faux Poivrier V29"}]},{"@type":"WebSite","@id":"https:\/\/kentis.com\/fr\/#website","url":"https:\/\/kentis.com\/fr\/","name":"Kentis","description":"Atelier del verde","publisher":{"@id":"https:\/\/kentis.com\/fr\/#organization"},"potentialAction":[{"@type":"SearchAction","target":{"@type":"EntryPoint","urlTemplate":"https:\/\/kentis.com\/fr\/?s={search_term_string}"},"query-input":{"@type":"PropertyValueSpecification","valueRequired":true,"valueName":"search_term_string"}}],"inLanguage":"fr-FR"},{"@type":"Organization","@id":"https:\/\/kentis.com\/fr\/#organization","name":"Kentis","url":"https:\/\/kentis.com\/fr\/","logo":{"@type":"ImageObject","inLanguage":"fr-FR","@id":"https:\/\/kentis.com\/fr\/#\/schema\/logo\/image\/","url":"https:\/\/kentis.com\/wp-content\/uploads\/2021\/08\/logo-main.png","contentUrl":"https:\/\/kentis.com\/wp-content\/uploads\/2021\/08\/logo-main.png","width":800,"height":204,"caption":"Kentis"},"image":{"@id":"https:\/\/kentis.com\/fr\/#\/schema\/logo\/image\/"},"sameAs":["https:\/\/www.facebook.com\/kentisgarden","https:\/\/www.instagram.com\/kentisgarden\/","https:\/\/it.pinterest.com\/kentisgarden","https:\/\/www.tiktok.com\/@kentis.com"]}]}},"_links":{"self":[{"href":"https:\/\/kentis.com\/fr\/wp-json\/wp\/v2\/product\/33006","targetHints":{"allow":["GET"]}}],"collection":[{"href":"https:\/\/kentis.com\/fr\/wp-json\/wp\/v2\/product"}],"about":[{"href":"https:\/\/kentis.com\/fr\/wp-json\/wp\/v2\/types\/product"}],"wp:featuredmedia":[{"embeddable":true,"href":"https:\/\/kentis.com\/fr\/wp-json\/wp\/v2\/media\/33004"}],"wp:attachment":[{"href":"https:\/\/kentis.com\/fr\/wp-json\/wp\/v2\/media?parent=33006"}],"wp:term":[{"taxonomy":"product_cat","embeddable":true,"href":"https:\/\/kentis.com\/fr\/wp-json\/wp\/v2\/product_cat?post=33006"},{"taxonomy":"product_tag","embeddable":true,"href":"https:\/\/kentis.com\/fr\/wp-json\/wp\/v2\/product_tag?post=33006"}],"curies":[{"name":"wp","href":"https:\/\/api.w.org\/{rel}","templated":true}]}}