{"id":32884,"date":"2025-03-04T14:20:07","date_gmt":"2025-03-04T13:20:07","guid":{"rendered":"https:\/\/kentis.com\/negozio\/bonsai-acer-palmatum-sango-kaku-v18\/"},"modified":"2025-03-04T14:57:13","modified_gmt":"2025-03-04T13:57:13","slug":"bonsai-acer-palmatum-sango-kaku-erable","status":"publish","type":"product","link":"https:\/\/kentis.com\/fr\/boutique\/bonsai-acer-palmatum-sango-kaku-erable\/","title":{"rendered":"Bonsa\u00ef Acer Palmatum &#8220;Sango Kaku&#8221; &#8211; \u00c9rable V18"},"content":{"rendered":"<div class=\"fusion-fullwidth fullwidth-box fusion-builder-row-1 fusion-flex-container has-pattern-background has-mask-background nonhundred-percent-fullwidth non-hundred-percent-height-scrolling\" style=\"--awb-border-radius-top-left:0px;--awb-border-radius-top-right:0px;--awb-border-radius-bottom-right:0px;--awb-border-radius-bottom-left:0px;--awb-padding-top:0px;--awb-padding-right:0px;--awb-padding-bottom:0px;--awb-padding-left:0px;--awb-flex-wrap:wrap;\" ><div class=\"fusion-builder-row fusion-row fusion-flex-align-items-flex-start fusion-flex-content-wrap\" style=\"max-width:1248px;margin-left: calc(-4% \/ 2 );margin-right: calc(-4% \/ 2 );\"><div class=\"fusion-layout-column fusion_builder_column fusion-builder-column-0 fusion_builder_column_1_1 1_1 fusion-flex-column\" style=\"--awb-bg-size:cover;--awb-width-large:100%;--awb-margin-top-large:0px;--awb-spacing-right-large:1.92%;--awb-margin-bottom-large:20px;--awb-spacing-left-large:1.92%;--awb-width-medium:100%;--awb-order-medium:0;--awb-spacing-right-medium:1.92%;--awb-spacing-left-medium:1.92%;--awb-width-small:100%;--awb-order-small:0;--awb-spacing-right-small:1.92%;--awb-spacing-left-small:1.92%;\"><div class=\"fusion-column-wrapper fusion-column-has-shadow fusion-flex-justify-content-flex-start fusion-content-layout-column\"><div class=\"fusion-text fusion-text-1\"><p>Le bonsa\u00ef Acer palmatum &#8216;Sango Kaku&#8217;, \u00e9galement connu sous le nom de \u00e9rable corail ou tour corail (traduction de son nom en japonais), se distingue par son \u00e9corce rouge vif. Cette couleur est particuli\u00e8rement intense dans les jeunes branches, ce qui rend cette vari\u00e9t\u00e9 unique par rapport aux autres \u00e9rables. L&#8217;\u00e9corce rouge donne \u00e0 la plante un aspect saisissant, surtout pendant les mois d&#8217;hiver, lorsque les branches d\u00e9nud\u00e9es soulignent la couleur.<\/p>\n<p>Hauteur \u00e0 partir de la base du pot : 32\/42 cm.<\/p>\n<p>Le pot en c\u00e9ramique est fourni avec le bonsai.<\/p>\n<\/div><\/div><\/div><\/div><\/div>\n","protected":false},"excerpt":{"rendered":"","protected":false},"featured_media":32882,"template":"","meta":{"_acf_changed":false},"product_cat":[586,522],"product_tag":[],"class_list":{"0":"post-32884","1":"product","2":"type-product","3":"status-publish","4":"has-post-thumbnail","6":"product_cat-bonsai-et-extras","7":"product_cat-plantes-d-exterieur","9":"first","10":"instock","11":"taxable","12":"shipping-taxable","13":"purchasable","14":"product-type-variable","15":"has-default-attributes"},"acf":[],"yoast_head":"<!-- This site is optimized with the Yoast SEO plugin v23.4 - https:\/\/yoast.com\/wordpress\/plugins\/seo\/ -->\n<title>Bonsa\u00ef Acer Palmatum &quot;Sango Kaku&quot; - Bonsai d&#039;\u00c9rable V18 - Kentis<\/title>\n<meta name=\"description\" content=\"Le bonsa\u00ef Acer palmatum &#039;Sango Kaku&#039; est \u00e9galement connu sous le nom d&#039;\u00e9rable corail ou de tour corail en raison de son \u00e9corce rouge vif.\" \/>\n<meta name=\"robots\" content=\"index, follow, max-snippet:-1, max-image-preview:large, max-video-preview:-1\" \/>\n<link rel=\"canonical\" href=\"https:\/\/kentis.com\/fr\/boutique\/bonsai-acer-palmatum-sango-kaku-erable\/\" \/>\n<meta property=\"og:locale\" content=\"fr_FR\" \/>\n<meta property=\"og:type\" content=\"article\" \/>\n<meta property=\"og:title\" content=\"Bonsa\u00ef Acer Palmatum &quot;Sango Kaku&quot; - Bonsai d&#039;\u00c9rable V18 - Kentis\" \/>\n<meta property=\"og:description\" content=\"Le bonsa\u00ef Acer palmatum &#039;Sango Kaku&#039; est \u00e9galement connu sous le nom d&#039;\u00e9rable corail ou de tour corail en raison de son \u00e9corce rouge vif.\" \/>\n<meta property=\"og:url\" content=\"https:\/\/kentis.com\/fr\/boutique\/bonsai-acer-palmatum-sango-kaku-erable\/\" \/>\n<meta property=\"og:site_name\" content=\"Kentis\" \/>\n<meta property=\"article:publisher\" content=\"https:\/\/www.facebook.com\/kentisgarden\" \/>\n<meta property=\"article:modified_time\" content=\"2025-03-04T13:57:13+00:00\" \/>\n<meta property=\"og:image\" content=\"https:\/\/kentis.com\/wp-content\/uploads\/2025\/03\/Bonsai-acer-palmatum-sango-kaku.png\" \/>\n\t<meta property=\"og:image:width\" content=\"1000\" \/>\n\t<meta property=\"og:image:height\" content=\"1000\" \/>\n\t<meta property=\"og:image:type\" content=\"image\/png\" \/>\n<meta name=\"twitter:card\" content=\"summary_large_image\" \/>\n<meta name=\"twitter:label1\" content=\"Dur\u00e9e de lecture estim\u00e9e\" \/>\n\t<meta name=\"twitter:data1\" content=\"1 minute\" \/>\n<script type=\"application\/ld+json\" class=\"yoast-schema-graph\">{\"@context\":\"https:\/\/schema.org\",\"@graph\":[{\"@type\":\"WebPage\",\"@id\":\"https:\/\/kentis.com\/fr\/boutique\/bonsai-acer-palmatum-sango-kaku-erable\/\",\"url\":\"https:\/\/kentis.com\/fr\/boutique\/bonsai-acer-palmatum-sango-kaku-erable\/\",\"name\":\"Bonsa\u00ef Acer Palmatum \\\"Sango Kaku\\\" - Bonsai d'\u00c9rable V18 - Kentis\",\"isPartOf\":{\"@id\":\"https:\/\/kentis.com\/fr\/#website\"},\"primaryImageOfPage\":{\"@id\":\"https:\/\/kentis.com\/fr\/boutique\/bonsai-acer-palmatum-sango-kaku-erable\/#primaryimage\"},\"image\":{\"@id\":\"https:\/\/kentis.com\/fr\/boutique\/bonsai-acer-palmatum-sango-kaku-erable\/#primaryimage\"},\"thumbnailUrl\":\"https:\/\/kentis.com\/wp-content\/uploads\/2025\/03\/Bonsai-acer-palmatum-sango-kaku.png\",\"datePublished\":\"2025-03-04T13:20:07+00:00\",\"dateModified\":\"2025-03-04T13:57:13+00:00\",\"description\":\"Le bonsa\u00ef Acer palmatum 'Sango Kaku' est \u00e9galement connu sous le nom d'\u00e9rable corail ou de tour corail en raison de son \u00e9corce rouge vif.\",\"breadcrumb\":{\"@id\":\"https:\/\/kentis.com\/fr\/boutique\/bonsai-acer-palmatum-sango-kaku-erable\/#breadcrumb\"},\"inLanguage\":\"fr-FR\",\"potentialAction\":[{\"@type\":\"ReadAction\",\"target\":[\"https:\/\/kentis.com\/fr\/boutique\/bonsai-acer-palmatum-sango-kaku-erable\/\"]}]},{\"@type\":\"ImageObject\",\"inLanguage\":\"fr-FR\",\"@id\":\"https:\/\/kentis.com\/fr\/boutique\/bonsai-acer-palmatum-sango-kaku-erable\/#primaryimage\",\"url\":\"https:\/\/kentis.com\/wp-content\/uploads\/2025\/03\/Bonsai-acer-palmatum-sango-kaku.png\",\"contentUrl\":\"https:\/\/kentis.com\/wp-content\/uploads\/2025\/03\/Bonsai-acer-palmatum-sango-kaku.png\",\"width\":1000,\"height\":1000},{\"@type\":\"BreadcrumbList\",\"@id\":\"https:\/\/kentis.com\/fr\/boutique\/bonsai-acer-palmatum-sango-kaku-erable\/#breadcrumb\",\"itemListElement\":[{\"@type\":\"ListItem\",\"position\":1,\"name\":\"Home\",\"item\":\"https:\/\/kentis.com\/fr\/\"},{\"@type\":\"ListItem\",\"position\":2,\"name\":\"Boutique\",\"item\":\"https:\/\/kentis.com\/fr\/boutique\/\"},{\"@type\":\"ListItem\",\"position\":3,\"name\":\"Bonsa\u00ef et extras\",\"item\":\"https:\/\/kentis.com\/fr\/categorie-produit\/bonsai-et-extras\/\"},{\"@type\":\"ListItem\",\"position\":4,\"name\":\"Bonsa\u00ef Acer Palmatum &#8220;Sango Kaku&#8221; &#8211; \u00c9rable V18\"}]},{\"@type\":\"WebSite\",\"@id\":\"https:\/\/kentis.com\/fr\/#website\",\"url\":\"https:\/\/kentis.com\/fr\/\",\"name\":\"Kentis\",\"description\":\"Atelier del verde\",\"publisher\":{\"@id\":\"https:\/\/kentis.com\/fr\/#organization\"},\"potentialAction\":[{\"@type\":\"SearchAction\",\"target\":{\"@type\":\"EntryPoint\",\"urlTemplate\":\"https:\/\/kentis.com\/fr\/?s={search_term_string}\"},\"query-input\":{\"@type\":\"PropertyValueSpecification\",\"valueRequired\":true,\"valueName\":\"search_term_string\"}}],\"inLanguage\":\"fr-FR\"},{\"@type\":\"Organization\",\"@id\":\"https:\/\/kentis.com\/fr\/#organization\",\"name\":\"Kentis\",\"url\":\"https:\/\/kentis.com\/fr\/\",\"logo\":{\"@type\":\"ImageObject\",\"inLanguage\":\"fr-FR\",\"@id\":\"https:\/\/kentis.com\/fr\/#\/schema\/logo\/image\/\",\"url\":\"https:\/\/kentis.com\/wp-content\/uploads\/2021\/08\/logo-main.png\",\"contentUrl\":\"https:\/\/kentis.com\/wp-content\/uploads\/2021\/08\/logo-main.png\",\"width\":800,\"height\":204,\"caption\":\"Kentis\"},\"image\":{\"@id\":\"https:\/\/kentis.com\/fr\/#\/schema\/logo\/image\/\"},\"sameAs\":[\"https:\/\/www.facebook.com\/kentisgarden\",\"https:\/\/www.instagram.com\/kentisgarden\/\",\"https:\/\/it.pinterest.com\/kentisgarden\",\"https:\/\/www.tiktok.com\/@kentis.com\"]}]}<\/script>\n<!-- \/ Yoast SEO plugin. -->","yoast_head_json":{"title":"Bonsa\u00ef Acer Palmatum \"Sango Kaku\" - Bonsai d'\u00c9rable V18 - Kentis","description":"Le bonsa\u00ef Acer palmatum 'Sango Kaku' est \u00e9galement connu sous le nom d'\u00e9rable corail ou de tour corail en raison de son \u00e9corce rouge vif.","robots":{"index":"index","follow":"follow","max-snippet":"max-snippet:-1","max-image-preview":"max-image-preview:large","max-video-preview":"max-video-preview:-1"},"canonical":"https:\/\/kentis.com\/fr\/boutique\/bonsai-acer-palmatum-sango-kaku-erable\/","og_locale":"fr_FR","og_type":"article","og_title":"Bonsa\u00ef Acer Palmatum \"Sango Kaku\" - Bonsai d'\u00c9rable V18 - Kentis","og_description":"Le bonsa\u00ef Acer palmatum 'Sango Kaku' est \u00e9galement connu sous le nom d'\u00e9rable corail ou de tour corail en raison de son \u00e9corce rouge vif.","og_url":"https:\/\/kentis.com\/fr\/boutique\/bonsai-acer-palmatum-sango-kaku-erable\/","og_site_name":"Kentis","article_publisher":"https:\/\/www.facebook.com\/kentisgarden","article_modified_time":"2025-03-04T13:57:13+00:00","og_image":[{"width":1000,"height":1000,"url":"https:\/\/kentis.com\/wp-content\/uploads\/2025\/03\/Bonsai-acer-palmatum-sango-kaku.png","type":"image\/png"}],"twitter_card":"summary_large_image","twitter_misc":{"Dur\u00e9e de lecture estim\u00e9e":"1 minute"},"schema":{"@context":"https:\/\/schema.org","@graph":[{"@type":"WebPage","@id":"https:\/\/kentis.com\/fr\/boutique\/bonsai-acer-palmatum-sango-kaku-erable\/","url":"https:\/\/kentis.com\/fr\/boutique\/bonsai-acer-palmatum-sango-kaku-erable\/","name":"Bonsa\u00ef Acer Palmatum \"Sango Kaku\" - Bonsai d'\u00c9rable V18 - Kentis","isPartOf":{"@id":"https:\/\/kentis.com\/fr\/#website"},"primaryImageOfPage":{"@id":"https:\/\/kentis.com\/fr\/boutique\/bonsai-acer-palmatum-sango-kaku-erable\/#primaryimage"},"image":{"@id":"https:\/\/kentis.com\/fr\/boutique\/bonsai-acer-palmatum-sango-kaku-erable\/#primaryimage"},"thumbnailUrl":"https:\/\/kentis.com\/wp-content\/uploads\/2025\/03\/Bonsai-acer-palmatum-sango-kaku.png","datePublished":"2025-03-04T13:20:07+00:00","dateModified":"2025-03-04T13:57:13+00:00","description":"Le bonsa\u00ef Acer palmatum 'Sango Kaku' est \u00e9galement connu sous le nom d'\u00e9rable corail ou de tour corail en raison de son \u00e9corce rouge vif.","breadcrumb":{"@id":"https:\/\/kentis.com\/fr\/boutique\/bonsai-acer-palmatum-sango-kaku-erable\/#breadcrumb"},"inLanguage":"fr-FR","potentialAction":[{"@type":"ReadAction","target":["https:\/\/kentis.com\/fr\/boutique\/bonsai-acer-palmatum-sango-kaku-erable\/"]}]},{"@type":"ImageObject","inLanguage":"fr-FR","@id":"https:\/\/kentis.com\/fr\/boutique\/bonsai-acer-palmatum-sango-kaku-erable\/#primaryimage","url":"https:\/\/kentis.com\/wp-content\/uploads\/2025\/03\/Bonsai-acer-palmatum-sango-kaku.png","contentUrl":"https:\/\/kentis.com\/wp-content\/uploads\/2025\/03\/Bonsai-acer-palmatum-sango-kaku.png","width":1000,"height":1000},{"@type":"BreadcrumbList","@id":"https:\/\/kentis.com\/fr\/boutique\/bonsai-acer-palmatum-sango-kaku-erable\/#breadcrumb","itemListElement":[{"@type":"ListItem","position":1,"name":"Home","item":"https:\/\/kentis.com\/fr\/"},{"@type":"ListItem","position":2,"name":"Boutique","item":"https:\/\/kentis.com\/fr\/boutique\/"},{"@type":"ListItem","position":3,"name":"Bonsa\u00ef et extras","item":"https:\/\/kentis.com\/fr\/categorie-produit\/bonsai-et-extras\/"},{"@type":"ListItem","position":4,"name":"Bonsa\u00ef Acer Palmatum &#8220;Sango Kaku&#8221; &#8211; \u00c9rable V18"}]},{"@type":"WebSite","@id":"https:\/\/kentis.com\/fr\/#website","url":"https:\/\/kentis.com\/fr\/","name":"Kentis","description":"Atelier del verde","publisher":{"@id":"https:\/\/kentis.com\/fr\/#organization"},"potentialAction":[{"@type":"SearchAction","target":{"@type":"EntryPoint","urlTemplate":"https:\/\/kentis.com\/fr\/?s={search_term_string}"},"query-input":{"@type":"PropertyValueSpecification","valueRequired":true,"valueName":"search_term_string"}}],"inLanguage":"fr-FR"},{"@type":"Organization","@id":"https:\/\/kentis.com\/fr\/#organization","name":"Kentis","url":"https:\/\/kentis.com\/fr\/","logo":{"@type":"ImageObject","inLanguage":"fr-FR","@id":"https:\/\/kentis.com\/fr\/#\/schema\/logo\/image\/","url":"https:\/\/kentis.com\/wp-content\/uploads\/2021\/08\/logo-main.png","contentUrl":"https:\/\/kentis.com\/wp-content\/uploads\/2021\/08\/logo-main.png","width":800,"height":204,"caption":"Kentis"},"image":{"@id":"https:\/\/kentis.com\/fr\/#\/schema\/logo\/image\/"},"sameAs":["https:\/\/www.facebook.com\/kentisgarden","https:\/\/www.instagram.com\/kentisgarden\/","https:\/\/it.pinterest.com\/kentisgarden","https:\/\/www.tiktok.com\/@kentis.com"]}]}},"_links":{"self":[{"href":"https:\/\/kentis.com\/fr\/wp-json\/wp\/v2\/product\/32884","targetHints":{"allow":["GET"]}}],"collection":[{"href":"https:\/\/kentis.com\/fr\/wp-json\/wp\/v2\/product"}],"about":[{"href":"https:\/\/kentis.com\/fr\/wp-json\/wp\/v2\/types\/product"}],"wp:featuredmedia":[{"embeddable":true,"href":"https:\/\/kentis.com\/fr\/wp-json\/wp\/v2\/media\/32882"}],"wp:attachment":[{"href":"https:\/\/kentis.com\/fr\/wp-json\/wp\/v2\/media?parent=32884"}],"wp:term":[{"taxonomy":"product_cat","embeddable":true,"href":"https:\/\/kentis.com\/fr\/wp-json\/wp\/v2\/product_cat?post=32884"},{"taxonomy":"product_tag","embeddable":true,"href":"https:\/\/kentis.com\/fr\/wp-json\/wp\/v2\/product_tag?post=32884"}],"curies":[{"name":"wp","href":"https:\/\/api.w.org\/{rel}","templated":true}]}}