{"id":32618,"date":"2025-02-20T14:19:13","date_gmt":"2025-02-20T13:19:13","guid":{"rendered":"https:\/\/kentis.com\/negozio\/bonsai-pistacia-lentiscus-lentisco-v20\/"},"modified":"2026-04-29T15:47:17","modified_gmt":"2026-04-29T13:47:17","slug":"bonsai-pistacia-lentiscus-pistachier-lentisque","status":"publish","type":"product","link":"https:\/\/kentis.com\/fr\/boutique\/bonsai-pistacia-lentiscus-pistachier-lentisque\/","title":{"rendered":"Bonsa\u00ef Pistacia Lentiscus &#8211; Pistachier Lentisque V20"},"content":{"rendered":"<div class=\"fusion-fullwidth fullwidth-box fusion-builder-row-1 fusion-flex-container has-pattern-background has-mask-background nonhundred-percent-fullwidth non-hundred-percent-height-scrolling\" style=\"--awb-border-radius-top-left:0px;--awb-border-radius-top-right:0px;--awb-border-radius-bottom-right:0px;--awb-border-radius-bottom-left:0px;--awb-padding-top:0px;--awb-padding-right:0px;--awb-padding-bottom:0px;--awb-padding-left:0px;--awb-flex-wrap:wrap;\" ><div class=\"fusion-builder-row fusion-row fusion-flex-align-items-flex-start fusion-flex-content-wrap\" style=\"max-width:1248px;margin-left: calc(-4% \/ 2 );margin-right: calc(-4% \/ 2 );\"><div class=\"fusion-layout-column fusion_builder_column fusion-builder-column-0 fusion_builder_column_1_1 1_1 fusion-flex-column\" style=\"--awb-bg-size:cover;--awb-width-large:100%;--awb-margin-top-large:0px;--awb-spacing-right-large:1.92%;--awb-margin-bottom-large:20px;--awb-spacing-left-large:1.92%;--awb-width-medium:100%;--awb-order-medium:0;--awb-spacing-right-medium:1.92%;--awb-spacing-left-medium:1.92%;--awb-width-small:100%;--awb-order-small:0;--awb-spacing-right-small:1.92%;--awb-spacing-left-small:1.92%;\"><div class=\"fusion-column-wrapper fusion-column-has-shadow fusion-flex-justify-content-flex-start fusion-content-layout-column\"><div class=\"fusion-text fusion-text-1\"><p>Le bonsa\u00ef de Pistacia lentiscus, \u00e9galement appel\u00e9 Pistachier lentisque, est appr\u00e9ci\u00e9 pour ses petites feuilles vertes, dispos\u00e9es par paires, qui peuvent prendre une teinte rouge\u00e2tre par temps froid. Cette plante \u00e0 feuillage persistant fleurit au printemps, produisant de d\u00e9licates fleurs rouge\u00e2tres, suivies de drupes, petits fruits sph\u00e9riques d&#8217;abord rouges et devenant fonc\u00e9s \u00e0 mesure qu&#8217;ils m\u00fbrissent.<\/p>\n<p>Hauteur \u00e0 partir de la base du pot : 25\/35 cm.<\/p>\n<p>Le pot en c\u00e9ramique est fourni avec la plante.<\/p>\n<\/div><\/div><\/div><\/div><\/div>\n","protected":false},"excerpt":{"rendered":"","protected":false},"featured_media":32605,"template":"","meta":{"_acf_changed":false},"product_cat":[586,522],"product_tag":[],"class_list":{"0":"post-32618","1":"product","2":"type-product","3":"status-publish","4":"has-post-thumbnail","6":"product_cat-bonsai-et-extras","7":"product_cat-plantes-d-exterieur","8":"product_shipping_class-franchi-fr","10":"first","11":"outofstock","12":"taxable","13":"shipping-taxable","14":"purchasable","15":"product-type-variable","16":"has-default-attributes"},"acf":[],"yoast_head":"<!-- This site is optimized with the Yoast SEO plugin v23.4 - https:\/\/yoast.com\/wordpress\/plugins\/seo\/ -->\n<title>Bonsa\u00ef Pistacia Lentiscus - Pistachier Lentisque V20 - Kentis<\/title>\n<meta name=\"description\" content=\"Le bonsa\u00ef de Pistacia lentiscus, \u00e9galement appel\u00e9 Pistachier Lentisque, poss\u00e8de de petites feuilles vertes qui peuvent devenir rouge\u00e2tres par temps froid.\" \/>\n<meta name=\"robots\" content=\"index, follow, max-snippet:-1, max-image-preview:large, max-video-preview:-1\" \/>\n<link rel=\"canonical\" href=\"https:\/\/kentis.com\/fr\/boutique\/bonsai-pistacia-lentiscus-pistachier-lentisque\/\" \/>\n<meta property=\"og:locale\" content=\"fr_FR\" \/>\n<meta property=\"og:type\" content=\"article\" \/>\n<meta property=\"og:title\" content=\"Bonsa\u00ef Pistacia Lentiscus - Pistachier Lentisque V20 - Kentis\" \/>\n<meta property=\"og:description\" content=\"Le bonsa\u00ef de Pistacia lentiscus, \u00e9galement appel\u00e9 Pistachier Lentisque, poss\u00e8de de petites feuilles vertes qui peuvent devenir rouge\u00e2tres par temps froid.\" \/>\n<meta property=\"og:url\" content=\"https:\/\/kentis.com\/fr\/boutique\/bonsai-pistacia-lentiscus-pistachier-lentisque\/\" \/>\n<meta property=\"og:site_name\" content=\"Kentis\" \/>\n<meta property=\"article:publisher\" content=\"https:\/\/www.facebook.com\/kentisgarden\" \/>\n<meta property=\"article:modified_time\" content=\"2026-04-29T13:47:17+00:00\" \/>\n<meta property=\"og:image\" content=\"https:\/\/kentis.com\/wp-content\/uploads\/2025\/02\/1-e1740057348792.png\" \/>\n\t<meta property=\"og:image:width\" content=\"2000\" \/>\n\t<meta property=\"og:image:height\" content=\"2000\" \/>\n\t<meta property=\"og:image:type\" content=\"image\/png\" \/>\n<meta name=\"twitter:card\" content=\"summary_large_image\" \/>\n<meta name=\"twitter:label1\" content=\"Dur\u00e9e de lecture estim\u00e9e\" \/>\n\t<meta name=\"twitter:data1\" content=\"1 minute\" \/>\n<script type=\"application\/ld+json\" class=\"yoast-schema-graph\">{\"@context\":\"https:\/\/schema.org\",\"@graph\":[{\"@type\":\"WebPage\",\"@id\":\"https:\/\/kentis.com\/fr\/boutique\/bonsai-pistacia-lentiscus-pistachier-lentisque\/\",\"url\":\"https:\/\/kentis.com\/fr\/boutique\/bonsai-pistacia-lentiscus-pistachier-lentisque\/\",\"name\":\"Bonsa\u00ef Pistacia Lentiscus - Pistachier Lentisque V20 - Kentis\",\"isPartOf\":{\"@id\":\"https:\/\/kentis.com\/fr\/#website\"},\"primaryImageOfPage\":{\"@id\":\"https:\/\/kentis.com\/fr\/boutique\/bonsai-pistacia-lentiscus-pistachier-lentisque\/#primaryimage\"},\"image\":{\"@id\":\"https:\/\/kentis.com\/fr\/boutique\/bonsai-pistacia-lentiscus-pistachier-lentisque\/#primaryimage\"},\"thumbnailUrl\":\"https:\/\/kentis.com\/wp-content\/uploads\/2025\/02\/1-e1740057348792.png\",\"datePublished\":\"2025-02-20T13:19:13+00:00\",\"dateModified\":\"2026-04-29T13:47:17+00:00\",\"description\":\"Le bonsa\u00ef de Pistacia lentiscus, \u00e9galement appel\u00e9 Pistachier Lentisque, poss\u00e8de de petites feuilles vertes qui peuvent devenir rouge\u00e2tres par temps froid.\",\"breadcrumb\":{\"@id\":\"https:\/\/kentis.com\/fr\/boutique\/bonsai-pistacia-lentiscus-pistachier-lentisque\/#breadcrumb\"},\"inLanguage\":\"fr-FR\",\"potentialAction\":[{\"@type\":\"ReadAction\",\"target\":[\"https:\/\/kentis.com\/fr\/boutique\/bonsai-pistacia-lentiscus-pistachier-lentisque\/\"]}]},{\"@type\":\"ImageObject\",\"inLanguage\":\"fr-FR\",\"@id\":\"https:\/\/kentis.com\/fr\/boutique\/bonsai-pistacia-lentiscus-pistachier-lentisque\/#primaryimage\",\"url\":\"https:\/\/kentis.com\/wp-content\/uploads\/2025\/02\/1-e1740057348792.png\",\"contentUrl\":\"https:\/\/kentis.com\/wp-content\/uploads\/2025\/02\/1-e1740057348792.png\",\"width\":2000,\"height\":2000},{\"@type\":\"BreadcrumbList\",\"@id\":\"https:\/\/kentis.com\/fr\/boutique\/bonsai-pistacia-lentiscus-pistachier-lentisque\/#breadcrumb\",\"itemListElement\":[{\"@type\":\"ListItem\",\"position\":1,\"name\":\"Home\",\"item\":\"https:\/\/kentis.com\/fr\/\"},{\"@type\":\"ListItem\",\"position\":2,\"name\":\"Boutique\",\"item\":\"https:\/\/kentis.com\/fr\/boutique\/\"},{\"@type\":\"ListItem\",\"position\":3,\"name\":\"Bonsa\u00ef et extras\",\"item\":\"https:\/\/kentis.com\/fr\/categorie-produit\/bonsai-et-extras\/\"},{\"@type\":\"ListItem\",\"position\":4,\"name\":\"Bonsa\u00ef Pistacia Lentiscus &#8211; Pistachier Lentisque V20\"}]},{\"@type\":\"WebSite\",\"@id\":\"https:\/\/kentis.com\/fr\/#website\",\"url\":\"https:\/\/kentis.com\/fr\/\",\"name\":\"Kentis\",\"description\":\"Atelier del verde\",\"publisher\":{\"@id\":\"https:\/\/kentis.com\/fr\/#organization\"},\"potentialAction\":[{\"@type\":\"SearchAction\",\"target\":{\"@type\":\"EntryPoint\",\"urlTemplate\":\"https:\/\/kentis.com\/fr\/?s={search_term_string}\"},\"query-input\":{\"@type\":\"PropertyValueSpecification\",\"valueRequired\":true,\"valueName\":\"search_term_string\"}}],\"inLanguage\":\"fr-FR\"},{\"@type\":\"Organization\",\"@id\":\"https:\/\/kentis.com\/fr\/#organization\",\"name\":\"Kentis\",\"url\":\"https:\/\/kentis.com\/fr\/\",\"logo\":{\"@type\":\"ImageObject\",\"inLanguage\":\"fr-FR\",\"@id\":\"https:\/\/kentis.com\/fr\/#\/schema\/logo\/image\/\",\"url\":\"https:\/\/kentis.com\/wp-content\/uploads\/2021\/08\/logo-main.png\",\"contentUrl\":\"https:\/\/kentis.com\/wp-content\/uploads\/2021\/08\/logo-main.png\",\"width\":800,\"height\":204,\"caption\":\"Kentis\"},\"image\":{\"@id\":\"https:\/\/kentis.com\/fr\/#\/schema\/logo\/image\/\"},\"sameAs\":[\"https:\/\/www.facebook.com\/kentisgarden\",\"https:\/\/www.instagram.com\/kentisgarden\/\",\"https:\/\/it.pinterest.com\/kentisgarden\",\"https:\/\/www.tiktok.com\/@kentis.com\"]}]}<\/script>\n<!-- \/ Yoast SEO plugin. -->","yoast_head_json":{"title":"Bonsa\u00ef Pistacia Lentiscus - Pistachier Lentisque V20 - Kentis","description":"Le bonsa\u00ef de Pistacia lentiscus, \u00e9galement appel\u00e9 Pistachier Lentisque, poss\u00e8de de petites feuilles vertes qui peuvent devenir rouge\u00e2tres par temps froid.","robots":{"index":"index","follow":"follow","max-snippet":"max-snippet:-1","max-image-preview":"max-image-preview:large","max-video-preview":"max-video-preview:-1"},"canonical":"https:\/\/kentis.com\/fr\/boutique\/bonsai-pistacia-lentiscus-pistachier-lentisque\/","og_locale":"fr_FR","og_type":"article","og_title":"Bonsa\u00ef Pistacia Lentiscus - Pistachier Lentisque V20 - Kentis","og_description":"Le bonsa\u00ef de Pistacia lentiscus, \u00e9galement appel\u00e9 Pistachier Lentisque, poss\u00e8de de petites feuilles vertes qui peuvent devenir rouge\u00e2tres par temps froid.","og_url":"https:\/\/kentis.com\/fr\/boutique\/bonsai-pistacia-lentiscus-pistachier-lentisque\/","og_site_name":"Kentis","article_publisher":"https:\/\/www.facebook.com\/kentisgarden","article_modified_time":"2026-04-29T13:47:17+00:00","og_image":[{"width":2000,"height":2000,"url":"https:\/\/kentis.com\/wp-content\/uploads\/2025\/02\/1-e1740057348792.png","type":"image\/png"}],"twitter_card":"summary_large_image","twitter_misc":{"Dur\u00e9e de lecture estim\u00e9e":"1 minute"},"schema":{"@context":"https:\/\/schema.org","@graph":[{"@type":"WebPage","@id":"https:\/\/kentis.com\/fr\/boutique\/bonsai-pistacia-lentiscus-pistachier-lentisque\/","url":"https:\/\/kentis.com\/fr\/boutique\/bonsai-pistacia-lentiscus-pistachier-lentisque\/","name":"Bonsa\u00ef Pistacia Lentiscus - Pistachier Lentisque V20 - Kentis","isPartOf":{"@id":"https:\/\/kentis.com\/fr\/#website"},"primaryImageOfPage":{"@id":"https:\/\/kentis.com\/fr\/boutique\/bonsai-pistacia-lentiscus-pistachier-lentisque\/#primaryimage"},"image":{"@id":"https:\/\/kentis.com\/fr\/boutique\/bonsai-pistacia-lentiscus-pistachier-lentisque\/#primaryimage"},"thumbnailUrl":"https:\/\/kentis.com\/wp-content\/uploads\/2025\/02\/1-e1740057348792.png","datePublished":"2025-02-20T13:19:13+00:00","dateModified":"2026-04-29T13:47:17+00:00","description":"Le bonsa\u00ef de Pistacia lentiscus, \u00e9galement appel\u00e9 Pistachier Lentisque, poss\u00e8de de petites feuilles vertes qui peuvent devenir rouge\u00e2tres par temps froid.","breadcrumb":{"@id":"https:\/\/kentis.com\/fr\/boutique\/bonsai-pistacia-lentiscus-pistachier-lentisque\/#breadcrumb"},"inLanguage":"fr-FR","potentialAction":[{"@type":"ReadAction","target":["https:\/\/kentis.com\/fr\/boutique\/bonsai-pistacia-lentiscus-pistachier-lentisque\/"]}]},{"@type":"ImageObject","inLanguage":"fr-FR","@id":"https:\/\/kentis.com\/fr\/boutique\/bonsai-pistacia-lentiscus-pistachier-lentisque\/#primaryimage","url":"https:\/\/kentis.com\/wp-content\/uploads\/2025\/02\/1-e1740057348792.png","contentUrl":"https:\/\/kentis.com\/wp-content\/uploads\/2025\/02\/1-e1740057348792.png","width":2000,"height":2000},{"@type":"BreadcrumbList","@id":"https:\/\/kentis.com\/fr\/boutique\/bonsai-pistacia-lentiscus-pistachier-lentisque\/#breadcrumb","itemListElement":[{"@type":"ListItem","position":1,"name":"Home","item":"https:\/\/kentis.com\/fr\/"},{"@type":"ListItem","position":2,"name":"Boutique","item":"https:\/\/kentis.com\/fr\/boutique\/"},{"@type":"ListItem","position":3,"name":"Bonsa\u00ef et extras","item":"https:\/\/kentis.com\/fr\/categorie-produit\/bonsai-et-extras\/"},{"@type":"ListItem","position":4,"name":"Bonsa\u00ef Pistacia Lentiscus &#8211; Pistachier Lentisque V20"}]},{"@type":"WebSite","@id":"https:\/\/kentis.com\/fr\/#website","url":"https:\/\/kentis.com\/fr\/","name":"Kentis","description":"Atelier del verde","publisher":{"@id":"https:\/\/kentis.com\/fr\/#organization"},"potentialAction":[{"@type":"SearchAction","target":{"@type":"EntryPoint","urlTemplate":"https:\/\/kentis.com\/fr\/?s={search_term_string}"},"query-input":{"@type":"PropertyValueSpecification","valueRequired":true,"valueName":"search_term_string"}}],"inLanguage":"fr-FR"},{"@type":"Organization","@id":"https:\/\/kentis.com\/fr\/#organization","name":"Kentis","url":"https:\/\/kentis.com\/fr\/","logo":{"@type":"ImageObject","inLanguage":"fr-FR","@id":"https:\/\/kentis.com\/fr\/#\/schema\/logo\/image\/","url":"https:\/\/kentis.com\/wp-content\/uploads\/2021\/08\/logo-main.png","contentUrl":"https:\/\/kentis.com\/wp-content\/uploads\/2021\/08\/logo-main.png","width":800,"height":204,"caption":"Kentis"},"image":{"@id":"https:\/\/kentis.com\/fr\/#\/schema\/logo\/image\/"},"sameAs":["https:\/\/www.facebook.com\/kentisgarden","https:\/\/www.instagram.com\/kentisgarden\/","https:\/\/it.pinterest.com\/kentisgarden","https:\/\/www.tiktok.com\/@kentis.com"]}]}},"_links":{"self":[{"href":"https:\/\/kentis.com\/fr\/wp-json\/wp\/v2\/product\/32618","targetHints":{"allow":["GET"]}}],"collection":[{"href":"https:\/\/kentis.com\/fr\/wp-json\/wp\/v2\/product"}],"about":[{"href":"https:\/\/kentis.com\/fr\/wp-json\/wp\/v2\/types\/product"}],"wp:featuredmedia":[{"embeddable":true,"href":"https:\/\/kentis.com\/fr\/wp-json\/wp\/v2\/media\/32605"}],"wp:attachment":[{"href":"https:\/\/kentis.com\/fr\/wp-json\/wp\/v2\/media?parent=32618"}],"wp:term":[{"taxonomy":"product_cat","embeddable":true,"href":"https:\/\/kentis.com\/fr\/wp-json\/wp\/v2\/product_cat?post=32618"},{"taxonomy":"product_tag","embeddable":true,"href":"https:\/\/kentis.com\/fr\/wp-json\/wp\/v2\/product_tag?post=32618"}],"curies":[{"name":"wp","href":"https:\/\/api.w.org\/{rel}","templated":true}]}}