{"id":32356,"date":"2024-05-22T17:46:29","date_gmt":"2024-05-22T15:46:29","guid":{"rendered":"https:\/\/kentis.com\/negozio\/bonsai-di-ginepro-juniperus-chinensis-itoigawa\/"},"modified":"2025-02-06T09:47:00","modified_gmt":"2025-02-06T08:47:00","slug":"bonsai-genevrier-juniperus-chinensis-itoigawa","status":"publish","type":"product","link":"https:\/\/kentis.com\/fr\/boutique\/bonsai-genevrier-juniperus-chinensis-itoigawa\/","title":{"rendered":"Bonsa\u00ef de Gen\u00e9vrier &#8211; Juniperus Chinensis Itoigawa V15,5"},"content":{"rendered":"<div class=\"fusion-fullwidth fullwidth-box fusion-builder-row-1 fusion-flex-container has-pattern-background has-mask-background nonhundred-percent-fullwidth non-hundred-percent-height-scrolling\" style=\"--awb-border-radius-top-left:0px;--awb-border-radius-top-right:0px;--awb-border-radius-bottom-right:0px;--awb-border-radius-bottom-left:0px;--awb-padding-top:0px;--awb-padding-right:0px;--awb-padding-bottom:0px;--awb-padding-left:0px;--awb-flex-wrap:wrap;\" ><div class=\"fusion-builder-row fusion-row fusion-flex-align-items-flex-start fusion-flex-content-wrap\" style=\"max-width:1248px;margin-left: calc(-4% \/ 2 );margin-right: calc(-4% \/ 2 );\"><div class=\"fusion-layout-column fusion_builder_column fusion-builder-column-0 fusion_builder_column_1_1 1_1 fusion-flex-column\" style=\"--awb-bg-size:cover;--awb-width-large:100%;--awb-margin-top-large:0px;--awb-spacing-right-large:1.92%;--awb-margin-bottom-large:0px;--awb-spacing-left-large:1.92%;--awb-width-medium:100%;--awb-spacing-right-medium:1.92%;--awb-spacing-left-medium:1.92%;--awb-width-small:100%;--awb-spacing-right-small:1.92%;--awb-spacing-left-small:1.92%;\"><div class=\"fusion-column-wrapper fusion-flex-justify-content-flex-start fusion-content-layout-column\"><div class=\"fusion-text fusion-text-1\"><p>Le bonsa\u00ef Juniperus chinensis Itoigawa est un excellent choix tant pour les collectionneurs exp\u00e9riment\u00e9s que pour ceux qui abordent le monde des bonsa\u00efs pour la premi\u00e8re fois. Gr\u00e2ce \u00e0 sa grande adaptabilit\u00e9 aux diff\u00e9rents styles de culture et \u00e0 sa flexibilit\u00e9, il permet de cr\u00e9er des sp\u00e9cimens uniques d\u2019une valeur esth\u00e9tique remarquable. En outre, il s\u2019agit d\u2019une plante extr\u00eamement r\u00e9sistante, qui n\u00e9cessite peu de soins, ce qui en fait une plante id\u00e9ale pour les d\u00e9butants. Les bonsa\u00efs de gen\u00e9vrier sont en effet parmi les plus populaires et les plus r\u00e9pandus, tant au Japon qu\u2019\u00e0 l\u2019\u00e9tranger. Cette vari\u00e9t\u00e9, en particulier, se distingue par ses feuilles \u00e9cailleuses d\u2019un vert profond et son \u00e9corce de couleur rouge\u00e2tre.<\/p>\n<p>Hauteur \u00e0 partir de la base du pot : 23\/33 cm.<\/p>\n<\/div><\/div><\/div><\/div><\/div>\n","protected":false},"excerpt":{"rendered":"<p>Il Juniperus Chinensis Ito-Igawa \u00e8 un tipo di ginepro ideale per il bonsai, noto per i suoi aghi fini e la sua struttura compatta. Questa pianta offre un&#8217;eleganza in miniatura con un aspetto simile a un albero bonsai tradizionale.<\/p>\n","protected":false},"featured_media":28184,"template":"","meta":{"_acf_changed":false},"product_cat":[586,522],"product_tag":[],"class_list":{"0":"post-32356","1":"product","2":"type-product","3":"status-publish","4":"has-post-thumbnail","6":"product_cat-bonsai-et-extras","7":"product_cat-plantes-d-exterieur","9":"first","10":"instock","11":"taxable","12":"shipping-taxable","13":"purchasable","14":"product-type-variable","15":"has-default-attributes"},"acf":[],"yoast_head":"<!-- This site is optimized with the Yoast SEO plugin v23.4 - https:\/\/yoast.com\/wordpress\/plugins\/seo\/ -->\n<title>Bonsa\u00ef de Gen\u00e9vrier - Juniperus Chinensis Itoigawa - Kentis<\/title>\n<meta name=\"description\" content=\"Juniperus Chinensis Itoigawa est un type de gen\u00e9vrier id\u00e9al pour les bonsa\u00efs, connu pour son \u00e9corce rouge\u00e2tre et ses feuilles vertes fonc\u00e9es.\" \/>\n<meta name=\"robots\" content=\"index, follow, max-snippet:-1, max-image-preview:large, max-video-preview:-1\" \/>\n<link rel=\"canonical\" href=\"https:\/\/kentis.com\/fr\/boutique\/bonsai-genevrier-juniperus-chinensis-itoigawa\/\" \/>\n<meta property=\"og:locale\" content=\"fr_FR\" \/>\n<meta property=\"og:type\" content=\"article\" \/>\n<meta property=\"og:title\" content=\"Bonsa\u00ef de Gen\u00e9vrier - Juniperus Chinensis Itoigawa - Kentis\" \/>\n<meta property=\"og:description\" content=\"Juniperus Chinensis Itoigawa est un type de gen\u00e9vrier id\u00e9al pour les bonsa\u00efs, connu pour son \u00e9corce rouge\u00e2tre et ses feuilles vertes fonc\u00e9es.\" \/>\n<meta property=\"og:url\" content=\"https:\/\/kentis.com\/fr\/boutique\/bonsai-genevrier-juniperus-chinensis-itoigawa\/\" \/>\n<meta property=\"og:site_name\" content=\"Kentis\" \/>\n<meta property=\"article:publisher\" content=\"https:\/\/www.facebook.com\/kentisgarden\" \/>\n<meta property=\"article:modified_time\" content=\"2025-02-06T08:47:00+00:00\" \/>\n<meta property=\"og:image\" content=\"https:\/\/kentis.com\/wp-content\/uploads\/2024\/05\/IMG_5010-1024x1024.jpg\" \/>\n\t<meta property=\"og:image:width\" content=\"1024\" \/>\n\t<meta property=\"og:image:height\" content=\"1024\" \/>\n\t<meta property=\"og:image:type\" content=\"image\/jpeg\" \/>\n<meta name=\"twitter:card\" content=\"summary_large_image\" \/>\n<meta name=\"twitter:label1\" content=\"Dur\u00e9e de lecture estim\u00e9e\" \/>\n\t<meta name=\"twitter:data1\" content=\"1 minute\" \/>\n<script type=\"application\/ld+json\" class=\"yoast-schema-graph\">{\"@context\":\"https:\/\/schema.org\",\"@graph\":[{\"@type\":\"WebPage\",\"@id\":\"https:\/\/kentis.com\/fr\/boutique\/bonsai-genevrier-juniperus-chinensis-itoigawa\/\",\"url\":\"https:\/\/kentis.com\/fr\/boutique\/bonsai-genevrier-juniperus-chinensis-itoigawa\/\",\"name\":\"Bonsa\u00ef de Gen\u00e9vrier - Juniperus Chinensis Itoigawa - Kentis\",\"isPartOf\":{\"@id\":\"https:\/\/kentis.com\/fr\/#website\"},\"primaryImageOfPage\":{\"@id\":\"https:\/\/kentis.com\/fr\/boutique\/bonsai-genevrier-juniperus-chinensis-itoigawa\/#primaryimage\"},\"image\":{\"@id\":\"https:\/\/kentis.com\/fr\/boutique\/bonsai-genevrier-juniperus-chinensis-itoigawa\/#primaryimage\"},\"thumbnailUrl\":\"https:\/\/kentis.com\/wp-content\/uploads\/2024\/05\/IMG_5010-scaled.jpg\",\"datePublished\":\"2024-05-22T15:46:29+00:00\",\"dateModified\":\"2025-02-06T08:47:00+00:00\",\"description\":\"Juniperus Chinensis Itoigawa est un type de gen\u00e9vrier id\u00e9al pour les bonsa\u00efs, connu pour son \u00e9corce rouge\u00e2tre et ses feuilles vertes fonc\u00e9es.\",\"breadcrumb\":{\"@id\":\"https:\/\/kentis.com\/fr\/boutique\/bonsai-genevrier-juniperus-chinensis-itoigawa\/#breadcrumb\"},\"inLanguage\":\"fr-FR\",\"potentialAction\":[{\"@type\":\"ReadAction\",\"target\":[\"https:\/\/kentis.com\/fr\/boutique\/bonsai-genevrier-juniperus-chinensis-itoigawa\/\"]}]},{\"@type\":\"ImageObject\",\"inLanguage\":\"fr-FR\",\"@id\":\"https:\/\/kentis.com\/fr\/boutique\/bonsai-genevrier-juniperus-chinensis-itoigawa\/#primaryimage\",\"url\":\"https:\/\/kentis.com\/wp-content\/uploads\/2024\/05\/IMG_5010-scaled.jpg\",\"contentUrl\":\"https:\/\/kentis.com\/wp-content\/uploads\/2024\/05\/IMG_5010-scaled.jpg\",\"width\":2560,\"height\":2560},{\"@type\":\"BreadcrumbList\",\"@id\":\"https:\/\/kentis.com\/fr\/boutique\/bonsai-genevrier-juniperus-chinensis-itoigawa\/#breadcrumb\",\"itemListElement\":[{\"@type\":\"ListItem\",\"position\":1,\"name\":\"Home\",\"item\":\"https:\/\/kentis.com\/fr\/\"},{\"@type\":\"ListItem\",\"position\":2,\"name\":\"Boutique\",\"item\":\"https:\/\/kentis.com\/fr\/boutique\/\"},{\"@type\":\"ListItem\",\"position\":3,\"name\":\"Plantes\",\"item\":\"https:\/\/kentis.com\/fr\/categorie-produit\/plantes\/\"},{\"@type\":\"ListItem\",\"position\":4,\"name\":\"Plantes d'ext\u00e9rieur\",\"item\":\"https:\/\/kentis.com\/fr\/categorie-produit\/plantes\/plantes-d-exterieur\/\"},{\"@type\":\"ListItem\",\"position\":5,\"name\":\"Bonsa\u00ef de Gen\u00e9vrier &#8211; Juniperus Chinensis Itoigawa V15,5\"}]},{\"@type\":\"WebSite\",\"@id\":\"https:\/\/kentis.com\/fr\/#website\",\"url\":\"https:\/\/kentis.com\/fr\/\",\"name\":\"Kentis\",\"description\":\"Atelier del verde\",\"publisher\":{\"@id\":\"https:\/\/kentis.com\/fr\/#organization\"},\"potentialAction\":[{\"@type\":\"SearchAction\",\"target\":{\"@type\":\"EntryPoint\",\"urlTemplate\":\"https:\/\/kentis.com\/fr\/?s={search_term_string}\"},\"query-input\":{\"@type\":\"PropertyValueSpecification\",\"valueRequired\":true,\"valueName\":\"search_term_string\"}}],\"inLanguage\":\"fr-FR\"},{\"@type\":\"Organization\",\"@id\":\"https:\/\/kentis.com\/fr\/#organization\",\"name\":\"Kentis\",\"url\":\"https:\/\/kentis.com\/fr\/\",\"logo\":{\"@type\":\"ImageObject\",\"inLanguage\":\"fr-FR\",\"@id\":\"https:\/\/kentis.com\/fr\/#\/schema\/logo\/image\/\",\"url\":\"https:\/\/kentis.com\/wp-content\/uploads\/2021\/08\/logo-main.png\",\"contentUrl\":\"https:\/\/kentis.com\/wp-content\/uploads\/2021\/08\/logo-main.png\",\"width\":800,\"height\":204,\"caption\":\"Kentis\"},\"image\":{\"@id\":\"https:\/\/kentis.com\/fr\/#\/schema\/logo\/image\/\"},\"sameAs\":[\"https:\/\/www.facebook.com\/kentisgarden\",\"https:\/\/www.instagram.com\/kentisgarden\/\",\"https:\/\/it.pinterest.com\/kentisgarden\",\"https:\/\/www.tiktok.com\/@kentis.com\"]}]}<\/script>\n<!-- \/ Yoast SEO plugin. -->","yoast_head_json":{"title":"Bonsa\u00ef de Gen\u00e9vrier - Juniperus Chinensis Itoigawa - Kentis","description":"Juniperus Chinensis Itoigawa est un type de gen\u00e9vrier id\u00e9al pour les bonsa\u00efs, connu pour son \u00e9corce rouge\u00e2tre et ses feuilles vertes fonc\u00e9es.","robots":{"index":"index","follow":"follow","max-snippet":"max-snippet:-1","max-image-preview":"max-image-preview:large","max-video-preview":"max-video-preview:-1"},"canonical":"https:\/\/kentis.com\/fr\/boutique\/bonsai-genevrier-juniperus-chinensis-itoigawa\/","og_locale":"fr_FR","og_type":"article","og_title":"Bonsa\u00ef de Gen\u00e9vrier - Juniperus Chinensis Itoigawa - Kentis","og_description":"Juniperus Chinensis Itoigawa est un type de gen\u00e9vrier id\u00e9al pour les bonsa\u00efs, connu pour son \u00e9corce rouge\u00e2tre et ses feuilles vertes fonc\u00e9es.","og_url":"https:\/\/kentis.com\/fr\/boutique\/bonsai-genevrier-juniperus-chinensis-itoigawa\/","og_site_name":"Kentis","article_publisher":"https:\/\/www.facebook.com\/kentisgarden","article_modified_time":"2025-02-06T08:47:00+00:00","og_image":[{"width":1024,"height":1024,"url":"https:\/\/kentis.com\/wp-content\/uploads\/2024\/05\/IMG_5010-1024x1024.jpg","type":"image\/jpeg"}],"twitter_card":"summary_large_image","twitter_misc":{"Dur\u00e9e de lecture estim\u00e9e":"1 minute"},"schema":{"@context":"https:\/\/schema.org","@graph":[{"@type":"WebPage","@id":"https:\/\/kentis.com\/fr\/boutique\/bonsai-genevrier-juniperus-chinensis-itoigawa\/","url":"https:\/\/kentis.com\/fr\/boutique\/bonsai-genevrier-juniperus-chinensis-itoigawa\/","name":"Bonsa\u00ef de Gen\u00e9vrier - Juniperus Chinensis Itoigawa - Kentis","isPartOf":{"@id":"https:\/\/kentis.com\/fr\/#website"},"primaryImageOfPage":{"@id":"https:\/\/kentis.com\/fr\/boutique\/bonsai-genevrier-juniperus-chinensis-itoigawa\/#primaryimage"},"image":{"@id":"https:\/\/kentis.com\/fr\/boutique\/bonsai-genevrier-juniperus-chinensis-itoigawa\/#primaryimage"},"thumbnailUrl":"https:\/\/kentis.com\/wp-content\/uploads\/2024\/05\/IMG_5010-scaled.jpg","datePublished":"2024-05-22T15:46:29+00:00","dateModified":"2025-02-06T08:47:00+00:00","description":"Juniperus Chinensis Itoigawa est un type de gen\u00e9vrier id\u00e9al pour les bonsa\u00efs, connu pour son \u00e9corce rouge\u00e2tre et ses feuilles vertes fonc\u00e9es.","breadcrumb":{"@id":"https:\/\/kentis.com\/fr\/boutique\/bonsai-genevrier-juniperus-chinensis-itoigawa\/#breadcrumb"},"inLanguage":"fr-FR","potentialAction":[{"@type":"ReadAction","target":["https:\/\/kentis.com\/fr\/boutique\/bonsai-genevrier-juniperus-chinensis-itoigawa\/"]}]},{"@type":"ImageObject","inLanguage":"fr-FR","@id":"https:\/\/kentis.com\/fr\/boutique\/bonsai-genevrier-juniperus-chinensis-itoigawa\/#primaryimage","url":"https:\/\/kentis.com\/wp-content\/uploads\/2024\/05\/IMG_5010-scaled.jpg","contentUrl":"https:\/\/kentis.com\/wp-content\/uploads\/2024\/05\/IMG_5010-scaled.jpg","width":2560,"height":2560},{"@type":"BreadcrumbList","@id":"https:\/\/kentis.com\/fr\/boutique\/bonsai-genevrier-juniperus-chinensis-itoigawa\/#breadcrumb","itemListElement":[{"@type":"ListItem","position":1,"name":"Home","item":"https:\/\/kentis.com\/fr\/"},{"@type":"ListItem","position":2,"name":"Boutique","item":"https:\/\/kentis.com\/fr\/boutique\/"},{"@type":"ListItem","position":3,"name":"Plantes","item":"https:\/\/kentis.com\/fr\/categorie-produit\/plantes\/"},{"@type":"ListItem","position":4,"name":"Plantes d'ext\u00e9rieur","item":"https:\/\/kentis.com\/fr\/categorie-produit\/plantes\/plantes-d-exterieur\/"},{"@type":"ListItem","position":5,"name":"Bonsa\u00ef de Gen\u00e9vrier &#8211; Juniperus Chinensis Itoigawa V15,5"}]},{"@type":"WebSite","@id":"https:\/\/kentis.com\/fr\/#website","url":"https:\/\/kentis.com\/fr\/","name":"Kentis","description":"Atelier del verde","publisher":{"@id":"https:\/\/kentis.com\/fr\/#organization"},"potentialAction":[{"@type":"SearchAction","target":{"@type":"EntryPoint","urlTemplate":"https:\/\/kentis.com\/fr\/?s={search_term_string}"},"query-input":{"@type":"PropertyValueSpecification","valueRequired":true,"valueName":"search_term_string"}}],"inLanguage":"fr-FR"},{"@type":"Organization","@id":"https:\/\/kentis.com\/fr\/#organization","name":"Kentis","url":"https:\/\/kentis.com\/fr\/","logo":{"@type":"ImageObject","inLanguage":"fr-FR","@id":"https:\/\/kentis.com\/fr\/#\/schema\/logo\/image\/","url":"https:\/\/kentis.com\/wp-content\/uploads\/2021\/08\/logo-main.png","contentUrl":"https:\/\/kentis.com\/wp-content\/uploads\/2021\/08\/logo-main.png","width":800,"height":204,"caption":"Kentis"},"image":{"@id":"https:\/\/kentis.com\/fr\/#\/schema\/logo\/image\/"},"sameAs":["https:\/\/www.facebook.com\/kentisgarden","https:\/\/www.instagram.com\/kentisgarden\/","https:\/\/it.pinterest.com\/kentisgarden","https:\/\/www.tiktok.com\/@kentis.com"]}]}},"_links":{"self":[{"href":"https:\/\/kentis.com\/fr\/wp-json\/wp\/v2\/product\/32356","targetHints":{"allow":["GET"]}}],"collection":[{"href":"https:\/\/kentis.com\/fr\/wp-json\/wp\/v2\/product"}],"about":[{"href":"https:\/\/kentis.com\/fr\/wp-json\/wp\/v2\/types\/product"}],"wp:featuredmedia":[{"embeddable":true,"href":"https:\/\/kentis.com\/fr\/wp-json\/wp\/v2\/media\/28184"}],"wp:attachment":[{"href":"https:\/\/kentis.com\/fr\/wp-json\/wp\/v2\/media?parent=32356"}],"wp:term":[{"taxonomy":"product_cat","embeddable":true,"href":"https:\/\/kentis.com\/fr\/wp-json\/wp\/v2\/product_cat?post=32356"},{"taxonomy":"product_tag","embeddable":true,"href":"https:\/\/kentis.com\/fr\/wp-json\/wp\/v2\/product_tag?post=32356"}],"curies":[{"name":"wp","href":"https:\/\/api.w.org\/{rel}","templated":true}]}}