{"id":32200,"date":"2024-05-21T15:19:44","date_gmt":"2024-05-21T13:19:44","guid":{"rendered":"https:\/\/kentis.com\/negozio\/bonsai-gardenia-augusta\/"},"modified":"2025-01-31T12:54:58","modified_gmt":"2025-01-31T11:54:58","slug":"bonsai-gardenia-augusta-japonais-jasmin-du-cap","status":"publish","type":"product","link":"https:\/\/kentis.com\/fr\/boutique\/bonsai-gardenia-augusta-japonais-jasmin-du-cap\/","title":{"rendered":"Bonsa\u00ef Gardenia Augusta Japonais &#8211; Jasmin du Cap V21"},"content":{"rendered":"<div class=\"fusion-fullwidth fullwidth-box fusion-builder-row-1 fusion-flex-container has-pattern-background has-mask-background nonhundred-percent-fullwidth non-hundred-percent-height-scrolling\" style=\"--awb-border-radius-top-left:0px;--awb-border-radius-top-right:0px;--awb-border-radius-bottom-right:0px;--awb-border-radius-bottom-left:0px;--awb-padding-top:0px;--awb-padding-right:0px;--awb-padding-bottom:0px;--awb-padding-left:0px;--awb-flex-wrap:wrap;\" ><div class=\"fusion-builder-row fusion-row fusion-flex-align-items-flex-start fusion-flex-content-wrap\" style=\"max-width:1248px;margin-left: calc(-4% \/ 2 );margin-right: calc(-4% \/ 2 );\"><div class=\"fusion-layout-column fusion_builder_column fusion-builder-column-0 fusion_builder_column_1_1 1_1 fusion-flex-column\" style=\"--awb-bg-size:cover;--awb-width-large:100%;--awb-margin-top-large:0px;--awb-spacing-right-large:1.92%;--awb-margin-bottom-large:0px;--awb-spacing-left-large:1.92%;--awb-width-medium:100%;--awb-spacing-right-medium:1.92%;--awb-spacing-left-medium:1.92%;--awb-width-small:100%;--awb-spacing-right-small:1.92%;--awb-spacing-left-small:1.92%;\"><div class=\"fusion-column-wrapper fusion-flex-justify-content-flex-start fusion-content-layout-column\"><div class=\"fusion-text fusion-text-1\"><p>Le bonsa\u00ef Gardenia augusta, \u00e9galement connu sous le nom de Jasmin du Cap, est appr\u00e9ci\u00e9 pour son \u00e9l\u00e9gante floraison estivale, au cours de laquelle il produit des fleurs parfum\u00e9es aux p\u00e9tales soyeux. Bien qu&#8217;il puisse \u00eatre cultiv\u00e9 comme bonsa\u00ef d&#8217;int\u00e9rieur toute l&#8217;ann\u00e9e, il a besoin de fluctuations de temp\u00e9rature sp\u00e9cifiques pour une floraison optimale. C&#8217;est pourquoi il est recommand\u00e9 de le sortir \u00e0 certaines p\u00e9riodes de l&#8217;ann\u00e9e. Plus bas dans cette page, vous trouverez nos conseils pour favoriser sa floraison.<\/p>\n<p>Hauteur \u00e0 partir de la base du pot : 35\/40 cm.<\/p>\n<p>Le pot en c\u00e9ramique est fourni avec la plante.<\/p>\n<p>Ce sp\u00e9cimen a \u00e9t\u00e9 cultiv\u00e9 au Japon.<\/p>\n<\/div><\/div><\/div><\/div><\/div>\n","protected":false},"excerpt":{"rendered":"","protected":false},"featured_media":27777,"template":"","meta":{"_acf_changed":false},"product_cat":[586,522,448],"product_tag":[],"class_list":{"0":"post-32200","1":"product","2":"type-product","3":"status-publish","4":"has-post-thumbnail","6":"product_cat-bonsai-et-extras","7":"product_cat-plantes-d-exterieur","8":"product_cat-plantes-d-interieur","9":"product_shipping_class-franchi-fr","11":"first","12":"instock","13":"taxable","14":"shipping-taxable","15":"purchasable","16":"product-type-variable","17":"has-default-attributes"},"acf":[],"yoast_head":"<!-- This site is optimized with the Yoast SEO plugin v23.4 - https:\/\/yoast.com\/wordpress\/plugins\/seo\/ -->\n<title>Bonsa\u00ef Gardenia Augusta Japonais - Jasmin du Cap - Kentis<\/title>\n<meta name=\"description\" content=\"Ce bonsa\u00ef de Gardenia augusta, \u00e9galement connu sous le nom de Jasmin du Cap, a \u00e9t\u00e9 cultiv\u00e9 au Japon et est c\u00e9l\u00e8bre pour ses fleurs parfum\u00e9es.\" \/>\n<meta name=\"robots\" content=\"index, follow, max-snippet:-1, max-image-preview:large, max-video-preview:-1\" \/>\n<link rel=\"canonical\" href=\"https:\/\/kentis.com\/fr\/boutique\/bonsai-gardenia-augusta-japonais-jasmin-du-cap\/\" \/>\n<meta property=\"og:locale\" content=\"fr_FR\" \/>\n<meta property=\"og:type\" content=\"article\" \/>\n<meta property=\"og:title\" content=\"Bonsa\u00ef Gardenia Augusta Japonais - Jasmin du Cap - Kentis\" \/>\n<meta property=\"og:description\" content=\"Ce bonsa\u00ef de Gardenia augusta, \u00e9galement connu sous le nom de Jasmin du Cap, a \u00e9t\u00e9 cultiv\u00e9 au Japon et est c\u00e9l\u00e8bre pour ses fleurs parfum\u00e9es.\" \/>\n<meta property=\"og:url\" content=\"https:\/\/kentis.com\/fr\/boutique\/bonsai-gardenia-augusta-japonais-jasmin-du-cap\/\" \/>\n<meta property=\"og:site_name\" content=\"Kentis\" \/>\n<meta property=\"article:publisher\" content=\"https:\/\/www.facebook.com\/kentisgarden\" \/>\n<meta property=\"article:modified_time\" content=\"2025-01-31T11:54:58+00:00\" \/>\n<meta property=\"og:image\" content=\"https:\/\/kentis.com\/wp-content\/uploads\/2024\/05\/1-17.png\" \/>\n\t<meta property=\"og:image:width\" content=\"2000\" \/>\n\t<meta property=\"og:image:height\" content=\"2000\" \/>\n\t<meta property=\"og:image:type\" content=\"image\/png\" \/>\n<meta name=\"twitter:card\" content=\"summary_large_image\" \/>\n<meta name=\"twitter:label1\" content=\"Dur\u00e9e de lecture estim\u00e9e\" \/>\n\t<meta name=\"twitter:data1\" content=\"1 minute\" \/>\n<script type=\"application\/ld+json\" class=\"yoast-schema-graph\">{\"@context\":\"https:\/\/schema.org\",\"@graph\":[{\"@type\":\"WebPage\",\"@id\":\"https:\/\/kentis.com\/fr\/boutique\/bonsai-gardenia-augusta-japonais-jasmin-du-cap\/\",\"url\":\"https:\/\/kentis.com\/fr\/boutique\/bonsai-gardenia-augusta-japonais-jasmin-du-cap\/\",\"name\":\"Bonsa\u00ef Gardenia Augusta Japonais - Jasmin du Cap - Kentis\",\"isPartOf\":{\"@id\":\"https:\/\/kentis.com\/fr\/#website\"},\"primaryImageOfPage\":{\"@id\":\"https:\/\/kentis.com\/fr\/boutique\/bonsai-gardenia-augusta-japonais-jasmin-du-cap\/#primaryimage\"},\"image\":{\"@id\":\"https:\/\/kentis.com\/fr\/boutique\/bonsai-gardenia-augusta-japonais-jasmin-du-cap\/#primaryimage\"},\"thumbnailUrl\":\"https:\/\/kentis.com\/wp-content\/uploads\/2024\/05\/1-17.png\",\"datePublished\":\"2024-05-21T13:19:44+00:00\",\"dateModified\":\"2025-01-31T11:54:58+00:00\",\"description\":\"Ce bonsa\u00ef de Gardenia augusta, \u00e9galement connu sous le nom de Jasmin du Cap, a \u00e9t\u00e9 cultiv\u00e9 au Japon et est c\u00e9l\u00e8bre pour ses fleurs parfum\u00e9es.\",\"breadcrumb\":{\"@id\":\"https:\/\/kentis.com\/fr\/boutique\/bonsai-gardenia-augusta-japonais-jasmin-du-cap\/#breadcrumb\"},\"inLanguage\":\"fr-FR\",\"potentialAction\":[{\"@type\":\"ReadAction\",\"target\":[\"https:\/\/kentis.com\/fr\/boutique\/bonsai-gardenia-augusta-japonais-jasmin-du-cap\/\"]}]},{\"@type\":\"ImageObject\",\"inLanguage\":\"fr-FR\",\"@id\":\"https:\/\/kentis.com\/fr\/boutique\/bonsai-gardenia-augusta-japonais-jasmin-du-cap\/#primaryimage\",\"url\":\"https:\/\/kentis.com\/wp-content\/uploads\/2024\/05\/1-17.png\",\"contentUrl\":\"https:\/\/kentis.com\/wp-content\/uploads\/2024\/05\/1-17.png\",\"width\":2000,\"height\":2000},{\"@type\":\"BreadcrumbList\",\"@id\":\"https:\/\/kentis.com\/fr\/boutique\/bonsai-gardenia-augusta-japonais-jasmin-du-cap\/#breadcrumb\",\"itemListElement\":[{\"@type\":\"ListItem\",\"position\":1,\"name\":\"Home\",\"item\":\"https:\/\/kentis.com\/fr\/\"},{\"@type\":\"ListItem\",\"position\":2,\"name\":\"Boutique\",\"item\":\"https:\/\/kentis.com\/fr\/boutique\/\"},{\"@type\":\"ListItem\",\"position\":3,\"name\":\"Plantes\",\"item\":\"https:\/\/kentis.com\/fr\/categorie-produit\/plantes\/\"},{\"@type\":\"ListItem\",\"position\":4,\"name\":\"Plantes d'ext\u00e9rieur\",\"item\":\"https:\/\/kentis.com\/fr\/categorie-produit\/plantes\/plantes-d-exterieur\/\"},{\"@type\":\"ListItem\",\"position\":5,\"name\":\"Bonsa\u00ef Gardenia Augusta Japonais &#8211; Jasmin du Cap V21\"}]},{\"@type\":\"WebSite\",\"@id\":\"https:\/\/kentis.com\/fr\/#website\",\"url\":\"https:\/\/kentis.com\/fr\/\",\"name\":\"Kentis\",\"description\":\"Atelier del verde\",\"publisher\":{\"@id\":\"https:\/\/kentis.com\/fr\/#organization\"},\"potentialAction\":[{\"@type\":\"SearchAction\",\"target\":{\"@type\":\"EntryPoint\",\"urlTemplate\":\"https:\/\/kentis.com\/fr\/?s={search_term_string}\"},\"query-input\":{\"@type\":\"PropertyValueSpecification\",\"valueRequired\":true,\"valueName\":\"search_term_string\"}}],\"inLanguage\":\"fr-FR\"},{\"@type\":\"Organization\",\"@id\":\"https:\/\/kentis.com\/fr\/#organization\",\"name\":\"Kentis\",\"url\":\"https:\/\/kentis.com\/fr\/\",\"logo\":{\"@type\":\"ImageObject\",\"inLanguage\":\"fr-FR\",\"@id\":\"https:\/\/kentis.com\/fr\/#\/schema\/logo\/image\/\",\"url\":\"https:\/\/kentis.com\/wp-content\/uploads\/2021\/08\/logo-main.png\",\"contentUrl\":\"https:\/\/kentis.com\/wp-content\/uploads\/2021\/08\/logo-main.png\",\"width\":800,\"height\":204,\"caption\":\"Kentis\"},\"image\":{\"@id\":\"https:\/\/kentis.com\/fr\/#\/schema\/logo\/image\/\"},\"sameAs\":[\"https:\/\/www.facebook.com\/kentisgarden\",\"https:\/\/www.instagram.com\/kentisgarden\/\",\"https:\/\/it.pinterest.com\/kentisgarden\",\"https:\/\/www.tiktok.com\/@kentis.com\"]}]}<\/script>\n<!-- \/ Yoast SEO plugin. -->","yoast_head_json":{"title":"Bonsa\u00ef Gardenia Augusta Japonais - Jasmin du Cap - Kentis","description":"Ce bonsa\u00ef de Gardenia augusta, \u00e9galement connu sous le nom de Jasmin du Cap, a \u00e9t\u00e9 cultiv\u00e9 au Japon et est c\u00e9l\u00e8bre pour ses fleurs parfum\u00e9es.","robots":{"index":"index","follow":"follow","max-snippet":"max-snippet:-1","max-image-preview":"max-image-preview:large","max-video-preview":"max-video-preview:-1"},"canonical":"https:\/\/kentis.com\/fr\/boutique\/bonsai-gardenia-augusta-japonais-jasmin-du-cap\/","og_locale":"fr_FR","og_type":"article","og_title":"Bonsa\u00ef Gardenia Augusta Japonais - Jasmin du Cap - Kentis","og_description":"Ce bonsa\u00ef de Gardenia augusta, \u00e9galement connu sous le nom de Jasmin du Cap, a \u00e9t\u00e9 cultiv\u00e9 au Japon et est c\u00e9l\u00e8bre pour ses fleurs parfum\u00e9es.","og_url":"https:\/\/kentis.com\/fr\/boutique\/bonsai-gardenia-augusta-japonais-jasmin-du-cap\/","og_site_name":"Kentis","article_publisher":"https:\/\/www.facebook.com\/kentisgarden","article_modified_time":"2025-01-31T11:54:58+00:00","og_image":[{"width":2000,"height":2000,"url":"https:\/\/kentis.com\/wp-content\/uploads\/2024\/05\/1-17.png","type":"image\/png"}],"twitter_card":"summary_large_image","twitter_misc":{"Dur\u00e9e de lecture estim\u00e9e":"1 minute"},"schema":{"@context":"https:\/\/schema.org","@graph":[{"@type":"WebPage","@id":"https:\/\/kentis.com\/fr\/boutique\/bonsai-gardenia-augusta-japonais-jasmin-du-cap\/","url":"https:\/\/kentis.com\/fr\/boutique\/bonsai-gardenia-augusta-japonais-jasmin-du-cap\/","name":"Bonsa\u00ef Gardenia Augusta Japonais - Jasmin du Cap - Kentis","isPartOf":{"@id":"https:\/\/kentis.com\/fr\/#website"},"primaryImageOfPage":{"@id":"https:\/\/kentis.com\/fr\/boutique\/bonsai-gardenia-augusta-japonais-jasmin-du-cap\/#primaryimage"},"image":{"@id":"https:\/\/kentis.com\/fr\/boutique\/bonsai-gardenia-augusta-japonais-jasmin-du-cap\/#primaryimage"},"thumbnailUrl":"https:\/\/kentis.com\/wp-content\/uploads\/2024\/05\/1-17.png","datePublished":"2024-05-21T13:19:44+00:00","dateModified":"2025-01-31T11:54:58+00:00","description":"Ce bonsa\u00ef de Gardenia augusta, \u00e9galement connu sous le nom de Jasmin du Cap, a \u00e9t\u00e9 cultiv\u00e9 au Japon et est c\u00e9l\u00e8bre pour ses fleurs parfum\u00e9es.","breadcrumb":{"@id":"https:\/\/kentis.com\/fr\/boutique\/bonsai-gardenia-augusta-japonais-jasmin-du-cap\/#breadcrumb"},"inLanguage":"fr-FR","potentialAction":[{"@type":"ReadAction","target":["https:\/\/kentis.com\/fr\/boutique\/bonsai-gardenia-augusta-japonais-jasmin-du-cap\/"]}]},{"@type":"ImageObject","inLanguage":"fr-FR","@id":"https:\/\/kentis.com\/fr\/boutique\/bonsai-gardenia-augusta-japonais-jasmin-du-cap\/#primaryimage","url":"https:\/\/kentis.com\/wp-content\/uploads\/2024\/05\/1-17.png","contentUrl":"https:\/\/kentis.com\/wp-content\/uploads\/2024\/05\/1-17.png","width":2000,"height":2000},{"@type":"BreadcrumbList","@id":"https:\/\/kentis.com\/fr\/boutique\/bonsai-gardenia-augusta-japonais-jasmin-du-cap\/#breadcrumb","itemListElement":[{"@type":"ListItem","position":1,"name":"Home","item":"https:\/\/kentis.com\/fr\/"},{"@type":"ListItem","position":2,"name":"Boutique","item":"https:\/\/kentis.com\/fr\/boutique\/"},{"@type":"ListItem","position":3,"name":"Plantes","item":"https:\/\/kentis.com\/fr\/categorie-produit\/plantes\/"},{"@type":"ListItem","position":4,"name":"Plantes d'ext\u00e9rieur","item":"https:\/\/kentis.com\/fr\/categorie-produit\/plantes\/plantes-d-exterieur\/"},{"@type":"ListItem","position":5,"name":"Bonsa\u00ef Gardenia Augusta Japonais &#8211; Jasmin du Cap V21"}]},{"@type":"WebSite","@id":"https:\/\/kentis.com\/fr\/#website","url":"https:\/\/kentis.com\/fr\/","name":"Kentis","description":"Atelier del verde","publisher":{"@id":"https:\/\/kentis.com\/fr\/#organization"},"potentialAction":[{"@type":"SearchAction","target":{"@type":"EntryPoint","urlTemplate":"https:\/\/kentis.com\/fr\/?s={search_term_string}"},"query-input":{"@type":"PropertyValueSpecification","valueRequired":true,"valueName":"search_term_string"}}],"inLanguage":"fr-FR"},{"@type":"Organization","@id":"https:\/\/kentis.com\/fr\/#organization","name":"Kentis","url":"https:\/\/kentis.com\/fr\/","logo":{"@type":"ImageObject","inLanguage":"fr-FR","@id":"https:\/\/kentis.com\/fr\/#\/schema\/logo\/image\/","url":"https:\/\/kentis.com\/wp-content\/uploads\/2021\/08\/logo-main.png","contentUrl":"https:\/\/kentis.com\/wp-content\/uploads\/2021\/08\/logo-main.png","width":800,"height":204,"caption":"Kentis"},"image":{"@id":"https:\/\/kentis.com\/fr\/#\/schema\/logo\/image\/"},"sameAs":["https:\/\/www.facebook.com\/kentisgarden","https:\/\/www.instagram.com\/kentisgarden\/","https:\/\/it.pinterest.com\/kentisgarden","https:\/\/www.tiktok.com\/@kentis.com"]}]}},"_links":{"self":[{"href":"https:\/\/kentis.com\/fr\/wp-json\/wp\/v2\/product\/32200","targetHints":{"allow":["GET"]}}],"collection":[{"href":"https:\/\/kentis.com\/fr\/wp-json\/wp\/v2\/product"}],"about":[{"href":"https:\/\/kentis.com\/fr\/wp-json\/wp\/v2\/types\/product"}],"wp:featuredmedia":[{"embeddable":true,"href":"https:\/\/kentis.com\/fr\/wp-json\/wp\/v2\/media\/27777"}],"wp:attachment":[{"href":"https:\/\/kentis.com\/fr\/wp-json\/wp\/v2\/media?parent=32200"}],"wp:term":[{"taxonomy":"product_cat","embeddable":true,"href":"https:\/\/kentis.com\/fr\/wp-json\/wp\/v2\/product_cat?post=32200"},{"taxonomy":"product_tag","embeddable":true,"href":"https:\/\/kentis.com\/fr\/wp-json\/wp\/v2\/product_tag?post=32200"}],"curies":[{"name":"wp","href":"https:\/\/api.w.org\/{rel}","templated":true}]}}