{"id":32111,"date":"2024-05-15T11:14:00","date_gmt":"2024-05-15T09:14:00","guid":{"rendered":"https:\/\/kentis.com\/negozio\/bonsai-di-quercus-suber-quercia-da-sughero-sughera\/"},"modified":"2025-01-29T16:23:39","modified_gmt":"2025-01-29T15:23:39","slug":"bonsai-quercus-suber-chene-liege-v30","status":"publish","type":"product","link":"https:\/\/kentis.com\/fr\/boutique\/bonsai-quercus-suber-chene-liege-v30\/","title":{"rendered":"Bonsa\u00ef Quercus Suber &#8211; Ch\u00eane-Li\u00e8ge V30"},"content":{"rendered":"<div class=\"fusion-fullwidth fullwidth-box fusion-builder-row-1 fusion-flex-container has-pattern-background has-mask-background nonhundred-percent-fullwidth non-hundred-percent-height-scrolling\" style=\"--awb-border-radius-top-left:0px;--awb-border-radius-top-right:0px;--awb-border-radius-bottom-right:0px;--awb-border-radius-bottom-left:0px;--awb-padding-top:0px;--awb-padding-right:0px;--awb-padding-bottom:0px;--awb-padding-left:0px;--awb-flex-wrap:wrap;\" ><div class=\"fusion-builder-row fusion-row fusion-flex-align-items-flex-start fusion-flex-content-wrap\" style=\"max-width:1248px;margin-left: calc(-4% \/ 2 );margin-right: calc(-4% \/ 2 );\"><div class=\"fusion-layout-column fusion_builder_column fusion-builder-column-0 fusion_builder_column_1_1 1_1 fusion-flex-column\" style=\"--awb-bg-size:cover;--awb-width-large:100%;--awb-margin-top-large:0px;--awb-spacing-right-large:1.92%;--awb-margin-bottom-large:0px;--awb-spacing-left-large:1.92%;--awb-width-medium:100%;--awb-spacing-right-medium:1.92%;--awb-spacing-left-medium:1.92%;--awb-width-small:100%;--awb-spacing-right-small:1.92%;--awb-spacing-left-small:1.92%;\"><div class=\"fusion-column-wrapper fusion-flex-justify-content-flex-start fusion-content-layout-column\"><div class=\"fusion-text fusion-text-1\"><p>Le bonsa\u00ef Quercus suber, \u00e9galement appel\u00e9 ch\u00eane-li\u00e8ge, est une plante \u00e0 feuillage persistant, contrairement aux autres esp\u00e8ces de son genre qui sont \u00e0 feuilles caduques. La caract\u00e9ristique la plus distinctive de cette plante est son \u00e9corce, dont la partie ext\u00e9rieure est compos\u00e9e de li\u00e8ge qui appara\u00eet rugueux et sillonn\u00e9. Le feuillage est dense et compos\u00e9 de feuilles dent\u00e9es vert fonc\u00e9.<\/p>\n<p>Hauteur \u00e0 partir de la base du pot : 40\/50 cm.<\/p>\n<p>Le pot en c\u00e9ramique est inclus avec la plante.<\/p>\n<\/div><\/div><\/div><\/div><\/div>\n","protected":false},"excerpt":{"rendered":"","protected":false},"featured_media":27706,"template":"","meta":{"_acf_changed":false},"product_cat":[586,522],"product_tag":[],"class_list":{"0":"post-32111","1":"product","2":"type-product","3":"status-publish","4":"has-post-thumbnail","6":"product_cat-bonsai-et-extras","7":"product_cat-plantes-d-exterieur","8":"product_shipping_class-franchi-fr","10":"first","11":"instock","12":"taxable","13":"shipping-taxable","14":"purchasable","15":"product-type-variable","16":"has-default-attributes"},"acf":[],"yoast_head":"<!-- This site is optimized with the Yoast SEO plugin v23.4 - https:\/\/yoast.com\/wordpress\/plugins\/seo\/ -->\n<title>Bonsa\u00ef Quercus Suber - Ch\u00eane-Li\u00e8ge V30 - Kentis<\/title>\n<meta name=\"description\" content=\"Le Quercus suber bonsa\u00ef, \u00e9galement appel\u00e9 ch\u00eane-li\u00e8ge, est une plante \u00e0 feuilles persistantes dont la caract\u00e9ristique principale est son \u00e9corce.\" \/>\n<meta name=\"robots\" content=\"index, follow, max-snippet:-1, max-image-preview:large, max-video-preview:-1\" \/>\n<link rel=\"canonical\" href=\"https:\/\/kentis.com\/fr\/boutique\/bonsai-quercus-suber-chene-liege-v30\/\" \/>\n<meta property=\"og:locale\" content=\"fr_FR\" \/>\n<meta property=\"og:type\" content=\"article\" \/>\n<meta property=\"og:title\" content=\"Bonsa\u00ef Quercus Suber - Ch\u00eane-Li\u00e8ge V30 - Kentis\" \/>\n<meta property=\"og:description\" content=\"Le Quercus suber bonsa\u00ef, \u00e9galement appel\u00e9 ch\u00eane-li\u00e8ge, est une plante \u00e0 feuilles persistantes dont la caract\u00e9ristique principale est son \u00e9corce.\" \/>\n<meta property=\"og:url\" content=\"https:\/\/kentis.com\/fr\/boutique\/bonsai-quercus-suber-chene-liege-v30\/\" \/>\n<meta property=\"og:site_name\" content=\"Kentis\" \/>\n<meta property=\"article:publisher\" content=\"https:\/\/www.facebook.com\/kentisgarden\" \/>\n<meta property=\"article:modified_time\" content=\"2025-01-29T15:23:39+00:00\" \/>\n<meta property=\"og:image\" content=\"https:\/\/kentis.com\/wp-content\/uploads\/2024\/05\/1-15.png\" \/>\n\t<meta property=\"og:image:width\" content=\"1000\" \/>\n\t<meta property=\"og:image:height\" content=\"1000\" \/>\n\t<meta property=\"og:image:type\" content=\"image\/png\" \/>\n<meta name=\"twitter:card\" content=\"summary_large_image\" \/>\n<meta name=\"twitter:label1\" content=\"Dur\u00e9e de lecture estim\u00e9e\" \/>\n\t<meta name=\"twitter:data1\" content=\"1 minute\" \/>\n<script type=\"application\/ld+json\" class=\"yoast-schema-graph\">{\"@context\":\"https:\/\/schema.org\",\"@graph\":[{\"@type\":\"WebPage\",\"@id\":\"https:\/\/kentis.com\/fr\/boutique\/bonsai-quercus-suber-chene-liege-v30\/\",\"url\":\"https:\/\/kentis.com\/fr\/boutique\/bonsai-quercus-suber-chene-liege-v30\/\",\"name\":\"Bonsa\u00ef Quercus Suber - Ch\u00eane-Li\u00e8ge V30 - Kentis\",\"isPartOf\":{\"@id\":\"https:\/\/kentis.com\/fr\/#website\"},\"primaryImageOfPage\":{\"@id\":\"https:\/\/kentis.com\/fr\/boutique\/bonsai-quercus-suber-chene-liege-v30\/#primaryimage\"},\"image\":{\"@id\":\"https:\/\/kentis.com\/fr\/boutique\/bonsai-quercus-suber-chene-liege-v30\/#primaryimage\"},\"thumbnailUrl\":\"https:\/\/kentis.com\/wp-content\/uploads\/2024\/05\/1-15.png\",\"datePublished\":\"2024-05-15T09:14:00+00:00\",\"dateModified\":\"2025-01-29T15:23:39+00:00\",\"description\":\"Le Quercus suber bonsa\u00ef, \u00e9galement appel\u00e9 ch\u00eane-li\u00e8ge, est une plante \u00e0 feuilles persistantes dont la caract\u00e9ristique principale est son \u00e9corce.\",\"breadcrumb\":{\"@id\":\"https:\/\/kentis.com\/fr\/boutique\/bonsai-quercus-suber-chene-liege-v30\/#breadcrumb\"},\"inLanguage\":\"fr-FR\",\"potentialAction\":[{\"@type\":\"ReadAction\",\"target\":[\"https:\/\/kentis.com\/fr\/boutique\/bonsai-quercus-suber-chene-liege-v30\/\"]}]},{\"@type\":\"ImageObject\",\"inLanguage\":\"fr-FR\",\"@id\":\"https:\/\/kentis.com\/fr\/boutique\/bonsai-quercus-suber-chene-liege-v30\/#primaryimage\",\"url\":\"https:\/\/kentis.com\/wp-content\/uploads\/2024\/05\/1-15.png\",\"contentUrl\":\"https:\/\/kentis.com\/wp-content\/uploads\/2024\/05\/1-15.png\",\"width\":1000,\"height\":1000},{\"@type\":\"BreadcrumbList\",\"@id\":\"https:\/\/kentis.com\/fr\/boutique\/bonsai-quercus-suber-chene-liege-v30\/#breadcrumb\",\"itemListElement\":[{\"@type\":\"ListItem\",\"position\":1,\"name\":\"Home\",\"item\":\"https:\/\/kentis.com\/fr\/\"},{\"@type\":\"ListItem\",\"position\":2,\"name\":\"Boutique\",\"item\":\"https:\/\/kentis.com\/fr\/boutique\/\"},{\"@type\":\"ListItem\",\"position\":3,\"name\":\"Plantes\",\"item\":\"https:\/\/kentis.com\/fr\/categorie-produit\/plantes\/\"},{\"@type\":\"ListItem\",\"position\":4,\"name\":\"Plantes d'ext\u00e9rieur\",\"item\":\"https:\/\/kentis.com\/fr\/categorie-produit\/plantes\/plantes-d-exterieur\/\"},{\"@type\":\"ListItem\",\"position\":5,\"name\":\"Bonsa\u00ef Quercus Suber &#8211; Ch\u00eane-Li\u00e8ge V30\"}]},{\"@type\":\"WebSite\",\"@id\":\"https:\/\/kentis.com\/fr\/#website\",\"url\":\"https:\/\/kentis.com\/fr\/\",\"name\":\"Kentis\",\"description\":\"Atelier del verde\",\"publisher\":{\"@id\":\"https:\/\/kentis.com\/fr\/#organization\"},\"potentialAction\":[{\"@type\":\"SearchAction\",\"target\":{\"@type\":\"EntryPoint\",\"urlTemplate\":\"https:\/\/kentis.com\/fr\/?s={search_term_string}\"},\"query-input\":{\"@type\":\"PropertyValueSpecification\",\"valueRequired\":true,\"valueName\":\"search_term_string\"}}],\"inLanguage\":\"fr-FR\"},{\"@type\":\"Organization\",\"@id\":\"https:\/\/kentis.com\/fr\/#organization\",\"name\":\"Kentis\",\"url\":\"https:\/\/kentis.com\/fr\/\",\"logo\":{\"@type\":\"ImageObject\",\"inLanguage\":\"fr-FR\",\"@id\":\"https:\/\/kentis.com\/fr\/#\/schema\/logo\/image\/\",\"url\":\"https:\/\/kentis.com\/wp-content\/uploads\/2021\/08\/logo-main.png\",\"contentUrl\":\"https:\/\/kentis.com\/wp-content\/uploads\/2021\/08\/logo-main.png\",\"width\":800,\"height\":204,\"caption\":\"Kentis\"},\"image\":{\"@id\":\"https:\/\/kentis.com\/fr\/#\/schema\/logo\/image\/\"},\"sameAs\":[\"https:\/\/www.facebook.com\/kentisgarden\",\"https:\/\/www.instagram.com\/kentisgarden\/\",\"https:\/\/it.pinterest.com\/kentisgarden\",\"https:\/\/www.tiktok.com\/@kentis.com\"]}]}<\/script>\n<!-- \/ Yoast SEO plugin. -->","yoast_head_json":{"title":"Bonsa\u00ef Quercus Suber - Ch\u00eane-Li\u00e8ge V30 - Kentis","description":"Le Quercus suber bonsa\u00ef, \u00e9galement appel\u00e9 ch\u00eane-li\u00e8ge, est une plante \u00e0 feuilles persistantes dont la caract\u00e9ristique principale est son \u00e9corce.","robots":{"index":"index","follow":"follow","max-snippet":"max-snippet:-1","max-image-preview":"max-image-preview:large","max-video-preview":"max-video-preview:-1"},"canonical":"https:\/\/kentis.com\/fr\/boutique\/bonsai-quercus-suber-chene-liege-v30\/","og_locale":"fr_FR","og_type":"article","og_title":"Bonsa\u00ef Quercus Suber - Ch\u00eane-Li\u00e8ge V30 - Kentis","og_description":"Le Quercus suber bonsa\u00ef, \u00e9galement appel\u00e9 ch\u00eane-li\u00e8ge, est une plante \u00e0 feuilles persistantes dont la caract\u00e9ristique principale est son \u00e9corce.","og_url":"https:\/\/kentis.com\/fr\/boutique\/bonsai-quercus-suber-chene-liege-v30\/","og_site_name":"Kentis","article_publisher":"https:\/\/www.facebook.com\/kentisgarden","article_modified_time":"2025-01-29T15:23:39+00:00","og_image":[{"width":1000,"height":1000,"url":"https:\/\/kentis.com\/wp-content\/uploads\/2024\/05\/1-15.png","type":"image\/png"}],"twitter_card":"summary_large_image","twitter_misc":{"Dur\u00e9e de lecture estim\u00e9e":"1 minute"},"schema":{"@context":"https:\/\/schema.org","@graph":[{"@type":"WebPage","@id":"https:\/\/kentis.com\/fr\/boutique\/bonsai-quercus-suber-chene-liege-v30\/","url":"https:\/\/kentis.com\/fr\/boutique\/bonsai-quercus-suber-chene-liege-v30\/","name":"Bonsa\u00ef Quercus Suber - Ch\u00eane-Li\u00e8ge V30 - Kentis","isPartOf":{"@id":"https:\/\/kentis.com\/fr\/#website"},"primaryImageOfPage":{"@id":"https:\/\/kentis.com\/fr\/boutique\/bonsai-quercus-suber-chene-liege-v30\/#primaryimage"},"image":{"@id":"https:\/\/kentis.com\/fr\/boutique\/bonsai-quercus-suber-chene-liege-v30\/#primaryimage"},"thumbnailUrl":"https:\/\/kentis.com\/wp-content\/uploads\/2024\/05\/1-15.png","datePublished":"2024-05-15T09:14:00+00:00","dateModified":"2025-01-29T15:23:39+00:00","description":"Le Quercus suber bonsa\u00ef, \u00e9galement appel\u00e9 ch\u00eane-li\u00e8ge, est une plante \u00e0 feuilles persistantes dont la caract\u00e9ristique principale est son \u00e9corce.","breadcrumb":{"@id":"https:\/\/kentis.com\/fr\/boutique\/bonsai-quercus-suber-chene-liege-v30\/#breadcrumb"},"inLanguage":"fr-FR","potentialAction":[{"@type":"ReadAction","target":["https:\/\/kentis.com\/fr\/boutique\/bonsai-quercus-suber-chene-liege-v30\/"]}]},{"@type":"ImageObject","inLanguage":"fr-FR","@id":"https:\/\/kentis.com\/fr\/boutique\/bonsai-quercus-suber-chene-liege-v30\/#primaryimage","url":"https:\/\/kentis.com\/wp-content\/uploads\/2024\/05\/1-15.png","contentUrl":"https:\/\/kentis.com\/wp-content\/uploads\/2024\/05\/1-15.png","width":1000,"height":1000},{"@type":"BreadcrumbList","@id":"https:\/\/kentis.com\/fr\/boutique\/bonsai-quercus-suber-chene-liege-v30\/#breadcrumb","itemListElement":[{"@type":"ListItem","position":1,"name":"Home","item":"https:\/\/kentis.com\/fr\/"},{"@type":"ListItem","position":2,"name":"Boutique","item":"https:\/\/kentis.com\/fr\/boutique\/"},{"@type":"ListItem","position":3,"name":"Plantes","item":"https:\/\/kentis.com\/fr\/categorie-produit\/plantes\/"},{"@type":"ListItem","position":4,"name":"Plantes d'ext\u00e9rieur","item":"https:\/\/kentis.com\/fr\/categorie-produit\/plantes\/plantes-d-exterieur\/"},{"@type":"ListItem","position":5,"name":"Bonsa\u00ef Quercus Suber &#8211; Ch\u00eane-Li\u00e8ge V30"}]},{"@type":"WebSite","@id":"https:\/\/kentis.com\/fr\/#website","url":"https:\/\/kentis.com\/fr\/","name":"Kentis","description":"Atelier del verde","publisher":{"@id":"https:\/\/kentis.com\/fr\/#organization"},"potentialAction":[{"@type":"SearchAction","target":{"@type":"EntryPoint","urlTemplate":"https:\/\/kentis.com\/fr\/?s={search_term_string}"},"query-input":{"@type":"PropertyValueSpecification","valueRequired":true,"valueName":"search_term_string"}}],"inLanguage":"fr-FR"},{"@type":"Organization","@id":"https:\/\/kentis.com\/fr\/#organization","name":"Kentis","url":"https:\/\/kentis.com\/fr\/","logo":{"@type":"ImageObject","inLanguage":"fr-FR","@id":"https:\/\/kentis.com\/fr\/#\/schema\/logo\/image\/","url":"https:\/\/kentis.com\/wp-content\/uploads\/2021\/08\/logo-main.png","contentUrl":"https:\/\/kentis.com\/wp-content\/uploads\/2021\/08\/logo-main.png","width":800,"height":204,"caption":"Kentis"},"image":{"@id":"https:\/\/kentis.com\/fr\/#\/schema\/logo\/image\/"},"sameAs":["https:\/\/www.facebook.com\/kentisgarden","https:\/\/www.instagram.com\/kentisgarden\/","https:\/\/it.pinterest.com\/kentisgarden","https:\/\/www.tiktok.com\/@kentis.com"]}]}},"_links":{"self":[{"href":"https:\/\/kentis.com\/fr\/wp-json\/wp\/v2\/product\/32111","targetHints":{"allow":["GET"]}}],"collection":[{"href":"https:\/\/kentis.com\/fr\/wp-json\/wp\/v2\/product"}],"about":[{"href":"https:\/\/kentis.com\/fr\/wp-json\/wp\/v2\/types\/product"}],"wp:featuredmedia":[{"embeddable":true,"href":"https:\/\/kentis.com\/fr\/wp-json\/wp\/v2\/media\/27706"}],"wp:attachment":[{"href":"https:\/\/kentis.com\/fr\/wp-json\/wp\/v2\/media?parent=32111"}],"wp:term":[{"taxonomy":"product_cat","embeddable":true,"href":"https:\/\/kentis.com\/fr\/wp-json\/wp\/v2\/product_cat?post=32111"},{"taxonomy":"product_tag","embeddable":true,"href":"https:\/\/kentis.com\/fr\/wp-json\/wp\/v2\/product_tag?post=32111"}],"curies":[{"name":"wp","href":"https:\/\/api.w.org\/{rel}","templated":true}]}}