{"id":31427,"date":"2024-02-16T12:30:22","date_gmt":"2024-02-16T11:30:22","guid":{"rendered":"https:\/\/kentis.com\/negozio\/nephrolepis-green-moment\/"},"modified":"2024-12-12T17:16:14","modified_gmt":"2024-12-12T16:16:14","slug":"nephrolepis-green-moment","status":"publish","type":"product","link":"https:\/\/kentis.com\/fr\/boutique\/nephrolepis-green-moment\/","title":{"rendered":"Nephrolepis Green Moment"},"content":{"rendered":"<div class=\"fusion-fullwidth fullwidth-box fusion-builder-row-1 fusion-flex-container nonhundred-percent-fullwidth non-hundred-percent-height-scrolling\" style=\"--awb-border-radius-top-left:0px;--awb-border-radius-top-right:0px;--awb-border-radius-bottom-right:0px;--awb-border-radius-bottom-left:0px;--awb-flex-wrap:wrap;\" ><div class=\"fusion-builder-row fusion-row fusion-flex-align-items-flex-start fusion-flex-content-wrap\" style=\"max-width:1248px;margin-left: calc(-4% \/ 2 );margin-right: calc(-4% \/ 2 );\"><div class=\"fusion-layout-column fusion_builder_column fusion-builder-column-0 fusion_builder_column_1_1 1_1 fusion-flex-column\" style=\"--awb-bg-size:cover;--awb-width-large:100%;--awb-margin-top-large:0px;--awb-spacing-right-large:1.92%;--awb-margin-bottom-large:0px;--awb-spacing-left-large:1.92%;--awb-width-medium:100%;--awb-spacing-right-medium:1.92%;--awb-spacing-left-medium:1.92%;--awb-width-small:100%;--awb-spacing-right-small:1.92%;--awb-spacing-left-small:1.92%;\"><div class=\"fusion-column-wrapper fusion-flex-justify-content-flex-start fusion-content-layout-column\"><div class=\"fusion-text fusion-text-1\"><p>Cette plante d&#8217;int\u00e9rieur est appel\u00e9e &#8216;Green Moment&#8217; en raison de sa couleur verte intense qu&#8217;elle parvient \u00e0 maintenir tout au long de l&#8217;ann\u00e9e. Elle est aussi commun\u00e9ment appel\u00e9e &#8216;Curly Fern&#8217; pour ses feuilles typiques qui forment des boucles distinctives.<\/p>\n<p>Hauteur \u00e0 partir de la base du pot 40-50 cm<\/p>\n<\/div><\/div><\/div><\/div><\/div>\n","protected":false},"excerpt":{"rendered":"","protected":false},"featured_media":26372,"template":"","meta":{"_acf_changed":false},"product_cat":[684,448,494,482],"product_tag":[],"class_list":{"0":"post-31427","1":"product","2":"type-product","3":"status-publish","4":"has-post-thumbnail","6":"product_cat-animaux-acceptes","7":"product_cat-plantes-d-interieur","8":"product_cat-plantes-pour-faible-luminosite","9":"product_cat-plantes-qui-necessitent-peu-de-soins","10":"product_shipping_class-flora-fr","11":"pa_ambienti-bain","13":"first","14":"instock","15":"taxable","16":"shipping-taxable","17":"purchasable","18":"product-type-variable","19":"has-default-attributes"},"acf":[],"yoast_head":"<!-- This site is optimized with the Yoast SEO plugin v23.4 - https:\/\/yoast.com\/wordpress\/plugins\/seo\/ -->\n<title>Nephrolepis Green Moment - Plante d&#039;Int\u00e9rieur - Kentis<\/title>\n<meta name=\"description\" content=\"En plus de lib\u00e9rer de l&#039;oxyg\u00e8ne, il am\u00e9liore consid\u00e9rablement la qualit\u00e9 de l&#039;air, r\u00e9duisant ainsi de mani\u00e8re significative la pollution de l&#039;air int\u00e9rieur.\" \/>\n<meta name=\"robots\" content=\"index, follow, max-snippet:-1, max-image-preview:large, max-video-preview:-1\" \/>\n<link rel=\"canonical\" href=\"https:\/\/kentis.com\/fr\/boutique\/nephrolepis-green-moment\/\" \/>\n<meta property=\"og:locale\" content=\"fr_FR\" \/>\n<meta property=\"og:type\" content=\"article\" \/>\n<meta property=\"og:title\" content=\"Nephrolepis Green Moment - Plante d&#039;Int\u00e9rieur - Kentis\" \/>\n<meta property=\"og:description\" content=\"En plus de lib\u00e9rer de l&#039;oxyg\u00e8ne, il am\u00e9liore consid\u00e9rablement la qualit\u00e9 de l&#039;air, r\u00e9duisant ainsi de mani\u00e8re significative la pollution de l&#039;air int\u00e9rieur.\" \/>\n<meta property=\"og:url\" content=\"https:\/\/kentis.com\/fr\/boutique\/nephrolepis-green-moment\/\" \/>\n<meta property=\"og:site_name\" content=\"Kentis\" \/>\n<meta property=\"article:publisher\" content=\"https:\/\/www.facebook.com\/kentisgarden\" \/>\n<meta property=\"article:modified_time\" content=\"2024-12-12T16:16:14+00:00\" \/>\n<meta property=\"og:image\" content=\"https:\/\/kentis.com\/wp-content\/uploads\/2024\/02\/PTG-Nephorolepis-v17-h40_vibes-18-butter-yellow-1024x1024.jpg\" \/>\n\t<meta property=\"og:image:width\" content=\"1024\" \/>\n\t<meta property=\"og:image:height\" content=\"1024\" \/>\n\t<meta property=\"og:image:type\" content=\"image\/jpeg\" \/>\n<meta name=\"twitter:card\" content=\"summary_large_image\" \/>\n<meta name=\"twitter:label1\" content=\"Dur\u00e9e de lecture estim\u00e9e\" \/>\n\t<meta name=\"twitter:data1\" content=\"1 minute\" \/>\n<script type=\"application\/ld+json\" class=\"yoast-schema-graph\">{\"@context\":\"https:\/\/schema.org\",\"@graph\":[{\"@type\":\"WebPage\",\"@id\":\"https:\/\/kentis.com\/fr\/boutique\/nephrolepis-green-moment\/\",\"url\":\"https:\/\/kentis.com\/fr\/boutique\/nephrolepis-green-moment\/\",\"name\":\"Nephrolepis Green Moment - Plante d'Int\u00e9rieur - Kentis\",\"isPartOf\":{\"@id\":\"https:\/\/kentis.com\/fr\/#website\"},\"primaryImageOfPage\":{\"@id\":\"https:\/\/kentis.com\/fr\/boutique\/nephrolepis-green-moment\/#primaryimage\"},\"image\":{\"@id\":\"https:\/\/kentis.com\/fr\/boutique\/nephrolepis-green-moment\/#primaryimage\"},\"thumbnailUrl\":\"https:\/\/kentis.com\/wp-content\/uploads\/2024\/02\/PTG-Nephorolepis-v17-h40_vibes-18-butter-yellow-scaled.jpg\",\"datePublished\":\"2024-02-16T11:30:22+00:00\",\"dateModified\":\"2024-12-12T16:16:14+00:00\",\"description\":\"En plus de lib\u00e9rer de l'oxyg\u00e8ne, il am\u00e9liore consid\u00e9rablement la qualit\u00e9 de l'air, r\u00e9duisant ainsi de mani\u00e8re significative la pollution de l'air int\u00e9rieur.\",\"breadcrumb\":{\"@id\":\"https:\/\/kentis.com\/fr\/boutique\/nephrolepis-green-moment\/#breadcrumb\"},\"inLanguage\":\"fr-FR\",\"potentialAction\":[{\"@type\":\"ReadAction\",\"target\":[\"https:\/\/kentis.com\/fr\/boutique\/nephrolepis-green-moment\/\"]}]},{\"@type\":\"ImageObject\",\"inLanguage\":\"fr-FR\",\"@id\":\"https:\/\/kentis.com\/fr\/boutique\/nephrolepis-green-moment\/#primaryimage\",\"url\":\"https:\/\/kentis.com\/wp-content\/uploads\/2024\/02\/PTG-Nephorolepis-v17-h40_vibes-18-butter-yellow-scaled.jpg\",\"contentUrl\":\"https:\/\/kentis.com\/wp-content\/uploads\/2024\/02\/PTG-Nephorolepis-v17-h40_vibes-18-butter-yellow-scaled.jpg\",\"width\":2560,\"height\":2560},{\"@type\":\"BreadcrumbList\",\"@id\":\"https:\/\/kentis.com\/fr\/boutique\/nephrolepis-green-moment\/#breadcrumb\",\"itemListElement\":[{\"@type\":\"ListItem\",\"position\":1,\"name\":\"Home\",\"item\":\"https:\/\/kentis.com\/fr\/\"},{\"@type\":\"ListItem\",\"position\":2,\"name\":\"Boutique\",\"item\":\"https:\/\/kentis.com\/fr\/boutique\/\"},{\"@type\":\"ListItem\",\"position\":3,\"name\":\"Plantes\",\"item\":\"https:\/\/kentis.com\/fr\/categorie-produit\/plantes\/\"},{\"@type\":\"ListItem\",\"position\":4,\"name\":\"Plantes d'int\u00e9rieur\",\"item\":\"https:\/\/kentis.com\/fr\/categorie-produit\/plantes\/plantes-d-interieur\/\"},{\"@type\":\"ListItem\",\"position\":5,\"name\":\"Nephrolepis Green Moment\"}]},{\"@type\":\"WebSite\",\"@id\":\"https:\/\/kentis.com\/fr\/#website\",\"url\":\"https:\/\/kentis.com\/fr\/\",\"name\":\"Kentis\",\"description\":\"Atelier del verde\",\"publisher\":{\"@id\":\"https:\/\/kentis.com\/fr\/#organization\"},\"potentialAction\":[{\"@type\":\"SearchAction\",\"target\":{\"@type\":\"EntryPoint\",\"urlTemplate\":\"https:\/\/kentis.com\/fr\/?s={search_term_string}\"},\"query-input\":{\"@type\":\"PropertyValueSpecification\",\"valueRequired\":true,\"valueName\":\"search_term_string\"}}],\"inLanguage\":\"fr-FR\"},{\"@type\":\"Organization\",\"@id\":\"https:\/\/kentis.com\/fr\/#organization\",\"name\":\"Kentis\",\"url\":\"https:\/\/kentis.com\/fr\/\",\"logo\":{\"@type\":\"ImageObject\",\"inLanguage\":\"fr-FR\",\"@id\":\"https:\/\/kentis.com\/fr\/#\/schema\/logo\/image\/\",\"url\":\"https:\/\/kentis.com\/wp-content\/uploads\/2021\/08\/logo-main.png\",\"contentUrl\":\"https:\/\/kentis.com\/wp-content\/uploads\/2021\/08\/logo-main.png\",\"width\":800,\"height\":204,\"caption\":\"Kentis\"},\"image\":{\"@id\":\"https:\/\/kentis.com\/fr\/#\/schema\/logo\/image\/\"},\"sameAs\":[\"https:\/\/www.facebook.com\/kentisgarden\",\"https:\/\/www.instagram.com\/kentisgarden\/\",\"https:\/\/it.pinterest.com\/kentisgarden\",\"https:\/\/www.tiktok.com\/@kentis.com\"]}]}<\/script>\n<!-- \/ Yoast SEO plugin. -->","yoast_head_json":{"title":"Nephrolepis Green Moment - Plante d'Int\u00e9rieur - Kentis","description":"En plus de lib\u00e9rer de l'oxyg\u00e8ne, il am\u00e9liore consid\u00e9rablement la qualit\u00e9 de l'air, r\u00e9duisant ainsi de mani\u00e8re significative la pollution de l'air int\u00e9rieur.","robots":{"index":"index","follow":"follow","max-snippet":"max-snippet:-1","max-image-preview":"max-image-preview:large","max-video-preview":"max-video-preview:-1"},"canonical":"https:\/\/kentis.com\/fr\/boutique\/nephrolepis-green-moment\/","og_locale":"fr_FR","og_type":"article","og_title":"Nephrolepis Green Moment - Plante d'Int\u00e9rieur - Kentis","og_description":"En plus de lib\u00e9rer de l'oxyg\u00e8ne, il am\u00e9liore consid\u00e9rablement la qualit\u00e9 de l'air, r\u00e9duisant ainsi de mani\u00e8re significative la pollution de l'air int\u00e9rieur.","og_url":"https:\/\/kentis.com\/fr\/boutique\/nephrolepis-green-moment\/","og_site_name":"Kentis","article_publisher":"https:\/\/www.facebook.com\/kentisgarden","article_modified_time":"2024-12-12T16:16:14+00:00","og_image":[{"width":1024,"height":1024,"url":"https:\/\/kentis.com\/wp-content\/uploads\/2024\/02\/PTG-Nephorolepis-v17-h40_vibes-18-butter-yellow-1024x1024.jpg","type":"image\/jpeg"}],"twitter_card":"summary_large_image","twitter_misc":{"Dur\u00e9e de lecture estim\u00e9e":"1 minute"},"schema":{"@context":"https:\/\/schema.org","@graph":[{"@type":"WebPage","@id":"https:\/\/kentis.com\/fr\/boutique\/nephrolepis-green-moment\/","url":"https:\/\/kentis.com\/fr\/boutique\/nephrolepis-green-moment\/","name":"Nephrolepis Green Moment - Plante d'Int\u00e9rieur - Kentis","isPartOf":{"@id":"https:\/\/kentis.com\/fr\/#website"},"primaryImageOfPage":{"@id":"https:\/\/kentis.com\/fr\/boutique\/nephrolepis-green-moment\/#primaryimage"},"image":{"@id":"https:\/\/kentis.com\/fr\/boutique\/nephrolepis-green-moment\/#primaryimage"},"thumbnailUrl":"https:\/\/kentis.com\/wp-content\/uploads\/2024\/02\/PTG-Nephorolepis-v17-h40_vibes-18-butter-yellow-scaled.jpg","datePublished":"2024-02-16T11:30:22+00:00","dateModified":"2024-12-12T16:16:14+00:00","description":"En plus de lib\u00e9rer de l'oxyg\u00e8ne, il am\u00e9liore consid\u00e9rablement la qualit\u00e9 de l'air, r\u00e9duisant ainsi de mani\u00e8re significative la pollution de l'air int\u00e9rieur.","breadcrumb":{"@id":"https:\/\/kentis.com\/fr\/boutique\/nephrolepis-green-moment\/#breadcrumb"},"inLanguage":"fr-FR","potentialAction":[{"@type":"ReadAction","target":["https:\/\/kentis.com\/fr\/boutique\/nephrolepis-green-moment\/"]}]},{"@type":"ImageObject","inLanguage":"fr-FR","@id":"https:\/\/kentis.com\/fr\/boutique\/nephrolepis-green-moment\/#primaryimage","url":"https:\/\/kentis.com\/wp-content\/uploads\/2024\/02\/PTG-Nephorolepis-v17-h40_vibes-18-butter-yellow-scaled.jpg","contentUrl":"https:\/\/kentis.com\/wp-content\/uploads\/2024\/02\/PTG-Nephorolepis-v17-h40_vibes-18-butter-yellow-scaled.jpg","width":2560,"height":2560},{"@type":"BreadcrumbList","@id":"https:\/\/kentis.com\/fr\/boutique\/nephrolepis-green-moment\/#breadcrumb","itemListElement":[{"@type":"ListItem","position":1,"name":"Home","item":"https:\/\/kentis.com\/fr\/"},{"@type":"ListItem","position":2,"name":"Boutique","item":"https:\/\/kentis.com\/fr\/boutique\/"},{"@type":"ListItem","position":3,"name":"Plantes","item":"https:\/\/kentis.com\/fr\/categorie-produit\/plantes\/"},{"@type":"ListItem","position":4,"name":"Plantes d'int\u00e9rieur","item":"https:\/\/kentis.com\/fr\/categorie-produit\/plantes\/plantes-d-interieur\/"},{"@type":"ListItem","position":5,"name":"Nephrolepis Green Moment"}]},{"@type":"WebSite","@id":"https:\/\/kentis.com\/fr\/#website","url":"https:\/\/kentis.com\/fr\/","name":"Kentis","description":"Atelier del verde","publisher":{"@id":"https:\/\/kentis.com\/fr\/#organization"},"potentialAction":[{"@type":"SearchAction","target":{"@type":"EntryPoint","urlTemplate":"https:\/\/kentis.com\/fr\/?s={search_term_string}"},"query-input":{"@type":"PropertyValueSpecification","valueRequired":true,"valueName":"search_term_string"}}],"inLanguage":"fr-FR"},{"@type":"Organization","@id":"https:\/\/kentis.com\/fr\/#organization","name":"Kentis","url":"https:\/\/kentis.com\/fr\/","logo":{"@type":"ImageObject","inLanguage":"fr-FR","@id":"https:\/\/kentis.com\/fr\/#\/schema\/logo\/image\/","url":"https:\/\/kentis.com\/wp-content\/uploads\/2021\/08\/logo-main.png","contentUrl":"https:\/\/kentis.com\/wp-content\/uploads\/2021\/08\/logo-main.png","width":800,"height":204,"caption":"Kentis"},"image":{"@id":"https:\/\/kentis.com\/fr\/#\/schema\/logo\/image\/"},"sameAs":["https:\/\/www.facebook.com\/kentisgarden","https:\/\/www.instagram.com\/kentisgarden\/","https:\/\/it.pinterest.com\/kentisgarden","https:\/\/www.tiktok.com\/@kentis.com"]}]}},"_links":{"self":[{"href":"https:\/\/kentis.com\/fr\/wp-json\/wp\/v2\/product\/31427","targetHints":{"allow":["GET"]}}],"collection":[{"href":"https:\/\/kentis.com\/fr\/wp-json\/wp\/v2\/product"}],"about":[{"href":"https:\/\/kentis.com\/fr\/wp-json\/wp\/v2\/types\/product"}],"wp:featuredmedia":[{"embeddable":true,"href":"https:\/\/kentis.com\/fr\/wp-json\/wp\/v2\/media\/26372"}],"wp:attachment":[{"href":"https:\/\/kentis.com\/fr\/wp-json\/wp\/v2\/media?parent=31427"}],"wp:term":[{"taxonomy":"product_cat","embeddable":true,"href":"https:\/\/kentis.com\/fr\/wp-json\/wp\/v2\/product_cat?post=31427"},{"taxonomy":"product_tag","embeddable":true,"href":"https:\/\/kentis.com\/fr\/wp-json\/wp\/v2\/product_tag?post=31427"}],"curies":[{"name":"wp","href":"https:\/\/api.w.org\/{rel}","templated":true}]}}