{"id":30327,"date":"2024-06-27T10:25:38","date_gmt":"2024-06-27T08:25:38","guid":{"rendered":"https:\/\/kentis.com\/negozio\/euonymus-japonicus\/"},"modified":"2024-11-22T11:09:05","modified_gmt":"2024-11-22T10:09:05","slug":"euonymus-japonicus","status":"publish","type":"product","link":"https:\/\/kentis.com\/fr\/boutique\/euonymus-japonicus\/","title":{"rendered":"Euonymus Japonicus"},"content":{"rendered":"<div class=\"fusion-fullwidth fullwidth-box fusion-builder-row-1 fusion-flex-container has-pattern-background has-mask-background nonhundred-percent-fullwidth non-hundred-percent-height-scrolling\" style=\"--awb-border-radius-top-left:0px;--awb-border-radius-top-right:0px;--awb-border-radius-bottom-right:0px;--awb-border-radius-bottom-left:0px;--awb-padding-top:0px;--awb-padding-right:0px;--awb-padding-bottom:0px;--awb-padding-left:0px;--awb-flex-wrap:wrap;\" ><div class=\"fusion-builder-row fusion-row fusion-flex-align-items-flex-start fusion-flex-content-wrap\" style=\"max-width:1248px;margin-left: calc(-4% \/ 2 );margin-right: calc(-4% \/ 2 );\"><div class=\"fusion-layout-column fusion_builder_column fusion-builder-column-0 fusion_builder_column_1_1 1_1 fusion-flex-column\" style=\"--awb-bg-size:cover;--awb-width-large:100%;--awb-margin-top-large:0px;--awb-spacing-right-large:1.92%;--awb-margin-bottom-large:0px;--awb-spacing-left-large:1.92%;--awb-width-medium:100%;--awb-spacing-right-medium:1.92%;--awb-spacing-left-medium:1.92%;--awb-width-small:100%;--awb-spacing-right-small:1.92%;--awb-spacing-left-small:1.92%;\"><div class=\"fusion-column-wrapper fusion-flex-justify-content-flex-start fusion-content-layout-column\"><div class=\"fusion-text fusion-text-1\"><p><strong>Euonymus japonicus<\/strong>, commun\u00e9ment appel\u00e9 <strong>Evonymus japonais<\/strong> en raison de ses origines, est un<strong> arbuste \u00e0 feuilles persistantes<\/strong> caract\u00e9ris\u00e9 par un port \u00e9rig\u00e9 et un feuillage particuli\u00e8rement dense. Ses feuilles elliptiques ont une surface sup\u00e9rieure vert brillant. Cette plante ornementale est principalement utilis\u00e9e pour cr\u00e9er des haies en raison de sa capacit\u00e9 \u00e0 former des barri\u00e8res denses et uniformes. Durant l&#8217;\u00e9t\u00e9, l&#8217;Evonymus japonais produit des <strong>inflorescences jaune-vert<\/strong>. Celles-ci laissent ensuite place \u00e0 des fruits : des capsules contenant des graines envelopp\u00e9es dans un arille rouge vif, qui ajoutent un \u00e9l\u00e9ment d\u00e9coratif suppl\u00e9mentaire \u00e0 la plante.<\/p>\n<\/div><\/div><\/div><\/div><\/div>\n","protected":false},"excerpt":{"rendered":"","protected":false},"featured_media":30284,"template":"","meta":{"_acf_changed":false},"product_cat":[576,522,523],"product_tag":[],"class_list":{"0":"post-30327","1":"product","2":"type-product","3":"status-publish","4":"has-post-thumbnail","6":"product_cat-arbustes","7":"product_cat-plantes-d-exterieur","8":"product_cat-plantes-de-haie","9":"product_shipping_class-evergreen-fr","11":"first","12":"instock","13":"taxable","14":"shipping-taxable","15":"purchasable","16":"product-type-variable","17":"has-default-attributes"},"acf":[],"yoast_head":"<!-- This site is optimized with the Yoast SEO plugin v23.4 - https:\/\/yoast.com\/wordpress\/plugins\/seo\/ -->\n<title>Euonymus Japonicus - Plantes de haies d&#039;ext\u00e9rieur - Kentis<\/title>\n<meta name=\"description\" content=\"Euonymus japonicus est un arbuste \u00e0 feuilles persistantes caract\u00e9ris\u00e9 par un port \u00e9rig\u00e9 et un feuillage particuli\u00e8rement dense.\" \/>\n<meta name=\"robots\" content=\"index, follow, max-snippet:-1, max-image-preview:large, max-video-preview:-1\" \/>\n<link rel=\"canonical\" href=\"https:\/\/kentis.com\/fr\/boutique\/euonymus-japonicus\/\" \/>\n<meta property=\"og:locale\" content=\"fr_FR\" \/>\n<meta property=\"og:type\" content=\"article\" \/>\n<meta property=\"og:title\" content=\"Euonymus Japonicus - Plantes de haies d&#039;ext\u00e9rieur - Kentis\" \/>\n<meta property=\"og:description\" content=\"Euonymus japonicus est un arbuste \u00e0 feuilles persistantes caract\u00e9ris\u00e9 par un port \u00e9rig\u00e9 et un feuillage particuli\u00e8rement dense.\" \/>\n<meta property=\"og:url\" content=\"https:\/\/kentis.com\/fr\/boutique\/euonymus-japonicus\/\" \/>\n<meta property=\"og:site_name\" content=\"Kentis\" \/>\n<meta property=\"article:publisher\" content=\"https:\/\/www.facebook.com\/kentisgarden\" \/>\n<meta property=\"article:modified_time\" content=\"2024-11-22T10:09:05+00:00\" \/>\n<meta property=\"og:image\" content=\"https:\/\/kentis.com\/wp-content\/uploads\/2024\/06\/Progetto-senza-titolo-1.png\" \/>\n\t<meta property=\"og:image:width\" content=\"1080\" \/>\n\t<meta property=\"og:image:height\" content=\"1080\" \/>\n\t<meta property=\"og:image:type\" content=\"image\/png\" \/>\n<meta name=\"twitter:card\" content=\"summary_large_image\" \/>\n<meta name=\"twitter:label1\" content=\"Dur\u00e9e de lecture estim\u00e9e\" \/>\n\t<meta name=\"twitter:data1\" content=\"1 minute\" \/>\n<script type=\"application\/ld+json\" class=\"yoast-schema-graph\">{\"@context\":\"https:\/\/schema.org\",\"@graph\":[{\"@type\":\"WebPage\",\"@id\":\"https:\/\/kentis.com\/fr\/boutique\/euonymus-japonicus\/\",\"url\":\"https:\/\/kentis.com\/fr\/boutique\/euonymus-japonicus\/\",\"name\":\"Euonymus Japonicus - Plantes de haies d'ext\u00e9rieur - Kentis\",\"isPartOf\":{\"@id\":\"https:\/\/kentis.com\/fr\/#website\"},\"primaryImageOfPage\":{\"@id\":\"https:\/\/kentis.com\/fr\/boutique\/euonymus-japonicus\/#primaryimage\"},\"image\":{\"@id\":\"https:\/\/kentis.com\/fr\/boutique\/euonymus-japonicus\/#primaryimage\"},\"thumbnailUrl\":\"https:\/\/kentis.com\/wp-content\/uploads\/2024\/06\/Progetto-senza-titolo-1.png\",\"datePublished\":\"2024-06-27T08:25:38+00:00\",\"dateModified\":\"2024-11-22T10:09:05+00:00\",\"description\":\"Euonymus japonicus est un arbuste \u00e0 feuilles persistantes caract\u00e9ris\u00e9 par un port \u00e9rig\u00e9 et un feuillage particuli\u00e8rement dense.\",\"breadcrumb\":{\"@id\":\"https:\/\/kentis.com\/fr\/boutique\/euonymus-japonicus\/#breadcrumb\"},\"inLanguage\":\"fr-FR\",\"potentialAction\":[{\"@type\":\"ReadAction\",\"target\":[\"https:\/\/kentis.com\/fr\/boutique\/euonymus-japonicus\/\"]}]},{\"@type\":\"ImageObject\",\"inLanguage\":\"fr-FR\",\"@id\":\"https:\/\/kentis.com\/fr\/boutique\/euonymus-japonicus\/#primaryimage\",\"url\":\"https:\/\/kentis.com\/wp-content\/uploads\/2024\/06\/Progetto-senza-titolo-1.png\",\"contentUrl\":\"https:\/\/kentis.com\/wp-content\/uploads\/2024\/06\/Progetto-senza-titolo-1.png\",\"width\":1080,\"height\":1080},{\"@type\":\"BreadcrumbList\",\"@id\":\"https:\/\/kentis.com\/fr\/boutique\/euonymus-japonicus\/#breadcrumb\",\"itemListElement\":[{\"@type\":\"ListItem\",\"position\":1,\"name\":\"Home\",\"item\":\"https:\/\/kentis.com\/fr\/\"},{\"@type\":\"ListItem\",\"position\":2,\"name\":\"Boutique\",\"item\":\"https:\/\/kentis.com\/fr\/boutique\/\"},{\"@type\":\"ListItem\",\"position\":3,\"name\":\"Plantes\",\"item\":\"https:\/\/kentis.com\/fr\/categorie-produit\/plantes\/\"},{\"@type\":\"ListItem\",\"position\":4,\"name\":\"Plantes d'ext\u00e9rieur\",\"item\":\"https:\/\/kentis.com\/fr\/categorie-produit\/plantes\/plantes-d-exterieur\/\"},{\"@type\":\"ListItem\",\"position\":5,\"name\":\"Euonymus Japonicus\"}]},{\"@type\":\"WebSite\",\"@id\":\"https:\/\/kentis.com\/fr\/#website\",\"url\":\"https:\/\/kentis.com\/fr\/\",\"name\":\"Kentis\",\"description\":\"Atelier del verde\",\"publisher\":{\"@id\":\"https:\/\/kentis.com\/fr\/#organization\"},\"potentialAction\":[{\"@type\":\"SearchAction\",\"target\":{\"@type\":\"EntryPoint\",\"urlTemplate\":\"https:\/\/kentis.com\/fr\/?s={search_term_string}\"},\"query-input\":{\"@type\":\"PropertyValueSpecification\",\"valueRequired\":true,\"valueName\":\"search_term_string\"}}],\"inLanguage\":\"fr-FR\"},{\"@type\":\"Organization\",\"@id\":\"https:\/\/kentis.com\/fr\/#organization\",\"name\":\"Kentis\",\"url\":\"https:\/\/kentis.com\/fr\/\",\"logo\":{\"@type\":\"ImageObject\",\"inLanguage\":\"fr-FR\",\"@id\":\"https:\/\/kentis.com\/fr\/#\/schema\/logo\/image\/\",\"url\":\"https:\/\/kentis.com\/wp-content\/uploads\/2021\/08\/logo-main.png\",\"contentUrl\":\"https:\/\/kentis.com\/wp-content\/uploads\/2021\/08\/logo-main.png\",\"width\":800,\"height\":204,\"caption\":\"Kentis\"},\"image\":{\"@id\":\"https:\/\/kentis.com\/fr\/#\/schema\/logo\/image\/\"},\"sameAs\":[\"https:\/\/www.facebook.com\/kentisgarden\",\"https:\/\/www.instagram.com\/kentisgarden\/\",\"https:\/\/it.pinterest.com\/kentisgarden\",\"https:\/\/www.tiktok.com\/@kentis.com\"]}]}<\/script>\n<!-- \/ Yoast SEO plugin. -->","yoast_head_json":{"title":"Euonymus Japonicus - Plantes de haies d'ext\u00e9rieur - Kentis","description":"Euonymus japonicus est un arbuste \u00e0 feuilles persistantes caract\u00e9ris\u00e9 par un port \u00e9rig\u00e9 et un feuillage particuli\u00e8rement dense.","robots":{"index":"index","follow":"follow","max-snippet":"max-snippet:-1","max-image-preview":"max-image-preview:large","max-video-preview":"max-video-preview:-1"},"canonical":"https:\/\/kentis.com\/fr\/boutique\/euonymus-japonicus\/","og_locale":"fr_FR","og_type":"article","og_title":"Euonymus Japonicus - Plantes de haies d'ext\u00e9rieur - Kentis","og_description":"Euonymus japonicus est un arbuste \u00e0 feuilles persistantes caract\u00e9ris\u00e9 par un port \u00e9rig\u00e9 et un feuillage particuli\u00e8rement dense.","og_url":"https:\/\/kentis.com\/fr\/boutique\/euonymus-japonicus\/","og_site_name":"Kentis","article_publisher":"https:\/\/www.facebook.com\/kentisgarden","article_modified_time":"2024-11-22T10:09:05+00:00","og_image":[{"width":1080,"height":1080,"url":"https:\/\/kentis.com\/wp-content\/uploads\/2024\/06\/Progetto-senza-titolo-1.png","type":"image\/png"}],"twitter_card":"summary_large_image","twitter_misc":{"Dur\u00e9e de lecture estim\u00e9e":"1 minute"},"schema":{"@context":"https:\/\/schema.org","@graph":[{"@type":"WebPage","@id":"https:\/\/kentis.com\/fr\/boutique\/euonymus-japonicus\/","url":"https:\/\/kentis.com\/fr\/boutique\/euonymus-japonicus\/","name":"Euonymus Japonicus - Plantes de haies d'ext\u00e9rieur - Kentis","isPartOf":{"@id":"https:\/\/kentis.com\/fr\/#website"},"primaryImageOfPage":{"@id":"https:\/\/kentis.com\/fr\/boutique\/euonymus-japonicus\/#primaryimage"},"image":{"@id":"https:\/\/kentis.com\/fr\/boutique\/euonymus-japonicus\/#primaryimage"},"thumbnailUrl":"https:\/\/kentis.com\/wp-content\/uploads\/2024\/06\/Progetto-senza-titolo-1.png","datePublished":"2024-06-27T08:25:38+00:00","dateModified":"2024-11-22T10:09:05+00:00","description":"Euonymus japonicus est un arbuste \u00e0 feuilles persistantes caract\u00e9ris\u00e9 par un port \u00e9rig\u00e9 et un feuillage particuli\u00e8rement dense.","breadcrumb":{"@id":"https:\/\/kentis.com\/fr\/boutique\/euonymus-japonicus\/#breadcrumb"},"inLanguage":"fr-FR","potentialAction":[{"@type":"ReadAction","target":["https:\/\/kentis.com\/fr\/boutique\/euonymus-japonicus\/"]}]},{"@type":"ImageObject","inLanguage":"fr-FR","@id":"https:\/\/kentis.com\/fr\/boutique\/euonymus-japonicus\/#primaryimage","url":"https:\/\/kentis.com\/wp-content\/uploads\/2024\/06\/Progetto-senza-titolo-1.png","contentUrl":"https:\/\/kentis.com\/wp-content\/uploads\/2024\/06\/Progetto-senza-titolo-1.png","width":1080,"height":1080},{"@type":"BreadcrumbList","@id":"https:\/\/kentis.com\/fr\/boutique\/euonymus-japonicus\/#breadcrumb","itemListElement":[{"@type":"ListItem","position":1,"name":"Home","item":"https:\/\/kentis.com\/fr\/"},{"@type":"ListItem","position":2,"name":"Boutique","item":"https:\/\/kentis.com\/fr\/boutique\/"},{"@type":"ListItem","position":3,"name":"Plantes","item":"https:\/\/kentis.com\/fr\/categorie-produit\/plantes\/"},{"@type":"ListItem","position":4,"name":"Plantes d'ext\u00e9rieur","item":"https:\/\/kentis.com\/fr\/categorie-produit\/plantes\/plantes-d-exterieur\/"},{"@type":"ListItem","position":5,"name":"Euonymus Japonicus"}]},{"@type":"WebSite","@id":"https:\/\/kentis.com\/fr\/#website","url":"https:\/\/kentis.com\/fr\/","name":"Kentis","description":"Atelier del verde","publisher":{"@id":"https:\/\/kentis.com\/fr\/#organization"},"potentialAction":[{"@type":"SearchAction","target":{"@type":"EntryPoint","urlTemplate":"https:\/\/kentis.com\/fr\/?s={search_term_string}"},"query-input":{"@type":"PropertyValueSpecification","valueRequired":true,"valueName":"search_term_string"}}],"inLanguage":"fr-FR"},{"@type":"Organization","@id":"https:\/\/kentis.com\/fr\/#organization","name":"Kentis","url":"https:\/\/kentis.com\/fr\/","logo":{"@type":"ImageObject","inLanguage":"fr-FR","@id":"https:\/\/kentis.com\/fr\/#\/schema\/logo\/image\/","url":"https:\/\/kentis.com\/wp-content\/uploads\/2021\/08\/logo-main.png","contentUrl":"https:\/\/kentis.com\/wp-content\/uploads\/2021\/08\/logo-main.png","width":800,"height":204,"caption":"Kentis"},"image":{"@id":"https:\/\/kentis.com\/fr\/#\/schema\/logo\/image\/"},"sameAs":["https:\/\/www.facebook.com\/kentisgarden","https:\/\/www.instagram.com\/kentisgarden\/","https:\/\/it.pinterest.com\/kentisgarden","https:\/\/www.tiktok.com\/@kentis.com"]}]}},"_links":{"self":[{"href":"https:\/\/kentis.com\/fr\/wp-json\/wp\/v2\/product\/30327","targetHints":{"allow":["GET"]}}],"collection":[{"href":"https:\/\/kentis.com\/fr\/wp-json\/wp\/v2\/product"}],"about":[{"href":"https:\/\/kentis.com\/fr\/wp-json\/wp\/v2\/types\/product"}],"wp:featuredmedia":[{"embeddable":true,"href":"https:\/\/kentis.com\/fr\/wp-json\/wp\/v2\/media\/30284"}],"wp:attachment":[{"href":"https:\/\/kentis.com\/fr\/wp-json\/wp\/v2\/media?parent=30327"}],"wp:term":[{"taxonomy":"product_cat","embeddable":true,"href":"https:\/\/kentis.com\/fr\/wp-json\/wp\/v2\/product_cat?post=30327"},{"taxonomy":"product_tag","embeddable":true,"href":"https:\/\/kentis.com\/fr\/wp-json\/wp\/v2\/product_tag?post=30327"}],"curies":[{"name":"wp","href":"https:\/\/api.w.org\/{rel}","templated":true}]}}