{"id":30166,"date":"2024-10-24T15:31:43","date_gmt":"2024-10-24T13:31:43","guid":{"rendered":"https:\/\/kentis.com\/negozio\/monstera-thai-constellation\/"},"modified":"2024-11-18T17:23:00","modified_gmt":"2024-11-18T16:23:00","slug":"monstera-thai-constellation","status":"publish","type":"product","link":"https:\/\/kentis.com\/fr\/boutique\/monstera-thai-constellation\/","title":{"rendered":"Monstera Thai Constellation"},"content":{"rendered":"<div class=\"fusion-fullwidth fullwidth-box fusion-builder-row-1 fusion-flex-container has-pattern-background has-mask-background nonhundred-percent-fullwidth non-hundred-percent-height-scrolling\" style=\"--awb-border-radius-top-left:0px;--awb-border-radius-top-right:0px;--awb-border-radius-bottom-right:0px;--awb-border-radius-bottom-left:0px;--awb-padding-top:0px;--awb-padding-right:0px;--awb-padding-bottom:0px;--awb-padding-left:0px;--awb-flex-wrap:wrap;\" ><div class=\"fusion-builder-row fusion-row fusion-flex-align-items-flex-start fusion-flex-content-wrap\" style=\"max-width:1248px;margin-left: calc(-4% \/ 2 );margin-right: calc(-4% \/ 2 );\"><div class=\"fusion-layout-column fusion_builder_column fusion-builder-column-0 fusion_builder_column_1_1 1_1 fusion-flex-column\" style=\"--awb-bg-size:cover;--awb-width-large:100%;--awb-margin-top-large:0px;--awb-spacing-right-large:1.92%;--awb-margin-bottom-large:20px;--awb-spacing-left-large:1.92%;--awb-width-medium:100%;--awb-order-medium:0;--awb-spacing-right-medium:1.92%;--awb-spacing-left-medium:1.92%;--awb-width-small:100%;--awb-order-small:0;--awb-spacing-right-small:1.92%;--awb-spacing-left-small:1.92%;\"><div class=\"fusion-column-wrapper fusion-column-has-shadow fusion-flex-justify-content-flex-start fusion-content-layout-column\"><div class=\"fusion-text fusion-text-1\"><p><strong>Monstera Thai Constellation<\/strong> est une vari\u00e9t\u00e9 <strong>rare<\/strong> de Monstera deliciosa, une <strong>plante d&#8217;int\u00e9rieur<\/strong> devenue embl\u00e9matique gr\u00e2ce \u00e0 ses feuilles ajour\u00e9es caract\u00e9ristiques. Cette vari\u00e9t\u00e9 particuli\u00e8re se distingue par ses fascinantes<strong> panachures blanc cr\u00e8me<\/strong> qui se d\u00e9tachent sur les feuilles vert fonc\u00e9, cr\u00e9ant un effet visuel rappelant une constellation dans le ciel nocturne.<\/p>\n<p>La hauteur de la plante \u00e0 partir de la base du pot est de 60\/70 cm.<\/p>\n<\/div><\/div><\/div><\/div><\/div>\n","protected":false},"excerpt":{"rendered":"","protected":false},"featured_media":29915,"template":"","meta":{"_acf_changed":false},"product_cat":[448,482,794,483],"product_tag":[],"class_list":{"0":"post-30166","1":"product","2":"type-product","3":"status-publish","4":"has-post-thumbnail","6":"product_cat-plantes-d-interieur","7":"product_cat-plantes-qui-necessitent-peu-de-soins","8":"product_cat-plantes-rares","9":"product_cat-purifie-air","10":"product_shipping_class-flora-fr","11":"pa_ambienti-bain","12":"pa_ambienti-cuisine","13":"pa_ambienti-sejour","15":"first","16":"instock","17":"taxable","18":"shipping-taxable","19":"purchasable","20":"product-type-variable","21":"has-default-attributes"},"acf":[],"yoast_head":"<!-- This site is optimized with the Yoast SEO plugin v23.4 - https:\/\/yoast.com\/wordpress\/plugins\/seo\/ -->\n<title>Monstera Thai Constellation - plantes d&#039;int\u00e9rieur purifier l&#039;air | Kentis<\/title>\n<meta name=\"description\" content=\"Monstera Thai Constellation est une vari\u00e9t\u00e9 rare de Monstera deliciosa, avec fascinantes panachures blanc cr\u00e8me qui se d\u00e9tachent sur les feuilles vert fonc\u00e9\" \/>\n<meta name=\"robots\" content=\"index, follow, max-snippet:-1, max-image-preview:large, max-video-preview:-1\" \/>\n<link rel=\"canonical\" href=\"https:\/\/kentis.com\/fr\/boutique\/monstera-thai-constellation\/\" \/>\n<meta property=\"og:locale\" content=\"fr_FR\" \/>\n<meta property=\"og:type\" content=\"article\" \/>\n<meta property=\"og:title\" content=\"Monstera Thai Constellation - plantes d&#039;int\u00e9rieur purifier l&#039;air | Kentis\" \/>\n<meta property=\"og:description\" content=\"Monstera Thai Constellation est une vari\u00e9t\u00e9 rare de Monstera deliciosa, avec fascinantes panachures blanc cr\u00e8me qui se d\u00e9tachent sur les feuilles vert fonc\u00e9\" \/>\n<meta property=\"og:url\" content=\"https:\/\/kentis.com\/fr\/boutique\/monstera-thai-constellation\/\" \/>\n<meta property=\"og:site_name\" content=\"Kentis\" \/>\n<meta property=\"article:publisher\" content=\"https:\/\/www.facebook.com\/kentisgarden\" \/>\n<meta property=\"article:modified_time\" content=\"2024-11-18T16:23:00+00:00\" \/>\n<meta property=\"og:image\" content=\"https:\/\/kentis.com\/wp-content\/uploads\/2024\/10\/PTG-Monstera-thay-collection-v17-h60-70cm_828-19-panna-scaled.jpg\" \/>\n\t<meta property=\"og:image:width\" content=\"2560\" \/>\n\t<meta property=\"og:image:height\" content=\"2560\" \/>\n\t<meta property=\"og:image:type\" content=\"image\/jpeg\" \/>\n<meta name=\"twitter:card\" content=\"summary_large_image\" \/>\n<meta name=\"twitter:label1\" content=\"Dur\u00e9e de lecture estim\u00e9e\" \/>\n\t<meta name=\"twitter:data1\" content=\"1 minute\" \/>\n<script type=\"application\/ld+json\" class=\"yoast-schema-graph\">{\"@context\":\"https:\/\/schema.org\",\"@graph\":[{\"@type\":\"WebPage\",\"@id\":\"https:\/\/kentis.com\/fr\/boutique\/monstera-thai-constellation\/\",\"url\":\"https:\/\/kentis.com\/fr\/boutique\/monstera-thai-constellation\/\",\"name\":\"Monstera Thai Constellation - plantes d'int\u00e9rieur purifier l'air | Kentis\",\"isPartOf\":{\"@id\":\"https:\/\/kentis.com\/fr\/#website\"},\"primaryImageOfPage\":{\"@id\":\"https:\/\/kentis.com\/fr\/boutique\/monstera-thai-constellation\/#primaryimage\"},\"image\":{\"@id\":\"https:\/\/kentis.com\/fr\/boutique\/monstera-thai-constellation\/#primaryimage\"},\"thumbnailUrl\":\"https:\/\/kentis.com\/wp-content\/uploads\/2024\/10\/PTG-Monstera-thay-collection-v17-h60-70cm_828-19-panna-scaled.jpg\",\"datePublished\":\"2024-10-24T13:31:43+00:00\",\"dateModified\":\"2024-11-18T16:23:00+00:00\",\"description\":\"Monstera Thai Constellation est une vari\u00e9t\u00e9 rare de Monstera deliciosa, avec fascinantes panachures blanc cr\u00e8me qui se d\u00e9tachent sur les feuilles vert fonc\u00e9\",\"breadcrumb\":{\"@id\":\"https:\/\/kentis.com\/fr\/boutique\/monstera-thai-constellation\/#breadcrumb\"},\"inLanguage\":\"fr-FR\",\"potentialAction\":[{\"@type\":\"ReadAction\",\"target\":[\"https:\/\/kentis.com\/fr\/boutique\/monstera-thai-constellation\/\"]}]},{\"@type\":\"ImageObject\",\"inLanguage\":\"fr-FR\",\"@id\":\"https:\/\/kentis.com\/fr\/boutique\/monstera-thai-constellation\/#primaryimage\",\"url\":\"https:\/\/kentis.com\/wp-content\/uploads\/2024\/10\/PTG-Monstera-thay-collection-v17-h60-70cm_828-19-panna-scaled.jpg\",\"contentUrl\":\"https:\/\/kentis.com\/wp-content\/uploads\/2024\/10\/PTG-Monstera-thay-collection-v17-h60-70cm_828-19-panna-scaled.jpg\",\"width\":2560,\"height\":2560},{\"@type\":\"BreadcrumbList\",\"@id\":\"https:\/\/kentis.com\/fr\/boutique\/monstera-thai-constellation\/#breadcrumb\",\"itemListElement\":[{\"@type\":\"ListItem\",\"position\":1,\"name\":\"Home\",\"item\":\"https:\/\/kentis.com\/fr\/\"},{\"@type\":\"ListItem\",\"position\":2,\"name\":\"Boutique\",\"item\":\"https:\/\/kentis.com\/fr\/boutique\/\"},{\"@type\":\"ListItem\",\"position\":3,\"name\":\"Plantes\",\"item\":\"https:\/\/kentis.com\/fr\/categorie-produit\/plantes\/\"},{\"@type\":\"ListItem\",\"position\":4,\"name\":\"Plantes d'int\u00e9rieur\",\"item\":\"https:\/\/kentis.com\/fr\/categorie-produit\/plantes\/plantes-d-interieur\/\"},{\"@type\":\"ListItem\",\"position\":5,\"name\":\"Monstera Thai Constellation\"}]},{\"@type\":\"WebSite\",\"@id\":\"https:\/\/kentis.com\/fr\/#website\",\"url\":\"https:\/\/kentis.com\/fr\/\",\"name\":\"Kentis\",\"description\":\"Atelier del verde\",\"publisher\":{\"@id\":\"https:\/\/kentis.com\/fr\/#organization\"},\"potentialAction\":[{\"@type\":\"SearchAction\",\"target\":{\"@type\":\"EntryPoint\",\"urlTemplate\":\"https:\/\/kentis.com\/fr\/?s={search_term_string}\"},\"query-input\":{\"@type\":\"PropertyValueSpecification\",\"valueRequired\":true,\"valueName\":\"search_term_string\"}}],\"inLanguage\":\"fr-FR\"},{\"@type\":\"Organization\",\"@id\":\"https:\/\/kentis.com\/fr\/#organization\",\"name\":\"Kentis\",\"url\":\"https:\/\/kentis.com\/fr\/\",\"logo\":{\"@type\":\"ImageObject\",\"inLanguage\":\"fr-FR\",\"@id\":\"https:\/\/kentis.com\/fr\/#\/schema\/logo\/image\/\",\"url\":\"https:\/\/kentis.com\/wp-content\/uploads\/2021\/08\/logo-main.png\",\"contentUrl\":\"https:\/\/kentis.com\/wp-content\/uploads\/2021\/08\/logo-main.png\",\"width\":800,\"height\":204,\"caption\":\"Kentis\"},\"image\":{\"@id\":\"https:\/\/kentis.com\/fr\/#\/schema\/logo\/image\/\"},\"sameAs\":[\"https:\/\/www.facebook.com\/kentisgarden\",\"https:\/\/www.instagram.com\/kentisgarden\/\",\"https:\/\/it.pinterest.com\/kentisgarden\",\"https:\/\/www.tiktok.com\/@kentis.com\"]}]}<\/script>\n<!-- \/ Yoast SEO plugin. -->","yoast_head_json":{"title":"Monstera Thai Constellation - plantes d'int\u00e9rieur purifier l'air | Kentis","description":"Monstera Thai Constellation est une vari\u00e9t\u00e9 rare de Monstera deliciosa, avec fascinantes panachures blanc cr\u00e8me qui se d\u00e9tachent sur les feuilles vert fonc\u00e9","robots":{"index":"index","follow":"follow","max-snippet":"max-snippet:-1","max-image-preview":"max-image-preview:large","max-video-preview":"max-video-preview:-1"},"canonical":"https:\/\/kentis.com\/fr\/boutique\/monstera-thai-constellation\/","og_locale":"fr_FR","og_type":"article","og_title":"Monstera Thai Constellation - plantes d'int\u00e9rieur purifier l'air | Kentis","og_description":"Monstera Thai Constellation est une vari\u00e9t\u00e9 rare de Monstera deliciosa, avec fascinantes panachures blanc cr\u00e8me qui se d\u00e9tachent sur les feuilles vert fonc\u00e9","og_url":"https:\/\/kentis.com\/fr\/boutique\/monstera-thai-constellation\/","og_site_name":"Kentis","article_publisher":"https:\/\/www.facebook.com\/kentisgarden","article_modified_time":"2024-11-18T16:23:00+00:00","og_image":[{"width":2560,"height":2560,"url":"https:\/\/kentis.com\/wp-content\/uploads\/2024\/10\/PTG-Monstera-thay-collection-v17-h60-70cm_828-19-panna-scaled.jpg","type":"image\/jpeg"}],"twitter_card":"summary_large_image","twitter_misc":{"Dur\u00e9e de lecture estim\u00e9e":"1 minute"},"schema":{"@context":"https:\/\/schema.org","@graph":[{"@type":"WebPage","@id":"https:\/\/kentis.com\/fr\/boutique\/monstera-thai-constellation\/","url":"https:\/\/kentis.com\/fr\/boutique\/monstera-thai-constellation\/","name":"Monstera Thai Constellation - plantes d'int\u00e9rieur purifier l'air | Kentis","isPartOf":{"@id":"https:\/\/kentis.com\/fr\/#website"},"primaryImageOfPage":{"@id":"https:\/\/kentis.com\/fr\/boutique\/monstera-thai-constellation\/#primaryimage"},"image":{"@id":"https:\/\/kentis.com\/fr\/boutique\/monstera-thai-constellation\/#primaryimage"},"thumbnailUrl":"https:\/\/kentis.com\/wp-content\/uploads\/2024\/10\/PTG-Monstera-thay-collection-v17-h60-70cm_828-19-panna-scaled.jpg","datePublished":"2024-10-24T13:31:43+00:00","dateModified":"2024-11-18T16:23:00+00:00","description":"Monstera Thai Constellation est une vari\u00e9t\u00e9 rare de Monstera deliciosa, avec fascinantes panachures blanc cr\u00e8me qui se d\u00e9tachent sur les feuilles vert fonc\u00e9","breadcrumb":{"@id":"https:\/\/kentis.com\/fr\/boutique\/monstera-thai-constellation\/#breadcrumb"},"inLanguage":"fr-FR","potentialAction":[{"@type":"ReadAction","target":["https:\/\/kentis.com\/fr\/boutique\/monstera-thai-constellation\/"]}]},{"@type":"ImageObject","inLanguage":"fr-FR","@id":"https:\/\/kentis.com\/fr\/boutique\/monstera-thai-constellation\/#primaryimage","url":"https:\/\/kentis.com\/wp-content\/uploads\/2024\/10\/PTG-Monstera-thay-collection-v17-h60-70cm_828-19-panna-scaled.jpg","contentUrl":"https:\/\/kentis.com\/wp-content\/uploads\/2024\/10\/PTG-Monstera-thay-collection-v17-h60-70cm_828-19-panna-scaled.jpg","width":2560,"height":2560},{"@type":"BreadcrumbList","@id":"https:\/\/kentis.com\/fr\/boutique\/monstera-thai-constellation\/#breadcrumb","itemListElement":[{"@type":"ListItem","position":1,"name":"Home","item":"https:\/\/kentis.com\/fr\/"},{"@type":"ListItem","position":2,"name":"Boutique","item":"https:\/\/kentis.com\/fr\/boutique\/"},{"@type":"ListItem","position":3,"name":"Plantes","item":"https:\/\/kentis.com\/fr\/categorie-produit\/plantes\/"},{"@type":"ListItem","position":4,"name":"Plantes d'int\u00e9rieur","item":"https:\/\/kentis.com\/fr\/categorie-produit\/plantes\/plantes-d-interieur\/"},{"@type":"ListItem","position":5,"name":"Monstera Thai Constellation"}]},{"@type":"WebSite","@id":"https:\/\/kentis.com\/fr\/#website","url":"https:\/\/kentis.com\/fr\/","name":"Kentis","description":"Atelier del verde","publisher":{"@id":"https:\/\/kentis.com\/fr\/#organization"},"potentialAction":[{"@type":"SearchAction","target":{"@type":"EntryPoint","urlTemplate":"https:\/\/kentis.com\/fr\/?s={search_term_string}"},"query-input":{"@type":"PropertyValueSpecification","valueRequired":true,"valueName":"search_term_string"}}],"inLanguage":"fr-FR"},{"@type":"Organization","@id":"https:\/\/kentis.com\/fr\/#organization","name":"Kentis","url":"https:\/\/kentis.com\/fr\/","logo":{"@type":"ImageObject","inLanguage":"fr-FR","@id":"https:\/\/kentis.com\/fr\/#\/schema\/logo\/image\/","url":"https:\/\/kentis.com\/wp-content\/uploads\/2021\/08\/logo-main.png","contentUrl":"https:\/\/kentis.com\/wp-content\/uploads\/2021\/08\/logo-main.png","width":800,"height":204,"caption":"Kentis"},"image":{"@id":"https:\/\/kentis.com\/fr\/#\/schema\/logo\/image\/"},"sameAs":["https:\/\/www.facebook.com\/kentisgarden","https:\/\/www.instagram.com\/kentisgarden\/","https:\/\/it.pinterest.com\/kentisgarden","https:\/\/www.tiktok.com\/@kentis.com"]}]}},"_links":{"self":[{"href":"https:\/\/kentis.com\/fr\/wp-json\/wp\/v2\/product\/30166","targetHints":{"allow":["GET"]}}],"collection":[{"href":"https:\/\/kentis.com\/fr\/wp-json\/wp\/v2\/product"}],"about":[{"href":"https:\/\/kentis.com\/fr\/wp-json\/wp\/v2\/types\/product"}],"wp:featuredmedia":[{"embeddable":true,"href":"https:\/\/kentis.com\/fr\/wp-json\/wp\/v2\/media\/29915"}],"wp:attachment":[{"href":"https:\/\/kentis.com\/fr\/wp-json\/wp\/v2\/media?parent=30166"}],"wp:term":[{"taxonomy":"product_cat","embeddable":true,"href":"https:\/\/kentis.com\/fr\/wp-json\/wp\/v2\/product_cat?post=30166"},{"taxonomy":"product_tag","embeddable":true,"href":"https:\/\/kentis.com\/fr\/wp-json\/wp\/v2\/product_tag?post=30166"}],"curies":[{"name":"wp","href":"https:\/\/api.w.org\/{rel}","templated":true}]}}