{"id":30143,"date":"2024-11-14T16:40:56","date_gmt":"2024-11-14T15:40:56","guid":{"rendered":"https:\/\/kentis.com\/negozio\/bonsai-quercus-pubescens\/"},"modified":"2025-01-30T09:26:34","modified_gmt":"2025-01-30T08:26:34","slug":"bonsai-chene-pubescent-quercus-pubescens-v21","status":"publish","type":"product","link":"https:\/\/kentis.com\/fr\/boutique\/bonsai-chene-pubescent-quercus-pubescens-v21\/","title":{"rendered":"Bonsa\u00ef Ch\u00eane Pubescent &#8211; Quercus Pubescens V21"},"content":{"rendered":"<div class=\"fusion-fullwidth fullwidth-box fusion-builder-row-1 fusion-flex-container has-pattern-background has-mask-background nonhundred-percent-fullwidth non-hundred-percent-height-scrolling\" style=\"--awb-border-radius-top-left:0px;--awb-border-radius-top-right:0px;--awb-border-radius-bottom-right:0px;--awb-border-radius-bottom-left:0px;--awb-padding-top:0px;--awb-padding-right:0px;--awb-padding-bottom:0px;--awb-padding-left:0px;--awb-flex-wrap:wrap;\" ><div class=\"fusion-builder-row fusion-row fusion-flex-align-items-flex-start fusion-flex-content-wrap\" style=\"max-width:1248px;margin-left: calc(-4% \/ 2 );margin-right: calc(-4% \/ 2 );\"><div class=\"fusion-layout-column fusion_builder_column fusion-builder-column-0 fusion_builder_column_1_1 1_1 fusion-flex-column\" style=\"--awb-bg-size:cover;--awb-width-large:100%;--awb-margin-top-large:0px;--awb-spacing-right-large:1.92%;--awb-margin-bottom-large:0px;--awb-spacing-left-large:1.92%;--awb-width-medium:100%;--awb-spacing-right-medium:1.92%;--awb-spacing-left-medium:1.92%;--awb-width-small:100%;--awb-spacing-right-small:1.92%;--awb-spacing-left-small:1.92%;\"><div class=\"fusion-column-wrapper fusion-flex-justify-content-flex-start fusion-content-layout-column\"><div class=\"fusion-text fusion-text-1\"><p>Le bonsa\u00ef de ch\u00eane pubescent, dont le nom scientifique est Quercus pubescens, est la vari\u00e9t\u00e9 de ch\u00eane la plus r\u00e9pandue en Italie. Cette plante est \u00e0 feuilles caduques, ce qui signifie qu\u2019\u00e0 l\u2019automne, elle commence \u00e0 perdre ses feuilles, devenant nue, puis les repousse au printemps. Les feuilles vertes fonc\u00e9es sont caract\u00e9ris\u00e9es par des lobes profonds et bien visibles, l\u2019une des caract\u00e9ristiques les plus distinctives de cette esp\u00e8ce.<\/p>\n<p>Hauteur \u00e0 partir de la base du pot : 25\/35 cm.<\/p>\n<p>Le pot en c\u00e9ramique est fourni avec la plante.<\/p>\n<\/div><\/div><\/div><\/div><\/div>\n","protected":false},"excerpt":{"rendered":"","protected":false},"featured_media":26342,"template":"","meta":{"_acf_changed":false},"product_cat":[586,522],"product_tag":[],"class_list":{"0":"post-30143","1":"product","2":"type-product","3":"status-publish","4":"has-post-thumbnail","6":"product_cat-bonsai-et-extras","7":"product_cat-plantes-d-exterieur","8":"product_shipping_class-franchi-fr","10":"first","11":"instock","12":"taxable","13":"shipping-taxable","14":"purchasable","15":"product-type-variable","16":"has-default-attributes"},"acf":[],"yoast_head":"<!-- This site is optimized with the Yoast SEO plugin v23.4 - https:\/\/yoast.com\/wordpress\/plugins\/seo\/ -->\n<title>Bonsa\u00ef Ch\u00eane Pubescent d&#039;Ext\u00e9rieur - Quercus Pubescens - Kentis<\/title>\n<meta name=\"description\" content=\"Le bonsa\u00ef de ch\u00eane pubescent (quercus pubescens) est tr\u00e8s appr\u00e9ci\u00e9 pour son tronc robuste et ses feuilles caract\u00e9ristiques.\" \/>\n<meta name=\"robots\" content=\"index, follow, max-snippet:-1, max-image-preview:large, max-video-preview:-1\" \/>\n<link rel=\"canonical\" href=\"https:\/\/kentis.com\/fr\/boutique\/bonsai-chene-pubescent-quercus-pubescens-v21\/\" \/>\n<meta property=\"og:locale\" content=\"fr_FR\" \/>\n<meta property=\"og:type\" content=\"article\" \/>\n<meta property=\"og:title\" content=\"Bonsa\u00ef Ch\u00eane Pubescent d&#039;Ext\u00e9rieur - Quercus Pubescens - Kentis\" \/>\n<meta property=\"og:description\" content=\"Le bonsa\u00ef de ch\u00eane pubescent (quercus pubescens) est tr\u00e8s appr\u00e9ci\u00e9 pour son tronc robuste et ses feuilles caract\u00e9ristiques.\" \/>\n<meta property=\"og:url\" content=\"https:\/\/kentis.com\/fr\/boutique\/bonsai-chene-pubescent-quercus-pubescens-v21\/\" \/>\n<meta property=\"og:site_name\" content=\"Kentis\" \/>\n<meta property=\"article:publisher\" content=\"https:\/\/www.facebook.com\/kentisgarden\" \/>\n<meta property=\"article:modified_time\" content=\"2025-01-30T08:26:34+00:00\" \/>\n<meta property=\"og:image\" content=\"https:\/\/kentis.com\/wp-content\/uploads\/2024\/02\/IMG_5119-1024x1024.jpg\" \/>\n\t<meta property=\"og:image:width\" content=\"1024\" \/>\n\t<meta property=\"og:image:height\" content=\"1024\" \/>\n\t<meta property=\"og:image:type\" content=\"image\/jpeg\" \/>\n<meta name=\"twitter:card\" content=\"summary_large_image\" \/>\n<meta name=\"twitter:label1\" content=\"Dur\u00e9e de lecture estim\u00e9e\" \/>\n\t<meta name=\"twitter:data1\" content=\"1 minute\" \/>\n<script type=\"application\/ld+json\" class=\"yoast-schema-graph\">{\"@context\":\"https:\/\/schema.org\",\"@graph\":[{\"@type\":\"WebPage\",\"@id\":\"https:\/\/kentis.com\/fr\/boutique\/bonsai-chene-pubescent-quercus-pubescens-v21\/\",\"url\":\"https:\/\/kentis.com\/fr\/boutique\/bonsai-chene-pubescent-quercus-pubescens-v21\/\",\"name\":\"Bonsa\u00ef Ch\u00eane Pubescent d'Ext\u00e9rieur - Quercus Pubescens - Kentis\",\"isPartOf\":{\"@id\":\"https:\/\/kentis.com\/fr\/#website\"},\"primaryImageOfPage\":{\"@id\":\"https:\/\/kentis.com\/fr\/boutique\/bonsai-chene-pubescent-quercus-pubescens-v21\/#primaryimage\"},\"image\":{\"@id\":\"https:\/\/kentis.com\/fr\/boutique\/bonsai-chene-pubescent-quercus-pubescens-v21\/#primaryimage\"},\"thumbnailUrl\":\"https:\/\/kentis.com\/wp-content\/uploads\/2024\/02\/IMG_5119-scaled.jpg\",\"datePublished\":\"2024-11-14T15:40:56+00:00\",\"dateModified\":\"2025-01-30T08:26:34+00:00\",\"description\":\"Le bonsa\u00ef de ch\u00eane pubescent (quercus pubescens) est tr\u00e8s appr\u00e9ci\u00e9 pour son tronc robuste et ses feuilles caract\u00e9ristiques.\",\"breadcrumb\":{\"@id\":\"https:\/\/kentis.com\/fr\/boutique\/bonsai-chene-pubescent-quercus-pubescens-v21\/#breadcrumb\"},\"inLanguage\":\"fr-FR\",\"potentialAction\":[{\"@type\":\"ReadAction\",\"target\":[\"https:\/\/kentis.com\/fr\/boutique\/bonsai-chene-pubescent-quercus-pubescens-v21\/\"]}]},{\"@type\":\"ImageObject\",\"inLanguage\":\"fr-FR\",\"@id\":\"https:\/\/kentis.com\/fr\/boutique\/bonsai-chene-pubescent-quercus-pubescens-v21\/#primaryimage\",\"url\":\"https:\/\/kentis.com\/wp-content\/uploads\/2024\/02\/IMG_5119-scaled.jpg\",\"contentUrl\":\"https:\/\/kentis.com\/wp-content\/uploads\/2024\/02\/IMG_5119-scaled.jpg\",\"width\":2560,\"height\":2560},{\"@type\":\"BreadcrumbList\",\"@id\":\"https:\/\/kentis.com\/fr\/boutique\/bonsai-chene-pubescent-quercus-pubescens-v21\/#breadcrumb\",\"itemListElement\":[{\"@type\":\"ListItem\",\"position\":1,\"name\":\"Home\",\"item\":\"https:\/\/kentis.com\/fr\/\"},{\"@type\":\"ListItem\",\"position\":2,\"name\":\"Boutique\",\"item\":\"https:\/\/kentis.com\/fr\/boutique\/\"},{\"@type\":\"ListItem\",\"position\":3,\"name\":\"Bonsa\u00ef et extras\",\"item\":\"https:\/\/kentis.com\/fr\/categorie-produit\/bonsai-et-extras\/\"},{\"@type\":\"ListItem\",\"position\":4,\"name\":\"Bonsa\u00ef Ch\u00eane Pubescent &#8211; Quercus Pubescens V21\"}]},{\"@type\":\"WebSite\",\"@id\":\"https:\/\/kentis.com\/fr\/#website\",\"url\":\"https:\/\/kentis.com\/fr\/\",\"name\":\"Kentis\",\"description\":\"Atelier del verde\",\"publisher\":{\"@id\":\"https:\/\/kentis.com\/fr\/#organization\"},\"potentialAction\":[{\"@type\":\"SearchAction\",\"target\":{\"@type\":\"EntryPoint\",\"urlTemplate\":\"https:\/\/kentis.com\/fr\/?s={search_term_string}\"},\"query-input\":{\"@type\":\"PropertyValueSpecification\",\"valueRequired\":true,\"valueName\":\"search_term_string\"}}],\"inLanguage\":\"fr-FR\"},{\"@type\":\"Organization\",\"@id\":\"https:\/\/kentis.com\/fr\/#organization\",\"name\":\"Kentis\",\"url\":\"https:\/\/kentis.com\/fr\/\",\"logo\":{\"@type\":\"ImageObject\",\"inLanguage\":\"fr-FR\",\"@id\":\"https:\/\/kentis.com\/fr\/#\/schema\/logo\/image\/\",\"url\":\"https:\/\/kentis.com\/wp-content\/uploads\/2021\/08\/logo-main.png\",\"contentUrl\":\"https:\/\/kentis.com\/wp-content\/uploads\/2021\/08\/logo-main.png\",\"width\":800,\"height\":204,\"caption\":\"Kentis\"},\"image\":{\"@id\":\"https:\/\/kentis.com\/fr\/#\/schema\/logo\/image\/\"},\"sameAs\":[\"https:\/\/www.facebook.com\/kentisgarden\",\"https:\/\/www.instagram.com\/kentisgarden\/\",\"https:\/\/it.pinterest.com\/kentisgarden\",\"https:\/\/www.tiktok.com\/@kentis.com\"]}]}<\/script>\n<!-- \/ Yoast SEO plugin. -->","yoast_head_json":{"title":"Bonsa\u00ef Ch\u00eane Pubescent d'Ext\u00e9rieur - Quercus Pubescens - Kentis","description":"Le bonsa\u00ef de ch\u00eane pubescent (quercus pubescens) est tr\u00e8s appr\u00e9ci\u00e9 pour son tronc robuste et ses feuilles caract\u00e9ristiques.","robots":{"index":"index","follow":"follow","max-snippet":"max-snippet:-1","max-image-preview":"max-image-preview:large","max-video-preview":"max-video-preview:-1"},"canonical":"https:\/\/kentis.com\/fr\/boutique\/bonsai-chene-pubescent-quercus-pubescens-v21\/","og_locale":"fr_FR","og_type":"article","og_title":"Bonsa\u00ef Ch\u00eane Pubescent d'Ext\u00e9rieur - Quercus Pubescens - Kentis","og_description":"Le bonsa\u00ef de ch\u00eane pubescent (quercus pubescens) est tr\u00e8s appr\u00e9ci\u00e9 pour son tronc robuste et ses feuilles caract\u00e9ristiques.","og_url":"https:\/\/kentis.com\/fr\/boutique\/bonsai-chene-pubescent-quercus-pubescens-v21\/","og_site_name":"Kentis","article_publisher":"https:\/\/www.facebook.com\/kentisgarden","article_modified_time":"2025-01-30T08:26:34+00:00","og_image":[{"width":1024,"height":1024,"url":"https:\/\/kentis.com\/wp-content\/uploads\/2024\/02\/IMG_5119-1024x1024.jpg","type":"image\/jpeg"}],"twitter_card":"summary_large_image","twitter_misc":{"Dur\u00e9e de lecture estim\u00e9e":"1 minute"},"schema":{"@context":"https:\/\/schema.org","@graph":[{"@type":"WebPage","@id":"https:\/\/kentis.com\/fr\/boutique\/bonsai-chene-pubescent-quercus-pubescens-v21\/","url":"https:\/\/kentis.com\/fr\/boutique\/bonsai-chene-pubescent-quercus-pubescens-v21\/","name":"Bonsa\u00ef Ch\u00eane Pubescent d'Ext\u00e9rieur - Quercus Pubescens - Kentis","isPartOf":{"@id":"https:\/\/kentis.com\/fr\/#website"},"primaryImageOfPage":{"@id":"https:\/\/kentis.com\/fr\/boutique\/bonsai-chene-pubescent-quercus-pubescens-v21\/#primaryimage"},"image":{"@id":"https:\/\/kentis.com\/fr\/boutique\/bonsai-chene-pubescent-quercus-pubescens-v21\/#primaryimage"},"thumbnailUrl":"https:\/\/kentis.com\/wp-content\/uploads\/2024\/02\/IMG_5119-scaled.jpg","datePublished":"2024-11-14T15:40:56+00:00","dateModified":"2025-01-30T08:26:34+00:00","description":"Le bonsa\u00ef de ch\u00eane pubescent (quercus pubescens) est tr\u00e8s appr\u00e9ci\u00e9 pour son tronc robuste et ses feuilles caract\u00e9ristiques.","breadcrumb":{"@id":"https:\/\/kentis.com\/fr\/boutique\/bonsai-chene-pubescent-quercus-pubescens-v21\/#breadcrumb"},"inLanguage":"fr-FR","potentialAction":[{"@type":"ReadAction","target":["https:\/\/kentis.com\/fr\/boutique\/bonsai-chene-pubescent-quercus-pubescens-v21\/"]}]},{"@type":"ImageObject","inLanguage":"fr-FR","@id":"https:\/\/kentis.com\/fr\/boutique\/bonsai-chene-pubescent-quercus-pubescens-v21\/#primaryimage","url":"https:\/\/kentis.com\/wp-content\/uploads\/2024\/02\/IMG_5119-scaled.jpg","contentUrl":"https:\/\/kentis.com\/wp-content\/uploads\/2024\/02\/IMG_5119-scaled.jpg","width":2560,"height":2560},{"@type":"BreadcrumbList","@id":"https:\/\/kentis.com\/fr\/boutique\/bonsai-chene-pubescent-quercus-pubescens-v21\/#breadcrumb","itemListElement":[{"@type":"ListItem","position":1,"name":"Home","item":"https:\/\/kentis.com\/fr\/"},{"@type":"ListItem","position":2,"name":"Boutique","item":"https:\/\/kentis.com\/fr\/boutique\/"},{"@type":"ListItem","position":3,"name":"Bonsa\u00ef et extras","item":"https:\/\/kentis.com\/fr\/categorie-produit\/bonsai-et-extras\/"},{"@type":"ListItem","position":4,"name":"Bonsa\u00ef Ch\u00eane Pubescent &#8211; Quercus Pubescens V21"}]},{"@type":"WebSite","@id":"https:\/\/kentis.com\/fr\/#website","url":"https:\/\/kentis.com\/fr\/","name":"Kentis","description":"Atelier del verde","publisher":{"@id":"https:\/\/kentis.com\/fr\/#organization"},"potentialAction":[{"@type":"SearchAction","target":{"@type":"EntryPoint","urlTemplate":"https:\/\/kentis.com\/fr\/?s={search_term_string}"},"query-input":{"@type":"PropertyValueSpecification","valueRequired":true,"valueName":"search_term_string"}}],"inLanguage":"fr-FR"},{"@type":"Organization","@id":"https:\/\/kentis.com\/fr\/#organization","name":"Kentis","url":"https:\/\/kentis.com\/fr\/","logo":{"@type":"ImageObject","inLanguage":"fr-FR","@id":"https:\/\/kentis.com\/fr\/#\/schema\/logo\/image\/","url":"https:\/\/kentis.com\/wp-content\/uploads\/2021\/08\/logo-main.png","contentUrl":"https:\/\/kentis.com\/wp-content\/uploads\/2021\/08\/logo-main.png","width":800,"height":204,"caption":"Kentis"},"image":{"@id":"https:\/\/kentis.com\/fr\/#\/schema\/logo\/image\/"},"sameAs":["https:\/\/www.facebook.com\/kentisgarden","https:\/\/www.instagram.com\/kentisgarden\/","https:\/\/it.pinterest.com\/kentisgarden","https:\/\/www.tiktok.com\/@kentis.com"]}]}},"_links":{"self":[{"href":"https:\/\/kentis.com\/fr\/wp-json\/wp\/v2\/product\/30143","targetHints":{"allow":["GET"]}}],"collection":[{"href":"https:\/\/kentis.com\/fr\/wp-json\/wp\/v2\/product"}],"about":[{"href":"https:\/\/kentis.com\/fr\/wp-json\/wp\/v2\/types\/product"}],"wp:featuredmedia":[{"embeddable":true,"href":"https:\/\/kentis.com\/fr\/wp-json\/wp\/v2\/media\/26342"}],"wp:attachment":[{"href":"https:\/\/kentis.com\/fr\/wp-json\/wp\/v2\/media?parent=30143"}],"wp:term":[{"taxonomy":"product_cat","embeddable":true,"href":"https:\/\/kentis.com\/fr\/wp-json\/wp\/v2\/product_cat?post=30143"},{"taxonomy":"product_tag","embeddable":true,"href":"https:\/\/kentis.com\/fr\/wp-json\/wp\/v2\/product_tag?post=30143"}],"curies":[{"name":"wp","href":"https:\/\/api.w.org\/{rel}","templated":true}]}}