{"id":25786,"date":"2021-08-04T17:44:16","date_gmt":"2021-08-04T15:44:16","guid":{"rendered":"https:\/\/kentis.com\/negozio\/beaucarnea-nolina-recurvata\/"},"modified":"2024-11-20T12:38:02","modified_gmt":"2024-11-20T11:38:02","slug":"beaucarnea-nolina-recurvata-mangeur-de-fumee","status":"publish","type":"product","link":"https:\/\/kentis.com\/fr\/boutique\/beaucarnea-nolina-recurvata-mangeur-de-fumee\/","title":{"rendered":"Beaucarnea Nolina Recurvata &#8211; Mangeur de Fum\u00e9e"},"content":{"rendered":"<div class=\"fusion-fullwidth fullwidth-box fusion-builder-row-1 fusion-flex-container nonhundred-percent-fullwidth non-hundred-percent-height-scrolling\" style=\"--awb-border-radius-top-left:0px;--awb-border-radius-top-right:0px;--awb-border-radius-bottom-right:0px;--awb-border-radius-bottom-left:0px;--awb-flex-wrap:wrap;\" ><div class=\"fusion-builder-row fusion-row fusion-flex-align-items-flex-start fusion-flex-content-wrap\" style=\"max-width:1248px;margin-left: calc(-4% \/ 2 );margin-right: calc(-4% \/ 2 );\"><div class=\"fusion-layout-column fusion_builder_column fusion-builder-column-0 fusion_builder_column_1_1 1_1 fusion-flex-column\" style=\"--awb-bg-size:cover;--awb-width-large:100%;--awb-margin-top-large:0px;--awb-spacing-right-large:1.92%;--awb-margin-bottom-large:0px;--awb-spacing-left-large:1.92%;--awb-width-medium:100%;--awb-spacing-right-medium:1.92%;--awb-spacing-left-medium:1.92%;--awb-width-small:100%;--awb-spacing-right-small:1.92%;--awb-spacing-left-small:1.92%;\"><div class=\"fusion-column-wrapper fusion-flex-justify-content-flex-start fusion-content-layout-column\"><div class=\"fusion-text fusion-text-1\"><p>La <strong>Beaucarnea Nolina Recurvata<\/strong>, \u00e9galement connue sous le nom de <strong>&#8220;Mangeur de Fum\u00e9e&#8221;<\/strong>, est une plante semi-succulente qui doit son surnom non seulement \u00e0 sa capacit\u00e9 \u00e0 r\u00e9duire l&#8217;odeur de nicotine et \u00e0 purifier l&#8217;air des polluants, mais aussi \u00e0 sa surprenante r\u00e9sistance aux incendies. Sa tige caract\u00e9ristique \u00e9paissie, d&#8217;o\u00f9 son surnom de <strong>&#8220;Pied D&#8217;\u00e9l\u00e9phant&#8221;<\/strong>, sert de r\u00e9servoir d&#8217;eau pour faire face aux p\u00e9riodes de s\u00e9cheresse, ce qui fait de l<strong>a Nolina une plante id\u00e9ale pour ceux qui recherchent une plante n\u00e9cessitant tr\u00e8s peu de soins<\/strong>. Elle est \u00e9galement consid\u00e9r\u00e9e comme une <strong>plante adapt\u00e9e aux animaux de compagnie.<\/strong><\/p>\n<p>La hauteur de la plante est mesur\u00e9e \u00e0 partir de la base du pot.<\/p>\n<\/div><\/div><\/div><\/div><\/div>\n","protected":false},"excerpt":{"rendered":"","protected":false},"featured_media":13010,"template":"","meta":{"_acf_changed":false},"product_cat":[684,482,483],"product_tag":[826],"class_list":{"0":"post-25786","1":"product","2":"type-product","3":"status-publish","4":"has-post-thumbnail","6":"product_cat-animaux-acceptes","7":"product_cat-plantes-qui-necessitent-peu-de-soins","8":"product_cat-purifie-air","9":"product_tag-meilleures-ventes","10":"product_shipping_class-flora-fr","11":"pa_ambienti-chambre-a-coucher","12":"pa_ambienti-cuisine","14":"first","15":"instock","16":"taxable","17":"shipping-taxable","18":"purchasable","19":"product-type-variable","20":"has-default-attributes"},"acf":[],"yoast_head":"<!-- This site is optimized with the Yoast SEO plugin v23.4 - https:\/\/yoast.com\/wordpress\/plugins\/seo\/ -->\n<title>Beaucarnea Nolina Recurvata - Mangeurs de fum\u00e9e | Kentis<\/title>\n<meta name=\"description\" content=\"La Beaucarnea Nolina Recurvata, \u00e9galement connue sous le nom de mangeur de fum\u00e9e, est l&#039;une des plantes qui purifient l&#039;air et n\u00e9cessitent peu de soins.\" \/>\n<meta name=\"robots\" content=\"index, follow, max-snippet:-1, max-image-preview:large, max-video-preview:-1\" \/>\n<link rel=\"canonical\" href=\"https:\/\/kentis.com\/fr\/boutique\/beaucarnea-nolina-recurvata-mangeur-de-fumee\/\" \/>\n<meta property=\"og:locale\" content=\"fr_FR\" \/>\n<meta property=\"og:type\" content=\"article\" \/>\n<meta property=\"og:title\" content=\"Beaucarnea Nolina Recurvata - Mangeurs de fum\u00e9e | Kentis\" \/>\n<meta property=\"og:description\" content=\"La Beaucarnea Nolina Recurvata, \u00e9galement connue sous le nom de mangeur de fum\u00e9e, est l&#039;une des plantes qui purifient l&#039;air et n\u00e9cessitent peu de soins.\" \/>\n<meta property=\"og:url\" content=\"https:\/\/kentis.com\/fr\/boutique\/beaucarnea-nolina-recurvata-mangeur-de-fumee\/\" \/>\n<meta property=\"og:site_name\" content=\"Kentis\" \/>\n<meta property=\"article:publisher\" content=\"https:\/\/www.facebook.com\/kentisgarden\" \/>\n<meta property=\"article:modified_time\" content=\"2024-11-20T11:38:02+00:00\" \/>\n<meta property=\"og:image\" content=\"https:\/\/kentis.com\/wp-content\/uploads\/2021\/08\/PTG-NolinaBeucarnea-v14h40-920-16DarkStone-scaled.jpg\" \/>\n\t<meta property=\"og:image:width\" content=\"2560\" \/>\n\t<meta property=\"og:image:height\" content=\"2560\" \/>\n\t<meta property=\"og:image:type\" content=\"image\/jpeg\" \/>\n<meta name=\"twitter:card\" content=\"summary_large_image\" \/>\n<meta name=\"twitter:label1\" content=\"Dur\u00e9e de lecture estim\u00e9e\" \/>\n\t<meta name=\"twitter:data1\" content=\"1 minute\" \/>\n<script type=\"application\/ld+json\" class=\"yoast-schema-graph\">{\"@context\":\"https:\/\/schema.org\",\"@graph\":[{\"@type\":\"WebPage\",\"@id\":\"https:\/\/kentis.com\/fr\/boutique\/beaucarnea-nolina-recurvata-mangeur-de-fumee\/\",\"url\":\"https:\/\/kentis.com\/fr\/boutique\/beaucarnea-nolina-recurvata-mangeur-de-fumee\/\",\"name\":\"Beaucarnea Nolina Recurvata - Mangeurs de fum\u00e9e | Kentis\",\"isPartOf\":{\"@id\":\"https:\/\/kentis.com\/fr\/#website\"},\"primaryImageOfPage\":{\"@id\":\"https:\/\/kentis.com\/fr\/boutique\/beaucarnea-nolina-recurvata-mangeur-de-fumee\/#primaryimage\"},\"image\":{\"@id\":\"https:\/\/kentis.com\/fr\/boutique\/beaucarnea-nolina-recurvata-mangeur-de-fumee\/#primaryimage\"},\"thumbnailUrl\":\"https:\/\/kentis.com\/wp-content\/uploads\/2021\/08\/PTG-NolinaBeucarnea-v14h40-920-16DarkStone-scaled.jpg\",\"datePublished\":\"2021-08-04T15:44:16+00:00\",\"dateModified\":\"2024-11-20T11:38:02+00:00\",\"description\":\"La Beaucarnea Nolina Recurvata, \u00e9galement connue sous le nom de mangeur de fum\u00e9e, est l'une des plantes qui purifient l'air et n\u00e9cessitent peu de soins.\",\"breadcrumb\":{\"@id\":\"https:\/\/kentis.com\/fr\/boutique\/beaucarnea-nolina-recurvata-mangeur-de-fumee\/#breadcrumb\"},\"inLanguage\":\"fr-FR\",\"potentialAction\":[{\"@type\":\"ReadAction\",\"target\":[\"https:\/\/kentis.com\/fr\/boutique\/beaucarnea-nolina-recurvata-mangeur-de-fumee\/\"]}]},{\"@type\":\"ImageObject\",\"inLanguage\":\"fr-FR\",\"@id\":\"https:\/\/kentis.com\/fr\/boutique\/beaucarnea-nolina-recurvata-mangeur-de-fumee\/#primaryimage\",\"url\":\"https:\/\/kentis.com\/wp-content\/uploads\/2021\/08\/PTG-NolinaBeucarnea-v14h40-920-16DarkStone-scaled.jpg\",\"contentUrl\":\"https:\/\/kentis.com\/wp-content\/uploads\/2021\/08\/PTG-NolinaBeucarnea-v14h40-920-16DarkStone-scaled.jpg\",\"width\":2560,\"height\":2560},{\"@type\":\"BreadcrumbList\",\"@id\":\"https:\/\/kentis.com\/fr\/boutique\/beaucarnea-nolina-recurvata-mangeur-de-fumee\/#breadcrumb\",\"itemListElement\":[{\"@type\":\"ListItem\",\"position\":1,\"name\":\"Home\",\"item\":\"https:\/\/kentis.com\/fr\/\"},{\"@type\":\"ListItem\",\"position\":2,\"name\":\"Boutique\",\"item\":\"https:\/\/kentis.com\/fr\/boutique\/\"},{\"@type\":\"ListItem\",\"position\":3,\"name\":\"Plantes\",\"item\":\"https:\/\/kentis.com\/fr\/categorie-produit\/plantes\/\"},{\"@type\":\"ListItem\",\"position\":4,\"name\":\"Plantes d'int\u00e9rieur\",\"item\":\"https:\/\/kentis.com\/fr\/categorie-produit\/plantes\/plantes-d-interieur\/\"},{\"@type\":\"ListItem\",\"position\":5,\"name\":\"Animaux accept\u00e9s\",\"item\":\"https:\/\/kentis.com\/fr\/categorie-produit\/plantes\/plantes-d-interieur\/animaux-acceptes\/\"},{\"@type\":\"ListItem\",\"position\":6,\"name\":\"Beaucarnea Nolina Recurvata &#8211; Mangeur de Fum\u00e9e\"}]},{\"@type\":\"WebSite\",\"@id\":\"https:\/\/kentis.com\/fr\/#website\",\"url\":\"https:\/\/kentis.com\/fr\/\",\"name\":\"Kentis\",\"description\":\"Atelier del verde\",\"publisher\":{\"@id\":\"https:\/\/kentis.com\/fr\/#organization\"},\"potentialAction\":[{\"@type\":\"SearchAction\",\"target\":{\"@type\":\"EntryPoint\",\"urlTemplate\":\"https:\/\/kentis.com\/fr\/?s={search_term_string}\"},\"query-input\":{\"@type\":\"PropertyValueSpecification\",\"valueRequired\":true,\"valueName\":\"search_term_string\"}}],\"inLanguage\":\"fr-FR\"},{\"@type\":\"Organization\",\"@id\":\"https:\/\/kentis.com\/fr\/#organization\",\"name\":\"Kentis\",\"url\":\"https:\/\/kentis.com\/fr\/\",\"logo\":{\"@type\":\"ImageObject\",\"inLanguage\":\"fr-FR\",\"@id\":\"https:\/\/kentis.com\/fr\/#\/schema\/logo\/image\/\",\"url\":\"https:\/\/kentis.com\/wp-content\/uploads\/2021\/08\/logo-main.png\",\"contentUrl\":\"https:\/\/kentis.com\/wp-content\/uploads\/2021\/08\/logo-main.png\",\"width\":800,\"height\":204,\"caption\":\"Kentis\"},\"image\":{\"@id\":\"https:\/\/kentis.com\/fr\/#\/schema\/logo\/image\/\"},\"sameAs\":[\"https:\/\/www.facebook.com\/kentisgarden\",\"https:\/\/www.instagram.com\/kentisgarden\/\",\"https:\/\/it.pinterest.com\/kentisgarden\",\"https:\/\/www.tiktok.com\/@kentis.com\"]}]}<\/script>\n<!-- \/ Yoast SEO plugin. -->","yoast_head_json":{"title":"Beaucarnea Nolina Recurvata - Mangeurs de fum\u00e9e | Kentis","description":"La Beaucarnea Nolina Recurvata, \u00e9galement connue sous le nom de mangeur de fum\u00e9e, est l'une des plantes qui purifient l'air et n\u00e9cessitent peu de soins.","robots":{"index":"index","follow":"follow","max-snippet":"max-snippet:-1","max-image-preview":"max-image-preview:large","max-video-preview":"max-video-preview:-1"},"canonical":"https:\/\/kentis.com\/fr\/boutique\/beaucarnea-nolina-recurvata-mangeur-de-fumee\/","og_locale":"fr_FR","og_type":"article","og_title":"Beaucarnea Nolina Recurvata - Mangeurs de fum\u00e9e | Kentis","og_description":"La Beaucarnea Nolina Recurvata, \u00e9galement connue sous le nom de mangeur de fum\u00e9e, est l'une des plantes qui purifient l'air et n\u00e9cessitent peu de soins.","og_url":"https:\/\/kentis.com\/fr\/boutique\/beaucarnea-nolina-recurvata-mangeur-de-fumee\/","og_site_name":"Kentis","article_publisher":"https:\/\/www.facebook.com\/kentisgarden","article_modified_time":"2024-11-20T11:38:02+00:00","og_image":[{"width":2560,"height":2560,"url":"https:\/\/kentis.com\/wp-content\/uploads\/2021\/08\/PTG-NolinaBeucarnea-v14h40-920-16DarkStone-scaled.jpg","type":"image\/jpeg"}],"twitter_card":"summary_large_image","twitter_misc":{"Dur\u00e9e de lecture estim\u00e9e":"1 minute"},"schema":{"@context":"https:\/\/schema.org","@graph":[{"@type":"WebPage","@id":"https:\/\/kentis.com\/fr\/boutique\/beaucarnea-nolina-recurvata-mangeur-de-fumee\/","url":"https:\/\/kentis.com\/fr\/boutique\/beaucarnea-nolina-recurvata-mangeur-de-fumee\/","name":"Beaucarnea Nolina Recurvata - Mangeurs de fum\u00e9e | Kentis","isPartOf":{"@id":"https:\/\/kentis.com\/fr\/#website"},"primaryImageOfPage":{"@id":"https:\/\/kentis.com\/fr\/boutique\/beaucarnea-nolina-recurvata-mangeur-de-fumee\/#primaryimage"},"image":{"@id":"https:\/\/kentis.com\/fr\/boutique\/beaucarnea-nolina-recurvata-mangeur-de-fumee\/#primaryimage"},"thumbnailUrl":"https:\/\/kentis.com\/wp-content\/uploads\/2021\/08\/PTG-NolinaBeucarnea-v14h40-920-16DarkStone-scaled.jpg","datePublished":"2021-08-04T15:44:16+00:00","dateModified":"2024-11-20T11:38:02+00:00","description":"La Beaucarnea Nolina Recurvata, \u00e9galement connue sous le nom de mangeur de fum\u00e9e, est l'une des plantes qui purifient l'air et n\u00e9cessitent peu de soins.","breadcrumb":{"@id":"https:\/\/kentis.com\/fr\/boutique\/beaucarnea-nolina-recurvata-mangeur-de-fumee\/#breadcrumb"},"inLanguage":"fr-FR","potentialAction":[{"@type":"ReadAction","target":["https:\/\/kentis.com\/fr\/boutique\/beaucarnea-nolina-recurvata-mangeur-de-fumee\/"]}]},{"@type":"ImageObject","inLanguage":"fr-FR","@id":"https:\/\/kentis.com\/fr\/boutique\/beaucarnea-nolina-recurvata-mangeur-de-fumee\/#primaryimage","url":"https:\/\/kentis.com\/wp-content\/uploads\/2021\/08\/PTG-NolinaBeucarnea-v14h40-920-16DarkStone-scaled.jpg","contentUrl":"https:\/\/kentis.com\/wp-content\/uploads\/2021\/08\/PTG-NolinaBeucarnea-v14h40-920-16DarkStone-scaled.jpg","width":2560,"height":2560},{"@type":"BreadcrumbList","@id":"https:\/\/kentis.com\/fr\/boutique\/beaucarnea-nolina-recurvata-mangeur-de-fumee\/#breadcrumb","itemListElement":[{"@type":"ListItem","position":1,"name":"Home","item":"https:\/\/kentis.com\/fr\/"},{"@type":"ListItem","position":2,"name":"Boutique","item":"https:\/\/kentis.com\/fr\/boutique\/"},{"@type":"ListItem","position":3,"name":"Plantes","item":"https:\/\/kentis.com\/fr\/categorie-produit\/plantes\/"},{"@type":"ListItem","position":4,"name":"Plantes d'int\u00e9rieur","item":"https:\/\/kentis.com\/fr\/categorie-produit\/plantes\/plantes-d-interieur\/"},{"@type":"ListItem","position":5,"name":"Animaux accept\u00e9s","item":"https:\/\/kentis.com\/fr\/categorie-produit\/plantes\/plantes-d-interieur\/animaux-acceptes\/"},{"@type":"ListItem","position":6,"name":"Beaucarnea Nolina Recurvata &#8211; Mangeur de Fum\u00e9e"}]},{"@type":"WebSite","@id":"https:\/\/kentis.com\/fr\/#website","url":"https:\/\/kentis.com\/fr\/","name":"Kentis","description":"Atelier del verde","publisher":{"@id":"https:\/\/kentis.com\/fr\/#organization"},"potentialAction":[{"@type":"SearchAction","target":{"@type":"EntryPoint","urlTemplate":"https:\/\/kentis.com\/fr\/?s={search_term_string}"},"query-input":{"@type":"PropertyValueSpecification","valueRequired":true,"valueName":"search_term_string"}}],"inLanguage":"fr-FR"},{"@type":"Organization","@id":"https:\/\/kentis.com\/fr\/#organization","name":"Kentis","url":"https:\/\/kentis.com\/fr\/","logo":{"@type":"ImageObject","inLanguage":"fr-FR","@id":"https:\/\/kentis.com\/fr\/#\/schema\/logo\/image\/","url":"https:\/\/kentis.com\/wp-content\/uploads\/2021\/08\/logo-main.png","contentUrl":"https:\/\/kentis.com\/wp-content\/uploads\/2021\/08\/logo-main.png","width":800,"height":204,"caption":"Kentis"},"image":{"@id":"https:\/\/kentis.com\/fr\/#\/schema\/logo\/image\/"},"sameAs":["https:\/\/www.facebook.com\/kentisgarden","https:\/\/www.instagram.com\/kentisgarden\/","https:\/\/it.pinterest.com\/kentisgarden","https:\/\/www.tiktok.com\/@kentis.com"]}]}},"_links":{"self":[{"href":"https:\/\/kentis.com\/fr\/wp-json\/wp\/v2\/product\/25786","targetHints":{"allow":["GET"]}}],"collection":[{"href":"https:\/\/kentis.com\/fr\/wp-json\/wp\/v2\/product"}],"about":[{"href":"https:\/\/kentis.com\/fr\/wp-json\/wp\/v2\/types\/product"}],"wp:featuredmedia":[{"embeddable":true,"href":"https:\/\/kentis.com\/fr\/wp-json\/wp\/v2\/media\/13010"}],"wp:attachment":[{"href":"https:\/\/kentis.com\/fr\/wp-json\/wp\/v2\/media?parent=25786"}],"wp:term":[{"taxonomy":"product_cat","embeddable":true,"href":"https:\/\/kentis.com\/fr\/wp-json\/wp\/v2\/product_cat?post=25786"},{"taxonomy":"product_tag","embeddable":true,"href":"https:\/\/kentis.com\/fr\/wp-json\/wp\/v2\/product_tag?post=25786"}],"curies":[{"name":"wp","href":"https:\/\/api.w.org\/{rel}","templated":true}]}}