{"id":25770,"date":"2021-08-05T11:36:20","date_gmt":"2021-08-05T09:36:20","guid":{"rendered":"https:\/\/kentis.com\/negozio\/rhipsalis-baccifera-oasis\/"},"modified":"2024-11-20T12:51:05","modified_gmt":"2024-11-20T11:51:05","slug":"rhipsalis-baccifera-oasis","status":"publish","type":"product","link":"https:\/\/kentis.com\/fr\/boutique\/rhipsalis-baccifera-oasis\/","title":{"rendered":"Rhipsalis Baccifera Oasis"},"content":{"rendered":"<div class=\"fusion-fullwidth fullwidth-box fusion-builder-row-1 fusion-flex-container nonhundred-percent-fullwidth non-hundred-percent-height-scrolling\" style=\"--awb-border-radius-top-left:0px;--awb-border-radius-top-right:0px;--awb-border-radius-bottom-right:0px;--awb-border-radius-bottom-left:0px;--awb-flex-wrap:wrap;\" ><div class=\"fusion-builder-row fusion-row fusion-flex-align-items-flex-start fusion-flex-content-wrap\" style=\"max-width:1248px;margin-left: calc(-4% \/ 2 );margin-right: calc(-4% \/ 2 );\"><div class=\"fusion-layout-column fusion_builder_column fusion-builder-column-0 fusion_builder_column_1_1 1_1 fusion-flex-column\" style=\"--awb-bg-size:cover;--awb-width-large:100%;--awb-margin-top-large:0px;--awb-spacing-right-large:1.92%;--awb-margin-bottom-large:0px;--awb-spacing-left-large:1.92%;--awb-width-medium:100%;--awb-spacing-right-medium:1.92%;--awb-spacing-left-medium:1.92%;--awb-width-small:100%;--awb-spacing-right-small:1.92%;--awb-spacing-left-small:1.92%;\"><div class=\"fusion-column-wrapper fusion-flex-justify-content-flex-start fusion-content-layout-column\"><div class=\"fusion-text fusion-text-1\"><p><b><strong>Rhipsalis Baccifera Oasis<\/strong><\/b> est une plante originaire d&#8217;Am\u00e9rique centrale et d&#8217;Am\u00e9rique du Sud qui appartient \u00e0 la famille des Cactac\u00e9es. Elle se distingue des cactus classiques par ses feuilles compos\u00e9es de fines tiges tombantes qui lui donnent un <b><strong>aspect buissonnant et retombant<\/strong><\/b>. Dans la nature, cette plante particuli\u00e8re pousse en s&#8217;appuyant sur les arbres, les utilisant uniquement comme support sans les endommager d&#8217;aucune mani\u00e8re, et c&#8217;est pourquoi elle se pr\u00eate tr\u00e8s bien \u00e0 \u00eatre cultiv\u00e9e dans des pots suspendus ou plac\u00e9s sur des \u00e9tag\u00e8res et des meubles hauts, en laissant ses tiges tomber librement. <b><strong>Au printemps et en \u00e9t\u00e9, il fleurit de petites fleurs blanc cr\u00e8me<\/strong><\/b> qui se d\u00e9tachent sur le vert profond de ses branches, cr\u00e9ant un beau contraste. C&#8217;est \u00e9galement une <b><strong>plante<\/strong><\/b> Pet <b><strong>Friendly<\/strong><\/b>, c&#8217;est-\u00e0-dire sans danger pour les animaux domestiques.<\/p>\n<\/div><\/div><\/div><\/div><\/div>\n","protected":false},"excerpt":{"rendered":"","protected":false},"featured_media":13264,"template":"","meta":{"_acf_changed":false},"product_cat":[684,540,482],"product_tag":[],"class_list":{"0":"post-25770","1":"product","2":"type-product","3":"status-publish","4":"has-post-thumbnail","6":"product_cat-animaux-acceptes","7":"product_cat-cactus-plantes-grasses","8":"product_cat-plantes-qui-necessitent-peu-de-soins","9":"product_shipping_class-flora-fr","10":"pa_ambienti-cuisine","11":"pa_ambienti-sejour","13":"first","14":"instock","15":"taxable","16":"shipping-taxable","17":"purchasable","18":"product-type-variable","19":"has-default-attributes"},"acf":[],"yoast_head":"<!-- This site is optimized with the Yoast SEO plugin v23.4 - https:\/\/yoast.com\/wordpress\/plugins\/seo\/ -->\n<title>Rhipsalis Baccifera Oasis - Succulentes d&#039;int\u00e9rieur | Kentis<\/title>\n<meta name=\"description\" content=\"Rhipsalis Baccifera Oasis est une plante succulente suspendue d&#039;int\u00e9rieur tr\u00e8s d\u00e9corative pour tout type d&#039;appartement et tr\u00e8s facile d&#039;entretien.\" \/>\n<meta name=\"robots\" content=\"index, follow, max-snippet:-1, max-image-preview:large, max-video-preview:-1\" \/>\n<link rel=\"canonical\" href=\"https:\/\/kentis.com\/fr\/boutique\/rhipsalis-baccifera-oasis\/\" \/>\n<meta property=\"og:locale\" content=\"fr_FR\" \/>\n<meta property=\"og:type\" content=\"article\" \/>\n<meta property=\"og:title\" content=\"Rhipsalis Baccifera Oasis - Succulentes d&#039;int\u00e9rieur | Kentis\" \/>\n<meta property=\"og:description\" content=\"Rhipsalis Baccifera Oasis est une plante succulente suspendue d&#039;int\u00e9rieur tr\u00e8s d\u00e9corative pour tout type d&#039;appartement et tr\u00e8s facile d&#039;entretien.\" \/>\n<meta property=\"og:url\" content=\"https:\/\/kentis.com\/fr\/boutique\/rhipsalis-baccifera-oasis\/\" \/>\n<meta property=\"og:site_name\" content=\"Kentis\" \/>\n<meta property=\"article:publisher\" content=\"https:\/\/www.facebook.com\/kentisgarden\" \/>\n<meta property=\"article:modified_time\" content=\"2024-11-20T11:51:05+00:00\" \/>\n<meta property=\"og:image\" content=\"https:\/\/kentis.com\/wp-content\/uploads\/2021\/08\/PTG-Rhipsalis-Oasis-v17-h25-845-22Alaska.jpg\" \/>\n\t<meta property=\"og:image:width\" content=\"1000\" \/>\n\t<meta property=\"og:image:height\" content=\"1000\" \/>\n\t<meta property=\"og:image:type\" content=\"image\/jpeg\" \/>\n<meta name=\"twitter:card\" content=\"summary_large_image\" \/>\n<meta name=\"twitter:label1\" content=\"Dur\u00e9e de lecture estim\u00e9e\" \/>\n\t<meta name=\"twitter:data1\" content=\"1 minute\" \/>\n<script type=\"application\/ld+json\" class=\"yoast-schema-graph\">{\"@context\":\"https:\/\/schema.org\",\"@graph\":[{\"@type\":\"WebPage\",\"@id\":\"https:\/\/kentis.com\/fr\/boutique\/rhipsalis-baccifera-oasis\/\",\"url\":\"https:\/\/kentis.com\/fr\/boutique\/rhipsalis-baccifera-oasis\/\",\"name\":\"Rhipsalis Baccifera Oasis - Succulentes d'int\u00e9rieur | Kentis\",\"isPartOf\":{\"@id\":\"https:\/\/kentis.com\/fr\/#website\"},\"primaryImageOfPage\":{\"@id\":\"https:\/\/kentis.com\/fr\/boutique\/rhipsalis-baccifera-oasis\/#primaryimage\"},\"image\":{\"@id\":\"https:\/\/kentis.com\/fr\/boutique\/rhipsalis-baccifera-oasis\/#primaryimage\"},\"thumbnailUrl\":\"https:\/\/kentis.com\/wp-content\/uploads\/2021\/08\/PTG-Rhipsalis-Oasis-v17-h25-845-22Alaska.jpg\",\"datePublished\":\"2021-08-05T09:36:20+00:00\",\"dateModified\":\"2024-11-20T11:51:05+00:00\",\"description\":\"Rhipsalis Baccifera Oasis est une plante succulente suspendue d'int\u00e9rieur tr\u00e8s d\u00e9corative pour tout type d'appartement et tr\u00e8s facile d'entretien.\",\"breadcrumb\":{\"@id\":\"https:\/\/kentis.com\/fr\/boutique\/rhipsalis-baccifera-oasis\/#breadcrumb\"},\"inLanguage\":\"fr-FR\",\"potentialAction\":[{\"@type\":\"ReadAction\",\"target\":[\"https:\/\/kentis.com\/fr\/boutique\/rhipsalis-baccifera-oasis\/\"]}]},{\"@type\":\"ImageObject\",\"inLanguage\":\"fr-FR\",\"@id\":\"https:\/\/kentis.com\/fr\/boutique\/rhipsalis-baccifera-oasis\/#primaryimage\",\"url\":\"https:\/\/kentis.com\/wp-content\/uploads\/2021\/08\/PTG-Rhipsalis-Oasis-v17-h25-845-22Alaska.jpg\",\"contentUrl\":\"https:\/\/kentis.com\/wp-content\/uploads\/2021\/08\/PTG-Rhipsalis-Oasis-v17-h25-845-22Alaska.jpg\",\"width\":1000,\"height\":1000},{\"@type\":\"BreadcrumbList\",\"@id\":\"https:\/\/kentis.com\/fr\/boutique\/rhipsalis-baccifera-oasis\/#breadcrumb\",\"itemListElement\":[{\"@type\":\"ListItem\",\"position\":1,\"name\":\"Home\",\"item\":\"https:\/\/kentis.com\/fr\/\"},{\"@type\":\"ListItem\",\"position\":2,\"name\":\"Boutique\",\"item\":\"https:\/\/kentis.com\/fr\/boutique\/\"},{\"@type\":\"ListItem\",\"position\":3,\"name\":\"Plantes\",\"item\":\"https:\/\/kentis.com\/fr\/categorie-produit\/plantes\/\"},{\"@type\":\"ListItem\",\"position\":4,\"name\":\"Plantes d'int\u00e9rieur\",\"item\":\"https:\/\/kentis.com\/fr\/categorie-produit\/plantes\/plantes-d-interieur\/\"},{\"@type\":\"ListItem\",\"position\":5,\"name\":\"Cactus \/ Plantes grasses\",\"item\":\"https:\/\/kentis.com\/fr\/categorie-produit\/plantes\/plantes-d-interieur\/cactus-plantes-grasses\/\"},{\"@type\":\"ListItem\",\"position\":6,\"name\":\"Rhipsalis Baccifera Oasis\"}]},{\"@type\":\"WebSite\",\"@id\":\"https:\/\/kentis.com\/fr\/#website\",\"url\":\"https:\/\/kentis.com\/fr\/\",\"name\":\"Kentis\",\"description\":\"Atelier del verde\",\"publisher\":{\"@id\":\"https:\/\/kentis.com\/fr\/#organization\"},\"potentialAction\":[{\"@type\":\"SearchAction\",\"target\":{\"@type\":\"EntryPoint\",\"urlTemplate\":\"https:\/\/kentis.com\/fr\/?s={search_term_string}\"},\"query-input\":{\"@type\":\"PropertyValueSpecification\",\"valueRequired\":true,\"valueName\":\"search_term_string\"}}],\"inLanguage\":\"fr-FR\"},{\"@type\":\"Organization\",\"@id\":\"https:\/\/kentis.com\/fr\/#organization\",\"name\":\"Kentis\",\"url\":\"https:\/\/kentis.com\/fr\/\",\"logo\":{\"@type\":\"ImageObject\",\"inLanguage\":\"fr-FR\",\"@id\":\"https:\/\/kentis.com\/fr\/#\/schema\/logo\/image\/\",\"url\":\"https:\/\/kentis.com\/wp-content\/uploads\/2021\/08\/logo-main.png\",\"contentUrl\":\"https:\/\/kentis.com\/wp-content\/uploads\/2021\/08\/logo-main.png\",\"width\":800,\"height\":204,\"caption\":\"Kentis\"},\"image\":{\"@id\":\"https:\/\/kentis.com\/fr\/#\/schema\/logo\/image\/\"},\"sameAs\":[\"https:\/\/www.facebook.com\/kentisgarden\",\"https:\/\/www.instagram.com\/kentisgarden\/\",\"https:\/\/it.pinterest.com\/kentisgarden\",\"https:\/\/www.tiktok.com\/@kentis.com\"]}]}<\/script>\n<!-- \/ Yoast SEO plugin. -->","yoast_head_json":{"title":"Rhipsalis Baccifera Oasis - Succulentes d'int\u00e9rieur | Kentis","description":"Rhipsalis Baccifera Oasis est une plante succulente suspendue d'int\u00e9rieur tr\u00e8s d\u00e9corative pour tout type d'appartement et tr\u00e8s facile d'entretien.","robots":{"index":"index","follow":"follow","max-snippet":"max-snippet:-1","max-image-preview":"max-image-preview:large","max-video-preview":"max-video-preview:-1"},"canonical":"https:\/\/kentis.com\/fr\/boutique\/rhipsalis-baccifera-oasis\/","og_locale":"fr_FR","og_type":"article","og_title":"Rhipsalis Baccifera Oasis - Succulentes d'int\u00e9rieur | Kentis","og_description":"Rhipsalis Baccifera Oasis est une plante succulente suspendue d'int\u00e9rieur tr\u00e8s d\u00e9corative pour tout type d'appartement et tr\u00e8s facile d'entretien.","og_url":"https:\/\/kentis.com\/fr\/boutique\/rhipsalis-baccifera-oasis\/","og_site_name":"Kentis","article_publisher":"https:\/\/www.facebook.com\/kentisgarden","article_modified_time":"2024-11-20T11:51:05+00:00","og_image":[{"width":1000,"height":1000,"url":"https:\/\/kentis.com\/wp-content\/uploads\/2021\/08\/PTG-Rhipsalis-Oasis-v17-h25-845-22Alaska.jpg","type":"image\/jpeg"}],"twitter_card":"summary_large_image","twitter_misc":{"Dur\u00e9e de lecture estim\u00e9e":"1 minute"},"schema":{"@context":"https:\/\/schema.org","@graph":[{"@type":"WebPage","@id":"https:\/\/kentis.com\/fr\/boutique\/rhipsalis-baccifera-oasis\/","url":"https:\/\/kentis.com\/fr\/boutique\/rhipsalis-baccifera-oasis\/","name":"Rhipsalis Baccifera Oasis - Succulentes d'int\u00e9rieur | Kentis","isPartOf":{"@id":"https:\/\/kentis.com\/fr\/#website"},"primaryImageOfPage":{"@id":"https:\/\/kentis.com\/fr\/boutique\/rhipsalis-baccifera-oasis\/#primaryimage"},"image":{"@id":"https:\/\/kentis.com\/fr\/boutique\/rhipsalis-baccifera-oasis\/#primaryimage"},"thumbnailUrl":"https:\/\/kentis.com\/wp-content\/uploads\/2021\/08\/PTG-Rhipsalis-Oasis-v17-h25-845-22Alaska.jpg","datePublished":"2021-08-05T09:36:20+00:00","dateModified":"2024-11-20T11:51:05+00:00","description":"Rhipsalis Baccifera Oasis est une plante succulente suspendue d'int\u00e9rieur tr\u00e8s d\u00e9corative pour tout type d'appartement et tr\u00e8s facile d'entretien.","breadcrumb":{"@id":"https:\/\/kentis.com\/fr\/boutique\/rhipsalis-baccifera-oasis\/#breadcrumb"},"inLanguage":"fr-FR","potentialAction":[{"@type":"ReadAction","target":["https:\/\/kentis.com\/fr\/boutique\/rhipsalis-baccifera-oasis\/"]}]},{"@type":"ImageObject","inLanguage":"fr-FR","@id":"https:\/\/kentis.com\/fr\/boutique\/rhipsalis-baccifera-oasis\/#primaryimage","url":"https:\/\/kentis.com\/wp-content\/uploads\/2021\/08\/PTG-Rhipsalis-Oasis-v17-h25-845-22Alaska.jpg","contentUrl":"https:\/\/kentis.com\/wp-content\/uploads\/2021\/08\/PTG-Rhipsalis-Oasis-v17-h25-845-22Alaska.jpg","width":1000,"height":1000},{"@type":"BreadcrumbList","@id":"https:\/\/kentis.com\/fr\/boutique\/rhipsalis-baccifera-oasis\/#breadcrumb","itemListElement":[{"@type":"ListItem","position":1,"name":"Home","item":"https:\/\/kentis.com\/fr\/"},{"@type":"ListItem","position":2,"name":"Boutique","item":"https:\/\/kentis.com\/fr\/boutique\/"},{"@type":"ListItem","position":3,"name":"Plantes","item":"https:\/\/kentis.com\/fr\/categorie-produit\/plantes\/"},{"@type":"ListItem","position":4,"name":"Plantes d'int\u00e9rieur","item":"https:\/\/kentis.com\/fr\/categorie-produit\/plantes\/plantes-d-interieur\/"},{"@type":"ListItem","position":5,"name":"Cactus \/ Plantes grasses","item":"https:\/\/kentis.com\/fr\/categorie-produit\/plantes\/plantes-d-interieur\/cactus-plantes-grasses\/"},{"@type":"ListItem","position":6,"name":"Rhipsalis Baccifera Oasis"}]},{"@type":"WebSite","@id":"https:\/\/kentis.com\/fr\/#website","url":"https:\/\/kentis.com\/fr\/","name":"Kentis","description":"Atelier del verde","publisher":{"@id":"https:\/\/kentis.com\/fr\/#organization"},"potentialAction":[{"@type":"SearchAction","target":{"@type":"EntryPoint","urlTemplate":"https:\/\/kentis.com\/fr\/?s={search_term_string}"},"query-input":{"@type":"PropertyValueSpecification","valueRequired":true,"valueName":"search_term_string"}}],"inLanguage":"fr-FR"},{"@type":"Organization","@id":"https:\/\/kentis.com\/fr\/#organization","name":"Kentis","url":"https:\/\/kentis.com\/fr\/","logo":{"@type":"ImageObject","inLanguage":"fr-FR","@id":"https:\/\/kentis.com\/fr\/#\/schema\/logo\/image\/","url":"https:\/\/kentis.com\/wp-content\/uploads\/2021\/08\/logo-main.png","contentUrl":"https:\/\/kentis.com\/wp-content\/uploads\/2021\/08\/logo-main.png","width":800,"height":204,"caption":"Kentis"},"image":{"@id":"https:\/\/kentis.com\/fr\/#\/schema\/logo\/image\/"},"sameAs":["https:\/\/www.facebook.com\/kentisgarden","https:\/\/www.instagram.com\/kentisgarden\/","https:\/\/it.pinterest.com\/kentisgarden","https:\/\/www.tiktok.com\/@kentis.com"]}]}},"_links":{"self":[{"href":"https:\/\/kentis.com\/fr\/wp-json\/wp\/v2\/product\/25770","targetHints":{"allow":["GET"]}}],"collection":[{"href":"https:\/\/kentis.com\/fr\/wp-json\/wp\/v2\/product"}],"about":[{"href":"https:\/\/kentis.com\/fr\/wp-json\/wp\/v2\/types\/product"}],"wp:featuredmedia":[{"embeddable":true,"href":"https:\/\/kentis.com\/fr\/wp-json\/wp\/v2\/media\/13264"}],"wp:attachment":[{"href":"https:\/\/kentis.com\/fr\/wp-json\/wp\/v2\/media?parent=25770"}],"wp:term":[{"taxonomy":"product_cat","embeddable":true,"href":"https:\/\/kentis.com\/fr\/wp-json\/wp\/v2\/product_cat?post=25770"},{"taxonomy":"product_tag","embeddable":true,"href":"https:\/\/kentis.com\/fr\/wp-json\/wp\/v2\/product_tag?post=25770"}],"curies":[{"name":"wp","href":"https:\/\/api.w.org\/{rel}","templated":true}]}}