{"id":25753,"date":"2021-08-05T12:49:53","date_gmt":"2021-08-05T10:49:53","guid":{"rendered":"https:\/\/kentis.com\/negozio\/bonsai-ficus-ginseng-retusa\/"},"modified":"2024-11-20T12:59:34","modified_gmt":"2024-11-20T11:59:34","slug":"bonsai-ficus-ginseng-retusa","status":"publish","type":"product","link":"https:\/\/kentis.com\/fr\/boutique\/bonsai-ficus-ginseng-retusa\/","title":{"rendered":"Bonsai Ficus Ginseng Retusa"},"content":{"rendered":"<div class=\"fusion-fullwidth fullwidth-box fusion-builder-row-1 fusion-flex-container nonhundred-percent-fullwidth non-hundred-percent-height-scrolling\" style=\"--awb-border-radius-top-left:0px;--awb-border-radius-top-right:0px;--awb-border-radius-bottom-right:0px;--awb-border-radius-bottom-left:0px;--awb-flex-wrap:wrap;\" ><div class=\"fusion-builder-row fusion-row fusion-flex-align-items-flex-start fusion-flex-content-wrap\" style=\"max-width:1248px;margin-left: calc(-4% \/ 2 );margin-right: calc(-4% \/ 2 );\"><div class=\"fusion-layout-column fusion_builder_column fusion-builder-column-0 fusion_builder_column_1_1 1_1 fusion-flex-column\" style=\"--awb-bg-size:cover;--awb-width-large:100%;--awb-margin-top-large:0px;--awb-spacing-right-large:1.92%;--awb-margin-bottom-large:0px;--awb-spacing-left-large:1.92%;--awb-width-medium:100%;--awb-spacing-right-medium:1.92%;--awb-spacing-left-medium:1.92%;--awb-width-small:100%;--awb-spacing-right-small:1.92%;--awb-spacing-left-small:1.92%;\"><div class=\"fusion-column-wrapper fusion-flex-justify-content-flex-start fusion-content-layout-column\"><div class=\"fusion-text fusion-text-1\"><p>Le <b><strong>Ficus &#8216;Ginseng&#8217; Retusa<\/strong><\/b> est un bonsa\u00ef d&#8217;int\u00e9rieur \u00e0 feuillage persistant d&#8217;origine asiatique, facilement reconnaissable \u00e0 son tronc \u00e9pais et \u00e0 ses racines a\u00e9riennes qui lui conf\u00e8rent un aspect unique. Ses petites feuilles ovales d&#8217;un vert brillant donnent \u00e0 la plante un aspect \u00e9l\u00e9gant et la distinguent du Ficus Microcarpa, avec lequel elle est souvent confondue, mais dont les feuilles sont plus fines vers l&#8217;extr\u00e9mit\u00e9. En raison de sa facilit\u00e9 d&#8217;entretien et du peu de soins qu&#8217;il n\u00e9cessite, il constitue un <b><strong>choix id\u00e9al pour ceux qui souhaitent aborder le monde du bonsa\u00ef pour la premi\u00e8re fois<\/strong><\/b> ou pour ceux qui recherchent une plante de bureau qui ne n\u00e9cessite que peu d&#8217;attention.<\/p>\n<p>La hauteur de la plante \u00e0 partir de la base du pot varie de 25 \u00e0 35 cm.<\/p>\n<\/div><\/div><\/div><\/div><\/div>\n","protected":false},"excerpt":{"rendered":"","protected":false},"featured_media":35263,"template":"","meta":{"_acf_changed":false},"product_cat":[586,482,504],"product_tag":[],"class_list":{"0":"post-25753","1":"product","2":"type-product","3":"status-publish","4":"has-post-thumbnail","6":"product_cat-bonsai-et-extras","7":"product_cat-plantes-qui-necessitent-peu-de-soins","8":"product_cat-pour-lui","9":"product_shipping_class-flora-fr","10":"pa_ambienti-bureau-travail-intelligent","12":"first","13":"instock","14":"taxable","15":"shipping-taxable","16":"purchasable","17":"product-type-variable","18":"has-default-attributes"},"acf":[],"yoast_head":"<!-- This site is optimized with the Yoast SEO plugin v23.4 - https:\/\/yoast.com\/wordpress\/plugins\/seo\/ -->\n<title>Bonsai Ficus Ginseng - Ficus Retusa - Bonsa\u00efs d&#039;int\u00e9rieur | Kentis<\/title>\n<meta name=\"description\" content=\"Le bonsa\u00ef Ficus Ginseng, ou Ficus Retusa, est un bonsa\u00ef d&#039;int\u00e9rieur facile \u00e0 entretenir, parfait pour ceux qui n&#039;ont aucune exp\u00e9rience en la mati\u00e8re.\" \/>\n<meta name=\"robots\" content=\"index, follow, max-snippet:-1, max-image-preview:large, max-video-preview:-1\" \/>\n<link rel=\"canonical\" href=\"https:\/\/kentis.com\/fr\/boutique\/bonsai-ficus-ginseng-retusa\/\" \/>\n<meta property=\"og:locale\" content=\"fr_FR\" \/>\n<meta property=\"og:type\" content=\"article\" \/>\n<meta property=\"og:title\" content=\"Bonsai Ficus Ginseng - Ficus Retusa - Bonsa\u00efs d&#039;int\u00e9rieur | Kentis\" \/>\n<meta property=\"og:description\" content=\"Le bonsa\u00ef Ficus Ginseng, ou Ficus Retusa, est un bonsa\u00ef d&#039;int\u00e9rieur facile \u00e0 entretenir, parfait pour ceux qui n&#039;ont aucune exp\u00e9rience en la mati\u00e8re.\" \/>\n<meta property=\"og:url\" content=\"https:\/\/kentis.com\/fr\/boutique\/bonsai-ficus-ginseng-retusa\/\" \/>\n<meta property=\"og:site_name\" content=\"Kentis\" \/>\n<meta property=\"article:publisher\" content=\"https:\/\/www.facebook.com\/kentisgarden\" \/>\n<meta property=\"article:modified_time\" content=\"2024-11-20T11:59:34+00:00\" \/>\n<meta property=\"og:image\" content=\"https:\/\/kentis.com\/wp-content\/uploads\/2021\/08\/PTG-Ficus-Ginseng-v15-h30_elho-vibes-16-butter-yellow-scaled.jpg\" \/>\n\t<meta property=\"og:image:width\" content=\"2560\" \/>\n\t<meta property=\"og:image:height\" content=\"2560\" \/>\n\t<meta property=\"og:image:type\" content=\"image\/jpeg\" \/>\n<meta name=\"twitter:card\" content=\"summary_large_image\" \/>\n<meta name=\"twitter:label1\" content=\"Dur\u00e9e de lecture estim\u00e9e\" \/>\n\t<meta name=\"twitter:data1\" content=\"1 minute\" \/>\n<script type=\"application\/ld+json\" class=\"yoast-schema-graph\">{\"@context\":\"https:\/\/schema.org\",\"@graph\":[{\"@type\":\"WebPage\",\"@id\":\"https:\/\/kentis.com\/fr\/boutique\/bonsai-ficus-ginseng-retusa\/\",\"url\":\"https:\/\/kentis.com\/fr\/boutique\/bonsai-ficus-ginseng-retusa\/\",\"name\":\"Bonsai Ficus Ginseng - Ficus Retusa - Bonsa\u00efs d'int\u00e9rieur | Kentis\",\"isPartOf\":{\"@id\":\"https:\/\/kentis.com\/fr\/#website\"},\"primaryImageOfPage\":{\"@id\":\"https:\/\/kentis.com\/fr\/boutique\/bonsai-ficus-ginseng-retusa\/#primaryimage\"},\"image\":{\"@id\":\"https:\/\/kentis.com\/fr\/boutique\/bonsai-ficus-ginseng-retusa\/#primaryimage\"},\"thumbnailUrl\":\"https:\/\/kentis.com\/wp-content\/uploads\/2025\/06\/ficus-ginseng-vaso-blue-jeans.png\",\"datePublished\":\"2021-08-05T10:49:53+00:00\",\"dateModified\":\"2024-11-20T11:59:34+00:00\",\"description\":\"Le bonsa\u00ef Ficus Ginseng, ou Ficus Retusa, est un bonsa\u00ef d'int\u00e9rieur facile \u00e0 entretenir, parfait pour ceux qui n'ont aucune exp\u00e9rience en la mati\u00e8re.\",\"breadcrumb\":{\"@id\":\"https:\/\/kentis.com\/fr\/boutique\/bonsai-ficus-ginseng-retusa\/#breadcrumb\"},\"inLanguage\":\"fr-FR\",\"potentialAction\":[{\"@type\":\"ReadAction\",\"target\":[\"https:\/\/kentis.com\/fr\/boutique\/bonsai-ficus-ginseng-retusa\/\"]}]},{\"@type\":\"ImageObject\",\"inLanguage\":\"fr-FR\",\"@id\":\"https:\/\/kentis.com\/fr\/boutique\/bonsai-ficus-ginseng-retusa\/#primaryimage\",\"url\":\"https:\/\/kentis.com\/wp-content\/uploads\/2025\/06\/ficus-ginseng-vaso-blue-jeans.png\",\"contentUrl\":\"https:\/\/kentis.com\/wp-content\/uploads\/2025\/06\/ficus-ginseng-vaso-blue-jeans.png\",\"width\":1500,\"height\":1500},{\"@type\":\"BreadcrumbList\",\"@id\":\"https:\/\/kentis.com\/fr\/boutique\/bonsai-ficus-ginseng-retusa\/#breadcrumb\",\"itemListElement\":[{\"@type\":\"ListItem\",\"position\":1,\"name\":\"Home\",\"item\":\"https:\/\/kentis.com\/fr\/\"},{\"@type\":\"ListItem\",\"position\":2,\"name\":\"Boutique\",\"item\":\"https:\/\/kentis.com\/fr\/boutique\/\"},{\"@type\":\"ListItem\",\"position\":3,\"name\":\"Bonsa\u00ef et extras\",\"item\":\"https:\/\/kentis.com\/fr\/categorie-produit\/bonsai-et-extras\/\"},{\"@type\":\"ListItem\",\"position\":4,\"name\":\"Bonsai Ficus Ginseng Retusa\"}]},{\"@type\":\"WebSite\",\"@id\":\"https:\/\/kentis.com\/fr\/#website\",\"url\":\"https:\/\/kentis.com\/fr\/\",\"name\":\"Kentis\",\"description\":\"Atelier del verde\",\"publisher\":{\"@id\":\"https:\/\/kentis.com\/fr\/#organization\"},\"potentialAction\":[{\"@type\":\"SearchAction\",\"target\":{\"@type\":\"EntryPoint\",\"urlTemplate\":\"https:\/\/kentis.com\/fr\/?s={search_term_string}\"},\"query-input\":{\"@type\":\"PropertyValueSpecification\",\"valueRequired\":true,\"valueName\":\"search_term_string\"}}],\"inLanguage\":\"fr-FR\"},{\"@type\":\"Organization\",\"@id\":\"https:\/\/kentis.com\/fr\/#organization\",\"name\":\"Kentis\",\"url\":\"https:\/\/kentis.com\/fr\/\",\"logo\":{\"@type\":\"ImageObject\",\"inLanguage\":\"fr-FR\",\"@id\":\"https:\/\/kentis.com\/fr\/#\/schema\/logo\/image\/\",\"url\":\"https:\/\/kentis.com\/wp-content\/uploads\/2021\/08\/logo-main.png\",\"contentUrl\":\"https:\/\/kentis.com\/wp-content\/uploads\/2021\/08\/logo-main.png\",\"width\":800,\"height\":204,\"caption\":\"Kentis\"},\"image\":{\"@id\":\"https:\/\/kentis.com\/fr\/#\/schema\/logo\/image\/\"},\"sameAs\":[\"https:\/\/www.facebook.com\/kentisgarden\",\"https:\/\/www.instagram.com\/kentisgarden\/\",\"https:\/\/it.pinterest.com\/kentisgarden\",\"https:\/\/www.tiktok.com\/@kentis.com\"]}]}<\/script>\n<!-- \/ Yoast SEO plugin. -->","yoast_head_json":{"title":"Bonsai Ficus Ginseng - Ficus Retusa - Bonsa\u00efs d'int\u00e9rieur | Kentis","description":"Le bonsa\u00ef Ficus Ginseng, ou Ficus Retusa, est un bonsa\u00ef d'int\u00e9rieur facile \u00e0 entretenir, parfait pour ceux qui n'ont aucune exp\u00e9rience en la mati\u00e8re.","robots":{"index":"index","follow":"follow","max-snippet":"max-snippet:-1","max-image-preview":"max-image-preview:large","max-video-preview":"max-video-preview:-1"},"canonical":"https:\/\/kentis.com\/fr\/boutique\/bonsai-ficus-ginseng-retusa\/","og_locale":"fr_FR","og_type":"article","og_title":"Bonsai Ficus Ginseng - Ficus Retusa - Bonsa\u00efs d'int\u00e9rieur | Kentis","og_description":"Le bonsa\u00ef Ficus Ginseng, ou Ficus Retusa, est un bonsa\u00ef d'int\u00e9rieur facile \u00e0 entretenir, parfait pour ceux qui n'ont aucune exp\u00e9rience en la mati\u00e8re.","og_url":"https:\/\/kentis.com\/fr\/boutique\/bonsai-ficus-ginseng-retusa\/","og_site_name":"Kentis","article_publisher":"https:\/\/www.facebook.com\/kentisgarden","article_modified_time":"2024-11-20T11:59:34+00:00","og_image":[{"width":2560,"height":2560,"url":"https:\/\/kentis.com\/wp-content\/uploads\/2021\/08\/PTG-Ficus-Ginseng-v15-h30_elho-vibes-16-butter-yellow-scaled.jpg","type":"image\/jpeg"}],"twitter_card":"summary_large_image","twitter_misc":{"Dur\u00e9e de lecture estim\u00e9e":"1 minute"},"schema":{"@context":"https:\/\/schema.org","@graph":[{"@type":"WebPage","@id":"https:\/\/kentis.com\/fr\/boutique\/bonsai-ficus-ginseng-retusa\/","url":"https:\/\/kentis.com\/fr\/boutique\/bonsai-ficus-ginseng-retusa\/","name":"Bonsai Ficus Ginseng - Ficus Retusa - Bonsa\u00efs d'int\u00e9rieur | Kentis","isPartOf":{"@id":"https:\/\/kentis.com\/fr\/#website"},"primaryImageOfPage":{"@id":"https:\/\/kentis.com\/fr\/boutique\/bonsai-ficus-ginseng-retusa\/#primaryimage"},"image":{"@id":"https:\/\/kentis.com\/fr\/boutique\/bonsai-ficus-ginseng-retusa\/#primaryimage"},"thumbnailUrl":"https:\/\/kentis.com\/wp-content\/uploads\/2025\/06\/ficus-ginseng-vaso-blue-jeans.png","datePublished":"2021-08-05T10:49:53+00:00","dateModified":"2024-11-20T11:59:34+00:00","description":"Le bonsa\u00ef Ficus Ginseng, ou Ficus Retusa, est un bonsa\u00ef d'int\u00e9rieur facile \u00e0 entretenir, parfait pour ceux qui n'ont aucune exp\u00e9rience en la mati\u00e8re.","breadcrumb":{"@id":"https:\/\/kentis.com\/fr\/boutique\/bonsai-ficus-ginseng-retusa\/#breadcrumb"},"inLanguage":"fr-FR","potentialAction":[{"@type":"ReadAction","target":["https:\/\/kentis.com\/fr\/boutique\/bonsai-ficus-ginseng-retusa\/"]}]},{"@type":"ImageObject","inLanguage":"fr-FR","@id":"https:\/\/kentis.com\/fr\/boutique\/bonsai-ficus-ginseng-retusa\/#primaryimage","url":"https:\/\/kentis.com\/wp-content\/uploads\/2025\/06\/ficus-ginseng-vaso-blue-jeans.png","contentUrl":"https:\/\/kentis.com\/wp-content\/uploads\/2025\/06\/ficus-ginseng-vaso-blue-jeans.png","width":1500,"height":1500},{"@type":"BreadcrumbList","@id":"https:\/\/kentis.com\/fr\/boutique\/bonsai-ficus-ginseng-retusa\/#breadcrumb","itemListElement":[{"@type":"ListItem","position":1,"name":"Home","item":"https:\/\/kentis.com\/fr\/"},{"@type":"ListItem","position":2,"name":"Boutique","item":"https:\/\/kentis.com\/fr\/boutique\/"},{"@type":"ListItem","position":3,"name":"Bonsa\u00ef et extras","item":"https:\/\/kentis.com\/fr\/categorie-produit\/bonsai-et-extras\/"},{"@type":"ListItem","position":4,"name":"Bonsai Ficus Ginseng Retusa"}]},{"@type":"WebSite","@id":"https:\/\/kentis.com\/fr\/#website","url":"https:\/\/kentis.com\/fr\/","name":"Kentis","description":"Atelier del verde","publisher":{"@id":"https:\/\/kentis.com\/fr\/#organization"},"potentialAction":[{"@type":"SearchAction","target":{"@type":"EntryPoint","urlTemplate":"https:\/\/kentis.com\/fr\/?s={search_term_string}"},"query-input":{"@type":"PropertyValueSpecification","valueRequired":true,"valueName":"search_term_string"}}],"inLanguage":"fr-FR"},{"@type":"Organization","@id":"https:\/\/kentis.com\/fr\/#organization","name":"Kentis","url":"https:\/\/kentis.com\/fr\/","logo":{"@type":"ImageObject","inLanguage":"fr-FR","@id":"https:\/\/kentis.com\/fr\/#\/schema\/logo\/image\/","url":"https:\/\/kentis.com\/wp-content\/uploads\/2021\/08\/logo-main.png","contentUrl":"https:\/\/kentis.com\/wp-content\/uploads\/2021\/08\/logo-main.png","width":800,"height":204,"caption":"Kentis"},"image":{"@id":"https:\/\/kentis.com\/fr\/#\/schema\/logo\/image\/"},"sameAs":["https:\/\/www.facebook.com\/kentisgarden","https:\/\/www.instagram.com\/kentisgarden\/","https:\/\/it.pinterest.com\/kentisgarden","https:\/\/www.tiktok.com\/@kentis.com"]}]}},"_links":{"self":[{"href":"https:\/\/kentis.com\/fr\/wp-json\/wp\/v2\/product\/25753","targetHints":{"allow":["GET"]}}],"collection":[{"href":"https:\/\/kentis.com\/fr\/wp-json\/wp\/v2\/product"}],"about":[{"href":"https:\/\/kentis.com\/fr\/wp-json\/wp\/v2\/types\/product"}],"wp:featuredmedia":[{"embeddable":true,"href":"https:\/\/kentis.com\/fr\/wp-json\/wp\/v2\/media\/35263"}],"wp:attachment":[{"href":"https:\/\/kentis.com\/fr\/wp-json\/wp\/v2\/media?parent=25753"}],"wp:term":[{"taxonomy":"product_cat","embeddable":true,"href":"https:\/\/kentis.com\/fr\/wp-json\/wp\/v2\/product_cat?post=25753"},{"taxonomy":"product_tag","embeddable":true,"href":"https:\/\/kentis.com\/fr\/wp-json\/wp\/v2\/product_tag?post=25753"}],"curies":[{"name":"wp","href":"https:\/\/api.w.org\/{rel}","templated":true}]}}