{"id":25741,"date":"2021-08-05T15:34:38","date_gmt":"2021-08-05T13:34:38","guid":{"rendered":"https:\/\/kentis.com\/negozio\/anthurium-andreanum-rosso\/"},"modified":"2024-11-20T14:18:08","modified_gmt":"2024-11-20T13:18:08","slug":"anthurium-andreanum-rosso-anturio","status":"publish","type":"product","link":"https:\/\/kentis.com\/fr\/boutique\/anthurium-andreanum-rosso-anturio\/","title":{"rendered":"Anthurium Andreanum Rosso &#8211; Anturio"},"content":{"rendered":"<div class=\"fusion-fullwidth fullwidth-box fusion-builder-row-1 fusion-flex-container nonhundred-percent-fullwidth non-hundred-percent-height-scrolling\" style=\"--awb-border-radius-top-left:0px;--awb-border-radius-top-right:0px;--awb-border-radius-bottom-right:0px;--awb-border-radius-bottom-left:0px;--awb-flex-wrap:wrap;\" ><div class=\"fusion-builder-row fusion-row fusion-flex-align-items-flex-start fusion-flex-content-wrap\" style=\"max-width:1248px;margin-left: calc(-4% \/ 2 );margin-right: calc(-4% \/ 2 );\"><div class=\"fusion-layout-column fusion_builder_column fusion-builder-column-0 fusion_builder_column_1_1 1_1 fusion-flex-column\" style=\"--awb-bg-size:cover;--awb-width-large:100%;--awb-margin-top-large:0px;--awb-spacing-right-large:1.92%;--awb-margin-bottom-large:0px;--awb-spacing-left-large:1.92%;--awb-width-medium:100%;--awb-spacing-right-medium:1.92%;--awb-spacing-left-medium:1.92%;--awb-width-small:100%;--awb-spacing-right-small:1.92%;--awb-spacing-left-small:1.92%;\"><div class=\"fusion-column-wrapper fusion-flex-justify-content-flex-start fusion-content-layout-column\"><div class=\"fusion-text fusion-text-1\"><p><b><strong>Anthurium andreanum<\/strong><\/b>, ou simplement <b><strong>Anthurium<\/strong><\/b>, est une plante tropicale qui est cultiv\u00e9e comme plante d&#8217;int\u00e9rieur sous nos climats. Elle est c\u00e9l\u00e8bre pour sa <b><strong>floraison durable et color\u00e9e<\/strong><\/b>, bien que la partie color\u00e9e que nous voyons ne soit pas la vraie fleur, mais la spathe, une feuille modifi\u00e9e qui prot\u00e8ge les vraies fleurs, dans cette vari\u00e9t\u00e9 particuli\u00e8re, elle est rouge. Mais l&#8217;anthurium n&#8217;est pas seulement remarquable pour ses \u00ab fleurs \u00bb : les feuilles, vertes et en forme de c\u0153ur, contribuent \u00e9galement \u00e0 son charme, \u00e0 tel point que cette plante est devenue un <b><strong>symbole d&#8217;amour et d&#8217;amiti\u00e9<\/strong><\/b>, parfait en fait comme cadeau. En outre, c&#8217;est l&#8217;<b><strong>une des meilleures plantes pour purifier l&#8217;air<\/strong><\/b>, car elle est capable d&#8217;\u00e9liminer divers polluants dans la maison.<\/p>\n<p>La hauteur de la plante \u00e0 partir de la base du pot varie de 65 \u00e0 75 cm.<\/p>\n<\/div><\/div><\/div><\/div><\/div>\n","protected":false},"excerpt":{"rendered":"","protected":false},"featured_media":13482,"template":"","meta":{"_acf_changed":false},"product_cat":[505,449,494,482,483,572],"product_tag":[],"class_list":{"0":"post-25741","1":"product","2":"type-product","3":"status-publish","4":"has-post-thumbnail","6":"product_cat-merci","7":"product_cat-plantes-a-fleurs","8":"product_cat-plantes-pour-faible-luminosite","9":"product_cat-plantes-qui-necessitent-peu-de-soins","10":"product_cat-purifie-air","11":"product_cat-saint-valentin","12":"product_shipping_class-flora-fr","13":"pa_ambienti-chambre-a-coucher","14":"pa_ambienti-sejour","16":"first","17":"instock","18":"taxable","19":"shipping-taxable","20":"purchasable","21":"product-type-variable","22":"has-default-attributes"},"acf":[],"yoast_head":"<!-- This site is optimized with the Yoast SEO plugin v23.4 - https:\/\/yoast.com\/wordpress\/plugins\/seo\/ -->\n<title>Anthurium Andreanum Rosso - Plantes qui purifient l&#039;air | Kentis<\/title>\n<meta name=\"description\" content=\"Symbole d&#039;amour et de passion, l&#039;anthurium rouge Andreanum est une plante d&#039;int\u00e9rieur \u00e0 fleurs qui purifie l&#039;air et embellit la maison et le bureau.\" \/>\n<meta name=\"robots\" content=\"index, follow, max-snippet:-1, max-image-preview:large, max-video-preview:-1\" \/>\n<link rel=\"canonical\" href=\"https:\/\/kentis.com\/fr\/boutique\/anthurium-andreanum-rosso-anturio\/\" \/>\n<meta property=\"og:locale\" content=\"fr_FR\" \/>\n<meta property=\"og:type\" content=\"article\" \/>\n<meta property=\"og:title\" content=\"Anthurium Andreanum Rosso - Plantes qui purifient l&#039;air | Kentis\" \/>\n<meta property=\"og:description\" content=\"Symbole d&#039;amour et de passion, l&#039;anthurium rouge Andreanum est une plante d&#039;int\u00e9rieur \u00e0 fleurs qui purifie l&#039;air et embellit la maison et le bureau.\" \/>\n<meta property=\"og:url\" content=\"https:\/\/kentis.com\/fr\/boutique\/anthurium-andreanum-rosso-anturio\/\" \/>\n<meta property=\"og:site_name\" content=\"Kentis\" \/>\n<meta property=\"article:publisher\" content=\"https:\/\/www.facebook.com\/kentisgarden\" \/>\n<meta property=\"article:modified_time\" content=\"2024-11-20T13:18:08+00:00\" \/>\n<meta property=\"og:image\" content=\"https:\/\/kentis.com\/wp-content\/uploads\/2021\/08\/PTG-Anthurium-andreanum-v17-h70-828-19panna-scaled.jpg\" \/>\n\t<meta property=\"og:image:width\" content=\"2560\" \/>\n\t<meta property=\"og:image:height\" content=\"2560\" \/>\n\t<meta property=\"og:image:type\" content=\"image\/jpeg\" \/>\n<meta name=\"twitter:card\" content=\"summary_large_image\" \/>\n<meta name=\"twitter:label1\" content=\"Dur\u00e9e de lecture estim\u00e9e\" \/>\n\t<meta name=\"twitter:data1\" content=\"1 minute\" \/>\n<script type=\"application\/ld+json\" class=\"yoast-schema-graph\">{\"@context\":\"https:\/\/schema.org\",\"@graph\":[{\"@type\":\"WebPage\",\"@id\":\"https:\/\/kentis.com\/fr\/boutique\/anthurium-andreanum-rosso-anturio\/\",\"url\":\"https:\/\/kentis.com\/fr\/boutique\/anthurium-andreanum-rosso-anturio\/\",\"name\":\"Anthurium Andreanum Rosso - Plantes qui purifient l'air | Kentis\",\"isPartOf\":{\"@id\":\"https:\/\/kentis.com\/fr\/#website\"},\"primaryImageOfPage\":{\"@id\":\"https:\/\/kentis.com\/fr\/boutique\/anthurium-andreanum-rosso-anturio\/#primaryimage\"},\"image\":{\"@id\":\"https:\/\/kentis.com\/fr\/boutique\/anthurium-andreanum-rosso-anturio\/#primaryimage\"},\"thumbnailUrl\":\"https:\/\/kentis.com\/wp-content\/uploads\/2021\/08\/PTG-Anthurium-andreanum-v17-h70-828-19panna-scaled.jpg\",\"datePublished\":\"2021-08-05T13:34:38+00:00\",\"dateModified\":\"2024-11-20T13:18:08+00:00\",\"description\":\"Symbole d'amour et de passion, l'anthurium rouge Andreanum est une plante d'int\u00e9rieur \u00e0 fleurs qui purifie l'air et embellit la maison et le bureau.\",\"breadcrumb\":{\"@id\":\"https:\/\/kentis.com\/fr\/boutique\/anthurium-andreanum-rosso-anturio\/#breadcrumb\"},\"inLanguage\":\"fr-FR\",\"potentialAction\":[{\"@type\":\"ReadAction\",\"target\":[\"https:\/\/kentis.com\/fr\/boutique\/anthurium-andreanum-rosso-anturio\/\"]}]},{\"@type\":\"ImageObject\",\"inLanguage\":\"fr-FR\",\"@id\":\"https:\/\/kentis.com\/fr\/boutique\/anthurium-andreanum-rosso-anturio\/#primaryimage\",\"url\":\"https:\/\/kentis.com\/wp-content\/uploads\/2021\/08\/PTG-Anthurium-andreanum-v17-h70-828-19panna-scaled.jpg\",\"contentUrl\":\"https:\/\/kentis.com\/wp-content\/uploads\/2021\/08\/PTG-Anthurium-andreanum-v17-h70-828-19panna-scaled.jpg\",\"width\":2560,\"height\":2560},{\"@type\":\"BreadcrumbList\",\"@id\":\"https:\/\/kentis.com\/fr\/boutique\/anthurium-andreanum-rosso-anturio\/#breadcrumb\",\"itemListElement\":[{\"@type\":\"ListItem\",\"position\":1,\"name\":\"Home\",\"item\":\"https:\/\/kentis.com\/fr\/\"},{\"@type\":\"ListItem\",\"position\":2,\"name\":\"Boutique\",\"item\":\"https:\/\/kentis.com\/fr\/boutique\/\"},{\"@type\":\"ListItem\",\"position\":3,\"name\":\"Plantes\",\"item\":\"https:\/\/kentis.com\/fr\/categorie-produit\/plantes\/\"},{\"@type\":\"ListItem\",\"position\":4,\"name\":\"Plantes d'int\u00e9rieur\",\"item\":\"https:\/\/kentis.com\/fr\/categorie-produit\/plantes\/plantes-d-interieur\/\"},{\"@type\":\"ListItem\",\"position\":5,\"name\":\"Purifie l'air\",\"item\":\"https:\/\/kentis.com\/fr\/categorie-produit\/plantes\/plantes-d-interieur\/purifie-air\/\"},{\"@type\":\"ListItem\",\"position\":6,\"name\":\"Anthurium Andreanum Rosso &#8211; Anturio\"}]},{\"@type\":\"WebSite\",\"@id\":\"https:\/\/kentis.com\/fr\/#website\",\"url\":\"https:\/\/kentis.com\/fr\/\",\"name\":\"Kentis\",\"description\":\"Atelier del verde\",\"publisher\":{\"@id\":\"https:\/\/kentis.com\/fr\/#organization\"},\"potentialAction\":[{\"@type\":\"SearchAction\",\"target\":{\"@type\":\"EntryPoint\",\"urlTemplate\":\"https:\/\/kentis.com\/fr\/?s={search_term_string}\"},\"query-input\":{\"@type\":\"PropertyValueSpecification\",\"valueRequired\":true,\"valueName\":\"search_term_string\"}}],\"inLanguage\":\"fr-FR\"},{\"@type\":\"Organization\",\"@id\":\"https:\/\/kentis.com\/fr\/#organization\",\"name\":\"Kentis\",\"url\":\"https:\/\/kentis.com\/fr\/\",\"logo\":{\"@type\":\"ImageObject\",\"inLanguage\":\"fr-FR\",\"@id\":\"https:\/\/kentis.com\/fr\/#\/schema\/logo\/image\/\",\"url\":\"https:\/\/kentis.com\/wp-content\/uploads\/2021\/08\/logo-main.png\",\"contentUrl\":\"https:\/\/kentis.com\/wp-content\/uploads\/2021\/08\/logo-main.png\",\"width\":800,\"height\":204,\"caption\":\"Kentis\"},\"image\":{\"@id\":\"https:\/\/kentis.com\/fr\/#\/schema\/logo\/image\/\"},\"sameAs\":[\"https:\/\/www.facebook.com\/kentisgarden\",\"https:\/\/www.instagram.com\/kentisgarden\/\",\"https:\/\/it.pinterest.com\/kentisgarden\",\"https:\/\/www.tiktok.com\/@kentis.com\"]}]}<\/script>\n<!-- \/ Yoast SEO plugin. -->","yoast_head_json":{"title":"Anthurium Andreanum Rosso - Plantes qui purifient l'air | Kentis","description":"Symbole d'amour et de passion, l'anthurium rouge Andreanum est une plante d'int\u00e9rieur \u00e0 fleurs qui purifie l'air et embellit la maison et le bureau.","robots":{"index":"index","follow":"follow","max-snippet":"max-snippet:-1","max-image-preview":"max-image-preview:large","max-video-preview":"max-video-preview:-1"},"canonical":"https:\/\/kentis.com\/fr\/boutique\/anthurium-andreanum-rosso-anturio\/","og_locale":"fr_FR","og_type":"article","og_title":"Anthurium Andreanum Rosso - Plantes qui purifient l'air | Kentis","og_description":"Symbole d'amour et de passion, l'anthurium rouge Andreanum est une plante d'int\u00e9rieur \u00e0 fleurs qui purifie l'air et embellit la maison et le bureau.","og_url":"https:\/\/kentis.com\/fr\/boutique\/anthurium-andreanum-rosso-anturio\/","og_site_name":"Kentis","article_publisher":"https:\/\/www.facebook.com\/kentisgarden","article_modified_time":"2024-11-20T13:18:08+00:00","og_image":[{"width":2560,"height":2560,"url":"https:\/\/kentis.com\/wp-content\/uploads\/2021\/08\/PTG-Anthurium-andreanum-v17-h70-828-19panna-scaled.jpg","type":"image\/jpeg"}],"twitter_card":"summary_large_image","twitter_misc":{"Dur\u00e9e de lecture estim\u00e9e":"1 minute"},"schema":{"@context":"https:\/\/schema.org","@graph":[{"@type":"WebPage","@id":"https:\/\/kentis.com\/fr\/boutique\/anthurium-andreanum-rosso-anturio\/","url":"https:\/\/kentis.com\/fr\/boutique\/anthurium-andreanum-rosso-anturio\/","name":"Anthurium Andreanum Rosso - Plantes qui purifient l'air | Kentis","isPartOf":{"@id":"https:\/\/kentis.com\/fr\/#website"},"primaryImageOfPage":{"@id":"https:\/\/kentis.com\/fr\/boutique\/anthurium-andreanum-rosso-anturio\/#primaryimage"},"image":{"@id":"https:\/\/kentis.com\/fr\/boutique\/anthurium-andreanum-rosso-anturio\/#primaryimage"},"thumbnailUrl":"https:\/\/kentis.com\/wp-content\/uploads\/2021\/08\/PTG-Anthurium-andreanum-v17-h70-828-19panna-scaled.jpg","datePublished":"2021-08-05T13:34:38+00:00","dateModified":"2024-11-20T13:18:08+00:00","description":"Symbole d'amour et de passion, l'anthurium rouge Andreanum est une plante d'int\u00e9rieur \u00e0 fleurs qui purifie l'air et embellit la maison et le bureau.","breadcrumb":{"@id":"https:\/\/kentis.com\/fr\/boutique\/anthurium-andreanum-rosso-anturio\/#breadcrumb"},"inLanguage":"fr-FR","potentialAction":[{"@type":"ReadAction","target":["https:\/\/kentis.com\/fr\/boutique\/anthurium-andreanum-rosso-anturio\/"]}]},{"@type":"ImageObject","inLanguage":"fr-FR","@id":"https:\/\/kentis.com\/fr\/boutique\/anthurium-andreanum-rosso-anturio\/#primaryimage","url":"https:\/\/kentis.com\/wp-content\/uploads\/2021\/08\/PTG-Anthurium-andreanum-v17-h70-828-19panna-scaled.jpg","contentUrl":"https:\/\/kentis.com\/wp-content\/uploads\/2021\/08\/PTG-Anthurium-andreanum-v17-h70-828-19panna-scaled.jpg","width":2560,"height":2560},{"@type":"BreadcrumbList","@id":"https:\/\/kentis.com\/fr\/boutique\/anthurium-andreanum-rosso-anturio\/#breadcrumb","itemListElement":[{"@type":"ListItem","position":1,"name":"Home","item":"https:\/\/kentis.com\/fr\/"},{"@type":"ListItem","position":2,"name":"Boutique","item":"https:\/\/kentis.com\/fr\/boutique\/"},{"@type":"ListItem","position":3,"name":"Plantes","item":"https:\/\/kentis.com\/fr\/categorie-produit\/plantes\/"},{"@type":"ListItem","position":4,"name":"Plantes d'int\u00e9rieur","item":"https:\/\/kentis.com\/fr\/categorie-produit\/plantes\/plantes-d-interieur\/"},{"@type":"ListItem","position":5,"name":"Purifie l'air","item":"https:\/\/kentis.com\/fr\/categorie-produit\/plantes\/plantes-d-interieur\/purifie-air\/"},{"@type":"ListItem","position":6,"name":"Anthurium Andreanum Rosso &#8211; Anturio"}]},{"@type":"WebSite","@id":"https:\/\/kentis.com\/fr\/#website","url":"https:\/\/kentis.com\/fr\/","name":"Kentis","description":"Atelier del verde","publisher":{"@id":"https:\/\/kentis.com\/fr\/#organization"},"potentialAction":[{"@type":"SearchAction","target":{"@type":"EntryPoint","urlTemplate":"https:\/\/kentis.com\/fr\/?s={search_term_string}"},"query-input":{"@type":"PropertyValueSpecification","valueRequired":true,"valueName":"search_term_string"}}],"inLanguage":"fr-FR"},{"@type":"Organization","@id":"https:\/\/kentis.com\/fr\/#organization","name":"Kentis","url":"https:\/\/kentis.com\/fr\/","logo":{"@type":"ImageObject","inLanguage":"fr-FR","@id":"https:\/\/kentis.com\/fr\/#\/schema\/logo\/image\/","url":"https:\/\/kentis.com\/wp-content\/uploads\/2021\/08\/logo-main.png","contentUrl":"https:\/\/kentis.com\/wp-content\/uploads\/2021\/08\/logo-main.png","width":800,"height":204,"caption":"Kentis"},"image":{"@id":"https:\/\/kentis.com\/fr\/#\/schema\/logo\/image\/"},"sameAs":["https:\/\/www.facebook.com\/kentisgarden","https:\/\/www.instagram.com\/kentisgarden\/","https:\/\/it.pinterest.com\/kentisgarden","https:\/\/www.tiktok.com\/@kentis.com"]}]}},"_links":{"self":[{"href":"https:\/\/kentis.com\/fr\/wp-json\/wp\/v2\/product\/25741","targetHints":{"allow":["GET"]}}],"collection":[{"href":"https:\/\/kentis.com\/fr\/wp-json\/wp\/v2\/product"}],"about":[{"href":"https:\/\/kentis.com\/fr\/wp-json\/wp\/v2\/types\/product"}],"wp:featuredmedia":[{"embeddable":true,"href":"https:\/\/kentis.com\/fr\/wp-json\/wp\/v2\/media\/13482"}],"wp:attachment":[{"href":"https:\/\/kentis.com\/fr\/wp-json\/wp\/v2\/media?parent=25741"}],"wp:term":[{"taxonomy":"product_cat","embeddable":true,"href":"https:\/\/kentis.com\/fr\/wp-json\/wp\/v2\/product_cat?post=25741"},{"taxonomy":"product_tag","embeddable":true,"href":"https:\/\/kentis.com\/fr\/wp-json\/wp\/v2\/product_tag?post=25741"}],"curies":[{"name":"wp","href":"https:\/\/api.w.org\/{rel}","templated":true}]}}