{"id":25736,"date":"2021-08-06T10:25:29","date_gmt":"2021-08-06T08:25:29","guid":{"rendered":"https:\/\/kentis.com\/negozio\/myrtillocactus-geometrizans-crestato\/"},"modified":"2024-11-19T14:17:11","modified_gmt":"2024-11-19T13:17:11","slug":"myrtillocactus-geometrizans-crestato","status":"publish","type":"product","link":"https:\/\/kentis.com\/fr\/boutique\/myrtillocactus-geometrizans-crestato\/","title":{"rendered":"Myrtillocactus Geometrizans Crestato"},"content":{"rendered":"<div class=\"fusion-fullwidth fullwidth-box fusion-builder-row-1 fusion-flex-container nonhundred-percent-fullwidth non-hundred-percent-height-scrolling\" style=\"--awb-border-radius-top-left:0px;--awb-border-radius-top-right:0px;--awb-border-radius-bottom-right:0px;--awb-border-radius-bottom-left:0px;--awb-flex-wrap:wrap;\" ><div class=\"fusion-builder-row fusion-row fusion-flex-align-items-flex-start fusion-flex-content-wrap\" style=\"max-width:1248px;margin-left: calc(-4% \/ 2 );margin-right: calc(-4% \/ 2 );\"><div class=\"fusion-layout-column fusion_builder_column fusion-builder-column-0 fusion_builder_column_1_1 1_1 fusion-flex-column\" style=\"--awb-bg-size:cover;--awb-width-large:100%;--awb-margin-top-large:0px;--awb-spacing-right-large:1.92%;--awb-margin-bottom-large:0px;--awb-spacing-left-large:1.92%;--awb-width-medium:100%;--awb-spacing-right-medium:1.92%;--awb-spacing-left-medium:1.92%;--awb-width-small:100%;--awb-spacing-right-small:1.92%;--awb-spacing-left-small:1.92%;\"><div class=\"fusion-column-wrapper fusion-flex-justify-content-flex-start fusion-content-layout-column\"><div class=\"fusion-text fusion-text-1\"><p>Le Myrtillocactus geometrizans \u00e0 cr\u00eate est une plante succulente originaire du Mexique, mais on la trouve \u00e9galement dans certaines r\u00e9gions des \u00c9tats-Unis. Sa particularit\u00e9 la plus \u00e9vidente est la forme d&#8217;un \u00e9ventail \u00e0 cr\u00eate, qui se ramifie souvent \u00e0 la base, cr\u00e9ant des motifs g\u00e9om\u00e9triques fascinants, rendant chaque sp\u00e9cimen unique et hautement ornemental. La tige de ce cactus est verte avec des nuances de bleu et poss\u00e8de des ar\u00e9oles d&#8217;o\u00f9 \u00e9mergent plusieurs \u00e9pines de couleur fonc\u00e9e. Les plantes adultes fleurissent au d\u00e9but de l&#8217;\u00e9t\u00e9, produisant de jolies fleurs blanc cr\u00e8me, suivies de petits fruits ressemblant \u00e0 des myrtilles, qui ont inspir\u00e9 le nom de la plante.<\/p>\n<p>La hauteur de la plante depuis la base du pot varie de 30 \u00e0 45 cm.<\/p>\n<\/div><\/div><\/div><\/div><\/div>\n","protected":false},"excerpt":{"rendered":"","protected":false},"featured_media":13664,"template":"","meta":{"_acf_changed":false},"product_cat":[540,482],"product_tag":[],"class_list":{"0":"post-25736","1":"product","2":"type-product","3":"status-publish","4":"has-post-thumbnail","6":"product_cat-cactus-plantes-grasses","7":"product_cat-plantes-qui-necessitent-peu-de-soins","8":"product_shipping_class-flora-fr","9":"pa_ambienti-bureau-travail-intelligent","10":"pa_ambienti-cuisine","11":"pa_ambienti-sejour","13":"first","14":"instock","15":"taxable","16":"shipping-taxable","17":"purchasable","18":"product-type-simple"},"acf":[],"yoast_head":"<!-- This site is optimized with the Yoast SEO plugin v23.4 - https:\/\/yoast.com\/wordpress\/plugins\/seo\/ -->\n<title>Myrtillocactus Geometrizans Crestato - Appartement cactus | Kentis<\/title>\n<meta name=\"description\" content=\"Le Myrtillocactus Geometrizans Crestato est un cactus d&#039;int\u00e9rieur particulier en forme d&#039;\u00e9ventail et de couleur verte avec des nuances bleu clair.\" \/>\n<meta name=\"robots\" content=\"index, follow, max-snippet:-1, max-image-preview:large, max-video-preview:-1\" \/>\n<link rel=\"canonical\" href=\"https:\/\/kentis.com\/fr\/boutique\/myrtillocactus-geometrizans-crestato\/\" \/>\n<meta property=\"og:locale\" content=\"fr_FR\" \/>\n<meta property=\"og:type\" content=\"article\" \/>\n<meta property=\"og:title\" content=\"Myrtillocactus Geometrizans Crestato - Appartement cactus | Kentis\" \/>\n<meta property=\"og:description\" content=\"Le Myrtillocactus Geometrizans Crestato est un cactus d&#039;int\u00e9rieur particulier en forme d&#039;\u00e9ventail et de couleur verte avec des nuances bleu clair.\" \/>\n<meta property=\"og:url\" content=\"https:\/\/kentis.com\/fr\/boutique\/myrtillocactus-geometrizans-crestato\/\" \/>\n<meta property=\"og:site_name\" content=\"Kentis\" \/>\n<meta property=\"article:publisher\" content=\"https:\/\/www.facebook.com\/kentisgarden\" \/>\n<meta property=\"article:modified_time\" content=\"2024-11-19T13:17:11+00:00\" \/>\n<meta property=\"og:image\" content=\"https:\/\/kentis.com\/wp-content\/uploads\/2021\/08\/PTG-Grasse-Terracotta-Myrtillocactus-Geometrizans-Crestato-v18-h40-frontale.jpg\" \/>\n\t<meta property=\"og:image:width\" content=\"1000\" \/>\n\t<meta property=\"og:image:height\" content=\"1000\" \/>\n\t<meta property=\"og:image:type\" content=\"image\/jpeg\" \/>\n<meta name=\"twitter:card\" content=\"summary_large_image\" \/>\n<meta name=\"twitter:label1\" content=\"Dur\u00e9e de lecture estim\u00e9e\" \/>\n\t<meta name=\"twitter:data1\" content=\"1 minute\" \/>\n<script type=\"application\/ld+json\" class=\"yoast-schema-graph\">{\"@context\":\"https:\/\/schema.org\",\"@graph\":[{\"@type\":\"WebPage\",\"@id\":\"https:\/\/kentis.com\/fr\/boutique\/myrtillocactus-geometrizans-crestato\/\",\"url\":\"https:\/\/kentis.com\/fr\/boutique\/myrtillocactus-geometrizans-crestato\/\",\"name\":\"Myrtillocactus Geometrizans Crestato - Appartement cactus | Kentis\",\"isPartOf\":{\"@id\":\"https:\/\/kentis.com\/fr\/#website\"},\"primaryImageOfPage\":{\"@id\":\"https:\/\/kentis.com\/fr\/boutique\/myrtillocactus-geometrizans-crestato\/#primaryimage\"},\"image\":{\"@id\":\"https:\/\/kentis.com\/fr\/boutique\/myrtillocactus-geometrizans-crestato\/#primaryimage\"},\"thumbnailUrl\":\"https:\/\/kentis.com\/wp-content\/uploads\/2021\/08\/PTG-Grasse-Terracotta-Myrtillocactus-Geometrizans-Crestato-v18-h40-frontale.jpg\",\"datePublished\":\"2021-08-06T08:25:29+00:00\",\"dateModified\":\"2024-11-19T13:17:11+00:00\",\"description\":\"Le Myrtillocactus Geometrizans Crestato est un cactus d'int\u00e9rieur particulier en forme d'\u00e9ventail et de couleur verte avec des nuances bleu clair.\",\"breadcrumb\":{\"@id\":\"https:\/\/kentis.com\/fr\/boutique\/myrtillocactus-geometrizans-crestato\/#breadcrumb\"},\"inLanguage\":\"fr-FR\",\"potentialAction\":[{\"@type\":\"ReadAction\",\"target\":[\"https:\/\/kentis.com\/fr\/boutique\/myrtillocactus-geometrizans-crestato\/\"]}]},{\"@type\":\"ImageObject\",\"inLanguage\":\"fr-FR\",\"@id\":\"https:\/\/kentis.com\/fr\/boutique\/myrtillocactus-geometrizans-crestato\/#primaryimage\",\"url\":\"https:\/\/kentis.com\/wp-content\/uploads\/2021\/08\/PTG-Grasse-Terracotta-Myrtillocactus-Geometrizans-Crestato-v18-h40-frontale.jpg\",\"contentUrl\":\"https:\/\/kentis.com\/wp-content\/uploads\/2021\/08\/PTG-Grasse-Terracotta-Myrtillocactus-Geometrizans-Crestato-v18-h40-frontale.jpg\",\"width\":1000,\"height\":1000},{\"@type\":\"BreadcrumbList\",\"@id\":\"https:\/\/kentis.com\/fr\/boutique\/myrtillocactus-geometrizans-crestato\/#breadcrumb\",\"itemListElement\":[{\"@type\":\"ListItem\",\"position\":1,\"name\":\"Home\",\"item\":\"https:\/\/kentis.com\/fr\/\"},{\"@type\":\"ListItem\",\"position\":2,\"name\":\"Boutique\",\"item\":\"https:\/\/kentis.com\/fr\/boutique\/\"},{\"@type\":\"ListItem\",\"position\":3,\"name\":\"Plantes\",\"item\":\"https:\/\/kentis.com\/fr\/categorie-produit\/plantes\/\"},{\"@type\":\"ListItem\",\"position\":4,\"name\":\"Plantes d'int\u00e9rieur\",\"item\":\"https:\/\/kentis.com\/fr\/categorie-produit\/plantes\/plantes-d-interieur\/\"},{\"@type\":\"ListItem\",\"position\":5,\"name\":\"Cactus \/ Plantes grasses\",\"item\":\"https:\/\/kentis.com\/fr\/categorie-produit\/plantes\/plantes-d-interieur\/cactus-plantes-grasses\/\"},{\"@type\":\"ListItem\",\"position\":6,\"name\":\"Myrtillocactus Geometrizans Crestato\"}]},{\"@type\":\"WebSite\",\"@id\":\"https:\/\/kentis.com\/fr\/#website\",\"url\":\"https:\/\/kentis.com\/fr\/\",\"name\":\"Kentis\",\"description\":\"Atelier del verde\",\"publisher\":{\"@id\":\"https:\/\/kentis.com\/fr\/#organization\"},\"potentialAction\":[{\"@type\":\"SearchAction\",\"target\":{\"@type\":\"EntryPoint\",\"urlTemplate\":\"https:\/\/kentis.com\/fr\/?s={search_term_string}\"},\"query-input\":{\"@type\":\"PropertyValueSpecification\",\"valueRequired\":true,\"valueName\":\"search_term_string\"}}],\"inLanguage\":\"fr-FR\"},{\"@type\":\"Organization\",\"@id\":\"https:\/\/kentis.com\/fr\/#organization\",\"name\":\"Kentis\",\"url\":\"https:\/\/kentis.com\/fr\/\",\"logo\":{\"@type\":\"ImageObject\",\"inLanguage\":\"fr-FR\",\"@id\":\"https:\/\/kentis.com\/fr\/#\/schema\/logo\/image\/\",\"url\":\"https:\/\/kentis.com\/wp-content\/uploads\/2021\/08\/logo-main.png\",\"contentUrl\":\"https:\/\/kentis.com\/wp-content\/uploads\/2021\/08\/logo-main.png\",\"width\":800,\"height\":204,\"caption\":\"Kentis\"},\"image\":{\"@id\":\"https:\/\/kentis.com\/fr\/#\/schema\/logo\/image\/\"},\"sameAs\":[\"https:\/\/www.facebook.com\/kentisgarden\",\"https:\/\/www.instagram.com\/kentisgarden\/\",\"https:\/\/it.pinterest.com\/kentisgarden\",\"https:\/\/www.tiktok.com\/@kentis.com\"]}]}<\/script>\n<!-- \/ Yoast SEO plugin. -->","yoast_head_json":{"title":"Myrtillocactus Geometrizans Crestato - Appartement cactus | Kentis","description":"Le Myrtillocactus Geometrizans Crestato est un cactus d'int\u00e9rieur particulier en forme d'\u00e9ventail et de couleur verte avec des nuances bleu clair.","robots":{"index":"index","follow":"follow","max-snippet":"max-snippet:-1","max-image-preview":"max-image-preview:large","max-video-preview":"max-video-preview:-1"},"canonical":"https:\/\/kentis.com\/fr\/boutique\/myrtillocactus-geometrizans-crestato\/","og_locale":"fr_FR","og_type":"article","og_title":"Myrtillocactus Geometrizans Crestato - Appartement cactus | Kentis","og_description":"Le Myrtillocactus Geometrizans Crestato est un cactus d'int\u00e9rieur particulier en forme d'\u00e9ventail et de couleur verte avec des nuances bleu clair.","og_url":"https:\/\/kentis.com\/fr\/boutique\/myrtillocactus-geometrizans-crestato\/","og_site_name":"Kentis","article_publisher":"https:\/\/www.facebook.com\/kentisgarden","article_modified_time":"2024-11-19T13:17:11+00:00","og_image":[{"width":1000,"height":1000,"url":"https:\/\/kentis.com\/wp-content\/uploads\/2021\/08\/PTG-Grasse-Terracotta-Myrtillocactus-Geometrizans-Crestato-v18-h40-frontale.jpg","type":"image\/jpeg"}],"twitter_card":"summary_large_image","twitter_misc":{"Dur\u00e9e de lecture estim\u00e9e":"1 minute"},"schema":{"@context":"https:\/\/schema.org","@graph":[{"@type":"WebPage","@id":"https:\/\/kentis.com\/fr\/boutique\/myrtillocactus-geometrizans-crestato\/","url":"https:\/\/kentis.com\/fr\/boutique\/myrtillocactus-geometrizans-crestato\/","name":"Myrtillocactus Geometrizans Crestato - Appartement cactus | Kentis","isPartOf":{"@id":"https:\/\/kentis.com\/fr\/#website"},"primaryImageOfPage":{"@id":"https:\/\/kentis.com\/fr\/boutique\/myrtillocactus-geometrizans-crestato\/#primaryimage"},"image":{"@id":"https:\/\/kentis.com\/fr\/boutique\/myrtillocactus-geometrizans-crestato\/#primaryimage"},"thumbnailUrl":"https:\/\/kentis.com\/wp-content\/uploads\/2021\/08\/PTG-Grasse-Terracotta-Myrtillocactus-Geometrizans-Crestato-v18-h40-frontale.jpg","datePublished":"2021-08-06T08:25:29+00:00","dateModified":"2024-11-19T13:17:11+00:00","description":"Le Myrtillocactus Geometrizans Crestato est un cactus d'int\u00e9rieur particulier en forme d'\u00e9ventail et de couleur verte avec des nuances bleu clair.","breadcrumb":{"@id":"https:\/\/kentis.com\/fr\/boutique\/myrtillocactus-geometrizans-crestato\/#breadcrumb"},"inLanguage":"fr-FR","potentialAction":[{"@type":"ReadAction","target":["https:\/\/kentis.com\/fr\/boutique\/myrtillocactus-geometrizans-crestato\/"]}]},{"@type":"ImageObject","inLanguage":"fr-FR","@id":"https:\/\/kentis.com\/fr\/boutique\/myrtillocactus-geometrizans-crestato\/#primaryimage","url":"https:\/\/kentis.com\/wp-content\/uploads\/2021\/08\/PTG-Grasse-Terracotta-Myrtillocactus-Geometrizans-Crestato-v18-h40-frontale.jpg","contentUrl":"https:\/\/kentis.com\/wp-content\/uploads\/2021\/08\/PTG-Grasse-Terracotta-Myrtillocactus-Geometrizans-Crestato-v18-h40-frontale.jpg","width":1000,"height":1000},{"@type":"BreadcrumbList","@id":"https:\/\/kentis.com\/fr\/boutique\/myrtillocactus-geometrizans-crestato\/#breadcrumb","itemListElement":[{"@type":"ListItem","position":1,"name":"Home","item":"https:\/\/kentis.com\/fr\/"},{"@type":"ListItem","position":2,"name":"Boutique","item":"https:\/\/kentis.com\/fr\/boutique\/"},{"@type":"ListItem","position":3,"name":"Plantes","item":"https:\/\/kentis.com\/fr\/categorie-produit\/plantes\/"},{"@type":"ListItem","position":4,"name":"Plantes d'int\u00e9rieur","item":"https:\/\/kentis.com\/fr\/categorie-produit\/plantes\/plantes-d-interieur\/"},{"@type":"ListItem","position":5,"name":"Cactus \/ Plantes grasses","item":"https:\/\/kentis.com\/fr\/categorie-produit\/plantes\/plantes-d-interieur\/cactus-plantes-grasses\/"},{"@type":"ListItem","position":6,"name":"Myrtillocactus Geometrizans Crestato"}]},{"@type":"WebSite","@id":"https:\/\/kentis.com\/fr\/#website","url":"https:\/\/kentis.com\/fr\/","name":"Kentis","description":"Atelier del verde","publisher":{"@id":"https:\/\/kentis.com\/fr\/#organization"},"potentialAction":[{"@type":"SearchAction","target":{"@type":"EntryPoint","urlTemplate":"https:\/\/kentis.com\/fr\/?s={search_term_string}"},"query-input":{"@type":"PropertyValueSpecification","valueRequired":true,"valueName":"search_term_string"}}],"inLanguage":"fr-FR"},{"@type":"Organization","@id":"https:\/\/kentis.com\/fr\/#organization","name":"Kentis","url":"https:\/\/kentis.com\/fr\/","logo":{"@type":"ImageObject","inLanguage":"fr-FR","@id":"https:\/\/kentis.com\/fr\/#\/schema\/logo\/image\/","url":"https:\/\/kentis.com\/wp-content\/uploads\/2021\/08\/logo-main.png","contentUrl":"https:\/\/kentis.com\/wp-content\/uploads\/2021\/08\/logo-main.png","width":800,"height":204,"caption":"Kentis"},"image":{"@id":"https:\/\/kentis.com\/fr\/#\/schema\/logo\/image\/"},"sameAs":["https:\/\/www.facebook.com\/kentisgarden","https:\/\/www.instagram.com\/kentisgarden\/","https:\/\/it.pinterest.com\/kentisgarden","https:\/\/www.tiktok.com\/@kentis.com"]}]}},"_links":{"self":[{"href":"https:\/\/kentis.com\/fr\/wp-json\/wp\/v2\/product\/25736","targetHints":{"allow":["GET"]}}],"collection":[{"href":"https:\/\/kentis.com\/fr\/wp-json\/wp\/v2\/product"}],"about":[{"href":"https:\/\/kentis.com\/fr\/wp-json\/wp\/v2\/types\/product"}],"wp:featuredmedia":[{"embeddable":true,"href":"https:\/\/kentis.com\/fr\/wp-json\/wp\/v2\/media\/13664"}],"wp:attachment":[{"href":"https:\/\/kentis.com\/fr\/wp-json\/wp\/v2\/media?parent=25736"}],"wp:term":[{"taxonomy":"product_cat","embeddable":true,"href":"https:\/\/kentis.com\/fr\/wp-json\/wp\/v2\/product_cat?post=25736"},{"taxonomy":"product_tag","embeddable":true,"href":"https:\/\/kentis.com\/fr\/wp-json\/wp\/v2\/product_tag?post=25736"}],"curies":[{"name":"wp","href":"https:\/\/api.w.org\/{rel}","templated":true}]}}