{"id":25694,"date":"2021-08-16T11:51:50","date_gmt":"2021-08-16T09:51:50","guid":{"rendered":"https:\/\/kentis.com\/negozio\/monstera-adansonii-monkey-leaf\/"},"modified":"2024-11-20T14:26:16","modified_gmt":"2024-11-20T13:26:16","slug":"monstera-adansonii-monkey-leaf","status":"publish","type":"product","link":"https:\/\/kentis.com\/fr\/boutique\/monstera-adansonii-monkey-leaf\/","title":{"rendered":"Monstera Adansonii Monkey Leaf"},"content":{"rendered":"<div class=\"fusion-fullwidth fullwidth-box fusion-builder-row-1 fusion-flex-container nonhundred-percent-fullwidth non-hundred-percent-height-scrolling\" style=\"--awb-border-radius-top-left:0px;--awb-border-radius-top-right:0px;--awb-border-radius-bottom-right:0px;--awb-border-radius-bottom-left:0px;--awb-flex-wrap:wrap;\" ><div class=\"fusion-builder-row fusion-row fusion-flex-align-items-flex-start fusion-flex-content-wrap\" style=\"max-width:1248px;margin-left: calc(-4% \/ 2 );margin-right: calc(-4% \/ 2 );\"><div class=\"fusion-layout-column fusion_builder_column fusion-builder-column-0 fusion_builder_column_1_1 1_1 fusion-flex-column\" style=\"--awb-bg-size:cover;--awb-width-large:100%;--awb-margin-top-large:0px;--awb-spacing-right-large:1.92%;--awb-margin-bottom-large:0px;--awb-spacing-left-large:1.92%;--awb-width-medium:100%;--awb-spacing-right-medium:1.92%;--awb-spacing-left-medium:1.92%;--awb-width-small:100%;--awb-spacing-right-small:1.92%;--awb-spacing-left-small:1.92%;\"><div class=\"fusion-column-wrapper fusion-flex-justify-content-flex-start fusion-content-layout-column\"><div class=\"fusion-text fusion-text-1\"><p>La Monstera Adansonii Monkey Leaf est une plante tropicale originaire d&#8217;Am\u00e9rique du Sud qui, sous nos climats, est utilis\u00e9e comme plante d&#8217;int\u00e9rieur. Avec ses feuilles d&#8217;un vert intense et ses trous de diff\u00e9rentes tailles, il se distingue par son aspect particulier. \u00c9tant une plante grimpante, on peut la faire pousser en hauteur \u00e0 l\u2019aide d\u2019un arbre ou en la laissant tomber des \u00e9tag\u00e8res ou des meubles. Ses feuilles, plus petites que Monstera Deliciosa, rendent Monstera Adansonii Monkey Leaf parfaite pour ceux qui ont des espaces limit\u00e9s \u00e0 d\u00e9corer. De plus, comme le souligne une \u00e9tude de la NASA, elle fait partie des meilleures plantes pour purifier l&#8217;air, parvenant \u00e0 \u00e9liminer diverses substances nocives pr\u00e9sentes dans les environnements.<\/p>\n<p>La hauteur de la plante depuis la base du pot varie de 30 \u00e0 40 cm.<\/p>\n<\/div><\/div><\/div><\/div><\/div>\n","protected":false},"excerpt":{"rendered":"","protected":false},"featured_media":15686,"template":"","meta":{"_acf_changed":false},"product_cat":[494,482,483],"product_tag":[],"class_list":{"0":"post-25694","1":"product","2":"type-product","3":"status-publish","4":"has-post-thumbnail","6":"product_cat-plantes-pour-faible-luminosite","7":"product_cat-plantes-qui-necessitent-peu-de-soins","8":"product_cat-purifie-air","9":"product_shipping_class-flora-fr","10":"pa_ambienti-bain","11":"pa_ambienti-bureau-travail-intelligent","13":"first","14":"instock","15":"taxable","16":"shipping-taxable","17":"purchasable","18":"product-type-variable","19":"has-default-attributes"},"acf":[],"yoast_head":"<!-- This site is optimized with the Yoast SEO plugin v23.4 - https:\/\/yoast.com\/wordpress\/plugins\/seo\/ -->\n<title>Monstera Adansonii Monkey Leaf - Plantes d&#039;int\u00e9rieur | Kentis<\/title>\n<meta name=\"description\" content=\"Le Monstera Adansonii Monkey Leaf est une plante d&#039;int\u00e9rieur aux feuilles perfor\u00e9es \u00e0 fort impact, adapt\u00e9e \u00e0 l&#039;ameublement de la maison.\" \/>\n<meta name=\"robots\" content=\"index, follow, max-snippet:-1, max-image-preview:large, max-video-preview:-1\" \/>\n<link rel=\"canonical\" href=\"https:\/\/kentis.com\/fr\/boutique\/monstera-adansonii-monkey-leaf\/\" \/>\n<meta property=\"og:locale\" content=\"fr_FR\" \/>\n<meta property=\"og:type\" content=\"article\" \/>\n<meta property=\"og:title\" content=\"Monstera Adansonii Monkey Leaf - Plantes d&#039;int\u00e9rieur | Kentis\" \/>\n<meta property=\"og:description\" content=\"Le Monstera Adansonii Monkey Leaf est une plante d&#039;int\u00e9rieur aux feuilles perfor\u00e9es \u00e0 fort impact, adapt\u00e9e \u00e0 l&#039;ameublement de la maison.\" \/>\n<meta property=\"og:url\" content=\"https:\/\/kentis.com\/fr\/boutique\/monstera-adansonii-monkey-leaf\/\" \/>\n<meta property=\"og:site_name\" content=\"Kentis\" \/>\n<meta property=\"article:publisher\" content=\"https:\/\/www.facebook.com\/kentisgarden\" \/>\n<meta property=\"article:modified_time\" content=\"2024-11-20T13:26:16+00:00\" \/>\n<meta property=\"og:image\" content=\"https:\/\/kentis.com\/wp-content\/uploads\/2021\/08\/PTG-MonsteraMonkeyLeaf-v12-h25-765-15GlazingGreen.jpg\" \/>\n\t<meta property=\"og:image:width\" content=\"1000\" \/>\n\t<meta property=\"og:image:height\" content=\"1000\" \/>\n\t<meta property=\"og:image:type\" content=\"image\/jpeg\" \/>\n<meta name=\"twitter:card\" content=\"summary_large_image\" \/>\n<meta name=\"twitter:label1\" content=\"Dur\u00e9e de lecture estim\u00e9e\" \/>\n\t<meta name=\"twitter:data1\" content=\"1 minute\" \/>\n<script type=\"application\/ld+json\" class=\"yoast-schema-graph\">{\"@context\":\"https:\/\/schema.org\",\"@graph\":[{\"@type\":\"WebPage\",\"@id\":\"https:\/\/kentis.com\/fr\/boutique\/monstera-adansonii-monkey-leaf\/\",\"url\":\"https:\/\/kentis.com\/fr\/boutique\/monstera-adansonii-monkey-leaf\/\",\"name\":\"Monstera Adansonii Monkey Leaf - Plantes d'int\u00e9rieur | Kentis\",\"isPartOf\":{\"@id\":\"https:\/\/kentis.com\/fr\/#website\"},\"primaryImageOfPage\":{\"@id\":\"https:\/\/kentis.com\/fr\/boutique\/monstera-adansonii-monkey-leaf\/#primaryimage\"},\"image\":{\"@id\":\"https:\/\/kentis.com\/fr\/boutique\/monstera-adansonii-monkey-leaf\/#primaryimage\"},\"thumbnailUrl\":\"https:\/\/kentis.com\/wp-content\/uploads\/2021\/08\/PTG-MonsteraMonkeyLeaf-v12-h25-765-15GlazingGreen.jpg\",\"datePublished\":\"2021-08-16T09:51:50+00:00\",\"dateModified\":\"2024-11-20T13:26:16+00:00\",\"description\":\"Le Monstera Adansonii Monkey Leaf est une plante d'int\u00e9rieur aux feuilles perfor\u00e9es \u00e0 fort impact, adapt\u00e9e \u00e0 l'ameublement de la maison.\",\"breadcrumb\":{\"@id\":\"https:\/\/kentis.com\/fr\/boutique\/monstera-adansonii-monkey-leaf\/#breadcrumb\"},\"inLanguage\":\"fr-FR\",\"potentialAction\":[{\"@type\":\"ReadAction\",\"target\":[\"https:\/\/kentis.com\/fr\/boutique\/monstera-adansonii-monkey-leaf\/\"]}]},{\"@type\":\"ImageObject\",\"inLanguage\":\"fr-FR\",\"@id\":\"https:\/\/kentis.com\/fr\/boutique\/monstera-adansonii-monkey-leaf\/#primaryimage\",\"url\":\"https:\/\/kentis.com\/wp-content\/uploads\/2021\/08\/PTG-MonsteraMonkeyLeaf-v12-h25-765-15GlazingGreen.jpg\",\"contentUrl\":\"https:\/\/kentis.com\/wp-content\/uploads\/2021\/08\/PTG-MonsteraMonkeyLeaf-v12-h25-765-15GlazingGreen.jpg\",\"width\":1000,\"height\":1000},{\"@type\":\"BreadcrumbList\",\"@id\":\"https:\/\/kentis.com\/fr\/boutique\/monstera-adansonii-monkey-leaf\/#breadcrumb\",\"itemListElement\":[{\"@type\":\"ListItem\",\"position\":1,\"name\":\"Home\",\"item\":\"https:\/\/kentis.com\/fr\/\"},{\"@type\":\"ListItem\",\"position\":2,\"name\":\"Boutique\",\"item\":\"https:\/\/kentis.com\/fr\/boutique\/\"},{\"@type\":\"ListItem\",\"position\":3,\"name\":\"Plantes\",\"item\":\"https:\/\/kentis.com\/fr\/categorie-produit\/plantes\/\"},{\"@type\":\"ListItem\",\"position\":4,\"name\":\"Plantes d'int\u00e9rieur\",\"item\":\"https:\/\/kentis.com\/fr\/categorie-produit\/plantes\/plantes-d-interieur\/\"},{\"@type\":\"ListItem\",\"position\":5,\"name\":\"Plantes qui n\u00e9cessitent peu de soins\",\"item\":\"https:\/\/kentis.com\/fr\/categorie-produit\/plantes\/plantes-d-interieur\/plantes-qui-necessitent-peu-de-soins\/\"},{\"@type\":\"ListItem\",\"position\":6,\"name\":\"Monstera Adansonii Monkey Leaf\"}]},{\"@type\":\"WebSite\",\"@id\":\"https:\/\/kentis.com\/fr\/#website\",\"url\":\"https:\/\/kentis.com\/fr\/\",\"name\":\"Kentis\",\"description\":\"Atelier del verde\",\"publisher\":{\"@id\":\"https:\/\/kentis.com\/fr\/#organization\"},\"potentialAction\":[{\"@type\":\"SearchAction\",\"target\":{\"@type\":\"EntryPoint\",\"urlTemplate\":\"https:\/\/kentis.com\/fr\/?s={search_term_string}\"},\"query-input\":{\"@type\":\"PropertyValueSpecification\",\"valueRequired\":true,\"valueName\":\"search_term_string\"}}],\"inLanguage\":\"fr-FR\"},{\"@type\":\"Organization\",\"@id\":\"https:\/\/kentis.com\/fr\/#organization\",\"name\":\"Kentis\",\"url\":\"https:\/\/kentis.com\/fr\/\",\"logo\":{\"@type\":\"ImageObject\",\"inLanguage\":\"fr-FR\",\"@id\":\"https:\/\/kentis.com\/fr\/#\/schema\/logo\/image\/\",\"url\":\"https:\/\/kentis.com\/wp-content\/uploads\/2021\/08\/logo-main.png\",\"contentUrl\":\"https:\/\/kentis.com\/wp-content\/uploads\/2021\/08\/logo-main.png\",\"width\":800,\"height\":204,\"caption\":\"Kentis\"},\"image\":{\"@id\":\"https:\/\/kentis.com\/fr\/#\/schema\/logo\/image\/\"},\"sameAs\":[\"https:\/\/www.facebook.com\/kentisgarden\",\"https:\/\/www.instagram.com\/kentisgarden\/\",\"https:\/\/it.pinterest.com\/kentisgarden\",\"https:\/\/www.tiktok.com\/@kentis.com\"]}]}<\/script>\n<!-- \/ Yoast SEO plugin. -->","yoast_head_json":{"title":"Monstera Adansonii Monkey Leaf - Plantes d'int\u00e9rieur | Kentis","description":"Le Monstera Adansonii Monkey Leaf est une plante d'int\u00e9rieur aux feuilles perfor\u00e9es \u00e0 fort impact, adapt\u00e9e \u00e0 l'ameublement de la maison.","robots":{"index":"index","follow":"follow","max-snippet":"max-snippet:-1","max-image-preview":"max-image-preview:large","max-video-preview":"max-video-preview:-1"},"canonical":"https:\/\/kentis.com\/fr\/boutique\/monstera-adansonii-monkey-leaf\/","og_locale":"fr_FR","og_type":"article","og_title":"Monstera Adansonii Monkey Leaf - Plantes d'int\u00e9rieur | Kentis","og_description":"Le Monstera Adansonii Monkey Leaf est une plante d'int\u00e9rieur aux feuilles perfor\u00e9es \u00e0 fort impact, adapt\u00e9e \u00e0 l'ameublement de la maison.","og_url":"https:\/\/kentis.com\/fr\/boutique\/monstera-adansonii-monkey-leaf\/","og_site_name":"Kentis","article_publisher":"https:\/\/www.facebook.com\/kentisgarden","article_modified_time":"2024-11-20T13:26:16+00:00","og_image":[{"width":1000,"height":1000,"url":"https:\/\/kentis.com\/wp-content\/uploads\/2021\/08\/PTG-MonsteraMonkeyLeaf-v12-h25-765-15GlazingGreen.jpg","type":"image\/jpeg"}],"twitter_card":"summary_large_image","twitter_misc":{"Dur\u00e9e de lecture estim\u00e9e":"1 minute"},"schema":{"@context":"https:\/\/schema.org","@graph":[{"@type":"WebPage","@id":"https:\/\/kentis.com\/fr\/boutique\/monstera-adansonii-monkey-leaf\/","url":"https:\/\/kentis.com\/fr\/boutique\/monstera-adansonii-monkey-leaf\/","name":"Monstera Adansonii Monkey Leaf - Plantes d'int\u00e9rieur | Kentis","isPartOf":{"@id":"https:\/\/kentis.com\/fr\/#website"},"primaryImageOfPage":{"@id":"https:\/\/kentis.com\/fr\/boutique\/monstera-adansonii-monkey-leaf\/#primaryimage"},"image":{"@id":"https:\/\/kentis.com\/fr\/boutique\/monstera-adansonii-monkey-leaf\/#primaryimage"},"thumbnailUrl":"https:\/\/kentis.com\/wp-content\/uploads\/2021\/08\/PTG-MonsteraMonkeyLeaf-v12-h25-765-15GlazingGreen.jpg","datePublished":"2021-08-16T09:51:50+00:00","dateModified":"2024-11-20T13:26:16+00:00","description":"Le Monstera Adansonii Monkey Leaf est une plante d'int\u00e9rieur aux feuilles perfor\u00e9es \u00e0 fort impact, adapt\u00e9e \u00e0 l'ameublement de la maison.","breadcrumb":{"@id":"https:\/\/kentis.com\/fr\/boutique\/monstera-adansonii-monkey-leaf\/#breadcrumb"},"inLanguage":"fr-FR","potentialAction":[{"@type":"ReadAction","target":["https:\/\/kentis.com\/fr\/boutique\/monstera-adansonii-monkey-leaf\/"]}]},{"@type":"ImageObject","inLanguage":"fr-FR","@id":"https:\/\/kentis.com\/fr\/boutique\/monstera-adansonii-monkey-leaf\/#primaryimage","url":"https:\/\/kentis.com\/wp-content\/uploads\/2021\/08\/PTG-MonsteraMonkeyLeaf-v12-h25-765-15GlazingGreen.jpg","contentUrl":"https:\/\/kentis.com\/wp-content\/uploads\/2021\/08\/PTG-MonsteraMonkeyLeaf-v12-h25-765-15GlazingGreen.jpg","width":1000,"height":1000},{"@type":"BreadcrumbList","@id":"https:\/\/kentis.com\/fr\/boutique\/monstera-adansonii-monkey-leaf\/#breadcrumb","itemListElement":[{"@type":"ListItem","position":1,"name":"Home","item":"https:\/\/kentis.com\/fr\/"},{"@type":"ListItem","position":2,"name":"Boutique","item":"https:\/\/kentis.com\/fr\/boutique\/"},{"@type":"ListItem","position":3,"name":"Plantes","item":"https:\/\/kentis.com\/fr\/categorie-produit\/plantes\/"},{"@type":"ListItem","position":4,"name":"Plantes d'int\u00e9rieur","item":"https:\/\/kentis.com\/fr\/categorie-produit\/plantes\/plantes-d-interieur\/"},{"@type":"ListItem","position":5,"name":"Plantes qui n\u00e9cessitent peu de soins","item":"https:\/\/kentis.com\/fr\/categorie-produit\/plantes\/plantes-d-interieur\/plantes-qui-necessitent-peu-de-soins\/"},{"@type":"ListItem","position":6,"name":"Monstera Adansonii Monkey Leaf"}]},{"@type":"WebSite","@id":"https:\/\/kentis.com\/fr\/#website","url":"https:\/\/kentis.com\/fr\/","name":"Kentis","description":"Atelier del verde","publisher":{"@id":"https:\/\/kentis.com\/fr\/#organization"},"potentialAction":[{"@type":"SearchAction","target":{"@type":"EntryPoint","urlTemplate":"https:\/\/kentis.com\/fr\/?s={search_term_string}"},"query-input":{"@type":"PropertyValueSpecification","valueRequired":true,"valueName":"search_term_string"}}],"inLanguage":"fr-FR"},{"@type":"Organization","@id":"https:\/\/kentis.com\/fr\/#organization","name":"Kentis","url":"https:\/\/kentis.com\/fr\/","logo":{"@type":"ImageObject","inLanguage":"fr-FR","@id":"https:\/\/kentis.com\/fr\/#\/schema\/logo\/image\/","url":"https:\/\/kentis.com\/wp-content\/uploads\/2021\/08\/logo-main.png","contentUrl":"https:\/\/kentis.com\/wp-content\/uploads\/2021\/08\/logo-main.png","width":800,"height":204,"caption":"Kentis"},"image":{"@id":"https:\/\/kentis.com\/fr\/#\/schema\/logo\/image\/"},"sameAs":["https:\/\/www.facebook.com\/kentisgarden","https:\/\/www.instagram.com\/kentisgarden\/","https:\/\/it.pinterest.com\/kentisgarden","https:\/\/www.tiktok.com\/@kentis.com"]}]}},"_links":{"self":[{"href":"https:\/\/kentis.com\/fr\/wp-json\/wp\/v2\/product\/25694","targetHints":{"allow":["GET"]}}],"collection":[{"href":"https:\/\/kentis.com\/fr\/wp-json\/wp\/v2\/product"}],"about":[{"href":"https:\/\/kentis.com\/fr\/wp-json\/wp\/v2\/types\/product"}],"wp:featuredmedia":[{"embeddable":true,"href":"https:\/\/kentis.com\/fr\/wp-json\/wp\/v2\/media\/15686"}],"wp:attachment":[{"href":"https:\/\/kentis.com\/fr\/wp-json\/wp\/v2\/media?parent=25694"}],"wp:term":[{"taxonomy":"product_cat","embeddable":true,"href":"https:\/\/kentis.com\/fr\/wp-json\/wp\/v2\/product_cat?post=25694"},{"taxonomy":"product_tag","embeddable":true,"href":"https:\/\/kentis.com\/fr\/wp-json\/wp\/v2\/product_tag?post=25694"}],"curies":[{"name":"wp","href":"https:\/\/api.w.org\/{rel}","templated":true}]}}