{"id":25655,"date":"2021-08-19T09:12:03","date_gmt":"2021-08-19T07:12:03","guid":{"rendered":"https:\/\/kentis.com\/negozio\/nandina-domestica-obsessed\/"},"modified":"2024-11-19T17:22:11","modified_gmt":"2024-11-19T16:22:11","slug":"nandina-domestica-obsessed","status":"publish","type":"product","link":"https:\/\/kentis.com\/fr\/boutique\/nandina-domestica-obsessed\/","title":{"rendered":"Nandina Domestica Obsessed"},"content":{"rendered":"<div class=\"fusion-fullwidth fullwidth-box fusion-builder-row-1 fusion-flex-container nonhundred-percent-fullwidth non-hundred-percent-height-scrolling\" style=\"--awb-border-radius-top-left:0px;--awb-border-radius-top-right:0px;--awb-border-radius-bottom-right:0px;--awb-border-radius-bottom-left:0px;--awb-flex-wrap:wrap;\" ><div class=\"fusion-builder-row fusion-row fusion-flex-align-items-flex-start fusion-flex-content-wrap\" style=\"max-width:1248px;margin-left: calc(-4% \/ 2 );margin-right: calc(-4% \/ 2 );\"><div class=\"fusion-layout-column fusion_builder_column fusion-builder-column-0 fusion_builder_column_1_1 1_1 fusion-flex-column\" style=\"--awb-bg-size:cover;--awb-width-large:100%;--awb-margin-top-large:0px;--awb-spacing-right-large:1.92%;--awb-margin-bottom-large:0px;--awb-spacing-left-large:1.92%;--awb-width-medium:100%;--awb-spacing-right-medium:1.92%;--awb-spacing-left-medium:1.92%;--awb-width-small:100%;--awb-spacing-right-small:1.92%;--awb-spacing-left-small:1.92%;\"><div class=\"fusion-column-wrapper fusion-flex-justify-content-flex-start fusion-content-layout-column\"><div class=\"fusion-text fusion-text-1\"><p>Nandina domestica &#8216;Obsessed&#8217; est un \u00e9l\u00e9gant arbuste \u00e0 feuilles persistantes, parfait pour ceux qui recherchent une touche de couleur qui change au fil des saisons. Son feuillage dense et compact appara\u00eet au printemps avec de d\u00e9licats tons roses, puis se transforme en un rouge vif tandis que la plante se pare \u00e9galement de nombreuses fleurs blanches. En \u00e9t\u00e9, les feuilles deviennent vert vif, revenant au rouge intense en automne et en hiver lorsque la plante est \u00e9galement remplie de baies rouges, ajoutant une touche ornementale suppl\u00e9mentaire. Id\u00e9ale pour cr\u00e9er des bordures et des haies basses, elle s&#8217;adapte \u00e9galement parfaitement comme plante individuelle en pot, embellissant les terrasses et les jardins de sa beaut\u00e9 polyvalente.<\/p>\n<p>Hauteur de la plante depuis la base du pot : 50\/70 cm.<\/p>\n<\/div><\/div><\/div><\/div><\/div>\n","protected":false},"excerpt":{"rendered":"","protected":false},"featured_media":17351,"template":"","meta":{"_acf_changed":false},"product_cat":[576,523],"product_tag":[826],"class_list":{"0":"post-25655","1":"product","2":"type-product","3":"status-publish","4":"has-post-thumbnail","6":"product_cat-arbustes","7":"product_cat-plantes-de-haie","8":"product_tag-meilleures-ventes","9":"product_shipping_class-evergreen-fr","11":"first","12":"instock","13":"taxable","14":"shipping-taxable","15":"purchasable","16":"product-type-simple"},"acf":[],"yoast_head":"<!-- This site is optimized with the Yoast SEO plugin v23.4 - https:\/\/yoast.com\/wordpress\/plugins\/seo\/ -->\n<title>Nandina Domestica Obsessed - Plantes d&#039;ext\u00e9rieur | Kentis<\/title>\n<meta name=\"description\" content=\"Le Nandina Domestica Obsessed est parfait pour d\u00e9corer les parterres de fleurs et les bacs \u00e0 fleurs, ajoutant de la couleur \u00e0 votre jardin ou terrasse.\" \/>\n<meta name=\"robots\" content=\"index, follow, max-snippet:-1, max-image-preview:large, max-video-preview:-1\" \/>\n<link rel=\"canonical\" href=\"https:\/\/kentis.com\/fr\/boutique\/nandina-domestica-obsessed\/\" \/>\n<meta property=\"og:locale\" content=\"fr_FR\" \/>\n<meta property=\"og:type\" content=\"article\" \/>\n<meta property=\"og:title\" content=\"Nandina Domestica Obsessed - Plantes d&#039;ext\u00e9rieur | Kentis\" \/>\n<meta property=\"og:description\" content=\"Le Nandina Domestica Obsessed est parfait pour d\u00e9corer les parterres de fleurs et les bacs \u00e0 fleurs, ajoutant de la couleur \u00e0 votre jardin ou terrasse.\" \/>\n<meta property=\"og:url\" content=\"https:\/\/kentis.com\/fr\/boutique\/nandina-domestica-obsessed\/\" \/>\n<meta property=\"og:site_name\" content=\"Kentis\" \/>\n<meta property=\"article:publisher\" content=\"https:\/\/www.facebook.com\/kentisgarden\" \/>\n<meta property=\"article:modified_time\" content=\"2024-11-19T16:22:11+00:00\" \/>\n<meta property=\"og:image\" content=\"https:\/\/kentis.com\/wp-content\/uploads\/2021\/08\/nandina-obsessed2-copia-1024x1024.png\" \/>\n\t<meta property=\"og:image:width\" content=\"1024\" \/>\n\t<meta property=\"og:image:height\" content=\"1024\" \/>\n\t<meta property=\"og:image:type\" content=\"image\/png\" \/>\n<meta name=\"twitter:card\" content=\"summary_large_image\" \/>\n<meta name=\"twitter:label1\" content=\"Dur\u00e9e de lecture estim\u00e9e\" \/>\n\t<meta name=\"twitter:data1\" content=\"1 minute\" \/>\n<script type=\"application\/ld+json\" class=\"yoast-schema-graph\">{\"@context\":\"https:\/\/schema.org\",\"@graph\":[{\"@type\":\"WebPage\",\"@id\":\"https:\/\/kentis.com\/fr\/boutique\/nandina-domestica-obsessed\/\",\"url\":\"https:\/\/kentis.com\/fr\/boutique\/nandina-domestica-obsessed\/\",\"name\":\"Nandina Domestica Obsessed - Plantes d'ext\u00e9rieur | Kentis\",\"isPartOf\":{\"@id\":\"https:\/\/kentis.com\/fr\/#website\"},\"primaryImageOfPage\":{\"@id\":\"https:\/\/kentis.com\/fr\/boutique\/nandina-domestica-obsessed\/#primaryimage\"},\"image\":{\"@id\":\"https:\/\/kentis.com\/fr\/boutique\/nandina-domestica-obsessed\/#primaryimage\"},\"thumbnailUrl\":\"https:\/\/kentis.com\/wp-content\/uploads\/2021\/08\/nandina-obsessed2-copia.png\",\"datePublished\":\"2021-08-19T07:12:03+00:00\",\"dateModified\":\"2024-11-19T16:22:11+00:00\",\"description\":\"Le Nandina Domestica Obsessed est parfait pour d\u00e9corer les parterres de fleurs et les bacs \u00e0 fleurs, ajoutant de la couleur \u00e0 votre jardin ou terrasse.\",\"breadcrumb\":{\"@id\":\"https:\/\/kentis.com\/fr\/boutique\/nandina-domestica-obsessed\/#breadcrumb\"},\"inLanguage\":\"fr-FR\",\"potentialAction\":[{\"@type\":\"ReadAction\",\"target\":[\"https:\/\/kentis.com\/fr\/boutique\/nandina-domestica-obsessed\/\"]}]},{\"@type\":\"ImageObject\",\"inLanguage\":\"fr-FR\",\"@id\":\"https:\/\/kentis.com\/fr\/boutique\/nandina-domestica-obsessed\/#primaryimage\",\"url\":\"https:\/\/kentis.com\/wp-content\/uploads\/2021\/08\/nandina-obsessed2-copia.png\",\"contentUrl\":\"https:\/\/kentis.com\/wp-content\/uploads\/2021\/08\/nandina-obsessed2-copia.png\",\"width\":3380,\"height\":3380},{\"@type\":\"BreadcrumbList\",\"@id\":\"https:\/\/kentis.com\/fr\/boutique\/nandina-domestica-obsessed\/#breadcrumb\",\"itemListElement\":[{\"@type\":\"ListItem\",\"position\":1,\"name\":\"Home\",\"item\":\"https:\/\/kentis.com\/fr\/\"},{\"@type\":\"ListItem\",\"position\":2,\"name\":\"Boutique\",\"item\":\"https:\/\/kentis.com\/fr\/boutique\/\"},{\"@type\":\"ListItem\",\"position\":3,\"name\":\"Plantes\",\"item\":\"https:\/\/kentis.com\/fr\/categorie-produit\/plantes\/\"},{\"@type\":\"ListItem\",\"position\":4,\"name\":\"Plantes d'ext\u00e9rieur\",\"item\":\"https:\/\/kentis.com\/fr\/categorie-produit\/plantes\/plantes-d-exterieur\/\"},{\"@type\":\"ListItem\",\"position\":5,\"name\":\"Arbustes\",\"item\":\"https:\/\/kentis.com\/fr\/categorie-produit\/plantes\/plantes-d-exterieur\/arbustes\/\"},{\"@type\":\"ListItem\",\"position\":6,\"name\":\"Nandina Domestica Obsessed\"}]},{\"@type\":\"WebSite\",\"@id\":\"https:\/\/kentis.com\/fr\/#website\",\"url\":\"https:\/\/kentis.com\/fr\/\",\"name\":\"Kentis\",\"description\":\"Atelier del verde\",\"publisher\":{\"@id\":\"https:\/\/kentis.com\/fr\/#organization\"},\"potentialAction\":[{\"@type\":\"SearchAction\",\"target\":{\"@type\":\"EntryPoint\",\"urlTemplate\":\"https:\/\/kentis.com\/fr\/?s={search_term_string}\"},\"query-input\":{\"@type\":\"PropertyValueSpecification\",\"valueRequired\":true,\"valueName\":\"search_term_string\"}}],\"inLanguage\":\"fr-FR\"},{\"@type\":\"Organization\",\"@id\":\"https:\/\/kentis.com\/fr\/#organization\",\"name\":\"Kentis\",\"url\":\"https:\/\/kentis.com\/fr\/\",\"logo\":{\"@type\":\"ImageObject\",\"inLanguage\":\"fr-FR\",\"@id\":\"https:\/\/kentis.com\/fr\/#\/schema\/logo\/image\/\",\"url\":\"https:\/\/kentis.com\/wp-content\/uploads\/2021\/08\/logo-main.png\",\"contentUrl\":\"https:\/\/kentis.com\/wp-content\/uploads\/2021\/08\/logo-main.png\",\"width\":800,\"height\":204,\"caption\":\"Kentis\"},\"image\":{\"@id\":\"https:\/\/kentis.com\/fr\/#\/schema\/logo\/image\/\"},\"sameAs\":[\"https:\/\/www.facebook.com\/kentisgarden\",\"https:\/\/www.instagram.com\/kentisgarden\/\",\"https:\/\/it.pinterest.com\/kentisgarden\",\"https:\/\/www.tiktok.com\/@kentis.com\"]}]}<\/script>\n<!-- \/ Yoast SEO plugin. -->","yoast_head_json":{"title":"Nandina Domestica Obsessed - Plantes d'ext\u00e9rieur | Kentis","description":"Le Nandina Domestica Obsessed est parfait pour d\u00e9corer les parterres de fleurs et les bacs \u00e0 fleurs, ajoutant de la couleur \u00e0 votre jardin ou terrasse.","robots":{"index":"index","follow":"follow","max-snippet":"max-snippet:-1","max-image-preview":"max-image-preview:large","max-video-preview":"max-video-preview:-1"},"canonical":"https:\/\/kentis.com\/fr\/boutique\/nandina-domestica-obsessed\/","og_locale":"fr_FR","og_type":"article","og_title":"Nandina Domestica Obsessed - Plantes d'ext\u00e9rieur | Kentis","og_description":"Le Nandina Domestica Obsessed est parfait pour d\u00e9corer les parterres de fleurs et les bacs \u00e0 fleurs, ajoutant de la couleur \u00e0 votre jardin ou terrasse.","og_url":"https:\/\/kentis.com\/fr\/boutique\/nandina-domestica-obsessed\/","og_site_name":"Kentis","article_publisher":"https:\/\/www.facebook.com\/kentisgarden","article_modified_time":"2024-11-19T16:22:11+00:00","og_image":[{"width":1024,"height":1024,"url":"https:\/\/kentis.com\/wp-content\/uploads\/2021\/08\/nandina-obsessed2-copia-1024x1024.png","type":"image\/png"}],"twitter_card":"summary_large_image","twitter_misc":{"Dur\u00e9e de lecture estim\u00e9e":"1 minute"},"schema":{"@context":"https:\/\/schema.org","@graph":[{"@type":"WebPage","@id":"https:\/\/kentis.com\/fr\/boutique\/nandina-domestica-obsessed\/","url":"https:\/\/kentis.com\/fr\/boutique\/nandina-domestica-obsessed\/","name":"Nandina Domestica Obsessed - Plantes d'ext\u00e9rieur | Kentis","isPartOf":{"@id":"https:\/\/kentis.com\/fr\/#website"},"primaryImageOfPage":{"@id":"https:\/\/kentis.com\/fr\/boutique\/nandina-domestica-obsessed\/#primaryimage"},"image":{"@id":"https:\/\/kentis.com\/fr\/boutique\/nandina-domestica-obsessed\/#primaryimage"},"thumbnailUrl":"https:\/\/kentis.com\/wp-content\/uploads\/2021\/08\/nandina-obsessed2-copia.png","datePublished":"2021-08-19T07:12:03+00:00","dateModified":"2024-11-19T16:22:11+00:00","description":"Le Nandina Domestica Obsessed est parfait pour d\u00e9corer les parterres de fleurs et les bacs \u00e0 fleurs, ajoutant de la couleur \u00e0 votre jardin ou terrasse.","breadcrumb":{"@id":"https:\/\/kentis.com\/fr\/boutique\/nandina-domestica-obsessed\/#breadcrumb"},"inLanguage":"fr-FR","potentialAction":[{"@type":"ReadAction","target":["https:\/\/kentis.com\/fr\/boutique\/nandina-domestica-obsessed\/"]}]},{"@type":"ImageObject","inLanguage":"fr-FR","@id":"https:\/\/kentis.com\/fr\/boutique\/nandina-domestica-obsessed\/#primaryimage","url":"https:\/\/kentis.com\/wp-content\/uploads\/2021\/08\/nandina-obsessed2-copia.png","contentUrl":"https:\/\/kentis.com\/wp-content\/uploads\/2021\/08\/nandina-obsessed2-copia.png","width":3380,"height":3380},{"@type":"BreadcrumbList","@id":"https:\/\/kentis.com\/fr\/boutique\/nandina-domestica-obsessed\/#breadcrumb","itemListElement":[{"@type":"ListItem","position":1,"name":"Home","item":"https:\/\/kentis.com\/fr\/"},{"@type":"ListItem","position":2,"name":"Boutique","item":"https:\/\/kentis.com\/fr\/boutique\/"},{"@type":"ListItem","position":3,"name":"Plantes","item":"https:\/\/kentis.com\/fr\/categorie-produit\/plantes\/"},{"@type":"ListItem","position":4,"name":"Plantes d'ext\u00e9rieur","item":"https:\/\/kentis.com\/fr\/categorie-produit\/plantes\/plantes-d-exterieur\/"},{"@type":"ListItem","position":5,"name":"Arbustes","item":"https:\/\/kentis.com\/fr\/categorie-produit\/plantes\/plantes-d-exterieur\/arbustes\/"},{"@type":"ListItem","position":6,"name":"Nandina Domestica Obsessed"}]},{"@type":"WebSite","@id":"https:\/\/kentis.com\/fr\/#website","url":"https:\/\/kentis.com\/fr\/","name":"Kentis","description":"Atelier del verde","publisher":{"@id":"https:\/\/kentis.com\/fr\/#organization"},"potentialAction":[{"@type":"SearchAction","target":{"@type":"EntryPoint","urlTemplate":"https:\/\/kentis.com\/fr\/?s={search_term_string}"},"query-input":{"@type":"PropertyValueSpecification","valueRequired":true,"valueName":"search_term_string"}}],"inLanguage":"fr-FR"},{"@type":"Organization","@id":"https:\/\/kentis.com\/fr\/#organization","name":"Kentis","url":"https:\/\/kentis.com\/fr\/","logo":{"@type":"ImageObject","inLanguage":"fr-FR","@id":"https:\/\/kentis.com\/fr\/#\/schema\/logo\/image\/","url":"https:\/\/kentis.com\/wp-content\/uploads\/2021\/08\/logo-main.png","contentUrl":"https:\/\/kentis.com\/wp-content\/uploads\/2021\/08\/logo-main.png","width":800,"height":204,"caption":"Kentis"},"image":{"@id":"https:\/\/kentis.com\/fr\/#\/schema\/logo\/image\/"},"sameAs":["https:\/\/www.facebook.com\/kentisgarden","https:\/\/www.instagram.com\/kentisgarden\/","https:\/\/it.pinterest.com\/kentisgarden","https:\/\/www.tiktok.com\/@kentis.com"]}]}},"_links":{"self":[{"href":"https:\/\/kentis.com\/fr\/wp-json\/wp\/v2\/product\/25655","targetHints":{"allow":["GET"]}}],"collection":[{"href":"https:\/\/kentis.com\/fr\/wp-json\/wp\/v2\/product"}],"about":[{"href":"https:\/\/kentis.com\/fr\/wp-json\/wp\/v2\/types\/product"}],"wp:featuredmedia":[{"embeddable":true,"href":"https:\/\/kentis.com\/fr\/wp-json\/wp\/v2\/media\/17351"}],"wp:attachment":[{"href":"https:\/\/kentis.com\/fr\/wp-json\/wp\/v2\/media?parent=25655"}],"wp:term":[{"taxonomy":"product_cat","embeddable":true,"href":"https:\/\/kentis.com\/fr\/wp-json\/wp\/v2\/product_cat?post=25655"},{"taxonomy":"product_tag","embeddable":true,"href":"https:\/\/kentis.com\/fr\/wp-json\/wp\/v2\/product_tag?post=25655"}],"curies":[{"name":"wp","href":"https:\/\/api.w.org\/{rel}","templated":true}]}}