{"id":25650,"date":"2021-08-19T16:51:25","date_gmt":"2021-08-19T14:51:25","guid":{"rendered":"https:\/\/kentis.com\/negozio\/aucuba-japonica-crotonifolia\/"},"modified":"2025-02-13T17:42:42","modified_gmt":"2025-02-13T16:42:42","slug":"aucuba-japonica-crotonifolia","status":"publish","type":"product","link":"https:\/\/kentis.com\/fr\/boutique\/aucuba-japonica-crotonifolia\/","title":{"rendered":"Aucuba Japonica Crotonifolia"},"content":{"rendered":"<div class=\"fusion-fullwidth fullwidth-box fusion-builder-row-1 fusion-flex-container nonhundred-percent-fullwidth non-hundred-percent-height-scrolling\" style=\"--awb-border-radius-top-left:0px;--awb-border-radius-top-right:0px;--awb-border-radius-bottom-right:0px;--awb-border-radius-bottom-left:0px;--awb-flex-wrap:wrap;\" ><div class=\"fusion-builder-row fusion-row fusion-flex-align-items-flex-start fusion-flex-content-wrap\" style=\"max-width:1248px;margin-left: calc(-4% \/ 2 );margin-right: calc(-4% \/ 2 );\"><div class=\"fusion-layout-column fusion_builder_column fusion-builder-column-0 fusion_builder_column_1_1 1_1 fusion-flex-column\" style=\"--awb-bg-size:cover;--awb-width-large:100%;--awb-margin-top-large:0px;--awb-spacing-right-large:1.92%;--awb-margin-bottom-large:0px;--awb-spacing-left-large:1.92%;--awb-width-medium:100%;--awb-spacing-right-medium:1.92%;--awb-spacing-left-medium:1.92%;--awb-width-small:100%;--awb-spacing-right-small:1.92%;--awb-spacing-left-small:1.92%;\"><div class=\"fusion-column-wrapper fusion-flex-justify-content-flex-start fusion-content-layout-column\"><div class=\"fusion-text fusion-text-1\"><p>Cette plante est tr\u00e8s polyvalente, en effet elle peut \u00eatre utilis\u00e9e aussi bien isol\u00e9e que pour cr\u00e9er de magnifiques haies ou \u00e9crans. Il peut \u00eatre cultiv\u00e9 aussi bien dans le sol de votre jardin qu&#8217;en pot sur votre balcon et est souvent utilis\u00e9 pour couvrir les zones sombres o\u00f9 d&#8217;autres plantes ne pourraient pas survivre.<\/p>\n<p><em>La hauteur est \u00e0 consid\u00e9rer \u00e0 partir de la base du vase : 60\/80 cm.<\/em><\/p>\n<\/div><\/div><\/div><\/div><\/div>\n","protected":false},"excerpt":{"rendered":"","protected":false},"featured_media":17345,"template":"","meta":{"_acf_changed":false},"product_cat":[576,523],"product_tag":[],"class_list":{"0":"post-25650","1":"product","2":"type-product","3":"status-publish","4":"has-post-thumbnail","6":"product_cat-arbustes","7":"product_cat-plantes-de-haie","8":"product_shipping_class-evergreen-fr","9":"pa_ambienti-balcon","11":"first","12":"instock","13":"taxable","14":"shipping-taxable","15":"purchasable","16":"product-type-simple"},"acf":[],"yoast_head":"<!-- This site is optimized with the Yoast SEO plugin v23.4 - https:\/\/yoast.com\/wordpress\/plugins\/seo\/ -->\n<title>Aucuba Japonica Crotonifolia - Plantes de balcon | Kentis<\/title>\n<meta name=\"description\" content=\"L&#039;Aucuba Japonica Crotonifolia est tr\u00e8s polyvalent ; en effet, il peut \u00eatre utilis\u00e9 seul ou pour cr\u00e9er de belles haies dans le jardin.\" \/>\n<meta name=\"robots\" content=\"index, follow, max-snippet:-1, max-image-preview:large, max-video-preview:-1\" \/>\n<link rel=\"canonical\" href=\"https:\/\/kentis.com\/fr\/boutique\/aucuba-japonica-crotonifolia\/\" \/>\n<meta property=\"og:locale\" content=\"fr_FR\" \/>\n<meta property=\"og:type\" content=\"article\" \/>\n<meta property=\"og:title\" content=\"Aucuba Japonica Crotonifolia - Plantes de balcon | Kentis\" \/>\n<meta property=\"og:description\" content=\"L&#039;Aucuba Japonica Crotonifolia est tr\u00e8s polyvalent ; en effet, il peut \u00eatre utilis\u00e9 seul ou pour cr\u00e9er de belles haies dans le jardin.\" \/>\n<meta property=\"og:url\" content=\"https:\/\/kentis.com\/fr\/boutique\/aucuba-japonica-crotonifolia\/\" \/>\n<meta property=\"og:site_name\" content=\"Kentis\" \/>\n<meta property=\"article:publisher\" content=\"https:\/\/www.facebook.com\/kentisgarden\" \/>\n<meta property=\"article:modified_time\" content=\"2025-02-13T16:42:42+00:00\" \/>\n<meta property=\"og:image\" content=\"https:\/\/kentis.com\/wp-content\/uploads\/2021\/08\/AUCUBA-senza-logo-922x1024.png\" \/>\n\t<meta property=\"og:image:width\" content=\"922\" \/>\n\t<meta property=\"og:image:height\" content=\"1024\" \/>\n\t<meta property=\"og:image:type\" content=\"image\/png\" \/>\n<meta name=\"twitter:card\" content=\"summary_large_image\" \/>\n<meta name=\"twitter:label1\" content=\"Dur\u00e9e de lecture estim\u00e9e\" \/>\n\t<meta name=\"twitter:data1\" content=\"1 minute\" \/>\n<script type=\"application\/ld+json\" class=\"yoast-schema-graph\">{\"@context\":\"https:\/\/schema.org\",\"@graph\":[{\"@type\":\"WebPage\",\"@id\":\"https:\/\/kentis.com\/fr\/boutique\/aucuba-japonica-crotonifolia\/\",\"url\":\"https:\/\/kentis.com\/fr\/boutique\/aucuba-japonica-crotonifolia\/\",\"name\":\"Aucuba Japonica Crotonifolia - Plantes de balcon | Kentis\",\"isPartOf\":{\"@id\":\"https:\/\/kentis.com\/fr\/#website\"},\"primaryImageOfPage\":{\"@id\":\"https:\/\/kentis.com\/fr\/boutique\/aucuba-japonica-crotonifolia\/#primaryimage\"},\"image\":{\"@id\":\"https:\/\/kentis.com\/fr\/boutique\/aucuba-japonica-crotonifolia\/#primaryimage\"},\"thumbnailUrl\":\"https:\/\/kentis.com\/wp-content\/uploads\/2021\/08\/AUCUBA-senza-logo.png\",\"datePublished\":\"2021-08-19T14:51:25+00:00\",\"dateModified\":\"2025-02-13T16:42:42+00:00\",\"description\":\"L'Aucuba Japonica Crotonifolia est tr\u00e8s polyvalent ; en effet, il peut \u00eatre utilis\u00e9 seul ou pour cr\u00e9er de belles haies dans le jardin.\",\"breadcrumb\":{\"@id\":\"https:\/\/kentis.com\/fr\/boutique\/aucuba-japonica-crotonifolia\/#breadcrumb\"},\"inLanguage\":\"fr-FR\",\"potentialAction\":[{\"@type\":\"ReadAction\",\"target\":[\"https:\/\/kentis.com\/fr\/boutique\/aucuba-japonica-crotonifolia\/\"]}]},{\"@type\":\"ImageObject\",\"inLanguage\":\"fr-FR\",\"@id\":\"https:\/\/kentis.com\/fr\/boutique\/aucuba-japonica-crotonifolia\/#primaryimage\",\"url\":\"https:\/\/kentis.com\/wp-content\/uploads\/2021\/08\/AUCUBA-senza-logo.png\",\"contentUrl\":\"https:\/\/kentis.com\/wp-content\/uploads\/2021\/08\/AUCUBA-senza-logo.png\",\"width\":3060,\"height\":3397},{\"@type\":\"BreadcrumbList\",\"@id\":\"https:\/\/kentis.com\/fr\/boutique\/aucuba-japonica-crotonifolia\/#breadcrumb\",\"itemListElement\":[{\"@type\":\"ListItem\",\"position\":1,\"name\":\"Home\",\"item\":\"https:\/\/kentis.com\/fr\/\"},{\"@type\":\"ListItem\",\"position\":2,\"name\":\"Boutique\",\"item\":\"https:\/\/kentis.com\/fr\/boutique\/\"},{\"@type\":\"ListItem\",\"position\":3,\"name\":\"Plantes\",\"item\":\"https:\/\/kentis.com\/fr\/categorie-produit\/plantes\/\"},{\"@type\":\"ListItem\",\"position\":4,\"name\":\"Plantes d'ext\u00e9rieur\",\"item\":\"https:\/\/kentis.com\/fr\/categorie-produit\/plantes\/plantes-d-exterieur\/\"},{\"@type\":\"ListItem\",\"position\":5,\"name\":\"Arbustes\",\"item\":\"https:\/\/kentis.com\/fr\/categorie-produit\/plantes\/plantes-d-exterieur\/arbustes\/\"},{\"@type\":\"ListItem\",\"position\":6,\"name\":\"Aucuba Japonica Crotonifolia\"}]},{\"@type\":\"WebSite\",\"@id\":\"https:\/\/kentis.com\/fr\/#website\",\"url\":\"https:\/\/kentis.com\/fr\/\",\"name\":\"Kentis\",\"description\":\"Atelier del verde\",\"publisher\":{\"@id\":\"https:\/\/kentis.com\/fr\/#organization\"},\"potentialAction\":[{\"@type\":\"SearchAction\",\"target\":{\"@type\":\"EntryPoint\",\"urlTemplate\":\"https:\/\/kentis.com\/fr\/?s={search_term_string}\"},\"query-input\":{\"@type\":\"PropertyValueSpecification\",\"valueRequired\":true,\"valueName\":\"search_term_string\"}}],\"inLanguage\":\"fr-FR\"},{\"@type\":\"Organization\",\"@id\":\"https:\/\/kentis.com\/fr\/#organization\",\"name\":\"Kentis\",\"url\":\"https:\/\/kentis.com\/fr\/\",\"logo\":{\"@type\":\"ImageObject\",\"inLanguage\":\"fr-FR\",\"@id\":\"https:\/\/kentis.com\/fr\/#\/schema\/logo\/image\/\",\"url\":\"https:\/\/kentis.com\/wp-content\/uploads\/2021\/08\/logo-main.png\",\"contentUrl\":\"https:\/\/kentis.com\/wp-content\/uploads\/2021\/08\/logo-main.png\",\"width\":800,\"height\":204,\"caption\":\"Kentis\"},\"image\":{\"@id\":\"https:\/\/kentis.com\/fr\/#\/schema\/logo\/image\/\"},\"sameAs\":[\"https:\/\/www.facebook.com\/kentisgarden\",\"https:\/\/www.instagram.com\/kentisgarden\/\",\"https:\/\/it.pinterest.com\/kentisgarden\",\"https:\/\/www.tiktok.com\/@kentis.com\"]}]}<\/script>\n<!-- \/ Yoast SEO plugin. -->","yoast_head_json":{"title":"Aucuba Japonica Crotonifolia - Plantes de balcon | Kentis","description":"L'Aucuba Japonica Crotonifolia est tr\u00e8s polyvalent ; en effet, il peut \u00eatre utilis\u00e9 seul ou pour cr\u00e9er de belles haies dans le jardin.","robots":{"index":"index","follow":"follow","max-snippet":"max-snippet:-1","max-image-preview":"max-image-preview:large","max-video-preview":"max-video-preview:-1"},"canonical":"https:\/\/kentis.com\/fr\/boutique\/aucuba-japonica-crotonifolia\/","og_locale":"fr_FR","og_type":"article","og_title":"Aucuba Japonica Crotonifolia - Plantes de balcon | Kentis","og_description":"L'Aucuba Japonica Crotonifolia est tr\u00e8s polyvalent ; en effet, il peut \u00eatre utilis\u00e9 seul ou pour cr\u00e9er de belles haies dans le jardin.","og_url":"https:\/\/kentis.com\/fr\/boutique\/aucuba-japonica-crotonifolia\/","og_site_name":"Kentis","article_publisher":"https:\/\/www.facebook.com\/kentisgarden","article_modified_time":"2025-02-13T16:42:42+00:00","og_image":[{"width":922,"height":1024,"url":"https:\/\/kentis.com\/wp-content\/uploads\/2021\/08\/AUCUBA-senza-logo-922x1024.png","type":"image\/png"}],"twitter_card":"summary_large_image","twitter_misc":{"Dur\u00e9e de lecture estim\u00e9e":"1 minute"},"schema":{"@context":"https:\/\/schema.org","@graph":[{"@type":"WebPage","@id":"https:\/\/kentis.com\/fr\/boutique\/aucuba-japonica-crotonifolia\/","url":"https:\/\/kentis.com\/fr\/boutique\/aucuba-japonica-crotonifolia\/","name":"Aucuba Japonica Crotonifolia - Plantes de balcon | Kentis","isPartOf":{"@id":"https:\/\/kentis.com\/fr\/#website"},"primaryImageOfPage":{"@id":"https:\/\/kentis.com\/fr\/boutique\/aucuba-japonica-crotonifolia\/#primaryimage"},"image":{"@id":"https:\/\/kentis.com\/fr\/boutique\/aucuba-japonica-crotonifolia\/#primaryimage"},"thumbnailUrl":"https:\/\/kentis.com\/wp-content\/uploads\/2021\/08\/AUCUBA-senza-logo.png","datePublished":"2021-08-19T14:51:25+00:00","dateModified":"2025-02-13T16:42:42+00:00","description":"L'Aucuba Japonica Crotonifolia est tr\u00e8s polyvalent ; en effet, il peut \u00eatre utilis\u00e9 seul ou pour cr\u00e9er de belles haies dans le jardin.","breadcrumb":{"@id":"https:\/\/kentis.com\/fr\/boutique\/aucuba-japonica-crotonifolia\/#breadcrumb"},"inLanguage":"fr-FR","potentialAction":[{"@type":"ReadAction","target":["https:\/\/kentis.com\/fr\/boutique\/aucuba-japonica-crotonifolia\/"]}]},{"@type":"ImageObject","inLanguage":"fr-FR","@id":"https:\/\/kentis.com\/fr\/boutique\/aucuba-japonica-crotonifolia\/#primaryimage","url":"https:\/\/kentis.com\/wp-content\/uploads\/2021\/08\/AUCUBA-senza-logo.png","contentUrl":"https:\/\/kentis.com\/wp-content\/uploads\/2021\/08\/AUCUBA-senza-logo.png","width":3060,"height":3397},{"@type":"BreadcrumbList","@id":"https:\/\/kentis.com\/fr\/boutique\/aucuba-japonica-crotonifolia\/#breadcrumb","itemListElement":[{"@type":"ListItem","position":1,"name":"Home","item":"https:\/\/kentis.com\/fr\/"},{"@type":"ListItem","position":2,"name":"Boutique","item":"https:\/\/kentis.com\/fr\/boutique\/"},{"@type":"ListItem","position":3,"name":"Plantes","item":"https:\/\/kentis.com\/fr\/categorie-produit\/plantes\/"},{"@type":"ListItem","position":4,"name":"Plantes d'ext\u00e9rieur","item":"https:\/\/kentis.com\/fr\/categorie-produit\/plantes\/plantes-d-exterieur\/"},{"@type":"ListItem","position":5,"name":"Arbustes","item":"https:\/\/kentis.com\/fr\/categorie-produit\/plantes\/plantes-d-exterieur\/arbustes\/"},{"@type":"ListItem","position":6,"name":"Aucuba Japonica Crotonifolia"}]},{"@type":"WebSite","@id":"https:\/\/kentis.com\/fr\/#website","url":"https:\/\/kentis.com\/fr\/","name":"Kentis","description":"Atelier del verde","publisher":{"@id":"https:\/\/kentis.com\/fr\/#organization"},"potentialAction":[{"@type":"SearchAction","target":{"@type":"EntryPoint","urlTemplate":"https:\/\/kentis.com\/fr\/?s={search_term_string}"},"query-input":{"@type":"PropertyValueSpecification","valueRequired":true,"valueName":"search_term_string"}}],"inLanguage":"fr-FR"},{"@type":"Organization","@id":"https:\/\/kentis.com\/fr\/#organization","name":"Kentis","url":"https:\/\/kentis.com\/fr\/","logo":{"@type":"ImageObject","inLanguage":"fr-FR","@id":"https:\/\/kentis.com\/fr\/#\/schema\/logo\/image\/","url":"https:\/\/kentis.com\/wp-content\/uploads\/2021\/08\/logo-main.png","contentUrl":"https:\/\/kentis.com\/wp-content\/uploads\/2021\/08\/logo-main.png","width":800,"height":204,"caption":"Kentis"},"image":{"@id":"https:\/\/kentis.com\/fr\/#\/schema\/logo\/image\/"},"sameAs":["https:\/\/www.facebook.com\/kentisgarden","https:\/\/www.instagram.com\/kentisgarden\/","https:\/\/it.pinterest.com\/kentisgarden","https:\/\/www.tiktok.com\/@kentis.com"]}]}},"_links":{"self":[{"href":"https:\/\/kentis.com\/fr\/wp-json\/wp\/v2\/product\/25650","targetHints":{"allow":["GET"]}}],"collection":[{"href":"https:\/\/kentis.com\/fr\/wp-json\/wp\/v2\/product"}],"about":[{"href":"https:\/\/kentis.com\/fr\/wp-json\/wp\/v2\/types\/product"}],"wp:featuredmedia":[{"embeddable":true,"href":"https:\/\/kentis.com\/fr\/wp-json\/wp\/v2\/media\/17345"}],"wp:attachment":[{"href":"https:\/\/kentis.com\/fr\/wp-json\/wp\/v2\/media?parent=25650"}],"wp:term":[{"taxonomy":"product_cat","embeddable":true,"href":"https:\/\/kentis.com\/fr\/wp-json\/wp\/v2\/product_cat?post=25650"},{"taxonomy":"product_tag","embeddable":true,"href":"https:\/\/kentis.com\/fr\/wp-json\/wp\/v2\/product_tag?post=25650"}],"curies":[{"name":"wp","href":"https:\/\/api.w.org\/{rel}","templated":true}]}}