{"id":25611,"date":"2021-08-20T09:27:59","date_gmt":"2021-08-20T07:27:59","guid":{"rendered":"https:\/\/kentis.com\/negozio\/nerium-oleander-rosso\/"},"modified":"2025-03-12T12:55:31","modified_gmt":"2025-03-12T11:55:31","slug":"nerium-oleander-rouge-laurier-rose","status":"publish","type":"product","link":"https:\/\/kentis.com\/fr\/boutique\/nerium-oleander-rouge-laurier-rose\/","title":{"rendered":"Nerium Oleander Rouge (Laurier-rose)"},"content":{"rendered":"<div class=\"fusion-fullwidth fullwidth-box fusion-builder-row-1 fusion-flex-container has-pattern-background has-mask-background nonhundred-percent-fullwidth non-hundred-percent-height-scrolling\" style=\"--awb-border-radius-top-left:0px;--awb-border-radius-top-right:0px;--awb-border-radius-bottom-right:0px;--awb-border-radius-bottom-left:0px;--awb-padding-top:0px;--awb-padding-right:0px;--awb-padding-bottom:0px;--awb-padding-left:0px;--awb-flex-wrap:wrap;\" ><div class=\"fusion-builder-row fusion-row fusion-flex-align-items-flex-start fusion-flex-content-wrap\" style=\"max-width:1248px;margin-left: calc(-4% \/ 2 );margin-right: calc(-4% \/ 2 );\"><div class=\"fusion-layout-column fusion_builder_column fusion-builder-column-0 fusion_builder_column_1_1 1_1 fusion-flex-column\" style=\"--awb-bg-size:cover;--awb-width-large:100%;--awb-margin-top-large:0px;--awb-spacing-right-large:1.92%;--awb-margin-bottom-large:0px;--awb-spacing-left-large:1.92%;--awb-width-medium:100%;--awb-spacing-right-medium:1.92%;--awb-spacing-left-medium:1.92%;--awb-width-small:100%;--awb-spacing-right-small:1.92%;--awb-spacing-left-small:1.92%;\"><div class=\"fusion-column-wrapper fusion-flex-justify-content-flex-start fusion-content-layout-column\"><div class=\"fusion-text fusion-text-1\"><p>Le <strong>laurier-rose<\/strong> (<em>Nerium oleander<\/em>) est une <strong>plante d&#8217;ext\u00e9rieur \u00e0 feuilles persistantes<\/strong>, tr\u00e8s appr\u00e9ci\u00e9e pour sa <strong>longue p\u00e9riode de floraison<\/strong>, qui s&#8217;\u00e9tend du printemps \u00e0 l&#8217;automne. Pendant cette p\u00e9riode, il produit d&#8217;abondantes <strong>fleurs aux couleurs vives<\/strong>, allant du rouge au blanc en passant par le rose. En raison de sa <strong>grande r\u00e9sistance \u00e0 l&#8217;air salin<\/strong>, le laurier-rose est particuli\u00e8rement appr\u00e9ci\u00e9 dans les r\u00e9gions c\u00f4ti\u00e8res. En outre, sa <strong>capacit\u00e9 \u00e0 tol\u00e9rer la pollution de l&#8217;air<\/strong> en fait une plante id\u00e9ale pour les citadins. Cette plante \u00e0 fleurs est l<strong>argement utilis\u00e9e pour cr\u00e9er des haies ornementales en raison de son port arbustif<\/strong>, mais elle convient tout aussi bien en tant que sp\u00e9cimen isol\u00e9 dans le jardin ainsi que sur les balcons ou les terrasses. Dans les r\u00e9gions au climat doux, il peut devenir un arbre \u00e0 part enti\u00e8re.<\/p>\n<\/div><\/div><\/div><\/div><\/div>\n","protected":false},"excerpt":{"rendered":"","protected":false},"featured_media":37234,"template":"","meta":{"_acf_changed":false},"product_cat":[582,576,1261,523],"product_tag":[450],"class_list":{"0":"post-25611","1":"product","2":"type-product","3":"status-publish","4":"has-post-thumbnail","6":"product_cat-arbres","7":"product_cat-arbustes","8":"product_cat-piante-da-fiore-fr","9":"product_cat-plantes-de-haie","10":"product_tag-nouveaute","11":"product_shipping_class-evergreen-fr","13":"first","14":"instock","15":"taxable","16":"shipping-taxable","17":"purchasable","18":"product-type-variable","19":"has-default-attributes"},"acf":[],"yoast_head":"<!-- This site is optimized with the Yoast SEO plugin v23.4 - https:\/\/yoast.com\/wordpress\/plugins\/seo\/ -->\n<title>Nerium Oleander Rouge - Plantes de Laurier-rose | Kentis<\/title>\n<meta name=\"description\" content=\"Le laurier-rose (Nerium oleander) est une plante d&#039;ext\u00e9rieur tr\u00e8s appr\u00e9ci\u00e9e pour sa longue et abondante floraison, rouge dans ce cas.\" \/>\n<meta name=\"robots\" content=\"index, follow, max-snippet:-1, max-image-preview:large, max-video-preview:-1\" \/>\n<link rel=\"canonical\" href=\"https:\/\/kentis.com\/fr\/boutique\/nerium-oleander-rouge-laurier-rose\/\" \/>\n<meta property=\"og:locale\" content=\"fr_FR\" \/>\n<meta property=\"og:type\" content=\"article\" \/>\n<meta property=\"og:title\" content=\"Nerium Oleander Rouge - Plantes de Laurier-rose | Kentis\" \/>\n<meta property=\"og:description\" content=\"Le laurier-rose (Nerium oleander) est une plante d&#039;ext\u00e9rieur tr\u00e8s appr\u00e9ci\u00e9e pour sa longue et abondante floraison, rouge dans ce cas.\" \/>\n<meta property=\"og:url\" content=\"https:\/\/kentis.com\/fr\/boutique\/nerium-oleander-rouge-laurier-rose\/\" \/>\n<meta property=\"og:site_name\" content=\"Kentis\" \/>\n<meta property=\"article:publisher\" content=\"https:\/\/www.facebook.com\/kentisgarden\" \/>\n<meta property=\"article:modified_time\" content=\"2025-03-12T11:55:31+00:00\" \/>\n<meta property=\"og:image\" content=\"https:\/\/kentis.com\/wp-content\/uploads\/2021\/08\/Nerium-Oleander-rosso.jpg\" \/>\n\t<meta property=\"og:image:width\" content=\"1000\" \/>\n\t<meta property=\"og:image:height\" content=\"1000\" \/>\n\t<meta property=\"og:image:type\" content=\"image\/jpeg\" \/>\n<meta name=\"twitter:card\" content=\"summary_large_image\" \/>\n<meta name=\"twitter:label1\" content=\"Dur\u00e9e de lecture estim\u00e9e\" \/>\n\t<meta name=\"twitter:data1\" content=\"1 minute\" \/>\n<script type=\"application\/ld+json\" class=\"yoast-schema-graph\">{\"@context\":\"https:\/\/schema.org\",\"@graph\":[{\"@type\":\"WebPage\",\"@id\":\"https:\/\/kentis.com\/fr\/boutique\/nerium-oleander-rouge-laurier-rose\/\",\"url\":\"https:\/\/kentis.com\/fr\/boutique\/nerium-oleander-rouge-laurier-rose\/\",\"name\":\"Nerium Oleander Rouge - Plantes de Laurier-rose | Kentis\",\"isPartOf\":{\"@id\":\"https:\/\/kentis.com\/fr\/#website\"},\"primaryImageOfPage\":{\"@id\":\"https:\/\/kentis.com\/fr\/boutique\/nerium-oleander-rouge-laurier-rose\/#primaryimage\"},\"image\":{\"@id\":\"https:\/\/kentis.com\/fr\/boutique\/nerium-oleander-rouge-laurier-rose\/#primaryimage\"},\"thumbnailUrl\":\"https:\/\/kentis.com\/wp-content\/uploads\/2021\/08\/3.png\",\"datePublished\":\"2021-08-20T07:27:59+00:00\",\"dateModified\":\"2025-03-12T11:55:31+00:00\",\"description\":\"Le laurier-rose (Nerium oleander) est une plante d'ext\u00e9rieur tr\u00e8s appr\u00e9ci\u00e9e pour sa longue et abondante floraison, rouge dans ce cas.\",\"breadcrumb\":{\"@id\":\"https:\/\/kentis.com\/fr\/boutique\/nerium-oleander-rouge-laurier-rose\/#breadcrumb\"},\"inLanguage\":\"fr-FR\",\"potentialAction\":[{\"@type\":\"ReadAction\",\"target\":[\"https:\/\/kentis.com\/fr\/boutique\/nerium-oleander-rouge-laurier-rose\/\"]}]},{\"@type\":\"ImageObject\",\"inLanguage\":\"fr-FR\",\"@id\":\"https:\/\/kentis.com\/fr\/boutique\/nerium-oleander-rouge-laurier-rose\/#primaryimage\",\"url\":\"https:\/\/kentis.com\/wp-content\/uploads\/2021\/08\/3.png\",\"contentUrl\":\"https:\/\/kentis.com\/wp-content\/uploads\/2021\/08\/3.png\",\"width\":1500,\"height\":1500},{\"@type\":\"BreadcrumbList\",\"@id\":\"https:\/\/kentis.com\/fr\/boutique\/nerium-oleander-rouge-laurier-rose\/#breadcrumb\",\"itemListElement\":[{\"@type\":\"ListItem\",\"position\":1,\"name\":\"Home\",\"item\":\"https:\/\/kentis.com\/fr\/\"},{\"@type\":\"ListItem\",\"position\":2,\"name\":\"Boutique\",\"item\":\"https:\/\/kentis.com\/fr\/boutique\/\"},{\"@type\":\"ListItem\",\"position\":3,\"name\":\"Plantes\",\"item\":\"https:\/\/kentis.com\/fr\/categorie-produit\/plantes\/\"},{\"@type\":\"ListItem\",\"position\":4,\"name\":\"Plantes d'ext\u00e9rieur\",\"item\":\"https:\/\/kentis.com\/fr\/categorie-produit\/plantes\/plantes-d-exterieur\/\"},{\"@type\":\"ListItem\",\"position\":5,\"name\":\"Arbres\",\"item\":\"https:\/\/kentis.com\/fr\/categorie-produit\/plantes\/plantes-d-exterieur\/arbres\/\"},{\"@type\":\"ListItem\",\"position\":6,\"name\":\"Nerium Oleander Rouge (Laurier-rose)\"}]},{\"@type\":\"WebSite\",\"@id\":\"https:\/\/kentis.com\/fr\/#website\",\"url\":\"https:\/\/kentis.com\/fr\/\",\"name\":\"Kentis\",\"description\":\"Atelier del verde\",\"publisher\":{\"@id\":\"https:\/\/kentis.com\/fr\/#organization\"},\"potentialAction\":[{\"@type\":\"SearchAction\",\"target\":{\"@type\":\"EntryPoint\",\"urlTemplate\":\"https:\/\/kentis.com\/fr\/?s={search_term_string}\"},\"query-input\":{\"@type\":\"PropertyValueSpecification\",\"valueRequired\":true,\"valueName\":\"search_term_string\"}}],\"inLanguage\":\"fr-FR\"},{\"@type\":\"Organization\",\"@id\":\"https:\/\/kentis.com\/fr\/#organization\",\"name\":\"Kentis\",\"url\":\"https:\/\/kentis.com\/fr\/\",\"logo\":{\"@type\":\"ImageObject\",\"inLanguage\":\"fr-FR\",\"@id\":\"https:\/\/kentis.com\/fr\/#\/schema\/logo\/image\/\",\"url\":\"https:\/\/kentis.com\/wp-content\/uploads\/2021\/08\/logo-main.png\",\"contentUrl\":\"https:\/\/kentis.com\/wp-content\/uploads\/2021\/08\/logo-main.png\",\"width\":800,\"height\":204,\"caption\":\"Kentis\"},\"image\":{\"@id\":\"https:\/\/kentis.com\/fr\/#\/schema\/logo\/image\/\"},\"sameAs\":[\"https:\/\/www.facebook.com\/kentisgarden\",\"https:\/\/www.instagram.com\/kentisgarden\/\",\"https:\/\/it.pinterest.com\/kentisgarden\",\"https:\/\/www.tiktok.com\/@kentis.com\"]}]}<\/script>\n<!-- \/ Yoast SEO plugin. -->","yoast_head_json":{"title":"Nerium Oleander Rouge - Plantes de Laurier-rose | Kentis","description":"Le laurier-rose (Nerium oleander) est une plante d'ext\u00e9rieur tr\u00e8s appr\u00e9ci\u00e9e pour sa longue et abondante floraison, rouge dans ce cas.","robots":{"index":"index","follow":"follow","max-snippet":"max-snippet:-1","max-image-preview":"max-image-preview:large","max-video-preview":"max-video-preview:-1"},"canonical":"https:\/\/kentis.com\/fr\/boutique\/nerium-oleander-rouge-laurier-rose\/","og_locale":"fr_FR","og_type":"article","og_title":"Nerium Oleander Rouge - Plantes de Laurier-rose | Kentis","og_description":"Le laurier-rose (Nerium oleander) est une plante d'ext\u00e9rieur tr\u00e8s appr\u00e9ci\u00e9e pour sa longue et abondante floraison, rouge dans ce cas.","og_url":"https:\/\/kentis.com\/fr\/boutique\/nerium-oleander-rouge-laurier-rose\/","og_site_name":"Kentis","article_publisher":"https:\/\/www.facebook.com\/kentisgarden","article_modified_time":"2025-03-12T11:55:31+00:00","og_image":[{"width":1000,"height":1000,"url":"https:\/\/kentis.com\/wp-content\/uploads\/2021\/08\/Nerium-Oleander-rosso.jpg","type":"image\/jpeg"}],"twitter_card":"summary_large_image","twitter_misc":{"Dur\u00e9e de lecture estim\u00e9e":"1 minute"},"schema":{"@context":"https:\/\/schema.org","@graph":[{"@type":"WebPage","@id":"https:\/\/kentis.com\/fr\/boutique\/nerium-oleander-rouge-laurier-rose\/","url":"https:\/\/kentis.com\/fr\/boutique\/nerium-oleander-rouge-laurier-rose\/","name":"Nerium Oleander Rouge - Plantes de Laurier-rose | Kentis","isPartOf":{"@id":"https:\/\/kentis.com\/fr\/#website"},"primaryImageOfPage":{"@id":"https:\/\/kentis.com\/fr\/boutique\/nerium-oleander-rouge-laurier-rose\/#primaryimage"},"image":{"@id":"https:\/\/kentis.com\/fr\/boutique\/nerium-oleander-rouge-laurier-rose\/#primaryimage"},"thumbnailUrl":"https:\/\/kentis.com\/wp-content\/uploads\/2021\/08\/3.png","datePublished":"2021-08-20T07:27:59+00:00","dateModified":"2025-03-12T11:55:31+00:00","description":"Le laurier-rose (Nerium oleander) est une plante d'ext\u00e9rieur tr\u00e8s appr\u00e9ci\u00e9e pour sa longue et abondante floraison, rouge dans ce cas.","breadcrumb":{"@id":"https:\/\/kentis.com\/fr\/boutique\/nerium-oleander-rouge-laurier-rose\/#breadcrumb"},"inLanguage":"fr-FR","potentialAction":[{"@type":"ReadAction","target":["https:\/\/kentis.com\/fr\/boutique\/nerium-oleander-rouge-laurier-rose\/"]}]},{"@type":"ImageObject","inLanguage":"fr-FR","@id":"https:\/\/kentis.com\/fr\/boutique\/nerium-oleander-rouge-laurier-rose\/#primaryimage","url":"https:\/\/kentis.com\/wp-content\/uploads\/2021\/08\/3.png","contentUrl":"https:\/\/kentis.com\/wp-content\/uploads\/2021\/08\/3.png","width":1500,"height":1500},{"@type":"BreadcrumbList","@id":"https:\/\/kentis.com\/fr\/boutique\/nerium-oleander-rouge-laurier-rose\/#breadcrumb","itemListElement":[{"@type":"ListItem","position":1,"name":"Home","item":"https:\/\/kentis.com\/fr\/"},{"@type":"ListItem","position":2,"name":"Boutique","item":"https:\/\/kentis.com\/fr\/boutique\/"},{"@type":"ListItem","position":3,"name":"Plantes","item":"https:\/\/kentis.com\/fr\/categorie-produit\/plantes\/"},{"@type":"ListItem","position":4,"name":"Plantes d'ext\u00e9rieur","item":"https:\/\/kentis.com\/fr\/categorie-produit\/plantes\/plantes-d-exterieur\/"},{"@type":"ListItem","position":5,"name":"Arbres","item":"https:\/\/kentis.com\/fr\/categorie-produit\/plantes\/plantes-d-exterieur\/arbres\/"},{"@type":"ListItem","position":6,"name":"Nerium Oleander Rouge (Laurier-rose)"}]},{"@type":"WebSite","@id":"https:\/\/kentis.com\/fr\/#website","url":"https:\/\/kentis.com\/fr\/","name":"Kentis","description":"Atelier del verde","publisher":{"@id":"https:\/\/kentis.com\/fr\/#organization"},"potentialAction":[{"@type":"SearchAction","target":{"@type":"EntryPoint","urlTemplate":"https:\/\/kentis.com\/fr\/?s={search_term_string}"},"query-input":{"@type":"PropertyValueSpecification","valueRequired":true,"valueName":"search_term_string"}}],"inLanguage":"fr-FR"},{"@type":"Organization","@id":"https:\/\/kentis.com\/fr\/#organization","name":"Kentis","url":"https:\/\/kentis.com\/fr\/","logo":{"@type":"ImageObject","inLanguage":"fr-FR","@id":"https:\/\/kentis.com\/fr\/#\/schema\/logo\/image\/","url":"https:\/\/kentis.com\/wp-content\/uploads\/2021\/08\/logo-main.png","contentUrl":"https:\/\/kentis.com\/wp-content\/uploads\/2021\/08\/logo-main.png","width":800,"height":204,"caption":"Kentis"},"image":{"@id":"https:\/\/kentis.com\/fr\/#\/schema\/logo\/image\/"},"sameAs":["https:\/\/www.facebook.com\/kentisgarden","https:\/\/www.instagram.com\/kentisgarden\/","https:\/\/it.pinterest.com\/kentisgarden","https:\/\/www.tiktok.com\/@kentis.com"]}]}},"_links":{"self":[{"href":"https:\/\/kentis.com\/fr\/wp-json\/wp\/v2\/product\/25611","targetHints":{"allow":["GET"]}}],"collection":[{"href":"https:\/\/kentis.com\/fr\/wp-json\/wp\/v2\/product"}],"about":[{"href":"https:\/\/kentis.com\/fr\/wp-json\/wp\/v2\/types\/product"}],"wp:featuredmedia":[{"embeddable":true,"href":"https:\/\/kentis.com\/fr\/wp-json\/wp\/v2\/media\/37234"}],"wp:attachment":[{"href":"https:\/\/kentis.com\/fr\/wp-json\/wp\/v2\/media?parent=25611"}],"wp:term":[{"taxonomy":"product_cat","embeddable":true,"href":"https:\/\/kentis.com\/fr\/wp-json\/wp\/v2\/product_cat?post=25611"},{"taxonomy":"product_tag","embeddable":true,"href":"https:\/\/kentis.com\/fr\/wp-json\/wp\/v2\/product_tag?post=25611"}],"curies":[{"name":"wp","href":"https:\/\/api.w.org\/{rel}","templated":true}]}}