{"id":25386,"date":"2021-09-16T15:49:26","date_gmt":"2021-09-16T13:49:26","guid":{"rendered":"https:\/\/kentis.com\/negozio\/sansevieria-cylindrica-braid\/"},"modified":"2024-11-21T15:06:04","modified_gmt":"2024-11-21T14:06:04","slug":"sansevieria-cylindrica-braid","status":"publish","type":"product","link":"https:\/\/kentis.com\/fr\/boutique\/sansevieria-cylindrica-braid\/","title":{"rendered":"Sansevieria Cylindrica Braid"},"content":{"rendered":"<div class=\"fusion-fullwidth fullwidth-box fusion-builder-row-1 fusion-flex-container nonhundred-percent-fullwidth non-hundred-percent-height-scrolling\" style=\"--awb-border-radius-top-left:0px;--awb-border-radius-top-right:0px;--awb-border-radius-bottom-right:0px;--awb-border-radius-bottom-left:0px;--awb-flex-wrap:wrap;\" ><div class=\"fusion-builder-row fusion-row fusion-flex-align-items-flex-start fusion-flex-content-wrap\" style=\"max-width:1248px;margin-left: calc(-4% \/ 2 );margin-right: calc(-4% \/ 2 );\"><div class=\"fusion-layout-column fusion_builder_column fusion-builder-column-0 fusion_builder_column_1_1 1_1 fusion-flex-column\" style=\"--awb-bg-size:cover;--awb-width-large:100%;--awb-margin-top-large:0px;--awb-spacing-right-large:1.92%;--awb-margin-bottom-large:0px;--awb-spacing-left-large:1.92%;--awb-width-medium:100%;--awb-spacing-right-medium:1.92%;--awb-spacing-left-medium:1.92%;--awb-width-small:100%;--awb-spacing-right-small:1.92%;--awb-spacing-left-small:1.92%;\"><div class=\"fusion-column-wrapper fusion-flex-justify-content-flex-start fusion-content-layout-column\"><div class=\"fusion-text fusion-text-1\"><p>La Sansevieria, en plus d&#8217;\u00eatre un bel \u00e9l\u00e9ment de design pour votre maison, est \u00e9galement tr\u00e8s utile pour votre sant\u00e9 personnelle. En fait, comme l\u2019ont d\u00e9couvert les recherches de la NASA, en plus de lib\u00e9rer de l\u2019oxyg\u00e8ne, il am\u00e9liore consid\u00e9rablement la qualit\u00e9 de l\u2019air, r\u00e9duisant consid\u00e9rablement la pollution int\u00e9rieure.<\/p>\n<p>La hauteur \u00e0 partir de la base du vase d&#8217;un diam\u00e8tre de 9 cm est comprise entre 20 et 25 cm, tandis que celle d&#8217;un diam\u00e8tre de 12 cm est comprise entre 25 et 35 cm.<\/p>\n<\/div><\/div><\/div><\/div><\/div>\n","protected":false},"excerpt":{"rendered":"","protected":false},"featured_media":22350,"template":"","meta":{"_acf_changed":false},"product_cat":[501,540,505,448,494,482,504,483],"product_tag":[826],"class_list":{"0":"post-25386","1":"product","2":"type-product","3":"status-publish","4":"has-post-thumbnail","6":"product_cat-bon-anniversaire","7":"product_cat-cactus-plantes-grasses","8":"product_cat-merci","9":"product_cat-plantes-d-interieur","10":"product_cat-plantes-pour-faible-luminosite","11":"product_cat-plantes-qui-necessitent-peu-de-soins","12":"product_cat-pour-lui","13":"product_cat-purifie-air","14":"product_tag-meilleures-ventes","15":"product_shipping_class-flora-fr","16":"pa_ambienti-bain","17":"pa_ambienti-bureau-travail-intelligent","18":"pa_ambienti-cuisine","20":"first","21":"instock","22":"taxable","23":"shipping-taxable","24":"purchasable","25":"product-type-variable","26":"has-default-attributes"},"acf":[],"yoast_head":"<!-- This site is optimized with the Yoast SEO plugin v23.4 - https:\/\/yoast.com\/wordpress\/plugins\/seo\/ -->\n<title>Sansevieria Cylindrica Braid - Plantes d&#039;int\u00e9rieur | Kentis<\/title>\n<meta name=\"description\" content=\"Sansevieria Cylindrica Braid se distingue parmi les plantes d&#039;int\u00e9rieur succulentes par sa forme curieuse de feuilles.\" \/>\n<meta name=\"robots\" content=\"index, follow, max-snippet:-1, max-image-preview:large, max-video-preview:-1\" \/>\n<link rel=\"canonical\" href=\"https:\/\/kentis.com\/fr\/boutique\/sansevieria-cylindrica-braid\/\" \/>\n<meta property=\"og:locale\" content=\"fr_FR\" \/>\n<meta property=\"og:type\" content=\"article\" \/>\n<meta property=\"og:title\" content=\"Sansevieria Cylindrica Braid - Plantes d&#039;int\u00e9rieur | Kentis\" \/>\n<meta property=\"og:description\" content=\"Sansevieria Cylindrica Braid se distingue parmi les plantes d&#039;int\u00e9rieur succulentes par sa forme curieuse de feuilles.\" \/>\n<meta property=\"og:url\" content=\"https:\/\/kentis.com\/fr\/boutique\/sansevieria-cylindrica-braid\/\" \/>\n<meta property=\"og:site_name\" content=\"Kentis\" \/>\n<meta property=\"article:publisher\" content=\"https:\/\/www.facebook.com\/kentisgarden\" \/>\n<meta property=\"article:modified_time\" content=\"2024-11-21T14:06:04+00:00\" \/>\n<meta property=\"og:image\" content=\"https:\/\/kentis.com\/wp-content\/uploads\/2023\/02\/PTG-Sanseveria-braid-v9-h25_frontale-scaled.jpg\" \/>\n\t<meta property=\"og:image:width\" content=\"2560\" \/>\n\t<meta property=\"og:image:height\" content=\"2560\" \/>\n\t<meta property=\"og:image:type\" content=\"image\/jpeg\" \/>\n<meta name=\"twitter:card\" content=\"summary_large_image\" \/>\n<meta name=\"twitter:label1\" content=\"Dur\u00e9e de lecture estim\u00e9e\" \/>\n\t<meta name=\"twitter:data1\" content=\"1 minute\" \/>\n<script type=\"application\/ld+json\" class=\"yoast-schema-graph\">{\"@context\":\"https:\/\/schema.org\",\"@graph\":[{\"@type\":\"WebPage\",\"@id\":\"https:\/\/kentis.com\/fr\/boutique\/sansevieria-cylindrica-braid\/\",\"url\":\"https:\/\/kentis.com\/fr\/boutique\/sansevieria-cylindrica-braid\/\",\"name\":\"Sansevieria Cylindrica Braid - Plantes d'int\u00e9rieur | Kentis\",\"isPartOf\":{\"@id\":\"https:\/\/kentis.com\/fr\/#website\"},\"primaryImageOfPage\":{\"@id\":\"https:\/\/kentis.com\/fr\/boutique\/sansevieria-cylindrica-braid\/#primaryimage\"},\"image\":{\"@id\":\"https:\/\/kentis.com\/fr\/boutique\/sansevieria-cylindrica-braid\/#primaryimage\"},\"thumbnailUrl\":\"https:\/\/kentis.com\/wp-content\/uploads\/2021\/09\/PTG-Sansevieria-Braid-v12-h35_744-16-taupestone-scaled.jpg\",\"datePublished\":\"2021-09-16T13:49:26+00:00\",\"dateModified\":\"2024-11-21T14:06:04+00:00\",\"description\":\"Sansevieria Cylindrica Braid se distingue parmi les plantes d'int\u00e9rieur succulentes par sa forme curieuse de feuilles.\",\"breadcrumb\":{\"@id\":\"https:\/\/kentis.com\/fr\/boutique\/sansevieria-cylindrica-braid\/#breadcrumb\"},\"inLanguage\":\"fr-FR\",\"potentialAction\":[{\"@type\":\"ReadAction\",\"target\":[\"https:\/\/kentis.com\/fr\/boutique\/sansevieria-cylindrica-braid\/\"]}]},{\"@type\":\"ImageObject\",\"inLanguage\":\"fr-FR\",\"@id\":\"https:\/\/kentis.com\/fr\/boutique\/sansevieria-cylindrica-braid\/#primaryimage\",\"url\":\"https:\/\/kentis.com\/wp-content\/uploads\/2021\/09\/PTG-Sansevieria-Braid-v12-h35_744-16-taupestone-scaled.jpg\",\"contentUrl\":\"https:\/\/kentis.com\/wp-content\/uploads\/2021\/09\/PTG-Sansevieria-Braid-v12-h35_744-16-taupestone-scaled.jpg\",\"width\":2560,\"height\":2560},{\"@type\":\"BreadcrumbList\",\"@id\":\"https:\/\/kentis.com\/fr\/boutique\/sansevieria-cylindrica-braid\/#breadcrumb\",\"itemListElement\":[{\"@type\":\"ListItem\",\"position\":1,\"name\":\"Home\",\"item\":\"https:\/\/kentis.com\/fr\/\"},{\"@type\":\"ListItem\",\"position\":2,\"name\":\"Boutique\",\"item\":\"https:\/\/kentis.com\/fr\/boutique\/\"},{\"@type\":\"ListItem\",\"position\":3,\"name\":\"Plantes\",\"item\":\"https:\/\/kentis.com\/fr\/categorie-produit\/plantes\/\"},{\"@type\":\"ListItem\",\"position\":4,\"name\":\"Plantes d'int\u00e9rieur\",\"item\":\"https:\/\/kentis.com\/fr\/categorie-produit\/plantes\/plantes-d-interieur\/\"},{\"@type\":\"ListItem\",\"position\":5,\"name\":\"Sansevieria Cylindrica Braid\"}]},{\"@type\":\"WebSite\",\"@id\":\"https:\/\/kentis.com\/fr\/#website\",\"url\":\"https:\/\/kentis.com\/fr\/\",\"name\":\"Kentis\",\"description\":\"Atelier del verde\",\"publisher\":{\"@id\":\"https:\/\/kentis.com\/fr\/#organization\"},\"potentialAction\":[{\"@type\":\"SearchAction\",\"target\":{\"@type\":\"EntryPoint\",\"urlTemplate\":\"https:\/\/kentis.com\/fr\/?s={search_term_string}\"},\"query-input\":{\"@type\":\"PropertyValueSpecification\",\"valueRequired\":true,\"valueName\":\"search_term_string\"}}],\"inLanguage\":\"fr-FR\"},{\"@type\":\"Organization\",\"@id\":\"https:\/\/kentis.com\/fr\/#organization\",\"name\":\"Kentis\",\"url\":\"https:\/\/kentis.com\/fr\/\",\"logo\":{\"@type\":\"ImageObject\",\"inLanguage\":\"fr-FR\",\"@id\":\"https:\/\/kentis.com\/fr\/#\/schema\/logo\/image\/\",\"url\":\"https:\/\/kentis.com\/wp-content\/uploads\/2021\/08\/logo-main.png\",\"contentUrl\":\"https:\/\/kentis.com\/wp-content\/uploads\/2021\/08\/logo-main.png\",\"width\":800,\"height\":204,\"caption\":\"Kentis\"},\"image\":{\"@id\":\"https:\/\/kentis.com\/fr\/#\/schema\/logo\/image\/\"},\"sameAs\":[\"https:\/\/www.facebook.com\/kentisgarden\",\"https:\/\/www.instagram.com\/kentisgarden\/\",\"https:\/\/it.pinterest.com\/kentisgarden\",\"https:\/\/www.tiktok.com\/@kentis.com\"]}]}<\/script>\n<!-- \/ Yoast SEO plugin. -->","yoast_head_json":{"title":"Sansevieria Cylindrica Braid - Plantes d'int\u00e9rieur | Kentis","description":"Sansevieria Cylindrica Braid se distingue parmi les plantes d'int\u00e9rieur succulentes par sa forme curieuse de feuilles.","robots":{"index":"index","follow":"follow","max-snippet":"max-snippet:-1","max-image-preview":"max-image-preview:large","max-video-preview":"max-video-preview:-1"},"canonical":"https:\/\/kentis.com\/fr\/boutique\/sansevieria-cylindrica-braid\/","og_locale":"fr_FR","og_type":"article","og_title":"Sansevieria Cylindrica Braid - Plantes d'int\u00e9rieur | Kentis","og_description":"Sansevieria Cylindrica Braid se distingue parmi les plantes d'int\u00e9rieur succulentes par sa forme curieuse de feuilles.","og_url":"https:\/\/kentis.com\/fr\/boutique\/sansevieria-cylindrica-braid\/","og_site_name":"Kentis","article_publisher":"https:\/\/www.facebook.com\/kentisgarden","article_modified_time":"2024-11-21T14:06:04+00:00","og_image":[{"width":2560,"height":2560,"url":"https:\/\/kentis.com\/wp-content\/uploads\/2023\/02\/PTG-Sanseveria-braid-v9-h25_frontale-scaled.jpg","type":"image\/jpeg"}],"twitter_card":"summary_large_image","twitter_misc":{"Dur\u00e9e de lecture estim\u00e9e":"1 minute"},"schema":{"@context":"https:\/\/schema.org","@graph":[{"@type":"WebPage","@id":"https:\/\/kentis.com\/fr\/boutique\/sansevieria-cylindrica-braid\/","url":"https:\/\/kentis.com\/fr\/boutique\/sansevieria-cylindrica-braid\/","name":"Sansevieria Cylindrica Braid - Plantes d'int\u00e9rieur | Kentis","isPartOf":{"@id":"https:\/\/kentis.com\/fr\/#website"},"primaryImageOfPage":{"@id":"https:\/\/kentis.com\/fr\/boutique\/sansevieria-cylindrica-braid\/#primaryimage"},"image":{"@id":"https:\/\/kentis.com\/fr\/boutique\/sansevieria-cylindrica-braid\/#primaryimage"},"thumbnailUrl":"https:\/\/kentis.com\/wp-content\/uploads\/2021\/09\/PTG-Sansevieria-Braid-v12-h35_744-16-taupestone-scaled.jpg","datePublished":"2021-09-16T13:49:26+00:00","dateModified":"2024-11-21T14:06:04+00:00","description":"Sansevieria Cylindrica Braid se distingue parmi les plantes d'int\u00e9rieur succulentes par sa forme curieuse de feuilles.","breadcrumb":{"@id":"https:\/\/kentis.com\/fr\/boutique\/sansevieria-cylindrica-braid\/#breadcrumb"},"inLanguage":"fr-FR","potentialAction":[{"@type":"ReadAction","target":["https:\/\/kentis.com\/fr\/boutique\/sansevieria-cylindrica-braid\/"]}]},{"@type":"ImageObject","inLanguage":"fr-FR","@id":"https:\/\/kentis.com\/fr\/boutique\/sansevieria-cylindrica-braid\/#primaryimage","url":"https:\/\/kentis.com\/wp-content\/uploads\/2021\/09\/PTG-Sansevieria-Braid-v12-h35_744-16-taupestone-scaled.jpg","contentUrl":"https:\/\/kentis.com\/wp-content\/uploads\/2021\/09\/PTG-Sansevieria-Braid-v12-h35_744-16-taupestone-scaled.jpg","width":2560,"height":2560},{"@type":"BreadcrumbList","@id":"https:\/\/kentis.com\/fr\/boutique\/sansevieria-cylindrica-braid\/#breadcrumb","itemListElement":[{"@type":"ListItem","position":1,"name":"Home","item":"https:\/\/kentis.com\/fr\/"},{"@type":"ListItem","position":2,"name":"Boutique","item":"https:\/\/kentis.com\/fr\/boutique\/"},{"@type":"ListItem","position":3,"name":"Plantes","item":"https:\/\/kentis.com\/fr\/categorie-produit\/plantes\/"},{"@type":"ListItem","position":4,"name":"Plantes d'int\u00e9rieur","item":"https:\/\/kentis.com\/fr\/categorie-produit\/plantes\/plantes-d-interieur\/"},{"@type":"ListItem","position":5,"name":"Sansevieria Cylindrica Braid"}]},{"@type":"WebSite","@id":"https:\/\/kentis.com\/fr\/#website","url":"https:\/\/kentis.com\/fr\/","name":"Kentis","description":"Atelier del verde","publisher":{"@id":"https:\/\/kentis.com\/fr\/#organization"},"potentialAction":[{"@type":"SearchAction","target":{"@type":"EntryPoint","urlTemplate":"https:\/\/kentis.com\/fr\/?s={search_term_string}"},"query-input":{"@type":"PropertyValueSpecification","valueRequired":true,"valueName":"search_term_string"}}],"inLanguage":"fr-FR"},{"@type":"Organization","@id":"https:\/\/kentis.com\/fr\/#organization","name":"Kentis","url":"https:\/\/kentis.com\/fr\/","logo":{"@type":"ImageObject","inLanguage":"fr-FR","@id":"https:\/\/kentis.com\/fr\/#\/schema\/logo\/image\/","url":"https:\/\/kentis.com\/wp-content\/uploads\/2021\/08\/logo-main.png","contentUrl":"https:\/\/kentis.com\/wp-content\/uploads\/2021\/08\/logo-main.png","width":800,"height":204,"caption":"Kentis"},"image":{"@id":"https:\/\/kentis.com\/fr\/#\/schema\/logo\/image\/"},"sameAs":["https:\/\/www.facebook.com\/kentisgarden","https:\/\/www.instagram.com\/kentisgarden\/","https:\/\/it.pinterest.com\/kentisgarden","https:\/\/www.tiktok.com\/@kentis.com"]}]}},"_links":{"self":[{"href":"https:\/\/kentis.com\/fr\/wp-json\/wp\/v2\/product\/25386","targetHints":{"allow":["GET"]}}],"collection":[{"href":"https:\/\/kentis.com\/fr\/wp-json\/wp\/v2\/product"}],"about":[{"href":"https:\/\/kentis.com\/fr\/wp-json\/wp\/v2\/types\/product"}],"wp:featuredmedia":[{"embeddable":true,"href":"https:\/\/kentis.com\/fr\/wp-json\/wp\/v2\/media\/22350"}],"wp:attachment":[{"href":"https:\/\/kentis.com\/fr\/wp-json\/wp\/v2\/media?parent=25386"}],"wp:term":[{"taxonomy":"product_cat","embeddable":true,"href":"https:\/\/kentis.com\/fr\/wp-json\/wp\/v2\/product_cat?post=25386"},{"taxonomy":"product_tag","embeddable":true,"href":"https:\/\/kentis.com\/fr\/wp-json\/wp\/v2\/product_tag?post=25386"}],"curies":[{"name":"wp","href":"https:\/\/api.w.org\/{rel}","templated":true}]}}