{"id":25308,"date":"2021-09-29T16:04:15","date_gmt":"2021-09-29T14:04:15","guid":{"rendered":"https:\/\/kentis.com\/negozio\/dracaena-marginata-magenta\/"},"modified":"2024-11-21T17:39:28","modified_gmt":"2024-11-21T16:39:28","slug":"dracaena-marginata-magenta","status":"publish","type":"product","link":"https:\/\/kentis.com\/fr\/boutique\/dracaena-marginata-magenta\/","title":{"rendered":"Dracaena Marginata &#8216;Magenta&#8217;"},"content":{"rendered":"<div class=\"fusion-fullwidth fullwidth-box fusion-builder-row-1 fusion-flex-container nonhundred-percent-fullwidth non-hundred-percent-height-scrolling\" style=\"--awb-border-radius-top-left:0px;--awb-border-radius-top-right:0px;--awb-border-radius-bottom-right:0px;--awb-border-radius-bottom-left:0px;--awb-flex-wrap:wrap;\" ><div class=\"fusion-builder-row fusion-row fusion-flex-align-items-flex-start fusion-flex-content-wrap\" style=\"max-width:1248px;margin-left: calc(-4% \/ 2 );margin-right: calc(-4% \/ 2 );\"><div class=\"fusion-layout-column fusion_builder_column fusion-builder-column-0 fusion_builder_column_1_1 1_1 fusion-flex-column\" style=\"--awb-bg-size:cover;--awb-width-large:100%;--awb-margin-top-large:0px;--awb-spacing-right-large:1.92%;--awb-margin-bottom-large:0px;--awb-spacing-left-large:1.92%;--awb-width-medium:100%;--awb-spacing-right-medium:1.92%;--awb-spacing-left-medium:1.92%;--awb-width-small:100%;--awb-spacing-right-small:1.92%;--awb-spacing-left-small:1.92%;\"><div class=\"fusion-column-wrapper fusion-flex-justify-content-flex-start fusion-content-layout-column\"><div class=\"fusion-text fusion-text-1\"><p>Cette plante, en plus d\u2019\u00eatre un bel \u00e9l\u00e9ment de design pour votre maison, est \u00e9galement tr\u00e8s utile pour votre sant\u00e9. En fait, comme l\u2019ont d\u00e9couvert les recherches de la NASA, en plus de lib\u00e9rer de l\u2019oxyg\u00e8ne, il am\u00e9liore consid\u00e9rablement la qualit\u00e9 de l\u2019air, r\u00e9duisant consid\u00e9rablement la pollution int\u00e9rieure.<\/p>\n<p>La hauteur depuis la base du vase est comprise entre 110 et 120 cm.<\/p>\n<\/div><\/div><\/div><\/div><\/div>\n","protected":false},"excerpt":{"rendered":"","protected":false},"featured_media":16282,"template":"","meta":{"_acf_changed":false},"product_cat":[722,494,482,483],"product_tag":[],"class_list":{"0":"post-25308","1":"product","2":"type-product","3":"status-publish","4":"has-post-thumbnail","6":"product_cat-plantes-hautes","7":"product_cat-plantes-pour-faible-luminosite","8":"product_cat-plantes-qui-necessitent-peu-de-soins","9":"product_cat-purifie-air","10":"product_shipping_class-flora-fr","11":"pa_ambienti-bain","12":"pa_ambienti-cuisine","13":"pa_ambienti-sejour","15":"first","16":"instock","17":"taxable","18":"shipping-taxable","19":"purchasable","20":"product-type-variable","21":"has-default-attributes"},"acf":[],"yoast_head":"<!-- This site is optimized with the Yoast SEO plugin v23.4 - https:\/\/yoast.com\/wordpress\/plugins\/seo\/ -->\n<title>Dracaena Marginata &#039;Magenta&#039; - Plante d&#039;int\u00e9rieur | Kentis<\/title>\n<meta name=\"description\" content=\"Le Dracaena Marginata &#039;Magenta&#039;, en plus d&#039;\u00eatre un beau meuble pour votre maison, est \u00e9galement tr\u00e8s utile pour purifier l&#039;air.\" \/>\n<meta name=\"robots\" content=\"index, follow, max-snippet:-1, max-image-preview:large, max-video-preview:-1\" \/>\n<link rel=\"canonical\" href=\"https:\/\/kentis.com\/fr\/boutique\/dracaena-marginata-magenta\/\" \/>\n<meta property=\"og:locale\" content=\"fr_FR\" \/>\n<meta property=\"og:type\" content=\"article\" \/>\n<meta property=\"og:title\" content=\"Dracaena Marginata &#039;Magenta&#039; - Plante d&#039;int\u00e9rieur | Kentis\" \/>\n<meta property=\"og:description\" content=\"Le Dracaena Marginata &#039;Magenta&#039;, en plus d&#039;\u00eatre un beau meuble pour votre maison, est \u00e9galement tr\u00e8s utile pour purifier l&#039;air.\" \/>\n<meta property=\"og:url\" content=\"https:\/\/kentis.com\/fr\/boutique\/dracaena-marginata-magenta\/\" \/>\n<meta property=\"og:site_name\" content=\"Kentis\" \/>\n<meta property=\"article:publisher\" content=\"https:\/\/www.facebook.com\/kentisgarden\" \/>\n<meta property=\"article:modified_time\" content=\"2024-11-21T16:39:28+00:00\" \/>\n<meta property=\"og:image\" content=\"https:\/\/kentis.com\/wp-content\/uploads\/2021\/09\/PTG_dracaena-Marginata-magenta-v21-h120_920-25taupestone.jpg\" \/>\n\t<meta property=\"og:image:width\" content=\"1772\" \/>\n\t<meta property=\"og:image:height\" content=\"1772\" \/>\n\t<meta property=\"og:image:type\" content=\"image\/jpeg\" \/>\n<meta name=\"twitter:card\" content=\"summary_large_image\" \/>\n<meta name=\"twitter:label1\" content=\"Dur\u00e9e de lecture estim\u00e9e\" \/>\n\t<meta name=\"twitter:data1\" content=\"1 minute\" \/>\n<script type=\"application\/ld+json\" class=\"yoast-schema-graph\">{\"@context\":\"https:\/\/schema.org\",\"@graph\":[{\"@type\":\"WebPage\",\"@id\":\"https:\/\/kentis.com\/fr\/boutique\/dracaena-marginata-magenta\/\",\"url\":\"https:\/\/kentis.com\/fr\/boutique\/dracaena-marginata-magenta\/\",\"name\":\"Dracaena Marginata 'Magenta' - Plante d'int\u00e9rieur | Kentis\",\"isPartOf\":{\"@id\":\"https:\/\/kentis.com\/fr\/#website\"},\"primaryImageOfPage\":{\"@id\":\"https:\/\/kentis.com\/fr\/boutique\/dracaena-marginata-magenta\/#primaryimage\"},\"image\":{\"@id\":\"https:\/\/kentis.com\/fr\/boutique\/dracaena-marginata-magenta\/#primaryimage\"},\"thumbnailUrl\":\"https:\/\/kentis.com\/wp-content\/uploads\/2021\/09\/PTG_dracaena-Marginata-magenta-v21-h120_920-25taupestone.jpg\",\"datePublished\":\"2021-09-29T14:04:15+00:00\",\"dateModified\":\"2024-11-21T16:39:28+00:00\",\"description\":\"Le Dracaena Marginata 'Magenta', en plus d'\u00eatre un beau meuble pour votre maison, est \u00e9galement tr\u00e8s utile pour purifier l'air.\",\"breadcrumb\":{\"@id\":\"https:\/\/kentis.com\/fr\/boutique\/dracaena-marginata-magenta\/#breadcrumb\"},\"inLanguage\":\"fr-FR\",\"potentialAction\":[{\"@type\":\"ReadAction\",\"target\":[\"https:\/\/kentis.com\/fr\/boutique\/dracaena-marginata-magenta\/\"]}]},{\"@type\":\"ImageObject\",\"inLanguage\":\"fr-FR\",\"@id\":\"https:\/\/kentis.com\/fr\/boutique\/dracaena-marginata-magenta\/#primaryimage\",\"url\":\"https:\/\/kentis.com\/wp-content\/uploads\/2021\/09\/PTG_dracaena-Marginata-magenta-v21-h120_920-25taupestone.jpg\",\"contentUrl\":\"https:\/\/kentis.com\/wp-content\/uploads\/2021\/09\/PTG_dracaena-Marginata-magenta-v21-h120_920-25taupestone.jpg\",\"width\":1772,\"height\":1772},{\"@type\":\"BreadcrumbList\",\"@id\":\"https:\/\/kentis.com\/fr\/boutique\/dracaena-marginata-magenta\/#breadcrumb\",\"itemListElement\":[{\"@type\":\"ListItem\",\"position\":1,\"name\":\"Home\",\"item\":\"https:\/\/kentis.com\/fr\/\"},{\"@type\":\"ListItem\",\"position\":2,\"name\":\"Boutique\",\"item\":\"https:\/\/kentis.com\/fr\/boutique\/\"},{\"@type\":\"ListItem\",\"position\":3,\"name\":\"Plantes\",\"item\":\"https:\/\/kentis.com\/fr\/categorie-produit\/plantes\/\"},{\"@type\":\"ListItem\",\"position\":4,\"name\":\"Plantes d'int\u00e9rieur\",\"item\":\"https:\/\/kentis.com\/fr\/categorie-produit\/plantes\/plantes-d-interieur\/\"},{\"@type\":\"ListItem\",\"position\":5,\"name\":\"Purifie l'air\",\"item\":\"https:\/\/kentis.com\/fr\/categorie-produit\/plantes\/plantes-d-interieur\/purifie-air\/\"},{\"@type\":\"ListItem\",\"position\":6,\"name\":\"Dracaena Marginata &#8216;Magenta&#8217;\"}]},{\"@type\":\"WebSite\",\"@id\":\"https:\/\/kentis.com\/fr\/#website\",\"url\":\"https:\/\/kentis.com\/fr\/\",\"name\":\"Kentis\",\"description\":\"Atelier del verde\",\"publisher\":{\"@id\":\"https:\/\/kentis.com\/fr\/#organization\"},\"potentialAction\":[{\"@type\":\"SearchAction\",\"target\":{\"@type\":\"EntryPoint\",\"urlTemplate\":\"https:\/\/kentis.com\/fr\/?s={search_term_string}\"},\"query-input\":{\"@type\":\"PropertyValueSpecification\",\"valueRequired\":true,\"valueName\":\"search_term_string\"}}],\"inLanguage\":\"fr-FR\"},{\"@type\":\"Organization\",\"@id\":\"https:\/\/kentis.com\/fr\/#organization\",\"name\":\"Kentis\",\"url\":\"https:\/\/kentis.com\/fr\/\",\"logo\":{\"@type\":\"ImageObject\",\"inLanguage\":\"fr-FR\",\"@id\":\"https:\/\/kentis.com\/fr\/#\/schema\/logo\/image\/\",\"url\":\"https:\/\/kentis.com\/wp-content\/uploads\/2021\/08\/logo-main.png\",\"contentUrl\":\"https:\/\/kentis.com\/wp-content\/uploads\/2021\/08\/logo-main.png\",\"width\":800,\"height\":204,\"caption\":\"Kentis\"},\"image\":{\"@id\":\"https:\/\/kentis.com\/fr\/#\/schema\/logo\/image\/\"},\"sameAs\":[\"https:\/\/www.facebook.com\/kentisgarden\",\"https:\/\/www.instagram.com\/kentisgarden\/\",\"https:\/\/it.pinterest.com\/kentisgarden\",\"https:\/\/www.tiktok.com\/@kentis.com\"]}]}<\/script>\n<!-- \/ Yoast SEO plugin. -->","yoast_head_json":{"title":"Dracaena Marginata 'Magenta' - Plante d'int\u00e9rieur | Kentis","description":"Le Dracaena Marginata 'Magenta', en plus d'\u00eatre un beau meuble pour votre maison, est \u00e9galement tr\u00e8s utile pour purifier l'air.","robots":{"index":"index","follow":"follow","max-snippet":"max-snippet:-1","max-image-preview":"max-image-preview:large","max-video-preview":"max-video-preview:-1"},"canonical":"https:\/\/kentis.com\/fr\/boutique\/dracaena-marginata-magenta\/","og_locale":"fr_FR","og_type":"article","og_title":"Dracaena Marginata 'Magenta' - Plante d'int\u00e9rieur | Kentis","og_description":"Le Dracaena Marginata 'Magenta', en plus d'\u00eatre un beau meuble pour votre maison, est \u00e9galement tr\u00e8s utile pour purifier l'air.","og_url":"https:\/\/kentis.com\/fr\/boutique\/dracaena-marginata-magenta\/","og_site_name":"Kentis","article_publisher":"https:\/\/www.facebook.com\/kentisgarden","article_modified_time":"2024-11-21T16:39:28+00:00","og_image":[{"width":1772,"height":1772,"url":"https:\/\/kentis.com\/wp-content\/uploads\/2021\/09\/PTG_dracaena-Marginata-magenta-v21-h120_920-25taupestone.jpg","type":"image\/jpeg"}],"twitter_card":"summary_large_image","twitter_misc":{"Dur\u00e9e de lecture estim\u00e9e":"1 minute"},"schema":{"@context":"https:\/\/schema.org","@graph":[{"@type":"WebPage","@id":"https:\/\/kentis.com\/fr\/boutique\/dracaena-marginata-magenta\/","url":"https:\/\/kentis.com\/fr\/boutique\/dracaena-marginata-magenta\/","name":"Dracaena Marginata 'Magenta' - Plante d'int\u00e9rieur | Kentis","isPartOf":{"@id":"https:\/\/kentis.com\/fr\/#website"},"primaryImageOfPage":{"@id":"https:\/\/kentis.com\/fr\/boutique\/dracaena-marginata-magenta\/#primaryimage"},"image":{"@id":"https:\/\/kentis.com\/fr\/boutique\/dracaena-marginata-magenta\/#primaryimage"},"thumbnailUrl":"https:\/\/kentis.com\/wp-content\/uploads\/2021\/09\/PTG_dracaena-Marginata-magenta-v21-h120_920-25taupestone.jpg","datePublished":"2021-09-29T14:04:15+00:00","dateModified":"2024-11-21T16:39:28+00:00","description":"Le Dracaena Marginata 'Magenta', en plus d'\u00eatre un beau meuble pour votre maison, est \u00e9galement tr\u00e8s utile pour purifier l'air.","breadcrumb":{"@id":"https:\/\/kentis.com\/fr\/boutique\/dracaena-marginata-magenta\/#breadcrumb"},"inLanguage":"fr-FR","potentialAction":[{"@type":"ReadAction","target":["https:\/\/kentis.com\/fr\/boutique\/dracaena-marginata-magenta\/"]}]},{"@type":"ImageObject","inLanguage":"fr-FR","@id":"https:\/\/kentis.com\/fr\/boutique\/dracaena-marginata-magenta\/#primaryimage","url":"https:\/\/kentis.com\/wp-content\/uploads\/2021\/09\/PTG_dracaena-Marginata-magenta-v21-h120_920-25taupestone.jpg","contentUrl":"https:\/\/kentis.com\/wp-content\/uploads\/2021\/09\/PTG_dracaena-Marginata-magenta-v21-h120_920-25taupestone.jpg","width":1772,"height":1772},{"@type":"BreadcrumbList","@id":"https:\/\/kentis.com\/fr\/boutique\/dracaena-marginata-magenta\/#breadcrumb","itemListElement":[{"@type":"ListItem","position":1,"name":"Home","item":"https:\/\/kentis.com\/fr\/"},{"@type":"ListItem","position":2,"name":"Boutique","item":"https:\/\/kentis.com\/fr\/boutique\/"},{"@type":"ListItem","position":3,"name":"Plantes","item":"https:\/\/kentis.com\/fr\/categorie-produit\/plantes\/"},{"@type":"ListItem","position":4,"name":"Plantes d'int\u00e9rieur","item":"https:\/\/kentis.com\/fr\/categorie-produit\/plantes\/plantes-d-interieur\/"},{"@type":"ListItem","position":5,"name":"Purifie l'air","item":"https:\/\/kentis.com\/fr\/categorie-produit\/plantes\/plantes-d-interieur\/purifie-air\/"},{"@type":"ListItem","position":6,"name":"Dracaena Marginata &#8216;Magenta&#8217;"}]},{"@type":"WebSite","@id":"https:\/\/kentis.com\/fr\/#website","url":"https:\/\/kentis.com\/fr\/","name":"Kentis","description":"Atelier del verde","publisher":{"@id":"https:\/\/kentis.com\/fr\/#organization"},"potentialAction":[{"@type":"SearchAction","target":{"@type":"EntryPoint","urlTemplate":"https:\/\/kentis.com\/fr\/?s={search_term_string}"},"query-input":{"@type":"PropertyValueSpecification","valueRequired":true,"valueName":"search_term_string"}}],"inLanguage":"fr-FR"},{"@type":"Organization","@id":"https:\/\/kentis.com\/fr\/#organization","name":"Kentis","url":"https:\/\/kentis.com\/fr\/","logo":{"@type":"ImageObject","inLanguage":"fr-FR","@id":"https:\/\/kentis.com\/fr\/#\/schema\/logo\/image\/","url":"https:\/\/kentis.com\/wp-content\/uploads\/2021\/08\/logo-main.png","contentUrl":"https:\/\/kentis.com\/wp-content\/uploads\/2021\/08\/logo-main.png","width":800,"height":204,"caption":"Kentis"},"image":{"@id":"https:\/\/kentis.com\/fr\/#\/schema\/logo\/image\/"},"sameAs":["https:\/\/www.facebook.com\/kentisgarden","https:\/\/www.instagram.com\/kentisgarden\/","https:\/\/it.pinterest.com\/kentisgarden","https:\/\/www.tiktok.com\/@kentis.com"]}]}},"_links":{"self":[{"href":"https:\/\/kentis.com\/fr\/wp-json\/wp\/v2\/product\/25308","targetHints":{"allow":["GET"]}}],"collection":[{"href":"https:\/\/kentis.com\/fr\/wp-json\/wp\/v2\/product"}],"about":[{"href":"https:\/\/kentis.com\/fr\/wp-json\/wp\/v2\/types\/product"}],"wp:featuredmedia":[{"embeddable":true,"href":"https:\/\/kentis.com\/fr\/wp-json\/wp\/v2\/media\/16282"}],"wp:attachment":[{"href":"https:\/\/kentis.com\/fr\/wp-json\/wp\/v2\/media?parent=25308"}],"wp:term":[{"taxonomy":"product_cat","embeddable":true,"href":"https:\/\/kentis.com\/fr\/wp-json\/wp\/v2\/product_cat?post=25308"},{"taxonomy":"product_tag","embeddable":true,"href":"https:\/\/kentis.com\/fr\/wp-json\/wp\/v2\/product_tag?post=25308"}],"curies":[{"name":"wp","href":"https:\/\/api.w.org\/{rel}","templated":true}]}}