{"id":25167,"date":"2021-10-27T17:53:46","date_gmt":"2021-10-27T15:53:46","guid":{"rendered":"https:\/\/kentis.com\/negozio\/vaso-tondo-festonato\/"},"modified":"2024-11-22T15:29:58","modified_gmt":"2024-11-22T14:29:58","slug":"pot-rond-festonne","status":"publish","type":"product","link":"https:\/\/kentis.com\/fr\/boutique\/pot-rond-festonne\/","title":{"rendered":"Pot Rond Festonn\u00e9"},"content":{"rendered":"<div class=\"fusion-fullwidth fullwidth-box fusion-builder-row-1 fusion-flex-container nonhundred-percent-fullwidth non-hundred-percent-height-scrolling\" style=\"--awb-border-radius-top-left:0px;--awb-border-radius-top-right:0px;--awb-border-radius-bottom-right:0px;--awb-border-radius-bottom-left:0px;--awb-flex-wrap:wrap;\" ><div class=\"fusion-builder-row fusion-row fusion-flex-align-items-flex-start fusion-flex-content-wrap\" style=\"max-width:1248px;margin-left: calc(-4% \/ 2 );margin-right: calc(-4% \/ 2 );\"><div class=\"fusion-layout-column fusion_builder_column fusion-builder-column-0 fusion_builder_column_1_1 1_1 fusion-flex-column\" style=\"--awb-bg-size:cover;--awb-width-large:100%;--awb-margin-top-large:0px;--awb-spacing-right-large:1.92%;--awb-margin-bottom-large:0px;--awb-spacing-left-large:1.92%;--awb-width-medium:100%;--awb-spacing-right-medium:1.92%;--awb-spacing-left-medium:1.92%;--awb-width-small:100%;--awb-spacing-right-small:1.92%;--awb-spacing-left-small:1.92%;\"><div class=\"fusion-column-wrapper fusion-flex-justify-content-flex-start fusion-content-layout-column\"><div class=\"fusion-text fusion-text-1\"><ul>\n<li><span style=\"font-weight: 400;\">DESIGN &#8211; Fabriqu\u00e9 en r\u00e9sine, parfait pour d\u00e9corer vos espaces int\u00e9rieurs et ext\u00e9rieurs, ce vase est \u00e9galement une excellente solution pour les locaux commerciaux, les h\u00f4tels et les restaurants.<\/span><\/li>\n<li>DIMENSIONS &#8211; Diam\u00e8tre \u00d8 70 cm, hauteur 57 cm | Diam\u00e8tre \u00d8 110 cm, hauteur 90 cm.<\/li>\n<li>QUALIT\u00c9 &#8211; En plus d&#8217;\u00eatre Made in Italy, tous nos vases sont fabriqu\u00e9s \u00e0 partir de mat\u00e9riaux s\u00e9lectionn\u00e9s pour garantir la meilleure qualit\u00e9 possible.<\/li>\n<li>PERSONNALISATION &#8211; Besoin de tailles, de quantit\u00e9s ou de couleurs diff\u00e9rentes de celles indiqu\u00e9es ? Ne vous inqui\u00e9tez pas, chez Kentis, nous vous assisterons pour toute question ou personnalisation avant l&#8217;achat.<\/li>\n<\/ul>\n<\/div><\/div><\/div><\/div><\/div>\n","protected":false},"excerpt":{"rendered":"","protected":false},"featured_media":16038,"template":"","meta":{"_acf_changed":false},"product_cat":[724,590],"product_tag":[],"class_list":{"0":"post-25167","1":"product","2":"type-product","3":"status-publish","4":"has-post-thumbnail","6":"product_cat-accessoires","7":"product_cat-pots","9":"first","10":"instock","11":"taxable","12":"shipping-taxable","13":"purchasable","14":"product-type-variable","15":"has-default-attributes"},"acf":[],"yoast_head":"<!-- This site is optimized with the Yoast SEO plugin v23.4 - https:\/\/yoast.com\/wordpress\/plugins\/seo\/ -->\n<title>Vase Rond Festonn\u00e9 - Vase \u00e0 Plantes D&#039;Ext\u00e9rieur | Kentis<\/title>\n<meta name=\"description\" content=\"Le vase rond festonn\u00e9 est parfait pour d\u00e9corer vos espaces int\u00e9rieurs et ext\u00e9rieurs. Ce vase est \u00e9galement une solution id\u00e9ale pour les clubs ou les h\u00f4tels.\" \/>\n<meta name=\"robots\" content=\"index, follow, max-snippet:-1, max-image-preview:large, max-video-preview:-1\" \/>\n<link rel=\"canonical\" href=\"https:\/\/kentis.com\/fr\/boutique\/pot-rond-festonne\/\" \/>\n<meta property=\"og:locale\" content=\"fr_FR\" \/>\n<meta property=\"og:type\" content=\"article\" \/>\n<meta property=\"og:title\" content=\"Vase Rond Festonn\u00e9 - Vase \u00e0 Plantes D&#039;Ext\u00e9rieur | Kentis\" \/>\n<meta property=\"og:description\" content=\"Le vase rond festonn\u00e9 est parfait pour d\u00e9corer vos espaces int\u00e9rieurs et ext\u00e9rieurs. Ce vase est \u00e9galement une solution id\u00e9ale pour les clubs ou les h\u00f4tels.\" \/>\n<meta property=\"og:url\" content=\"https:\/\/kentis.com\/fr\/boutique\/pot-rond-festonne\/\" \/>\n<meta property=\"og:site_name\" content=\"Kentis\" \/>\n<meta property=\"article:publisher\" content=\"https:\/\/www.facebook.com\/kentisgarden\" \/>\n<meta property=\"article:modified_time\" content=\"2024-11-22T14:29:58+00:00\" \/>\n<meta property=\"og:image\" content=\"https:\/\/kentis.com\/wp-content\/uploads\/2021\/10\/Vaso-tondo-festonato_540.png\" \/>\n\t<meta property=\"og:image:width\" content=\"1500\" \/>\n\t<meta property=\"og:image:height\" content=\"1500\" \/>\n\t<meta property=\"og:image:type\" content=\"image\/png\" \/>\n<meta name=\"twitter:card\" content=\"summary_large_image\" \/>\n<meta name=\"twitter:label1\" content=\"Dur\u00e9e de lecture estim\u00e9e\" \/>\n\t<meta name=\"twitter:data1\" content=\"1 minute\" \/>\n<script type=\"application\/ld+json\" class=\"yoast-schema-graph\">{\"@context\":\"https:\/\/schema.org\",\"@graph\":[{\"@type\":\"WebPage\",\"@id\":\"https:\/\/kentis.com\/fr\/boutique\/pot-rond-festonne\/\",\"url\":\"https:\/\/kentis.com\/fr\/boutique\/pot-rond-festonne\/\",\"name\":\"Vase Rond Festonn\u00e9 - Vase \u00e0 Plantes D'Ext\u00e9rieur | Kentis\",\"isPartOf\":{\"@id\":\"https:\/\/kentis.com\/fr\/#website\"},\"primaryImageOfPage\":{\"@id\":\"https:\/\/kentis.com\/fr\/boutique\/pot-rond-festonne\/#primaryimage\"},\"image\":{\"@id\":\"https:\/\/kentis.com\/fr\/boutique\/pot-rond-festonne\/#primaryimage\"},\"thumbnailUrl\":\"https:\/\/kentis.com\/wp-content\/uploads\/2021\/10\/Vaso-tondo-festonato_540.png\",\"datePublished\":\"2021-10-27T15:53:46+00:00\",\"dateModified\":\"2024-11-22T14:29:58+00:00\",\"description\":\"Le vase rond festonn\u00e9 est parfait pour d\u00e9corer vos espaces int\u00e9rieurs et ext\u00e9rieurs. Ce vase est \u00e9galement une solution id\u00e9ale pour les clubs ou les h\u00f4tels.\",\"breadcrumb\":{\"@id\":\"https:\/\/kentis.com\/fr\/boutique\/pot-rond-festonne\/#breadcrumb\"},\"inLanguage\":\"fr-FR\",\"potentialAction\":[{\"@type\":\"ReadAction\",\"target\":[\"https:\/\/kentis.com\/fr\/boutique\/pot-rond-festonne\/\"]}]},{\"@type\":\"ImageObject\",\"inLanguage\":\"fr-FR\",\"@id\":\"https:\/\/kentis.com\/fr\/boutique\/pot-rond-festonne\/#primaryimage\",\"url\":\"https:\/\/kentis.com\/wp-content\/uploads\/2021\/10\/Vaso-tondo-festonato_540.png\",\"contentUrl\":\"https:\/\/kentis.com\/wp-content\/uploads\/2021\/10\/Vaso-tondo-festonato_540.png\",\"width\":1500,\"height\":1500},{\"@type\":\"BreadcrumbList\",\"@id\":\"https:\/\/kentis.com\/fr\/boutique\/pot-rond-festonne\/#breadcrumb\",\"itemListElement\":[{\"@type\":\"ListItem\",\"position\":1,\"name\":\"Home\",\"item\":\"https:\/\/kentis.com\/fr\/\"},{\"@type\":\"ListItem\",\"position\":2,\"name\":\"Boutique\",\"item\":\"https:\/\/kentis.com\/fr\/boutique\/\"},{\"@type\":\"ListItem\",\"position\":3,\"name\":\"Accessoires\",\"item\":\"https:\/\/kentis.com\/fr\/categorie-produit\/accessoires\/\"},{\"@type\":\"ListItem\",\"position\":4,\"name\":\"Pots\",\"item\":\"https:\/\/kentis.com\/fr\/categorie-produit\/accessoires\/pots\/\"},{\"@type\":\"ListItem\",\"position\":5,\"name\":\"Pot Rond Festonn\u00e9\"}]},{\"@type\":\"WebSite\",\"@id\":\"https:\/\/kentis.com\/fr\/#website\",\"url\":\"https:\/\/kentis.com\/fr\/\",\"name\":\"Kentis\",\"description\":\"Atelier del verde\",\"publisher\":{\"@id\":\"https:\/\/kentis.com\/fr\/#organization\"},\"potentialAction\":[{\"@type\":\"SearchAction\",\"target\":{\"@type\":\"EntryPoint\",\"urlTemplate\":\"https:\/\/kentis.com\/fr\/?s={search_term_string}\"},\"query-input\":{\"@type\":\"PropertyValueSpecification\",\"valueRequired\":true,\"valueName\":\"search_term_string\"}}],\"inLanguage\":\"fr-FR\"},{\"@type\":\"Organization\",\"@id\":\"https:\/\/kentis.com\/fr\/#organization\",\"name\":\"Kentis\",\"url\":\"https:\/\/kentis.com\/fr\/\",\"logo\":{\"@type\":\"ImageObject\",\"inLanguage\":\"fr-FR\",\"@id\":\"https:\/\/kentis.com\/fr\/#\/schema\/logo\/image\/\",\"url\":\"https:\/\/kentis.com\/wp-content\/uploads\/2021\/08\/logo-main.png\",\"contentUrl\":\"https:\/\/kentis.com\/wp-content\/uploads\/2021\/08\/logo-main.png\",\"width\":800,\"height\":204,\"caption\":\"Kentis\"},\"image\":{\"@id\":\"https:\/\/kentis.com\/fr\/#\/schema\/logo\/image\/\"},\"sameAs\":[\"https:\/\/www.facebook.com\/kentisgarden\",\"https:\/\/www.instagram.com\/kentisgarden\/\",\"https:\/\/it.pinterest.com\/kentisgarden\",\"https:\/\/www.tiktok.com\/@kentis.com\"]}]}<\/script>\n<!-- \/ Yoast SEO plugin. -->","yoast_head_json":{"title":"Vase Rond Festonn\u00e9 - Vase \u00e0 Plantes D'Ext\u00e9rieur | Kentis","description":"Le vase rond festonn\u00e9 est parfait pour d\u00e9corer vos espaces int\u00e9rieurs et ext\u00e9rieurs. Ce vase est \u00e9galement une solution id\u00e9ale pour les clubs ou les h\u00f4tels.","robots":{"index":"index","follow":"follow","max-snippet":"max-snippet:-1","max-image-preview":"max-image-preview:large","max-video-preview":"max-video-preview:-1"},"canonical":"https:\/\/kentis.com\/fr\/boutique\/pot-rond-festonne\/","og_locale":"fr_FR","og_type":"article","og_title":"Vase Rond Festonn\u00e9 - Vase \u00e0 Plantes D'Ext\u00e9rieur | Kentis","og_description":"Le vase rond festonn\u00e9 est parfait pour d\u00e9corer vos espaces int\u00e9rieurs et ext\u00e9rieurs. Ce vase est \u00e9galement une solution id\u00e9ale pour les clubs ou les h\u00f4tels.","og_url":"https:\/\/kentis.com\/fr\/boutique\/pot-rond-festonne\/","og_site_name":"Kentis","article_publisher":"https:\/\/www.facebook.com\/kentisgarden","article_modified_time":"2024-11-22T14:29:58+00:00","og_image":[{"width":1500,"height":1500,"url":"https:\/\/kentis.com\/wp-content\/uploads\/2021\/10\/Vaso-tondo-festonato_540.png","type":"image\/png"}],"twitter_card":"summary_large_image","twitter_misc":{"Dur\u00e9e de lecture estim\u00e9e":"1 minute"},"schema":{"@context":"https:\/\/schema.org","@graph":[{"@type":"WebPage","@id":"https:\/\/kentis.com\/fr\/boutique\/pot-rond-festonne\/","url":"https:\/\/kentis.com\/fr\/boutique\/pot-rond-festonne\/","name":"Vase Rond Festonn\u00e9 - Vase \u00e0 Plantes D'Ext\u00e9rieur | Kentis","isPartOf":{"@id":"https:\/\/kentis.com\/fr\/#website"},"primaryImageOfPage":{"@id":"https:\/\/kentis.com\/fr\/boutique\/pot-rond-festonne\/#primaryimage"},"image":{"@id":"https:\/\/kentis.com\/fr\/boutique\/pot-rond-festonne\/#primaryimage"},"thumbnailUrl":"https:\/\/kentis.com\/wp-content\/uploads\/2021\/10\/Vaso-tondo-festonato_540.png","datePublished":"2021-10-27T15:53:46+00:00","dateModified":"2024-11-22T14:29:58+00:00","description":"Le vase rond festonn\u00e9 est parfait pour d\u00e9corer vos espaces int\u00e9rieurs et ext\u00e9rieurs. Ce vase est \u00e9galement une solution id\u00e9ale pour les clubs ou les h\u00f4tels.","breadcrumb":{"@id":"https:\/\/kentis.com\/fr\/boutique\/pot-rond-festonne\/#breadcrumb"},"inLanguage":"fr-FR","potentialAction":[{"@type":"ReadAction","target":["https:\/\/kentis.com\/fr\/boutique\/pot-rond-festonne\/"]}]},{"@type":"ImageObject","inLanguage":"fr-FR","@id":"https:\/\/kentis.com\/fr\/boutique\/pot-rond-festonne\/#primaryimage","url":"https:\/\/kentis.com\/wp-content\/uploads\/2021\/10\/Vaso-tondo-festonato_540.png","contentUrl":"https:\/\/kentis.com\/wp-content\/uploads\/2021\/10\/Vaso-tondo-festonato_540.png","width":1500,"height":1500},{"@type":"BreadcrumbList","@id":"https:\/\/kentis.com\/fr\/boutique\/pot-rond-festonne\/#breadcrumb","itemListElement":[{"@type":"ListItem","position":1,"name":"Home","item":"https:\/\/kentis.com\/fr\/"},{"@type":"ListItem","position":2,"name":"Boutique","item":"https:\/\/kentis.com\/fr\/boutique\/"},{"@type":"ListItem","position":3,"name":"Accessoires","item":"https:\/\/kentis.com\/fr\/categorie-produit\/accessoires\/"},{"@type":"ListItem","position":4,"name":"Pots","item":"https:\/\/kentis.com\/fr\/categorie-produit\/accessoires\/pots\/"},{"@type":"ListItem","position":5,"name":"Pot Rond Festonn\u00e9"}]},{"@type":"WebSite","@id":"https:\/\/kentis.com\/fr\/#website","url":"https:\/\/kentis.com\/fr\/","name":"Kentis","description":"Atelier del verde","publisher":{"@id":"https:\/\/kentis.com\/fr\/#organization"},"potentialAction":[{"@type":"SearchAction","target":{"@type":"EntryPoint","urlTemplate":"https:\/\/kentis.com\/fr\/?s={search_term_string}"},"query-input":{"@type":"PropertyValueSpecification","valueRequired":true,"valueName":"search_term_string"}}],"inLanguage":"fr-FR"},{"@type":"Organization","@id":"https:\/\/kentis.com\/fr\/#organization","name":"Kentis","url":"https:\/\/kentis.com\/fr\/","logo":{"@type":"ImageObject","inLanguage":"fr-FR","@id":"https:\/\/kentis.com\/fr\/#\/schema\/logo\/image\/","url":"https:\/\/kentis.com\/wp-content\/uploads\/2021\/08\/logo-main.png","contentUrl":"https:\/\/kentis.com\/wp-content\/uploads\/2021\/08\/logo-main.png","width":800,"height":204,"caption":"Kentis"},"image":{"@id":"https:\/\/kentis.com\/fr\/#\/schema\/logo\/image\/"},"sameAs":["https:\/\/www.facebook.com\/kentisgarden","https:\/\/www.instagram.com\/kentisgarden\/","https:\/\/it.pinterest.com\/kentisgarden","https:\/\/www.tiktok.com\/@kentis.com"]}]}},"_links":{"self":[{"href":"https:\/\/kentis.com\/fr\/wp-json\/wp\/v2\/product\/25167","targetHints":{"allow":["GET"]}}],"collection":[{"href":"https:\/\/kentis.com\/fr\/wp-json\/wp\/v2\/product"}],"about":[{"href":"https:\/\/kentis.com\/fr\/wp-json\/wp\/v2\/types\/product"}],"wp:featuredmedia":[{"embeddable":true,"href":"https:\/\/kentis.com\/fr\/wp-json\/wp\/v2\/media\/16038"}],"wp:attachment":[{"href":"https:\/\/kentis.com\/fr\/wp-json\/wp\/v2\/media?parent=25167"}],"wp:term":[{"taxonomy":"product_cat","embeddable":true,"href":"https:\/\/kentis.com\/fr\/wp-json\/wp\/v2\/product_cat?post=25167"},{"taxonomy":"product_tag","embeddable":true,"href":"https:\/\/kentis.com\/fr\/wp-json\/wp\/v2\/product_tag?post=25167"}],"curies":[{"name":"wp","href":"https:\/\/api.w.org\/{rel}","templated":true}]}}