{"id":25121,"date":"2021-10-28T12:54:48","date_gmt":"2021-10-28T10:54:48","guid":{"rendered":"https:\/\/kentis.com\/negozio\/vaso-classic-matte-square-high\/"},"modified":"2025-01-24T14:59:41","modified_gmt":"2025-01-24T13:59:41","slug":"pot-classique-matte-square-high","status":"publish","type":"product","link":"https:\/\/kentis.com\/fr\/boutique\/pot-classique-matte-square-high\/","title":{"rendered":"Pot Classique &#8216;Matte Square High&#8217;"},"content":{"rendered":"<div class=\"fusion-fullwidth fullwidth-box fusion-builder-row-1 fusion-flex-container nonhundred-percent-fullwidth non-hundred-percent-height-scrolling\" style=\"--awb-border-radius-top-left:0px;--awb-border-radius-top-right:0px;--awb-border-radius-bottom-right:0px;--awb-border-radius-bottom-left:0px;--awb-flex-wrap:wrap;\" ><div class=\"fusion-builder-row fusion-row fusion-flex-align-items-flex-start fusion-flex-content-wrap\" style=\"max-width:1248px;margin-left: calc(-4% \/ 2 );margin-right: calc(-4% \/ 2 );\"><div class=\"fusion-layout-column fusion_builder_column fusion-builder-column-0 fusion_builder_column_1_1 1_1 fusion-flex-column\" style=\"--awb-bg-size:cover;--awb-width-large:100%;--awb-margin-top-large:0px;--awb-spacing-right-large:1.92%;--awb-margin-bottom-large:0px;--awb-spacing-left-large:1.92%;--awb-width-medium:100%;--awb-spacing-right-medium:1.92%;--awb-spacing-left-medium:1.92%;--awb-width-small:100%;--awb-spacing-right-small:1.92%;--awb-spacing-left-small:1.92%;\"><div class=\"fusion-column-wrapper fusion-flex-justify-content-flex-start fusion-content-layout-column\"><div class=\"fusion-text fusion-text-1\"><ul>\n<li><span style=\"font-weight: 400;\">R\u00c9SERVE D&#8217;EAU &#8211; <\/span> Le pot auto-irrigant Classic Matte SMART! Square High 30 SWS se caract\u00e9rise par sa forme carr\u00e9e et par un syst\u00e8me de r\u00e9serve d&#8217;eau d&#8217;environ 2,5 cm au fond du pot, con\u00e7u pour garantir un taux d&#8217;humidit\u00e9 ad\u00e9quat aux racines de la plante ; tr\u00e8s utile pour ceux qui ont moins de temps \u00e0 consacrer \u00e0 leurs plantes et qui veulent un &#8220;aide&#8221; pour les maintenir en bonne sant\u00e9 ! Il peut \u00e9galement \u00eatre associ\u00e9 au bac \u00e0 fleurs de la m\u00eame ligne.<\/li>\n<li>FONCTIONNEL &#8211; Une autre caract\u00e9ristique importante est qu&#8217;un pot noir est \u00e9galement inclus, con\u00e7u sp\u00e9cifiquement pour \u00eatre ins\u00e9r\u00e9 \u00e0 l&#8217;int\u00e9rieur, qui, en plus de cr\u00e9er la r\u00e9serve d&#8217;eau, permet de remplacer facilement les plantes mortes ou endommag\u00e9es.<\/li>\n<li>DIMENSIONS &#8211; Diam\u00e8tre \u00d8 30&#215;30 cm, hauteur 34 cm.<\/li>\n<li>QUALIT\u00c9 &#8211; En plus d&#8217;\u00eatre Made in Italy, tous nos pots sont fabriqu\u00e9s \u00e0 partir de mat\u00e9riaux s\u00e9lectionn\u00e9s pour garantir la meilleure qualit\u00e9 possible.<\/li>\n<li>PERSONNALISATION &#8211; Besoin de tailles, de couleurs ou de quantit\u00e9s diff\u00e9rentes de celles indiqu\u00e9es ? Ne vous inqui\u00e9tez pas, chez Kentis, nous vous assisterons pour toute question ou personnalisation avant l&#8217;achat.<\/li>\n<\/ul>\n<\/div><\/div><\/div><\/div><\/div>\n","protected":false},"excerpt":{"rendered":"","protected":false},"featured_media":15970,"template":"","meta":{"_acf_changed":false},"product_cat":[724,590],"product_tag":[],"class_list":{"0":"post-25121","1":"product","2":"type-product","3":"status-publish","4":"has-post-thumbnail","6":"product_cat-accessoires","7":"product_cat-pots","8":"product_shipping_class-evergreen-fr","10":"first","11":"instock","12":"taxable","13":"shipping-taxable","14":"purchasable","15":"product-type-variable","16":"has-default-attributes"},"acf":[],"yoast_head":"<!-- This site is optimized with the Yoast SEO plugin v23.4 - https:\/\/yoast.com\/wordpress\/plugins\/seo\/ -->\n<title>Pot Classique &#039;Matte Square High | Kenti<\/title>\n<meta name=\"description\" content=\"La jardini\u00e8re Classic Matte Square High est la jardini\u00e8re parfaite pour d\u00e9finir vos espaces int\u00e9rieurs et ext\u00e9rieurs, avec un design simple mais impeccable.\" \/>\n<meta name=\"robots\" content=\"index, follow, max-snippet:-1, max-image-preview:large, max-video-preview:-1\" \/>\n<link rel=\"canonical\" href=\"https:\/\/kentis.com\/fr\/boutique\/pot-classique-matte-square-high\/\" \/>\n<meta property=\"og:locale\" content=\"fr_FR\" \/>\n<meta property=\"og:type\" content=\"article\" \/>\n<meta property=\"og:title\" content=\"Pot Classique &#039;Matte Square High | Kenti\" \/>\n<meta property=\"og:description\" content=\"La jardini\u00e8re Classic Matte Square High est la jardini\u00e8re parfaite pour d\u00e9finir vos espaces int\u00e9rieurs et ext\u00e9rieurs, avec un design simple mais impeccable.\" \/>\n<meta property=\"og:url\" content=\"https:\/\/kentis.com\/fr\/boutique\/pot-classique-matte-square-high\/\" \/>\n<meta property=\"og:site_name\" content=\"Kentis\" \/>\n<meta property=\"article:publisher\" content=\"https:\/\/www.facebook.com\/kentisgarden\" \/>\n<meta property=\"article:modified_time\" content=\"2025-01-24T13:59:41+00:00\" \/>\n<meta property=\"og:image\" content=\"https:\/\/kentis.com\/wp-content\/uploads\/2021\/10\/SMART-SQUARE-HIGH-30-SWS-120.png\" \/>\n\t<meta property=\"og:image:width\" content=\"2670\" \/>\n\t<meta property=\"og:image:height\" content=\"2670\" \/>\n\t<meta property=\"og:image:type\" content=\"image\/png\" \/>\n<meta name=\"twitter:card\" content=\"summary_large_image\" \/>\n<meta name=\"twitter:label1\" content=\"Dur\u00e9e de lecture estim\u00e9e\" \/>\n\t<meta name=\"twitter:data1\" content=\"2 minutes\" \/>\n<script type=\"application\/ld+json\" class=\"yoast-schema-graph\">{\"@context\":\"https:\/\/schema.org\",\"@graph\":[{\"@type\":\"WebPage\",\"@id\":\"https:\/\/kentis.com\/fr\/boutique\/pot-classique-matte-square-high\/\",\"url\":\"https:\/\/kentis.com\/fr\/boutique\/pot-classique-matte-square-high\/\",\"name\":\"Pot Classique 'Matte Square High | Kenti\",\"isPartOf\":{\"@id\":\"https:\/\/kentis.com\/fr\/#website\"},\"primaryImageOfPage\":{\"@id\":\"https:\/\/kentis.com\/fr\/boutique\/pot-classique-matte-square-high\/#primaryimage\"},\"image\":{\"@id\":\"https:\/\/kentis.com\/fr\/boutique\/pot-classique-matte-square-high\/#primaryimage\"},\"thumbnailUrl\":\"https:\/\/kentis.com\/wp-content\/uploads\/2021\/10\/SMART-SQUARE-HIGH-30-SWS-120.png\",\"datePublished\":\"2021-10-28T10:54:48+00:00\",\"dateModified\":\"2025-01-24T13:59:41+00:00\",\"description\":\"La jardini\u00e8re Classic Matte Square High est la jardini\u00e8re parfaite pour d\u00e9finir vos espaces int\u00e9rieurs et ext\u00e9rieurs, avec un design simple mais impeccable.\",\"breadcrumb\":{\"@id\":\"https:\/\/kentis.com\/fr\/boutique\/pot-classique-matte-square-high\/#breadcrumb\"},\"inLanguage\":\"fr-FR\",\"potentialAction\":[{\"@type\":\"ReadAction\",\"target\":[\"https:\/\/kentis.com\/fr\/boutique\/pot-classique-matte-square-high\/\"]}]},{\"@type\":\"ImageObject\",\"inLanguage\":\"fr-FR\",\"@id\":\"https:\/\/kentis.com\/fr\/boutique\/pot-classique-matte-square-high\/#primaryimage\",\"url\":\"https:\/\/kentis.com\/wp-content\/uploads\/2021\/10\/SMART-SQUARE-HIGH-30-SWS-120.png\",\"contentUrl\":\"https:\/\/kentis.com\/wp-content\/uploads\/2021\/10\/SMART-SQUARE-HIGH-30-SWS-120.png\",\"width\":2670,\"height\":2670},{\"@type\":\"BreadcrumbList\",\"@id\":\"https:\/\/kentis.com\/fr\/boutique\/pot-classique-matte-square-high\/#breadcrumb\",\"itemListElement\":[{\"@type\":\"ListItem\",\"position\":1,\"name\":\"Home\",\"item\":\"https:\/\/kentis.com\/fr\/\"},{\"@type\":\"ListItem\",\"position\":2,\"name\":\"Boutique\",\"item\":\"https:\/\/kentis.com\/fr\/boutique\/\"},{\"@type\":\"ListItem\",\"position\":3,\"name\":\"Accessoires\",\"item\":\"https:\/\/kentis.com\/fr\/categorie-produit\/accessoires\/\"},{\"@type\":\"ListItem\",\"position\":4,\"name\":\"Pots\",\"item\":\"https:\/\/kentis.com\/fr\/categorie-produit\/accessoires\/pots\/\"},{\"@type\":\"ListItem\",\"position\":5,\"name\":\"Pot Classique &#8216;Matte Square High&#8217;\"}]},{\"@type\":\"WebSite\",\"@id\":\"https:\/\/kentis.com\/fr\/#website\",\"url\":\"https:\/\/kentis.com\/fr\/\",\"name\":\"Kentis\",\"description\":\"Atelier del verde\",\"publisher\":{\"@id\":\"https:\/\/kentis.com\/fr\/#organization\"},\"potentialAction\":[{\"@type\":\"SearchAction\",\"target\":{\"@type\":\"EntryPoint\",\"urlTemplate\":\"https:\/\/kentis.com\/fr\/?s={search_term_string}\"},\"query-input\":{\"@type\":\"PropertyValueSpecification\",\"valueRequired\":true,\"valueName\":\"search_term_string\"}}],\"inLanguage\":\"fr-FR\"},{\"@type\":\"Organization\",\"@id\":\"https:\/\/kentis.com\/fr\/#organization\",\"name\":\"Kentis\",\"url\":\"https:\/\/kentis.com\/fr\/\",\"logo\":{\"@type\":\"ImageObject\",\"inLanguage\":\"fr-FR\",\"@id\":\"https:\/\/kentis.com\/fr\/#\/schema\/logo\/image\/\",\"url\":\"https:\/\/kentis.com\/wp-content\/uploads\/2021\/08\/logo-main.png\",\"contentUrl\":\"https:\/\/kentis.com\/wp-content\/uploads\/2021\/08\/logo-main.png\",\"width\":800,\"height\":204,\"caption\":\"Kentis\"},\"image\":{\"@id\":\"https:\/\/kentis.com\/fr\/#\/schema\/logo\/image\/\"},\"sameAs\":[\"https:\/\/www.facebook.com\/kentisgarden\",\"https:\/\/www.instagram.com\/kentisgarden\/\",\"https:\/\/it.pinterest.com\/kentisgarden\",\"https:\/\/www.tiktok.com\/@kentis.com\"]}]}<\/script>\n<!-- \/ Yoast SEO plugin. -->","yoast_head_json":{"title":"Pot Classique 'Matte Square High | Kenti","description":"La jardini\u00e8re Classic Matte Square High est la jardini\u00e8re parfaite pour d\u00e9finir vos espaces int\u00e9rieurs et ext\u00e9rieurs, avec un design simple mais impeccable.","robots":{"index":"index","follow":"follow","max-snippet":"max-snippet:-1","max-image-preview":"max-image-preview:large","max-video-preview":"max-video-preview:-1"},"canonical":"https:\/\/kentis.com\/fr\/boutique\/pot-classique-matte-square-high\/","og_locale":"fr_FR","og_type":"article","og_title":"Pot Classique 'Matte Square High | Kenti","og_description":"La jardini\u00e8re Classic Matte Square High est la jardini\u00e8re parfaite pour d\u00e9finir vos espaces int\u00e9rieurs et ext\u00e9rieurs, avec un design simple mais impeccable.","og_url":"https:\/\/kentis.com\/fr\/boutique\/pot-classique-matte-square-high\/","og_site_name":"Kentis","article_publisher":"https:\/\/www.facebook.com\/kentisgarden","article_modified_time":"2025-01-24T13:59:41+00:00","og_image":[{"width":2670,"height":2670,"url":"https:\/\/kentis.com\/wp-content\/uploads\/2021\/10\/SMART-SQUARE-HIGH-30-SWS-120.png","type":"image\/png"}],"twitter_card":"summary_large_image","twitter_misc":{"Dur\u00e9e de lecture estim\u00e9e":"2 minutes"},"schema":{"@context":"https:\/\/schema.org","@graph":[{"@type":"WebPage","@id":"https:\/\/kentis.com\/fr\/boutique\/pot-classique-matte-square-high\/","url":"https:\/\/kentis.com\/fr\/boutique\/pot-classique-matte-square-high\/","name":"Pot Classique 'Matte Square High | Kenti","isPartOf":{"@id":"https:\/\/kentis.com\/fr\/#website"},"primaryImageOfPage":{"@id":"https:\/\/kentis.com\/fr\/boutique\/pot-classique-matte-square-high\/#primaryimage"},"image":{"@id":"https:\/\/kentis.com\/fr\/boutique\/pot-classique-matte-square-high\/#primaryimage"},"thumbnailUrl":"https:\/\/kentis.com\/wp-content\/uploads\/2021\/10\/SMART-SQUARE-HIGH-30-SWS-120.png","datePublished":"2021-10-28T10:54:48+00:00","dateModified":"2025-01-24T13:59:41+00:00","description":"La jardini\u00e8re Classic Matte Square High est la jardini\u00e8re parfaite pour d\u00e9finir vos espaces int\u00e9rieurs et ext\u00e9rieurs, avec un design simple mais impeccable.","breadcrumb":{"@id":"https:\/\/kentis.com\/fr\/boutique\/pot-classique-matte-square-high\/#breadcrumb"},"inLanguage":"fr-FR","potentialAction":[{"@type":"ReadAction","target":["https:\/\/kentis.com\/fr\/boutique\/pot-classique-matte-square-high\/"]}]},{"@type":"ImageObject","inLanguage":"fr-FR","@id":"https:\/\/kentis.com\/fr\/boutique\/pot-classique-matte-square-high\/#primaryimage","url":"https:\/\/kentis.com\/wp-content\/uploads\/2021\/10\/SMART-SQUARE-HIGH-30-SWS-120.png","contentUrl":"https:\/\/kentis.com\/wp-content\/uploads\/2021\/10\/SMART-SQUARE-HIGH-30-SWS-120.png","width":2670,"height":2670},{"@type":"BreadcrumbList","@id":"https:\/\/kentis.com\/fr\/boutique\/pot-classique-matte-square-high\/#breadcrumb","itemListElement":[{"@type":"ListItem","position":1,"name":"Home","item":"https:\/\/kentis.com\/fr\/"},{"@type":"ListItem","position":2,"name":"Boutique","item":"https:\/\/kentis.com\/fr\/boutique\/"},{"@type":"ListItem","position":3,"name":"Accessoires","item":"https:\/\/kentis.com\/fr\/categorie-produit\/accessoires\/"},{"@type":"ListItem","position":4,"name":"Pots","item":"https:\/\/kentis.com\/fr\/categorie-produit\/accessoires\/pots\/"},{"@type":"ListItem","position":5,"name":"Pot Classique &#8216;Matte Square High&#8217;"}]},{"@type":"WebSite","@id":"https:\/\/kentis.com\/fr\/#website","url":"https:\/\/kentis.com\/fr\/","name":"Kentis","description":"Atelier del verde","publisher":{"@id":"https:\/\/kentis.com\/fr\/#organization"},"potentialAction":[{"@type":"SearchAction","target":{"@type":"EntryPoint","urlTemplate":"https:\/\/kentis.com\/fr\/?s={search_term_string}"},"query-input":{"@type":"PropertyValueSpecification","valueRequired":true,"valueName":"search_term_string"}}],"inLanguage":"fr-FR"},{"@type":"Organization","@id":"https:\/\/kentis.com\/fr\/#organization","name":"Kentis","url":"https:\/\/kentis.com\/fr\/","logo":{"@type":"ImageObject","inLanguage":"fr-FR","@id":"https:\/\/kentis.com\/fr\/#\/schema\/logo\/image\/","url":"https:\/\/kentis.com\/wp-content\/uploads\/2021\/08\/logo-main.png","contentUrl":"https:\/\/kentis.com\/wp-content\/uploads\/2021\/08\/logo-main.png","width":800,"height":204,"caption":"Kentis"},"image":{"@id":"https:\/\/kentis.com\/fr\/#\/schema\/logo\/image\/"},"sameAs":["https:\/\/www.facebook.com\/kentisgarden","https:\/\/www.instagram.com\/kentisgarden\/","https:\/\/it.pinterest.com\/kentisgarden","https:\/\/www.tiktok.com\/@kentis.com"]}]}},"_links":{"self":[{"href":"https:\/\/kentis.com\/fr\/wp-json\/wp\/v2\/product\/25121","targetHints":{"allow":["GET"]}}],"collection":[{"href":"https:\/\/kentis.com\/fr\/wp-json\/wp\/v2\/product"}],"about":[{"href":"https:\/\/kentis.com\/fr\/wp-json\/wp\/v2\/types\/product"}],"wp:featuredmedia":[{"embeddable":true,"href":"https:\/\/kentis.com\/fr\/wp-json\/wp\/v2\/media\/15970"}],"wp:attachment":[{"href":"https:\/\/kentis.com\/fr\/wp-json\/wp\/v2\/media?parent=25121"}],"wp:term":[{"taxonomy":"product_cat","embeddable":true,"href":"https:\/\/kentis.com\/fr\/wp-json\/wp\/v2\/product_cat?post=25121"},{"taxonomy":"product_tag","embeddable":true,"href":"https:\/\/kentis.com\/fr\/wp-json\/wp\/v2\/product_tag?post=25121"}],"curies":[{"name":"wp","href":"https:\/\/api.w.org\/{rel}","templated":true}]}}