{"id":25040,"date":"2021-12-21T17:16:33","date_gmt":"2021-12-21T16:16:33","guid":{"rendered":"https:\/\/kentis.com\/negozio\/citrus-australasica\/"},"modified":"2024-05-13T12:06:06","modified_gmt":"2024-05-13T10:06:06","slug":"citrus-australasica-citron-caviar","status":"publish","type":"product","link":"https:\/\/kentis.com\/fr\/boutique\/citrus-australasica-citron-caviar\/","title":{"rendered":"Citrus Australasica &#8211; Citron Caviar"},"content":{"rendered":"<p>\u00c9galement appel\u00e9 &#8220;Citron Caviar&#8221;, le Citrus Australasica est un agrume originaire d&#8217;Australie, tr\u00e8s facile \u00e0 cultiver aussi bien en pot qu&#8217;au jardin. Contrairement aux citrons, cette esp\u00e8ce pousse comme un buisson et n&#8217;est donc pas consid\u00e9r\u00e9e comme appartenant \u00e0 la famille des Citrus.<\/p>\n<p>Pot de culture, \u00d8 20 cm<\/p>\n","protected":false},"excerpt":{"rendered":"<p>\u00c9galement appel\u00e9 &#8220;Citron Caviar&#8221;, le Citrus Australasica est un agrume [&hellip;]<\/p>\n","protected":false},"featured_media":15834,"template":"","meta":{"_acf_changed":false},"product_cat":[522,610],"product_tag":[],"class_list":{"0":"post-25040","1":"product","2":"type-product","3":"status-publish","4":"has-post-thumbnail","6":"product_cat-plantes-d-exterieur","7":"product_cat-plantes-fruitieres","8":"product_shipping_class-flora-fr","10":"first","11":"outofstock","12":"taxable","13":"shipping-taxable","14":"purchasable","15":"product-type-variable","16":"has-default-attributes"},"acf":[],"yoast_head":"<!-- This site is optimized with the Yoast SEO plugin v23.4 - https:\/\/yoast.com\/wordpress\/plugins\/seo\/ -->\n<title>Citrus Australasica - Pianta di Limone Caviale da Frutto da Esterno | Kentis<\/title>\n<meta name=\"description\" content=\"Il Citrus Australasica \u00e8 un agrume originario dell\u2019Australia molto facile da coltivare sia in vaso che in giardino.\" \/>\n<meta name=\"robots\" content=\"index, follow, max-snippet:-1, max-image-preview:large, max-video-preview:-1\" \/>\n<link rel=\"canonical\" href=\"https:\/\/kentis.com\/fr\/boutique\/citrus-australasica-citron-caviar\/\" \/>\n<meta property=\"og:locale\" content=\"fr_FR\" \/>\n<meta property=\"og:type\" content=\"article\" \/>\n<meta property=\"og:title\" content=\"Citrus Australasica - Pianta di Limone Caviale da Frutto da Esterno | Kentis\" \/>\n<meta property=\"og:description\" content=\"Il Citrus Australasica \u00e8 un agrume originario dell\u2019Australia molto facile da coltivare sia in vaso che in giardino.\" \/>\n<meta property=\"og:url\" content=\"https:\/\/kentis.com\/fr\/boutique\/citrus-australasica-citron-caviar\/\" \/>\n<meta property=\"og:site_name\" content=\"Kentis\" \/>\n<meta property=\"article:publisher\" content=\"https:\/\/www.facebook.com\/kentisgarden\" \/>\n<meta property=\"article:modified_time\" content=\"2024-05-13T10:06:06+00:00\" \/>\n<meta property=\"og:image\" content=\"https:\/\/kentis.com\/wp-content\/uploads\/2021\/12\/PTG-Citrus-Australasica-v20-h-70-80-b-for-soft-25-leaf-green-scaled.jpg\" \/>\n\t<meta property=\"og:image:width\" content=\"2560\" \/>\n\t<meta property=\"og:image:height\" content=\"2560\" \/>\n\t<meta property=\"og:image:type\" content=\"image\/jpeg\" \/>\n<meta name=\"twitter:card\" content=\"summary_large_image\" \/>\n<script type=\"application\/ld+json\" class=\"yoast-schema-graph\">{\"@context\":\"https:\/\/schema.org\",\"@graph\":[{\"@type\":\"WebPage\",\"@id\":\"https:\/\/kentis.com\/fr\/boutique\/citrus-australasica-citron-caviar\/\",\"url\":\"https:\/\/kentis.com\/fr\/boutique\/citrus-australasica-citron-caviar\/\",\"name\":\"Citrus Australasica - Pianta di Limone Caviale da Frutto da Esterno | Kentis\",\"isPartOf\":{\"@id\":\"https:\/\/kentis.com\/fr\/#website\"},\"primaryImageOfPage\":{\"@id\":\"https:\/\/kentis.com\/fr\/boutique\/citrus-australasica-citron-caviar\/#primaryimage\"},\"image\":{\"@id\":\"https:\/\/kentis.com\/fr\/boutique\/citrus-australasica-citron-caviar\/#primaryimage\"},\"thumbnailUrl\":\"https:\/\/kentis.com\/wp-content\/uploads\/2021\/12\/PTG-Citrus-Australasica-v20-h-70-80-b-for-soft-25-leaf-green-scaled.jpg\",\"datePublished\":\"2021-12-21T16:16:33+00:00\",\"dateModified\":\"2024-05-13T10:06:06+00:00\",\"description\":\"Il Citrus Australasica \u00e8 un agrume originario dell\u2019Australia molto facile da coltivare sia in vaso che in giardino.\",\"breadcrumb\":{\"@id\":\"https:\/\/kentis.com\/fr\/boutique\/citrus-australasica-citron-caviar\/#breadcrumb\"},\"inLanguage\":\"fr-FR\",\"potentialAction\":[{\"@type\":\"ReadAction\",\"target\":[\"https:\/\/kentis.com\/fr\/boutique\/citrus-australasica-citron-caviar\/\"]}]},{\"@type\":\"ImageObject\",\"inLanguage\":\"fr-FR\",\"@id\":\"https:\/\/kentis.com\/fr\/boutique\/citrus-australasica-citron-caviar\/#primaryimage\",\"url\":\"https:\/\/kentis.com\/wp-content\/uploads\/2021\/12\/PTG-Citrus-Australasica-v20-h-70-80-b-for-soft-25-leaf-green-scaled.jpg\",\"contentUrl\":\"https:\/\/kentis.com\/wp-content\/uploads\/2021\/12\/PTG-Citrus-Australasica-v20-h-70-80-b-for-soft-25-leaf-green-scaled.jpg\",\"width\":2560,\"height\":2560},{\"@type\":\"BreadcrumbList\",\"@id\":\"https:\/\/kentis.com\/fr\/boutique\/citrus-australasica-citron-caviar\/#breadcrumb\",\"itemListElement\":[{\"@type\":\"ListItem\",\"position\":1,\"name\":\"Home\",\"item\":\"https:\/\/kentis.com\/fr\/\"},{\"@type\":\"ListItem\",\"position\":2,\"name\":\"Boutique\",\"item\":\"https:\/\/kentis.com\/fr\/boutique\/\"},{\"@type\":\"ListItem\",\"position\":3,\"name\":\"Plantes\",\"item\":\"https:\/\/kentis.com\/fr\/categorie-produit\/plantes\/\"},{\"@type\":\"ListItem\",\"position\":4,\"name\":\"Plantes d'ext\u00e9rieur\",\"item\":\"https:\/\/kentis.com\/fr\/categorie-produit\/plantes\/plantes-d-exterieur\/\"},{\"@type\":\"ListItem\",\"position\":5,\"name\":\"Plantes fruiti\u00e8res\",\"item\":\"https:\/\/kentis.com\/fr\/categorie-produit\/plantes\/plantes-d-exterieur\/plantes-fruitieres\/\"},{\"@type\":\"ListItem\",\"position\":6,\"name\":\"Citrus Australasica &#8211; Citron Caviar\"}]},{\"@type\":\"WebSite\",\"@id\":\"https:\/\/kentis.com\/fr\/#website\",\"url\":\"https:\/\/kentis.com\/fr\/\",\"name\":\"Kentis\",\"description\":\"Atelier del verde\",\"publisher\":{\"@id\":\"https:\/\/kentis.com\/fr\/#organization\"},\"potentialAction\":[{\"@type\":\"SearchAction\",\"target\":{\"@type\":\"EntryPoint\",\"urlTemplate\":\"https:\/\/kentis.com\/fr\/?s={search_term_string}\"},\"query-input\":{\"@type\":\"PropertyValueSpecification\",\"valueRequired\":true,\"valueName\":\"search_term_string\"}}],\"inLanguage\":\"fr-FR\"},{\"@type\":\"Organization\",\"@id\":\"https:\/\/kentis.com\/fr\/#organization\",\"name\":\"Kentis\",\"url\":\"https:\/\/kentis.com\/fr\/\",\"logo\":{\"@type\":\"ImageObject\",\"inLanguage\":\"fr-FR\",\"@id\":\"https:\/\/kentis.com\/fr\/#\/schema\/logo\/image\/\",\"url\":\"https:\/\/kentis.com\/wp-content\/uploads\/2021\/08\/logo-main.png\",\"contentUrl\":\"https:\/\/kentis.com\/wp-content\/uploads\/2021\/08\/logo-main.png\",\"width\":800,\"height\":204,\"caption\":\"Kentis\"},\"image\":{\"@id\":\"https:\/\/kentis.com\/fr\/#\/schema\/logo\/image\/\"},\"sameAs\":[\"https:\/\/www.facebook.com\/kentisgarden\",\"https:\/\/www.instagram.com\/kentisgarden\/\",\"https:\/\/it.pinterest.com\/kentisgarden\",\"https:\/\/www.tiktok.com\/@kentis.com\"]}]}<\/script>\n<!-- \/ Yoast SEO plugin. -->","yoast_head_json":{"title":"Citrus Australasica - Pianta di Limone Caviale da Frutto da Esterno | Kentis","description":"Il Citrus Australasica \u00e8 un agrume originario dell\u2019Australia molto facile da coltivare sia in vaso che in giardino.","robots":{"index":"index","follow":"follow","max-snippet":"max-snippet:-1","max-image-preview":"max-image-preview:large","max-video-preview":"max-video-preview:-1"},"canonical":"https:\/\/kentis.com\/fr\/boutique\/citrus-australasica-citron-caviar\/","og_locale":"fr_FR","og_type":"article","og_title":"Citrus Australasica - Pianta di Limone Caviale da Frutto da Esterno | Kentis","og_description":"Il Citrus Australasica \u00e8 un agrume originario dell\u2019Australia molto facile da coltivare sia in vaso che in giardino.","og_url":"https:\/\/kentis.com\/fr\/boutique\/citrus-australasica-citron-caviar\/","og_site_name":"Kentis","article_publisher":"https:\/\/www.facebook.com\/kentisgarden","article_modified_time":"2024-05-13T10:06:06+00:00","og_image":[{"width":2560,"height":2560,"url":"https:\/\/kentis.com\/wp-content\/uploads\/2021\/12\/PTG-Citrus-Australasica-v20-h-70-80-b-for-soft-25-leaf-green-scaled.jpg","type":"image\/jpeg"}],"twitter_card":"summary_large_image","schema":{"@context":"https:\/\/schema.org","@graph":[{"@type":"WebPage","@id":"https:\/\/kentis.com\/fr\/boutique\/citrus-australasica-citron-caviar\/","url":"https:\/\/kentis.com\/fr\/boutique\/citrus-australasica-citron-caviar\/","name":"Citrus Australasica - Pianta di Limone Caviale da Frutto da Esterno | Kentis","isPartOf":{"@id":"https:\/\/kentis.com\/fr\/#website"},"primaryImageOfPage":{"@id":"https:\/\/kentis.com\/fr\/boutique\/citrus-australasica-citron-caviar\/#primaryimage"},"image":{"@id":"https:\/\/kentis.com\/fr\/boutique\/citrus-australasica-citron-caviar\/#primaryimage"},"thumbnailUrl":"https:\/\/kentis.com\/wp-content\/uploads\/2021\/12\/PTG-Citrus-Australasica-v20-h-70-80-b-for-soft-25-leaf-green-scaled.jpg","datePublished":"2021-12-21T16:16:33+00:00","dateModified":"2024-05-13T10:06:06+00:00","description":"Il Citrus Australasica \u00e8 un agrume originario dell\u2019Australia molto facile da coltivare sia in vaso che in giardino.","breadcrumb":{"@id":"https:\/\/kentis.com\/fr\/boutique\/citrus-australasica-citron-caviar\/#breadcrumb"},"inLanguage":"fr-FR","potentialAction":[{"@type":"ReadAction","target":["https:\/\/kentis.com\/fr\/boutique\/citrus-australasica-citron-caviar\/"]}]},{"@type":"ImageObject","inLanguage":"fr-FR","@id":"https:\/\/kentis.com\/fr\/boutique\/citrus-australasica-citron-caviar\/#primaryimage","url":"https:\/\/kentis.com\/wp-content\/uploads\/2021\/12\/PTG-Citrus-Australasica-v20-h-70-80-b-for-soft-25-leaf-green-scaled.jpg","contentUrl":"https:\/\/kentis.com\/wp-content\/uploads\/2021\/12\/PTG-Citrus-Australasica-v20-h-70-80-b-for-soft-25-leaf-green-scaled.jpg","width":2560,"height":2560},{"@type":"BreadcrumbList","@id":"https:\/\/kentis.com\/fr\/boutique\/citrus-australasica-citron-caviar\/#breadcrumb","itemListElement":[{"@type":"ListItem","position":1,"name":"Home","item":"https:\/\/kentis.com\/fr\/"},{"@type":"ListItem","position":2,"name":"Boutique","item":"https:\/\/kentis.com\/fr\/boutique\/"},{"@type":"ListItem","position":3,"name":"Plantes","item":"https:\/\/kentis.com\/fr\/categorie-produit\/plantes\/"},{"@type":"ListItem","position":4,"name":"Plantes d'ext\u00e9rieur","item":"https:\/\/kentis.com\/fr\/categorie-produit\/plantes\/plantes-d-exterieur\/"},{"@type":"ListItem","position":5,"name":"Plantes fruiti\u00e8res","item":"https:\/\/kentis.com\/fr\/categorie-produit\/plantes\/plantes-d-exterieur\/plantes-fruitieres\/"},{"@type":"ListItem","position":6,"name":"Citrus Australasica &#8211; Citron Caviar"}]},{"@type":"WebSite","@id":"https:\/\/kentis.com\/fr\/#website","url":"https:\/\/kentis.com\/fr\/","name":"Kentis","description":"Atelier del verde","publisher":{"@id":"https:\/\/kentis.com\/fr\/#organization"},"potentialAction":[{"@type":"SearchAction","target":{"@type":"EntryPoint","urlTemplate":"https:\/\/kentis.com\/fr\/?s={search_term_string}"},"query-input":{"@type":"PropertyValueSpecification","valueRequired":true,"valueName":"search_term_string"}}],"inLanguage":"fr-FR"},{"@type":"Organization","@id":"https:\/\/kentis.com\/fr\/#organization","name":"Kentis","url":"https:\/\/kentis.com\/fr\/","logo":{"@type":"ImageObject","inLanguage":"fr-FR","@id":"https:\/\/kentis.com\/fr\/#\/schema\/logo\/image\/","url":"https:\/\/kentis.com\/wp-content\/uploads\/2021\/08\/logo-main.png","contentUrl":"https:\/\/kentis.com\/wp-content\/uploads\/2021\/08\/logo-main.png","width":800,"height":204,"caption":"Kentis"},"image":{"@id":"https:\/\/kentis.com\/fr\/#\/schema\/logo\/image\/"},"sameAs":["https:\/\/www.facebook.com\/kentisgarden","https:\/\/www.instagram.com\/kentisgarden\/","https:\/\/it.pinterest.com\/kentisgarden","https:\/\/www.tiktok.com\/@kentis.com"]}]}},"_links":{"self":[{"href":"https:\/\/kentis.com\/fr\/wp-json\/wp\/v2\/product\/25040","targetHints":{"allow":["GET"]}}],"collection":[{"href":"https:\/\/kentis.com\/fr\/wp-json\/wp\/v2\/product"}],"about":[{"href":"https:\/\/kentis.com\/fr\/wp-json\/wp\/v2\/types\/product"}],"wp:featuredmedia":[{"embeddable":true,"href":"https:\/\/kentis.com\/fr\/wp-json\/wp\/v2\/media\/15834"}],"wp:attachment":[{"href":"https:\/\/kentis.com\/fr\/wp-json\/wp\/v2\/media?parent=25040"}],"wp:term":[{"taxonomy":"product_cat","embeddable":true,"href":"https:\/\/kentis.com\/fr\/wp-json\/wp\/v2\/product_cat?post=25040"},{"taxonomy":"product_tag","embeddable":true,"href":"https:\/\/kentis.com\/fr\/wp-json\/wp\/v2\/product_tag?post=25040"}],"curies":[{"name":"wp","href":"https:\/\/api.w.org\/{rel}","templated":true}]}}