{"id":24692,"date":"2022-03-09T16:32:51","date_gmt":"2022-03-09T15:32:51","guid":{"rendered":"https:\/\/kentis.com\/negozio\/pouf-per-piante-da-esterno-4\/"},"modified":"2024-11-27T17:37:17","modified_gmt":"2024-11-27T16:37:17","slug":"ensemble-de-poufs-avec-plantes-dexterieur-3","status":"publish","type":"product","link":"https:\/\/kentis.com\/fr\/boutique\/ensemble-de-poufs-avec-plantes-dexterieur-3\/","title":{"rendered":"Ensemble De Poufs Avec Plantes d&#8217;Ext\u00e9rieur"},"content":{"rendered":"<div class=\"fusion-fullwidth fullwidth-box fusion-builder-row-1 fusion-flex-container nonhundred-percent-fullwidth non-hundred-percent-height-scrolling\" style=\"--awb-border-radius-top-left:0px;--awb-border-radius-top-right:0px;--awb-border-radius-bottom-right:0px;--awb-border-radius-bottom-left:0px;--awb-flex-wrap:wrap;\" ><div class=\"fusion-builder-row fusion-row fusion-flex-align-items-flex-start fusion-flex-content-wrap\" style=\"max-width:1248px;margin-left: calc(-4% \/ 2 );margin-right: calc(-4% \/ 2 );\"><div class=\"fusion-layout-column fusion_builder_column fusion-builder-column-0 fusion_builder_column_1_1 1_1 fusion-flex-column\" style=\"--awb-bg-size:cover;--awb-width-large:100%;--awb-margin-top-large:0px;--awb-spacing-right-large:1.92%;--awb-margin-bottom-large:0px;--awb-spacing-left-large:1.92%;--awb-width-medium:100%;--awb-spacing-right-medium:1.92%;--awb-spacing-left-medium:1.92%;--awb-width-small:100%;--awb-spacing-right-small:1.92%;--awb-spacing-left-small:1.92%;\"><div class=\"fusion-column-wrapper fusion-flex-justify-content-flex-start fusion-content-layout-column\"><div class=\"fusion-text fusion-text-1\"><p>Ce set de pouf avec plantes d&#8217;ext\u00e9rieur contribuera \u00e0 rendre vos espaces ext\u00e9rieurs plus confortables et plus agr\u00e9ables, d&#8217;une mani\u00e8re simple mais \u00e9l\u00e9gante et originale. L&#8217;ensemble comprend un pot recouvert du m\u00eame mat\u00e9riau et de la m\u00eame couleur que le pouf choisi, qui s&#8217;adapte parfaitement, avec trois plantes Bambusa Phyllostachys Bissetii, chacune d&#8217;une hauteur de 145\/175 cm.<\/p>\n<\/div><\/div><\/div><\/div><\/div>\n","protected":false},"excerpt":{"rendered":"","protected":false},"featured_media":14572,"template":"","meta":{"_acf_changed":false},"product_cat":[542],"product_tag":[],"class_list":{"0":"post-24692","1":"product","2":"type-product","3":"status-publish","4":"has-post-thumbnail","6":"product_cat-exterieur","8":"first","9":"instock","10":"taxable","11":"shipping-taxable","12":"purchasable","13":"product-type-variable","14":"has-default-attributes"},"acf":[],"yoast_head":"<!-- This site is optimized with the Yoast SEO plugin v23.4 - https:\/\/yoast.com\/wordpress\/plugins\/seo\/ -->\n<title>Ensemble De Poufs Avec Plantes d&#039;Ext\u00e9rieur - Mobilier | Kentis<\/title>\n<meta name=\"description\" content=\"Le Pouf avec plantes d&#039;ext\u00e9rieur contribuera \u00e0 rendre vos espaces ext\u00e9rieurs plus confortables et accueillants, avec style et originalit\u00e9.\" \/>\n<meta name=\"robots\" content=\"index, follow, max-snippet:-1, max-image-preview:large, max-video-preview:-1\" \/>\n<link rel=\"canonical\" href=\"https:\/\/kentis.com\/fr\/boutique\/ensemble-de-poufs-avec-plantes-dexterieur-3\/\" \/>\n<meta property=\"og:locale\" content=\"fr_FR\" \/>\n<meta property=\"og:type\" content=\"article\" \/>\n<meta property=\"og:title\" content=\"Ensemble De Poufs Avec Plantes d&#039;Ext\u00e9rieur - Mobilier | Kentis\" \/>\n<meta property=\"og:description\" content=\"Le Pouf avec plantes d&#039;ext\u00e9rieur contribuera \u00e0 rendre vos espaces ext\u00e9rieurs plus confortables et accueillants, avec style et originalit\u00e9.\" \/>\n<meta property=\"og:url\" content=\"https:\/\/kentis.com\/fr\/boutique\/ensemble-de-poufs-avec-plantes-dexterieur-3\/\" \/>\n<meta property=\"og:site_name\" content=\"Kentis\" \/>\n<meta property=\"article:publisher\" content=\"https:\/\/www.facebook.com\/kentisgarden\" \/>\n<meta property=\"article:modified_time\" content=\"2024-11-27T16:37:17+00:00\" \/>\n<meta property=\"og:image\" content=\"https:\/\/kentis.com\/wp-content\/uploads\/2022\/03\/IMG_4767_1-scaled.jpg\" \/>\n\t<meta property=\"og:image:width\" content=\"2560\" \/>\n\t<meta property=\"og:image:height\" content=\"2560\" \/>\n\t<meta property=\"og:image:type\" content=\"image\/jpeg\" \/>\n<meta name=\"twitter:card\" content=\"summary_large_image\" \/>\n<meta name=\"twitter:label1\" content=\"Dur\u00e9e de lecture estim\u00e9e\" \/>\n\t<meta name=\"twitter:data1\" content=\"1 minute\" \/>\n<script type=\"application\/ld+json\" class=\"yoast-schema-graph\">{\"@context\":\"https:\/\/schema.org\",\"@graph\":[{\"@type\":\"WebPage\",\"@id\":\"https:\/\/kentis.com\/fr\/boutique\/ensemble-de-poufs-avec-plantes-dexterieur-3\/\",\"url\":\"https:\/\/kentis.com\/fr\/boutique\/ensemble-de-poufs-avec-plantes-dexterieur-3\/\",\"name\":\"Ensemble De Poufs Avec Plantes d'Ext\u00e9rieur - Mobilier | Kentis\",\"isPartOf\":{\"@id\":\"https:\/\/kentis.com\/fr\/#website\"},\"primaryImageOfPage\":{\"@id\":\"https:\/\/kentis.com\/fr\/boutique\/ensemble-de-poufs-avec-plantes-dexterieur-3\/#primaryimage\"},\"image\":{\"@id\":\"https:\/\/kentis.com\/fr\/boutique\/ensemble-de-poufs-avec-plantes-dexterieur-3\/#primaryimage\"},\"thumbnailUrl\":\"https:\/\/kentis.com\/wp-content\/uploads\/2022\/03\/IMG_4767_1-scaled.jpg\",\"datePublished\":\"2022-03-09T15:32:51+00:00\",\"dateModified\":\"2024-11-27T16:37:17+00:00\",\"description\":\"Le Pouf avec plantes d'ext\u00e9rieur contribuera \u00e0 rendre vos espaces ext\u00e9rieurs plus confortables et accueillants, avec style et originalit\u00e9.\",\"breadcrumb\":{\"@id\":\"https:\/\/kentis.com\/fr\/boutique\/ensemble-de-poufs-avec-plantes-dexterieur-3\/#breadcrumb\"},\"inLanguage\":\"fr-FR\",\"potentialAction\":[{\"@type\":\"ReadAction\",\"target\":[\"https:\/\/kentis.com\/fr\/boutique\/ensemble-de-poufs-avec-plantes-dexterieur-3\/\"]}]},{\"@type\":\"ImageObject\",\"inLanguage\":\"fr-FR\",\"@id\":\"https:\/\/kentis.com\/fr\/boutique\/ensemble-de-poufs-avec-plantes-dexterieur-3\/#primaryimage\",\"url\":\"https:\/\/kentis.com\/wp-content\/uploads\/2022\/03\/IMG_4767_1-scaled.jpg\",\"contentUrl\":\"https:\/\/kentis.com\/wp-content\/uploads\/2022\/03\/IMG_4767_1-scaled.jpg\",\"width\":2560,\"height\":2560},{\"@type\":\"BreadcrumbList\",\"@id\":\"https:\/\/kentis.com\/fr\/boutique\/ensemble-de-poufs-avec-plantes-dexterieur-3\/#breadcrumb\",\"itemListElement\":[{\"@type\":\"ListItem\",\"position\":1,\"name\":\"Home\",\"item\":\"https:\/\/kentis.com\/fr\/\"},{\"@type\":\"ListItem\",\"position\":2,\"name\":\"Boutique\",\"item\":\"https:\/\/kentis.com\/fr\/boutique\/\"},{\"@type\":\"ListItem\",\"position\":3,\"name\":\"Ext\u00e9rieur\",\"item\":\"https:\/\/kentis.com\/fr\/categorie-produit\/exterieur\/\"},{\"@type\":\"ListItem\",\"position\":4,\"name\":\"Ensemble De Poufs Avec Plantes d&#8217;Ext\u00e9rieur\"}]},{\"@type\":\"WebSite\",\"@id\":\"https:\/\/kentis.com\/fr\/#website\",\"url\":\"https:\/\/kentis.com\/fr\/\",\"name\":\"Kentis\",\"description\":\"Atelier del verde\",\"publisher\":{\"@id\":\"https:\/\/kentis.com\/fr\/#organization\"},\"potentialAction\":[{\"@type\":\"SearchAction\",\"target\":{\"@type\":\"EntryPoint\",\"urlTemplate\":\"https:\/\/kentis.com\/fr\/?s={search_term_string}\"},\"query-input\":{\"@type\":\"PropertyValueSpecification\",\"valueRequired\":true,\"valueName\":\"search_term_string\"}}],\"inLanguage\":\"fr-FR\"},{\"@type\":\"Organization\",\"@id\":\"https:\/\/kentis.com\/fr\/#organization\",\"name\":\"Kentis\",\"url\":\"https:\/\/kentis.com\/fr\/\",\"logo\":{\"@type\":\"ImageObject\",\"inLanguage\":\"fr-FR\",\"@id\":\"https:\/\/kentis.com\/fr\/#\/schema\/logo\/image\/\",\"url\":\"https:\/\/kentis.com\/wp-content\/uploads\/2021\/08\/logo-main.png\",\"contentUrl\":\"https:\/\/kentis.com\/wp-content\/uploads\/2021\/08\/logo-main.png\",\"width\":800,\"height\":204,\"caption\":\"Kentis\"},\"image\":{\"@id\":\"https:\/\/kentis.com\/fr\/#\/schema\/logo\/image\/\"},\"sameAs\":[\"https:\/\/www.facebook.com\/kentisgarden\",\"https:\/\/www.instagram.com\/kentisgarden\/\",\"https:\/\/it.pinterest.com\/kentisgarden\",\"https:\/\/www.tiktok.com\/@kentis.com\"]}]}<\/script>\n<!-- \/ Yoast SEO plugin. -->","yoast_head_json":{"title":"Ensemble De Poufs Avec Plantes d'Ext\u00e9rieur - Mobilier | Kentis","description":"Le Pouf avec plantes d'ext\u00e9rieur contribuera \u00e0 rendre vos espaces ext\u00e9rieurs plus confortables et accueillants, avec style et originalit\u00e9.","robots":{"index":"index","follow":"follow","max-snippet":"max-snippet:-1","max-image-preview":"max-image-preview:large","max-video-preview":"max-video-preview:-1"},"canonical":"https:\/\/kentis.com\/fr\/boutique\/ensemble-de-poufs-avec-plantes-dexterieur-3\/","og_locale":"fr_FR","og_type":"article","og_title":"Ensemble De Poufs Avec Plantes d'Ext\u00e9rieur - Mobilier | Kentis","og_description":"Le Pouf avec plantes d'ext\u00e9rieur contribuera \u00e0 rendre vos espaces ext\u00e9rieurs plus confortables et accueillants, avec style et originalit\u00e9.","og_url":"https:\/\/kentis.com\/fr\/boutique\/ensemble-de-poufs-avec-plantes-dexterieur-3\/","og_site_name":"Kentis","article_publisher":"https:\/\/www.facebook.com\/kentisgarden","article_modified_time":"2024-11-27T16:37:17+00:00","og_image":[{"width":2560,"height":2560,"url":"https:\/\/kentis.com\/wp-content\/uploads\/2022\/03\/IMG_4767_1-scaled.jpg","type":"image\/jpeg"}],"twitter_card":"summary_large_image","twitter_misc":{"Dur\u00e9e de lecture estim\u00e9e":"1 minute"},"schema":{"@context":"https:\/\/schema.org","@graph":[{"@type":"WebPage","@id":"https:\/\/kentis.com\/fr\/boutique\/ensemble-de-poufs-avec-plantes-dexterieur-3\/","url":"https:\/\/kentis.com\/fr\/boutique\/ensemble-de-poufs-avec-plantes-dexterieur-3\/","name":"Ensemble De Poufs Avec Plantes d'Ext\u00e9rieur - Mobilier | Kentis","isPartOf":{"@id":"https:\/\/kentis.com\/fr\/#website"},"primaryImageOfPage":{"@id":"https:\/\/kentis.com\/fr\/boutique\/ensemble-de-poufs-avec-plantes-dexterieur-3\/#primaryimage"},"image":{"@id":"https:\/\/kentis.com\/fr\/boutique\/ensemble-de-poufs-avec-plantes-dexterieur-3\/#primaryimage"},"thumbnailUrl":"https:\/\/kentis.com\/wp-content\/uploads\/2022\/03\/IMG_4767_1-scaled.jpg","datePublished":"2022-03-09T15:32:51+00:00","dateModified":"2024-11-27T16:37:17+00:00","description":"Le Pouf avec plantes d'ext\u00e9rieur contribuera \u00e0 rendre vos espaces ext\u00e9rieurs plus confortables et accueillants, avec style et originalit\u00e9.","breadcrumb":{"@id":"https:\/\/kentis.com\/fr\/boutique\/ensemble-de-poufs-avec-plantes-dexterieur-3\/#breadcrumb"},"inLanguage":"fr-FR","potentialAction":[{"@type":"ReadAction","target":["https:\/\/kentis.com\/fr\/boutique\/ensemble-de-poufs-avec-plantes-dexterieur-3\/"]}]},{"@type":"ImageObject","inLanguage":"fr-FR","@id":"https:\/\/kentis.com\/fr\/boutique\/ensemble-de-poufs-avec-plantes-dexterieur-3\/#primaryimage","url":"https:\/\/kentis.com\/wp-content\/uploads\/2022\/03\/IMG_4767_1-scaled.jpg","contentUrl":"https:\/\/kentis.com\/wp-content\/uploads\/2022\/03\/IMG_4767_1-scaled.jpg","width":2560,"height":2560},{"@type":"BreadcrumbList","@id":"https:\/\/kentis.com\/fr\/boutique\/ensemble-de-poufs-avec-plantes-dexterieur-3\/#breadcrumb","itemListElement":[{"@type":"ListItem","position":1,"name":"Home","item":"https:\/\/kentis.com\/fr\/"},{"@type":"ListItem","position":2,"name":"Boutique","item":"https:\/\/kentis.com\/fr\/boutique\/"},{"@type":"ListItem","position":3,"name":"Ext\u00e9rieur","item":"https:\/\/kentis.com\/fr\/categorie-produit\/exterieur\/"},{"@type":"ListItem","position":4,"name":"Ensemble De Poufs Avec Plantes d&#8217;Ext\u00e9rieur"}]},{"@type":"WebSite","@id":"https:\/\/kentis.com\/fr\/#website","url":"https:\/\/kentis.com\/fr\/","name":"Kentis","description":"Atelier del verde","publisher":{"@id":"https:\/\/kentis.com\/fr\/#organization"},"potentialAction":[{"@type":"SearchAction","target":{"@type":"EntryPoint","urlTemplate":"https:\/\/kentis.com\/fr\/?s={search_term_string}"},"query-input":{"@type":"PropertyValueSpecification","valueRequired":true,"valueName":"search_term_string"}}],"inLanguage":"fr-FR"},{"@type":"Organization","@id":"https:\/\/kentis.com\/fr\/#organization","name":"Kentis","url":"https:\/\/kentis.com\/fr\/","logo":{"@type":"ImageObject","inLanguage":"fr-FR","@id":"https:\/\/kentis.com\/fr\/#\/schema\/logo\/image\/","url":"https:\/\/kentis.com\/wp-content\/uploads\/2021\/08\/logo-main.png","contentUrl":"https:\/\/kentis.com\/wp-content\/uploads\/2021\/08\/logo-main.png","width":800,"height":204,"caption":"Kentis"},"image":{"@id":"https:\/\/kentis.com\/fr\/#\/schema\/logo\/image\/"},"sameAs":["https:\/\/www.facebook.com\/kentisgarden","https:\/\/www.instagram.com\/kentisgarden\/","https:\/\/it.pinterest.com\/kentisgarden","https:\/\/www.tiktok.com\/@kentis.com"]}]}},"_links":{"self":[{"href":"https:\/\/kentis.com\/fr\/wp-json\/wp\/v2\/product\/24692","targetHints":{"allow":["GET"]}}],"collection":[{"href":"https:\/\/kentis.com\/fr\/wp-json\/wp\/v2\/product"}],"about":[{"href":"https:\/\/kentis.com\/fr\/wp-json\/wp\/v2\/types\/product"}],"wp:featuredmedia":[{"embeddable":true,"href":"https:\/\/kentis.com\/fr\/wp-json\/wp\/v2\/media\/14572"}],"wp:attachment":[{"href":"https:\/\/kentis.com\/fr\/wp-json\/wp\/v2\/media?parent=24692"}],"wp:term":[{"taxonomy":"product_cat","embeddable":true,"href":"https:\/\/kentis.com\/fr\/wp-json\/wp\/v2\/product_cat?post=24692"},{"taxonomy":"product_tag","embeddable":true,"href":"https:\/\/kentis.com\/fr\/wp-json\/wp\/v2\/product_tag?post=24692"}],"curies":[{"name":"wp","href":"https:\/\/api.w.org\/{rel}","templated":true}]}}