{"id":24666,"date":"2022-03-10T17:40:51","date_gmt":"2022-03-10T16:40:51","guid":{"rendered":"https:\/\/kentis.com\/negozio\/clusia-pianta-idroponica\/"},"modified":"2024-11-27T17:46:00","modified_gmt":"2024-11-27T16:46:00","slug":"plante-hydroponique-clusia","status":"publish","type":"product","link":"https:\/\/kentis.com\/fr\/boutique\/plante-hydroponique-clusia\/","title":{"rendered":"Plante Hydroponique Clusia"},"content":{"rendered":"<div class=\"fusion-fullwidth fullwidth-box fusion-builder-row-1 fusion-flex-container nonhundred-percent-fullwidth non-hundred-percent-height-scrolling\" style=\"--awb-border-radius-top-left:0px;--awb-border-radius-top-right:0px;--awb-border-radius-bottom-right:0px;--awb-border-radius-bottom-left:0px;--awb-flex-wrap:wrap;\" ><div class=\"fusion-builder-row fusion-row fusion-flex-align-items-flex-start fusion-flex-content-wrap\" style=\"max-width:1248px;margin-left: calc(-4% \/ 2 );margin-right: calc(-4% \/ 2 );\"><div class=\"fusion-layout-column fusion_builder_column fusion-builder-column-0 fusion_builder_column_1_1 1_1 fusion-flex-column\" style=\"--awb-bg-size:cover;--awb-width-large:100%;--awb-margin-top-large:0px;--awb-spacing-right-large:1.92%;--awb-margin-bottom-large:0px;--awb-spacing-left-large:1.92%;--awb-width-medium:100%;--awb-spacing-right-medium:1.92%;--awb-spacing-left-medium:1.92%;--awb-width-small:100%;--awb-spacing-right-small:1.92%;--awb-spacing-left-small:1.92%;\"><div class=\"fusion-column-wrapper fusion-flex-justify-content-flex-start fusion-content-layout-column\"><div class=\"fusion-text fusion-text-1\"><p>Originaire des r\u00e9gions tropicales am\u00e9ricaines, il a su s&#8217;adapter parfaitement \u00e0 nos int\u00e9rieurs, o\u00f9 il reste de petite taille. Il peut \u00e9galement \u00eatre port\u00e9 en ext\u00e9rieur mais uniquement dans les p\u00e9riodes assez chaudes, sans toutefois \u00eatre expos\u00e9 \u00e0 la lumi\u00e8re directe.<\/p>\n<\/div><\/div><\/div><\/div><\/div>\n","protected":false},"excerpt":{"rendered":"","protected":false},"featured_media":14538,"template":"","meta":{"_acf_changed":false},"product_cat":[482],"product_tag":[],"class_list":{"0":"post-24666","1":"product","2":"type-product","3":"status-publish","4":"has-post-thumbnail","6":"product_cat-plantes-qui-necessitent-peu-de-soins","7":"product_shipping_class-flora-fr","9":"first","10":"instock","11":"taxable","12":"shipping-taxable","13":"purchasable","14":"product-type-variable","15":"has-default-attributes"},"acf":[],"yoast_head":"<!-- This site is optimized with the Yoast SEO plugin v23.4 - https:\/\/yoast.com\/wordpress\/plugins\/seo\/ -->\n<title>Plante Hydroponique Clusia - De vraies plantes d&#039;int\u00e9rieur | Kentis<\/title>\n<meta name=\"description\" content=\"La Plante Hydroponique Clusia est parfaite pour embellir vos espaces int\u00e9rieurs, tr\u00e8s facile d&#039;entretien m\u00eame pour ceux qui d\u00e9butent dans les plantes\" \/>\n<meta name=\"robots\" content=\"index, follow, max-snippet:-1, max-image-preview:large, max-video-preview:-1\" \/>\n<link rel=\"canonical\" href=\"https:\/\/kentis.com\/fr\/boutique\/plante-hydroponique-clusia\/\" \/>\n<meta property=\"og:locale\" content=\"fr_FR\" \/>\n<meta property=\"og:type\" content=\"article\" \/>\n<meta property=\"og:title\" content=\"Plante Hydroponique Clusia - De vraies plantes d&#039;int\u00e9rieur | Kentis\" \/>\n<meta property=\"og:description\" content=\"La Plante Hydroponique Clusia est parfaite pour embellir vos espaces int\u00e9rieurs, tr\u00e8s facile d&#039;entretien m\u00eame pour ceux qui d\u00e9butent dans les plantes\" \/>\n<meta property=\"og:url\" content=\"https:\/\/kentis.com\/fr\/boutique\/plante-hydroponique-clusia\/\" \/>\n<meta property=\"og:site_name\" content=\"Kentis\" \/>\n<meta property=\"article:publisher\" content=\"https:\/\/www.facebook.com\/kentisgarden\" \/>\n<meta property=\"article:modified_time\" content=\"2024-11-27T16:46:00+00:00\" \/>\n<meta property=\"og:image\" content=\"https:\/\/kentis.com\/wp-content\/uploads\/2022\/03\/PTG-ClusiaVetro-v6-h25-30_frontale-scaled.jpg\" \/>\n\t<meta property=\"og:image:width\" content=\"2560\" \/>\n\t<meta property=\"og:image:height\" content=\"2560\" \/>\n\t<meta property=\"og:image:type\" content=\"image\/jpeg\" \/>\n<meta name=\"twitter:card\" content=\"summary_large_image\" \/>\n<meta name=\"twitter:label1\" content=\"Dur\u00e9e de lecture estim\u00e9e\" \/>\n\t<meta name=\"twitter:data1\" content=\"1 minute\" \/>\n<script type=\"application\/ld+json\" class=\"yoast-schema-graph\">{\"@context\":\"https:\/\/schema.org\",\"@graph\":[{\"@type\":\"WebPage\",\"@id\":\"https:\/\/kentis.com\/fr\/boutique\/plante-hydroponique-clusia\/\",\"url\":\"https:\/\/kentis.com\/fr\/boutique\/plante-hydroponique-clusia\/\",\"name\":\"Plante Hydroponique Clusia - De vraies plantes d'int\u00e9rieur | Kentis\",\"isPartOf\":{\"@id\":\"https:\/\/kentis.com\/fr\/#website\"},\"primaryImageOfPage\":{\"@id\":\"https:\/\/kentis.com\/fr\/boutique\/plante-hydroponique-clusia\/#primaryimage\"},\"image\":{\"@id\":\"https:\/\/kentis.com\/fr\/boutique\/plante-hydroponique-clusia\/#primaryimage\"},\"thumbnailUrl\":\"https:\/\/kentis.com\/wp-content\/uploads\/2022\/03\/PTG-ClusiaVetro-v6-h25-30_frontale-scaled.jpg\",\"datePublished\":\"2022-03-10T16:40:51+00:00\",\"dateModified\":\"2024-11-27T16:46:00+00:00\",\"description\":\"La Plante Hydroponique Clusia est parfaite pour embellir vos espaces int\u00e9rieurs, tr\u00e8s facile d'entretien m\u00eame pour ceux qui d\u00e9butent dans les plantes\",\"breadcrumb\":{\"@id\":\"https:\/\/kentis.com\/fr\/boutique\/plante-hydroponique-clusia\/#breadcrumb\"},\"inLanguage\":\"fr-FR\",\"potentialAction\":[{\"@type\":\"ReadAction\",\"target\":[\"https:\/\/kentis.com\/fr\/boutique\/plante-hydroponique-clusia\/\"]}]},{\"@type\":\"ImageObject\",\"inLanguage\":\"fr-FR\",\"@id\":\"https:\/\/kentis.com\/fr\/boutique\/plante-hydroponique-clusia\/#primaryimage\",\"url\":\"https:\/\/kentis.com\/wp-content\/uploads\/2022\/03\/PTG-ClusiaVetro-v6-h25-30_frontale-scaled.jpg\",\"contentUrl\":\"https:\/\/kentis.com\/wp-content\/uploads\/2022\/03\/PTG-ClusiaVetro-v6-h25-30_frontale-scaled.jpg\",\"width\":2560,\"height\":2560},{\"@type\":\"BreadcrumbList\",\"@id\":\"https:\/\/kentis.com\/fr\/boutique\/plante-hydroponique-clusia\/#breadcrumb\",\"itemListElement\":[{\"@type\":\"ListItem\",\"position\":1,\"name\":\"Home\",\"item\":\"https:\/\/kentis.com\/fr\/\"},{\"@type\":\"ListItem\",\"position\":2,\"name\":\"Boutique\",\"item\":\"https:\/\/kentis.com\/fr\/boutique\/\"},{\"@type\":\"ListItem\",\"position\":3,\"name\":\"Plantes\",\"item\":\"https:\/\/kentis.com\/fr\/categorie-produit\/plantes\/\"},{\"@type\":\"ListItem\",\"position\":4,\"name\":\"Plantes d'int\u00e9rieur\",\"item\":\"https:\/\/kentis.com\/fr\/categorie-produit\/plantes\/plantes-d-interieur\/\"},{\"@type\":\"ListItem\",\"position\":5,\"name\":\"Plantes qui n\u00e9cessitent peu de soins\",\"item\":\"https:\/\/kentis.com\/fr\/categorie-produit\/plantes\/plantes-d-interieur\/plantes-qui-necessitent-peu-de-soins\/\"},{\"@type\":\"ListItem\",\"position\":6,\"name\":\"Plante Hydroponique Clusia\"}]},{\"@type\":\"WebSite\",\"@id\":\"https:\/\/kentis.com\/fr\/#website\",\"url\":\"https:\/\/kentis.com\/fr\/\",\"name\":\"Kentis\",\"description\":\"Atelier del verde\",\"publisher\":{\"@id\":\"https:\/\/kentis.com\/fr\/#organization\"},\"potentialAction\":[{\"@type\":\"SearchAction\",\"target\":{\"@type\":\"EntryPoint\",\"urlTemplate\":\"https:\/\/kentis.com\/fr\/?s={search_term_string}\"},\"query-input\":{\"@type\":\"PropertyValueSpecification\",\"valueRequired\":true,\"valueName\":\"search_term_string\"}}],\"inLanguage\":\"fr-FR\"},{\"@type\":\"Organization\",\"@id\":\"https:\/\/kentis.com\/fr\/#organization\",\"name\":\"Kentis\",\"url\":\"https:\/\/kentis.com\/fr\/\",\"logo\":{\"@type\":\"ImageObject\",\"inLanguage\":\"fr-FR\",\"@id\":\"https:\/\/kentis.com\/fr\/#\/schema\/logo\/image\/\",\"url\":\"https:\/\/kentis.com\/wp-content\/uploads\/2021\/08\/logo-main.png\",\"contentUrl\":\"https:\/\/kentis.com\/wp-content\/uploads\/2021\/08\/logo-main.png\",\"width\":800,\"height\":204,\"caption\":\"Kentis\"},\"image\":{\"@id\":\"https:\/\/kentis.com\/fr\/#\/schema\/logo\/image\/\"},\"sameAs\":[\"https:\/\/www.facebook.com\/kentisgarden\",\"https:\/\/www.instagram.com\/kentisgarden\/\",\"https:\/\/it.pinterest.com\/kentisgarden\",\"https:\/\/www.tiktok.com\/@kentis.com\"]}]}<\/script>\n<!-- \/ Yoast SEO plugin. -->","yoast_head_json":{"title":"Plante Hydroponique Clusia - De vraies plantes d'int\u00e9rieur | Kentis","description":"La Plante Hydroponique Clusia est parfaite pour embellir vos espaces int\u00e9rieurs, tr\u00e8s facile d'entretien m\u00eame pour ceux qui d\u00e9butent dans les plantes","robots":{"index":"index","follow":"follow","max-snippet":"max-snippet:-1","max-image-preview":"max-image-preview:large","max-video-preview":"max-video-preview:-1"},"canonical":"https:\/\/kentis.com\/fr\/boutique\/plante-hydroponique-clusia\/","og_locale":"fr_FR","og_type":"article","og_title":"Plante Hydroponique Clusia - De vraies plantes d'int\u00e9rieur | Kentis","og_description":"La Plante Hydroponique Clusia est parfaite pour embellir vos espaces int\u00e9rieurs, tr\u00e8s facile d'entretien m\u00eame pour ceux qui d\u00e9butent dans les plantes","og_url":"https:\/\/kentis.com\/fr\/boutique\/plante-hydroponique-clusia\/","og_site_name":"Kentis","article_publisher":"https:\/\/www.facebook.com\/kentisgarden","article_modified_time":"2024-11-27T16:46:00+00:00","og_image":[{"width":2560,"height":2560,"url":"https:\/\/kentis.com\/wp-content\/uploads\/2022\/03\/PTG-ClusiaVetro-v6-h25-30_frontale-scaled.jpg","type":"image\/jpeg"}],"twitter_card":"summary_large_image","twitter_misc":{"Dur\u00e9e de lecture estim\u00e9e":"1 minute"},"schema":{"@context":"https:\/\/schema.org","@graph":[{"@type":"WebPage","@id":"https:\/\/kentis.com\/fr\/boutique\/plante-hydroponique-clusia\/","url":"https:\/\/kentis.com\/fr\/boutique\/plante-hydroponique-clusia\/","name":"Plante Hydroponique Clusia - De vraies plantes d'int\u00e9rieur | Kentis","isPartOf":{"@id":"https:\/\/kentis.com\/fr\/#website"},"primaryImageOfPage":{"@id":"https:\/\/kentis.com\/fr\/boutique\/plante-hydroponique-clusia\/#primaryimage"},"image":{"@id":"https:\/\/kentis.com\/fr\/boutique\/plante-hydroponique-clusia\/#primaryimage"},"thumbnailUrl":"https:\/\/kentis.com\/wp-content\/uploads\/2022\/03\/PTG-ClusiaVetro-v6-h25-30_frontale-scaled.jpg","datePublished":"2022-03-10T16:40:51+00:00","dateModified":"2024-11-27T16:46:00+00:00","description":"La Plante Hydroponique Clusia est parfaite pour embellir vos espaces int\u00e9rieurs, tr\u00e8s facile d'entretien m\u00eame pour ceux qui d\u00e9butent dans les plantes","breadcrumb":{"@id":"https:\/\/kentis.com\/fr\/boutique\/plante-hydroponique-clusia\/#breadcrumb"},"inLanguage":"fr-FR","potentialAction":[{"@type":"ReadAction","target":["https:\/\/kentis.com\/fr\/boutique\/plante-hydroponique-clusia\/"]}]},{"@type":"ImageObject","inLanguage":"fr-FR","@id":"https:\/\/kentis.com\/fr\/boutique\/plante-hydroponique-clusia\/#primaryimage","url":"https:\/\/kentis.com\/wp-content\/uploads\/2022\/03\/PTG-ClusiaVetro-v6-h25-30_frontale-scaled.jpg","contentUrl":"https:\/\/kentis.com\/wp-content\/uploads\/2022\/03\/PTG-ClusiaVetro-v6-h25-30_frontale-scaled.jpg","width":2560,"height":2560},{"@type":"BreadcrumbList","@id":"https:\/\/kentis.com\/fr\/boutique\/plante-hydroponique-clusia\/#breadcrumb","itemListElement":[{"@type":"ListItem","position":1,"name":"Home","item":"https:\/\/kentis.com\/fr\/"},{"@type":"ListItem","position":2,"name":"Boutique","item":"https:\/\/kentis.com\/fr\/boutique\/"},{"@type":"ListItem","position":3,"name":"Plantes","item":"https:\/\/kentis.com\/fr\/categorie-produit\/plantes\/"},{"@type":"ListItem","position":4,"name":"Plantes d'int\u00e9rieur","item":"https:\/\/kentis.com\/fr\/categorie-produit\/plantes\/plantes-d-interieur\/"},{"@type":"ListItem","position":5,"name":"Plantes qui n\u00e9cessitent peu de soins","item":"https:\/\/kentis.com\/fr\/categorie-produit\/plantes\/plantes-d-interieur\/plantes-qui-necessitent-peu-de-soins\/"},{"@type":"ListItem","position":6,"name":"Plante Hydroponique Clusia"}]},{"@type":"WebSite","@id":"https:\/\/kentis.com\/fr\/#website","url":"https:\/\/kentis.com\/fr\/","name":"Kentis","description":"Atelier del verde","publisher":{"@id":"https:\/\/kentis.com\/fr\/#organization"},"potentialAction":[{"@type":"SearchAction","target":{"@type":"EntryPoint","urlTemplate":"https:\/\/kentis.com\/fr\/?s={search_term_string}"},"query-input":{"@type":"PropertyValueSpecification","valueRequired":true,"valueName":"search_term_string"}}],"inLanguage":"fr-FR"},{"@type":"Organization","@id":"https:\/\/kentis.com\/fr\/#organization","name":"Kentis","url":"https:\/\/kentis.com\/fr\/","logo":{"@type":"ImageObject","inLanguage":"fr-FR","@id":"https:\/\/kentis.com\/fr\/#\/schema\/logo\/image\/","url":"https:\/\/kentis.com\/wp-content\/uploads\/2021\/08\/logo-main.png","contentUrl":"https:\/\/kentis.com\/wp-content\/uploads\/2021\/08\/logo-main.png","width":800,"height":204,"caption":"Kentis"},"image":{"@id":"https:\/\/kentis.com\/fr\/#\/schema\/logo\/image\/"},"sameAs":["https:\/\/www.facebook.com\/kentisgarden","https:\/\/www.instagram.com\/kentisgarden\/","https:\/\/it.pinterest.com\/kentisgarden","https:\/\/www.tiktok.com\/@kentis.com"]}]}},"_links":{"self":[{"href":"https:\/\/kentis.com\/fr\/wp-json\/wp\/v2\/product\/24666","targetHints":{"allow":["GET"]}}],"collection":[{"href":"https:\/\/kentis.com\/fr\/wp-json\/wp\/v2\/product"}],"about":[{"href":"https:\/\/kentis.com\/fr\/wp-json\/wp\/v2\/types\/product"}],"wp:featuredmedia":[{"embeddable":true,"href":"https:\/\/kentis.com\/fr\/wp-json\/wp\/v2\/media\/14538"}],"wp:attachment":[{"href":"https:\/\/kentis.com\/fr\/wp-json\/wp\/v2\/media?parent=24666"}],"wp:term":[{"taxonomy":"product_cat","embeddable":true,"href":"https:\/\/kentis.com\/fr\/wp-json\/wp\/v2\/product_cat?post=24666"},{"taxonomy":"product_tag","embeddable":true,"href":"https:\/\/kentis.com\/fr\/wp-json\/wp\/v2\/product_tag?post=24666"}],"curies":[{"name":"wp","href":"https:\/\/api.w.org\/{rel}","templated":true}]}}