{"id":24255,"date":"2022-10-20T15:17:45","date_gmt":"2022-10-20T13:17:45","guid":{"rendered":"https:\/\/kentis.com\/negozio\/camelia-japonica-golden-lotus\/"},"modified":"2024-12-06T12:42:50","modified_gmt":"2024-12-06T11:42:50","slug":"camellia-japonica-golden-lotus","status":"publish","type":"product","link":"https:\/\/kentis.com\/fr\/boutique\/camellia-japonica-golden-lotus\/","title":{"rendered":"Camellia Japonica Golden Lotus"},"content":{"rendered":"<div class=\"fusion-fullwidth fullwidth-box fusion-builder-row-1 fusion-flex-container nonhundred-percent-fullwidth non-hundred-percent-height-scrolling\" style=\"--awb-border-radius-top-left:0px;--awb-border-radius-top-right:0px;--awb-border-radius-bottom-right:0px;--awb-border-radius-bottom-left:0px;--awb-flex-wrap:wrap;\" ><div class=\"fusion-builder-row fusion-row fusion-flex-align-items-flex-start fusion-flex-content-wrap\" style=\"max-width:1248px;margin-left: calc(-4% \/ 2 );margin-right: calc(-4% \/ 2 );\"><div class=\"fusion-layout-column fusion_builder_column fusion-builder-column-0 fusion_builder_column_1_1 1_1 fusion-flex-column\" style=\"--awb-bg-size:cover;--awb-width-large:100%;--awb-margin-top-large:0px;--awb-spacing-right-large:1.92%;--awb-margin-bottom-large:0px;--awb-spacing-left-large:1.92%;--awb-width-medium:100%;--awb-spacing-right-medium:1.92%;--awb-spacing-left-medium:1.92%;--awb-width-small:100%;--awb-spacing-right-small:1.92%;--awb-spacing-left-small:1.92%;\"><div class=\"fusion-column-wrapper fusion-flex-justify-content-flex-start fusion-content-layout-column\"><div class=\"fusion-text fusion-text-1\"><p>La vari\u00e9t\u00e9 Golden Lotus, hybride entre le Camellia japonica &#8216;Miyakodori&#8217; et le Camellias cucphuongensis (Cam\u00e9lias jaunes), est originaire de Tokyo et se caract\u00e9rise par des fleurs jaune p\u00e2le qui fleurissent de mars \u00e0 mai avec une forme splendide rappelant les fleurs de lotus. Les feuilles sont cependant grandes et ovales.<\/p>\n<\/div><\/div><\/div><\/div><\/div>\n","protected":false},"excerpt":{"rendered":"","protected":false},"featured_media":34494,"template":"","meta":{"_acf_changed":false},"product_cat":[576,522],"product_tag":[],"class_list":{"0":"post-24255","1":"product","2":"type-product","3":"status-publish","4":"has-post-thumbnail","6":"product_cat-arbustes","7":"product_cat-plantes-d-exterieur","8":"product_shipping_class-flora-fr","10":"first","11":"instock","12":"taxable","13":"shipping-taxable","14":"purchasable","15":"product-type-variable","16":"has-default-attributes"},"acf":[],"yoast_head":"<!-- This site is optimized with the Yoast SEO plugin v23.4 - https:\/\/yoast.com\/wordpress\/plugins\/seo\/ -->\n<title>Camelia Japonica Golden Lotus - Plantes d&#039;Ext\u00e9rieur | Kentis<\/title>\n<meta name=\"description\" content=\"Le Camellia Japonica Golden Lotus est la plante parfaite pour d\u00e9corer vos espaces ext\u00e9rieurs, balcons ou terrasses.\" \/>\n<meta name=\"robots\" content=\"index, follow, max-snippet:-1, max-image-preview:large, max-video-preview:-1\" \/>\n<link rel=\"canonical\" href=\"https:\/\/kentis.com\/fr\/boutique\/camellia-japonica-golden-lotus\/\" \/>\n<meta property=\"og:locale\" content=\"fr_FR\" \/>\n<meta property=\"og:type\" content=\"article\" \/>\n<meta property=\"og:title\" content=\"Camelia Japonica Golden Lotus - Plantes d&#039;Ext\u00e9rieur | Kentis\" \/>\n<meta property=\"og:description\" content=\"Le Camellia Japonica Golden Lotus est la plante parfaite pour d\u00e9corer vos espaces ext\u00e9rieurs, balcons ou terrasses.\" \/>\n<meta property=\"og:url\" content=\"https:\/\/kentis.com\/fr\/boutique\/camellia-japonica-golden-lotus\/\" \/>\n<meta property=\"og:site_name\" content=\"Kentis\" \/>\n<meta property=\"article:publisher\" content=\"https:\/\/www.facebook.com\/kentisgarden\" \/>\n<meta property=\"article:modified_time\" content=\"2024-12-06T11:42:50+00:00\" \/>\n<meta property=\"og:image\" content=\"https:\/\/kentis.com\/wp-content\/uploads\/2022\/10\/PTG-Camelia-GoldenLotus-v17-h70-80-765-21-greyallure-scaled.jpg\" \/>\n\t<meta property=\"og:image:width\" content=\"2560\" \/>\n\t<meta property=\"og:image:height\" content=\"2560\" \/>\n\t<meta property=\"og:image:type\" content=\"image\/jpeg\" \/>\n<meta name=\"twitter:card\" content=\"summary_large_image\" \/>\n<meta name=\"twitter:label1\" content=\"Dur\u00e9e de lecture estim\u00e9e\" \/>\n\t<meta name=\"twitter:data1\" content=\"1 minute\" \/>\n<script type=\"application\/ld+json\" class=\"yoast-schema-graph\">{\"@context\":\"https:\/\/schema.org\",\"@graph\":[{\"@type\":\"WebPage\",\"@id\":\"https:\/\/kentis.com\/fr\/boutique\/camellia-japonica-golden-lotus\/\",\"url\":\"https:\/\/kentis.com\/fr\/boutique\/camellia-japonica-golden-lotus\/\",\"name\":\"Camelia Japonica Golden Lotus - Plantes d'Ext\u00e9rieur | Kentis\",\"isPartOf\":{\"@id\":\"https:\/\/kentis.com\/fr\/#website\"},\"primaryImageOfPage\":{\"@id\":\"https:\/\/kentis.com\/fr\/boutique\/camellia-japonica-golden-lotus\/#primaryimage\"},\"image\":{\"@id\":\"https:\/\/kentis.com\/fr\/boutique\/camellia-japonica-golden-lotus\/#primaryimage\"},\"thumbnailUrl\":\"https:\/\/kentis.com\/wp-content\/uploads\/2022\/10\/CAMELIA-GOLDEN-LOTUS-VASO-ALMA.png\",\"datePublished\":\"2022-10-20T13:17:45+00:00\",\"dateModified\":\"2024-12-06T11:42:50+00:00\",\"description\":\"Le Camellia Japonica Golden Lotus est la plante parfaite pour d\u00e9corer vos espaces ext\u00e9rieurs, balcons ou terrasses.\",\"breadcrumb\":{\"@id\":\"https:\/\/kentis.com\/fr\/boutique\/camellia-japonica-golden-lotus\/#breadcrumb\"},\"inLanguage\":\"fr-FR\",\"potentialAction\":[{\"@type\":\"ReadAction\",\"target\":[\"https:\/\/kentis.com\/fr\/boutique\/camellia-japonica-golden-lotus\/\"]}]},{\"@type\":\"ImageObject\",\"inLanguage\":\"fr-FR\",\"@id\":\"https:\/\/kentis.com\/fr\/boutique\/camellia-japonica-golden-lotus\/#primaryimage\",\"url\":\"https:\/\/kentis.com\/wp-content\/uploads\/2022\/10\/CAMELIA-GOLDEN-LOTUS-VASO-ALMA.png\",\"contentUrl\":\"https:\/\/kentis.com\/wp-content\/uploads\/2022\/10\/CAMELIA-GOLDEN-LOTUS-VASO-ALMA.png\",\"width\":1500,\"height\":1500},{\"@type\":\"BreadcrumbList\",\"@id\":\"https:\/\/kentis.com\/fr\/boutique\/camellia-japonica-golden-lotus\/#breadcrumb\",\"itemListElement\":[{\"@type\":\"ListItem\",\"position\":1,\"name\":\"Home\",\"item\":\"https:\/\/kentis.com\/fr\/\"},{\"@type\":\"ListItem\",\"position\":2,\"name\":\"Boutique\",\"item\":\"https:\/\/kentis.com\/fr\/boutique\/\"},{\"@type\":\"ListItem\",\"position\":3,\"name\":\"Plantes\",\"item\":\"https:\/\/kentis.com\/fr\/categorie-produit\/plantes\/\"},{\"@type\":\"ListItem\",\"position\":4,\"name\":\"Plantes d'ext\u00e9rieur\",\"item\":\"https:\/\/kentis.com\/fr\/categorie-produit\/plantes\/plantes-d-exterieur\/\"},{\"@type\":\"ListItem\",\"position\":5,\"name\":\"Arbustes\",\"item\":\"https:\/\/kentis.com\/fr\/categorie-produit\/plantes\/plantes-d-exterieur\/arbustes\/\"},{\"@type\":\"ListItem\",\"position\":6,\"name\":\"Camellia Japonica Golden Lotus\"}]},{\"@type\":\"WebSite\",\"@id\":\"https:\/\/kentis.com\/fr\/#website\",\"url\":\"https:\/\/kentis.com\/fr\/\",\"name\":\"Kentis\",\"description\":\"Atelier del verde\",\"publisher\":{\"@id\":\"https:\/\/kentis.com\/fr\/#organization\"},\"potentialAction\":[{\"@type\":\"SearchAction\",\"target\":{\"@type\":\"EntryPoint\",\"urlTemplate\":\"https:\/\/kentis.com\/fr\/?s={search_term_string}\"},\"query-input\":{\"@type\":\"PropertyValueSpecification\",\"valueRequired\":true,\"valueName\":\"search_term_string\"}}],\"inLanguage\":\"fr-FR\"},{\"@type\":\"Organization\",\"@id\":\"https:\/\/kentis.com\/fr\/#organization\",\"name\":\"Kentis\",\"url\":\"https:\/\/kentis.com\/fr\/\",\"logo\":{\"@type\":\"ImageObject\",\"inLanguage\":\"fr-FR\",\"@id\":\"https:\/\/kentis.com\/fr\/#\/schema\/logo\/image\/\",\"url\":\"https:\/\/kentis.com\/wp-content\/uploads\/2021\/08\/logo-main.png\",\"contentUrl\":\"https:\/\/kentis.com\/wp-content\/uploads\/2021\/08\/logo-main.png\",\"width\":800,\"height\":204,\"caption\":\"Kentis\"},\"image\":{\"@id\":\"https:\/\/kentis.com\/fr\/#\/schema\/logo\/image\/\"},\"sameAs\":[\"https:\/\/www.facebook.com\/kentisgarden\",\"https:\/\/www.instagram.com\/kentisgarden\/\",\"https:\/\/it.pinterest.com\/kentisgarden\",\"https:\/\/www.tiktok.com\/@kentis.com\"]}]}<\/script>\n<!-- \/ Yoast SEO plugin. -->","yoast_head_json":{"title":"Camelia Japonica Golden Lotus - Plantes d'Ext\u00e9rieur | Kentis","description":"Le Camellia Japonica Golden Lotus est la plante parfaite pour d\u00e9corer vos espaces ext\u00e9rieurs, balcons ou terrasses.","robots":{"index":"index","follow":"follow","max-snippet":"max-snippet:-1","max-image-preview":"max-image-preview:large","max-video-preview":"max-video-preview:-1"},"canonical":"https:\/\/kentis.com\/fr\/boutique\/camellia-japonica-golden-lotus\/","og_locale":"fr_FR","og_type":"article","og_title":"Camelia Japonica Golden Lotus - Plantes d'Ext\u00e9rieur | Kentis","og_description":"Le Camellia Japonica Golden Lotus est la plante parfaite pour d\u00e9corer vos espaces ext\u00e9rieurs, balcons ou terrasses.","og_url":"https:\/\/kentis.com\/fr\/boutique\/camellia-japonica-golden-lotus\/","og_site_name":"Kentis","article_publisher":"https:\/\/www.facebook.com\/kentisgarden","article_modified_time":"2024-12-06T11:42:50+00:00","og_image":[{"width":2560,"height":2560,"url":"https:\/\/kentis.com\/wp-content\/uploads\/2022\/10\/PTG-Camelia-GoldenLotus-v17-h70-80-765-21-greyallure-scaled.jpg","type":"image\/jpeg"}],"twitter_card":"summary_large_image","twitter_misc":{"Dur\u00e9e de lecture estim\u00e9e":"1 minute"},"schema":{"@context":"https:\/\/schema.org","@graph":[{"@type":"WebPage","@id":"https:\/\/kentis.com\/fr\/boutique\/camellia-japonica-golden-lotus\/","url":"https:\/\/kentis.com\/fr\/boutique\/camellia-japonica-golden-lotus\/","name":"Camelia Japonica Golden Lotus - Plantes d'Ext\u00e9rieur | Kentis","isPartOf":{"@id":"https:\/\/kentis.com\/fr\/#website"},"primaryImageOfPage":{"@id":"https:\/\/kentis.com\/fr\/boutique\/camellia-japonica-golden-lotus\/#primaryimage"},"image":{"@id":"https:\/\/kentis.com\/fr\/boutique\/camellia-japonica-golden-lotus\/#primaryimage"},"thumbnailUrl":"https:\/\/kentis.com\/wp-content\/uploads\/2022\/10\/CAMELIA-GOLDEN-LOTUS-VASO-ALMA.png","datePublished":"2022-10-20T13:17:45+00:00","dateModified":"2024-12-06T11:42:50+00:00","description":"Le Camellia Japonica Golden Lotus est la plante parfaite pour d\u00e9corer vos espaces ext\u00e9rieurs, balcons ou terrasses.","breadcrumb":{"@id":"https:\/\/kentis.com\/fr\/boutique\/camellia-japonica-golden-lotus\/#breadcrumb"},"inLanguage":"fr-FR","potentialAction":[{"@type":"ReadAction","target":["https:\/\/kentis.com\/fr\/boutique\/camellia-japonica-golden-lotus\/"]}]},{"@type":"ImageObject","inLanguage":"fr-FR","@id":"https:\/\/kentis.com\/fr\/boutique\/camellia-japonica-golden-lotus\/#primaryimage","url":"https:\/\/kentis.com\/wp-content\/uploads\/2022\/10\/CAMELIA-GOLDEN-LOTUS-VASO-ALMA.png","contentUrl":"https:\/\/kentis.com\/wp-content\/uploads\/2022\/10\/CAMELIA-GOLDEN-LOTUS-VASO-ALMA.png","width":1500,"height":1500},{"@type":"BreadcrumbList","@id":"https:\/\/kentis.com\/fr\/boutique\/camellia-japonica-golden-lotus\/#breadcrumb","itemListElement":[{"@type":"ListItem","position":1,"name":"Home","item":"https:\/\/kentis.com\/fr\/"},{"@type":"ListItem","position":2,"name":"Boutique","item":"https:\/\/kentis.com\/fr\/boutique\/"},{"@type":"ListItem","position":3,"name":"Plantes","item":"https:\/\/kentis.com\/fr\/categorie-produit\/plantes\/"},{"@type":"ListItem","position":4,"name":"Plantes d'ext\u00e9rieur","item":"https:\/\/kentis.com\/fr\/categorie-produit\/plantes\/plantes-d-exterieur\/"},{"@type":"ListItem","position":5,"name":"Arbustes","item":"https:\/\/kentis.com\/fr\/categorie-produit\/plantes\/plantes-d-exterieur\/arbustes\/"},{"@type":"ListItem","position":6,"name":"Camellia Japonica Golden Lotus"}]},{"@type":"WebSite","@id":"https:\/\/kentis.com\/fr\/#website","url":"https:\/\/kentis.com\/fr\/","name":"Kentis","description":"Atelier del verde","publisher":{"@id":"https:\/\/kentis.com\/fr\/#organization"},"potentialAction":[{"@type":"SearchAction","target":{"@type":"EntryPoint","urlTemplate":"https:\/\/kentis.com\/fr\/?s={search_term_string}"},"query-input":{"@type":"PropertyValueSpecification","valueRequired":true,"valueName":"search_term_string"}}],"inLanguage":"fr-FR"},{"@type":"Organization","@id":"https:\/\/kentis.com\/fr\/#organization","name":"Kentis","url":"https:\/\/kentis.com\/fr\/","logo":{"@type":"ImageObject","inLanguage":"fr-FR","@id":"https:\/\/kentis.com\/fr\/#\/schema\/logo\/image\/","url":"https:\/\/kentis.com\/wp-content\/uploads\/2021\/08\/logo-main.png","contentUrl":"https:\/\/kentis.com\/wp-content\/uploads\/2021\/08\/logo-main.png","width":800,"height":204,"caption":"Kentis"},"image":{"@id":"https:\/\/kentis.com\/fr\/#\/schema\/logo\/image\/"},"sameAs":["https:\/\/www.facebook.com\/kentisgarden","https:\/\/www.instagram.com\/kentisgarden\/","https:\/\/it.pinterest.com\/kentisgarden","https:\/\/www.tiktok.com\/@kentis.com"]}]}},"_links":{"self":[{"href":"https:\/\/kentis.com\/fr\/wp-json\/wp\/v2\/product\/24255","targetHints":{"allow":["GET"]}}],"collection":[{"href":"https:\/\/kentis.com\/fr\/wp-json\/wp\/v2\/product"}],"about":[{"href":"https:\/\/kentis.com\/fr\/wp-json\/wp\/v2\/types\/product"}],"wp:featuredmedia":[{"embeddable":true,"href":"https:\/\/kentis.com\/fr\/wp-json\/wp\/v2\/media\/34494"}],"wp:attachment":[{"href":"https:\/\/kentis.com\/fr\/wp-json\/wp\/v2\/media?parent=24255"}],"wp:term":[{"taxonomy":"product_cat","embeddable":true,"href":"https:\/\/kentis.com\/fr\/wp-json\/wp\/v2\/product_cat?post=24255"},{"taxonomy":"product_tag","embeddable":true,"href":"https:\/\/kentis.com\/fr\/wp-json\/wp\/v2\/product_tag?post=24255"}],"curies":[{"name":"wp","href":"https:\/\/api.w.org\/{rel}","templated":true}]}}