{"id":24191,"date":"2022-11-21T15:45:03","date_gmt":"2022-11-21T14:45:03","guid":{"rendered":"https:\/\/kentis.com\/negozio\/pianta-di-rosa-mariatheresia-spalliera\/"},"modified":"2024-12-06T16:02:04","modified_gmt":"2024-12-06T15:02:04","slug":"plante-de-roses-mariatheresia-tantau-avec-espalier-pyramidal","status":"publish","type":"product","link":"https:\/\/kentis.com\/fr\/boutique\/plante-de-roses-mariatheresia-tantau-avec-espalier-pyramidal\/","title":{"rendered":"Plante de Roses &#8216;Mariatheresia \u00ae Tantau&#8217; avec Espalier Pyramidal"},"content":{"rendered":"<div class=\"fusion-fullwidth fullwidth-box fusion-builder-row-1 fusion-flex-container nonhundred-percent-fullwidth non-hundred-percent-height-scrolling\" style=\"--awb-border-radius-top-left:0px;--awb-border-radius-top-right:0px;--awb-border-radius-bottom-right:0px;--awb-border-radius-bottom-left:0px;--awb-flex-wrap:wrap;\" ><div class=\"fusion-builder-row fusion-row fusion-flex-align-items-flex-start fusion-flex-content-wrap\" style=\"max-width:1248px;margin-left: calc(-4% \/ 2 );margin-right: calc(-4% \/ 2 );\"><div class=\"fusion-layout-column fusion_builder_column fusion-builder-column-0 fusion_builder_column_1_1 1_1 fusion-flex-column\" style=\"--awb-bg-size:cover;--awb-width-large:100%;--awb-margin-top-large:0px;--awb-spacing-right-large:1.92%;--awb-margin-bottom-large:0px;--awb-spacing-left-large:1.92%;--awb-width-medium:100%;--awb-spacing-right-medium:1.92%;--awb-spacing-left-medium:1.92%;--awb-width-small:100%;--awb-spacing-right-small:1.92%;--awb-spacing-left-small:1.92%;\"><div class=\"fusion-column-wrapper fusion-flex-justify-content-flex-start fusion-content-layout-column\"><div class=\"fusion-text fusion-text-1\"><p>La vari\u00e9t\u00e9 de rose Mariatheresia \u00ae de chez Rosen Tantau se caract\u00e9rise par de grandes fleurs roses regroup\u00e9es en grappes et qui ressemblent \u00e0 celles des roses anciennes. De plus, cette plante pr\u00e9sente une bonne r\u00e9sistance aux maladies et est facile \u00e0 cultiver.<\/p>\n<\/div><\/div><\/div><\/div><\/div>\n","protected":false},"excerpt":{"rendered":"","protected":false},"featured_media":12699,"template":"","meta":{"_acf_changed":false},"product_cat":[576,1261,522],"product_tag":[],"class_list":{"0":"post-24191","1":"product","2":"type-product","3":"status-publish","4":"has-post-thumbnail","6":"product_cat-arbustes","7":"product_cat-piante-da-fiore-fr","8":"product_cat-plantes-d-exterieur","10":"first","11":"instock","12":"taxable","13":"shipping-taxable","14":"purchasable","15":"product-type-simple"},"acf":[],"yoast_head":"<!-- This site is optimized with the Yoast SEO plugin v23.4 - https:\/\/yoast.com\/wordpress\/plugins\/seo\/ -->\n<title>Plante de Roses &#039;Mariatheresia \u00ae Tantau&#039; avec Espalier Pyramidal - Kentis<\/title>\n<meta name=\"description\" content=\"La vari\u00e9t\u00e9 de rose Mariatheresia\u00ae by Rosen Tantau pr\u00e9sente de grandes fleurs roses dont la forme rappelle celle des roses anciennes.\" \/>\n<meta name=\"robots\" content=\"index, follow, max-snippet:-1, max-image-preview:large, max-video-preview:-1\" \/>\n<link rel=\"canonical\" href=\"https:\/\/kentis.com\/fr\/boutique\/plante-de-roses-mariatheresia-tantau-avec-espalier-pyramidal\/\" \/>\n<meta property=\"og:locale\" content=\"fr_FR\" \/>\n<meta property=\"og:type\" content=\"article\" \/>\n<meta property=\"og:title\" content=\"Plante de Roses &#039;Mariatheresia \u00ae Tantau&#039; avec Espalier Pyramidal - Kentis\" \/>\n<meta property=\"og:description\" content=\"La vari\u00e9t\u00e9 de rose Mariatheresia\u00ae by Rosen Tantau pr\u00e9sente de grandes fleurs roses dont la forme rappelle celle des roses anciennes.\" \/>\n<meta property=\"og:url\" content=\"https:\/\/kentis.com\/fr\/boutique\/plante-de-roses-mariatheresia-tantau-avec-espalier-pyramidal\/\" \/>\n<meta property=\"og:site_name\" content=\"Kentis\" \/>\n<meta property=\"article:publisher\" content=\"https:\/\/www.facebook.com\/kentisgarden\" \/>\n<meta property=\"article:modified_time\" content=\"2024-12-06T15:02:04+00:00\" \/>\n<meta property=\"og:image\" content=\"https:\/\/kentis.com\/wp-content\/uploads\/2022\/11\/IMG_8429-1024x1024.jpg\" \/>\n\t<meta property=\"og:image:width\" content=\"1024\" \/>\n\t<meta property=\"og:image:height\" content=\"1024\" \/>\n\t<meta property=\"og:image:type\" content=\"image\/jpeg\" \/>\n<meta name=\"twitter:card\" content=\"summary_large_image\" \/>\n<meta name=\"twitter:label1\" content=\"Dur\u00e9e de lecture estim\u00e9e\" \/>\n\t<meta name=\"twitter:data1\" content=\"1 minute\" \/>\n<script type=\"application\/ld+json\" class=\"yoast-schema-graph\">{\"@context\":\"https:\/\/schema.org\",\"@graph\":[{\"@type\":\"WebPage\",\"@id\":\"https:\/\/kentis.com\/fr\/boutique\/plante-de-roses-mariatheresia-tantau-avec-espalier-pyramidal\/\",\"url\":\"https:\/\/kentis.com\/fr\/boutique\/plante-de-roses-mariatheresia-tantau-avec-espalier-pyramidal\/\",\"name\":\"Plante de Roses 'Mariatheresia \u00ae Tantau' avec Espalier Pyramidal - Kentis\",\"isPartOf\":{\"@id\":\"https:\/\/kentis.com\/fr\/#website\"},\"primaryImageOfPage\":{\"@id\":\"https:\/\/kentis.com\/fr\/boutique\/plante-de-roses-mariatheresia-tantau-avec-espalier-pyramidal\/#primaryimage\"},\"image\":{\"@id\":\"https:\/\/kentis.com\/fr\/boutique\/plante-de-roses-mariatheresia-tantau-avec-espalier-pyramidal\/#primaryimage\"},\"thumbnailUrl\":\"https:\/\/kentis.com\/wp-content\/uploads\/2022\/11\/IMG_8429.jpg\",\"datePublished\":\"2022-11-21T14:45:03+00:00\",\"dateModified\":\"2024-12-06T15:02:04+00:00\",\"description\":\"La vari\u00e9t\u00e9 de rose Mariatheresia\u00ae by Rosen Tantau pr\u00e9sente de grandes fleurs roses dont la forme rappelle celle des roses anciennes.\",\"breadcrumb\":{\"@id\":\"https:\/\/kentis.com\/fr\/boutique\/plante-de-roses-mariatheresia-tantau-avec-espalier-pyramidal\/#breadcrumb\"},\"inLanguage\":\"fr-FR\",\"potentialAction\":[{\"@type\":\"ReadAction\",\"target\":[\"https:\/\/kentis.com\/fr\/boutique\/plante-de-roses-mariatheresia-tantau-avec-espalier-pyramidal\/\"]}]},{\"@type\":\"ImageObject\",\"inLanguage\":\"fr-FR\",\"@id\":\"https:\/\/kentis.com\/fr\/boutique\/plante-de-roses-mariatheresia-tantau-avec-espalier-pyramidal\/#primaryimage\",\"url\":\"https:\/\/kentis.com\/wp-content\/uploads\/2022\/11\/IMG_8429.jpg\",\"contentUrl\":\"https:\/\/kentis.com\/wp-content\/uploads\/2022\/11\/IMG_8429.jpg\",\"width\":1500,\"height\":1500},{\"@type\":\"BreadcrumbList\",\"@id\":\"https:\/\/kentis.com\/fr\/boutique\/plante-de-roses-mariatheresia-tantau-avec-espalier-pyramidal\/#breadcrumb\",\"itemListElement\":[{\"@type\":\"ListItem\",\"position\":1,\"name\":\"Home\",\"item\":\"https:\/\/kentis.com\/fr\/\"},{\"@type\":\"ListItem\",\"position\":2,\"name\":\"Boutique\",\"item\":\"https:\/\/kentis.com\/fr\/boutique\/\"},{\"@type\":\"ListItem\",\"position\":3,\"name\":\"Plantes\",\"item\":\"https:\/\/kentis.com\/fr\/categorie-produit\/plantes\/\"},{\"@type\":\"ListItem\",\"position\":4,\"name\":\"Plantes d'ext\u00e9rieur\",\"item\":\"https:\/\/kentis.com\/fr\/categorie-produit\/plantes\/plantes-d-exterieur\/\"},{\"@type\":\"ListItem\",\"position\":5,\"name\":\"Arbustes\",\"item\":\"https:\/\/kentis.com\/fr\/categorie-produit\/plantes\/plantes-d-exterieur\/arbustes\/\"},{\"@type\":\"ListItem\",\"position\":6,\"name\":\"Plante de Roses &#8216;Mariatheresia \u00ae Tantau&#8217; avec Espalier Pyramidal\"}]},{\"@type\":\"WebSite\",\"@id\":\"https:\/\/kentis.com\/fr\/#website\",\"url\":\"https:\/\/kentis.com\/fr\/\",\"name\":\"Kentis\",\"description\":\"Atelier del verde\",\"publisher\":{\"@id\":\"https:\/\/kentis.com\/fr\/#organization\"},\"potentialAction\":[{\"@type\":\"SearchAction\",\"target\":{\"@type\":\"EntryPoint\",\"urlTemplate\":\"https:\/\/kentis.com\/fr\/?s={search_term_string}\"},\"query-input\":{\"@type\":\"PropertyValueSpecification\",\"valueRequired\":true,\"valueName\":\"search_term_string\"}}],\"inLanguage\":\"fr-FR\"},{\"@type\":\"Organization\",\"@id\":\"https:\/\/kentis.com\/fr\/#organization\",\"name\":\"Kentis\",\"url\":\"https:\/\/kentis.com\/fr\/\",\"logo\":{\"@type\":\"ImageObject\",\"inLanguage\":\"fr-FR\",\"@id\":\"https:\/\/kentis.com\/fr\/#\/schema\/logo\/image\/\",\"url\":\"https:\/\/kentis.com\/wp-content\/uploads\/2021\/08\/logo-main.png\",\"contentUrl\":\"https:\/\/kentis.com\/wp-content\/uploads\/2021\/08\/logo-main.png\",\"width\":800,\"height\":204,\"caption\":\"Kentis\"},\"image\":{\"@id\":\"https:\/\/kentis.com\/fr\/#\/schema\/logo\/image\/\"},\"sameAs\":[\"https:\/\/www.facebook.com\/kentisgarden\",\"https:\/\/www.instagram.com\/kentisgarden\/\",\"https:\/\/it.pinterest.com\/kentisgarden\",\"https:\/\/www.tiktok.com\/@kentis.com\"]}]}<\/script>\n<!-- \/ Yoast SEO plugin. -->","yoast_head_json":{"title":"Plante de Roses 'Mariatheresia \u00ae Tantau' avec Espalier Pyramidal - Kentis","description":"La vari\u00e9t\u00e9 de rose Mariatheresia\u00ae by Rosen Tantau pr\u00e9sente de grandes fleurs roses dont la forme rappelle celle des roses anciennes.","robots":{"index":"index","follow":"follow","max-snippet":"max-snippet:-1","max-image-preview":"max-image-preview:large","max-video-preview":"max-video-preview:-1"},"canonical":"https:\/\/kentis.com\/fr\/boutique\/plante-de-roses-mariatheresia-tantau-avec-espalier-pyramidal\/","og_locale":"fr_FR","og_type":"article","og_title":"Plante de Roses 'Mariatheresia \u00ae Tantau' avec Espalier Pyramidal - Kentis","og_description":"La vari\u00e9t\u00e9 de rose Mariatheresia\u00ae by Rosen Tantau pr\u00e9sente de grandes fleurs roses dont la forme rappelle celle des roses anciennes.","og_url":"https:\/\/kentis.com\/fr\/boutique\/plante-de-roses-mariatheresia-tantau-avec-espalier-pyramidal\/","og_site_name":"Kentis","article_publisher":"https:\/\/www.facebook.com\/kentisgarden","article_modified_time":"2024-12-06T15:02:04+00:00","og_image":[{"width":1024,"height":1024,"url":"https:\/\/kentis.com\/wp-content\/uploads\/2022\/11\/IMG_8429-1024x1024.jpg","type":"image\/jpeg"}],"twitter_card":"summary_large_image","twitter_misc":{"Dur\u00e9e de lecture estim\u00e9e":"1 minute"},"schema":{"@context":"https:\/\/schema.org","@graph":[{"@type":"WebPage","@id":"https:\/\/kentis.com\/fr\/boutique\/plante-de-roses-mariatheresia-tantau-avec-espalier-pyramidal\/","url":"https:\/\/kentis.com\/fr\/boutique\/plante-de-roses-mariatheresia-tantau-avec-espalier-pyramidal\/","name":"Plante de Roses 'Mariatheresia \u00ae Tantau' avec Espalier Pyramidal - Kentis","isPartOf":{"@id":"https:\/\/kentis.com\/fr\/#website"},"primaryImageOfPage":{"@id":"https:\/\/kentis.com\/fr\/boutique\/plante-de-roses-mariatheresia-tantau-avec-espalier-pyramidal\/#primaryimage"},"image":{"@id":"https:\/\/kentis.com\/fr\/boutique\/plante-de-roses-mariatheresia-tantau-avec-espalier-pyramidal\/#primaryimage"},"thumbnailUrl":"https:\/\/kentis.com\/wp-content\/uploads\/2022\/11\/IMG_8429.jpg","datePublished":"2022-11-21T14:45:03+00:00","dateModified":"2024-12-06T15:02:04+00:00","description":"La vari\u00e9t\u00e9 de rose Mariatheresia\u00ae by Rosen Tantau pr\u00e9sente de grandes fleurs roses dont la forme rappelle celle des roses anciennes.","breadcrumb":{"@id":"https:\/\/kentis.com\/fr\/boutique\/plante-de-roses-mariatheresia-tantau-avec-espalier-pyramidal\/#breadcrumb"},"inLanguage":"fr-FR","potentialAction":[{"@type":"ReadAction","target":["https:\/\/kentis.com\/fr\/boutique\/plante-de-roses-mariatheresia-tantau-avec-espalier-pyramidal\/"]}]},{"@type":"ImageObject","inLanguage":"fr-FR","@id":"https:\/\/kentis.com\/fr\/boutique\/plante-de-roses-mariatheresia-tantau-avec-espalier-pyramidal\/#primaryimage","url":"https:\/\/kentis.com\/wp-content\/uploads\/2022\/11\/IMG_8429.jpg","contentUrl":"https:\/\/kentis.com\/wp-content\/uploads\/2022\/11\/IMG_8429.jpg","width":1500,"height":1500},{"@type":"BreadcrumbList","@id":"https:\/\/kentis.com\/fr\/boutique\/plante-de-roses-mariatheresia-tantau-avec-espalier-pyramidal\/#breadcrumb","itemListElement":[{"@type":"ListItem","position":1,"name":"Home","item":"https:\/\/kentis.com\/fr\/"},{"@type":"ListItem","position":2,"name":"Boutique","item":"https:\/\/kentis.com\/fr\/boutique\/"},{"@type":"ListItem","position":3,"name":"Plantes","item":"https:\/\/kentis.com\/fr\/categorie-produit\/plantes\/"},{"@type":"ListItem","position":4,"name":"Plantes d'ext\u00e9rieur","item":"https:\/\/kentis.com\/fr\/categorie-produit\/plantes\/plantes-d-exterieur\/"},{"@type":"ListItem","position":5,"name":"Arbustes","item":"https:\/\/kentis.com\/fr\/categorie-produit\/plantes\/plantes-d-exterieur\/arbustes\/"},{"@type":"ListItem","position":6,"name":"Plante de Roses &#8216;Mariatheresia \u00ae Tantau&#8217; avec Espalier Pyramidal"}]},{"@type":"WebSite","@id":"https:\/\/kentis.com\/fr\/#website","url":"https:\/\/kentis.com\/fr\/","name":"Kentis","description":"Atelier del verde","publisher":{"@id":"https:\/\/kentis.com\/fr\/#organization"},"potentialAction":[{"@type":"SearchAction","target":{"@type":"EntryPoint","urlTemplate":"https:\/\/kentis.com\/fr\/?s={search_term_string}"},"query-input":{"@type":"PropertyValueSpecification","valueRequired":true,"valueName":"search_term_string"}}],"inLanguage":"fr-FR"},{"@type":"Organization","@id":"https:\/\/kentis.com\/fr\/#organization","name":"Kentis","url":"https:\/\/kentis.com\/fr\/","logo":{"@type":"ImageObject","inLanguage":"fr-FR","@id":"https:\/\/kentis.com\/fr\/#\/schema\/logo\/image\/","url":"https:\/\/kentis.com\/wp-content\/uploads\/2021\/08\/logo-main.png","contentUrl":"https:\/\/kentis.com\/wp-content\/uploads\/2021\/08\/logo-main.png","width":800,"height":204,"caption":"Kentis"},"image":{"@id":"https:\/\/kentis.com\/fr\/#\/schema\/logo\/image\/"},"sameAs":["https:\/\/www.facebook.com\/kentisgarden","https:\/\/www.instagram.com\/kentisgarden\/","https:\/\/it.pinterest.com\/kentisgarden","https:\/\/www.tiktok.com\/@kentis.com"]}]}},"_links":{"self":[{"href":"https:\/\/kentis.com\/fr\/wp-json\/wp\/v2\/product\/24191","targetHints":{"allow":["GET"]}}],"collection":[{"href":"https:\/\/kentis.com\/fr\/wp-json\/wp\/v2\/product"}],"about":[{"href":"https:\/\/kentis.com\/fr\/wp-json\/wp\/v2\/types\/product"}],"wp:featuredmedia":[{"embeddable":true,"href":"https:\/\/kentis.com\/fr\/wp-json\/wp\/v2\/media\/12699"}],"wp:attachment":[{"href":"https:\/\/kentis.com\/fr\/wp-json\/wp\/v2\/media?parent=24191"}],"wp:term":[{"taxonomy":"product_cat","embeddable":true,"href":"https:\/\/kentis.com\/fr\/wp-json\/wp\/v2\/product_cat?post=24191"},{"taxonomy":"product_tag","embeddable":true,"href":"https:\/\/kentis.com\/fr\/wp-json\/wp\/v2\/product_tag?post=24191"}],"curies":[{"name":"wp","href":"https:\/\/api.w.org\/{rel}","templated":true}]}}