{"id":24189,"date":"2022-11-21T16:09:00","date_gmt":"2022-11-21T15:09:00","guid":{"rendered":"https:\/\/kentis.com\/negozio\/pianta-di-rose-roter-korsar-alberello\/"},"modified":"2024-12-06T16:04:53","modified_gmt":"2024-12-06T15:04:53","slug":"plante-de-roses-roter-korsar-kordes-jeune-arbre","status":"publish","type":"product","link":"https:\/\/kentis.com\/fr\/boutique\/plante-de-roses-roter-korsar-kordes-jeune-arbre\/","title":{"rendered":"Plante de Roses &#8216;Roter Korsar \u00ae Kordes&#8217; Jeune arbre"},"content":{"rendered":"<div class=\"fusion-fullwidth fullwidth-box fusion-builder-row-1 fusion-flex-container nonhundred-percent-fullwidth non-hundred-percent-height-scrolling\" style=\"--awb-border-radius-top-left:0px;--awb-border-radius-top-right:0px;--awb-border-radius-bottom-right:0px;--awb-border-radius-bottom-left:0px;--awb-flex-wrap:wrap;\" ><div class=\"fusion-builder-row fusion-row fusion-flex-align-items-flex-start fusion-flex-content-wrap\" style=\"max-width:1248px;margin-left: calc(-4% \/ 2 );margin-right: calc(-4% \/ 2 );\"><div class=\"fusion-layout-column fusion_builder_column fusion-builder-column-0 fusion_builder_column_1_1 1_1 fusion-flex-column\" style=\"--awb-bg-size:cover;--awb-width-large:100%;--awb-margin-top-large:0px;--awb-spacing-right-large:1.92%;--awb-margin-bottom-large:0px;--awb-spacing-left-large:1.92%;--awb-width-medium:100%;--awb-spacing-right-medium:1.92%;--awb-spacing-left-medium:1.92%;--awb-width-small:100%;--awb-spacing-right-small:1.92%;--awb-spacing-left-small:1.92%;\"><div class=\"fusion-column-wrapper fusion-flex-justify-content-flex-start fusion-content-layout-column\"><div class=\"fusion-text fusion-text-1\"><p>Cette vari\u00e9t\u00e9 de rosier se caract\u00e9rise par de nombreuses fleurs rouges tr\u00e8s intenses et un feuillage tr\u00e8s \u00e9pais. De plus, cette plante est tr\u00e8s r\u00e9sistante aussi bien aux maladies qu\u2019aux intemp\u00e9ries.<\/p>\n<\/div><\/div><\/div><\/div><\/div>\n","protected":false},"excerpt":{"rendered":"","protected":false},"featured_media":12695,"template":"","meta":{"_acf_changed":false},"product_cat":[582,1261,522],"product_tag":[],"class_list":{"0":"post-24189","1":"product","2":"type-product","3":"status-publish","4":"has-post-thumbnail","6":"product_cat-arbres","7":"product_cat-piante-da-fiore-fr","8":"product_cat-plantes-d-exterieur","10":"first","11":"instock","12":"taxable","13":"shipping-taxable","14":"purchasable","15":"product-type-simple"},"acf":[],"yoast_head":"<!-- This site is optimized with the Yoast SEO plugin v23.4 - https:\/\/yoast.com\/wordpress\/plugins\/seo\/ -->\n<title>Plante de Roses &#039;Roter Korsar \u00ae Kordes&#039; Jeune arbre | Kentis<\/title>\n<meta name=\"description\" content=\"Ce rosier se caract\u00e9rise par de nombreuses fleurs d&#039;un rouge tr\u00e8s intense. Il est \u00e9galement tr\u00e8s r\u00e9sistant aux maladies et aux intemp\u00e9ries.\" \/>\n<meta name=\"robots\" content=\"index, follow, max-snippet:-1, max-image-preview:large, max-video-preview:-1\" \/>\n<link rel=\"canonical\" href=\"https:\/\/kentis.com\/fr\/boutique\/plante-de-roses-roter-korsar-kordes-jeune-arbre\/\" \/>\n<meta property=\"og:locale\" content=\"fr_FR\" \/>\n<meta property=\"og:type\" content=\"article\" \/>\n<meta property=\"og:title\" content=\"Plante de Roses &#039;Roter Korsar \u00ae Kordes&#039; Jeune arbre | Kentis\" \/>\n<meta property=\"og:description\" content=\"Ce rosier se caract\u00e9rise par de nombreuses fleurs d&#039;un rouge tr\u00e8s intense. Il est \u00e9galement tr\u00e8s r\u00e9sistant aux maladies et aux intemp\u00e9ries.\" \/>\n<meta property=\"og:url\" content=\"https:\/\/kentis.com\/fr\/boutique\/plante-de-roses-roter-korsar-kordes-jeune-arbre\/\" \/>\n<meta property=\"og:site_name\" content=\"Kentis\" \/>\n<meta property=\"article:publisher\" content=\"https:\/\/www.facebook.com\/kentisgarden\" \/>\n<meta property=\"article:modified_time\" content=\"2024-12-06T15:04:53+00:00\" \/>\n<meta property=\"og:image\" content=\"https:\/\/kentis.com\/wp-content\/uploads\/2022\/11\/Roter-Korsar-4-1024x1024.jpg\" \/>\n\t<meta property=\"og:image:width\" content=\"1024\" \/>\n\t<meta property=\"og:image:height\" content=\"1024\" \/>\n\t<meta property=\"og:image:type\" content=\"image\/jpeg\" \/>\n<meta name=\"twitter:card\" content=\"summary_large_image\" \/>\n<meta name=\"twitter:label1\" content=\"Dur\u00e9e de lecture estim\u00e9e\" \/>\n\t<meta name=\"twitter:data1\" content=\"1 minute\" \/>\n<script type=\"application\/ld+json\" class=\"yoast-schema-graph\">{\"@context\":\"https:\/\/schema.org\",\"@graph\":[{\"@type\":\"WebPage\",\"@id\":\"https:\/\/kentis.com\/fr\/boutique\/plante-de-roses-roter-korsar-kordes-jeune-arbre\/\",\"url\":\"https:\/\/kentis.com\/fr\/boutique\/plante-de-roses-roter-korsar-kordes-jeune-arbre\/\",\"name\":\"Plante de Roses 'Roter Korsar \u00ae Kordes' Jeune arbre | Kentis\",\"isPartOf\":{\"@id\":\"https:\/\/kentis.com\/fr\/#website\"},\"primaryImageOfPage\":{\"@id\":\"https:\/\/kentis.com\/fr\/boutique\/plante-de-roses-roter-korsar-kordes-jeune-arbre\/#primaryimage\"},\"image\":{\"@id\":\"https:\/\/kentis.com\/fr\/boutique\/plante-de-roses-roter-korsar-kordes-jeune-arbre\/#primaryimage\"},\"thumbnailUrl\":\"https:\/\/kentis.com\/wp-content\/uploads\/2022\/11\/Roter-Korsar-4.jpg\",\"datePublished\":\"2022-11-21T15:09:00+00:00\",\"dateModified\":\"2024-12-06T15:04:53+00:00\",\"description\":\"Ce rosier se caract\u00e9rise par de nombreuses fleurs d'un rouge tr\u00e8s intense. Il est \u00e9galement tr\u00e8s r\u00e9sistant aux maladies et aux intemp\u00e9ries.\",\"breadcrumb\":{\"@id\":\"https:\/\/kentis.com\/fr\/boutique\/plante-de-roses-roter-korsar-kordes-jeune-arbre\/#breadcrumb\"},\"inLanguage\":\"fr-FR\",\"potentialAction\":[{\"@type\":\"ReadAction\",\"target\":[\"https:\/\/kentis.com\/fr\/boutique\/plante-de-roses-roter-korsar-kordes-jeune-arbre\/\"]}]},{\"@type\":\"ImageObject\",\"inLanguage\":\"fr-FR\",\"@id\":\"https:\/\/kentis.com\/fr\/boutique\/plante-de-roses-roter-korsar-kordes-jeune-arbre\/#primaryimage\",\"url\":\"https:\/\/kentis.com\/wp-content\/uploads\/2022\/11\/Roter-Korsar-4.jpg\",\"contentUrl\":\"https:\/\/kentis.com\/wp-content\/uploads\/2022\/11\/Roter-Korsar-4.jpg\",\"width\":1500,\"height\":1500},{\"@type\":\"BreadcrumbList\",\"@id\":\"https:\/\/kentis.com\/fr\/boutique\/plante-de-roses-roter-korsar-kordes-jeune-arbre\/#breadcrumb\",\"itemListElement\":[{\"@type\":\"ListItem\",\"position\":1,\"name\":\"Home\",\"item\":\"https:\/\/kentis.com\/fr\/\"},{\"@type\":\"ListItem\",\"position\":2,\"name\":\"Boutique\",\"item\":\"https:\/\/kentis.com\/fr\/boutique\/\"},{\"@type\":\"ListItem\",\"position\":3,\"name\":\"Plantes\",\"item\":\"https:\/\/kentis.com\/fr\/categorie-produit\/plantes\/\"},{\"@type\":\"ListItem\",\"position\":4,\"name\":\"Plantes d'ext\u00e9rieur\",\"item\":\"https:\/\/kentis.com\/fr\/categorie-produit\/plantes\/plantes-d-exterieur\/\"},{\"@type\":\"ListItem\",\"position\":5,\"name\":\"Plante de Roses &#8216;Roter Korsar \u00ae Kordes&#8217; Jeune arbre\"}]},{\"@type\":\"WebSite\",\"@id\":\"https:\/\/kentis.com\/fr\/#website\",\"url\":\"https:\/\/kentis.com\/fr\/\",\"name\":\"Kentis\",\"description\":\"Atelier del verde\",\"publisher\":{\"@id\":\"https:\/\/kentis.com\/fr\/#organization\"},\"potentialAction\":[{\"@type\":\"SearchAction\",\"target\":{\"@type\":\"EntryPoint\",\"urlTemplate\":\"https:\/\/kentis.com\/fr\/?s={search_term_string}\"},\"query-input\":{\"@type\":\"PropertyValueSpecification\",\"valueRequired\":true,\"valueName\":\"search_term_string\"}}],\"inLanguage\":\"fr-FR\"},{\"@type\":\"Organization\",\"@id\":\"https:\/\/kentis.com\/fr\/#organization\",\"name\":\"Kentis\",\"url\":\"https:\/\/kentis.com\/fr\/\",\"logo\":{\"@type\":\"ImageObject\",\"inLanguage\":\"fr-FR\",\"@id\":\"https:\/\/kentis.com\/fr\/#\/schema\/logo\/image\/\",\"url\":\"https:\/\/kentis.com\/wp-content\/uploads\/2021\/08\/logo-main.png\",\"contentUrl\":\"https:\/\/kentis.com\/wp-content\/uploads\/2021\/08\/logo-main.png\",\"width\":800,\"height\":204,\"caption\":\"Kentis\"},\"image\":{\"@id\":\"https:\/\/kentis.com\/fr\/#\/schema\/logo\/image\/\"},\"sameAs\":[\"https:\/\/www.facebook.com\/kentisgarden\",\"https:\/\/www.instagram.com\/kentisgarden\/\",\"https:\/\/it.pinterest.com\/kentisgarden\",\"https:\/\/www.tiktok.com\/@kentis.com\"]}]}<\/script>\n<!-- \/ Yoast SEO plugin. -->","yoast_head_json":{"title":"Plante de Roses 'Roter Korsar \u00ae Kordes' Jeune arbre | Kentis","description":"Ce rosier se caract\u00e9rise par de nombreuses fleurs d'un rouge tr\u00e8s intense. Il est \u00e9galement tr\u00e8s r\u00e9sistant aux maladies et aux intemp\u00e9ries.","robots":{"index":"index","follow":"follow","max-snippet":"max-snippet:-1","max-image-preview":"max-image-preview:large","max-video-preview":"max-video-preview:-1"},"canonical":"https:\/\/kentis.com\/fr\/boutique\/plante-de-roses-roter-korsar-kordes-jeune-arbre\/","og_locale":"fr_FR","og_type":"article","og_title":"Plante de Roses 'Roter Korsar \u00ae Kordes' Jeune arbre | Kentis","og_description":"Ce rosier se caract\u00e9rise par de nombreuses fleurs d'un rouge tr\u00e8s intense. Il est \u00e9galement tr\u00e8s r\u00e9sistant aux maladies et aux intemp\u00e9ries.","og_url":"https:\/\/kentis.com\/fr\/boutique\/plante-de-roses-roter-korsar-kordes-jeune-arbre\/","og_site_name":"Kentis","article_publisher":"https:\/\/www.facebook.com\/kentisgarden","article_modified_time":"2024-12-06T15:04:53+00:00","og_image":[{"width":1024,"height":1024,"url":"https:\/\/kentis.com\/wp-content\/uploads\/2022\/11\/Roter-Korsar-4-1024x1024.jpg","type":"image\/jpeg"}],"twitter_card":"summary_large_image","twitter_misc":{"Dur\u00e9e de lecture estim\u00e9e":"1 minute"},"schema":{"@context":"https:\/\/schema.org","@graph":[{"@type":"WebPage","@id":"https:\/\/kentis.com\/fr\/boutique\/plante-de-roses-roter-korsar-kordes-jeune-arbre\/","url":"https:\/\/kentis.com\/fr\/boutique\/plante-de-roses-roter-korsar-kordes-jeune-arbre\/","name":"Plante de Roses 'Roter Korsar \u00ae Kordes' Jeune arbre | Kentis","isPartOf":{"@id":"https:\/\/kentis.com\/fr\/#website"},"primaryImageOfPage":{"@id":"https:\/\/kentis.com\/fr\/boutique\/plante-de-roses-roter-korsar-kordes-jeune-arbre\/#primaryimage"},"image":{"@id":"https:\/\/kentis.com\/fr\/boutique\/plante-de-roses-roter-korsar-kordes-jeune-arbre\/#primaryimage"},"thumbnailUrl":"https:\/\/kentis.com\/wp-content\/uploads\/2022\/11\/Roter-Korsar-4.jpg","datePublished":"2022-11-21T15:09:00+00:00","dateModified":"2024-12-06T15:04:53+00:00","description":"Ce rosier se caract\u00e9rise par de nombreuses fleurs d'un rouge tr\u00e8s intense. Il est \u00e9galement tr\u00e8s r\u00e9sistant aux maladies et aux intemp\u00e9ries.","breadcrumb":{"@id":"https:\/\/kentis.com\/fr\/boutique\/plante-de-roses-roter-korsar-kordes-jeune-arbre\/#breadcrumb"},"inLanguage":"fr-FR","potentialAction":[{"@type":"ReadAction","target":["https:\/\/kentis.com\/fr\/boutique\/plante-de-roses-roter-korsar-kordes-jeune-arbre\/"]}]},{"@type":"ImageObject","inLanguage":"fr-FR","@id":"https:\/\/kentis.com\/fr\/boutique\/plante-de-roses-roter-korsar-kordes-jeune-arbre\/#primaryimage","url":"https:\/\/kentis.com\/wp-content\/uploads\/2022\/11\/Roter-Korsar-4.jpg","contentUrl":"https:\/\/kentis.com\/wp-content\/uploads\/2022\/11\/Roter-Korsar-4.jpg","width":1500,"height":1500},{"@type":"BreadcrumbList","@id":"https:\/\/kentis.com\/fr\/boutique\/plante-de-roses-roter-korsar-kordes-jeune-arbre\/#breadcrumb","itemListElement":[{"@type":"ListItem","position":1,"name":"Home","item":"https:\/\/kentis.com\/fr\/"},{"@type":"ListItem","position":2,"name":"Boutique","item":"https:\/\/kentis.com\/fr\/boutique\/"},{"@type":"ListItem","position":3,"name":"Plantes","item":"https:\/\/kentis.com\/fr\/categorie-produit\/plantes\/"},{"@type":"ListItem","position":4,"name":"Plantes d'ext\u00e9rieur","item":"https:\/\/kentis.com\/fr\/categorie-produit\/plantes\/plantes-d-exterieur\/"},{"@type":"ListItem","position":5,"name":"Plante de Roses &#8216;Roter Korsar \u00ae Kordes&#8217; Jeune arbre"}]},{"@type":"WebSite","@id":"https:\/\/kentis.com\/fr\/#website","url":"https:\/\/kentis.com\/fr\/","name":"Kentis","description":"Atelier del verde","publisher":{"@id":"https:\/\/kentis.com\/fr\/#organization"},"potentialAction":[{"@type":"SearchAction","target":{"@type":"EntryPoint","urlTemplate":"https:\/\/kentis.com\/fr\/?s={search_term_string}"},"query-input":{"@type":"PropertyValueSpecification","valueRequired":true,"valueName":"search_term_string"}}],"inLanguage":"fr-FR"},{"@type":"Organization","@id":"https:\/\/kentis.com\/fr\/#organization","name":"Kentis","url":"https:\/\/kentis.com\/fr\/","logo":{"@type":"ImageObject","inLanguage":"fr-FR","@id":"https:\/\/kentis.com\/fr\/#\/schema\/logo\/image\/","url":"https:\/\/kentis.com\/wp-content\/uploads\/2021\/08\/logo-main.png","contentUrl":"https:\/\/kentis.com\/wp-content\/uploads\/2021\/08\/logo-main.png","width":800,"height":204,"caption":"Kentis"},"image":{"@id":"https:\/\/kentis.com\/fr\/#\/schema\/logo\/image\/"},"sameAs":["https:\/\/www.facebook.com\/kentisgarden","https:\/\/www.instagram.com\/kentisgarden\/","https:\/\/it.pinterest.com\/kentisgarden","https:\/\/www.tiktok.com\/@kentis.com"]}]}},"_links":{"self":[{"href":"https:\/\/kentis.com\/fr\/wp-json\/wp\/v2\/product\/24189","targetHints":{"allow":["GET"]}}],"collection":[{"href":"https:\/\/kentis.com\/fr\/wp-json\/wp\/v2\/product"}],"about":[{"href":"https:\/\/kentis.com\/fr\/wp-json\/wp\/v2\/types\/product"}],"wp:featuredmedia":[{"embeddable":true,"href":"https:\/\/kentis.com\/fr\/wp-json\/wp\/v2\/media\/12695"}],"wp:attachment":[{"href":"https:\/\/kentis.com\/fr\/wp-json\/wp\/v2\/media?parent=24189"}],"wp:term":[{"taxonomy":"product_cat","embeddable":true,"href":"https:\/\/kentis.com\/fr\/wp-json\/wp\/v2\/product_cat?post=24189"},{"taxonomy":"product_tag","embeddable":true,"href":"https:\/\/kentis.com\/fr\/wp-json\/wp\/v2\/product_tag?post=24189"}],"curies":[{"name":"wp","href":"https:\/\/api.w.org\/{rel}","templated":true}]}}