{"id":24104,"date":"2022-12-28T16:02:25","date_gmt":"2022-12-28T15:02:25","guid":{"rendered":"https:\/\/kentis.com\/negozio\/pouf-tondo-da-esterno\/"},"modified":"2022-12-28T16:02:25","modified_gmt":"2022-12-28T15:02:25","slug":"pouf-tondo-da-esterno","status":"publish","type":"product","link":"https:\/\/kentis.com\/fr\/boutique\/pouf-tondo-da-esterno\/","title":{"rendered":"Pouf Tondo da Esterno"},"content":{"rendered":"<p>MADE IN ITALY &#8211; Il nostro pouf \u00e8 stato realizzato a mano dai nostri artigiani in Italia per donare momenti di comodit\u00e0 e relax ad adulti e bambini, sia dentro che fuori casa. Infatti questo prodotto \u00e8 perfetto sia per gli ambienti interni che esterni.<\/p>\n<p>TESSUTO \u2013 Il tessuto del nostro pouf \u00e8 sfoderabile, idrorepellente e molto resistente, rendendolo cos\u00ec perfetto non solo per gli ambienti interni ma anche per giardini e terrazzi. Inoltre \u00e8 anche lavabile in lavatrice ed \u00e8 possibile stirarlo a bassa temperatura. Infine la certificazione Oeko-tex ne garantisce la sicurezza confermando l\u2019assenza di sostanze nocive alla propria salute.<\/p>\n<p>IMBOTTITURA \u2013 Composta da microperle di EPS atossiche e anallergiche, l\u2019imbottitura di alta qualit\u00e0 garantisce una seduta ergonomica che si modella in base alle forme del corpo. La sua doppia cerniera inoltre impedisce la fuoriuscita delle microperle rendendolo ancora pi\u00f9 sicuro.<\/p>\n<p>PULIZIA \u2013 Nel caso di una piccola macchia consigliamo di andare a strofinare delicatamente con un panno inumidito da acqua e sapone e, una volta rimossa, di risciacquare con acqua pura asciugando poi con un panno pulito. Se invece si vuole avere una pulizia pi\u00f9 approfondita, il tessuto una volta sfoderato pu\u00f2 essere lavato in lavatrice a 30 gradi.<\/p>\n","protected":false},"excerpt":{"rendered":"<p>MADE IN ITALY &#8211; Il nostro pouf \u00e8 stato realizzato [&hellip;]<\/p>\n","protected":false},"featured_media":12578,"template":"","meta":{"_acf_changed":false},"product_cat":[542],"product_tag":[],"class_list":{"0":"post-24104","1":"product","2":"type-product","3":"status-publish","4":"has-post-thumbnail","6":"product_cat-exterieur","8":"first","9":"instock","10":"taxable","11":"shipping-taxable","12":"purchasable","13":"product-type-variable","14":"has-default-attributes"},"acf":[],"yoast_head":"<!-- This site is optimized with the Yoast SEO plugin v23.4 - https:\/\/yoast.com\/wordpress\/plugins\/seo\/ -->\n<title>Pouf Tondo da Esterno e Interno Made in Italy con Tessuto Idrorepellente<\/title>\n<meta name=\"description\" content=\"Il nostro puff Made in Italy dalla forma tonda \u00e8 rivestito da tessuto idrorepellente che lo rendono perfetto per gli ambienti esterni\" \/>\n<meta name=\"robots\" content=\"index, follow, max-snippet:-1, max-image-preview:large, max-video-preview:-1\" \/>\n<link rel=\"canonical\" href=\"https:\/\/kentis.com\/fr\/boutique\/pouf-tondo-da-esterno\/\" \/>\n<meta property=\"og:locale\" content=\"fr_FR\" \/>\n<meta property=\"og:type\" content=\"article\" \/>\n<meta property=\"og:title\" content=\"Pouf Tondo da Esterno e Interno Made in Italy con Tessuto Idrorepellente\" \/>\n<meta property=\"og:description\" content=\"Il nostro puff Made in Italy dalla forma tonda \u00e8 rivestito da tessuto idrorepellente che lo rendono perfetto per gli ambienti esterni\" \/>\n<meta property=\"og:url\" content=\"https:\/\/kentis.com\/fr\/boutique\/pouf-tondo-da-esterno\/\" \/>\n<meta property=\"og:site_name\" content=\"Kentis\" \/>\n<meta property=\"article:publisher\" content=\"https:\/\/www.facebook.com\/kentisgarden\" \/>\n<meta property=\"og:image\" content=\"https:\/\/kentis.com\/wp-content\/uploads\/2022\/12\/colore_02_01.jpg\" \/>\n\t<meta property=\"og:image:width\" content=\"1500\" \/>\n\t<meta property=\"og:image:height\" content=\"1500\" \/>\n\t<meta property=\"og:image:type\" content=\"image\/jpeg\" \/>\n<meta name=\"twitter:card\" content=\"summary_large_image\" \/>\n<meta name=\"twitter:label1\" content=\"Dur\u00e9e de lecture estim\u00e9e\" \/>\n\t<meta name=\"twitter:data1\" content=\"1 minute\" \/>\n<script type=\"application\/ld+json\" class=\"yoast-schema-graph\">{\"@context\":\"https:\/\/schema.org\",\"@graph\":[{\"@type\":\"WebPage\",\"@id\":\"https:\/\/kentis.com\/fr\/boutique\/pouf-tondo-da-esterno\/\",\"url\":\"https:\/\/kentis.com\/fr\/boutique\/pouf-tondo-da-esterno\/\",\"name\":\"Pouf Tondo da Esterno e Interno Made in Italy con Tessuto Idrorepellente\",\"isPartOf\":{\"@id\":\"https:\/\/kentis.com\/fr\/#website\"},\"primaryImageOfPage\":{\"@id\":\"https:\/\/kentis.com\/fr\/boutique\/pouf-tondo-da-esterno\/#primaryimage\"},\"image\":{\"@id\":\"https:\/\/kentis.com\/fr\/boutique\/pouf-tondo-da-esterno\/#primaryimage\"},\"thumbnailUrl\":\"https:\/\/kentis.com\/wp-content\/uploads\/2022\/12\/colore_02_01.jpg\",\"datePublished\":\"2022-12-28T15:02:25+00:00\",\"dateModified\":\"2022-12-28T15:02:25+00:00\",\"description\":\"Il nostro puff Made in Italy dalla forma tonda \u00e8 rivestito da tessuto idrorepellente che lo rendono perfetto per gli ambienti esterni\",\"breadcrumb\":{\"@id\":\"https:\/\/kentis.com\/fr\/boutique\/pouf-tondo-da-esterno\/#breadcrumb\"},\"inLanguage\":\"fr-FR\",\"potentialAction\":[{\"@type\":\"ReadAction\",\"target\":[\"https:\/\/kentis.com\/fr\/boutique\/pouf-tondo-da-esterno\/\"]}]},{\"@type\":\"ImageObject\",\"inLanguage\":\"fr-FR\",\"@id\":\"https:\/\/kentis.com\/fr\/boutique\/pouf-tondo-da-esterno\/#primaryimage\",\"url\":\"https:\/\/kentis.com\/wp-content\/uploads\/2022\/12\/colore_02_01.jpg\",\"contentUrl\":\"https:\/\/kentis.com\/wp-content\/uploads\/2022\/12\/colore_02_01.jpg\",\"width\":1500,\"height\":1500},{\"@type\":\"BreadcrumbList\",\"@id\":\"https:\/\/kentis.com\/fr\/boutique\/pouf-tondo-da-esterno\/#breadcrumb\",\"itemListElement\":[{\"@type\":\"ListItem\",\"position\":1,\"name\":\"Home\",\"item\":\"https:\/\/kentis.com\/fr\/\"},{\"@type\":\"ListItem\",\"position\":2,\"name\":\"Boutique\",\"item\":\"https:\/\/kentis.com\/fr\/boutique\/\"},{\"@type\":\"ListItem\",\"position\":3,\"name\":\"Ext\u00e9rieur\",\"item\":\"https:\/\/kentis.com\/fr\/categorie-produit\/exterieur\/\"},{\"@type\":\"ListItem\",\"position\":4,\"name\":\"Pouf Tondo da Esterno\"}]},{\"@type\":\"WebSite\",\"@id\":\"https:\/\/kentis.com\/fr\/#website\",\"url\":\"https:\/\/kentis.com\/fr\/\",\"name\":\"Kentis\",\"description\":\"Atelier del verde\",\"publisher\":{\"@id\":\"https:\/\/kentis.com\/fr\/#organization\"},\"potentialAction\":[{\"@type\":\"SearchAction\",\"target\":{\"@type\":\"EntryPoint\",\"urlTemplate\":\"https:\/\/kentis.com\/fr\/?s={search_term_string}\"},\"query-input\":{\"@type\":\"PropertyValueSpecification\",\"valueRequired\":true,\"valueName\":\"search_term_string\"}}],\"inLanguage\":\"fr-FR\"},{\"@type\":\"Organization\",\"@id\":\"https:\/\/kentis.com\/fr\/#organization\",\"name\":\"Kentis\",\"url\":\"https:\/\/kentis.com\/fr\/\",\"logo\":{\"@type\":\"ImageObject\",\"inLanguage\":\"fr-FR\",\"@id\":\"https:\/\/kentis.com\/fr\/#\/schema\/logo\/image\/\",\"url\":\"https:\/\/kentis.com\/wp-content\/uploads\/2021\/08\/logo-main.png\",\"contentUrl\":\"https:\/\/kentis.com\/wp-content\/uploads\/2021\/08\/logo-main.png\",\"width\":800,\"height\":204,\"caption\":\"Kentis\"},\"image\":{\"@id\":\"https:\/\/kentis.com\/fr\/#\/schema\/logo\/image\/\"},\"sameAs\":[\"https:\/\/www.facebook.com\/kentisgarden\",\"https:\/\/www.instagram.com\/kentisgarden\/\",\"https:\/\/it.pinterest.com\/kentisgarden\",\"https:\/\/www.tiktok.com\/@kentis.com\"]}]}<\/script>\n<!-- \/ Yoast SEO plugin. -->","yoast_head_json":{"title":"Pouf Tondo da Esterno e Interno Made in Italy con Tessuto Idrorepellente","description":"Il nostro puff Made in Italy dalla forma tonda \u00e8 rivestito da tessuto idrorepellente che lo rendono perfetto per gli ambienti esterni","robots":{"index":"index","follow":"follow","max-snippet":"max-snippet:-1","max-image-preview":"max-image-preview:large","max-video-preview":"max-video-preview:-1"},"canonical":"https:\/\/kentis.com\/fr\/boutique\/pouf-tondo-da-esterno\/","og_locale":"fr_FR","og_type":"article","og_title":"Pouf Tondo da Esterno e Interno Made in Italy con Tessuto Idrorepellente","og_description":"Il nostro puff Made in Italy dalla forma tonda \u00e8 rivestito da tessuto idrorepellente che lo rendono perfetto per gli ambienti esterni","og_url":"https:\/\/kentis.com\/fr\/boutique\/pouf-tondo-da-esterno\/","og_site_name":"Kentis","article_publisher":"https:\/\/www.facebook.com\/kentisgarden","og_image":[{"width":1500,"height":1500,"url":"https:\/\/kentis.com\/wp-content\/uploads\/2022\/12\/colore_02_01.jpg","type":"image\/jpeg"}],"twitter_card":"summary_large_image","twitter_misc":{"Dur\u00e9e de lecture estim\u00e9e":"1 minute"},"schema":{"@context":"https:\/\/schema.org","@graph":[{"@type":"WebPage","@id":"https:\/\/kentis.com\/fr\/boutique\/pouf-tondo-da-esterno\/","url":"https:\/\/kentis.com\/fr\/boutique\/pouf-tondo-da-esterno\/","name":"Pouf Tondo da Esterno e Interno Made in Italy con Tessuto Idrorepellente","isPartOf":{"@id":"https:\/\/kentis.com\/fr\/#website"},"primaryImageOfPage":{"@id":"https:\/\/kentis.com\/fr\/boutique\/pouf-tondo-da-esterno\/#primaryimage"},"image":{"@id":"https:\/\/kentis.com\/fr\/boutique\/pouf-tondo-da-esterno\/#primaryimage"},"thumbnailUrl":"https:\/\/kentis.com\/wp-content\/uploads\/2022\/12\/colore_02_01.jpg","datePublished":"2022-12-28T15:02:25+00:00","dateModified":"2022-12-28T15:02:25+00:00","description":"Il nostro puff Made in Italy dalla forma tonda \u00e8 rivestito da tessuto idrorepellente che lo rendono perfetto per gli ambienti esterni","breadcrumb":{"@id":"https:\/\/kentis.com\/fr\/boutique\/pouf-tondo-da-esterno\/#breadcrumb"},"inLanguage":"fr-FR","potentialAction":[{"@type":"ReadAction","target":["https:\/\/kentis.com\/fr\/boutique\/pouf-tondo-da-esterno\/"]}]},{"@type":"ImageObject","inLanguage":"fr-FR","@id":"https:\/\/kentis.com\/fr\/boutique\/pouf-tondo-da-esterno\/#primaryimage","url":"https:\/\/kentis.com\/wp-content\/uploads\/2022\/12\/colore_02_01.jpg","contentUrl":"https:\/\/kentis.com\/wp-content\/uploads\/2022\/12\/colore_02_01.jpg","width":1500,"height":1500},{"@type":"BreadcrumbList","@id":"https:\/\/kentis.com\/fr\/boutique\/pouf-tondo-da-esterno\/#breadcrumb","itemListElement":[{"@type":"ListItem","position":1,"name":"Home","item":"https:\/\/kentis.com\/fr\/"},{"@type":"ListItem","position":2,"name":"Boutique","item":"https:\/\/kentis.com\/fr\/boutique\/"},{"@type":"ListItem","position":3,"name":"Ext\u00e9rieur","item":"https:\/\/kentis.com\/fr\/categorie-produit\/exterieur\/"},{"@type":"ListItem","position":4,"name":"Pouf Tondo da Esterno"}]},{"@type":"WebSite","@id":"https:\/\/kentis.com\/fr\/#website","url":"https:\/\/kentis.com\/fr\/","name":"Kentis","description":"Atelier del verde","publisher":{"@id":"https:\/\/kentis.com\/fr\/#organization"},"potentialAction":[{"@type":"SearchAction","target":{"@type":"EntryPoint","urlTemplate":"https:\/\/kentis.com\/fr\/?s={search_term_string}"},"query-input":{"@type":"PropertyValueSpecification","valueRequired":true,"valueName":"search_term_string"}}],"inLanguage":"fr-FR"},{"@type":"Organization","@id":"https:\/\/kentis.com\/fr\/#organization","name":"Kentis","url":"https:\/\/kentis.com\/fr\/","logo":{"@type":"ImageObject","inLanguage":"fr-FR","@id":"https:\/\/kentis.com\/fr\/#\/schema\/logo\/image\/","url":"https:\/\/kentis.com\/wp-content\/uploads\/2021\/08\/logo-main.png","contentUrl":"https:\/\/kentis.com\/wp-content\/uploads\/2021\/08\/logo-main.png","width":800,"height":204,"caption":"Kentis"},"image":{"@id":"https:\/\/kentis.com\/fr\/#\/schema\/logo\/image\/"},"sameAs":["https:\/\/www.facebook.com\/kentisgarden","https:\/\/www.instagram.com\/kentisgarden\/","https:\/\/it.pinterest.com\/kentisgarden","https:\/\/www.tiktok.com\/@kentis.com"]}]}},"_links":{"self":[{"href":"https:\/\/kentis.com\/fr\/wp-json\/wp\/v2\/product\/24104","targetHints":{"allow":["GET"]}}],"collection":[{"href":"https:\/\/kentis.com\/fr\/wp-json\/wp\/v2\/product"}],"about":[{"href":"https:\/\/kentis.com\/fr\/wp-json\/wp\/v2\/types\/product"}],"wp:featuredmedia":[{"embeddable":true,"href":"https:\/\/kentis.com\/fr\/wp-json\/wp\/v2\/media\/12578"}],"wp:attachment":[{"href":"https:\/\/kentis.com\/fr\/wp-json\/wp\/v2\/media?parent=24104"}],"wp:term":[{"taxonomy":"product_cat","embeddable":true,"href":"https:\/\/kentis.com\/fr\/wp-json\/wp\/v2\/product_cat?post=24104"},{"taxonomy":"product_tag","embeddable":true,"href":"https:\/\/kentis.com\/fr\/wp-json\/wp\/v2\/product_tag?post=24104"}],"curies":[{"name":"wp","href":"https:\/\/api.w.org\/{rel}","templated":true}]}}