{"id":24009,"date":"2023-01-27T14:42:48","date_gmt":"2023-01-27T13:42:48","guid":{"rendered":"https:\/\/kentis.com\/negozio\/citrus-mano-di-buddha\/"},"modified":"2025-07-29T16:56:33","modified_gmt":"2025-07-29T14:56:33","slug":"cedratier-main-de-bouddha","status":"publish","type":"product","link":"https:\/\/kentis.com\/fr\/boutique\/cedratier-main-de-bouddha\/","title":{"rendered":"C\u00e9dratier Main de Bouddha"},"content":{"rendered":"<div class=\"fusion-fullwidth fullwidth-box fusion-builder-row-1 fusion-flex-container nonhundred-percent-fullwidth non-hundred-percent-height-scrolling\" style=\"--awb-border-radius-top-left:0px;--awb-border-radius-top-right:0px;--awb-border-radius-bottom-right:0px;--awb-border-radius-bottom-left:0px;--awb-flex-wrap:wrap;\" ><div class=\"fusion-builder-row fusion-row fusion-flex-align-items-flex-start fusion-flex-content-wrap\" style=\"max-width:1248px;margin-left: calc(-4% \/ 2 );margin-right: calc(-4% \/ 2 );\"><div class=\"fusion-layout-column fusion_builder_column fusion-builder-column-0 fusion_builder_column_1_1 1_1 fusion-flex-column\" style=\"--awb-bg-size:cover;--awb-width-large:100%;--awb-margin-top-large:0px;--awb-spacing-right-large:1.92%;--awb-margin-bottom-large:0px;--awb-spacing-left-large:1.92%;--awb-width-medium:100%;--awb-spacing-right-medium:1.92%;--awb-spacing-left-medium:1.92%;--awb-width-small:100%;--awb-spacing-right-small:1.92%;--awb-spacing-left-small:1.92%;\"><div class=\"fusion-column-wrapper fusion-flex-justify-content-flex-start fusion-content-layout-column\"><div class=\"fusion-text fusion-text-1\"><p>Appell\u00e8 &#8220;Main de Bouddha&#8221; a cause de sa floraison qui offre de magnifiques petites fleurs blanches\/violettes, produisant ensuite un fruit jaune en forme de tentacules rappelant vaguement une main. Les civilisations orientales l&#8217;utilisent souvent en cuisine pour son parfum intense et pour sa pulpe (la partie blanche entre la peau et la chair) qui, contrairement aux autres agrumes, est particuli\u00e8rement sucr\u00e9e. Excellent pour assaisonner les salades, les plats principaux et les desserts.<\/p>\n<\/div><\/div><\/div><\/div><\/div>\n","protected":false},"excerpt":{"rendered":"","protected":false},"featured_media":12419,"template":"","meta":{"_acf_changed":false},"product_cat":[582,610],"product_tag":[],"class_list":{"0":"post-24009","1":"product","2":"type-product","3":"status-publish","4":"has-post-thumbnail","6":"product_cat-arbres","7":"product_cat-plantes-fruitieres","8":"product_shipping_class-flora-fr","10":"first","11":"instock","12":"taxable","13":"shipping-taxable","14":"purchasable","15":"product-type-variable","16":"has-default-attributes"},"acf":[],"yoast_head":"<!-- This site is optimized with the Yoast SEO plugin v23.4 - https:\/\/yoast.com\/wordpress\/plugins\/seo\/ -->\n<title>C\u00e9dratier Main de Bouddha - Agrumes d&#039;Ext\u00e9rieur | Kentis<\/title>\n<meta name=\"description\" content=\"Appel\u00e9 Main de Bouddha parce qu&#039;apr\u00e8s la floraison, il produit un fruit en forme de tentacule ressemblant \u00e0 une main.\" \/>\n<meta name=\"robots\" content=\"index, follow, max-snippet:-1, max-image-preview:large, max-video-preview:-1\" \/>\n<link rel=\"canonical\" href=\"https:\/\/kentis.com\/fr\/boutique\/cedratier-main-de-bouddha\/\" \/>\n<meta property=\"og:locale\" content=\"fr_FR\" \/>\n<meta property=\"og:type\" content=\"article\" \/>\n<meta property=\"og:title\" content=\"C\u00e9dratier Main de Bouddha - Agrumes d&#039;Ext\u00e9rieur | Kentis\" \/>\n<meta property=\"og:description\" content=\"Appel\u00e9 Main de Bouddha parce qu&#039;apr\u00e8s la floraison, il produit un fruit en forme de tentacule ressemblant \u00e0 une main.\" \/>\n<meta property=\"og:url\" content=\"https:\/\/kentis.com\/fr\/boutique\/cedratier-main-de-bouddha\/\" \/>\n<meta property=\"og:site_name\" content=\"Kentis\" \/>\n<meta property=\"article:publisher\" content=\"https:\/\/www.facebook.com\/kentisgarden\" \/>\n<meta property=\"article:modified_time\" content=\"2025-07-29T14:56:33+00:00\" \/>\n<meta property=\"og:image\" content=\"https:\/\/kentis.com\/wp-content\/uploads\/2023\/01\/PTG-Citrus-Mano-di-Buddha-v20-h-70-80-828-23papaya-scaled.jpg\" \/>\n\t<meta property=\"og:image:width\" content=\"2560\" \/>\n\t<meta property=\"og:image:height\" content=\"2560\" \/>\n\t<meta property=\"og:image:type\" content=\"image\/jpeg\" \/>\n<meta name=\"twitter:card\" content=\"summary_large_image\" \/>\n<meta name=\"twitter:label1\" content=\"Dur\u00e9e de lecture estim\u00e9e\" \/>\n\t<meta name=\"twitter:data1\" content=\"1 minute\" \/>\n<script type=\"application\/ld+json\" class=\"yoast-schema-graph\">{\"@context\":\"https:\/\/schema.org\",\"@graph\":[{\"@type\":\"WebPage\",\"@id\":\"https:\/\/kentis.com\/fr\/boutique\/cedratier-main-de-bouddha\/\",\"url\":\"https:\/\/kentis.com\/fr\/boutique\/cedratier-main-de-bouddha\/\",\"name\":\"C\u00e9dratier Main de Bouddha - Agrumes d'Ext\u00e9rieur | Kentis\",\"isPartOf\":{\"@id\":\"https:\/\/kentis.com\/fr\/#website\"},\"primaryImageOfPage\":{\"@id\":\"https:\/\/kentis.com\/fr\/boutique\/cedratier-main-de-bouddha\/#primaryimage\"},\"image\":{\"@id\":\"https:\/\/kentis.com\/fr\/boutique\/cedratier-main-de-bouddha\/#primaryimage\"},\"thumbnailUrl\":\"https:\/\/kentis.com\/wp-content\/uploads\/2023\/01\/PTG-Citrus-Mano-di-Buddha-v20-h-70-80-828-23papaya-scaled.jpg\",\"datePublished\":\"2023-01-27T13:42:48+00:00\",\"dateModified\":\"2025-07-29T14:56:33+00:00\",\"description\":\"Appel\u00e9 Main de Bouddha parce qu'apr\u00e8s la floraison, il produit un fruit en forme de tentacule ressemblant \u00e0 une main.\",\"breadcrumb\":{\"@id\":\"https:\/\/kentis.com\/fr\/boutique\/cedratier-main-de-bouddha\/#breadcrumb\"},\"inLanguage\":\"fr-FR\",\"potentialAction\":[{\"@type\":\"ReadAction\",\"target\":[\"https:\/\/kentis.com\/fr\/boutique\/cedratier-main-de-bouddha\/\"]}]},{\"@type\":\"ImageObject\",\"inLanguage\":\"fr-FR\",\"@id\":\"https:\/\/kentis.com\/fr\/boutique\/cedratier-main-de-bouddha\/#primaryimage\",\"url\":\"https:\/\/kentis.com\/wp-content\/uploads\/2023\/01\/PTG-Citrus-Mano-di-Buddha-v20-h-70-80-828-23papaya-scaled.jpg\",\"contentUrl\":\"https:\/\/kentis.com\/wp-content\/uploads\/2023\/01\/PTG-Citrus-Mano-di-Buddha-v20-h-70-80-828-23papaya-scaled.jpg\",\"width\":2560,\"height\":2560},{\"@type\":\"BreadcrumbList\",\"@id\":\"https:\/\/kentis.com\/fr\/boutique\/cedratier-main-de-bouddha\/#breadcrumb\",\"itemListElement\":[{\"@type\":\"ListItem\",\"position\":1,\"name\":\"Home\",\"item\":\"https:\/\/kentis.com\/fr\/\"},{\"@type\":\"ListItem\",\"position\":2,\"name\":\"Boutique\",\"item\":\"https:\/\/kentis.com\/fr\/boutique\/\"},{\"@type\":\"ListItem\",\"position\":3,\"name\":\"Plantes\",\"item\":\"https:\/\/kentis.com\/fr\/categorie-produit\/plantes\/\"},{\"@type\":\"ListItem\",\"position\":4,\"name\":\"Plantes d'ext\u00e9rieur\",\"item\":\"https:\/\/kentis.com\/fr\/categorie-produit\/plantes\/plantes-d-exterieur\/\"},{\"@type\":\"ListItem\",\"position\":5,\"name\":\"Plantes fruiti\u00e8res\",\"item\":\"https:\/\/kentis.com\/fr\/categorie-produit\/plantes\/plantes-d-exterieur\/plantes-fruitieres\/\"},{\"@type\":\"ListItem\",\"position\":6,\"name\":\"C\u00e9dratier Main de Bouddha\"}]},{\"@type\":\"WebSite\",\"@id\":\"https:\/\/kentis.com\/fr\/#website\",\"url\":\"https:\/\/kentis.com\/fr\/\",\"name\":\"Kentis\",\"description\":\"Atelier del verde\",\"publisher\":{\"@id\":\"https:\/\/kentis.com\/fr\/#organization\"},\"potentialAction\":[{\"@type\":\"SearchAction\",\"target\":{\"@type\":\"EntryPoint\",\"urlTemplate\":\"https:\/\/kentis.com\/fr\/?s={search_term_string}\"},\"query-input\":{\"@type\":\"PropertyValueSpecification\",\"valueRequired\":true,\"valueName\":\"search_term_string\"}}],\"inLanguage\":\"fr-FR\"},{\"@type\":\"Organization\",\"@id\":\"https:\/\/kentis.com\/fr\/#organization\",\"name\":\"Kentis\",\"url\":\"https:\/\/kentis.com\/fr\/\",\"logo\":{\"@type\":\"ImageObject\",\"inLanguage\":\"fr-FR\",\"@id\":\"https:\/\/kentis.com\/fr\/#\/schema\/logo\/image\/\",\"url\":\"https:\/\/kentis.com\/wp-content\/uploads\/2021\/08\/logo-main.png\",\"contentUrl\":\"https:\/\/kentis.com\/wp-content\/uploads\/2021\/08\/logo-main.png\",\"width\":800,\"height\":204,\"caption\":\"Kentis\"},\"image\":{\"@id\":\"https:\/\/kentis.com\/fr\/#\/schema\/logo\/image\/\"},\"sameAs\":[\"https:\/\/www.facebook.com\/kentisgarden\",\"https:\/\/www.instagram.com\/kentisgarden\/\",\"https:\/\/it.pinterest.com\/kentisgarden\",\"https:\/\/www.tiktok.com\/@kentis.com\"]}]}<\/script>\n<!-- \/ Yoast SEO plugin. -->","yoast_head_json":{"title":"C\u00e9dratier Main de Bouddha - Agrumes d'Ext\u00e9rieur | Kentis","description":"Appel\u00e9 Main de Bouddha parce qu'apr\u00e8s la floraison, il produit un fruit en forme de tentacule ressemblant \u00e0 une main.","robots":{"index":"index","follow":"follow","max-snippet":"max-snippet:-1","max-image-preview":"max-image-preview:large","max-video-preview":"max-video-preview:-1"},"canonical":"https:\/\/kentis.com\/fr\/boutique\/cedratier-main-de-bouddha\/","og_locale":"fr_FR","og_type":"article","og_title":"C\u00e9dratier Main de Bouddha - Agrumes d'Ext\u00e9rieur | Kentis","og_description":"Appel\u00e9 Main de Bouddha parce qu'apr\u00e8s la floraison, il produit un fruit en forme de tentacule ressemblant \u00e0 une main.","og_url":"https:\/\/kentis.com\/fr\/boutique\/cedratier-main-de-bouddha\/","og_site_name":"Kentis","article_publisher":"https:\/\/www.facebook.com\/kentisgarden","article_modified_time":"2025-07-29T14:56:33+00:00","og_image":[{"width":2560,"height":2560,"url":"https:\/\/kentis.com\/wp-content\/uploads\/2023\/01\/PTG-Citrus-Mano-di-Buddha-v20-h-70-80-828-23papaya-scaled.jpg","type":"image\/jpeg"}],"twitter_card":"summary_large_image","twitter_misc":{"Dur\u00e9e de lecture estim\u00e9e":"1 minute"},"schema":{"@context":"https:\/\/schema.org","@graph":[{"@type":"WebPage","@id":"https:\/\/kentis.com\/fr\/boutique\/cedratier-main-de-bouddha\/","url":"https:\/\/kentis.com\/fr\/boutique\/cedratier-main-de-bouddha\/","name":"C\u00e9dratier Main de Bouddha - Agrumes d'Ext\u00e9rieur | Kentis","isPartOf":{"@id":"https:\/\/kentis.com\/fr\/#website"},"primaryImageOfPage":{"@id":"https:\/\/kentis.com\/fr\/boutique\/cedratier-main-de-bouddha\/#primaryimage"},"image":{"@id":"https:\/\/kentis.com\/fr\/boutique\/cedratier-main-de-bouddha\/#primaryimage"},"thumbnailUrl":"https:\/\/kentis.com\/wp-content\/uploads\/2023\/01\/PTG-Citrus-Mano-di-Buddha-v20-h-70-80-828-23papaya-scaled.jpg","datePublished":"2023-01-27T13:42:48+00:00","dateModified":"2025-07-29T14:56:33+00:00","description":"Appel\u00e9 Main de Bouddha parce qu'apr\u00e8s la floraison, il produit un fruit en forme de tentacule ressemblant \u00e0 une main.","breadcrumb":{"@id":"https:\/\/kentis.com\/fr\/boutique\/cedratier-main-de-bouddha\/#breadcrumb"},"inLanguage":"fr-FR","potentialAction":[{"@type":"ReadAction","target":["https:\/\/kentis.com\/fr\/boutique\/cedratier-main-de-bouddha\/"]}]},{"@type":"ImageObject","inLanguage":"fr-FR","@id":"https:\/\/kentis.com\/fr\/boutique\/cedratier-main-de-bouddha\/#primaryimage","url":"https:\/\/kentis.com\/wp-content\/uploads\/2023\/01\/PTG-Citrus-Mano-di-Buddha-v20-h-70-80-828-23papaya-scaled.jpg","contentUrl":"https:\/\/kentis.com\/wp-content\/uploads\/2023\/01\/PTG-Citrus-Mano-di-Buddha-v20-h-70-80-828-23papaya-scaled.jpg","width":2560,"height":2560},{"@type":"BreadcrumbList","@id":"https:\/\/kentis.com\/fr\/boutique\/cedratier-main-de-bouddha\/#breadcrumb","itemListElement":[{"@type":"ListItem","position":1,"name":"Home","item":"https:\/\/kentis.com\/fr\/"},{"@type":"ListItem","position":2,"name":"Boutique","item":"https:\/\/kentis.com\/fr\/boutique\/"},{"@type":"ListItem","position":3,"name":"Plantes","item":"https:\/\/kentis.com\/fr\/categorie-produit\/plantes\/"},{"@type":"ListItem","position":4,"name":"Plantes d'ext\u00e9rieur","item":"https:\/\/kentis.com\/fr\/categorie-produit\/plantes\/plantes-d-exterieur\/"},{"@type":"ListItem","position":5,"name":"Plantes fruiti\u00e8res","item":"https:\/\/kentis.com\/fr\/categorie-produit\/plantes\/plantes-d-exterieur\/plantes-fruitieres\/"},{"@type":"ListItem","position":6,"name":"C\u00e9dratier Main de Bouddha"}]},{"@type":"WebSite","@id":"https:\/\/kentis.com\/fr\/#website","url":"https:\/\/kentis.com\/fr\/","name":"Kentis","description":"Atelier del verde","publisher":{"@id":"https:\/\/kentis.com\/fr\/#organization"},"potentialAction":[{"@type":"SearchAction","target":{"@type":"EntryPoint","urlTemplate":"https:\/\/kentis.com\/fr\/?s={search_term_string}"},"query-input":{"@type":"PropertyValueSpecification","valueRequired":true,"valueName":"search_term_string"}}],"inLanguage":"fr-FR"},{"@type":"Organization","@id":"https:\/\/kentis.com\/fr\/#organization","name":"Kentis","url":"https:\/\/kentis.com\/fr\/","logo":{"@type":"ImageObject","inLanguage":"fr-FR","@id":"https:\/\/kentis.com\/fr\/#\/schema\/logo\/image\/","url":"https:\/\/kentis.com\/wp-content\/uploads\/2021\/08\/logo-main.png","contentUrl":"https:\/\/kentis.com\/wp-content\/uploads\/2021\/08\/logo-main.png","width":800,"height":204,"caption":"Kentis"},"image":{"@id":"https:\/\/kentis.com\/fr\/#\/schema\/logo\/image\/"},"sameAs":["https:\/\/www.facebook.com\/kentisgarden","https:\/\/www.instagram.com\/kentisgarden\/","https:\/\/it.pinterest.com\/kentisgarden","https:\/\/www.tiktok.com\/@kentis.com"]}]}},"_links":{"self":[{"href":"https:\/\/kentis.com\/fr\/wp-json\/wp\/v2\/product\/24009","targetHints":{"allow":["GET"]}}],"collection":[{"href":"https:\/\/kentis.com\/fr\/wp-json\/wp\/v2\/product"}],"about":[{"href":"https:\/\/kentis.com\/fr\/wp-json\/wp\/v2\/types\/product"}],"wp:featuredmedia":[{"embeddable":true,"href":"https:\/\/kentis.com\/fr\/wp-json\/wp\/v2\/media\/12419"}],"wp:attachment":[{"href":"https:\/\/kentis.com\/fr\/wp-json\/wp\/v2\/media?parent=24009"}],"wp:term":[{"taxonomy":"product_cat","embeddable":true,"href":"https:\/\/kentis.com\/fr\/wp-json\/wp\/v2\/product_cat?post=24009"},{"taxonomy":"product_tag","embeddable":true,"href":"https:\/\/kentis.com\/fr\/wp-json\/wp\/v2\/product_tag?post=24009"}],"curies":[{"name":"wp","href":"https:\/\/api.w.org\/{rel}","templated":true}]}}