{"id":23909,"date":"2023-03-20T17:29:25","date_gmt":"2023-03-20T16:29:25","guid":{"rendered":"https:\/\/kentis.com\/negozio\/osmanthus-aquifolium\/"},"modified":"2024-12-11T14:09:19","modified_gmt":"2024-12-11T13:09:19","slug":"osmanthus-aquifolium-osmanto","status":"publish","type":"product","link":"https:\/\/kentis.com\/fr\/boutique\/osmanthus-aquifolium-osmanto\/","title":{"rendered":"Osmanthus Aquifolium (Osmanto)"},"content":{"rendered":"<div class=\"fusion-fullwidth fullwidth-box fusion-builder-row-1 fusion-flex-container nonhundred-percent-fullwidth non-hundred-percent-height-scrolling\" style=\"--awb-border-radius-top-left:0px;--awb-border-radius-top-right:0px;--awb-border-radius-bottom-right:0px;--awb-border-radius-bottom-left:0px;--awb-flex-wrap:wrap;\" ><div class=\"fusion-builder-row fusion-row fusion-flex-align-items-flex-start fusion-flex-content-wrap\" style=\"max-width:1248px;margin-left: calc(-4% \/ 2 );margin-right: calc(-4% \/ 2 );\"><div class=\"fusion-layout-column fusion_builder_column fusion-builder-column-0 fusion_builder_column_1_1 1_1 fusion-flex-column\" style=\"--awb-bg-size:cover;--awb-width-large:100%;--awb-margin-top-large:0px;--awb-spacing-right-large:1.92%;--awb-margin-bottom-large:0px;--awb-spacing-left-large:1.92%;--awb-width-medium:100%;--awb-spacing-right-medium:1.92%;--awb-spacing-left-medium:1.92%;--awb-width-small:100%;--awb-spacing-right-small:1.92%;--awb-spacing-left-small:1.92%;\"><div class=\"fusion-column-wrapper fusion-flex-justify-content-flex-start fusion-content-layout-column\"><div class=\"fusion-text fusion-text-1\"><p>L&#8217;Osmanto est un arbuste qui pousse spontan\u00e9ment en Asie et a \u00e9t\u00e9 import\u00e9 en Europe \u00e0 la fin du XVIIIe si\u00e8cle. Il est parfait pour cr\u00e9er des haies car il ne n\u00e9cessite pas de soins particuliers et compte parmi les arbustes les plus suggestifs et parfum\u00e9s.<\/p>\n<\/div><\/div><\/div><\/div><\/div>\n","protected":false},"excerpt":{"rendered":"","protected":false},"featured_media":12249,"template":"","meta":{"_acf_changed":false},"product_cat":[576,523],"product_tag":[],"class_list":{"0":"post-23909","1":"product","2":"type-product","3":"status-publish","4":"has-post-thumbnail","6":"product_cat-arbustes","7":"product_cat-plantes-de-haie","8":"product_shipping_class-evergreen-fr","10":"first","11":"instock","12":"taxable","13":"shipping-taxable","14":"purchasable","15":"product-type-simple"},"acf":[],"yoast_head":"<!-- This site is optimized with the Yoast SEO plugin v23.4 - https:\/\/yoast.com\/wordpress\/plugins\/seo\/ -->\n<title>Osmanthus Aquifolium - Plante Vera de Osmanto | Kentis<\/title>\n<meta name=\"description\" content=\"L&#039;Osmanthus est un arbuste parfait pour la cr\u00e9ation de haies car il ne n\u00e9cessite pas de soins particuliers et fait partie des arbustes les plus parfum\u00e9s.\" \/>\n<meta name=\"robots\" content=\"index, follow, max-snippet:-1, max-image-preview:large, max-video-preview:-1\" \/>\n<link rel=\"canonical\" href=\"https:\/\/kentis.com\/fr\/boutique\/osmanthus-aquifolium-osmanto\/\" \/>\n<meta property=\"og:locale\" content=\"fr_FR\" \/>\n<meta property=\"og:type\" content=\"article\" \/>\n<meta property=\"og:title\" content=\"Osmanthus Aquifolium - Plante Vera de Osmanto | Kentis\" \/>\n<meta property=\"og:description\" content=\"L&#039;Osmanthus est un arbuste parfait pour la cr\u00e9ation de haies car il ne n\u00e9cessite pas de soins particuliers et fait partie des arbustes les plus parfum\u00e9s.\" \/>\n<meta property=\"og:url\" content=\"https:\/\/kentis.com\/fr\/boutique\/osmanthus-aquifolium-osmanto\/\" \/>\n<meta property=\"og:site_name\" content=\"Kentis\" \/>\n<meta property=\"article:publisher\" content=\"https:\/\/www.facebook.com\/kentisgarden\" \/>\n<meta property=\"article:modified_time\" content=\"2024-12-11T13:09:19+00:00\" \/>\n<meta property=\"og:image\" content=\"https:\/\/kentis.com\/wp-content\/uploads\/2023\/03\/Osmanthus-Aquifolium-vaso-24-10-scaled.jpg\" \/>\n\t<meta property=\"og:image:width\" content=\"2560\" \/>\n\t<meta property=\"og:image:height\" content=\"2560\" \/>\n\t<meta property=\"og:image:type\" content=\"image\/jpeg\" \/>\n<meta name=\"twitter:card\" content=\"summary_large_image\" \/>\n<meta name=\"twitter:label1\" content=\"Dur\u00e9e de lecture estim\u00e9e\" \/>\n\t<meta name=\"twitter:data1\" content=\"1 minute\" \/>\n<script type=\"application\/ld+json\" class=\"yoast-schema-graph\">{\"@context\":\"https:\/\/schema.org\",\"@graph\":[{\"@type\":\"WebPage\",\"@id\":\"https:\/\/kentis.com\/fr\/boutique\/osmanthus-aquifolium-osmanto\/\",\"url\":\"https:\/\/kentis.com\/fr\/boutique\/osmanthus-aquifolium-osmanto\/\",\"name\":\"Osmanthus Aquifolium - Plante Vera de Osmanto | Kentis\",\"isPartOf\":{\"@id\":\"https:\/\/kentis.com\/fr\/#website\"},\"primaryImageOfPage\":{\"@id\":\"https:\/\/kentis.com\/fr\/boutique\/osmanthus-aquifolium-osmanto\/#primaryimage\"},\"image\":{\"@id\":\"https:\/\/kentis.com\/fr\/boutique\/osmanthus-aquifolium-osmanto\/#primaryimage\"},\"thumbnailUrl\":\"https:\/\/kentis.com\/wp-content\/uploads\/2023\/03\/Osmanthus-Aquifolium-vaso-24-10-scaled.jpg\",\"datePublished\":\"2023-03-20T16:29:25+00:00\",\"dateModified\":\"2024-12-11T13:09:19+00:00\",\"description\":\"L'Osmanthus est un arbuste parfait pour la cr\u00e9ation de haies car il ne n\u00e9cessite pas de soins particuliers et fait partie des arbustes les plus parfum\u00e9s.\",\"breadcrumb\":{\"@id\":\"https:\/\/kentis.com\/fr\/boutique\/osmanthus-aquifolium-osmanto\/#breadcrumb\"},\"inLanguage\":\"fr-FR\",\"potentialAction\":[{\"@type\":\"ReadAction\",\"target\":[\"https:\/\/kentis.com\/fr\/boutique\/osmanthus-aquifolium-osmanto\/\"]}]},{\"@type\":\"ImageObject\",\"inLanguage\":\"fr-FR\",\"@id\":\"https:\/\/kentis.com\/fr\/boutique\/osmanthus-aquifolium-osmanto\/#primaryimage\",\"url\":\"https:\/\/kentis.com\/wp-content\/uploads\/2023\/03\/Osmanthus-Aquifolium-vaso-24-10-scaled.jpg\",\"contentUrl\":\"https:\/\/kentis.com\/wp-content\/uploads\/2023\/03\/Osmanthus-Aquifolium-vaso-24-10-scaled.jpg\",\"width\":2560,\"height\":2560},{\"@type\":\"BreadcrumbList\",\"@id\":\"https:\/\/kentis.com\/fr\/boutique\/osmanthus-aquifolium-osmanto\/#breadcrumb\",\"itemListElement\":[{\"@type\":\"ListItem\",\"position\":1,\"name\":\"Home\",\"item\":\"https:\/\/kentis.com\/fr\/\"},{\"@type\":\"ListItem\",\"position\":2,\"name\":\"Boutique\",\"item\":\"https:\/\/kentis.com\/fr\/boutique\/\"},{\"@type\":\"ListItem\",\"position\":3,\"name\":\"Plantes\",\"item\":\"https:\/\/kentis.com\/fr\/categorie-produit\/plantes\/\"},{\"@type\":\"ListItem\",\"position\":4,\"name\":\"Plantes d'ext\u00e9rieur\",\"item\":\"https:\/\/kentis.com\/fr\/categorie-produit\/plantes\/plantes-d-exterieur\/\"},{\"@type\":\"ListItem\",\"position\":5,\"name\":\"Arbustes\",\"item\":\"https:\/\/kentis.com\/fr\/categorie-produit\/plantes\/plantes-d-exterieur\/arbustes\/\"},{\"@type\":\"ListItem\",\"position\":6,\"name\":\"Osmanthus Aquifolium (Osmanto)\"}]},{\"@type\":\"WebSite\",\"@id\":\"https:\/\/kentis.com\/fr\/#website\",\"url\":\"https:\/\/kentis.com\/fr\/\",\"name\":\"Kentis\",\"description\":\"Atelier del verde\",\"publisher\":{\"@id\":\"https:\/\/kentis.com\/fr\/#organization\"},\"potentialAction\":[{\"@type\":\"SearchAction\",\"target\":{\"@type\":\"EntryPoint\",\"urlTemplate\":\"https:\/\/kentis.com\/fr\/?s={search_term_string}\"},\"query-input\":{\"@type\":\"PropertyValueSpecification\",\"valueRequired\":true,\"valueName\":\"search_term_string\"}}],\"inLanguage\":\"fr-FR\"},{\"@type\":\"Organization\",\"@id\":\"https:\/\/kentis.com\/fr\/#organization\",\"name\":\"Kentis\",\"url\":\"https:\/\/kentis.com\/fr\/\",\"logo\":{\"@type\":\"ImageObject\",\"inLanguage\":\"fr-FR\",\"@id\":\"https:\/\/kentis.com\/fr\/#\/schema\/logo\/image\/\",\"url\":\"https:\/\/kentis.com\/wp-content\/uploads\/2021\/08\/logo-main.png\",\"contentUrl\":\"https:\/\/kentis.com\/wp-content\/uploads\/2021\/08\/logo-main.png\",\"width\":800,\"height\":204,\"caption\":\"Kentis\"},\"image\":{\"@id\":\"https:\/\/kentis.com\/fr\/#\/schema\/logo\/image\/\"},\"sameAs\":[\"https:\/\/www.facebook.com\/kentisgarden\",\"https:\/\/www.instagram.com\/kentisgarden\/\",\"https:\/\/it.pinterest.com\/kentisgarden\",\"https:\/\/www.tiktok.com\/@kentis.com\"]}]}<\/script>\n<!-- \/ Yoast SEO plugin. -->","yoast_head_json":{"title":"Osmanthus Aquifolium - Plante Vera de Osmanto | Kentis","description":"L'Osmanthus est un arbuste parfait pour la cr\u00e9ation de haies car il ne n\u00e9cessite pas de soins particuliers et fait partie des arbustes les plus parfum\u00e9s.","robots":{"index":"index","follow":"follow","max-snippet":"max-snippet:-1","max-image-preview":"max-image-preview:large","max-video-preview":"max-video-preview:-1"},"canonical":"https:\/\/kentis.com\/fr\/boutique\/osmanthus-aquifolium-osmanto\/","og_locale":"fr_FR","og_type":"article","og_title":"Osmanthus Aquifolium - Plante Vera de Osmanto | Kentis","og_description":"L'Osmanthus est un arbuste parfait pour la cr\u00e9ation de haies car il ne n\u00e9cessite pas de soins particuliers et fait partie des arbustes les plus parfum\u00e9s.","og_url":"https:\/\/kentis.com\/fr\/boutique\/osmanthus-aquifolium-osmanto\/","og_site_name":"Kentis","article_publisher":"https:\/\/www.facebook.com\/kentisgarden","article_modified_time":"2024-12-11T13:09:19+00:00","og_image":[{"width":2560,"height":2560,"url":"https:\/\/kentis.com\/wp-content\/uploads\/2023\/03\/Osmanthus-Aquifolium-vaso-24-10-scaled.jpg","type":"image\/jpeg"}],"twitter_card":"summary_large_image","twitter_misc":{"Dur\u00e9e de lecture estim\u00e9e":"1 minute"},"schema":{"@context":"https:\/\/schema.org","@graph":[{"@type":"WebPage","@id":"https:\/\/kentis.com\/fr\/boutique\/osmanthus-aquifolium-osmanto\/","url":"https:\/\/kentis.com\/fr\/boutique\/osmanthus-aquifolium-osmanto\/","name":"Osmanthus Aquifolium - Plante Vera de Osmanto | Kentis","isPartOf":{"@id":"https:\/\/kentis.com\/fr\/#website"},"primaryImageOfPage":{"@id":"https:\/\/kentis.com\/fr\/boutique\/osmanthus-aquifolium-osmanto\/#primaryimage"},"image":{"@id":"https:\/\/kentis.com\/fr\/boutique\/osmanthus-aquifolium-osmanto\/#primaryimage"},"thumbnailUrl":"https:\/\/kentis.com\/wp-content\/uploads\/2023\/03\/Osmanthus-Aquifolium-vaso-24-10-scaled.jpg","datePublished":"2023-03-20T16:29:25+00:00","dateModified":"2024-12-11T13:09:19+00:00","description":"L'Osmanthus est un arbuste parfait pour la cr\u00e9ation de haies car il ne n\u00e9cessite pas de soins particuliers et fait partie des arbustes les plus parfum\u00e9s.","breadcrumb":{"@id":"https:\/\/kentis.com\/fr\/boutique\/osmanthus-aquifolium-osmanto\/#breadcrumb"},"inLanguage":"fr-FR","potentialAction":[{"@type":"ReadAction","target":["https:\/\/kentis.com\/fr\/boutique\/osmanthus-aquifolium-osmanto\/"]}]},{"@type":"ImageObject","inLanguage":"fr-FR","@id":"https:\/\/kentis.com\/fr\/boutique\/osmanthus-aquifolium-osmanto\/#primaryimage","url":"https:\/\/kentis.com\/wp-content\/uploads\/2023\/03\/Osmanthus-Aquifolium-vaso-24-10-scaled.jpg","contentUrl":"https:\/\/kentis.com\/wp-content\/uploads\/2023\/03\/Osmanthus-Aquifolium-vaso-24-10-scaled.jpg","width":2560,"height":2560},{"@type":"BreadcrumbList","@id":"https:\/\/kentis.com\/fr\/boutique\/osmanthus-aquifolium-osmanto\/#breadcrumb","itemListElement":[{"@type":"ListItem","position":1,"name":"Home","item":"https:\/\/kentis.com\/fr\/"},{"@type":"ListItem","position":2,"name":"Boutique","item":"https:\/\/kentis.com\/fr\/boutique\/"},{"@type":"ListItem","position":3,"name":"Plantes","item":"https:\/\/kentis.com\/fr\/categorie-produit\/plantes\/"},{"@type":"ListItem","position":4,"name":"Plantes d'ext\u00e9rieur","item":"https:\/\/kentis.com\/fr\/categorie-produit\/plantes\/plantes-d-exterieur\/"},{"@type":"ListItem","position":5,"name":"Arbustes","item":"https:\/\/kentis.com\/fr\/categorie-produit\/plantes\/plantes-d-exterieur\/arbustes\/"},{"@type":"ListItem","position":6,"name":"Osmanthus Aquifolium (Osmanto)"}]},{"@type":"WebSite","@id":"https:\/\/kentis.com\/fr\/#website","url":"https:\/\/kentis.com\/fr\/","name":"Kentis","description":"Atelier del verde","publisher":{"@id":"https:\/\/kentis.com\/fr\/#organization"},"potentialAction":[{"@type":"SearchAction","target":{"@type":"EntryPoint","urlTemplate":"https:\/\/kentis.com\/fr\/?s={search_term_string}"},"query-input":{"@type":"PropertyValueSpecification","valueRequired":true,"valueName":"search_term_string"}}],"inLanguage":"fr-FR"},{"@type":"Organization","@id":"https:\/\/kentis.com\/fr\/#organization","name":"Kentis","url":"https:\/\/kentis.com\/fr\/","logo":{"@type":"ImageObject","inLanguage":"fr-FR","@id":"https:\/\/kentis.com\/fr\/#\/schema\/logo\/image\/","url":"https:\/\/kentis.com\/wp-content\/uploads\/2021\/08\/logo-main.png","contentUrl":"https:\/\/kentis.com\/wp-content\/uploads\/2021\/08\/logo-main.png","width":800,"height":204,"caption":"Kentis"},"image":{"@id":"https:\/\/kentis.com\/fr\/#\/schema\/logo\/image\/"},"sameAs":["https:\/\/www.facebook.com\/kentisgarden","https:\/\/www.instagram.com\/kentisgarden\/","https:\/\/it.pinterest.com\/kentisgarden","https:\/\/www.tiktok.com\/@kentis.com"]}]}},"_links":{"self":[{"href":"https:\/\/kentis.com\/fr\/wp-json\/wp\/v2\/product\/23909","targetHints":{"allow":["GET"]}}],"collection":[{"href":"https:\/\/kentis.com\/fr\/wp-json\/wp\/v2\/product"}],"about":[{"href":"https:\/\/kentis.com\/fr\/wp-json\/wp\/v2\/types\/product"}],"wp:featuredmedia":[{"embeddable":true,"href":"https:\/\/kentis.com\/fr\/wp-json\/wp\/v2\/media\/12249"}],"wp:attachment":[{"href":"https:\/\/kentis.com\/fr\/wp-json\/wp\/v2\/media?parent=23909"}],"wp:term":[{"taxonomy":"product_cat","embeddable":true,"href":"https:\/\/kentis.com\/fr\/wp-json\/wp\/v2\/product_cat?post=23909"},{"taxonomy":"product_tag","embeddable":true,"href":"https:\/\/kentis.com\/fr\/wp-json\/wp\/v2\/product_tag?post=23909"}],"curies":[{"name":"wp","href":"https:\/\/api.w.org\/{rel}","templated":true}]}}