{"id":23816,"date":"2023-09-12T17:53:59","date_gmt":"2023-09-12T15:53:59","guid":{"rendered":"https:\/\/kentis.com\/negozio\/scindapsus-aureus\/"},"modified":"2024-12-11T16:45:47","modified_gmt":"2024-12-11T15:45:47","slug":"scindapsus-aureus","status":"publish","type":"product","link":"https:\/\/kentis.com\/fr\/boutique\/scindapsus-aureus\/","title":{"rendered":"Scindapsus Aureus"},"content":{"rendered":"<div class=\"fusion-fullwidth fullwidth-box fusion-builder-row-1 fusion-flex-container nonhundred-percent-fullwidth non-hundred-percent-height-scrolling\" style=\"--awb-border-radius-top-left:0px;--awb-border-radius-top-right:0px;--awb-border-radius-bottom-right:0px;--awb-border-radius-bottom-left:0px;--awb-flex-wrap:wrap;\" ><div class=\"fusion-builder-row fusion-row fusion-flex-align-items-flex-start fusion-flex-content-wrap\" style=\"max-width:1248px;margin-left: calc(-4% \/ 2 );margin-right: calc(-4% \/ 2 );\"><div class=\"fusion-layout-column fusion_builder_column fusion-builder-column-0 fusion_builder_column_1_1 1_1 fusion-flex-column\" style=\"--awb-bg-size:cover;--awb-width-large:100%;--awb-margin-top-large:0px;--awb-spacing-right-large:1.92%;--awb-margin-bottom-large:0px;--awb-spacing-left-large:1.92%;--awb-width-medium:100%;--awb-spacing-right-medium:1.92%;--awb-spacing-left-medium:1.92%;--awb-width-small:100%;--awb-spacing-right-small:1.92%;--awb-spacing-left-small:1.92%;\"><div class=\"fusion-column-wrapper fusion-flex-justify-content-flex-start fusion-content-layout-column\"><div class=\"fusion-text fusion-text-1\"><p>Originaire d&#8217;Indon\u00e9sie, cette plante est l&#8217;une des plus populaires pour sa rusticit\u00e9 et sa facilit\u00e9 d&#8217;entretien. Avec ses belles feuilles en forme de c\u0153ur et sa panachure dor\u00e9e, elle est parfaite comme plante d&#8217;int\u00e9rieur et s&#8217;adapte bien aux conditions de faible luminosit\u00e9.<\/p>\n<p>C&#8217;est une plante grimpante.<\/p>\n<\/div><\/div><\/div><\/div><\/div>\n","protected":false},"excerpt":{"rendered":"","protected":false},"featured_media":11997,"template":"","meta":{"_acf_changed":false},"product_cat":[448,494,483,572],"product_tag":[],"class_list":{"0":"post-23816","1":"product","2":"type-product","3":"status-publish","4":"has-post-thumbnail","6":"product_cat-plantes-d-interieur","7":"product_cat-plantes-pour-faible-luminosite","8":"product_cat-purifie-air","9":"product_cat-saint-valentin","10":"product_shipping_class-flora-fr","11":"pa_ambienti-bain","12":"pa_ambienti-bureau-travail-intelligent","13":"pa_ambienti-chambre-a-coucher","15":"first","16":"instock","17":"taxable","18":"shipping-taxable","19":"purchasable","20":"product-type-simple"},"acf":[],"yoast_head":"<!-- This site is optimized with the Yoast SEO plugin v23.4 - https:\/\/yoast.com\/wordpress\/plugins\/seo\/ -->\n<title>Scindapsus Aureus - Plantes plates | Kentis<\/title>\n<meta name=\"description\" content=\"Scindapsus Aureus, avec ses feuilles en forme de c\u0153ur et sa panachure dor\u00e9e, est parfait comme plante d&#039;int\u00e9rieur.\" \/>\n<meta name=\"robots\" content=\"index, follow, max-snippet:-1, max-image-preview:large, max-video-preview:-1\" \/>\n<link rel=\"canonical\" href=\"https:\/\/kentis.com\/fr\/boutique\/scindapsus-aureus\/\" \/>\n<meta property=\"og:locale\" content=\"fr_FR\" \/>\n<meta property=\"og:type\" content=\"article\" \/>\n<meta property=\"og:title\" content=\"Scindapsus Aureus - Plantes plates | Kentis\" \/>\n<meta property=\"og:description\" content=\"Scindapsus Aureus, avec ses feuilles en forme de c\u0153ur et sa panachure dor\u00e9e, est parfait comme plante d&#039;int\u00e9rieur.\" \/>\n<meta property=\"og:url\" content=\"https:\/\/kentis.com\/fr\/boutique\/scindapsus-aureus\/\" \/>\n<meta property=\"og:site_name\" content=\"Kentis\" \/>\n<meta property=\"article:publisher\" content=\"https:\/\/www.facebook.com\/kentisgarden\" \/>\n<meta property=\"article:modified_time\" content=\"2024-12-11T15:45:47+00:00\" \/>\n<meta property=\"og:image\" content=\"https:\/\/kentis.com\/wp-content\/uploads\/2023\/09\/PTG-Scindapsus-bk18-h-ricandente-frontale2-scaled.jpg\" \/>\n\t<meta property=\"og:image:width\" content=\"2560\" \/>\n\t<meta property=\"og:image:height\" content=\"2560\" \/>\n\t<meta property=\"og:image:type\" content=\"image\/jpeg\" \/>\n<meta name=\"twitter:card\" content=\"summary_large_image\" \/>\n<meta name=\"twitter:label1\" content=\"Dur\u00e9e de lecture estim\u00e9e\" \/>\n\t<meta name=\"twitter:data1\" content=\"1 minute\" \/>\n<script type=\"application\/ld+json\" class=\"yoast-schema-graph\">{\"@context\":\"https:\/\/schema.org\",\"@graph\":[{\"@type\":\"WebPage\",\"@id\":\"https:\/\/kentis.com\/fr\/boutique\/scindapsus-aureus\/\",\"url\":\"https:\/\/kentis.com\/fr\/boutique\/scindapsus-aureus\/\",\"name\":\"Scindapsus Aureus - Plantes plates | Kentis\",\"isPartOf\":{\"@id\":\"https:\/\/kentis.com\/fr\/#website\"},\"primaryImageOfPage\":{\"@id\":\"https:\/\/kentis.com\/fr\/boutique\/scindapsus-aureus\/#primaryimage\"},\"image\":{\"@id\":\"https:\/\/kentis.com\/fr\/boutique\/scindapsus-aureus\/#primaryimage\"},\"thumbnailUrl\":\"https:\/\/kentis.com\/wp-content\/uploads\/2023\/09\/PTG-Scindapsus-bk18-h-ricandente-frontale2-scaled.jpg\",\"datePublished\":\"2023-09-12T15:53:59+00:00\",\"dateModified\":\"2024-12-11T15:45:47+00:00\",\"description\":\"Scindapsus Aureus, avec ses feuilles en forme de c\u0153ur et sa panachure dor\u00e9e, est parfait comme plante d'int\u00e9rieur.\",\"breadcrumb\":{\"@id\":\"https:\/\/kentis.com\/fr\/boutique\/scindapsus-aureus\/#breadcrumb\"},\"inLanguage\":\"fr-FR\",\"potentialAction\":[{\"@type\":\"ReadAction\",\"target\":[\"https:\/\/kentis.com\/fr\/boutique\/scindapsus-aureus\/\"]}]},{\"@type\":\"ImageObject\",\"inLanguage\":\"fr-FR\",\"@id\":\"https:\/\/kentis.com\/fr\/boutique\/scindapsus-aureus\/#primaryimage\",\"url\":\"https:\/\/kentis.com\/wp-content\/uploads\/2023\/09\/PTG-Scindapsus-bk18-h-ricandente-frontale2-scaled.jpg\",\"contentUrl\":\"https:\/\/kentis.com\/wp-content\/uploads\/2023\/09\/PTG-Scindapsus-bk18-h-ricandente-frontale2-scaled.jpg\",\"width\":2560,\"height\":2560},{\"@type\":\"BreadcrumbList\",\"@id\":\"https:\/\/kentis.com\/fr\/boutique\/scindapsus-aureus\/#breadcrumb\",\"itemListElement\":[{\"@type\":\"ListItem\",\"position\":1,\"name\":\"Home\",\"item\":\"https:\/\/kentis.com\/fr\/\"},{\"@type\":\"ListItem\",\"position\":2,\"name\":\"Boutique\",\"item\":\"https:\/\/kentis.com\/fr\/boutique\/\"},{\"@type\":\"ListItem\",\"position\":3,\"name\":\"Plantes\",\"item\":\"https:\/\/kentis.com\/fr\/categorie-produit\/plantes\/\"},{\"@type\":\"ListItem\",\"position\":4,\"name\":\"Plantes d'int\u00e9rieur\",\"item\":\"https:\/\/kentis.com\/fr\/categorie-produit\/plantes\/plantes-d-interieur\/\"},{\"@type\":\"ListItem\",\"position\":5,\"name\":\"Purifie l'air\",\"item\":\"https:\/\/kentis.com\/fr\/categorie-produit\/plantes\/plantes-d-interieur\/purifie-air\/\"},{\"@type\":\"ListItem\",\"position\":6,\"name\":\"Scindapsus Aureus\"}]},{\"@type\":\"WebSite\",\"@id\":\"https:\/\/kentis.com\/fr\/#website\",\"url\":\"https:\/\/kentis.com\/fr\/\",\"name\":\"Kentis\",\"description\":\"Atelier del verde\",\"publisher\":{\"@id\":\"https:\/\/kentis.com\/fr\/#organization\"},\"potentialAction\":[{\"@type\":\"SearchAction\",\"target\":{\"@type\":\"EntryPoint\",\"urlTemplate\":\"https:\/\/kentis.com\/fr\/?s={search_term_string}\"},\"query-input\":{\"@type\":\"PropertyValueSpecification\",\"valueRequired\":true,\"valueName\":\"search_term_string\"}}],\"inLanguage\":\"fr-FR\"},{\"@type\":\"Organization\",\"@id\":\"https:\/\/kentis.com\/fr\/#organization\",\"name\":\"Kentis\",\"url\":\"https:\/\/kentis.com\/fr\/\",\"logo\":{\"@type\":\"ImageObject\",\"inLanguage\":\"fr-FR\",\"@id\":\"https:\/\/kentis.com\/fr\/#\/schema\/logo\/image\/\",\"url\":\"https:\/\/kentis.com\/wp-content\/uploads\/2021\/08\/logo-main.png\",\"contentUrl\":\"https:\/\/kentis.com\/wp-content\/uploads\/2021\/08\/logo-main.png\",\"width\":800,\"height\":204,\"caption\":\"Kentis\"},\"image\":{\"@id\":\"https:\/\/kentis.com\/fr\/#\/schema\/logo\/image\/\"},\"sameAs\":[\"https:\/\/www.facebook.com\/kentisgarden\",\"https:\/\/www.instagram.com\/kentisgarden\/\",\"https:\/\/it.pinterest.com\/kentisgarden\",\"https:\/\/www.tiktok.com\/@kentis.com\"]}]}<\/script>\n<!-- \/ Yoast SEO plugin. -->","yoast_head_json":{"title":"Scindapsus Aureus - Plantes plates | Kentis","description":"Scindapsus Aureus, avec ses feuilles en forme de c\u0153ur et sa panachure dor\u00e9e, est parfait comme plante d'int\u00e9rieur.","robots":{"index":"index","follow":"follow","max-snippet":"max-snippet:-1","max-image-preview":"max-image-preview:large","max-video-preview":"max-video-preview:-1"},"canonical":"https:\/\/kentis.com\/fr\/boutique\/scindapsus-aureus\/","og_locale":"fr_FR","og_type":"article","og_title":"Scindapsus Aureus - Plantes plates | Kentis","og_description":"Scindapsus Aureus, avec ses feuilles en forme de c\u0153ur et sa panachure dor\u00e9e, est parfait comme plante d'int\u00e9rieur.","og_url":"https:\/\/kentis.com\/fr\/boutique\/scindapsus-aureus\/","og_site_name":"Kentis","article_publisher":"https:\/\/www.facebook.com\/kentisgarden","article_modified_time":"2024-12-11T15:45:47+00:00","og_image":[{"width":2560,"height":2560,"url":"https:\/\/kentis.com\/wp-content\/uploads\/2023\/09\/PTG-Scindapsus-bk18-h-ricandente-frontale2-scaled.jpg","type":"image\/jpeg"}],"twitter_card":"summary_large_image","twitter_misc":{"Dur\u00e9e de lecture estim\u00e9e":"1 minute"},"schema":{"@context":"https:\/\/schema.org","@graph":[{"@type":"WebPage","@id":"https:\/\/kentis.com\/fr\/boutique\/scindapsus-aureus\/","url":"https:\/\/kentis.com\/fr\/boutique\/scindapsus-aureus\/","name":"Scindapsus Aureus - Plantes plates | Kentis","isPartOf":{"@id":"https:\/\/kentis.com\/fr\/#website"},"primaryImageOfPage":{"@id":"https:\/\/kentis.com\/fr\/boutique\/scindapsus-aureus\/#primaryimage"},"image":{"@id":"https:\/\/kentis.com\/fr\/boutique\/scindapsus-aureus\/#primaryimage"},"thumbnailUrl":"https:\/\/kentis.com\/wp-content\/uploads\/2023\/09\/PTG-Scindapsus-bk18-h-ricandente-frontale2-scaled.jpg","datePublished":"2023-09-12T15:53:59+00:00","dateModified":"2024-12-11T15:45:47+00:00","description":"Scindapsus Aureus, avec ses feuilles en forme de c\u0153ur et sa panachure dor\u00e9e, est parfait comme plante d'int\u00e9rieur.","breadcrumb":{"@id":"https:\/\/kentis.com\/fr\/boutique\/scindapsus-aureus\/#breadcrumb"},"inLanguage":"fr-FR","potentialAction":[{"@type":"ReadAction","target":["https:\/\/kentis.com\/fr\/boutique\/scindapsus-aureus\/"]}]},{"@type":"ImageObject","inLanguage":"fr-FR","@id":"https:\/\/kentis.com\/fr\/boutique\/scindapsus-aureus\/#primaryimage","url":"https:\/\/kentis.com\/wp-content\/uploads\/2023\/09\/PTG-Scindapsus-bk18-h-ricandente-frontale2-scaled.jpg","contentUrl":"https:\/\/kentis.com\/wp-content\/uploads\/2023\/09\/PTG-Scindapsus-bk18-h-ricandente-frontale2-scaled.jpg","width":2560,"height":2560},{"@type":"BreadcrumbList","@id":"https:\/\/kentis.com\/fr\/boutique\/scindapsus-aureus\/#breadcrumb","itemListElement":[{"@type":"ListItem","position":1,"name":"Home","item":"https:\/\/kentis.com\/fr\/"},{"@type":"ListItem","position":2,"name":"Boutique","item":"https:\/\/kentis.com\/fr\/boutique\/"},{"@type":"ListItem","position":3,"name":"Plantes","item":"https:\/\/kentis.com\/fr\/categorie-produit\/plantes\/"},{"@type":"ListItem","position":4,"name":"Plantes d'int\u00e9rieur","item":"https:\/\/kentis.com\/fr\/categorie-produit\/plantes\/plantes-d-interieur\/"},{"@type":"ListItem","position":5,"name":"Purifie l'air","item":"https:\/\/kentis.com\/fr\/categorie-produit\/plantes\/plantes-d-interieur\/purifie-air\/"},{"@type":"ListItem","position":6,"name":"Scindapsus Aureus"}]},{"@type":"WebSite","@id":"https:\/\/kentis.com\/fr\/#website","url":"https:\/\/kentis.com\/fr\/","name":"Kentis","description":"Atelier del verde","publisher":{"@id":"https:\/\/kentis.com\/fr\/#organization"},"potentialAction":[{"@type":"SearchAction","target":{"@type":"EntryPoint","urlTemplate":"https:\/\/kentis.com\/fr\/?s={search_term_string}"},"query-input":{"@type":"PropertyValueSpecification","valueRequired":true,"valueName":"search_term_string"}}],"inLanguage":"fr-FR"},{"@type":"Organization","@id":"https:\/\/kentis.com\/fr\/#organization","name":"Kentis","url":"https:\/\/kentis.com\/fr\/","logo":{"@type":"ImageObject","inLanguage":"fr-FR","@id":"https:\/\/kentis.com\/fr\/#\/schema\/logo\/image\/","url":"https:\/\/kentis.com\/wp-content\/uploads\/2021\/08\/logo-main.png","contentUrl":"https:\/\/kentis.com\/wp-content\/uploads\/2021\/08\/logo-main.png","width":800,"height":204,"caption":"Kentis"},"image":{"@id":"https:\/\/kentis.com\/fr\/#\/schema\/logo\/image\/"},"sameAs":["https:\/\/www.facebook.com\/kentisgarden","https:\/\/www.instagram.com\/kentisgarden\/","https:\/\/it.pinterest.com\/kentisgarden","https:\/\/www.tiktok.com\/@kentis.com"]}]}},"_links":{"self":[{"href":"https:\/\/kentis.com\/fr\/wp-json\/wp\/v2\/product\/23816","targetHints":{"allow":["GET"]}}],"collection":[{"href":"https:\/\/kentis.com\/fr\/wp-json\/wp\/v2\/product"}],"about":[{"href":"https:\/\/kentis.com\/fr\/wp-json\/wp\/v2\/types\/product"}],"wp:featuredmedia":[{"embeddable":true,"href":"https:\/\/kentis.com\/fr\/wp-json\/wp\/v2\/media\/11997"}],"wp:attachment":[{"href":"https:\/\/kentis.com\/fr\/wp-json\/wp\/v2\/media?parent=23816"}],"wp:term":[{"taxonomy":"product_cat","embeddable":true,"href":"https:\/\/kentis.com\/fr\/wp-json\/wp\/v2\/product_cat?post=23816"},{"taxonomy":"product_tag","embeddable":true,"href":"https:\/\/kentis.com\/fr\/wp-json\/wp\/v2\/product_tag?post=23816"}],"curies":[{"name":"wp","href":"https:\/\/api.w.org\/{rel}","templated":true}]}}