{"id":17516,"date":"2021-08-04T15:29:32","date_gmt":"2021-08-04T13:29:32","guid":{"rendered":"https:\/\/kentis.com\/negozio\/howea-forsteriana-kentia\/"},"modified":"2024-11-20T12:24:05","modified_gmt":"2024-11-20T11:24:05","slug":"howea-forsteriana-kentia","status":"publish","type":"product","link":"https:\/\/kentis.com\/fr\/boutique\/howea-forsteriana-kentia\/","title":{"rendered":"Howea Forsteriana Kentia"},"content":{"rendered":"<div class=\"fusion-fullwidth fullwidth-box fusion-builder-row-1 fusion-flex-container nonhundred-percent-fullwidth non-hundred-percent-height-scrolling\" style=\"--awb-border-radius-top-left:0px;--awb-border-radius-top-right:0px;--awb-border-radius-bottom-right:0px;--awb-border-radius-bottom-left:0px;--awb-flex-wrap:wrap;\" ><div class=\"fusion-builder-row fusion-row fusion-flex-align-items-flex-start fusion-flex-content-wrap\" style=\"max-width:1248px;margin-left: calc(-4% \/ 2 );margin-right: calc(-4% \/ 2 );\"><div class=\"fusion-layout-column fusion_builder_column fusion-builder-column-0 fusion_builder_column_1_1 1_1 fusion-flex-column\" style=\"--awb-bg-size:cover;--awb-width-large:100%;--awb-margin-top-large:0px;--awb-spacing-right-large:1.92%;--awb-margin-bottom-large:0px;--awb-spacing-left-large:1.92%;--awb-width-medium:100%;--awb-spacing-right-medium:1.92%;--awb-spacing-left-medium:1.92%;--awb-width-small:100%;--awb-spacing-right-small:1.92%;--awb-spacing-left-small:1.92%;\"><div class=\"fusion-column-wrapper fusion-flex-justify-content-flex-start fusion-content-layout-column\"><div class=\"fusion-text fusion-text-1\"><p>Le <strong>Howea Forsteriana Kentia<\/strong> ou <strong>Kenzia<\/strong> est l&#8217;une des plantes ornementales d&#8217;int\u00e9rieur les plus populaires. Il est devenu c\u00e9l\u00e8bre pour ses fr\u00e9quentes apparitions dans les films am\u00e9ricains, \u00e0 tel point qu&#8217;il a \u00e9t\u00e9 surnomm\u00e9 le &#8220;<strong>palmier d&#8217;Hollywood&#8221;<\/strong>. Un exemple embl\u00e9matique est le film Titanic, o\u00f9 elle est probablement la plante la plus utilis\u00e9e pour d\u00e9corer le c\u00e9l\u00e8bre navire. <strong>Toujours vert<\/strong> et <strong>facile d&#8217;entretien<\/strong>, le Kentia est \u00e9galement <strong>Pet Friendly<\/strong>, ce qui signifie qu&#8217;il est sans danger pour les animaux de compagnie s&#8217;ils l&#8217;ing\u00e8rent. Outre sa beaut\u00e9, cette plante d&#8217;int\u00e9rieur est b\u00e9n\u00e9fique pour la sant\u00e9, car elle est <strong>l&#8217;une des meilleures pour purifier l&#8217;air<\/strong> et r\u00e9duire la pollution int\u00e9rieure.<\/p>\n<p>La hauteur de la plante \u00e0 partir de la base du pot est de 100 \u00e0 120 cm pour le pot de \u00d8 20 cm et de 170 \u00e0 180 cm pour le pot de \u00d8 24 cm.<\/p>\n<\/div><\/div><\/div><\/div><\/div>\n","protected":false},"excerpt":{"rendered":"","protected":false},"featured_media":14342,"template":"","meta":{"_acf_changed":false},"product_cat":[684,722,482,483],"product_tag":[826],"class_list":{"0":"post-17516","1":"product","2":"type-product","3":"status-publish","4":"has-post-thumbnail","6":"product_cat-animaux-acceptes","7":"product_cat-plantes-hautes","8":"product_cat-plantes-qui-necessitent-peu-de-soins","9":"product_cat-purifie-air","10":"product_tag-meilleures-ventes","11":"product_shipping_class-flora-fr","12":"pa_ambienti-sejour","14":"first","15":"instock","16":"taxable","17":"shipping-taxable","18":"purchasable","19":"product-type-variable","20":"has-default-attributes"},"acf":[],"yoast_head":"<!-- This site is optimized with the Yoast SEO plugin v23.4 - https:\/\/yoast.com\/wordpress\/plugins\/seo\/ -->\n<title>Howea Forsteriana Kentia - Grand palmier purificateur d&#039;air | Kentis<\/title>\n<meta name=\"description\" content=\"Le Howea Forsteriana Kentia est une plante d&#039;int\u00e9rieur haute et \u00e9l\u00e9gante qui n\u00e9cessite peu de soins. Le Kenzia purifie \u00e9galement l&#039;air int\u00e9rieur.\" \/>\n<meta name=\"robots\" content=\"index, follow, max-snippet:-1, max-image-preview:large, max-video-preview:-1\" \/>\n<link rel=\"canonical\" href=\"https:\/\/kentis.com\/fr\/boutique\/howea-forsteriana-kentia\/\" \/>\n<meta property=\"og:locale\" content=\"fr_FR\" \/>\n<meta property=\"og:type\" content=\"article\" \/>\n<meta property=\"og:title\" content=\"Howea Forsteriana Kentia - Grand palmier purificateur d&#039;air | Kentis\" \/>\n<meta property=\"og:description\" content=\"Le Howea Forsteriana Kentia est une plante d&#039;int\u00e9rieur haute et \u00e9l\u00e9gante qui n\u00e9cessite peu de soins. Le Kenzia purifie \u00e9galement l&#039;air int\u00e9rieur.\" \/>\n<meta property=\"og:url\" content=\"https:\/\/kentis.com\/fr\/boutique\/howea-forsteriana-kentia\/\" \/>\n<meta property=\"og:site_name\" content=\"Kentis\" \/>\n<meta property=\"article:publisher\" content=\"https:\/\/www.facebook.com\/kentisgarden\" \/>\n<meta property=\"article:modified_time\" content=\"2024-11-20T11:24:05+00:00\" \/>\n<meta property=\"og:image\" content=\"https:\/\/kentis.com\/wp-content\/uploads\/2021\/08\/PTG-Howea-ForsterianaKenzia-v20-h100-Papaya-1-scaled.jpg\" \/>\n\t<meta property=\"og:image:width\" content=\"2560\" \/>\n\t<meta property=\"og:image:height\" content=\"2560\" \/>\n\t<meta property=\"og:image:type\" content=\"image\/jpeg\" \/>\n<meta name=\"twitter:card\" content=\"summary_large_image\" \/>\n<meta name=\"twitter:label1\" content=\"Dur\u00e9e de lecture estim\u00e9e\" \/>\n\t<meta name=\"twitter:data1\" content=\"1 minute\" \/>\n<script type=\"application\/ld+json\" class=\"yoast-schema-graph\">{\"@context\":\"https:\/\/schema.org\",\"@graph\":[{\"@type\":\"WebPage\",\"@id\":\"https:\/\/kentis.com\/fr\/boutique\/howea-forsteriana-kentia\/\",\"url\":\"https:\/\/kentis.com\/fr\/boutique\/howea-forsteriana-kentia\/\",\"name\":\"Howea Forsteriana Kentia - Grand palmier purificateur d'air | Kentis\",\"isPartOf\":{\"@id\":\"https:\/\/kentis.com\/fr\/#website\"},\"primaryImageOfPage\":{\"@id\":\"https:\/\/kentis.com\/fr\/boutique\/howea-forsteriana-kentia\/#primaryimage\"},\"image\":{\"@id\":\"https:\/\/kentis.com\/fr\/boutique\/howea-forsteriana-kentia\/#primaryimage\"},\"thumbnailUrl\":\"https:\/\/kentis.com\/wp-content\/uploads\/2021\/08\/PTG-Howea-ForsterianaKenzia-v20-h100-Papaya-1-scaled.jpg\",\"datePublished\":\"2021-08-04T13:29:32+00:00\",\"dateModified\":\"2024-11-20T11:24:05+00:00\",\"description\":\"Le Howea Forsteriana Kentia est une plante d'int\u00e9rieur haute et \u00e9l\u00e9gante qui n\u00e9cessite peu de soins. Le Kenzia purifie \u00e9galement l'air int\u00e9rieur.\",\"breadcrumb\":{\"@id\":\"https:\/\/kentis.com\/fr\/boutique\/howea-forsteriana-kentia\/#breadcrumb\"},\"inLanguage\":\"fr-FR\",\"potentialAction\":[{\"@type\":\"ReadAction\",\"target\":[\"https:\/\/kentis.com\/fr\/boutique\/howea-forsteriana-kentia\/\"]}]},{\"@type\":\"ImageObject\",\"inLanguage\":\"fr-FR\",\"@id\":\"https:\/\/kentis.com\/fr\/boutique\/howea-forsteriana-kentia\/#primaryimage\",\"url\":\"https:\/\/kentis.com\/wp-content\/uploads\/2021\/08\/PTG-Howea-ForsterianaKenzia-v20-h100-Papaya-1-scaled.jpg\",\"contentUrl\":\"https:\/\/kentis.com\/wp-content\/uploads\/2021\/08\/PTG-Howea-ForsterianaKenzia-v20-h100-Papaya-1-scaled.jpg\",\"width\":2560,\"height\":2560},{\"@type\":\"BreadcrumbList\",\"@id\":\"https:\/\/kentis.com\/fr\/boutique\/howea-forsteriana-kentia\/#breadcrumb\",\"itemListElement\":[{\"@type\":\"ListItem\",\"position\":1,\"name\":\"Home\",\"item\":\"https:\/\/kentis.com\/fr\/\"},{\"@type\":\"ListItem\",\"position\":2,\"name\":\"Boutique\",\"item\":\"https:\/\/kentis.com\/fr\/boutique\/\"},{\"@type\":\"ListItem\",\"position\":3,\"name\":\"Plantes\",\"item\":\"https:\/\/kentis.com\/fr\/categorie-produit\/plantes\/\"},{\"@type\":\"ListItem\",\"position\":4,\"name\":\"Plantes d'int\u00e9rieur\",\"item\":\"https:\/\/kentis.com\/fr\/categorie-produit\/plantes\/plantes-d-interieur\/\"},{\"@type\":\"ListItem\",\"position\":5,\"name\":\"Plantes hautes\",\"item\":\"https:\/\/kentis.com\/fr\/categorie-produit\/plantes\/plantes-d-interieur\/plantes-hautes\/\"},{\"@type\":\"ListItem\",\"position\":6,\"name\":\"Howea Forsteriana Kentia\"}]},{\"@type\":\"WebSite\",\"@id\":\"https:\/\/kentis.com\/fr\/#website\",\"url\":\"https:\/\/kentis.com\/fr\/\",\"name\":\"Kentis\",\"description\":\"Atelier del verde\",\"publisher\":{\"@id\":\"https:\/\/kentis.com\/fr\/#organization\"},\"potentialAction\":[{\"@type\":\"SearchAction\",\"target\":{\"@type\":\"EntryPoint\",\"urlTemplate\":\"https:\/\/kentis.com\/fr\/?s={search_term_string}\"},\"query-input\":{\"@type\":\"PropertyValueSpecification\",\"valueRequired\":true,\"valueName\":\"search_term_string\"}}],\"inLanguage\":\"fr-FR\"},{\"@type\":\"Organization\",\"@id\":\"https:\/\/kentis.com\/fr\/#organization\",\"name\":\"Kentis\",\"url\":\"https:\/\/kentis.com\/fr\/\",\"logo\":{\"@type\":\"ImageObject\",\"inLanguage\":\"fr-FR\",\"@id\":\"https:\/\/kentis.com\/fr\/#\/schema\/logo\/image\/\",\"url\":\"https:\/\/kentis.com\/wp-content\/uploads\/2021\/08\/logo-main.png\",\"contentUrl\":\"https:\/\/kentis.com\/wp-content\/uploads\/2021\/08\/logo-main.png\",\"width\":800,\"height\":204,\"caption\":\"Kentis\"},\"image\":{\"@id\":\"https:\/\/kentis.com\/fr\/#\/schema\/logo\/image\/\"},\"sameAs\":[\"https:\/\/www.facebook.com\/kentisgarden\",\"https:\/\/www.instagram.com\/kentisgarden\/\",\"https:\/\/it.pinterest.com\/kentisgarden\",\"https:\/\/www.tiktok.com\/@kentis.com\"]}]}<\/script>\n<!-- \/ Yoast SEO plugin. -->","yoast_head_json":{"title":"Howea Forsteriana Kentia - Grand palmier purificateur d'air | Kentis","description":"Le Howea Forsteriana Kentia est une plante d'int\u00e9rieur haute et \u00e9l\u00e9gante qui n\u00e9cessite peu de soins. Le Kenzia purifie \u00e9galement l'air int\u00e9rieur.","robots":{"index":"index","follow":"follow","max-snippet":"max-snippet:-1","max-image-preview":"max-image-preview:large","max-video-preview":"max-video-preview:-1"},"canonical":"https:\/\/kentis.com\/fr\/boutique\/howea-forsteriana-kentia\/","og_locale":"fr_FR","og_type":"article","og_title":"Howea Forsteriana Kentia - Grand palmier purificateur d'air | Kentis","og_description":"Le Howea Forsteriana Kentia est une plante d'int\u00e9rieur haute et \u00e9l\u00e9gante qui n\u00e9cessite peu de soins. Le Kenzia purifie \u00e9galement l'air int\u00e9rieur.","og_url":"https:\/\/kentis.com\/fr\/boutique\/howea-forsteriana-kentia\/","og_site_name":"Kentis","article_publisher":"https:\/\/www.facebook.com\/kentisgarden","article_modified_time":"2024-11-20T11:24:05+00:00","og_image":[{"width":2560,"height":2560,"url":"https:\/\/kentis.com\/wp-content\/uploads\/2021\/08\/PTG-Howea-ForsterianaKenzia-v20-h100-Papaya-1-scaled.jpg","type":"image\/jpeg"}],"twitter_card":"summary_large_image","twitter_misc":{"Dur\u00e9e de lecture estim\u00e9e":"1 minute"},"schema":{"@context":"https:\/\/schema.org","@graph":[{"@type":"WebPage","@id":"https:\/\/kentis.com\/fr\/boutique\/howea-forsteriana-kentia\/","url":"https:\/\/kentis.com\/fr\/boutique\/howea-forsteriana-kentia\/","name":"Howea Forsteriana Kentia - Grand palmier purificateur d'air | Kentis","isPartOf":{"@id":"https:\/\/kentis.com\/fr\/#website"},"primaryImageOfPage":{"@id":"https:\/\/kentis.com\/fr\/boutique\/howea-forsteriana-kentia\/#primaryimage"},"image":{"@id":"https:\/\/kentis.com\/fr\/boutique\/howea-forsteriana-kentia\/#primaryimage"},"thumbnailUrl":"https:\/\/kentis.com\/wp-content\/uploads\/2021\/08\/PTG-Howea-ForsterianaKenzia-v20-h100-Papaya-1-scaled.jpg","datePublished":"2021-08-04T13:29:32+00:00","dateModified":"2024-11-20T11:24:05+00:00","description":"Le Howea Forsteriana Kentia est une plante d'int\u00e9rieur haute et \u00e9l\u00e9gante qui n\u00e9cessite peu de soins. Le Kenzia purifie \u00e9galement l'air int\u00e9rieur.","breadcrumb":{"@id":"https:\/\/kentis.com\/fr\/boutique\/howea-forsteriana-kentia\/#breadcrumb"},"inLanguage":"fr-FR","potentialAction":[{"@type":"ReadAction","target":["https:\/\/kentis.com\/fr\/boutique\/howea-forsteriana-kentia\/"]}]},{"@type":"ImageObject","inLanguage":"fr-FR","@id":"https:\/\/kentis.com\/fr\/boutique\/howea-forsteriana-kentia\/#primaryimage","url":"https:\/\/kentis.com\/wp-content\/uploads\/2021\/08\/PTG-Howea-ForsterianaKenzia-v20-h100-Papaya-1-scaled.jpg","contentUrl":"https:\/\/kentis.com\/wp-content\/uploads\/2021\/08\/PTG-Howea-ForsterianaKenzia-v20-h100-Papaya-1-scaled.jpg","width":2560,"height":2560},{"@type":"BreadcrumbList","@id":"https:\/\/kentis.com\/fr\/boutique\/howea-forsteriana-kentia\/#breadcrumb","itemListElement":[{"@type":"ListItem","position":1,"name":"Home","item":"https:\/\/kentis.com\/fr\/"},{"@type":"ListItem","position":2,"name":"Boutique","item":"https:\/\/kentis.com\/fr\/boutique\/"},{"@type":"ListItem","position":3,"name":"Plantes","item":"https:\/\/kentis.com\/fr\/categorie-produit\/plantes\/"},{"@type":"ListItem","position":4,"name":"Plantes d'int\u00e9rieur","item":"https:\/\/kentis.com\/fr\/categorie-produit\/plantes\/plantes-d-interieur\/"},{"@type":"ListItem","position":5,"name":"Plantes hautes","item":"https:\/\/kentis.com\/fr\/categorie-produit\/plantes\/plantes-d-interieur\/plantes-hautes\/"},{"@type":"ListItem","position":6,"name":"Howea Forsteriana Kentia"}]},{"@type":"WebSite","@id":"https:\/\/kentis.com\/fr\/#website","url":"https:\/\/kentis.com\/fr\/","name":"Kentis","description":"Atelier del verde","publisher":{"@id":"https:\/\/kentis.com\/fr\/#organization"},"potentialAction":[{"@type":"SearchAction","target":{"@type":"EntryPoint","urlTemplate":"https:\/\/kentis.com\/fr\/?s={search_term_string}"},"query-input":{"@type":"PropertyValueSpecification","valueRequired":true,"valueName":"search_term_string"}}],"inLanguage":"fr-FR"},{"@type":"Organization","@id":"https:\/\/kentis.com\/fr\/#organization","name":"Kentis","url":"https:\/\/kentis.com\/fr\/","logo":{"@type":"ImageObject","inLanguage":"fr-FR","@id":"https:\/\/kentis.com\/fr\/#\/schema\/logo\/image\/","url":"https:\/\/kentis.com\/wp-content\/uploads\/2021\/08\/logo-main.png","contentUrl":"https:\/\/kentis.com\/wp-content\/uploads\/2021\/08\/logo-main.png","width":800,"height":204,"caption":"Kentis"},"image":{"@id":"https:\/\/kentis.com\/fr\/#\/schema\/logo\/image\/"},"sameAs":["https:\/\/www.facebook.com\/kentisgarden","https:\/\/www.instagram.com\/kentisgarden\/","https:\/\/it.pinterest.com\/kentisgarden","https:\/\/www.tiktok.com\/@kentis.com"]}]}},"_links":{"self":[{"href":"https:\/\/kentis.com\/fr\/wp-json\/wp\/v2\/product\/17516","targetHints":{"allow":["GET"]}}],"collection":[{"href":"https:\/\/kentis.com\/fr\/wp-json\/wp\/v2\/product"}],"about":[{"href":"https:\/\/kentis.com\/fr\/wp-json\/wp\/v2\/types\/product"}],"wp:featuredmedia":[{"embeddable":true,"href":"https:\/\/kentis.com\/fr\/wp-json\/wp\/v2\/media\/14342"}],"wp:attachment":[{"href":"https:\/\/kentis.com\/fr\/wp-json\/wp\/v2\/media?parent=17516"}],"wp:term":[{"taxonomy":"product_cat","embeddable":true,"href":"https:\/\/kentis.com\/fr\/wp-json\/wp\/v2\/product_cat?post=17516"},{"taxonomy":"product_tag","embeddable":true,"href":"https:\/\/kentis.com\/fr\/wp-json\/wp\/v2\/product_tag?post=17516"}],"curies":[{"name":"wp","href":"https:\/\/api.w.org\/{rel}","templated":true}]}}