{"id":17364,"date":"2021-08-19T08:53:04","date_gmt":"2021-08-19T06:53:04","guid":{"rendered":"https:\/\/kentis.com\/negozio\/bambu-phyllostachys-bissetii\/"},"modified":"2025-03-20T17:58:49","modified_gmt":"2025-03-20T16:58:49","slug":"bambusa-phyllostachys-bissetii-bambou","status":"publish","type":"product","link":"https:\/\/kentis.com\/fr\/boutique\/bambusa-phyllostachys-bissetii-bambou\/","title":{"rendered":"Bambusa Phyllostachys Bissetii &#8211; Bambou"},"content":{"rendered":"<div class=\"fusion-fullwidth fullwidth-box fusion-builder-row-1 fusion-flex-container nonhundred-percent-fullwidth non-hundred-percent-height-scrolling\" style=\"--awb-border-radius-top-left:0px;--awb-border-radius-top-right:0px;--awb-border-radius-bottom-right:0px;--awb-border-radius-bottom-left:0px;--awb-flex-wrap:wrap;\" ><div class=\"fusion-builder-row fusion-row fusion-flex-align-items-flex-start fusion-flex-content-wrap\" style=\"max-width:1248px;margin-left: calc(-4% \/ 2 );margin-right: calc(-4% \/ 2 );\"><div class=\"fusion-layout-column fusion_builder_column fusion-builder-column-0 fusion_builder_column_1_1 1_1 fusion-flex-column\" style=\"--awb-bg-size:cover;--awb-width-large:100%;--awb-margin-top-large:0px;--awb-spacing-right-large:1.92%;--awb-margin-bottom-large:0px;--awb-spacing-left-large:1.92%;--awb-width-medium:100%;--awb-spacing-right-medium:1.92%;--awb-spacing-left-medium:1.92%;--awb-width-small:100%;--awb-spacing-right-small:1.92%;--awb-spacing-left-small:1.92%;\"><div class=\"fusion-column-wrapper fusion-flex-justify-content-flex-start fusion-content-layout-column\"><div class=\"fusion-text fusion-text-1\"><p>Bambusa Phyllostachys bissetii est une plante d&#8217;origine orientale, caract\u00e9ris\u00e9e par d&#8217;\u00e9l\u00e9gantes tiges vertes d&#8217;un diam\u00e8tre d&#8217;environ 3 cm et des feuilles \u00e9troites et lanc\u00e9ol\u00e9es d&#8217;environ 12-15 cm de long. Cette plante de bambou est id\u00e9ale pour cr\u00e9er des haies denses et d\u00e9coratives, offrant une excellente barri\u00e8re naturelle. Il se pr\u00eate \u00e9galement parfaitement \u00e0 la culture en pot en exemplaire unique, ajoutant une touche orientale aux jardins, terrasses et balcons.<\/p>\n<p>La hauteur de la plante depuis la base du pot est de 150\/175 cm<\/p>\n<p>Attention : A la fin de l&#8217;hiver et au d\u00e9but du printemps les feuilles ont tendance \u00e0 se dess\u00e9cher puis \u00e0 tomber et \u00e0 \u00eatre remplac\u00e9es par de nouvelles. Ce n&#8217;est pas un d\u00e9faut de la plante, c&#8217;est simplement son cycle naturel&#8230; vous verrez qu&#8217;au printemps elle retrouvera sa splendeur maximale !<\/p>\n<\/div><\/div><\/div><\/div><\/div>\n","protected":false},"excerpt":{"rendered":"","protected":false},"featured_media":15104,"template":"","meta":{"_acf_changed":false},"product_cat":[523],"product_tag":[450],"class_list":{"0":"post-17364","1":"product","2":"type-product","3":"status-publish","4":"has-post-thumbnail","6":"product_cat-plantes-de-haie","7":"product_tag-nouveaute","8":"product_shipping_class-evergreen-fr","10":"first","11":"instock","12":"taxable","13":"shipping-taxable","14":"purchasable","15":"product-type-simple"},"acf":[],"yoast_head":"<!-- This site is optimized with the Yoast SEO plugin v23.4 - https:\/\/yoast.com\/wordpress\/plugins\/seo\/ -->\n<title>Bambusa Phyllostachys Bissetii - Bambou | Kentis<\/title>\n<meta name=\"description\" content=\"Bambusa Phyllostachys Bissetii est une excellente barri\u00e8re d\u00e9corative \u00e0 croissance rapide, avec un beau feuillage vert fonc\u00e9.\" \/>\n<meta name=\"robots\" content=\"index, follow, max-snippet:-1, max-image-preview:large, max-video-preview:-1\" \/>\n<link rel=\"canonical\" href=\"https:\/\/kentis.com\/fr\/boutique\/bambusa-phyllostachys-bissetii-bambou\/\" \/>\n<meta property=\"og:locale\" content=\"fr_FR\" \/>\n<meta property=\"og:type\" content=\"article\" \/>\n<meta property=\"og:title\" content=\"Bambusa Phyllostachys Bissetii - Bambou | Kentis\" \/>\n<meta property=\"og:description\" content=\"Bambusa Phyllostachys Bissetii est une excellente barri\u00e8re d\u00e9corative \u00e0 croissance rapide, avec un beau feuillage vert fonc\u00e9.\" \/>\n<meta property=\"og:url\" content=\"https:\/\/kentis.com\/fr\/boutique\/bambusa-phyllostachys-bissetii-bambou\/\" \/>\n<meta property=\"og:site_name\" content=\"Kentis\" \/>\n<meta property=\"article:publisher\" content=\"https:\/\/www.facebook.com\/kentisgarden\" \/>\n<meta property=\"article:modified_time\" content=\"2025-03-20T16:58:49+00:00\" \/>\n<meta property=\"og:image\" content=\"https:\/\/kentis.com\/wp-content\/uploads\/2021\/08\/bambusa-bissetii.jpg\" \/>\n\t<meta property=\"og:image:width\" content=\"1000\" \/>\n\t<meta property=\"og:image:height\" content=\"1000\" \/>\n\t<meta property=\"og:image:type\" content=\"image\/jpeg\" \/>\n<meta name=\"twitter:card\" content=\"summary_large_image\" \/>\n<meta name=\"twitter:label1\" content=\"Dur\u00e9e de lecture estim\u00e9e\" \/>\n\t<meta name=\"twitter:data1\" content=\"1 minute\" \/>\n<script type=\"application\/ld+json\" class=\"yoast-schema-graph\">{\"@context\":\"https:\/\/schema.org\",\"@graph\":[{\"@type\":\"WebPage\",\"@id\":\"https:\/\/kentis.com\/fr\/boutique\/bambusa-phyllostachys-bissetii-bambou\/\",\"url\":\"https:\/\/kentis.com\/fr\/boutique\/bambusa-phyllostachys-bissetii-bambou\/\",\"name\":\"Bambusa Phyllostachys Bissetii - Bambou | Kentis\",\"isPartOf\":{\"@id\":\"https:\/\/kentis.com\/fr\/#website\"},\"primaryImageOfPage\":{\"@id\":\"https:\/\/kentis.com\/fr\/boutique\/bambusa-phyllostachys-bissetii-bambou\/#primaryimage\"},\"image\":{\"@id\":\"https:\/\/kentis.com\/fr\/boutique\/bambusa-phyllostachys-bissetii-bambou\/#primaryimage\"},\"thumbnailUrl\":\"https:\/\/kentis.com\/wp-content\/uploads\/2021\/08\/bambusa-bissetii.jpg\",\"datePublished\":\"2021-08-19T06:53:04+00:00\",\"dateModified\":\"2025-03-20T16:58:49+00:00\",\"description\":\"Bambusa Phyllostachys Bissetii est une excellente barri\u00e8re d\u00e9corative \u00e0 croissance rapide, avec un beau feuillage vert fonc\u00e9.\",\"breadcrumb\":{\"@id\":\"https:\/\/kentis.com\/fr\/boutique\/bambusa-phyllostachys-bissetii-bambou\/#breadcrumb\"},\"inLanguage\":\"fr-FR\",\"potentialAction\":[{\"@type\":\"ReadAction\",\"target\":[\"https:\/\/kentis.com\/fr\/boutique\/bambusa-phyllostachys-bissetii-bambou\/\"]}]},{\"@type\":\"ImageObject\",\"inLanguage\":\"fr-FR\",\"@id\":\"https:\/\/kentis.com\/fr\/boutique\/bambusa-phyllostachys-bissetii-bambou\/#primaryimage\",\"url\":\"https:\/\/kentis.com\/wp-content\/uploads\/2021\/08\/bambusa-bissetii.jpg\",\"contentUrl\":\"https:\/\/kentis.com\/wp-content\/uploads\/2021\/08\/bambusa-bissetii.jpg\",\"width\":1000,\"height\":1000},{\"@type\":\"BreadcrumbList\",\"@id\":\"https:\/\/kentis.com\/fr\/boutique\/bambusa-phyllostachys-bissetii-bambou\/#breadcrumb\",\"itemListElement\":[{\"@type\":\"ListItem\",\"position\":1,\"name\":\"Home\",\"item\":\"https:\/\/kentis.com\/fr\/\"},{\"@type\":\"ListItem\",\"position\":2,\"name\":\"Boutique\",\"item\":\"https:\/\/kentis.com\/fr\/boutique\/\"},{\"@type\":\"ListItem\",\"position\":3,\"name\":\"Plantes\",\"item\":\"https:\/\/kentis.com\/fr\/categorie-produit\/plantes\/\"},{\"@type\":\"ListItem\",\"position\":4,\"name\":\"Plantes d'ext\u00e9rieur\",\"item\":\"https:\/\/kentis.com\/fr\/categorie-produit\/plantes\/plantes-d-exterieur\/\"},{\"@type\":\"ListItem\",\"position\":5,\"name\":\"Plantes de haie\",\"item\":\"https:\/\/kentis.com\/fr\/categorie-produit\/plantes\/plantes-d-exterieur\/plantes-de-haie\/\"},{\"@type\":\"ListItem\",\"position\":6,\"name\":\"Bambusa Phyllostachys Bissetii &#8211; Bambou\"}]},{\"@type\":\"WebSite\",\"@id\":\"https:\/\/kentis.com\/fr\/#website\",\"url\":\"https:\/\/kentis.com\/fr\/\",\"name\":\"Kentis\",\"description\":\"Atelier del verde\",\"publisher\":{\"@id\":\"https:\/\/kentis.com\/fr\/#organization\"},\"potentialAction\":[{\"@type\":\"SearchAction\",\"target\":{\"@type\":\"EntryPoint\",\"urlTemplate\":\"https:\/\/kentis.com\/fr\/?s={search_term_string}\"},\"query-input\":{\"@type\":\"PropertyValueSpecification\",\"valueRequired\":true,\"valueName\":\"search_term_string\"}}],\"inLanguage\":\"fr-FR\"},{\"@type\":\"Organization\",\"@id\":\"https:\/\/kentis.com\/fr\/#organization\",\"name\":\"Kentis\",\"url\":\"https:\/\/kentis.com\/fr\/\",\"logo\":{\"@type\":\"ImageObject\",\"inLanguage\":\"fr-FR\",\"@id\":\"https:\/\/kentis.com\/fr\/#\/schema\/logo\/image\/\",\"url\":\"https:\/\/kentis.com\/wp-content\/uploads\/2021\/08\/logo-main.png\",\"contentUrl\":\"https:\/\/kentis.com\/wp-content\/uploads\/2021\/08\/logo-main.png\",\"width\":800,\"height\":204,\"caption\":\"Kentis\"},\"image\":{\"@id\":\"https:\/\/kentis.com\/fr\/#\/schema\/logo\/image\/\"},\"sameAs\":[\"https:\/\/www.facebook.com\/kentisgarden\",\"https:\/\/www.instagram.com\/kentisgarden\/\",\"https:\/\/it.pinterest.com\/kentisgarden\",\"https:\/\/www.tiktok.com\/@kentis.com\"]}]}<\/script>\n<!-- \/ Yoast SEO plugin. -->","yoast_head_json":{"title":"Bambusa Phyllostachys Bissetii - Bambou | Kentis","description":"Bambusa Phyllostachys Bissetii est une excellente barri\u00e8re d\u00e9corative \u00e0 croissance rapide, avec un beau feuillage vert fonc\u00e9.","robots":{"index":"index","follow":"follow","max-snippet":"max-snippet:-1","max-image-preview":"max-image-preview:large","max-video-preview":"max-video-preview:-1"},"canonical":"https:\/\/kentis.com\/fr\/boutique\/bambusa-phyllostachys-bissetii-bambou\/","og_locale":"fr_FR","og_type":"article","og_title":"Bambusa Phyllostachys Bissetii - Bambou | Kentis","og_description":"Bambusa Phyllostachys Bissetii est une excellente barri\u00e8re d\u00e9corative \u00e0 croissance rapide, avec un beau feuillage vert fonc\u00e9.","og_url":"https:\/\/kentis.com\/fr\/boutique\/bambusa-phyllostachys-bissetii-bambou\/","og_site_name":"Kentis","article_publisher":"https:\/\/www.facebook.com\/kentisgarden","article_modified_time":"2025-03-20T16:58:49+00:00","og_image":[{"width":1000,"height":1000,"url":"https:\/\/kentis.com\/wp-content\/uploads\/2021\/08\/bambusa-bissetii.jpg","type":"image\/jpeg"}],"twitter_card":"summary_large_image","twitter_misc":{"Dur\u00e9e de lecture estim\u00e9e":"1 minute"},"schema":{"@context":"https:\/\/schema.org","@graph":[{"@type":"WebPage","@id":"https:\/\/kentis.com\/fr\/boutique\/bambusa-phyllostachys-bissetii-bambou\/","url":"https:\/\/kentis.com\/fr\/boutique\/bambusa-phyllostachys-bissetii-bambou\/","name":"Bambusa Phyllostachys Bissetii - Bambou | Kentis","isPartOf":{"@id":"https:\/\/kentis.com\/fr\/#website"},"primaryImageOfPage":{"@id":"https:\/\/kentis.com\/fr\/boutique\/bambusa-phyllostachys-bissetii-bambou\/#primaryimage"},"image":{"@id":"https:\/\/kentis.com\/fr\/boutique\/bambusa-phyllostachys-bissetii-bambou\/#primaryimage"},"thumbnailUrl":"https:\/\/kentis.com\/wp-content\/uploads\/2021\/08\/bambusa-bissetii.jpg","datePublished":"2021-08-19T06:53:04+00:00","dateModified":"2025-03-20T16:58:49+00:00","description":"Bambusa Phyllostachys Bissetii est une excellente barri\u00e8re d\u00e9corative \u00e0 croissance rapide, avec un beau feuillage vert fonc\u00e9.","breadcrumb":{"@id":"https:\/\/kentis.com\/fr\/boutique\/bambusa-phyllostachys-bissetii-bambou\/#breadcrumb"},"inLanguage":"fr-FR","potentialAction":[{"@type":"ReadAction","target":["https:\/\/kentis.com\/fr\/boutique\/bambusa-phyllostachys-bissetii-bambou\/"]}]},{"@type":"ImageObject","inLanguage":"fr-FR","@id":"https:\/\/kentis.com\/fr\/boutique\/bambusa-phyllostachys-bissetii-bambou\/#primaryimage","url":"https:\/\/kentis.com\/wp-content\/uploads\/2021\/08\/bambusa-bissetii.jpg","contentUrl":"https:\/\/kentis.com\/wp-content\/uploads\/2021\/08\/bambusa-bissetii.jpg","width":1000,"height":1000},{"@type":"BreadcrumbList","@id":"https:\/\/kentis.com\/fr\/boutique\/bambusa-phyllostachys-bissetii-bambou\/#breadcrumb","itemListElement":[{"@type":"ListItem","position":1,"name":"Home","item":"https:\/\/kentis.com\/fr\/"},{"@type":"ListItem","position":2,"name":"Boutique","item":"https:\/\/kentis.com\/fr\/boutique\/"},{"@type":"ListItem","position":3,"name":"Plantes","item":"https:\/\/kentis.com\/fr\/categorie-produit\/plantes\/"},{"@type":"ListItem","position":4,"name":"Plantes d'ext\u00e9rieur","item":"https:\/\/kentis.com\/fr\/categorie-produit\/plantes\/plantes-d-exterieur\/"},{"@type":"ListItem","position":5,"name":"Plantes de haie","item":"https:\/\/kentis.com\/fr\/categorie-produit\/plantes\/plantes-d-exterieur\/plantes-de-haie\/"},{"@type":"ListItem","position":6,"name":"Bambusa Phyllostachys Bissetii &#8211; Bambou"}]},{"@type":"WebSite","@id":"https:\/\/kentis.com\/fr\/#website","url":"https:\/\/kentis.com\/fr\/","name":"Kentis","description":"Atelier del verde","publisher":{"@id":"https:\/\/kentis.com\/fr\/#organization"},"potentialAction":[{"@type":"SearchAction","target":{"@type":"EntryPoint","urlTemplate":"https:\/\/kentis.com\/fr\/?s={search_term_string}"},"query-input":{"@type":"PropertyValueSpecification","valueRequired":true,"valueName":"search_term_string"}}],"inLanguage":"fr-FR"},{"@type":"Organization","@id":"https:\/\/kentis.com\/fr\/#organization","name":"Kentis","url":"https:\/\/kentis.com\/fr\/","logo":{"@type":"ImageObject","inLanguage":"fr-FR","@id":"https:\/\/kentis.com\/fr\/#\/schema\/logo\/image\/","url":"https:\/\/kentis.com\/wp-content\/uploads\/2021\/08\/logo-main.png","contentUrl":"https:\/\/kentis.com\/wp-content\/uploads\/2021\/08\/logo-main.png","width":800,"height":204,"caption":"Kentis"},"image":{"@id":"https:\/\/kentis.com\/fr\/#\/schema\/logo\/image\/"},"sameAs":["https:\/\/www.facebook.com\/kentisgarden","https:\/\/www.instagram.com\/kentisgarden\/","https:\/\/it.pinterest.com\/kentisgarden","https:\/\/www.tiktok.com\/@kentis.com"]}]}},"_links":{"self":[{"href":"https:\/\/kentis.com\/fr\/wp-json\/wp\/v2\/product\/17364","targetHints":{"allow":["GET"]}}],"collection":[{"href":"https:\/\/kentis.com\/fr\/wp-json\/wp\/v2\/product"}],"about":[{"href":"https:\/\/kentis.com\/fr\/wp-json\/wp\/v2\/types\/product"}],"wp:featuredmedia":[{"embeddable":true,"href":"https:\/\/kentis.com\/fr\/wp-json\/wp\/v2\/media\/15104"}],"wp:attachment":[{"href":"https:\/\/kentis.com\/fr\/wp-json\/wp\/v2\/media?parent=17364"}],"wp:term":[{"taxonomy":"product_cat","embeddable":true,"href":"https:\/\/kentis.com\/fr\/wp-json\/wp\/v2\/product_cat?post=17364"},{"taxonomy":"product_tag","embeddable":true,"href":"https:\/\/kentis.com\/fr\/wp-json\/wp\/v2\/product_tag?post=17364"}],"curies":[{"name":"wp","href":"https:\/\/api.w.org\/{rel}","templated":true}]}}